{"id":176193,"date":"2021-11-02T16:58:54","date_gmt":"2021-11-02T15:58:54","guid":{"rendered":"https:\/\/miomiorun.com\/prodotto\/uyn-exceleration-shirt-long-sleeve-zip-donna\/"},"modified":"2026-05-08T21:19:28","modified_gmt":"2026-05-08T19:19:28","slug":"exceleration-shirt-long-sleeve-zip-damen","status":"publish","type":"product","link":"https:\/\/www.miomiorun.com\/de\/produkt\/exceleration-shirt-long-sleeve-zip-damen\/","title":{"rendered":"Exceleration Shirt Long Sleeve Zip damen"},"content":{"rendered":"<p id=\"tw-target-text\" class=\"tw-data-text tw-text-large XcVN5d tw-ta\" dir=\"ltr\" data-placeholder=\"Traduzione\"><span class=\"Y2IQFc\" lang=\"it\"><strong>EXCELERATION LONGSLEEVE ZIP<\/strong> f\u00fcr Damen ist ein Thermotrikot, das speziell f\u00fcr die Bed\u00fcrfnisse von L\u00e4uferinnen in der \u00dcbergangszeit zwischen Herbst und Winter entwickelt wurde, wenn die Temperaturen zu kalt f\u00fcr ein Sommertrikot werden. <\/span><\/p>\n<p dir=\"ltr\" data-placeholder=\"Traduzione\"><strong>Eigenschaften:<\/strong><\/p>\n<ul>\n<li dir=\"ltr\" data-placeholder=\"Traduzione\"><span class=\"Y2IQFc\" lang=\"it\">Seine Struktur ist komplex und in jedem Millimeter des Gewebes optimiert.<\/span><\/li>\n<li dir=\"ltr\" data-placeholder=\"Traduzione\"><span class=\"Y2IQFc\" lang=\"it\">Die sanft geb\u00fcrstete Innenseite garantiert ein \u00fcberragendes Komfortgef\u00fchl.<\/span><\/li>\n<li dir=\"ltr\" data-placeholder=\"Traduzione\"><span class=\"Y2IQFc\" lang=\"it\">Im Brust- und R\u00fcckenbereich transportiert die neue Terry Aircell Technologie den Schwei\u00df nach au\u00dfen und bildet eine isolierende Schicht. <\/span><\/li>\n<li dir=\"ltr\" data-placeholder=\"Traduzione\"><span class=\"Y2IQFc\" lang=\"it\">Auf diese Weise wird der K\u00f6rper dabei unterst\u00fctzt, seine ideale Temperatur beim Laufen zu halten. <\/span><\/li>\n<li dir=\"ltr\" data-placeholder=\"Traduzione\"><span class=\"Y2IQFc\" lang=\"it\">Flexy Ribs im Schulterbereich erh\u00f6hen die Anpassungsf\u00e4higkeit des Stoffes an Armbewegungen und wirken als Abstandshalter: Wenn Sie eine Jacke tragen, schaffen sie einen Raum zwischen den beiden Stoffen, damit die Luft zirkulieren kann. <\/span><\/li>\n<li dir=\"ltr\" data-placeholder=\"Traduzione\"><span class=\"Y2IQFc\" lang=\"it\">Das Exceleration Langarmtrikot mit Rei\u00dfverschluss von UYN hat eine normale Passform, die sich dem K\u00f6rper anpasst, ohne einzuengen. <\/span><\/li>\n<li dir=\"ltr\" data-placeholder=\"Traduzione\"><span class=\"Y2IQFc\" lang=\"it\">Die Version mit halbem Rei\u00dfverschluss ist so konzipiert, dass sie bei unsicherem Wetter in Kombination mit technischer Unterw\u00e4sche oder einer Laufjacke getragen werden kann. <\/span><\/li>\n<li dir=\"ltr\" data-placeholder=\"Traduzione\"><span class=\"Y2IQFc\" lang=\"it\">Terry Aircell: Fortschrittliche W\u00e4rmeregulierung. <\/span><\/li>\n<li dir=\"ltr\" data-placeholder=\"Traduzione\"><span class=\"Y2IQFc\" lang=\"it\">Die Terry Aircell-Technologie ist der neue Standard f\u00fcr die Thermoregulierung bei Sportbekleidung.<\/span><\/li>\n<li dir=\"ltr\" data-placeholder=\"Traduzione\"><span class=\"Y2IQFc\" lang=\"it\">Die Gewebestruktur hat die F\u00e4higkeit, Luft in Mikroklimazellen zu halten, die eine zus\u00e4tzliche Isolierschicht gegen K\u00e4lte bilden.<\/span><\/li>\n<li dir=\"ltr\" data-placeholder=\"Traduzione\"><span class=\"Y2IQFc\" lang=\"it\">Durch die Kombination der Fasern wird \u00fcbersch\u00fcssiger Schwei\u00df schnell nach au\u00dfen transportiert. Flexy Ribs: Parallele dreidimensionale Strukturen erh\u00f6hen die F\u00e4higkeit des Gewebes, sich zu dehnen und in seine urspr\u00fcngliche Form zur\u00fcckzukehren, um eine optimale Passform zu gew\u00e4hrleisten. <\/span><\/li>\n<li dir=\"ltr\" data-placeholder=\"Traduzione\"><span class=\"Y2IQFc\" lang=\"it\">Sie dienen auch als Abstandshalter, wenn eine zus\u00e4tzliche Schicht getragen wird, und erleichtern die Luftzirkulation zwischen den beiden Schichten. <\/span><\/li>\n<li dir=\"ltr\" data-placeholder=\"Traduzione\"><span class=\"Y2IQFc\" lang=\"it\">Ergonomischer hoher Kragen mit halbem Rei\u00dfverschluss \u00c4rmelb\u00fcndchen mit Daumenl\u00f6chern.<\/span><\/li>\n<li dir=\"ltr\" data-placeholder=\"Traduzione\"><span class=\"Y2IQFc\" lang=\"it\">Elastischer, selbstregulierender Saum.<\/span><\/li>\n<li dir=\"ltr\" data-placeholder=\"Traduzione\"><span class=\"Y2IQFc\" lang=\"it\">Reflektierende Logos auf \u00c4rmel und R\u00fccken f\u00fcr bessere Sichtbarkeit und Sicherheit beim Laufen bei schlechten Lichtverh\u00e4ltnissen.<\/span><\/li>\n<\/ul>\n","protected":false},"excerpt":{"rendered":"<p>EXCELERATION LONGSLEEVE ZIP f\u00fcr Damen ist ein Thermotrikot, das speziell f\u00fcr die Bed\u00fcrfnisse von L\u00e4uferinnen in der \u00dcbergangszeit zwischen Herbst und Winter entwickelt wurde, wenn die Temperaturen zu kalt f\u00fcr ein Sommertrikot werden. Eigenschaften: Seine Struktur ist komplex und in jedem Millimeter des Gewebes optimiert. Die sanft geb\u00fcrstete Innenseite garantiert ein \u00fcberragendes Komfortgef\u00fchl. Im Brust- &hellip; <a href=\"https:\/\/www.miomiorun.com\/de\/produkt\/exceleration-shirt-long-sleeve-zip-damen\/\">Continued<\/a><\/p>\n","protected":false},"featured_media":59468,"template":"","meta":{"_acf_changed":false,"inline_featured_image":false},"product_brand":[],"product_cat":[6400,6401,6486],"product_tag":[6315,6291],"class_list":{"0":"post-176193","1":"product","2":"type-product","3":"status-publish","4":"has-post-thumbnail","6":"product_cat-damen","7":"product_cat-damenbekleidung","8":"product_cat-damenlangarmshirts","9":"product_tag-uyn-de","10":"product_tag-uyn-damen-de","11":"pa_attivita-gehen","12":"pa_attivita-running-de","13":"pa_colore-exceleraton-shirt-long-sl-zip-up-w-black-de","14":"pa_marca-uyn-de","15":"pa_sesso-damen","16":"pa_size-medium-de","17":"pa_size-large-de","19":"first","20":"instock","21":"sale","22":"taxable","23":"shipping-taxable","24":"purchasable","25":"product-type-variable","26":"wvs-archive-product-wrapper"},"acf":[],"yoast_head":"<!-- This site is optimized with the Yoast SEO plugin v26.8 - https:\/\/yoast.com\/product\/yoast-seo-wordpress\/ -->\n<title>Uyn Exceleration Shirt Long Sleeve Zip damen - Jersey-Lauf - MioMioRun<\/title>\n<meta name=\"description\" content=\"EXCELERATION LONGSLEEVE ZIP f\u00fcr Frauen ist ein Thermotrikot, das speziell f\u00fcr die Bed\u00fcrfnisse von L\u00e4uferinnen in der \u00dcbergangszeit entwickelt wurde.\" \/>\n<meta name=\"robots\" content=\"index, follow, max-snippet:-1, max-image-preview:large, max-video-preview:-1\" \/>\n<link rel=\"canonical\" href=\"https:\/\/www.miomiorun.com\/de\/produkt\/exceleration-shirt-long-sleeve-zip-damen\/\" \/>\n<meta property=\"og:locale\" content=\"de_DE\" \/>\n<meta property=\"og:type\" content=\"article\" \/>\n<meta property=\"og:title\" content=\"Uyn Exceleration Shirt Long Sleeve Zip damen - Jersey-Lauf - MioMioRun\" \/>\n<meta property=\"og:description\" content=\"EXCELERATION LONGSLEEVE ZIP f\u00fcr Frauen ist ein Thermotrikot, das speziell f\u00fcr die Bed\u00fcrfnisse von L\u00e4uferinnen in der \u00dcbergangszeit entwickelt wurde.\" \/>\n<meta property=\"og:url\" content=\"https:\/\/www.miomiorun.com\/de\/produkt\/exceleration-shirt-long-sleeve-zip-damen\/\" \/>\n<meta property=\"og:site_name\" content=\"MioMioRun\" \/>\n<meta property=\"article:publisher\" content=\"https:\/\/www.facebook.com\/miomiorun\/\" \/>\n<meta property=\"article:modified_time\" content=\"2026-05-08T19:19:28+00:00\" \/>\n<meta property=\"og:image\" content=\"https:\/\/www.miomiorun.com\/app\/uploads\/2021\/11\/uyn-exceleraton-shirt-long-sl.zip-up-O102124-93B646.jpg\" \/>\n\t<meta property=\"og:image:width\" content=\"600\" \/>\n\t<meta property=\"og:image:height\" content=\"600\" \/>\n\t<meta property=\"og:image:type\" content=\"image\/jpeg\" \/>\n<meta name=\"twitter:card\" content=\"summary_large_image\" \/>\n<meta name=\"twitter:label1\" content=\"Est. reading time\" \/>\n\t<meta name=\"twitter:data1\" content=\"2 minutes\" \/>\n<script type=\"application\/ld+json\" class=\"yoast-schema-graph\">{\"@context\":\"https:\/\/schema.org\",\"@graph\":[{\"@type\":\"WebPage\",\"@id\":\"https:\/\/www.miomiorun.com\/de\/produkt\/exceleration-shirt-long-sleeve-zip-damen\/\",\"url\":\"https:\/\/www.miomiorun.com\/de\/produkt\/exceleration-shirt-long-sleeve-zip-damen\/\",\"name\":\"Uyn Exceleration Shirt Long Sleeve Zip damen - Jersey-Lauf - MioMioRun\",\"isPartOf\":{\"@id\":\"https:\/\/www.miomiorun.com\/de\/#website\"},\"primaryImageOfPage\":{\"@id\":\"https:\/\/www.miomiorun.com\/de\/produkt\/exceleration-shirt-long-sleeve-zip-damen\/#primaryimage\"},\"image\":{\"@id\":\"https:\/\/www.miomiorun.com\/de\/produkt\/exceleration-shirt-long-sleeve-zip-damen\/#primaryimage\"},\"thumbnailUrl\":\"https:\/\/www.miomiorun.com\/app\/uploads\/2021\/11\/uyn-exceleraton-shirt-long-sl.zip-up-O102124-93B646.jpg\",\"datePublished\":\"2021-11-02T15:58:54+00:00\",\"dateModified\":\"2026-05-08T19:19:28+00:00\",\"description\":\"EXCELERATION LONGSLEEVE ZIP f\u00fcr Frauen ist ein Thermotrikot, das speziell f\u00fcr die Bed\u00fcrfnisse von L\u00e4uferinnen in der \u00dcbergangszeit entwickelt wurde.\",\"breadcrumb\":{\"@id\":\"https:\/\/www.miomiorun.com\/de\/produkt\/exceleration-shirt-long-sleeve-zip-damen\/#breadcrumb\"},\"inLanguage\":\"de-DE\",\"potentialAction\":[{\"@type\":\"ReadAction\",\"target\":[\"https:\/\/www.miomiorun.com\/de\/produkt\/exceleration-shirt-long-sleeve-zip-damen\/\"]}]},{\"@type\":\"ImageObject\",\"inLanguage\":\"de-DE\",\"@id\":\"https:\/\/www.miomiorun.com\/de\/produkt\/exceleration-shirt-long-sleeve-zip-damen\/#primaryimage\",\"url\":\"https:\/\/www.miomiorun.com\/app\/uploads\/2021\/11\/uyn-exceleraton-shirt-long-sl.zip-up-O102124-93B646.jpg\",\"contentUrl\":\"https:\/\/www.miomiorun.com\/app\/uploads\/2021\/11\/uyn-exceleraton-shirt-long-sl.zip-up-O102124-93B646.jpg\",\"width\":600,\"height\":600,\"caption\":\"uyn exceleration shirt long sl.zip up\"},{\"@type\":\"BreadcrumbList\",\"@id\":\"https:\/\/www.miomiorun.com\/de\/produkt\/exceleration-shirt-long-sleeve-zip-damen\/#breadcrumb\",\"itemListElement\":[{\"@type\":\"ListItem\",\"position\":1,\"name\":\"Home\",\"item\":\"https:\/\/www.miomiorun.com\/de\/\"},{\"@type\":\"ListItem\",\"position\":2,\"name\":\"Shop\",\"item\":\"https:\/\/www.miomiorun.com\/shop\/\"},{\"@type\":\"ListItem\",\"position\":3,\"name\":\"Exceleration Shirt Long Sleeve Zip damen\"}]},{\"@type\":\"WebSite\",\"@id\":\"https:\/\/www.miomiorun.com\/de\/#website\",\"url\":\"https:\/\/www.miomiorun.com\/de\/\",\"name\":\"MioMioRun\",\"description\":\"100% Lauf- und Trailshop\",\"publisher\":{\"@id\":\"https:\/\/www.miomiorun.com\/de\/#organization\"},\"potentialAction\":[{\"@type\":\"SearchAction\",\"target\":{\"@type\":\"EntryPoint\",\"urlTemplate\":\"https:\/\/www.miomiorun.com\/de\/?s={search_term_string}\"},\"query-input\":{\"@type\":\"PropertyValueSpecification\",\"valueRequired\":true,\"valueName\":\"search_term_string\"}}],\"inLanguage\":\"de-DE\"},{\"@type\":\"Organization\",\"@id\":\"https:\/\/www.miomiorun.com\/de\/#organization\",\"name\":\"MioMio Run\",\"url\":\"https:\/\/www.miomiorun.com\/de\/\",\"logo\":{\"@type\":\"ImageObject\",\"inLanguage\":\"de-DE\",\"@id\":\"https:\/\/www.miomiorun.com\/de\/#\/schema\/logo\/image\/\",\"url\":\"https:\/\/www.miomiorun.com\/app\/uploads\/2019\/12\/logomio.png\",\"contentUrl\":\"https:\/\/www.miomiorun.com\/app\/uploads\/2019\/12\/logomio.png\",\"width\":115,\"height\":82,\"caption\":\"MioMio Run\"},\"image\":{\"@id\":\"https:\/\/www.miomiorun.com\/de\/#\/schema\/logo\/image\/\"},\"sameAs\":[\"https:\/\/www.facebook.com\/miomiorun\/\",\"https:\/\/www.instagram.com\/miomiorun\/\"]}]}<\/script>\n<!-- \/ Yoast SEO plugin. -->","yoast_head_json":{"title":"Uyn Exceleration Shirt Long Sleeve Zip damen - Jersey-Lauf - MioMioRun","description":"EXCELERATION LONGSLEEVE ZIP f\u00fcr Frauen ist ein Thermotrikot, das speziell f\u00fcr die Bed\u00fcrfnisse von L\u00e4uferinnen in der \u00dcbergangszeit entwickelt wurde.","robots":{"index":"index","follow":"follow","max-snippet":"max-snippet:-1","max-image-preview":"max-image-preview:large","max-video-preview":"max-video-preview:-1"},"canonical":"https:\/\/www.miomiorun.com\/de\/produkt\/exceleration-shirt-long-sleeve-zip-damen\/","og_locale":"de_DE","og_type":"article","og_title":"Uyn Exceleration Shirt Long Sleeve Zip damen - Jersey-Lauf - MioMioRun","og_description":"EXCELERATION LONGSLEEVE ZIP f\u00fcr Frauen ist ein Thermotrikot, das speziell f\u00fcr die Bed\u00fcrfnisse von L\u00e4uferinnen in der \u00dcbergangszeit entwickelt wurde.","og_url":"https:\/\/www.miomiorun.com\/de\/produkt\/exceleration-shirt-long-sleeve-zip-damen\/","og_site_name":"MioMioRun","article_publisher":"https:\/\/www.facebook.com\/miomiorun\/","article_modified_time":"2026-05-08T19:19:28+00:00","og_image":[{"width":600,"height":600,"url":"https:\/\/www.miomiorun.com\/app\/uploads\/2021\/11\/uyn-exceleraton-shirt-long-sl.zip-up-O102124-93B646.jpg","type":"image\/jpeg"}],"twitter_card":"summary_large_image","twitter_misc":{"Est. reading time":"2 minutes"},"schema":{"@context":"https:\/\/schema.org","@graph":[{"@type":"WebPage","@id":"https:\/\/www.miomiorun.com\/de\/produkt\/exceleration-shirt-long-sleeve-zip-damen\/","url":"https:\/\/www.miomiorun.com\/de\/produkt\/exceleration-shirt-long-sleeve-zip-damen\/","name":"Uyn Exceleration Shirt Long Sleeve Zip damen - Jersey-Lauf - MioMioRun","isPartOf":{"@id":"https:\/\/www.miomiorun.com\/de\/#website"},"primaryImageOfPage":{"@id":"https:\/\/www.miomiorun.com\/de\/produkt\/exceleration-shirt-long-sleeve-zip-damen\/#primaryimage"},"image":{"@id":"https:\/\/www.miomiorun.com\/de\/produkt\/exceleration-shirt-long-sleeve-zip-damen\/#primaryimage"},"thumbnailUrl":"https:\/\/www.miomiorun.com\/app\/uploads\/2021\/11\/uyn-exceleraton-shirt-long-sl.zip-up-O102124-93B646.jpg","datePublished":"2021-11-02T15:58:54+00:00","dateModified":"2026-05-08T19:19:28+00:00","description":"EXCELERATION LONGSLEEVE ZIP f\u00fcr Frauen ist ein Thermotrikot, das speziell f\u00fcr die Bed\u00fcrfnisse von L\u00e4uferinnen in der \u00dcbergangszeit entwickelt wurde.","breadcrumb":{"@id":"https:\/\/www.miomiorun.com\/de\/produkt\/exceleration-shirt-long-sleeve-zip-damen\/#breadcrumb"},"inLanguage":"de-DE","potentialAction":[{"@type":"ReadAction","target":["https:\/\/www.miomiorun.com\/de\/produkt\/exceleration-shirt-long-sleeve-zip-damen\/"]}]},{"@type":"ImageObject","inLanguage":"de-DE","@id":"https:\/\/www.miomiorun.com\/de\/produkt\/exceleration-shirt-long-sleeve-zip-damen\/#primaryimage","url":"https:\/\/www.miomiorun.com\/app\/uploads\/2021\/11\/uyn-exceleraton-shirt-long-sl.zip-up-O102124-93B646.jpg","contentUrl":"https:\/\/www.miomiorun.com\/app\/uploads\/2021\/11\/uyn-exceleraton-shirt-long-sl.zip-up-O102124-93B646.jpg","width":600,"height":600,"caption":"uyn exceleration shirt long sl.zip up"},{"@type":"BreadcrumbList","@id":"https:\/\/www.miomiorun.com\/de\/produkt\/exceleration-shirt-long-sleeve-zip-damen\/#breadcrumb","itemListElement":[{"@type":"ListItem","position":1,"name":"Home","item":"https:\/\/www.miomiorun.com\/de\/"},{"@type":"ListItem","position":2,"name":"Shop","item":"https:\/\/www.miomiorun.com\/shop\/"},{"@type":"ListItem","position":3,"name":"Exceleration Shirt Long Sleeve Zip damen"}]},{"@type":"WebSite","@id":"https:\/\/www.miomiorun.com\/de\/#website","url":"https:\/\/www.miomiorun.com\/de\/","name":"MioMioRun","description":"100% Lauf- und Trailshop","publisher":{"@id":"https:\/\/www.miomiorun.com\/de\/#organization"},"potentialAction":[{"@type":"SearchAction","target":{"@type":"EntryPoint","urlTemplate":"https:\/\/www.miomiorun.com\/de\/?s={search_term_string}"},"query-input":{"@type":"PropertyValueSpecification","valueRequired":true,"valueName":"search_term_string"}}],"inLanguage":"de-DE"},{"@type":"Organization","@id":"https:\/\/www.miomiorun.com\/de\/#organization","name":"MioMio Run","url":"https:\/\/www.miomiorun.com\/de\/","logo":{"@type":"ImageObject","inLanguage":"de-DE","@id":"https:\/\/www.miomiorun.com\/de\/#\/schema\/logo\/image\/","url":"https:\/\/www.miomiorun.com\/app\/uploads\/2019\/12\/logomio.png","contentUrl":"https:\/\/www.miomiorun.com\/app\/uploads\/2019\/12\/logomio.png","width":115,"height":82,"caption":"MioMio Run"},"image":{"@id":"https:\/\/www.miomiorun.com\/de\/#\/schema\/logo\/image\/"},"sameAs":["https:\/\/www.facebook.com\/miomiorun\/","https:\/\/www.instagram.com\/miomiorun\/"]}]}},"_links":{"self":[{"href":"https:\/\/www.miomiorun.com\/de\/wp-json\/wp\/v2\/product\/176193","targetHints":{"allow":["GET"]}}],"collection":[{"href":"https:\/\/www.miomiorun.com\/de\/wp-json\/wp\/v2\/product"}],"about":[{"href":"https:\/\/www.miomiorun.com\/de\/wp-json\/wp\/v2\/types\/product"}],"wp:featuredmedia":[{"embeddable":true,"href":"https:\/\/www.miomiorun.com\/de\/wp-json\/wp\/v2\/media\/59468"}],"wp:attachment":[{"href":"https:\/\/www.miomiorun.com\/de\/wp-json\/wp\/v2\/media?parent=176193"}],"wp:term":[{"taxonomy":"product_brand","embeddable":true,"href":"https:\/\/www.miomiorun.com\/de\/wp-json\/wp\/v2\/product_brand?post=176193"},{"taxonomy":"product_cat","embeddable":true,"href":"https:\/\/www.miomiorun.com\/de\/wp-json\/wp\/v2\/product_cat?post=176193"},{"taxonomy":"product_tag","embeddable":true,"href":"https:\/\/www.miomiorun.com\/de\/wp-json\/wp\/v2\/product_tag?post=176193"}],"curies":[{"name":"wp","href":"https:\/\/api.w.org\/{rel}","templated":true}]}}