{"id":176188,"date":"2022-10-27T10:43:43","date_gmt":"2022-10-27T08:43:43","guid":{"rendered":"https:\/\/miomiorun.com\/prodotto\/reflective-shirt-donna\/"},"modified":"2024-07-31T16:41:24","modified_gmt":"2024-07-31T14:41:24","slug":"reflective-shirt-damen","status":"publish","type":"product","link":"https:\/\/www.miomiorun.com\/de\/produkt\/reflective-shirt-damen\/","title":{"rendered":"Reflective shirt damen"},"content":{"rendered":"<p>Ideal, wenn es kalt und dunkel ist<\/p>\n<p>Mit dem Women&#8217;s <strong>Reflective Shirt<\/strong> sind Sie beim Laufen in der Dunkelheit sicherer und gleichzeitig sch\u00fctzt es Sie vor K\u00e4lte und h\u00e4lt Sie angenehm warm.<\/p>\n<p><strong>Eigenschaften:<\/strong><\/p>\n<ul class=\"selling-points\">\n<li>Die SMART REFLECTIVE Technologie des Allover-Blitz-Prints sorgt f\u00fcr mehr Sicherheit im Dunkeln dank voller Sichtbarkeit.<\/li>\n<li>Bei kaltem Wetter sch\u00fctzen dich die hochwertigen Materialien mit hervorragender W\u00e4rme und Klimaregulierung.<\/li>\n<li>Das Fleece-Strick-Innenfutter sorgt f\u00fcr angenehme W\u00e4rme, w\u00e4hrend die SMART STRETCH Technologie daf\u00fcr sorgt, dass sich das Langarm-Lauftrikot wie eine zweite Haut anf\u00fchlt.<\/li>\n<\/ul>\n<p><strong>Laufen Sie mit mehr Sichtbarkeit und mehr Sicherheit<\/strong><\/p>\n<p>Ob Sie sich f\u00fcr einen Lauf auf dem Land, in der Stadt oder im Park entscheiden und ob Sie Autos, Radfahrern oder Fu\u00dfg\u00e4ngern begegnen, Sie sind f\u00fcr andere Verkehrsteilnehmer schon von weitem sichtbar, dank des blitzreflektierenden Aufdrucks mit SMART REFLECTIVE-Technologie. Laufen Sie sicher in der D\u00e4mmerung oder bei Nacht.<\/p>\n<h3>Eng anliegende Passform und Komfort<\/h3>\n<p>Ein dynamischer Look und hervorragender Tragekomfort sind in diesem lang\u00e4rmeligen Lauftrikot f\u00fcr Frauen vereint. Dank des hohen Elasthananteils liegt es gut an. Gleichzeitig sorgt das Fleece-Strickfutter f\u00fcr ein weiches und warmes Tragegef\u00fchl, ideal f\u00fcr L\u00e4ufe in der K\u00e4lte.<\/p>\n<h3>Ausgewogenes Klima dank intelligenter Ausstattung<\/h3>\n<p>Die w\u00e4rmende Wirkung hochwertiger Funktionsfasern wird mit einer angenehmen Klimaregulierung kombiniert, die Feuchtigkeit im Handumdrehen abtransportiert und eine hervorragende Atmungsaktivit\u00e4t aufweist. Bei intensivem Training sp\u00fcren Sie keinen Hitzestau und k\u00f6nnen ein Gef\u00fchl der Freiheit genie\u00dfen.<\/p>\n","protected":false},"excerpt":{"rendered":"<ul class=\"selling-points\">\n<li>Die SMART REFLECTIVE Technologie des Allover-Blitz-Prints sorgt f\u00fcr mehr Sicherheit im Dunkeln durch Rundumsichtbarkeit.<\/li>\n<li>Bei kaltem Wetter sch\u00fctzen dich die hochwertigen Materialien mit hervorragender W\u00e4rme und Klimaregulierung.<\/li>\n<li>Das Fleece-Strick-Innenfutter sorgt f\u00fcr angenehme W\u00e4rme, w\u00e4hrend die SMART STRETCH Technologie daf\u00fcr sorgt, dass sich das Langarm-Lauftrikot wie eine zweite Haut anf\u00fchlt.<\/li>\n<\/ul>\n","protected":false},"featured_media":101729,"template":"","meta":{"_acf_changed":false,"inline_featured_image":false},"product_brand":[],"product_cat":[6494,6496],"product_tag":[3408,6210],"class_list":{"0":"post-176188","1":"product","2":"type-product","3":"status-publish","4":"has-post-thumbnail","6":"product_cat-sale-damen-bekleidung-de","7":"product_cat-sale-langarmshirt-damen-de","8":"product_tag-cep-de","9":"product_tag-cep-damen-de","10":"pa_attivita-gehen","11":"pa_attivita-running-de","12":"pa_colore-reflective-shirt-w-purple-de","13":"pa_marca-craft-de","14":"pa_sesso-damen","15":"pa_size-medium-de","16":"pa_size-large-de","18":"first","19":"instock","20":"sale","21":"taxable","22":"shipping-taxable","23":"purchasable","24":"product-type-variable","25":"wvs-archive-product-wrapper"},"acf":[],"yoast_head":"<!-- This site is optimized with the Yoast SEO plugin v26.8 - https:\/\/yoast.com\/product\/yoast-seo-wordpress\/ -->\n<title>Cep Reflective shirt damen - Thermo-Unterw\u00e4sche - MioMioRun.com<\/title>\n<meta name=\"description\" content=\"Mit dem Women&#039;s Reflective Shirt sind Sie beim Laufen in der Dunkelheit sicherer und gleichzeitig sch\u00fctzt es Sie vor K\u00e4lte und h\u00e4lt Sie angenehm warm.\" \/>\n<meta name=\"robots\" content=\"index, follow, max-snippet:-1, max-image-preview:large, max-video-preview:-1\" \/>\n<link rel=\"canonical\" href=\"https:\/\/www.miomiorun.com\/de\/produkt\/reflective-shirt-damen\/\" \/>\n<meta property=\"og:locale\" content=\"de_DE\" \/>\n<meta property=\"og:type\" content=\"article\" \/>\n<meta property=\"og:title\" content=\"Cep Reflective shirt damen - Thermo-Unterw\u00e4sche - MioMioRun.com\" \/>\n<meta property=\"og:description\" content=\"Mit dem Women&#039;s Reflective Shirt sind Sie beim Laufen in der Dunkelheit sicherer und gleichzeitig sch\u00fctzt es Sie vor K\u00e4lte und h\u00e4lt Sie angenehm warm.\" \/>\n<meta property=\"og:url\" content=\"https:\/\/www.miomiorun.com\/de\/produkt\/reflective-shirt-damen\/\" \/>\n<meta property=\"og:site_name\" content=\"MioMioRun\" \/>\n<meta property=\"article:publisher\" content=\"https:\/\/www.facebook.com\/miomiorun\/\" \/>\n<meta property=\"article:modified_time\" content=\"2024-07-31T14:41:24+00:00\" \/>\n<meta property=\"og:image\" content=\"https:\/\/www.miomiorun.com\/app\/uploads\/2022\/12\/cep-reflective-shirt-W-purple-W2A36N.jpg\" \/>\n\t<meta property=\"og:image:width\" content=\"600\" \/>\n\t<meta property=\"og:image:height\" content=\"600\" \/>\n\t<meta property=\"og:image:type\" content=\"image\/jpeg\" \/>\n<meta name=\"twitter:card\" content=\"summary_large_image\" \/>\n<meta name=\"twitter:label1\" content=\"Est. reading time\" \/>\n\t<meta name=\"twitter:data1\" content=\"1 minute\" \/>\n<script type=\"application\/ld+json\" class=\"yoast-schema-graph\">{\"@context\":\"https:\/\/schema.org\",\"@graph\":[{\"@type\":\"WebPage\",\"@id\":\"https:\/\/www.miomiorun.com\/de\/produkt\/reflective-shirt-damen\/\",\"url\":\"https:\/\/www.miomiorun.com\/de\/produkt\/reflective-shirt-damen\/\",\"name\":\"Cep Reflective shirt damen - Thermo-Unterw\u00e4sche - MioMioRun.com\",\"isPartOf\":{\"@id\":\"https:\/\/www.miomiorun.com\/de\/#website\"},\"primaryImageOfPage\":{\"@id\":\"https:\/\/www.miomiorun.com\/de\/produkt\/reflective-shirt-damen\/#primaryimage\"},\"image\":{\"@id\":\"https:\/\/www.miomiorun.com\/de\/produkt\/reflective-shirt-damen\/#primaryimage\"},\"thumbnailUrl\":\"https:\/\/www.miomiorun.com\/app\/uploads\/2022\/12\/cep-reflective-shirt-W-purple-W2A36N.jpg\",\"datePublished\":\"2022-10-27T08:43:43+00:00\",\"dateModified\":\"2024-07-31T14:41:24+00:00\",\"description\":\"Mit dem Women's Reflective Shirt sind Sie beim Laufen in der Dunkelheit sicherer und gleichzeitig sch\u00fctzt es Sie vor K\u00e4lte und h\u00e4lt Sie angenehm warm.\",\"breadcrumb\":{\"@id\":\"https:\/\/www.miomiorun.com\/de\/produkt\/reflective-shirt-damen\/#breadcrumb\"},\"inLanguage\":\"de-DE\",\"potentialAction\":[{\"@type\":\"ReadAction\",\"target\":[\"https:\/\/www.miomiorun.com\/de\/produkt\/reflective-shirt-damen\/\"]}]},{\"@type\":\"ImageObject\",\"inLanguage\":\"de-DE\",\"@id\":\"https:\/\/www.miomiorun.com\/de\/produkt\/reflective-shirt-damen\/#primaryimage\",\"url\":\"https:\/\/www.miomiorun.com\/app\/uploads\/2022\/12\/cep-reflective-shirt-W-purple-W2A36N.jpg\",\"contentUrl\":\"https:\/\/www.miomiorun.com\/app\/uploads\/2022\/12\/cep-reflective-shirt-W-purple-W2A36N.jpg\",\"width\":600,\"height\":600,\"caption\":\"cep-reflective-shirt-W-purple-W2A36N\"},{\"@type\":\"BreadcrumbList\",\"@id\":\"https:\/\/www.miomiorun.com\/de\/produkt\/reflective-shirt-damen\/#breadcrumb\",\"itemListElement\":[{\"@type\":\"ListItem\",\"position\":1,\"name\":\"Home\",\"item\":\"https:\/\/www.miomiorun.com\/de\/\"},{\"@type\":\"ListItem\",\"position\":2,\"name\":\"Shop\",\"item\":\"https:\/\/www.miomiorun.com\/shop\/\"},{\"@type\":\"ListItem\",\"position\":3,\"name\":\"Reflective shirt damen\"}]},{\"@type\":\"WebSite\",\"@id\":\"https:\/\/www.miomiorun.com\/de\/#website\",\"url\":\"https:\/\/www.miomiorun.com\/de\/\",\"name\":\"MioMioRun\",\"description\":\"100% Lauf- und Trailshop\",\"publisher\":{\"@id\":\"https:\/\/www.miomiorun.com\/de\/#organization\"},\"potentialAction\":[{\"@type\":\"SearchAction\",\"target\":{\"@type\":\"EntryPoint\",\"urlTemplate\":\"https:\/\/www.miomiorun.com\/de\/?s={search_term_string}\"},\"query-input\":{\"@type\":\"PropertyValueSpecification\",\"valueRequired\":true,\"valueName\":\"search_term_string\"}}],\"inLanguage\":\"de-DE\"},{\"@type\":\"Organization\",\"@id\":\"https:\/\/www.miomiorun.com\/de\/#organization\",\"name\":\"MioMio Run\",\"url\":\"https:\/\/www.miomiorun.com\/de\/\",\"logo\":{\"@type\":\"ImageObject\",\"inLanguage\":\"de-DE\",\"@id\":\"https:\/\/www.miomiorun.com\/de\/#\/schema\/logo\/image\/\",\"url\":\"https:\/\/www.miomiorun.com\/app\/uploads\/2019\/12\/logomio.png\",\"contentUrl\":\"https:\/\/www.miomiorun.com\/app\/uploads\/2019\/12\/logomio.png\",\"width\":115,\"height\":82,\"caption\":\"MioMio Run\"},\"image\":{\"@id\":\"https:\/\/www.miomiorun.com\/de\/#\/schema\/logo\/image\/\"},\"sameAs\":[\"https:\/\/www.facebook.com\/miomiorun\/\",\"https:\/\/www.instagram.com\/miomiorun\/\"]}]}<\/script>\n<!-- \/ Yoast SEO plugin. -->","yoast_head_json":{"title":"Cep Reflective shirt damen - Thermo-Unterw\u00e4sche - MioMioRun.com","description":"Mit dem Women's Reflective Shirt sind Sie beim Laufen in der Dunkelheit sicherer und gleichzeitig sch\u00fctzt es Sie vor K\u00e4lte und h\u00e4lt Sie angenehm warm.","robots":{"index":"index","follow":"follow","max-snippet":"max-snippet:-1","max-image-preview":"max-image-preview:large","max-video-preview":"max-video-preview:-1"},"canonical":"https:\/\/www.miomiorun.com\/de\/produkt\/reflective-shirt-damen\/","og_locale":"de_DE","og_type":"article","og_title":"Cep Reflective shirt damen - Thermo-Unterw\u00e4sche - MioMioRun.com","og_description":"Mit dem Women's Reflective Shirt sind Sie beim Laufen in der Dunkelheit sicherer und gleichzeitig sch\u00fctzt es Sie vor K\u00e4lte und h\u00e4lt Sie angenehm warm.","og_url":"https:\/\/www.miomiorun.com\/de\/produkt\/reflective-shirt-damen\/","og_site_name":"MioMioRun","article_publisher":"https:\/\/www.facebook.com\/miomiorun\/","article_modified_time":"2024-07-31T14:41:24+00:00","og_image":[{"width":600,"height":600,"url":"https:\/\/www.miomiorun.com\/app\/uploads\/2022\/12\/cep-reflective-shirt-W-purple-W2A36N.jpg","type":"image\/jpeg"}],"twitter_card":"summary_large_image","twitter_misc":{"Est. reading time":"1 minute"},"schema":{"@context":"https:\/\/schema.org","@graph":[{"@type":"WebPage","@id":"https:\/\/www.miomiorun.com\/de\/produkt\/reflective-shirt-damen\/","url":"https:\/\/www.miomiorun.com\/de\/produkt\/reflective-shirt-damen\/","name":"Cep Reflective shirt damen - Thermo-Unterw\u00e4sche - MioMioRun.com","isPartOf":{"@id":"https:\/\/www.miomiorun.com\/de\/#website"},"primaryImageOfPage":{"@id":"https:\/\/www.miomiorun.com\/de\/produkt\/reflective-shirt-damen\/#primaryimage"},"image":{"@id":"https:\/\/www.miomiorun.com\/de\/produkt\/reflective-shirt-damen\/#primaryimage"},"thumbnailUrl":"https:\/\/www.miomiorun.com\/app\/uploads\/2022\/12\/cep-reflective-shirt-W-purple-W2A36N.jpg","datePublished":"2022-10-27T08:43:43+00:00","dateModified":"2024-07-31T14:41:24+00:00","description":"Mit dem Women's Reflective Shirt sind Sie beim Laufen in der Dunkelheit sicherer und gleichzeitig sch\u00fctzt es Sie vor K\u00e4lte und h\u00e4lt Sie angenehm warm.","breadcrumb":{"@id":"https:\/\/www.miomiorun.com\/de\/produkt\/reflective-shirt-damen\/#breadcrumb"},"inLanguage":"de-DE","potentialAction":[{"@type":"ReadAction","target":["https:\/\/www.miomiorun.com\/de\/produkt\/reflective-shirt-damen\/"]}]},{"@type":"ImageObject","inLanguage":"de-DE","@id":"https:\/\/www.miomiorun.com\/de\/produkt\/reflective-shirt-damen\/#primaryimage","url":"https:\/\/www.miomiorun.com\/app\/uploads\/2022\/12\/cep-reflective-shirt-W-purple-W2A36N.jpg","contentUrl":"https:\/\/www.miomiorun.com\/app\/uploads\/2022\/12\/cep-reflective-shirt-W-purple-W2A36N.jpg","width":600,"height":600,"caption":"cep-reflective-shirt-W-purple-W2A36N"},{"@type":"BreadcrumbList","@id":"https:\/\/www.miomiorun.com\/de\/produkt\/reflective-shirt-damen\/#breadcrumb","itemListElement":[{"@type":"ListItem","position":1,"name":"Home","item":"https:\/\/www.miomiorun.com\/de\/"},{"@type":"ListItem","position":2,"name":"Shop","item":"https:\/\/www.miomiorun.com\/shop\/"},{"@type":"ListItem","position":3,"name":"Reflective shirt damen"}]},{"@type":"WebSite","@id":"https:\/\/www.miomiorun.com\/de\/#website","url":"https:\/\/www.miomiorun.com\/de\/","name":"MioMioRun","description":"100% Lauf- und Trailshop","publisher":{"@id":"https:\/\/www.miomiorun.com\/de\/#organization"},"potentialAction":[{"@type":"SearchAction","target":{"@type":"EntryPoint","urlTemplate":"https:\/\/www.miomiorun.com\/de\/?s={search_term_string}"},"query-input":{"@type":"PropertyValueSpecification","valueRequired":true,"valueName":"search_term_string"}}],"inLanguage":"de-DE"},{"@type":"Organization","@id":"https:\/\/www.miomiorun.com\/de\/#organization","name":"MioMio Run","url":"https:\/\/www.miomiorun.com\/de\/","logo":{"@type":"ImageObject","inLanguage":"de-DE","@id":"https:\/\/www.miomiorun.com\/de\/#\/schema\/logo\/image\/","url":"https:\/\/www.miomiorun.com\/app\/uploads\/2019\/12\/logomio.png","contentUrl":"https:\/\/www.miomiorun.com\/app\/uploads\/2019\/12\/logomio.png","width":115,"height":82,"caption":"MioMio Run"},"image":{"@id":"https:\/\/www.miomiorun.com\/de\/#\/schema\/logo\/image\/"},"sameAs":["https:\/\/www.facebook.com\/miomiorun\/","https:\/\/www.instagram.com\/miomiorun\/"]}]}},"_links":{"self":[{"href":"https:\/\/www.miomiorun.com\/de\/wp-json\/wp\/v2\/product\/176188","targetHints":{"allow":["GET"]}}],"collection":[{"href":"https:\/\/www.miomiorun.com\/de\/wp-json\/wp\/v2\/product"}],"about":[{"href":"https:\/\/www.miomiorun.com\/de\/wp-json\/wp\/v2\/types\/product"}],"wp:featuredmedia":[{"embeddable":true,"href":"https:\/\/www.miomiorun.com\/de\/wp-json\/wp\/v2\/media\/101729"}],"wp:attachment":[{"href":"https:\/\/www.miomiorun.com\/de\/wp-json\/wp\/v2\/media?parent=176188"}],"wp:term":[{"taxonomy":"product_brand","embeddable":true,"href":"https:\/\/www.miomiorun.com\/de\/wp-json\/wp\/v2\/product_brand?post=176188"},{"taxonomy":"product_cat","embeddable":true,"href":"https:\/\/www.miomiorun.com\/de\/wp-json\/wp\/v2\/product_cat?post=176188"},{"taxonomy":"product_tag","embeddable":true,"href":"https:\/\/www.miomiorun.com\/de\/wp-json\/wp\/v2\/product_tag?post=176188"}],"curies":[{"name":"wp","href":"https:\/\/api.w.org\/{rel}","templated":true}]}}