{"id":176181,"date":"2023-04-06T13:38:23","date_gmt":"2023-04-06T11:38:23","guid":{"rendered":"https:\/\/miomiorun.com\/prodotto\/pro-hypervent-ls-wind-top-donna\/"},"modified":"2026-05-08T21:41:56","modified_gmt":"2026-05-08T19:41:56","slug":"pro-hypervent-ls-wind-top-damen","status":"publish","type":"product","link":"https:\/\/www.miomiorun.com\/de\/produkt\/pro-hypervent-ls-wind-top-damen\/","title":{"rendered":"PRO Hypervent LS Wind Top damen"},"content":{"rendered":"<p>Das<strong> Pro Hypervent LS Wind Top<\/strong> f\u00fcr Damen ist ein lang\u00e4rmeliges Laufshirt auf Profi-Niveau mit einer winddichten Vorderseite und einer stark bel\u00fcfteten R\u00fcckseite f\u00fcr hochintensives Training bei windigen Bedingungen.<\/p>\n<p>Dieses technisch fortschrittliche Langarmtrikot besteht aus einem winddichten Ripstop-Gewebe auf der Vorderseite und einem weichen Polyester-Jersey auf der R\u00fcckseite f\u00fcr eine bessere Bel\u00fcftung und ein effizientes K\u00f6rpertemperaturmanagement. Dar\u00fcber hinaus verf\u00fcgt das Renntrikot \u00fcber lange Trikotb\u00fcndchen mit Daumengriff f\u00fcr zus\u00e4tzlichen Schutz und Komfort sowie eine Rei\u00dfverschlusstasche zur sicheren Aufbewahrung.<\/p>\n<p>&nbsp;<\/p>\n<p><strong>Hyperleicht und hyperatmungsaktiv<\/strong><\/p>\n<p>Pro Hypervent ist ein hyperleichtes und hyperatmungsaktives Konzept auf Profi-Niveau, das die Leistung von anspruchsvollen L\u00e4ufern steigert. Die d\u00fcnnen, superweichen und au\u00dfergew\u00f6hnlich leichten und atmungsaktiven Stoffe sorgen f\u00fcr \u00fcberragende Funktionalit\u00e4t, Bel\u00fcftung und Komfort bei Hochgeschwindigkeits- und Langstreckenl\u00e4ufen unter hei\u00dfen Bedingungen.<\/p>\n<p>&nbsp;<\/p>\n<p><strong>Merkmale:<\/strong><\/p>\n<ul>\n<li>Vorderseite aus Stretch-Ripstop-Polyester f\u00fcr Windschutz<\/li>\n<li>Weicher Polyesterstrick am R\u00fccken und unter den \u00c4rmeln f\u00fcr bessere Bel\u00fcftung<\/li>\n<li>L\u00e4ngere Strickb\u00fcndchen mit Daumengriff<\/li>\n<li>Rei\u00dfverschlusstasche f\u00fcr sichere Aufbewahrung<\/li>\n<li>Reflektierende Details<\/li>\n<\/ul>\n<p>&nbsp;<\/p>\n","protected":false},"excerpt":{"rendered":"<ul>\n<li class=\"tw-data-text tw-text-large XcVN5d tw-ta\" dir=\"ltr\" data-placeholder=\"Traduzione\">L\u00e4ngere Strickb\u00fcndchen mit Daumengriff<\/li>\n<li class=\"tw-data-text tw-text-large XcVN5d tw-ta\" dir=\"ltr\" data-placeholder=\"Traduzione\">Rei\u00dfverschlusstasche f\u00fcr sichere Aufbewahrung<\/li>\n<li class=\"tw-data-text tw-text-large XcVN5d tw-ta\" dir=\"ltr\" data-placeholder=\"Traduzione\">Reflektierende Details<\/li>\n<\/ul>\n","protected":false},"featured_media":116884,"template":"","meta":{"_acf_changed":false,"inline_featured_image":false},"product_brand":[],"product_cat":[6400,6401,6486],"product_tag":[6304,6232],"class_list":{"0":"post-176181","1":"product","2":"type-product","3":"status-publish","4":"has-post-thumbnail","6":"product_cat-damen","7":"product_cat-damenbekleidung","8":"product_cat-damenlangarmshirts","9":"product_tag-craft-de","10":"product_tag-craft-damen-de","11":"pa_colore-pro-hypervent-ls-wind-top-w-dawn-de","12":"pa_marca-craft-de","13":"pa_sesso-damen","14":"pa_size-small-de","15":"pa_size-medium-de","16":"pa_size-large-de","18":"first","19":"instock","20":"sale","21":"taxable","22":"shipping-taxable","23":"purchasable","24":"product-type-variable","25":"wvs-archive-product-wrapper"},"acf":[],"yoast_head":"<!-- This site is optimized with the Yoast SEO plugin v26.8 - https:\/\/yoast.com\/product\/yoast-seo-wordpress\/ -->\n<title>Craft PRO Hypervent LS Wind Top damen - Trikot - MioMioRun<\/title>\n<meta name=\"description\" content=\"Das Pro Hypervent LS Wind Top f\u00fcr Frauen ist ein lang\u00e4rmeliges Laufshirt auf Profi-Niveau mit winddichter Front\" \/>\n<meta name=\"robots\" content=\"index, follow, max-snippet:-1, max-image-preview:large, max-video-preview:-1\" \/>\n<link rel=\"canonical\" href=\"https:\/\/www.miomiorun.com\/de\/produkt\/pro-hypervent-ls-wind-top-damen\/\" \/>\n<meta property=\"og:locale\" content=\"de_DE\" \/>\n<meta property=\"og:type\" content=\"article\" \/>\n<meta property=\"og:title\" content=\"Craft PRO Hypervent LS Wind Top damen - Trikot - MioMioRun\" \/>\n<meta property=\"og:description\" content=\"Das Pro Hypervent LS Wind Top f\u00fcr Frauen ist ein lang\u00e4rmeliges Laufshirt auf Profi-Niveau mit winddichter Front\" \/>\n<meta property=\"og:url\" content=\"https:\/\/www.miomiorun.com\/de\/produkt\/pro-hypervent-ls-wind-top-damen\/\" \/>\n<meta property=\"og:site_name\" content=\"MioMioRun\" \/>\n<meta property=\"article:publisher\" content=\"https:\/\/www.facebook.com\/miomiorun\/\" \/>\n<meta property=\"article:modified_time\" content=\"2026-05-08T19:41:56+00:00\" \/>\n<meta property=\"og:image\" content=\"https:\/\/www.miomiorun.com\/app\/uploads\/2023\/04\/craft-pro-hypervent-ls-wind-top-W-dawn-1910428-743000.jpg\" \/>\n\t<meta property=\"og:image:width\" content=\"600\" \/>\n\t<meta property=\"og:image:height\" content=\"600\" \/>\n\t<meta property=\"og:image:type\" content=\"image\/jpeg\" \/>\n<meta name=\"twitter:card\" content=\"summary_large_image\" \/>\n<meta name=\"twitter:label1\" content=\"Est. reading time\" \/>\n\t<meta name=\"twitter:data1\" content=\"1 minute\" \/>\n<script type=\"application\/ld+json\" class=\"yoast-schema-graph\">{\"@context\":\"https:\/\/schema.org\",\"@graph\":[{\"@type\":\"WebPage\",\"@id\":\"https:\/\/www.miomiorun.com\/de\/produkt\/pro-hypervent-ls-wind-top-damen\/\",\"url\":\"https:\/\/www.miomiorun.com\/de\/produkt\/pro-hypervent-ls-wind-top-damen\/\",\"name\":\"Craft PRO Hypervent LS Wind Top damen - Trikot - MioMioRun\",\"isPartOf\":{\"@id\":\"https:\/\/www.miomiorun.com\/de\/#website\"},\"primaryImageOfPage\":{\"@id\":\"https:\/\/www.miomiorun.com\/de\/produkt\/pro-hypervent-ls-wind-top-damen\/#primaryimage\"},\"image\":{\"@id\":\"https:\/\/www.miomiorun.com\/de\/produkt\/pro-hypervent-ls-wind-top-damen\/#primaryimage\"},\"thumbnailUrl\":\"https:\/\/www.miomiorun.com\/app\/uploads\/2023\/04\/craft-pro-hypervent-ls-wind-top-W-dawn-1910428-743000.jpg\",\"datePublished\":\"2023-04-06T11:38:23+00:00\",\"dateModified\":\"2026-05-08T19:41:56+00:00\",\"description\":\"Das Pro Hypervent LS Wind Top f\u00fcr Frauen ist ein lang\u00e4rmeliges Laufshirt auf Profi-Niveau mit winddichter Front\",\"breadcrumb\":{\"@id\":\"https:\/\/www.miomiorun.com\/de\/produkt\/pro-hypervent-ls-wind-top-damen\/#breadcrumb\"},\"inLanguage\":\"de-DE\",\"potentialAction\":[{\"@type\":\"ReadAction\",\"target\":[\"https:\/\/www.miomiorun.com\/de\/produkt\/pro-hypervent-ls-wind-top-damen\/\"]}]},{\"@type\":\"ImageObject\",\"inLanguage\":\"de-DE\",\"@id\":\"https:\/\/www.miomiorun.com\/de\/produkt\/pro-hypervent-ls-wind-top-damen\/#primaryimage\",\"url\":\"https:\/\/www.miomiorun.com\/app\/uploads\/2023\/04\/craft-pro-hypervent-ls-wind-top-W-dawn-1910428-743000.jpg\",\"contentUrl\":\"https:\/\/www.miomiorun.com\/app\/uploads\/2023\/04\/craft-pro-hypervent-ls-wind-top-W-dawn-1910428-743000.jpg\",\"width\":600,\"height\":600,\"caption\":\"craft-pro-hypervent-ls-wind-top-W-dawn-1910428-743000\"},{\"@type\":\"BreadcrumbList\",\"@id\":\"https:\/\/www.miomiorun.com\/de\/produkt\/pro-hypervent-ls-wind-top-damen\/#breadcrumb\",\"itemListElement\":[{\"@type\":\"ListItem\",\"position\":1,\"name\":\"Home\",\"item\":\"https:\/\/www.miomiorun.com\/de\/\"},{\"@type\":\"ListItem\",\"position\":2,\"name\":\"Shop\",\"item\":\"https:\/\/www.miomiorun.com\/shop\/\"},{\"@type\":\"ListItem\",\"position\":3,\"name\":\"PRO Hypervent LS Wind Top damen\"}]},{\"@type\":\"WebSite\",\"@id\":\"https:\/\/www.miomiorun.com\/de\/#website\",\"url\":\"https:\/\/www.miomiorun.com\/de\/\",\"name\":\"MioMioRun\",\"description\":\"100% Lauf- und Trailshop\",\"publisher\":{\"@id\":\"https:\/\/www.miomiorun.com\/de\/#organization\"},\"potentialAction\":[{\"@type\":\"SearchAction\",\"target\":{\"@type\":\"EntryPoint\",\"urlTemplate\":\"https:\/\/www.miomiorun.com\/de\/?s={search_term_string}\"},\"query-input\":{\"@type\":\"PropertyValueSpecification\",\"valueRequired\":true,\"valueName\":\"search_term_string\"}}],\"inLanguage\":\"de-DE\"},{\"@type\":\"Organization\",\"@id\":\"https:\/\/www.miomiorun.com\/de\/#organization\",\"name\":\"MioMio Run\",\"url\":\"https:\/\/www.miomiorun.com\/de\/\",\"logo\":{\"@type\":\"ImageObject\",\"inLanguage\":\"de-DE\",\"@id\":\"https:\/\/www.miomiorun.com\/de\/#\/schema\/logo\/image\/\",\"url\":\"https:\/\/www.miomiorun.com\/app\/uploads\/2019\/12\/logomio.png\",\"contentUrl\":\"https:\/\/www.miomiorun.com\/app\/uploads\/2019\/12\/logomio.png\",\"width\":115,\"height\":82,\"caption\":\"MioMio Run\"},\"image\":{\"@id\":\"https:\/\/www.miomiorun.com\/de\/#\/schema\/logo\/image\/\"},\"sameAs\":[\"https:\/\/www.facebook.com\/miomiorun\/\",\"https:\/\/www.instagram.com\/miomiorun\/\"]}]}<\/script>\n<!-- \/ Yoast SEO plugin. -->","yoast_head_json":{"title":"Craft PRO Hypervent LS Wind Top damen - Trikot - MioMioRun","description":"Das Pro Hypervent LS Wind Top f\u00fcr Frauen ist ein lang\u00e4rmeliges Laufshirt auf Profi-Niveau mit winddichter Front","robots":{"index":"index","follow":"follow","max-snippet":"max-snippet:-1","max-image-preview":"max-image-preview:large","max-video-preview":"max-video-preview:-1"},"canonical":"https:\/\/www.miomiorun.com\/de\/produkt\/pro-hypervent-ls-wind-top-damen\/","og_locale":"de_DE","og_type":"article","og_title":"Craft PRO Hypervent LS Wind Top damen - Trikot - MioMioRun","og_description":"Das Pro Hypervent LS Wind Top f\u00fcr Frauen ist ein lang\u00e4rmeliges Laufshirt auf Profi-Niveau mit winddichter Front","og_url":"https:\/\/www.miomiorun.com\/de\/produkt\/pro-hypervent-ls-wind-top-damen\/","og_site_name":"MioMioRun","article_publisher":"https:\/\/www.facebook.com\/miomiorun\/","article_modified_time":"2026-05-08T19:41:56+00:00","og_image":[{"width":600,"height":600,"url":"https:\/\/www.miomiorun.com\/app\/uploads\/2023\/04\/craft-pro-hypervent-ls-wind-top-W-dawn-1910428-743000.jpg","type":"image\/jpeg"}],"twitter_card":"summary_large_image","twitter_misc":{"Est. reading time":"1 minute"},"schema":{"@context":"https:\/\/schema.org","@graph":[{"@type":"WebPage","@id":"https:\/\/www.miomiorun.com\/de\/produkt\/pro-hypervent-ls-wind-top-damen\/","url":"https:\/\/www.miomiorun.com\/de\/produkt\/pro-hypervent-ls-wind-top-damen\/","name":"Craft PRO Hypervent LS Wind Top damen - Trikot - MioMioRun","isPartOf":{"@id":"https:\/\/www.miomiorun.com\/de\/#website"},"primaryImageOfPage":{"@id":"https:\/\/www.miomiorun.com\/de\/produkt\/pro-hypervent-ls-wind-top-damen\/#primaryimage"},"image":{"@id":"https:\/\/www.miomiorun.com\/de\/produkt\/pro-hypervent-ls-wind-top-damen\/#primaryimage"},"thumbnailUrl":"https:\/\/www.miomiorun.com\/app\/uploads\/2023\/04\/craft-pro-hypervent-ls-wind-top-W-dawn-1910428-743000.jpg","datePublished":"2023-04-06T11:38:23+00:00","dateModified":"2026-05-08T19:41:56+00:00","description":"Das Pro Hypervent LS Wind Top f\u00fcr Frauen ist ein lang\u00e4rmeliges Laufshirt auf Profi-Niveau mit winddichter Front","breadcrumb":{"@id":"https:\/\/www.miomiorun.com\/de\/produkt\/pro-hypervent-ls-wind-top-damen\/#breadcrumb"},"inLanguage":"de-DE","potentialAction":[{"@type":"ReadAction","target":["https:\/\/www.miomiorun.com\/de\/produkt\/pro-hypervent-ls-wind-top-damen\/"]}]},{"@type":"ImageObject","inLanguage":"de-DE","@id":"https:\/\/www.miomiorun.com\/de\/produkt\/pro-hypervent-ls-wind-top-damen\/#primaryimage","url":"https:\/\/www.miomiorun.com\/app\/uploads\/2023\/04\/craft-pro-hypervent-ls-wind-top-W-dawn-1910428-743000.jpg","contentUrl":"https:\/\/www.miomiorun.com\/app\/uploads\/2023\/04\/craft-pro-hypervent-ls-wind-top-W-dawn-1910428-743000.jpg","width":600,"height":600,"caption":"craft-pro-hypervent-ls-wind-top-W-dawn-1910428-743000"},{"@type":"BreadcrumbList","@id":"https:\/\/www.miomiorun.com\/de\/produkt\/pro-hypervent-ls-wind-top-damen\/#breadcrumb","itemListElement":[{"@type":"ListItem","position":1,"name":"Home","item":"https:\/\/www.miomiorun.com\/de\/"},{"@type":"ListItem","position":2,"name":"Shop","item":"https:\/\/www.miomiorun.com\/shop\/"},{"@type":"ListItem","position":3,"name":"PRO Hypervent LS Wind Top damen"}]},{"@type":"WebSite","@id":"https:\/\/www.miomiorun.com\/de\/#website","url":"https:\/\/www.miomiorun.com\/de\/","name":"MioMioRun","description":"100% Lauf- und Trailshop","publisher":{"@id":"https:\/\/www.miomiorun.com\/de\/#organization"},"potentialAction":[{"@type":"SearchAction","target":{"@type":"EntryPoint","urlTemplate":"https:\/\/www.miomiorun.com\/de\/?s={search_term_string}"},"query-input":{"@type":"PropertyValueSpecification","valueRequired":true,"valueName":"search_term_string"}}],"inLanguage":"de-DE"},{"@type":"Organization","@id":"https:\/\/www.miomiorun.com\/de\/#organization","name":"MioMio Run","url":"https:\/\/www.miomiorun.com\/de\/","logo":{"@type":"ImageObject","inLanguage":"de-DE","@id":"https:\/\/www.miomiorun.com\/de\/#\/schema\/logo\/image\/","url":"https:\/\/www.miomiorun.com\/app\/uploads\/2019\/12\/logomio.png","contentUrl":"https:\/\/www.miomiorun.com\/app\/uploads\/2019\/12\/logomio.png","width":115,"height":82,"caption":"MioMio Run"},"image":{"@id":"https:\/\/www.miomiorun.com\/de\/#\/schema\/logo\/image\/"},"sameAs":["https:\/\/www.facebook.com\/miomiorun\/","https:\/\/www.instagram.com\/miomiorun\/"]}]}},"_links":{"self":[{"href":"https:\/\/www.miomiorun.com\/de\/wp-json\/wp\/v2\/product\/176181","targetHints":{"allow":["GET"]}}],"collection":[{"href":"https:\/\/www.miomiorun.com\/de\/wp-json\/wp\/v2\/product"}],"about":[{"href":"https:\/\/www.miomiorun.com\/de\/wp-json\/wp\/v2\/types\/product"}],"wp:featuredmedia":[{"embeddable":true,"href":"https:\/\/www.miomiorun.com\/de\/wp-json\/wp\/v2\/media\/116884"}],"wp:attachment":[{"href":"https:\/\/www.miomiorun.com\/de\/wp-json\/wp\/v2\/media?parent=176181"}],"wp:term":[{"taxonomy":"product_brand","embeddable":true,"href":"https:\/\/www.miomiorun.com\/de\/wp-json\/wp\/v2\/product_brand?post=176181"},{"taxonomy":"product_cat","embeddable":true,"href":"https:\/\/www.miomiorun.com\/de\/wp-json\/wp\/v2\/product_cat?post=176181"},{"taxonomy":"product_tag","embeddable":true,"href":"https:\/\/www.miomiorun.com\/de\/wp-json\/wp\/v2\/product_tag?post=176181"}],"curies":[{"name":"wp","href":"https:\/\/api.w.org\/{rel}","templated":true}]}}