{"id":176179,"date":"2023-04-11T15:12:02","date_gmt":"2023-04-11T13:12:02","guid":{"rendered":"https:\/\/miomiorun.com\/prodotto\/pro-trail-wind-ls-tee-donna\/"},"modified":"2026-05-08T21:45:09","modified_gmt":"2026-05-08T19:45:09","slug":"pro-trail-wind-ls-tee-damen","status":"publish","type":"product","link":"https:\/\/www.miomiorun.com\/de\/produkt\/pro-trail-wind-ls-tee-damen\/","title":{"rendered":"PRO Trail Wind LS Tee damen"},"content":{"rendered":"<p>Das <strong>PRO Trail Wind LS Tee<\/strong> f\u00fcr Damen ist ein d\u00fcnnes, lang\u00e4rmeliges, winddichtes T-Shirt, das f\u00fcr hochintensive Trailruns an windigen Fr\u00fchlings- und Sommertagen entwickelt wurde.<\/p>\n<p>Dieses Kleidungsst\u00fcck in Profiqualit\u00e4t besteht aus einem winddichten Stretch-Ripstop-Gewebe auf der Vorderseite und einem bel\u00fcfteten Jacquard-Jersey auf der R\u00fcckseite und an den \u00c4rmeln. Das Langarm-T-Shirt verf\u00fcgt au\u00dferdem \u00fcber Raglan\u00e4rmel f\u00fcr mehr Bewegungsfreiheit, einen kurzen Frontrei\u00dfverschluss zur Bel\u00fcftung von \u00fcbersch\u00fcssiger W\u00e4rme, praktische Taschen und einen verschwei\u00dften Halsausschnitt zur Vermeidung von Scheuerstellen. Dar\u00fcber hinaus verf\u00fcgt das Kleidungsst\u00fcck \u00fcber einen Silikonaufdruck an den Schultern, der f\u00fcr einen sicheren Halt sorgt, wenn man bei langen Fahrten einen Rucksack oder ein Trinksystem tr\u00e4gt.<\/p>\n<p>&nbsp;<\/p>\n<p><strong>Merkmale:<\/strong><\/p>\n<ul>\n<li>D\u00fcnnes, winddichtes Stretch-Ripstop-Gewebe auf der Vorderseite<\/li>\n<li>Weiches, bel\u00fcftetes Jacquard-Gestrick auf dem R\u00fccken und an den \u00c4rmeln<\/li>\n<li>Verschwei\u00dfter Halsausschnitt<\/li>\n<li>Raglan\u00e4rmel<\/li>\n<li>Kurzer Rei\u00dfverschluss auf der Vorderseite<\/li>\n<li>Kleine elastische Netztasche unten links<\/li>\n<li>Kleine Rei\u00dfverschlusstasche rechts unten<\/li>\n<li>Silikondruck auf den Schultern<\/li>\n<li>Normale Passform<\/li>\n<\/ul>\n<p>&nbsp;<\/p>\n","protected":false},"excerpt":{"rendered":"<ul>\n<li>D\u00fcnnes, winddichtes Stretch-Ripstop-Gewebe auf der Vorderseite<\/li>\n<li>Weiches, bel\u00fcftetes Jacquard-Gestrick auf dem R\u00fccken und an den \u00c4rmeln<\/li>\n<li>Verschwei\u00dfter Halsausschnitt<\/li>\n<\/ul>\n","protected":false},"featured_media":116923,"template":"","meta":{"_acf_changed":false,"inline_featured_image":false},"product_brand":[],"product_cat":[6401,6486],"product_tag":[6304,6232],"class_list":{"0":"post-176179","1":"product","2":"type-product","3":"status-publish","4":"has-post-thumbnail","6":"product_cat-damenbekleidung","7":"product_cat-damenlangarmshirts","8":"product_tag-craft-de","9":"product_tag-craft-damen-de","10":"pa_attivita-gehen","11":"pa_attivita-outdoor-de","12":"pa_attivita-trail-de","13":"pa_colore-pro-trail-wind-ls-tee-w-desert-de","14":"pa_marca-craft-de","15":"pa_sesso-damen","16":"pa_size-extra-small-de","17":"pa_size-small-de","18":"pa_size-medium-de","20":"first","21":"instock","22":"sale","23":"taxable","24":"shipping-taxable","25":"purchasable","26":"product-type-variable","27":"wvs-archive-product-wrapper"},"acf":[],"yoast_head":"<!-- This site is optimized with the Yoast SEO plugin v26.8 - https:\/\/yoast.com\/product\/yoast-seo-wordpress\/ -->\n<title>Craft PRO Trail Wind LS Tee damen - Laufshirt- MioMioRun<\/title>\n<meta name=\"description\" content=\"Das PRO Trail Wind LS Tee f\u00fcr Frauen ist ein d\u00fcnnes Langarmshirt mit Windschutz, das f\u00fcr hochintensive Traill\u00e4ufe entwickelt wurde.\" \/>\n<meta name=\"robots\" content=\"index, follow, max-snippet:-1, max-image-preview:large, max-video-preview:-1\" \/>\n<link rel=\"canonical\" href=\"https:\/\/www.miomiorun.com\/de\/produkt\/pro-trail-wind-ls-tee-damen\/\" \/>\n<meta property=\"og:locale\" content=\"de_DE\" \/>\n<meta property=\"og:type\" content=\"article\" \/>\n<meta property=\"og:title\" content=\"Craft PRO Trail Wind LS Tee damen - Laufshirt- MioMioRun\" \/>\n<meta property=\"og:description\" content=\"Das PRO Trail Wind LS Tee f\u00fcr Frauen ist ein d\u00fcnnes Langarmshirt mit Windschutz, das f\u00fcr hochintensive Traill\u00e4ufe entwickelt wurde.\" \/>\n<meta property=\"og:url\" content=\"https:\/\/www.miomiorun.com\/de\/produkt\/pro-trail-wind-ls-tee-damen\/\" \/>\n<meta property=\"og:site_name\" content=\"MioMioRun\" \/>\n<meta property=\"article:publisher\" content=\"https:\/\/www.facebook.com\/miomiorun\/\" \/>\n<meta property=\"article:modified_time\" content=\"2026-05-08T19:45:09+00:00\" \/>\n<meta property=\"og:image\" content=\"https:\/\/www.miomiorun.com\/app\/uploads\/2023\/04\/craft-pro-trail-wind-ls-tee-W-desert-1913144-574000.jpg\" \/>\n\t<meta property=\"og:image:width\" content=\"600\" \/>\n\t<meta property=\"og:image:height\" content=\"600\" \/>\n\t<meta property=\"og:image:type\" content=\"image\/jpeg\" \/>\n<meta name=\"twitter:card\" content=\"summary_large_image\" \/>\n<meta name=\"twitter:label1\" content=\"Est. reading time\" \/>\n\t<meta name=\"twitter:data1\" content=\"1 minute\" \/>\n<script type=\"application\/ld+json\" class=\"yoast-schema-graph\">{\"@context\":\"https:\/\/schema.org\",\"@graph\":[{\"@type\":\"WebPage\",\"@id\":\"https:\/\/www.miomiorun.com\/de\/produkt\/pro-trail-wind-ls-tee-damen\/\",\"url\":\"https:\/\/www.miomiorun.com\/de\/produkt\/pro-trail-wind-ls-tee-damen\/\",\"name\":\"Craft PRO Trail Wind LS Tee damen - Laufshirt- MioMioRun\",\"isPartOf\":{\"@id\":\"https:\/\/www.miomiorun.com\/de\/#website\"},\"primaryImageOfPage\":{\"@id\":\"https:\/\/www.miomiorun.com\/de\/produkt\/pro-trail-wind-ls-tee-damen\/#primaryimage\"},\"image\":{\"@id\":\"https:\/\/www.miomiorun.com\/de\/produkt\/pro-trail-wind-ls-tee-damen\/#primaryimage\"},\"thumbnailUrl\":\"https:\/\/www.miomiorun.com\/app\/uploads\/2023\/04\/craft-pro-trail-wind-ls-tee-W-desert-1913144-574000.jpg\",\"datePublished\":\"2023-04-11T13:12:02+00:00\",\"dateModified\":\"2026-05-08T19:45:09+00:00\",\"description\":\"Das PRO Trail Wind LS Tee f\u00fcr Frauen ist ein d\u00fcnnes Langarmshirt mit Windschutz, das f\u00fcr hochintensive Traill\u00e4ufe entwickelt wurde.\",\"breadcrumb\":{\"@id\":\"https:\/\/www.miomiorun.com\/de\/produkt\/pro-trail-wind-ls-tee-damen\/#breadcrumb\"},\"inLanguage\":\"de-DE\",\"potentialAction\":[{\"@type\":\"ReadAction\",\"target\":[\"https:\/\/www.miomiorun.com\/de\/produkt\/pro-trail-wind-ls-tee-damen\/\"]}]},{\"@type\":\"ImageObject\",\"inLanguage\":\"de-DE\",\"@id\":\"https:\/\/www.miomiorun.com\/de\/produkt\/pro-trail-wind-ls-tee-damen\/#primaryimage\",\"url\":\"https:\/\/www.miomiorun.com\/app\/uploads\/2023\/04\/craft-pro-trail-wind-ls-tee-W-desert-1913144-574000.jpg\",\"contentUrl\":\"https:\/\/www.miomiorun.com\/app\/uploads\/2023\/04\/craft-pro-trail-wind-ls-tee-W-desert-1913144-574000.jpg\",\"width\":600,\"height\":600,\"caption\":\"craft-pro-trail-wind-ls-tee-W-desert-1913144-574000\"},{\"@type\":\"BreadcrumbList\",\"@id\":\"https:\/\/www.miomiorun.com\/de\/produkt\/pro-trail-wind-ls-tee-damen\/#breadcrumb\",\"itemListElement\":[{\"@type\":\"ListItem\",\"position\":1,\"name\":\"Home\",\"item\":\"https:\/\/www.miomiorun.com\/de\/\"},{\"@type\":\"ListItem\",\"position\":2,\"name\":\"Shop\",\"item\":\"https:\/\/www.miomiorun.com\/shop\/\"},{\"@type\":\"ListItem\",\"position\":3,\"name\":\"PRO Trail Wind LS Tee damen\"}]},{\"@type\":\"WebSite\",\"@id\":\"https:\/\/www.miomiorun.com\/de\/#website\",\"url\":\"https:\/\/www.miomiorun.com\/de\/\",\"name\":\"MioMioRun\",\"description\":\"100% Lauf- und Trailshop\",\"publisher\":{\"@id\":\"https:\/\/www.miomiorun.com\/de\/#organization\"},\"potentialAction\":[{\"@type\":\"SearchAction\",\"target\":{\"@type\":\"EntryPoint\",\"urlTemplate\":\"https:\/\/www.miomiorun.com\/de\/?s={search_term_string}\"},\"query-input\":{\"@type\":\"PropertyValueSpecification\",\"valueRequired\":true,\"valueName\":\"search_term_string\"}}],\"inLanguage\":\"de-DE\"},{\"@type\":\"Organization\",\"@id\":\"https:\/\/www.miomiorun.com\/de\/#organization\",\"name\":\"MioMio Run\",\"url\":\"https:\/\/www.miomiorun.com\/de\/\",\"logo\":{\"@type\":\"ImageObject\",\"inLanguage\":\"de-DE\",\"@id\":\"https:\/\/www.miomiorun.com\/de\/#\/schema\/logo\/image\/\",\"url\":\"https:\/\/www.miomiorun.com\/app\/uploads\/2019\/12\/logomio.png\",\"contentUrl\":\"https:\/\/www.miomiorun.com\/app\/uploads\/2019\/12\/logomio.png\",\"width\":115,\"height\":82,\"caption\":\"MioMio Run\"},\"image\":{\"@id\":\"https:\/\/www.miomiorun.com\/de\/#\/schema\/logo\/image\/\"},\"sameAs\":[\"https:\/\/www.facebook.com\/miomiorun\/\",\"https:\/\/www.instagram.com\/miomiorun\/\"]}]}<\/script>\n<!-- \/ Yoast SEO plugin. -->","yoast_head_json":{"title":"Craft PRO Trail Wind LS Tee damen - Laufshirt- MioMioRun","description":"Das PRO Trail Wind LS Tee f\u00fcr Frauen ist ein d\u00fcnnes Langarmshirt mit Windschutz, das f\u00fcr hochintensive Traill\u00e4ufe entwickelt wurde.","robots":{"index":"index","follow":"follow","max-snippet":"max-snippet:-1","max-image-preview":"max-image-preview:large","max-video-preview":"max-video-preview:-1"},"canonical":"https:\/\/www.miomiorun.com\/de\/produkt\/pro-trail-wind-ls-tee-damen\/","og_locale":"de_DE","og_type":"article","og_title":"Craft PRO Trail Wind LS Tee damen - Laufshirt- MioMioRun","og_description":"Das PRO Trail Wind LS Tee f\u00fcr Frauen ist ein d\u00fcnnes Langarmshirt mit Windschutz, das f\u00fcr hochintensive Traill\u00e4ufe entwickelt wurde.","og_url":"https:\/\/www.miomiorun.com\/de\/produkt\/pro-trail-wind-ls-tee-damen\/","og_site_name":"MioMioRun","article_publisher":"https:\/\/www.facebook.com\/miomiorun\/","article_modified_time":"2026-05-08T19:45:09+00:00","og_image":[{"width":600,"height":600,"url":"https:\/\/www.miomiorun.com\/app\/uploads\/2023\/04\/craft-pro-trail-wind-ls-tee-W-desert-1913144-574000.jpg","type":"image\/jpeg"}],"twitter_card":"summary_large_image","twitter_misc":{"Est. reading time":"1 minute"},"schema":{"@context":"https:\/\/schema.org","@graph":[{"@type":"WebPage","@id":"https:\/\/www.miomiorun.com\/de\/produkt\/pro-trail-wind-ls-tee-damen\/","url":"https:\/\/www.miomiorun.com\/de\/produkt\/pro-trail-wind-ls-tee-damen\/","name":"Craft PRO Trail Wind LS Tee damen - Laufshirt- MioMioRun","isPartOf":{"@id":"https:\/\/www.miomiorun.com\/de\/#website"},"primaryImageOfPage":{"@id":"https:\/\/www.miomiorun.com\/de\/produkt\/pro-trail-wind-ls-tee-damen\/#primaryimage"},"image":{"@id":"https:\/\/www.miomiorun.com\/de\/produkt\/pro-trail-wind-ls-tee-damen\/#primaryimage"},"thumbnailUrl":"https:\/\/www.miomiorun.com\/app\/uploads\/2023\/04\/craft-pro-trail-wind-ls-tee-W-desert-1913144-574000.jpg","datePublished":"2023-04-11T13:12:02+00:00","dateModified":"2026-05-08T19:45:09+00:00","description":"Das PRO Trail Wind LS Tee f\u00fcr Frauen ist ein d\u00fcnnes Langarmshirt mit Windschutz, das f\u00fcr hochintensive Traill\u00e4ufe entwickelt wurde.","breadcrumb":{"@id":"https:\/\/www.miomiorun.com\/de\/produkt\/pro-trail-wind-ls-tee-damen\/#breadcrumb"},"inLanguage":"de-DE","potentialAction":[{"@type":"ReadAction","target":["https:\/\/www.miomiorun.com\/de\/produkt\/pro-trail-wind-ls-tee-damen\/"]}]},{"@type":"ImageObject","inLanguage":"de-DE","@id":"https:\/\/www.miomiorun.com\/de\/produkt\/pro-trail-wind-ls-tee-damen\/#primaryimage","url":"https:\/\/www.miomiorun.com\/app\/uploads\/2023\/04\/craft-pro-trail-wind-ls-tee-W-desert-1913144-574000.jpg","contentUrl":"https:\/\/www.miomiorun.com\/app\/uploads\/2023\/04\/craft-pro-trail-wind-ls-tee-W-desert-1913144-574000.jpg","width":600,"height":600,"caption":"craft-pro-trail-wind-ls-tee-W-desert-1913144-574000"},{"@type":"BreadcrumbList","@id":"https:\/\/www.miomiorun.com\/de\/produkt\/pro-trail-wind-ls-tee-damen\/#breadcrumb","itemListElement":[{"@type":"ListItem","position":1,"name":"Home","item":"https:\/\/www.miomiorun.com\/de\/"},{"@type":"ListItem","position":2,"name":"Shop","item":"https:\/\/www.miomiorun.com\/shop\/"},{"@type":"ListItem","position":3,"name":"PRO Trail Wind LS Tee damen"}]},{"@type":"WebSite","@id":"https:\/\/www.miomiorun.com\/de\/#website","url":"https:\/\/www.miomiorun.com\/de\/","name":"MioMioRun","description":"100% Lauf- und Trailshop","publisher":{"@id":"https:\/\/www.miomiorun.com\/de\/#organization"},"potentialAction":[{"@type":"SearchAction","target":{"@type":"EntryPoint","urlTemplate":"https:\/\/www.miomiorun.com\/de\/?s={search_term_string}"},"query-input":{"@type":"PropertyValueSpecification","valueRequired":true,"valueName":"search_term_string"}}],"inLanguage":"de-DE"},{"@type":"Organization","@id":"https:\/\/www.miomiorun.com\/de\/#organization","name":"MioMio Run","url":"https:\/\/www.miomiorun.com\/de\/","logo":{"@type":"ImageObject","inLanguage":"de-DE","@id":"https:\/\/www.miomiorun.com\/de\/#\/schema\/logo\/image\/","url":"https:\/\/www.miomiorun.com\/app\/uploads\/2019\/12\/logomio.png","contentUrl":"https:\/\/www.miomiorun.com\/app\/uploads\/2019\/12\/logomio.png","width":115,"height":82,"caption":"MioMio Run"},"image":{"@id":"https:\/\/www.miomiorun.com\/de\/#\/schema\/logo\/image\/"},"sameAs":["https:\/\/www.facebook.com\/miomiorun\/","https:\/\/www.instagram.com\/miomiorun\/"]}]}},"_links":{"self":[{"href":"https:\/\/www.miomiorun.com\/de\/wp-json\/wp\/v2\/product\/176179","targetHints":{"allow":["GET"]}}],"collection":[{"href":"https:\/\/www.miomiorun.com\/de\/wp-json\/wp\/v2\/product"}],"about":[{"href":"https:\/\/www.miomiorun.com\/de\/wp-json\/wp\/v2\/types\/product"}],"wp:featuredmedia":[{"embeddable":true,"href":"https:\/\/www.miomiorun.com\/de\/wp-json\/wp\/v2\/media\/116923"}],"wp:attachment":[{"href":"https:\/\/www.miomiorun.com\/de\/wp-json\/wp\/v2\/media?parent=176179"}],"wp:term":[{"taxonomy":"product_brand","embeddable":true,"href":"https:\/\/www.miomiorun.com\/de\/wp-json\/wp\/v2\/product_brand?post=176179"},{"taxonomy":"product_cat","embeddable":true,"href":"https:\/\/www.miomiorun.com\/de\/wp-json\/wp\/v2\/product_cat?post=176179"},{"taxonomy":"product_tag","embeddable":true,"href":"https:\/\/www.miomiorun.com\/de\/wp-json\/wp\/v2\/product_tag?post=176179"}],"curies":[{"name":"wp","href":"https:\/\/api.w.org\/{rel}","templated":true}]}}