{"id":176176,"date":"2023-10-12T19:01:02","date_gmt":"2023-10-12T17:01:02","guid":{"rendered":"https:\/\/miomiorun.com\/prodotto\/chill-jkt-donna\/"},"modified":"2026-01-18T15:23:22","modified_gmt":"2026-01-18T14:23:22","slug":"chill-jkt-damen","status":"publish","type":"product","link":"https:\/\/www.miomiorun.com\/de\/produkt\/chill-jkt-damen\/","title":{"rendered":"Chill Jkt damen"},"content":{"rendered":"<p>Als leichtes Kleidungsst\u00fcck mit thermischen Eigenschaften ist die <strong>Chill JKT<\/strong> die perfekte zweite Schicht, um Outdoor-Aktivit\u00e4ten fortzusetzen, auch wenn das Thermometer sinkt. Die zus\u00e4tzliche Fronttasche mit Rei\u00dfverschluss macht es zu einem noch vielseitigeren Kleidungsst\u00fcck.<\/p>\n<ul>\n<li>Rei\u00dfverschluss auf der Vorderseite<\/li>\n<li>Vordertasche mit Rei\u00dfverschluss<\/li>\n<li>Geruchshemmend und antibakteriell (Polygiene\u00ae)<\/li>\n<li>Daumenloch in der Manschette<\/li>\n<\/ul>\n<p><strong>Passform :<\/strong> Regul\u00e4r<br \/>\n<strong>Materialien :<\/strong> Hauptmaterial: (DUF12) 94% Polyester, 6% Elastan<br \/>\n<strong>Gewicht :<\/strong> 340 g (L)<\/p>\n","protected":false},"excerpt":{"rendered":"<p>Als leichtes Kleidungsst\u00fcck mit thermischen Eigenschaften ist die Chill JKT die perfekte zweite Schicht, um Outdoor-Aktivit\u00e4ten fortzusetzen, auch wenn das Thermometer sinkt. Die zus\u00e4tzliche Fronttasche mit Rei\u00dfverschluss macht es zu einem noch vielseitigeren Kleidungsst\u00fcck. Rei\u00dfverschluss auf der Vorderseite Vordertasche mit Rei\u00dfverschluss Geruchshemmend und antibakteriell (Polygiene\u00ae) Daumenloch in der Manschette Passform : Regul\u00e4r Materialien : Hauptmaterial: &hellip; <a href=\"https:\/\/www.miomiorun.com\/de\/produkt\/chill-jkt-damen\/\">Continued<\/a><\/p>\n","protected":false},"featured_media":142262,"template":"","meta":{"_acf_changed":false,"inline_featured_image":false},"product_brand":[],"product_cat":[6401,6486],"product_tag":[6248,6220],"class_list":{"0":"post-176176","1":"product","2":"type-product","3":"status-publish","4":"has-post-thumbnail","6":"product_cat-damenbekleidung","7":"product_cat-damenlangarmshirts","8":"product_tag-la-sportiva-de","9":"product_tag-la-sportiva-damen-de","10":"pa_attivita-gehen","11":"pa_attivita-outdoor-de","12":"pa_colore-chill-jkt-springtime-w-de","13":"pa_colore-chill-jkt-w-cherry-tomato-storm-blue-de","14":"pa_marca-la-sportiva-de","15":"pa_sesso-damen","16":"pa_size-extra-small-de","17":"pa_size-small-de","18":"pa_size-medium-de","20":"first","21":"instock","22":"sale","23":"taxable","24":"shipping-taxable","25":"purchasable","26":"product-type-variable","27":"wvs-archive-product-wrapper"},"acf":[],"yoast_head":"<!-- This site is optimized with the Yoast SEO plugin v26.8 - https:\/\/yoast.com\/product\/yoast-seo-wordpress\/ -->\n<title>La Sportiva Chill Jkt damen - Laufendes Trikot - MioMioRun<\/title>\n<meta name=\"description\" content=\"Die Chill JKT ist ein leichtes Kleidungsst\u00fcck mit thermischen Eigenschaften und die perfekte zweite Schicht, um Outdoor-Aktivit\u00e4ten fortzusetzen\" \/>\n<meta name=\"robots\" content=\"index, follow, max-snippet:-1, max-image-preview:large, max-video-preview:-1\" \/>\n<link rel=\"canonical\" href=\"https:\/\/www.miomiorun.com\/de\/produkt\/chill-jkt-damen\/\" \/>\n<meta property=\"og:locale\" content=\"de_DE\" \/>\n<meta property=\"og:type\" content=\"article\" \/>\n<meta property=\"og:title\" content=\"La Sportiva Chill Jkt damen - Laufendes Trikot - MioMioRun\" \/>\n<meta property=\"og:description\" content=\"Die Chill JKT ist ein leichtes Kleidungsst\u00fcck mit thermischen Eigenschaften und die perfekte zweite Schicht, um Outdoor-Aktivit\u00e4ten fortzusetzen\" \/>\n<meta property=\"og:url\" content=\"https:\/\/www.miomiorun.com\/de\/produkt\/chill-jkt-damen\/\" \/>\n<meta property=\"og:site_name\" content=\"MioMioRun\" \/>\n<meta property=\"article:publisher\" content=\"https:\/\/www.facebook.com\/miomiorun\/\" \/>\n<meta property=\"article:modified_time\" content=\"2026-01-18T14:23:22+00:00\" \/>\n<meta property=\"og:image\" content=\"https:\/\/www.miomiorun.com\/app\/uploads\/2023\/10\/la-sportiva-chill-jkt-W-cherry-tomato-storm-blue-M32322639.jpg\" \/>\n\t<meta property=\"og:image:width\" content=\"600\" \/>\n\t<meta property=\"og:image:height\" content=\"600\" \/>\n\t<meta property=\"og:image:type\" content=\"image\/jpeg\" \/>\n<meta name=\"twitter:card\" content=\"summary_large_image\" \/>\n<script type=\"application\/ld+json\" class=\"yoast-schema-graph\">{\"@context\":\"https:\/\/schema.org\",\"@graph\":[{\"@type\":\"WebPage\",\"@id\":\"https:\/\/www.miomiorun.com\/de\/produkt\/chill-jkt-damen\/\",\"url\":\"https:\/\/www.miomiorun.com\/de\/produkt\/chill-jkt-damen\/\",\"name\":\"La Sportiva Chill Jkt damen - Laufendes Trikot - MioMioRun\",\"isPartOf\":{\"@id\":\"https:\/\/www.miomiorun.com\/de\/#website\"},\"primaryImageOfPage\":{\"@id\":\"https:\/\/www.miomiorun.com\/de\/produkt\/chill-jkt-damen\/#primaryimage\"},\"image\":{\"@id\":\"https:\/\/www.miomiorun.com\/de\/produkt\/chill-jkt-damen\/#primaryimage\"},\"thumbnailUrl\":\"https:\/\/www.miomiorun.com\/app\/uploads\/2023\/10\/la-sportiva-chill-jkt-W-cherry-tomato-storm-blue-M32322639.jpg\",\"datePublished\":\"2023-10-12T17:01:02+00:00\",\"dateModified\":\"2026-01-18T14:23:22+00:00\",\"description\":\"Die Chill JKT ist ein leichtes Kleidungsst\u00fcck mit thermischen Eigenschaften und die perfekte zweite Schicht, um Outdoor-Aktivit\u00e4ten fortzusetzen\",\"breadcrumb\":{\"@id\":\"https:\/\/www.miomiorun.com\/de\/produkt\/chill-jkt-damen\/#breadcrumb\"},\"inLanguage\":\"de-DE\",\"potentialAction\":[{\"@type\":\"ReadAction\",\"target\":[\"https:\/\/www.miomiorun.com\/de\/produkt\/chill-jkt-damen\/\"]}]},{\"@type\":\"ImageObject\",\"inLanguage\":\"de-DE\",\"@id\":\"https:\/\/www.miomiorun.com\/de\/produkt\/chill-jkt-damen\/#primaryimage\",\"url\":\"https:\/\/www.miomiorun.com\/app\/uploads\/2023\/10\/la-sportiva-chill-jkt-W-cherry-tomato-storm-blue-M32322639.jpg\",\"contentUrl\":\"https:\/\/www.miomiorun.com\/app\/uploads\/2023\/10\/la-sportiva-chill-jkt-W-cherry-tomato-storm-blue-M32322639.jpg\",\"width\":600,\"height\":600,\"caption\":\"la-sportiva-chill-jkt-W-cherry-tomato-storm-blue-M32322639\"},{\"@type\":\"BreadcrumbList\",\"@id\":\"https:\/\/www.miomiorun.com\/de\/produkt\/chill-jkt-damen\/#breadcrumb\",\"itemListElement\":[{\"@type\":\"ListItem\",\"position\":1,\"name\":\"Home\",\"item\":\"https:\/\/www.miomiorun.com\/de\/\"},{\"@type\":\"ListItem\",\"position\":2,\"name\":\"Shop\",\"item\":\"https:\/\/www.miomiorun.com\/shop\/\"},{\"@type\":\"ListItem\",\"position\":3,\"name\":\"Chill Jkt damen\"}]},{\"@type\":\"WebSite\",\"@id\":\"https:\/\/www.miomiorun.com\/de\/#website\",\"url\":\"https:\/\/www.miomiorun.com\/de\/\",\"name\":\"MioMioRun\",\"description\":\"100% Lauf- und Trailshop\",\"publisher\":{\"@id\":\"https:\/\/www.miomiorun.com\/de\/#organization\"},\"potentialAction\":[{\"@type\":\"SearchAction\",\"target\":{\"@type\":\"EntryPoint\",\"urlTemplate\":\"https:\/\/www.miomiorun.com\/de\/?s={search_term_string}\"},\"query-input\":{\"@type\":\"PropertyValueSpecification\",\"valueRequired\":true,\"valueName\":\"search_term_string\"}}],\"inLanguage\":\"de-DE\"},{\"@type\":\"Organization\",\"@id\":\"https:\/\/www.miomiorun.com\/de\/#organization\",\"name\":\"MioMio Run\",\"url\":\"https:\/\/www.miomiorun.com\/de\/\",\"logo\":{\"@type\":\"ImageObject\",\"inLanguage\":\"de-DE\",\"@id\":\"https:\/\/www.miomiorun.com\/de\/#\/schema\/logo\/image\/\",\"url\":\"https:\/\/www.miomiorun.com\/app\/uploads\/2019\/12\/logomio.png\",\"contentUrl\":\"https:\/\/www.miomiorun.com\/app\/uploads\/2019\/12\/logomio.png\",\"width\":115,\"height\":82,\"caption\":\"MioMio Run\"},\"image\":{\"@id\":\"https:\/\/www.miomiorun.com\/de\/#\/schema\/logo\/image\/\"},\"sameAs\":[\"https:\/\/www.facebook.com\/miomiorun\/\",\"https:\/\/www.instagram.com\/miomiorun\/\"]}]}<\/script>\n<!-- \/ Yoast SEO plugin. -->","yoast_head_json":{"title":"La Sportiva Chill Jkt damen - Laufendes Trikot - MioMioRun","description":"Die Chill JKT ist ein leichtes Kleidungsst\u00fcck mit thermischen Eigenschaften und die perfekte zweite Schicht, um Outdoor-Aktivit\u00e4ten fortzusetzen","robots":{"index":"index","follow":"follow","max-snippet":"max-snippet:-1","max-image-preview":"max-image-preview:large","max-video-preview":"max-video-preview:-1"},"canonical":"https:\/\/www.miomiorun.com\/de\/produkt\/chill-jkt-damen\/","og_locale":"de_DE","og_type":"article","og_title":"La Sportiva Chill Jkt damen - Laufendes Trikot - MioMioRun","og_description":"Die Chill JKT ist ein leichtes Kleidungsst\u00fcck mit thermischen Eigenschaften und die perfekte zweite Schicht, um Outdoor-Aktivit\u00e4ten fortzusetzen","og_url":"https:\/\/www.miomiorun.com\/de\/produkt\/chill-jkt-damen\/","og_site_name":"MioMioRun","article_publisher":"https:\/\/www.facebook.com\/miomiorun\/","article_modified_time":"2026-01-18T14:23:22+00:00","og_image":[{"width":600,"height":600,"url":"https:\/\/www.miomiorun.com\/app\/uploads\/2023\/10\/la-sportiva-chill-jkt-W-cherry-tomato-storm-blue-M32322639.jpg","type":"image\/jpeg"}],"twitter_card":"summary_large_image","schema":{"@context":"https:\/\/schema.org","@graph":[{"@type":"WebPage","@id":"https:\/\/www.miomiorun.com\/de\/produkt\/chill-jkt-damen\/","url":"https:\/\/www.miomiorun.com\/de\/produkt\/chill-jkt-damen\/","name":"La Sportiva Chill Jkt damen - Laufendes Trikot - MioMioRun","isPartOf":{"@id":"https:\/\/www.miomiorun.com\/de\/#website"},"primaryImageOfPage":{"@id":"https:\/\/www.miomiorun.com\/de\/produkt\/chill-jkt-damen\/#primaryimage"},"image":{"@id":"https:\/\/www.miomiorun.com\/de\/produkt\/chill-jkt-damen\/#primaryimage"},"thumbnailUrl":"https:\/\/www.miomiorun.com\/app\/uploads\/2023\/10\/la-sportiva-chill-jkt-W-cherry-tomato-storm-blue-M32322639.jpg","datePublished":"2023-10-12T17:01:02+00:00","dateModified":"2026-01-18T14:23:22+00:00","description":"Die Chill JKT ist ein leichtes Kleidungsst\u00fcck mit thermischen Eigenschaften und die perfekte zweite Schicht, um Outdoor-Aktivit\u00e4ten fortzusetzen","breadcrumb":{"@id":"https:\/\/www.miomiorun.com\/de\/produkt\/chill-jkt-damen\/#breadcrumb"},"inLanguage":"de-DE","potentialAction":[{"@type":"ReadAction","target":["https:\/\/www.miomiorun.com\/de\/produkt\/chill-jkt-damen\/"]}]},{"@type":"ImageObject","inLanguage":"de-DE","@id":"https:\/\/www.miomiorun.com\/de\/produkt\/chill-jkt-damen\/#primaryimage","url":"https:\/\/www.miomiorun.com\/app\/uploads\/2023\/10\/la-sportiva-chill-jkt-W-cherry-tomato-storm-blue-M32322639.jpg","contentUrl":"https:\/\/www.miomiorun.com\/app\/uploads\/2023\/10\/la-sportiva-chill-jkt-W-cherry-tomato-storm-blue-M32322639.jpg","width":600,"height":600,"caption":"la-sportiva-chill-jkt-W-cherry-tomato-storm-blue-M32322639"},{"@type":"BreadcrumbList","@id":"https:\/\/www.miomiorun.com\/de\/produkt\/chill-jkt-damen\/#breadcrumb","itemListElement":[{"@type":"ListItem","position":1,"name":"Home","item":"https:\/\/www.miomiorun.com\/de\/"},{"@type":"ListItem","position":2,"name":"Shop","item":"https:\/\/www.miomiorun.com\/shop\/"},{"@type":"ListItem","position":3,"name":"Chill Jkt damen"}]},{"@type":"WebSite","@id":"https:\/\/www.miomiorun.com\/de\/#website","url":"https:\/\/www.miomiorun.com\/de\/","name":"MioMioRun","description":"100% Lauf- und Trailshop","publisher":{"@id":"https:\/\/www.miomiorun.com\/de\/#organization"},"potentialAction":[{"@type":"SearchAction","target":{"@type":"EntryPoint","urlTemplate":"https:\/\/www.miomiorun.com\/de\/?s={search_term_string}"},"query-input":{"@type":"PropertyValueSpecification","valueRequired":true,"valueName":"search_term_string"}}],"inLanguage":"de-DE"},{"@type":"Organization","@id":"https:\/\/www.miomiorun.com\/de\/#organization","name":"MioMio Run","url":"https:\/\/www.miomiorun.com\/de\/","logo":{"@type":"ImageObject","inLanguage":"de-DE","@id":"https:\/\/www.miomiorun.com\/de\/#\/schema\/logo\/image\/","url":"https:\/\/www.miomiorun.com\/app\/uploads\/2019\/12\/logomio.png","contentUrl":"https:\/\/www.miomiorun.com\/app\/uploads\/2019\/12\/logomio.png","width":115,"height":82,"caption":"MioMio Run"},"image":{"@id":"https:\/\/www.miomiorun.com\/de\/#\/schema\/logo\/image\/"},"sameAs":["https:\/\/www.facebook.com\/miomiorun\/","https:\/\/www.instagram.com\/miomiorun\/"]}]}},"_links":{"self":[{"href":"https:\/\/www.miomiorun.com\/de\/wp-json\/wp\/v2\/product\/176176","targetHints":{"allow":["GET"]}}],"collection":[{"href":"https:\/\/www.miomiorun.com\/de\/wp-json\/wp\/v2\/product"}],"about":[{"href":"https:\/\/www.miomiorun.com\/de\/wp-json\/wp\/v2\/types\/product"}],"wp:featuredmedia":[{"embeddable":true,"href":"https:\/\/www.miomiorun.com\/de\/wp-json\/wp\/v2\/media\/142262"}],"wp:attachment":[{"href":"https:\/\/www.miomiorun.com\/de\/wp-json\/wp\/v2\/media?parent=176176"}],"wp:term":[{"taxonomy":"product_brand","embeddable":true,"href":"https:\/\/www.miomiorun.com\/de\/wp-json\/wp\/v2\/product_brand?post=176176"},{"taxonomy":"product_cat","embeddable":true,"href":"https:\/\/www.miomiorun.com\/de\/wp-json\/wp\/v2\/product_cat?post=176176"},{"taxonomy":"product_tag","embeddable":true,"href":"https:\/\/www.miomiorun.com\/de\/wp-json\/wp\/v2\/product_tag?post=176176"}],"curies":[{"name":"wp","href":"https:\/\/api.w.org\/{rel}","templated":true}]}}