{"id":176174,"date":"2023-10-26T15:24:05","date_gmt":"2023-10-26T13:24:05","guid":{"rendered":"https:\/\/miomiorun.com\/prodotto\/adv-subz-wool-ls-tee-2-donna\/"},"modified":"2024-05-31T18:01:10","modified_gmt":"2024-05-31T16:01:10","slug":"adv-subz-wool-ls-tee-2-damen","status":"publish","type":"product","link":"https:\/\/www.miomiorun.com\/de\/produkt\/adv-subz-wool-ls-tee-2-damen\/","title":{"rendered":"ADV SubZ Wool LS Tee 2 damen"},"content":{"rendered":"<p>Das <strong>ADV SubZ Wool LS Tee 2<\/strong> f\u00fcr Damen ist ein lang\u00e4rmeliges Laufshirt, das f\u00fcr intensives Training an kalten Herbst- und Wintertagen entwickelt wurde. Dieses fortschrittliche Rollkragen-T-Shirt besteht aus weichem, funktionellem Polyester und Merinowoll-Jersey. Die Wolle h\u00e4lt Sie warm, w\u00e4hrend das Polyester f\u00fcr einen effizienten Feuchtigkeitstransport sorgt und Sie trocken h\u00e4lt. Au\u00dferdem verf\u00fcgt das Kleidungsst\u00fcck \u00fcber Mesh an den Seiten und unter den Achseln f\u00fcr eine bessere Bel\u00fcftung.<\/p>\n<p><strong>EIGENSCHAFTEN:<\/strong><\/p>\n<ul>\n<li>Weiches, w\u00e4rmendes Trikot aus Polyester und Merinowolle<\/li>\n<li>Polyester-Mesh an den Seiten und unter den \u00c4rmeln<\/li>\n<li>Rollkragen mit Polyester-Mesh-Futter f\u00fcr zus\u00e4tzlichen Komfort<\/li>\n<li>Reflektierende Details an den \u00c4rmelabschl\u00fcssen<\/li>\n<li>Daumengriff an den \u00c4rmelabschl\u00fcssen<\/li>\n<\/ul>\n<p>&nbsp;<\/p>\n<p>&nbsp;<\/p>\n","protected":false},"excerpt":{"rendered":"<ul>\n<li>Ideal f\u00fcr den Wintersport im Freien<\/li>\n<li>Rollkragenpullover aus Merinowolle<\/li>\n<\/ul>\n","protected":false},"featured_media":148326,"template":"","meta":{"_acf_changed":false,"inline_featured_image":false},"product_brand":[],"product_cat":[6401,6486],"product_tag":[6304,6232],"class_list":{"0":"post-176174","1":"product","2":"type-product","3":"status-publish","4":"has-post-thumbnail","6":"product_cat-damenbekleidung","7":"product_cat-damenlangarmshirts","8":"product_tag-craft-de","9":"product_tag-craft-damen-de","10":"pa_attivita-gehen","11":"pa_attivita-running-de","12":"pa_colore-adv-subz-wool-ls-tee-2-w-cosmo-melange-de","13":"pa_colore-adv-subz-wool-ls-tee-2-w-thyme-melange-de","14":"pa_marca-craft-de","15":"pa_sesso-damen","16":"pa_size-extra-small-de","17":"pa_size-small-de","18":"pa_size-medium-de","20":"first","21":"instock","22":"sale","23":"taxable","24":"shipping-taxable","25":"purchasable","26":"product-type-variable","27":"wvs-archive-product-wrapper"},"acf":[],"yoast_head":"<!-- This site is optimized with the Yoast SEO plugin v26.8 - https:\/\/yoast.com\/product\/yoast-seo-wordpress\/ -->\n<title>Craft ADV SubZ Wool LS Tee 2 damen - Thermo-Unterw\u00e4sche - MioMioRun<\/title>\n<meta name=\"description\" content=\"Das ADV SubZ Wool LS Tee 2 f\u00fcr Damen ist ein lang\u00e4rmeliges Laufshirt, das f\u00fcr intensives Training an kalten Herbst- und Wintertagen entwickelt wurde.\" \/>\n<meta name=\"robots\" content=\"index, follow, max-snippet:-1, max-image-preview:large, max-video-preview:-1\" \/>\n<link rel=\"canonical\" href=\"https:\/\/www.miomiorun.com\/de\/produkt\/adv-subz-wool-ls-tee-2-damen\/\" \/>\n<meta property=\"og:locale\" content=\"de_DE\" \/>\n<meta property=\"og:type\" content=\"article\" \/>\n<meta property=\"og:title\" content=\"Craft ADV SubZ Wool LS Tee 2 damen - Thermo-Unterw\u00e4sche - MioMioRun\" \/>\n<meta property=\"og:description\" content=\"Das ADV SubZ Wool LS Tee 2 f\u00fcr Damen ist ein lang\u00e4rmeliges Laufshirt, das f\u00fcr intensives Training an kalten Herbst- und Wintertagen entwickelt wurde.\" \/>\n<meta property=\"og:url\" content=\"https:\/\/www.miomiorun.com\/de\/produkt\/adv-subz-wool-ls-tee-2-damen\/\" \/>\n<meta property=\"og:site_name\" content=\"MioMioRun\" \/>\n<meta property=\"article:publisher\" content=\"https:\/\/www.facebook.com\/miomiorun\/\" \/>\n<meta property=\"article:modified_time\" content=\"2024-05-31T16:01:10+00:00\" \/>\n<meta property=\"og:image\" content=\"https:\/\/www.miomiorun.com\/app\/uploads\/2023\/11\/craft-ADV-subz-wool-LS-tee-2-W-cosmo-melange-1911314-840200.jpg\" \/>\n\t<meta property=\"og:image:width\" content=\"600\" \/>\n\t<meta property=\"og:image:height\" content=\"600\" \/>\n\t<meta property=\"og:image:type\" content=\"image\/jpeg\" \/>\n<meta name=\"twitter:card\" content=\"summary_large_image\" \/>\n<meta name=\"twitter:label1\" content=\"Est. reading time\" \/>\n\t<meta name=\"twitter:data1\" content=\"1 minute\" \/>\n<script type=\"application\/ld+json\" class=\"yoast-schema-graph\">{\"@context\":\"https:\/\/schema.org\",\"@graph\":[{\"@type\":\"WebPage\",\"@id\":\"https:\/\/www.miomiorun.com\/de\/produkt\/adv-subz-wool-ls-tee-2-damen\/\",\"url\":\"https:\/\/www.miomiorun.com\/de\/produkt\/adv-subz-wool-ls-tee-2-damen\/\",\"name\":\"Craft ADV SubZ Wool LS Tee 2 damen - Thermo-Unterw\u00e4sche - MioMioRun\",\"isPartOf\":{\"@id\":\"https:\/\/www.miomiorun.com\/de\/#website\"},\"primaryImageOfPage\":{\"@id\":\"https:\/\/www.miomiorun.com\/de\/produkt\/adv-subz-wool-ls-tee-2-damen\/#primaryimage\"},\"image\":{\"@id\":\"https:\/\/www.miomiorun.com\/de\/produkt\/adv-subz-wool-ls-tee-2-damen\/#primaryimage\"},\"thumbnailUrl\":\"https:\/\/www.miomiorun.com\/app\/uploads\/2023\/11\/craft-ADV-subz-wool-LS-tee-2-W-cosmo-melange-1911314-840200.jpg\",\"datePublished\":\"2023-10-26T13:24:05+00:00\",\"dateModified\":\"2024-05-31T16:01:10+00:00\",\"description\":\"Das ADV SubZ Wool LS Tee 2 f\u00fcr Damen ist ein lang\u00e4rmeliges Laufshirt, das f\u00fcr intensives Training an kalten Herbst- und Wintertagen entwickelt wurde.\",\"breadcrumb\":{\"@id\":\"https:\/\/www.miomiorun.com\/de\/produkt\/adv-subz-wool-ls-tee-2-damen\/#breadcrumb\"},\"inLanguage\":\"de-DE\",\"potentialAction\":[{\"@type\":\"ReadAction\",\"target\":[\"https:\/\/www.miomiorun.com\/de\/produkt\/adv-subz-wool-ls-tee-2-damen\/\"]}]},{\"@type\":\"ImageObject\",\"inLanguage\":\"de-DE\",\"@id\":\"https:\/\/www.miomiorun.com\/de\/produkt\/adv-subz-wool-ls-tee-2-damen\/#primaryimage\",\"url\":\"https:\/\/www.miomiorun.com\/app\/uploads\/2023\/11\/craft-ADV-subz-wool-LS-tee-2-W-cosmo-melange-1911314-840200.jpg\",\"contentUrl\":\"https:\/\/www.miomiorun.com\/app\/uploads\/2023\/11\/craft-ADV-subz-wool-LS-tee-2-W-cosmo-melange-1911314-840200.jpg\",\"width\":600,\"height\":600,\"caption\":\"craft-ADV-subz-wool-LS-tee-2-W-cosmo-melange-1911314-840200\"},{\"@type\":\"BreadcrumbList\",\"@id\":\"https:\/\/www.miomiorun.com\/de\/produkt\/adv-subz-wool-ls-tee-2-damen\/#breadcrumb\",\"itemListElement\":[{\"@type\":\"ListItem\",\"position\":1,\"name\":\"Home\",\"item\":\"https:\/\/www.miomiorun.com\/de\/\"},{\"@type\":\"ListItem\",\"position\":2,\"name\":\"Shop\",\"item\":\"https:\/\/www.miomiorun.com\/shop\/\"},{\"@type\":\"ListItem\",\"position\":3,\"name\":\"ADV SubZ Wool LS Tee 2 damen\"}]},{\"@type\":\"WebSite\",\"@id\":\"https:\/\/www.miomiorun.com\/de\/#website\",\"url\":\"https:\/\/www.miomiorun.com\/de\/\",\"name\":\"MioMioRun\",\"description\":\"100% Lauf- und Trailshop\",\"publisher\":{\"@id\":\"https:\/\/www.miomiorun.com\/de\/#organization\"},\"potentialAction\":[{\"@type\":\"SearchAction\",\"target\":{\"@type\":\"EntryPoint\",\"urlTemplate\":\"https:\/\/www.miomiorun.com\/de\/?s={search_term_string}\"},\"query-input\":{\"@type\":\"PropertyValueSpecification\",\"valueRequired\":true,\"valueName\":\"search_term_string\"}}],\"inLanguage\":\"de-DE\"},{\"@type\":\"Organization\",\"@id\":\"https:\/\/www.miomiorun.com\/de\/#organization\",\"name\":\"MioMio Run\",\"url\":\"https:\/\/www.miomiorun.com\/de\/\",\"logo\":{\"@type\":\"ImageObject\",\"inLanguage\":\"de-DE\",\"@id\":\"https:\/\/www.miomiorun.com\/de\/#\/schema\/logo\/image\/\",\"url\":\"https:\/\/www.miomiorun.com\/app\/uploads\/2019\/12\/logomio.png\",\"contentUrl\":\"https:\/\/www.miomiorun.com\/app\/uploads\/2019\/12\/logomio.png\",\"width\":115,\"height\":82,\"caption\":\"MioMio Run\"},\"image\":{\"@id\":\"https:\/\/www.miomiorun.com\/de\/#\/schema\/logo\/image\/\"},\"sameAs\":[\"https:\/\/www.facebook.com\/miomiorun\/\",\"https:\/\/www.instagram.com\/miomiorun\/\"]}]}<\/script>\n<!-- \/ Yoast SEO plugin. -->","yoast_head_json":{"title":"Craft ADV SubZ Wool LS Tee 2 damen - Thermo-Unterw\u00e4sche - MioMioRun","description":"Das ADV SubZ Wool LS Tee 2 f\u00fcr Damen ist ein lang\u00e4rmeliges Laufshirt, das f\u00fcr intensives Training an kalten Herbst- und Wintertagen entwickelt wurde.","robots":{"index":"index","follow":"follow","max-snippet":"max-snippet:-1","max-image-preview":"max-image-preview:large","max-video-preview":"max-video-preview:-1"},"canonical":"https:\/\/www.miomiorun.com\/de\/produkt\/adv-subz-wool-ls-tee-2-damen\/","og_locale":"de_DE","og_type":"article","og_title":"Craft ADV SubZ Wool LS Tee 2 damen - Thermo-Unterw\u00e4sche - MioMioRun","og_description":"Das ADV SubZ Wool LS Tee 2 f\u00fcr Damen ist ein lang\u00e4rmeliges Laufshirt, das f\u00fcr intensives Training an kalten Herbst- und Wintertagen entwickelt wurde.","og_url":"https:\/\/www.miomiorun.com\/de\/produkt\/adv-subz-wool-ls-tee-2-damen\/","og_site_name":"MioMioRun","article_publisher":"https:\/\/www.facebook.com\/miomiorun\/","article_modified_time":"2024-05-31T16:01:10+00:00","og_image":[{"width":600,"height":600,"url":"https:\/\/www.miomiorun.com\/app\/uploads\/2023\/11\/craft-ADV-subz-wool-LS-tee-2-W-cosmo-melange-1911314-840200.jpg","type":"image\/jpeg"}],"twitter_card":"summary_large_image","twitter_misc":{"Est. reading time":"1 minute"},"schema":{"@context":"https:\/\/schema.org","@graph":[{"@type":"WebPage","@id":"https:\/\/www.miomiorun.com\/de\/produkt\/adv-subz-wool-ls-tee-2-damen\/","url":"https:\/\/www.miomiorun.com\/de\/produkt\/adv-subz-wool-ls-tee-2-damen\/","name":"Craft ADV SubZ Wool LS Tee 2 damen - Thermo-Unterw\u00e4sche - MioMioRun","isPartOf":{"@id":"https:\/\/www.miomiorun.com\/de\/#website"},"primaryImageOfPage":{"@id":"https:\/\/www.miomiorun.com\/de\/produkt\/adv-subz-wool-ls-tee-2-damen\/#primaryimage"},"image":{"@id":"https:\/\/www.miomiorun.com\/de\/produkt\/adv-subz-wool-ls-tee-2-damen\/#primaryimage"},"thumbnailUrl":"https:\/\/www.miomiorun.com\/app\/uploads\/2023\/11\/craft-ADV-subz-wool-LS-tee-2-W-cosmo-melange-1911314-840200.jpg","datePublished":"2023-10-26T13:24:05+00:00","dateModified":"2024-05-31T16:01:10+00:00","description":"Das ADV SubZ Wool LS Tee 2 f\u00fcr Damen ist ein lang\u00e4rmeliges Laufshirt, das f\u00fcr intensives Training an kalten Herbst- und Wintertagen entwickelt wurde.","breadcrumb":{"@id":"https:\/\/www.miomiorun.com\/de\/produkt\/adv-subz-wool-ls-tee-2-damen\/#breadcrumb"},"inLanguage":"de-DE","potentialAction":[{"@type":"ReadAction","target":["https:\/\/www.miomiorun.com\/de\/produkt\/adv-subz-wool-ls-tee-2-damen\/"]}]},{"@type":"ImageObject","inLanguage":"de-DE","@id":"https:\/\/www.miomiorun.com\/de\/produkt\/adv-subz-wool-ls-tee-2-damen\/#primaryimage","url":"https:\/\/www.miomiorun.com\/app\/uploads\/2023\/11\/craft-ADV-subz-wool-LS-tee-2-W-cosmo-melange-1911314-840200.jpg","contentUrl":"https:\/\/www.miomiorun.com\/app\/uploads\/2023\/11\/craft-ADV-subz-wool-LS-tee-2-W-cosmo-melange-1911314-840200.jpg","width":600,"height":600,"caption":"craft-ADV-subz-wool-LS-tee-2-W-cosmo-melange-1911314-840200"},{"@type":"BreadcrumbList","@id":"https:\/\/www.miomiorun.com\/de\/produkt\/adv-subz-wool-ls-tee-2-damen\/#breadcrumb","itemListElement":[{"@type":"ListItem","position":1,"name":"Home","item":"https:\/\/www.miomiorun.com\/de\/"},{"@type":"ListItem","position":2,"name":"Shop","item":"https:\/\/www.miomiorun.com\/shop\/"},{"@type":"ListItem","position":3,"name":"ADV SubZ Wool LS Tee 2 damen"}]},{"@type":"WebSite","@id":"https:\/\/www.miomiorun.com\/de\/#website","url":"https:\/\/www.miomiorun.com\/de\/","name":"MioMioRun","description":"100% Lauf- und Trailshop","publisher":{"@id":"https:\/\/www.miomiorun.com\/de\/#organization"},"potentialAction":[{"@type":"SearchAction","target":{"@type":"EntryPoint","urlTemplate":"https:\/\/www.miomiorun.com\/de\/?s={search_term_string}"},"query-input":{"@type":"PropertyValueSpecification","valueRequired":true,"valueName":"search_term_string"}}],"inLanguage":"de-DE"},{"@type":"Organization","@id":"https:\/\/www.miomiorun.com\/de\/#organization","name":"MioMio Run","url":"https:\/\/www.miomiorun.com\/de\/","logo":{"@type":"ImageObject","inLanguage":"de-DE","@id":"https:\/\/www.miomiorun.com\/de\/#\/schema\/logo\/image\/","url":"https:\/\/www.miomiorun.com\/app\/uploads\/2019\/12\/logomio.png","contentUrl":"https:\/\/www.miomiorun.com\/app\/uploads\/2019\/12\/logomio.png","width":115,"height":82,"caption":"MioMio Run"},"image":{"@id":"https:\/\/www.miomiorun.com\/de\/#\/schema\/logo\/image\/"},"sameAs":["https:\/\/www.facebook.com\/miomiorun\/","https:\/\/www.instagram.com\/miomiorun\/"]}]}},"_links":{"self":[{"href":"https:\/\/www.miomiorun.com\/de\/wp-json\/wp\/v2\/product\/176174","targetHints":{"allow":["GET"]}}],"collection":[{"href":"https:\/\/www.miomiorun.com\/de\/wp-json\/wp\/v2\/product"}],"about":[{"href":"https:\/\/www.miomiorun.com\/de\/wp-json\/wp\/v2\/types\/product"}],"wp:featuredmedia":[{"embeddable":true,"href":"https:\/\/www.miomiorun.com\/de\/wp-json\/wp\/v2\/media\/148326"}],"wp:attachment":[{"href":"https:\/\/www.miomiorun.com\/de\/wp-json\/wp\/v2\/media?parent=176174"}],"wp:term":[{"taxonomy":"product_brand","embeddable":true,"href":"https:\/\/www.miomiorun.com\/de\/wp-json\/wp\/v2\/product_brand?post=176174"},{"taxonomy":"product_cat","embeddable":true,"href":"https:\/\/www.miomiorun.com\/de\/wp-json\/wp\/v2\/product_cat?post=176174"},{"taxonomy":"product_tag","embeddable":true,"href":"https:\/\/www.miomiorun.com\/de\/wp-json\/wp\/v2\/product_tag?post=176174"}],"curies":[{"name":"wp","href":"https:\/\/api.w.org\/{rel}","templated":true}]}}