{"id":176166,"date":"2024-05-02T12:03:43","date_gmt":"2024-05-02T10:03:43","guid":{"rendered":"https:\/\/miomiorun.com\/prodotto\/thermal-grid-pro-2-maglia-donna\/"},"modified":"2024-05-31T18:35:38","modified_gmt":"2024-05-31T16:35:38","slug":"thermal-grid-pro-2-langaermshirts-damen","status":"publish","type":"product","link":"https:\/\/www.miomiorun.com\/de\/produkt\/thermal-grid-pro-2-langaermshirts-damen\/","title":{"rendered":"Thermal Grid Pro 2 Lang\u00e4rmshirts damen"},"content":{"rendered":"<div class=\"product-attribute product-attribute-passion\">Das<strong> Thermal Grid Pro 2 Fleece<\/strong> ist ideal f\u00fcr Wanderungen zu allen Jahreszeiten. Es besteht aus einem hochtechnischen 4-Wege-Stretch-Polyestergewebe, ist atmungsaktiv und UV-best\u00e4ndig und hat einen Rei\u00dfverschluss mit Zwickel auf der R\u00fcckseite. Der kontrastierende Stretch-Nylon-Einsatz ist dauerhaft wasserabweisend behandelt, damit Sie auch bei leichtem Regen trocken bleiben. Die elastische Kapuze und der Rumpfsaum sorgen f\u00fcr einen perfekten Sitz und sch\u00fctzen Sie bei schlechtem Wetter. Regulieren Sie Ihre K\u00f6rpertemperatur mit dem praktischen Frontrei\u00dfverschluss und verstauen Sie Ihre wichtigsten Utensilien in den praktischen Rei\u00dfverschlusstaschen. Erkunden Sie die Bergpfade oder verbringen Sie einen Tag am Fels, wobei der Komfort an erster Stelle steht &#8211; mit dem Thermal Grid Pro 2 Fleece f\u00fcr Damen.<\/div>\n<div><\/div>\n<h3>Materialien:<\/h3>\n<ul>\n<li>HAUPTAU\u00dfENSTOFF 95% Polyester<br \/>\n5% Elastan<\/li>\n<li>SEKUND\u00c4RER AUSSENSTOFF 93% Polyester<br \/>\n7% Elastan<\/li>\n<li>VORDERER EINSATZSTOFF 92% Polyamid<br \/>\n8% Elastan<\/li>\n<li>F\u00dcTTERUNGSSTOFF 100% Polyester<\/li>\n<\/ul>\n<p>&nbsp;<\/p>\n<h3>Eigenschaften<\/h3>\n<ul>\n<li>Offenes Trikot mit Kapuze f\u00fcr Frauen<\/li>\n<li>4-Wege-Stretch-Polyesterfleece-Gewebe mit r\u00fcckseitigem \u201eGitter\u201c-Gewebe, hoher UV-Schutz<\/li>\n<li>Kontrastierendes DWR-Stretch-Nylongewebe<\/li>\n<li>Rei\u00dfverschluss in der Mitte der Vorderseite, Rei\u00dfverschlusstaschen an den H\u00e4nden, Brusttasche mit Rei\u00dfverschluss<\/li>\n<li>Kapuze und Saum mit elastischem Abschluss<\/li>\n<li>Ideales Kleidungsst\u00fcck zum Klettern, f\u00fcr verschiedene Outdoor-Aktivit\u00e4ten und in der Freizeit<\/li>\n<li>Peso: 350.0 g<\/li>\n<\/ul>\n<p>&nbsp;<\/p>\n<div class=\"attribute_container tw-pb-24 last-of-type:tw-pb-0\">\n<div class=\"content__image-wrapper tw-w-fit\">\n<div class=\"content__image tw-relative tw-w-[5rem]\"><img loading=\"lazy\" decoding=\"async\" class=\"tw-absolute tw-top-0 tw-left-0 tw-w-full tw-h-full\" src=\"https:\/\/www.montura.com\/cdn\/shop\/files\/004_Breathable_Black.svg?v=1709125473&amp;width=200\" srcset=\"\/\/www.montura.com\/cdn\/shop\/files\/004_Breathable_Black.svg?v=1709125473&amp;width=200 200w\" alt=\"\" width=\"168\" height=\"168\" \/><\/div>\n<\/div>\n<h3><strong>Atmungsaktiv<\/strong><\/h3>\n<p>Dank atmungsaktiver Stoffe unterst\u00fctzt dieses Kleidungsst\u00fcck die nat\u00fcrliche Transpiration der Haut und h\u00e4lt den K\u00f6rper stets bei einer optimalen Temperatur.<\/p>\n<\/div>\n<p>&nbsp;<\/p>\n<div class=\"attribute_container tw-pb-24 last-of-type:tw-pb-0\">\n<div class=\"content__image-wrapper tw-w-fit\">\n<div class=\"content__image tw-relative tw-w-[5rem]\"><img loading=\"lazy\" decoding=\"async\" class=\"tw-absolute tw-top-0 tw-left-0 tw-w-full tw-h-full\" src=\"https:\/\/www.montura.com\/cdn\/shop\/files\/017_TrekkingHiking_Black.svg?v=1709126467&amp;width=200\" srcset=\"\/\/www.montura.com\/cdn\/shop\/files\/017_TrekkingHiking_Black.svg?v=1709126467&amp;width=200 200w\" alt=\"\" width=\"152\" height=\"152\" \/><\/div>\n<\/div>\n<h3 class=\"tw-text-s tw-pt-[1.2rem] tw-pb-[0.4rem] tw-font-medium\">Trekking \/ Hiking<\/h3>\n<\/div>\n<div class=\"attribute_container tw-pb-24 last-of-type:tw-pb-0\">\n<div class=\"content__image-wrapper tw-w-fit\">\n<div class=\"content__image tw-relative tw-w-[5rem]\"><img loading=\"lazy\" decoding=\"async\" class=\"tw-absolute tw-top-0 tw-left-0 tw-w-full tw-h-full\" src=\"https:\/\/www.montura.com\/cdn\/shop\/files\/019_Climbing_Black.svg?v=1709126445&amp;width=200\" srcset=\"\/\/www.montura.com\/cdn\/shop\/files\/019_Climbing_Black.svg?v=1709126445&amp;width=200 200w\" alt=\"\" width=\"133\" height=\"176\" \/><\/div>\n<\/div>\n<h3 class=\"tw-text-s tw-pt-[1.2rem] tw-pb-[0.4rem] tw-font-medium\">Klettern<\/h3>\n<\/div>\n","protected":false},"excerpt":{"rendered":"<ul>\n<li>Hochtechnologie: Das Trikot besteht aus hochleistungsf\u00e4higem Thermomaterial und bietet eine hervorragende W\u00e4rmeisolierung, um den K\u00f6rper bei Outdoor-Aktivit\u00e4ten warm zu halten.<\/li>\n<li>Bequeme Passform: Das ergonomische Design und die Stretch-Strickstruktur sorgen f\u00fcr eine perfekte Anpassung an den K\u00f6rper und gro\u00dfe Bewegungsfreiheit f\u00fcr optimale Leistung.<\/li>\n<li>Modischer Stil: Mit einer eleganten Farbkombination und einem femininen Schnitt ist das Thermal Grid Pro 2 ideal f\u00fcr Sport und Freizeit.<\/li>\n<\/ul>\n","protected":false},"featured_media":167684,"template":"","meta":{"_acf_changed":false,"inline_featured_image":false},"product_brand":[],"product_cat":[6400,6401,6486],"product_tag":[3379,6254],"class_list":{"0":"post-176166","1":"product","2":"type-product","3":"status-publish","4":"has-post-thumbnail","6":"product_cat-damen","7":"product_cat-damenbekleidung","8":"product_cat-damenlangarmshirts","9":"product_tag-montura-de","10":"product_tag-montura-damen-de","11":"pa_attivita-gehen","12":"pa_attivita-outdoor-de","13":"pa_colore-thermalgrid-pro-2-maglia-w-light-rose-vi-de","14":"pa_marca-montura-de","15":"pa_sesso-damen","16":"pa_size-medium-de","17":"pa_size-large-de","19":"first","20":"instock","21":"taxable","22":"shipping-taxable","23":"purchasable","24":"product-type-variable","25":"wvs-archive-product-wrapper"},"acf":[],"yoast_head":"<!-- This site is optimized with the Yoast SEO plugin v26.8 - https:\/\/yoast.com\/product\/yoast-seo-wordpress\/ -->\n<title>Montura Thermal Grid Pro 2 Lang\u00e4rmshirts damen - Lang\u00e4rmshirts - MioMioRun<\/title>\n<meta name=\"description\" content=\"Entdecken Sie den Komfort und den Schutz des Thermal Grid Pro 2 Trikots f\u00fcr Damen, perfekt f\u00fcr Ihre Outdoor-Aktivit\u00e4ten. Jetzt kaufen!\" \/>\n<meta name=\"robots\" content=\"index, follow, max-snippet:-1, max-image-preview:large, max-video-preview:-1\" \/>\n<link rel=\"canonical\" href=\"https:\/\/www.miomiorun.com\/de\/produkt\/thermal-grid-pro-2-langaermshirts-damen\/\" \/>\n<meta property=\"og:locale\" content=\"de_DE\" \/>\n<meta property=\"og:type\" content=\"article\" \/>\n<meta property=\"og:title\" content=\"Montura Thermal Grid Pro 2 Lang\u00e4rmshirts damen - Lang\u00e4rmshirts - MioMioRun\" \/>\n<meta property=\"og:description\" content=\"Entdecken Sie den Komfort und den Schutz des Thermal Grid Pro 2 Trikots f\u00fcr Damen, perfekt f\u00fcr Ihre Outdoor-Aktivit\u00e4ten. Jetzt kaufen!\" \/>\n<meta property=\"og:url\" content=\"https:\/\/www.miomiorun.com\/de\/produkt\/thermal-grid-pro-2-langaermshirts-damen\/\" \/>\n<meta property=\"og:site_name\" content=\"MioMioRun\" \/>\n<meta property=\"article:publisher\" content=\"https:\/\/www.facebook.com\/miomiorun\/\" \/>\n<meta property=\"article:modified_time\" content=\"2024-05-31T16:35:38+00:00\" \/>\n<meta property=\"og:image\" content=\"https:\/\/www.miomiorun.com\/app\/uploads\/2024\/05\/Montura-Thermalgrid-Pro-2-maglia-W-light-rose-vinaccia-MMAP75W-0114.webp\" \/>\n\t<meta property=\"og:image:width\" content=\"600\" \/>\n\t<meta property=\"og:image:height\" content=\"600\" \/>\n\t<meta property=\"og:image:type\" content=\"image\/webp\" \/>\n<meta name=\"twitter:card\" content=\"summary_large_image\" \/>\n<meta name=\"twitter:label1\" content=\"Est. reading time\" \/>\n\t<meta name=\"twitter:data1\" content=\"1 minute\" \/>\n<script type=\"application\/ld+json\" class=\"yoast-schema-graph\">{\"@context\":\"https:\/\/schema.org\",\"@graph\":[{\"@type\":\"WebPage\",\"@id\":\"https:\/\/www.miomiorun.com\/de\/produkt\/thermal-grid-pro-2-langaermshirts-damen\/\",\"url\":\"https:\/\/www.miomiorun.com\/de\/produkt\/thermal-grid-pro-2-langaermshirts-damen\/\",\"name\":\"Montura Thermal Grid Pro 2 Lang\u00e4rmshirts damen - Lang\u00e4rmshirts - MioMioRun\",\"isPartOf\":{\"@id\":\"https:\/\/www.miomiorun.com\/de\/#website\"},\"primaryImageOfPage\":{\"@id\":\"https:\/\/www.miomiorun.com\/de\/produkt\/thermal-grid-pro-2-langaermshirts-damen\/#primaryimage\"},\"image\":{\"@id\":\"https:\/\/www.miomiorun.com\/de\/produkt\/thermal-grid-pro-2-langaermshirts-damen\/#primaryimage\"},\"thumbnailUrl\":\"https:\/\/www.miomiorun.com\/app\/uploads\/2024\/05\/Montura-Thermalgrid-Pro-2-maglia-W-light-rose-vinaccia-MMAP75W-0114.webp\",\"datePublished\":\"2024-05-02T10:03:43+00:00\",\"dateModified\":\"2024-05-31T16:35:38+00:00\",\"description\":\"Entdecken Sie den Komfort und den Schutz des Thermal Grid Pro 2 Trikots f\u00fcr Damen, perfekt f\u00fcr Ihre Outdoor-Aktivit\u00e4ten. Jetzt kaufen!\",\"breadcrumb\":{\"@id\":\"https:\/\/www.miomiorun.com\/de\/produkt\/thermal-grid-pro-2-langaermshirts-damen\/#breadcrumb\"},\"inLanguage\":\"de-DE\",\"potentialAction\":[{\"@type\":\"ReadAction\",\"target\":[\"https:\/\/www.miomiorun.com\/de\/produkt\/thermal-grid-pro-2-langaermshirts-damen\/\"]}]},{\"@type\":\"ImageObject\",\"inLanguage\":\"de-DE\",\"@id\":\"https:\/\/www.miomiorun.com\/de\/produkt\/thermal-grid-pro-2-langaermshirts-damen\/#primaryimage\",\"url\":\"https:\/\/www.miomiorun.com\/app\/uploads\/2024\/05\/Montura-Thermalgrid-Pro-2-maglia-W-light-rose-vinaccia-MMAP75W-0114.webp\",\"contentUrl\":\"https:\/\/www.miomiorun.com\/app\/uploads\/2024\/05\/Montura-Thermalgrid-Pro-2-maglia-W-light-rose-vinaccia-MMAP75W-0114.webp\",\"width\":600,\"height\":600,\"caption\":\"Montura Thermalgrid Pro 2 maglia W light rose vinaccia MMAP75W 0114\"},{\"@type\":\"BreadcrumbList\",\"@id\":\"https:\/\/www.miomiorun.com\/de\/produkt\/thermal-grid-pro-2-langaermshirts-damen\/#breadcrumb\",\"itemListElement\":[{\"@type\":\"ListItem\",\"position\":1,\"name\":\"Home\",\"item\":\"https:\/\/www.miomiorun.com\/de\/\"},{\"@type\":\"ListItem\",\"position\":2,\"name\":\"Shop\",\"item\":\"https:\/\/www.miomiorun.com\/shop\/\"},{\"@type\":\"ListItem\",\"position\":3,\"name\":\"Thermal Grid Pro 2 Lang\u00e4rmshirts damen\"}]},{\"@type\":\"WebSite\",\"@id\":\"https:\/\/www.miomiorun.com\/de\/#website\",\"url\":\"https:\/\/www.miomiorun.com\/de\/\",\"name\":\"MioMioRun\",\"description\":\"100% Lauf- und Trailshop\",\"publisher\":{\"@id\":\"https:\/\/www.miomiorun.com\/de\/#organization\"},\"potentialAction\":[{\"@type\":\"SearchAction\",\"target\":{\"@type\":\"EntryPoint\",\"urlTemplate\":\"https:\/\/www.miomiorun.com\/de\/?s={search_term_string}\"},\"query-input\":{\"@type\":\"PropertyValueSpecification\",\"valueRequired\":true,\"valueName\":\"search_term_string\"}}],\"inLanguage\":\"de-DE\"},{\"@type\":\"Organization\",\"@id\":\"https:\/\/www.miomiorun.com\/de\/#organization\",\"name\":\"MioMio Run\",\"url\":\"https:\/\/www.miomiorun.com\/de\/\",\"logo\":{\"@type\":\"ImageObject\",\"inLanguage\":\"de-DE\",\"@id\":\"https:\/\/www.miomiorun.com\/de\/#\/schema\/logo\/image\/\",\"url\":\"https:\/\/www.miomiorun.com\/app\/uploads\/2019\/12\/logomio.png\",\"contentUrl\":\"https:\/\/www.miomiorun.com\/app\/uploads\/2019\/12\/logomio.png\",\"width\":115,\"height\":82,\"caption\":\"MioMio Run\"},\"image\":{\"@id\":\"https:\/\/www.miomiorun.com\/de\/#\/schema\/logo\/image\/\"},\"sameAs\":[\"https:\/\/www.facebook.com\/miomiorun\/\",\"https:\/\/www.instagram.com\/miomiorun\/\"]}]}<\/script>\n<!-- \/ Yoast SEO plugin. -->","yoast_head_json":{"title":"Montura Thermal Grid Pro 2 Lang\u00e4rmshirts damen - Lang\u00e4rmshirts - MioMioRun","description":"Entdecken Sie den Komfort und den Schutz des Thermal Grid Pro 2 Trikots f\u00fcr Damen, perfekt f\u00fcr Ihre Outdoor-Aktivit\u00e4ten. Jetzt kaufen!","robots":{"index":"index","follow":"follow","max-snippet":"max-snippet:-1","max-image-preview":"max-image-preview:large","max-video-preview":"max-video-preview:-1"},"canonical":"https:\/\/www.miomiorun.com\/de\/produkt\/thermal-grid-pro-2-langaermshirts-damen\/","og_locale":"de_DE","og_type":"article","og_title":"Montura Thermal Grid Pro 2 Lang\u00e4rmshirts damen - Lang\u00e4rmshirts - MioMioRun","og_description":"Entdecken Sie den Komfort und den Schutz des Thermal Grid Pro 2 Trikots f\u00fcr Damen, perfekt f\u00fcr Ihre Outdoor-Aktivit\u00e4ten. Jetzt kaufen!","og_url":"https:\/\/www.miomiorun.com\/de\/produkt\/thermal-grid-pro-2-langaermshirts-damen\/","og_site_name":"MioMioRun","article_publisher":"https:\/\/www.facebook.com\/miomiorun\/","article_modified_time":"2024-05-31T16:35:38+00:00","og_image":[{"width":600,"height":600,"url":"https:\/\/www.miomiorun.com\/app\/uploads\/2024\/05\/Montura-Thermalgrid-Pro-2-maglia-W-light-rose-vinaccia-MMAP75W-0114.webp","type":"image\/webp"}],"twitter_card":"summary_large_image","twitter_misc":{"Est. reading time":"1 minute"},"schema":{"@context":"https:\/\/schema.org","@graph":[{"@type":"WebPage","@id":"https:\/\/www.miomiorun.com\/de\/produkt\/thermal-grid-pro-2-langaermshirts-damen\/","url":"https:\/\/www.miomiorun.com\/de\/produkt\/thermal-grid-pro-2-langaermshirts-damen\/","name":"Montura Thermal Grid Pro 2 Lang\u00e4rmshirts damen - Lang\u00e4rmshirts - MioMioRun","isPartOf":{"@id":"https:\/\/www.miomiorun.com\/de\/#website"},"primaryImageOfPage":{"@id":"https:\/\/www.miomiorun.com\/de\/produkt\/thermal-grid-pro-2-langaermshirts-damen\/#primaryimage"},"image":{"@id":"https:\/\/www.miomiorun.com\/de\/produkt\/thermal-grid-pro-2-langaermshirts-damen\/#primaryimage"},"thumbnailUrl":"https:\/\/www.miomiorun.com\/app\/uploads\/2024\/05\/Montura-Thermalgrid-Pro-2-maglia-W-light-rose-vinaccia-MMAP75W-0114.webp","datePublished":"2024-05-02T10:03:43+00:00","dateModified":"2024-05-31T16:35:38+00:00","description":"Entdecken Sie den Komfort und den Schutz des Thermal Grid Pro 2 Trikots f\u00fcr Damen, perfekt f\u00fcr Ihre Outdoor-Aktivit\u00e4ten. Jetzt kaufen!","breadcrumb":{"@id":"https:\/\/www.miomiorun.com\/de\/produkt\/thermal-grid-pro-2-langaermshirts-damen\/#breadcrumb"},"inLanguage":"de-DE","potentialAction":[{"@type":"ReadAction","target":["https:\/\/www.miomiorun.com\/de\/produkt\/thermal-grid-pro-2-langaermshirts-damen\/"]}]},{"@type":"ImageObject","inLanguage":"de-DE","@id":"https:\/\/www.miomiorun.com\/de\/produkt\/thermal-grid-pro-2-langaermshirts-damen\/#primaryimage","url":"https:\/\/www.miomiorun.com\/app\/uploads\/2024\/05\/Montura-Thermalgrid-Pro-2-maglia-W-light-rose-vinaccia-MMAP75W-0114.webp","contentUrl":"https:\/\/www.miomiorun.com\/app\/uploads\/2024\/05\/Montura-Thermalgrid-Pro-2-maglia-W-light-rose-vinaccia-MMAP75W-0114.webp","width":600,"height":600,"caption":"Montura Thermalgrid Pro 2 maglia W light rose vinaccia MMAP75W 0114"},{"@type":"BreadcrumbList","@id":"https:\/\/www.miomiorun.com\/de\/produkt\/thermal-grid-pro-2-langaermshirts-damen\/#breadcrumb","itemListElement":[{"@type":"ListItem","position":1,"name":"Home","item":"https:\/\/www.miomiorun.com\/de\/"},{"@type":"ListItem","position":2,"name":"Shop","item":"https:\/\/www.miomiorun.com\/shop\/"},{"@type":"ListItem","position":3,"name":"Thermal Grid Pro 2 Lang\u00e4rmshirts damen"}]},{"@type":"WebSite","@id":"https:\/\/www.miomiorun.com\/de\/#website","url":"https:\/\/www.miomiorun.com\/de\/","name":"MioMioRun","description":"100% Lauf- und Trailshop","publisher":{"@id":"https:\/\/www.miomiorun.com\/de\/#organization"},"potentialAction":[{"@type":"SearchAction","target":{"@type":"EntryPoint","urlTemplate":"https:\/\/www.miomiorun.com\/de\/?s={search_term_string}"},"query-input":{"@type":"PropertyValueSpecification","valueRequired":true,"valueName":"search_term_string"}}],"inLanguage":"de-DE"},{"@type":"Organization","@id":"https:\/\/www.miomiorun.com\/de\/#organization","name":"MioMio Run","url":"https:\/\/www.miomiorun.com\/de\/","logo":{"@type":"ImageObject","inLanguage":"de-DE","@id":"https:\/\/www.miomiorun.com\/de\/#\/schema\/logo\/image\/","url":"https:\/\/www.miomiorun.com\/app\/uploads\/2019\/12\/logomio.png","contentUrl":"https:\/\/www.miomiorun.com\/app\/uploads\/2019\/12\/logomio.png","width":115,"height":82,"caption":"MioMio Run"},"image":{"@id":"https:\/\/www.miomiorun.com\/de\/#\/schema\/logo\/image\/"},"sameAs":["https:\/\/www.facebook.com\/miomiorun\/","https:\/\/www.instagram.com\/miomiorun\/"]}]}},"_links":{"self":[{"href":"https:\/\/www.miomiorun.com\/de\/wp-json\/wp\/v2\/product\/176166","targetHints":{"allow":["GET"]}}],"collection":[{"href":"https:\/\/www.miomiorun.com\/de\/wp-json\/wp\/v2\/product"}],"about":[{"href":"https:\/\/www.miomiorun.com\/de\/wp-json\/wp\/v2\/types\/product"}],"wp:featuredmedia":[{"embeddable":true,"href":"https:\/\/www.miomiorun.com\/de\/wp-json\/wp\/v2\/media\/167684"}],"wp:attachment":[{"href":"https:\/\/www.miomiorun.com\/de\/wp-json\/wp\/v2\/media?parent=176166"}],"wp:term":[{"taxonomy":"product_brand","embeddable":true,"href":"https:\/\/www.miomiorun.com\/de\/wp-json\/wp\/v2\/product_brand?post=176166"},{"taxonomy":"product_cat","embeddable":true,"href":"https:\/\/www.miomiorun.com\/de\/wp-json\/wp\/v2\/product_cat?post=176166"},{"taxonomy":"product_tag","embeddable":true,"href":"https:\/\/www.miomiorun.com\/de\/wp-json\/wp\/v2\/product_tag?post=176166"}],"curies":[{"name":"wp","href":"https:\/\/api.w.org\/{rel}","templated":true}]}}