{"id":176158,"date":"2020-05-10T09:23:44","date_gmt":"2020-05-10T07:23:44","guid":{"rendered":"https:\/\/miomiorun.com\/prodotto\/la-sportiva-veloce-donna\/"},"modified":"2024-07-31T18:17:17","modified_gmt":"2024-07-31T16:17:17","slug":"veloce-damen","status":"publish","type":"product","link":"https:\/\/www.miomiorun.com\/de\/produkt\/veloce-damen\/","title":{"rendered":"Veloce damen"},"content":{"rendered":"<p>Veloce T-Shirt ist das T-Shirt f\u00fcr Frauen, das mit einem Body-Mapping-System und extrem leichten und atmungsaktiven Materialien mit antibakterieller und geruchshemmender Behandlung (Polygiene) entwickelt wurde. Das adaptive System HeiQ erm\u00f6glicht au\u00dferdem eine perfekte Kontrolle der K\u00f6rpertemperatur. Leichter Sublimationsdruck.<\/p>\n<p>+ 1\/2 Frontrei\u00dfverschluss + Body-Mapping-Bel\u00fcftungssystem + Sublimationsdruck + Anti-Geruch (Polygiene\u00ae) + Anti-Bakterien (Polygiene\u00ae) + Anti-Scheuerschutz<\/p>\n<p>Anti-Scheuer-Behandlung mit HeiQ Glide Technologie + K\u00f6rpertemperaturkontrolle mit HeiQ Adaptive Technologie + Reflektierende Details + Reglan-\u00c4rmelkonstruktion f\u00fcr mehr Bewegungsfreiheit<\/p>\n<p>P<b>assform : <\/b>Normal<b>Materialien : <\/b>Hauptteil: (PN13) 92% PES, 8% Elastan Unterarmeinsatz: (MSH11) 100% PES<b>Gewicht : <\/b>120 g (M)<\/p>\n","protected":false},"excerpt":{"rendered":"<p>Veloce T-Shirt ist das T-Shirt f\u00fcr Frauen, das mit einem Body-Mapping-System und extrem leichten und atmungsaktiven Materialien mit antibakterieller und geruchshemmender Behandlung (Polygiene) entwickelt wurde. Das adaptive System HeiQ erm\u00f6glicht au\u00dferdem eine perfekte Kontrolle der K\u00f6rpertemperatur. Leichter Sublimationsdruck. + 1\/2 Frontrei\u00dfverschluss + Body-Mapping-Bel\u00fcftungssystem + Sublimationsdruck + Anti-Geruch (Polygiene\u00ae) + Anti-Bakterien (Polygiene\u00ae) + Anti-Scheuerschutz Anti-Scheuer-Behandlung mit &hellip; <a href=\"https:\/\/www.miomiorun.com\/de\/produkt\/veloce-damen\/\">Continued<\/a><\/p>\n","protected":false},"featured_media":52016,"template":"","meta":{"_acf_changed":false,"inline_featured_image":false},"product_brand":[],"product_cat":[6400,6401,6489],"product_tag":[6248,6220],"class_list":{"0":"post-176158","1":"product","2":"type-product","3":"status-publish","4":"has-post-thumbnail","6":"product_cat-damen","7":"product_cat-damenbekleidung","8":"product_cat-dament-shirt-de","9":"product_tag-la-sportiva-de","10":"product_tag-la-sportiva-damen-de","11":"pa_attivita-outdoor-de","12":"pa_attivita-trail-de","13":"pa_colore-velove-t-shirt-w-malibu-blue-white-de","14":"pa_marca-la-sportiva-de","15":"pa_sesso-damen","16":"pa_size-medium-de","18":"first","19":"instock","20":"sale","21":"taxable","22":"shipping-taxable","23":"purchasable","24":"product-type-variable","25":"wvs-archive-product-wrapper"},"acf":[],"yoast_head":"<!-- This site is optimized with the Yoast SEO plugin v26.8 - https:\/\/yoast.com\/product\/yoast-seo-wordpress\/ -->\n<title>Veloce damen - T-Shirt Laufen - MioMioRun<\/title>\n<meta name=\"description\" content=\"Veloce T-Shirt ist ein Damen-T-Shirt, das mit einem Bodymapping-System und extrem leichten und atmungsaktiven Materialien entwickelt wurde. Leichter Sublimationsdruck.\" \/>\n<meta name=\"robots\" content=\"index, follow, max-snippet:-1, max-image-preview:large, max-video-preview:-1\" \/>\n<link rel=\"canonical\" href=\"https:\/\/www.miomiorun.com\/de\/produkt\/veloce-damen\/\" \/>\n<meta property=\"og:locale\" content=\"de_DE\" \/>\n<meta property=\"og:type\" content=\"article\" \/>\n<meta property=\"og:title\" content=\"Veloce damen - T-Shirt Laufen - MioMioRun\" \/>\n<meta property=\"og:description\" content=\"Veloce T-Shirt ist ein Damen-T-Shirt, das mit einem Bodymapping-System und extrem leichten und atmungsaktiven Materialien entwickelt wurde. Leichter Sublimationsdruck.\" \/>\n<meta property=\"og:url\" content=\"https:\/\/www.miomiorun.com\/de\/produkt\/veloce-damen\/\" \/>\n<meta property=\"og:site_name\" content=\"MioMioRun\" \/>\n<meta property=\"article:publisher\" content=\"https:\/\/www.facebook.com\/miomiorun\/\" \/>\n<meta property=\"article:modified_time\" content=\"2024-07-31T16:17:17+00:00\" \/>\n<meta property=\"og:image\" content=\"https:\/\/www.miomiorun.com\/app\/uploads\/2020\/05\/Veloce-t-shirt-W.jpg\" \/>\n\t<meta property=\"og:image:width\" content=\"600\" \/>\n\t<meta property=\"og:image:height\" content=\"600\" \/>\n\t<meta property=\"og:image:type\" content=\"image\/jpeg\" \/>\n<meta name=\"twitter:card\" content=\"summary_large_image\" \/>\n<script type=\"application\/ld+json\" class=\"yoast-schema-graph\">{\"@context\":\"https:\/\/schema.org\",\"@graph\":[{\"@type\":\"WebPage\",\"@id\":\"https:\/\/www.miomiorun.com\/de\/produkt\/veloce-damen\/\",\"url\":\"https:\/\/www.miomiorun.com\/de\/produkt\/veloce-damen\/\",\"name\":\"Veloce damen - T-Shirt Laufen - MioMioRun\",\"isPartOf\":{\"@id\":\"https:\/\/www.miomiorun.com\/de\/#website\"},\"primaryImageOfPage\":{\"@id\":\"https:\/\/www.miomiorun.com\/de\/produkt\/veloce-damen\/#primaryimage\"},\"image\":{\"@id\":\"https:\/\/www.miomiorun.com\/de\/produkt\/veloce-damen\/#primaryimage\"},\"thumbnailUrl\":\"https:\/\/www.miomiorun.com\/app\/uploads\/2020\/05\/Veloce-t-shirt-W.jpg\",\"datePublished\":\"2020-05-10T07:23:44+00:00\",\"dateModified\":\"2024-07-31T16:17:17+00:00\",\"description\":\"Veloce T-Shirt ist ein Damen-T-Shirt, das mit einem Bodymapping-System und extrem leichten und atmungsaktiven Materialien entwickelt wurde. Leichter Sublimationsdruck.\",\"breadcrumb\":{\"@id\":\"https:\/\/www.miomiorun.com\/de\/produkt\/veloce-damen\/#breadcrumb\"},\"inLanguage\":\"de-DE\",\"potentialAction\":[{\"@type\":\"ReadAction\",\"target\":[\"https:\/\/www.miomiorun.com\/de\/produkt\/veloce-damen\/\"]}]},{\"@type\":\"ImageObject\",\"inLanguage\":\"de-DE\",\"@id\":\"https:\/\/www.miomiorun.com\/de\/produkt\/veloce-damen\/#primaryimage\",\"url\":\"https:\/\/www.miomiorun.com\/app\/uploads\/2020\/05\/Veloce-t-shirt-W.jpg\",\"contentUrl\":\"https:\/\/www.miomiorun.com\/app\/uploads\/2020\/05\/Veloce-t-shirt-W.jpg\",\"width\":600,\"height\":600,\"caption\":\"Veloce T-Shirt \u00e8 la maglietta da donna sviluppata con sistema body-mapping e materiali estremamente leggeri e traspiranti. Stampa leggera in sublimazione\"},{\"@type\":\"BreadcrumbList\",\"@id\":\"https:\/\/www.miomiorun.com\/de\/produkt\/veloce-damen\/#breadcrumb\",\"itemListElement\":[{\"@type\":\"ListItem\",\"position\":1,\"name\":\"Home\",\"item\":\"https:\/\/www.miomiorun.com\/de\/\"},{\"@type\":\"ListItem\",\"position\":2,\"name\":\"Shop\",\"item\":\"https:\/\/www.miomiorun.com\/shop\/\"},{\"@type\":\"ListItem\",\"position\":3,\"name\":\"Veloce damen\"}]},{\"@type\":\"WebSite\",\"@id\":\"https:\/\/www.miomiorun.com\/de\/#website\",\"url\":\"https:\/\/www.miomiorun.com\/de\/\",\"name\":\"MioMioRun\",\"description\":\"100% Lauf- und Trailshop\",\"publisher\":{\"@id\":\"https:\/\/www.miomiorun.com\/de\/#organization\"},\"potentialAction\":[{\"@type\":\"SearchAction\",\"target\":{\"@type\":\"EntryPoint\",\"urlTemplate\":\"https:\/\/www.miomiorun.com\/de\/?s={search_term_string}\"},\"query-input\":{\"@type\":\"PropertyValueSpecification\",\"valueRequired\":true,\"valueName\":\"search_term_string\"}}],\"inLanguage\":\"de-DE\"},{\"@type\":\"Organization\",\"@id\":\"https:\/\/www.miomiorun.com\/de\/#organization\",\"name\":\"MioMio Run\",\"url\":\"https:\/\/www.miomiorun.com\/de\/\",\"logo\":{\"@type\":\"ImageObject\",\"inLanguage\":\"de-DE\",\"@id\":\"https:\/\/www.miomiorun.com\/de\/#\/schema\/logo\/image\/\",\"url\":\"https:\/\/www.miomiorun.com\/app\/uploads\/2019\/12\/logomio.png\",\"contentUrl\":\"https:\/\/www.miomiorun.com\/app\/uploads\/2019\/12\/logomio.png\",\"width\":115,\"height\":82,\"caption\":\"MioMio Run\"},\"image\":{\"@id\":\"https:\/\/www.miomiorun.com\/de\/#\/schema\/logo\/image\/\"},\"sameAs\":[\"https:\/\/www.facebook.com\/miomiorun\/\",\"https:\/\/www.instagram.com\/miomiorun\/\"]}]}<\/script>\n<!-- \/ Yoast SEO plugin. -->","yoast_head_json":{"title":"Veloce damen - T-Shirt Laufen - MioMioRun","description":"Veloce T-Shirt ist ein Damen-T-Shirt, das mit einem Bodymapping-System und extrem leichten und atmungsaktiven Materialien entwickelt wurde. Leichter Sublimationsdruck.","robots":{"index":"index","follow":"follow","max-snippet":"max-snippet:-1","max-image-preview":"max-image-preview:large","max-video-preview":"max-video-preview:-1"},"canonical":"https:\/\/www.miomiorun.com\/de\/produkt\/veloce-damen\/","og_locale":"de_DE","og_type":"article","og_title":"Veloce damen - T-Shirt Laufen - MioMioRun","og_description":"Veloce T-Shirt ist ein Damen-T-Shirt, das mit einem Bodymapping-System und extrem leichten und atmungsaktiven Materialien entwickelt wurde. Leichter Sublimationsdruck.","og_url":"https:\/\/www.miomiorun.com\/de\/produkt\/veloce-damen\/","og_site_name":"MioMioRun","article_publisher":"https:\/\/www.facebook.com\/miomiorun\/","article_modified_time":"2024-07-31T16:17:17+00:00","og_image":[{"width":600,"height":600,"url":"https:\/\/www.miomiorun.com\/app\/uploads\/2020\/05\/Veloce-t-shirt-W.jpg","type":"image\/jpeg"}],"twitter_card":"summary_large_image","schema":{"@context":"https:\/\/schema.org","@graph":[{"@type":"WebPage","@id":"https:\/\/www.miomiorun.com\/de\/produkt\/veloce-damen\/","url":"https:\/\/www.miomiorun.com\/de\/produkt\/veloce-damen\/","name":"Veloce damen - T-Shirt Laufen - MioMioRun","isPartOf":{"@id":"https:\/\/www.miomiorun.com\/de\/#website"},"primaryImageOfPage":{"@id":"https:\/\/www.miomiorun.com\/de\/produkt\/veloce-damen\/#primaryimage"},"image":{"@id":"https:\/\/www.miomiorun.com\/de\/produkt\/veloce-damen\/#primaryimage"},"thumbnailUrl":"https:\/\/www.miomiorun.com\/app\/uploads\/2020\/05\/Veloce-t-shirt-W.jpg","datePublished":"2020-05-10T07:23:44+00:00","dateModified":"2024-07-31T16:17:17+00:00","description":"Veloce T-Shirt ist ein Damen-T-Shirt, das mit einem Bodymapping-System und extrem leichten und atmungsaktiven Materialien entwickelt wurde. Leichter Sublimationsdruck.","breadcrumb":{"@id":"https:\/\/www.miomiorun.com\/de\/produkt\/veloce-damen\/#breadcrumb"},"inLanguage":"de-DE","potentialAction":[{"@type":"ReadAction","target":["https:\/\/www.miomiorun.com\/de\/produkt\/veloce-damen\/"]}]},{"@type":"ImageObject","inLanguage":"de-DE","@id":"https:\/\/www.miomiorun.com\/de\/produkt\/veloce-damen\/#primaryimage","url":"https:\/\/www.miomiorun.com\/app\/uploads\/2020\/05\/Veloce-t-shirt-W.jpg","contentUrl":"https:\/\/www.miomiorun.com\/app\/uploads\/2020\/05\/Veloce-t-shirt-W.jpg","width":600,"height":600,"caption":"Veloce T-Shirt \u00e8 la maglietta da donna sviluppata con sistema body-mapping e materiali estremamente leggeri e traspiranti. Stampa leggera in sublimazione"},{"@type":"BreadcrumbList","@id":"https:\/\/www.miomiorun.com\/de\/produkt\/veloce-damen\/#breadcrumb","itemListElement":[{"@type":"ListItem","position":1,"name":"Home","item":"https:\/\/www.miomiorun.com\/de\/"},{"@type":"ListItem","position":2,"name":"Shop","item":"https:\/\/www.miomiorun.com\/shop\/"},{"@type":"ListItem","position":3,"name":"Veloce damen"}]},{"@type":"WebSite","@id":"https:\/\/www.miomiorun.com\/de\/#website","url":"https:\/\/www.miomiorun.com\/de\/","name":"MioMioRun","description":"100% Lauf- und Trailshop","publisher":{"@id":"https:\/\/www.miomiorun.com\/de\/#organization"},"potentialAction":[{"@type":"SearchAction","target":{"@type":"EntryPoint","urlTemplate":"https:\/\/www.miomiorun.com\/de\/?s={search_term_string}"},"query-input":{"@type":"PropertyValueSpecification","valueRequired":true,"valueName":"search_term_string"}}],"inLanguage":"de-DE"},{"@type":"Organization","@id":"https:\/\/www.miomiorun.com\/de\/#organization","name":"MioMio Run","url":"https:\/\/www.miomiorun.com\/de\/","logo":{"@type":"ImageObject","inLanguage":"de-DE","@id":"https:\/\/www.miomiorun.com\/de\/#\/schema\/logo\/image\/","url":"https:\/\/www.miomiorun.com\/app\/uploads\/2019\/12\/logomio.png","contentUrl":"https:\/\/www.miomiorun.com\/app\/uploads\/2019\/12\/logomio.png","width":115,"height":82,"caption":"MioMio Run"},"image":{"@id":"https:\/\/www.miomiorun.com\/de\/#\/schema\/logo\/image\/"},"sameAs":["https:\/\/www.facebook.com\/miomiorun\/","https:\/\/www.instagram.com\/miomiorun\/"]}]}},"_links":{"self":[{"href":"https:\/\/www.miomiorun.com\/de\/wp-json\/wp\/v2\/product\/176158","targetHints":{"allow":["GET"]}}],"collection":[{"href":"https:\/\/www.miomiorun.com\/de\/wp-json\/wp\/v2\/product"}],"about":[{"href":"https:\/\/www.miomiorun.com\/de\/wp-json\/wp\/v2\/types\/product"}],"wp:featuredmedia":[{"embeddable":true,"href":"https:\/\/www.miomiorun.com\/de\/wp-json\/wp\/v2\/media\/52016"}],"wp:attachment":[{"href":"https:\/\/www.miomiorun.com\/de\/wp-json\/wp\/v2\/media?parent=176158"}],"wp:term":[{"taxonomy":"product_brand","embeddable":true,"href":"https:\/\/www.miomiorun.com\/de\/wp-json\/wp\/v2\/product_brand?post=176158"},{"taxonomy":"product_cat","embeddable":true,"href":"https:\/\/www.miomiorun.com\/de\/wp-json\/wp\/v2\/product_cat?post=176158"},{"taxonomy":"product_tag","embeddable":true,"href":"https:\/\/www.miomiorun.com\/de\/wp-json\/wp\/v2\/product_tag?post=176158"}],"curies":[{"name":"wp","href":"https:\/\/api.w.org\/{rel}","templated":true}]}}