{"id":176150,"date":"2022-03-23T12:18:10","date_gmt":"2022-03-23T11:18:10","guid":{"rendered":"https:\/\/miomiorun.com\/prodotto\/uyn-running-exceleration-ow-shirt-donna\/"},"modified":"2024-07-31T17:48:05","modified_gmt":"2024-07-31T15:48:05","slug":"running-exceleration-ow-shirt-damen","status":"publish","type":"product","link":"https:\/\/www.miomiorun.com\/de\/produkt\/running-exceleration-ow-shirt-damen\/","title":{"rendered":"Running Exceleration OW Shirt damen"},"content":{"rendered":"<div class=\"tab-custom-inner-max content-wysiwyg\"><\/div>\n<div class=\"tab-custom-inner-max content-wysiwyg\">\n<div class=\"product-line\">\n<p><strong>Uyn Exceleration<\/strong> f\u00fcr Frauen ist ein hochtechnisches Trikot, das fortschrittliche Funktionen mit hochwertigen Materialien kombiniert, um perfekte Bel\u00fcftung, optimales Schwei\u00dfmanagement und Bewegungsfreiheit zu gew\u00e4hrleisten.<\/p>\n<p><strong>Eigenschaften:<\/strong><\/p>\n<ul>\n<li class=\"mb-2\">Die<strong>4-WAYS VENTILATION Struktur<\/strong> im Brustbereich garantiert eine perfekte Bel\u00fcftung des K\u00f6rpers.<\/li>\n<li>Das <strong>COOLVENT-System<\/strong> im R\u00fcckenbereich sorgt f\u00fcr eine gute W\u00e4rmeregulierung und leitet den Schwei\u00df schnell ab.<\/li>\n<li><strong>FLEXY RIBS<\/strong> an den Schultern f\u00fcr h\u00f6chsten Komfort.<\/li>\n<li>Reduzierte Anzahl von N\u00e4hten, um Scheuerstellen zu vermeiden.<\/li>\n<li>Reflektierendes UYN-Logo auf der R\u00fcckseite f\u00fcr schlechte Lichtverh\u00e4ltnisse.<\/li>\n<\/ul>\n<h4>Technologien<\/h4>\n<div id=\"tab-technology\" class=\"tab-pane active\" role=\"tabpanel\">\n<div class=\"tab-custom\">\n<div class=\"tab-items\">\n<div class=\"row\">\n<div class=\"col-xs-12 col-sm-4\">\n<div class=\"tab-item\">\n<div class=\"media media-md\">\n<div class=\"media-left\"><img loading=\"lazy\" decoding=\"async\" class=\"\" src=\"https:\/\/images.prismic.io\/uynsports\/558d27668629dc0d13a92787903add7452ef943d_coolvent.jpg?auto=compress,format\" alt=\"Coolvent\" width=\"88\" height=\"88\" \/><\/div>\n<div class=\"media-body\">\n<div class=\"title\">\n<div class=\"title\"><strong>Coolvent<\/strong><\/div>\n<p>Das Coolvent-Konzept steht f\u00fcr absoluten Komfort. Es basiert auf der offenen Struktur des Gewebes: Die innere Oberfl\u00e4che ist von Kan\u00e4len durchzogen, die einen konstanten Luftstrom f\u00f6rdern. Es absorbiert schnell den Schwei\u00df, k\u00fchlt den K\u00f6rper bei k\u00f6rperlicher Aktivit\u00e4t und h\u00e4lt die Haut stets trocken.<\/p>\n<\/div>\n<\/div>\n<\/div>\n<\/div>\n<\/div>\n<div class=\"col-xs-12 col-sm-4\">\n<div class=\"tab-item\">\n<div class=\"media media-md\">\n<div class=\"media-left\"><img loading=\"lazy\" decoding=\"async\" class=\"\" src=\"https:\/\/images.prismic.io\/uynsports\/527a70652da805d4a951d23b1d682161e9f97dcf_drylight.jpg?auto=compress,format\" alt=\"Drylight\" width=\"88\" height=\"88\" \/><\/div>\n<div class=\"media-body\">\n<div class=\"title\">\n<div class=\"title\"><strong>Drylight<\/strong><\/div>\n<p>Die Drylight-Technologie von UYN\u00ae sorgt f\u00fcr Komfort an allen Stellen des K\u00f6rpers, an denen sich Schwei\u00df ansammelt. Dank eines durchl\u00e4ssigeren und hochabsorbierenden Gestricks wird die Feuchtigkeit schnell nach au\u00dfen transportiert.<\/p>\n<\/div>\n<\/div>\n<\/div>\n<\/div>\n<\/div>\n<div class=\"col-xs-12 col-sm-4\">\n<div class=\"tab-item\">\n<div class=\"media media-md\">\n<div class=\"media-body\">\n<p>&nbsp;<\/p>\n<\/div>\n<\/div>\n<\/div>\n<\/div>\n<div class=\"col-xs-12 col-sm-4\">\n<div class=\"tab-item\">\n<div class=\"media media-md\">\n<div class=\"media-left\"><strong><img loading=\"lazy\" decoding=\"async\" class=\"\" src=\"https:\/\/images.prismic.io\/uynsports\/1304e00edf5a78c715bdc0f15cac1cece3921fad_meta-ribs-top.jpg?auto=compress,format\" alt=\"Meta-Ribs\" width=\"88\" height=\"88\" \/><\/strong><\/div>\n<div class=\"media-body\">\n<div class=\"title\">\n<div class=\"col-xs-12 col-sm-4\">\n<div class=\"tab-item\">\n<div class=\"media media-md\">\n<div class=\"media-body\">\n<div class=\"title\"><strong>Meta-Ribs<\/strong><\/div>\n<p>Dank der integrierten und stabilisierenden Meta-Ribs erm\u00f6glicht das Hypermotion\u00b2-System eine ideale K\u00f6rperhaltung, bei der sich der Brustkorb ausdehnen kann und so die Atmung erleichtert wird.<\/p>\n<\/div>\n<\/div>\n<\/div>\n<\/div>\n<div class=\"col-xs-12 col-sm-4\">\n<div class=\"tab-item\">\n<div class=\"media media-md\">\n<p>KOMMERZIELLE ZUSAMMENSETZUNG<span class=\"text-gray-400\">: 72% POLYAMID <\/span><span class=\"text-gray-400\">19% POLYESTER <\/span><span class=\"text-gray-400\">7% ELASTAN <\/span><span class=\"text-gray-400\">2% POLYPROPYLEN<\/span><\/p>\n<\/div>\n<\/div>\n<\/div>\n<\/div>\n<\/div>\n<\/div>\n<\/div>\n<\/div>\n<\/div>\n<\/div>\n<\/div>\n<\/div>\n<\/div>\n<\/div>\n","protected":false},"excerpt":{"rendered":"<p>Uyn Exceleration f\u00fcr Frauen ist ein hochtechnisches Trikot, das fortschrittliche Funktionen mit hochwertigen Materialien kombiniert, um perfekte Bel\u00fcftung, optimales Schwei\u00dfmanagement und Bewegungsfreiheit zu gew\u00e4hrleisten. Eigenschaften: Die4-WAYS VENTILATION Struktur im Brustbereich garantiert eine perfekte Bel\u00fcftung des K\u00f6rpers. Das COOLVENT-System im R\u00fcckenbereich sorgt f\u00fcr eine gute W\u00e4rmeregulierung und leitet den Schwei\u00df schnell ab. FLEXY RIBS an den &hellip; <a href=\"https:\/\/www.miomiorun.com\/de\/produkt\/running-exceleration-ow-shirt-damen\/\">Continued<\/a><\/p>\n","protected":false},"featured_media":67150,"template":"","meta":{"_acf_changed":false,"inline_featured_image":false},"product_brand":[],"product_cat":[6400,6401,6489,6485],"product_tag":[6315,6291],"class_list":{"0":"post-176150","1":"product","2":"type-product","3":"status-publish","4":"has-post-thumbnail","6":"product_cat-damen","7":"product_cat-damenbekleidung","8":"product_cat-dament-shirt-de","9":"product_cat-damenwaesche-de","10":"product_tag-uyn-de","11":"product_tag-uyn-damen-de","12":"pa_colore-exceleration-ow-shirt-w-rose-sunny-de","13":"pa_colore-exceleration-ow-shirt-w-turquoise-ash-de","14":"pa_marca-uyn-de","15":"pa_sesso-damen","16":"pa_size-extra-small-de","17":"pa_size-medium-de","19":"first","20":"instock","21":"sale","22":"taxable","23":"shipping-taxable","24":"purchasable","25":"product-type-variable","26":"wvs-archive-product-wrapper"},"acf":[],"yoast_head":"<!-- This site is optimized with the Yoast SEO plugin v26.8 - https:\/\/yoast.com\/product\/yoast-seo-wordpress\/ -->\n<title>Running Exceleration OW Shirt damen - T-shirt intim- MioMioRun<\/title>\n<meta name=\"description\" content=\"Das Uyn Exceleration f\u00fcr Frauen ist ein hochtechnisches Trikot f\u00fcr anspruchsvolle L\u00e4uferinnen, die Komfort und Leistung suchen.\" \/>\n<meta name=\"robots\" content=\"index, follow, max-snippet:-1, max-image-preview:large, max-video-preview:-1\" \/>\n<link rel=\"canonical\" href=\"https:\/\/www.miomiorun.com\/de\/produkt\/running-exceleration-ow-shirt-damen\/\" \/>\n<meta property=\"og:locale\" content=\"de_DE\" \/>\n<meta property=\"og:type\" content=\"article\" \/>\n<meta property=\"og:title\" content=\"Running Exceleration OW Shirt damen - T-shirt intim- MioMioRun\" \/>\n<meta property=\"og:description\" content=\"Das Uyn Exceleration f\u00fcr Frauen ist ein hochtechnisches Trikot f\u00fcr anspruchsvolle L\u00e4uferinnen, die Komfort und Leistung suchen.\" \/>\n<meta property=\"og:url\" content=\"https:\/\/www.miomiorun.com\/de\/produkt\/running-exceleration-ow-shirt-damen\/\" \/>\n<meta property=\"og:site_name\" content=\"MioMioRun\" \/>\n<meta property=\"article:publisher\" content=\"https:\/\/www.facebook.com\/miomiorun\/\" \/>\n<meta property=\"article:modified_time\" content=\"2024-07-31T15:48:05+00:00\" \/>\n<meta property=\"og:image\" content=\"https:\/\/www.miomiorun.com\/app\/uploads\/2022\/04\/uyn-exceleration-ow-shirt-W-turquoise-ash-O102338-93K699.jpg\" \/>\n\t<meta property=\"og:image:width\" content=\"600\" \/>\n\t<meta property=\"og:image:height\" content=\"600\" \/>\n\t<meta property=\"og:image:type\" content=\"image\/jpeg\" \/>\n<meta name=\"twitter:card\" content=\"summary_large_image\" \/>\n<meta name=\"twitter:label1\" content=\"Est. reading time\" \/>\n\t<meta name=\"twitter:data1\" content=\"1 minute\" \/>\n<script type=\"application\/ld+json\" class=\"yoast-schema-graph\">{\"@context\":\"https:\/\/schema.org\",\"@graph\":[{\"@type\":\"WebPage\",\"@id\":\"https:\/\/www.miomiorun.com\/de\/produkt\/running-exceleration-ow-shirt-damen\/\",\"url\":\"https:\/\/www.miomiorun.com\/de\/produkt\/running-exceleration-ow-shirt-damen\/\",\"name\":\"Running Exceleration OW Shirt damen - T-shirt intim- MioMioRun\",\"isPartOf\":{\"@id\":\"https:\/\/www.miomiorun.com\/de\/#website\"},\"primaryImageOfPage\":{\"@id\":\"https:\/\/www.miomiorun.com\/de\/produkt\/running-exceleration-ow-shirt-damen\/#primaryimage\"},\"image\":{\"@id\":\"https:\/\/www.miomiorun.com\/de\/produkt\/running-exceleration-ow-shirt-damen\/#primaryimage\"},\"thumbnailUrl\":\"https:\/\/www.miomiorun.com\/app\/uploads\/2022\/04\/uyn-exceleration-ow-shirt-W-turquoise-ash-O102338-93K699.jpg\",\"datePublished\":\"2022-03-23T11:18:10+00:00\",\"dateModified\":\"2024-07-31T15:48:05+00:00\",\"description\":\"Das Uyn Exceleration f\u00fcr Frauen ist ein hochtechnisches Trikot f\u00fcr anspruchsvolle L\u00e4uferinnen, die Komfort und Leistung suchen.\",\"breadcrumb\":{\"@id\":\"https:\/\/www.miomiorun.com\/de\/produkt\/running-exceleration-ow-shirt-damen\/#breadcrumb\"},\"inLanguage\":\"de-DE\",\"potentialAction\":[{\"@type\":\"ReadAction\",\"target\":[\"https:\/\/www.miomiorun.com\/de\/produkt\/running-exceleration-ow-shirt-damen\/\"]}]},{\"@type\":\"ImageObject\",\"inLanguage\":\"de-DE\",\"@id\":\"https:\/\/www.miomiorun.com\/de\/produkt\/running-exceleration-ow-shirt-damen\/#primaryimage\",\"url\":\"https:\/\/www.miomiorun.com\/app\/uploads\/2022\/04\/uyn-exceleration-ow-shirt-W-turquoise-ash-O102338-93K699.jpg\",\"contentUrl\":\"https:\/\/www.miomiorun.com\/app\/uploads\/2022\/04\/uyn-exceleration-ow-shirt-W-turquoise-ash-O102338-93K699.jpg\",\"width\":600,\"height\":600,\"caption\":\"uyn-exceleration-ow-shirt-W-turquoise-ash-O102338-93K699\"},{\"@type\":\"BreadcrumbList\",\"@id\":\"https:\/\/www.miomiorun.com\/de\/produkt\/running-exceleration-ow-shirt-damen\/#breadcrumb\",\"itemListElement\":[{\"@type\":\"ListItem\",\"position\":1,\"name\":\"Home\",\"item\":\"https:\/\/www.miomiorun.com\/de\/\"},{\"@type\":\"ListItem\",\"position\":2,\"name\":\"Shop\",\"item\":\"https:\/\/www.miomiorun.com\/shop\/\"},{\"@type\":\"ListItem\",\"position\":3,\"name\":\"Running Exceleration OW Shirt damen\"}]},{\"@type\":\"WebSite\",\"@id\":\"https:\/\/www.miomiorun.com\/de\/#website\",\"url\":\"https:\/\/www.miomiorun.com\/de\/\",\"name\":\"MioMioRun\",\"description\":\"100% Lauf- und Trailshop\",\"publisher\":{\"@id\":\"https:\/\/www.miomiorun.com\/de\/#organization\"},\"potentialAction\":[{\"@type\":\"SearchAction\",\"target\":{\"@type\":\"EntryPoint\",\"urlTemplate\":\"https:\/\/www.miomiorun.com\/de\/?s={search_term_string}\"},\"query-input\":{\"@type\":\"PropertyValueSpecification\",\"valueRequired\":true,\"valueName\":\"search_term_string\"}}],\"inLanguage\":\"de-DE\"},{\"@type\":\"Organization\",\"@id\":\"https:\/\/www.miomiorun.com\/de\/#organization\",\"name\":\"MioMio Run\",\"url\":\"https:\/\/www.miomiorun.com\/de\/\",\"logo\":{\"@type\":\"ImageObject\",\"inLanguage\":\"de-DE\",\"@id\":\"https:\/\/www.miomiorun.com\/de\/#\/schema\/logo\/image\/\",\"url\":\"https:\/\/www.miomiorun.com\/app\/uploads\/2019\/12\/logomio.png\",\"contentUrl\":\"https:\/\/www.miomiorun.com\/app\/uploads\/2019\/12\/logomio.png\",\"width\":115,\"height\":82,\"caption\":\"MioMio Run\"},\"image\":{\"@id\":\"https:\/\/www.miomiorun.com\/de\/#\/schema\/logo\/image\/\"},\"sameAs\":[\"https:\/\/www.facebook.com\/miomiorun\/\",\"https:\/\/www.instagram.com\/miomiorun\/\"]}]}<\/script>\n<!-- \/ Yoast SEO plugin. -->","yoast_head_json":{"title":"Running Exceleration OW Shirt damen - T-shirt intim- MioMioRun","description":"Das Uyn Exceleration f\u00fcr Frauen ist ein hochtechnisches Trikot f\u00fcr anspruchsvolle L\u00e4uferinnen, die Komfort und Leistung suchen.","robots":{"index":"index","follow":"follow","max-snippet":"max-snippet:-1","max-image-preview":"max-image-preview:large","max-video-preview":"max-video-preview:-1"},"canonical":"https:\/\/www.miomiorun.com\/de\/produkt\/running-exceleration-ow-shirt-damen\/","og_locale":"de_DE","og_type":"article","og_title":"Running Exceleration OW Shirt damen - T-shirt intim- MioMioRun","og_description":"Das Uyn Exceleration f\u00fcr Frauen ist ein hochtechnisches Trikot f\u00fcr anspruchsvolle L\u00e4uferinnen, die Komfort und Leistung suchen.","og_url":"https:\/\/www.miomiorun.com\/de\/produkt\/running-exceleration-ow-shirt-damen\/","og_site_name":"MioMioRun","article_publisher":"https:\/\/www.facebook.com\/miomiorun\/","article_modified_time":"2024-07-31T15:48:05+00:00","og_image":[{"width":600,"height":600,"url":"https:\/\/www.miomiorun.com\/app\/uploads\/2022\/04\/uyn-exceleration-ow-shirt-W-turquoise-ash-O102338-93K699.jpg","type":"image\/jpeg"}],"twitter_card":"summary_large_image","twitter_misc":{"Est. reading time":"1 minute"},"schema":{"@context":"https:\/\/schema.org","@graph":[{"@type":"WebPage","@id":"https:\/\/www.miomiorun.com\/de\/produkt\/running-exceleration-ow-shirt-damen\/","url":"https:\/\/www.miomiorun.com\/de\/produkt\/running-exceleration-ow-shirt-damen\/","name":"Running Exceleration OW Shirt damen - T-shirt intim- MioMioRun","isPartOf":{"@id":"https:\/\/www.miomiorun.com\/de\/#website"},"primaryImageOfPage":{"@id":"https:\/\/www.miomiorun.com\/de\/produkt\/running-exceleration-ow-shirt-damen\/#primaryimage"},"image":{"@id":"https:\/\/www.miomiorun.com\/de\/produkt\/running-exceleration-ow-shirt-damen\/#primaryimage"},"thumbnailUrl":"https:\/\/www.miomiorun.com\/app\/uploads\/2022\/04\/uyn-exceleration-ow-shirt-W-turquoise-ash-O102338-93K699.jpg","datePublished":"2022-03-23T11:18:10+00:00","dateModified":"2024-07-31T15:48:05+00:00","description":"Das Uyn Exceleration f\u00fcr Frauen ist ein hochtechnisches Trikot f\u00fcr anspruchsvolle L\u00e4uferinnen, die Komfort und Leistung suchen.","breadcrumb":{"@id":"https:\/\/www.miomiorun.com\/de\/produkt\/running-exceleration-ow-shirt-damen\/#breadcrumb"},"inLanguage":"de-DE","potentialAction":[{"@type":"ReadAction","target":["https:\/\/www.miomiorun.com\/de\/produkt\/running-exceleration-ow-shirt-damen\/"]}]},{"@type":"ImageObject","inLanguage":"de-DE","@id":"https:\/\/www.miomiorun.com\/de\/produkt\/running-exceleration-ow-shirt-damen\/#primaryimage","url":"https:\/\/www.miomiorun.com\/app\/uploads\/2022\/04\/uyn-exceleration-ow-shirt-W-turquoise-ash-O102338-93K699.jpg","contentUrl":"https:\/\/www.miomiorun.com\/app\/uploads\/2022\/04\/uyn-exceleration-ow-shirt-W-turquoise-ash-O102338-93K699.jpg","width":600,"height":600,"caption":"uyn-exceleration-ow-shirt-W-turquoise-ash-O102338-93K699"},{"@type":"BreadcrumbList","@id":"https:\/\/www.miomiorun.com\/de\/produkt\/running-exceleration-ow-shirt-damen\/#breadcrumb","itemListElement":[{"@type":"ListItem","position":1,"name":"Home","item":"https:\/\/www.miomiorun.com\/de\/"},{"@type":"ListItem","position":2,"name":"Shop","item":"https:\/\/www.miomiorun.com\/shop\/"},{"@type":"ListItem","position":3,"name":"Running Exceleration OW Shirt damen"}]},{"@type":"WebSite","@id":"https:\/\/www.miomiorun.com\/de\/#website","url":"https:\/\/www.miomiorun.com\/de\/","name":"MioMioRun","description":"100% Lauf- und Trailshop","publisher":{"@id":"https:\/\/www.miomiorun.com\/de\/#organization"},"potentialAction":[{"@type":"SearchAction","target":{"@type":"EntryPoint","urlTemplate":"https:\/\/www.miomiorun.com\/de\/?s={search_term_string}"},"query-input":{"@type":"PropertyValueSpecification","valueRequired":true,"valueName":"search_term_string"}}],"inLanguage":"de-DE"},{"@type":"Organization","@id":"https:\/\/www.miomiorun.com\/de\/#organization","name":"MioMio Run","url":"https:\/\/www.miomiorun.com\/de\/","logo":{"@type":"ImageObject","inLanguage":"de-DE","@id":"https:\/\/www.miomiorun.com\/de\/#\/schema\/logo\/image\/","url":"https:\/\/www.miomiorun.com\/app\/uploads\/2019\/12\/logomio.png","contentUrl":"https:\/\/www.miomiorun.com\/app\/uploads\/2019\/12\/logomio.png","width":115,"height":82,"caption":"MioMio Run"},"image":{"@id":"https:\/\/www.miomiorun.com\/de\/#\/schema\/logo\/image\/"},"sameAs":["https:\/\/www.facebook.com\/miomiorun\/","https:\/\/www.instagram.com\/miomiorun\/"]}]}},"_links":{"self":[{"href":"https:\/\/www.miomiorun.com\/de\/wp-json\/wp\/v2\/product\/176150","targetHints":{"allow":["GET"]}}],"collection":[{"href":"https:\/\/www.miomiorun.com\/de\/wp-json\/wp\/v2\/product"}],"about":[{"href":"https:\/\/www.miomiorun.com\/de\/wp-json\/wp\/v2\/types\/product"}],"wp:featuredmedia":[{"embeddable":true,"href":"https:\/\/www.miomiorun.com\/de\/wp-json\/wp\/v2\/media\/67150"}],"wp:attachment":[{"href":"https:\/\/www.miomiorun.com\/de\/wp-json\/wp\/v2\/media?parent=176150"}],"wp:term":[{"taxonomy":"product_brand","embeddable":true,"href":"https:\/\/www.miomiorun.com\/de\/wp-json\/wp\/v2\/product_brand?post=176150"},{"taxonomy":"product_cat","embeddable":true,"href":"https:\/\/www.miomiorun.com\/de\/wp-json\/wp\/v2\/product_cat?post=176150"},{"taxonomy":"product_tag","embeddable":true,"href":"https:\/\/www.miomiorun.com\/de\/wp-json\/wp\/v2\/product_tag?post=176150"}],"curies":[{"name":"wp","href":"https:\/\/api.w.org\/{rel}","templated":true}]}}