{"id":176142,"date":"2022-03-23T10:08:58","date_gmt":"2022-03-23T09:08:58","guid":{"rendered":"https:\/\/miomiorun.com\/prodotto\/uyn-lady-running-pb42-ow-shirt-donna\/"},"modified":"2024-07-31T17:44:26","modified_gmt":"2024-07-31T15:44:26","slug":"lady-running-pb42-ow-shirt-damen","status":"publish","type":"product","link":"https:\/\/www.miomiorun.com\/de\/produkt\/lady-running-pb42-ow-shirt-damen\/","title":{"rendered":"Lady Running PB42 OW Shirt damen"},"content":{"rendered":"<div class=\"tab-custom-inner-max content-wysiwyg\">\n<div class=\"tab-custom-inner-max content-wysiwyg\">Geschaffen, um Ihnen zu helfen, Ihre pers\u00f6nliche Bestleistung zu erreichen Anatomisch, atmungsaktiv und mit einer Passform, die entwickelt wurde, um Ihnen zu helfen, Ihre pers\u00f6nliche Bestleistung auf Langstreckenl\u00e4ufen zu erreichen. Das <strong>UYN PB42<\/strong> f\u00fcr Frauen ist das Trikot f\u00fcr die Welt des Laufsports, in dem das Wesentliche seine St\u00e4rke ist. An den Stellen, an denen sich Schwei\u00df ansammelt, hat der Stoff eine dreidimensionale Struktur, die eine gr\u00f6\u00dfere Luftzirkulation erm\u00f6glicht und den K\u00f6rper k\u00fchl und trocken h\u00e4lt. Die HYPERMOTION-Technologie im Schulter- und Armbereich sorgt f\u00fcr gro\u00dfe Bewegungsfreiheit und erm\u00f6glicht es dem K\u00f6rper, die korrekteste Laufhaltung beizubehalten.<\/div>\n<div class=\"tab-custom-inner-max content-wysiwyg\">\n<div class=\"product-line\">\n<p><strong>Eigenschaften:<\/strong><\/p>\n<ul>\n<li>\n<p class=\"mb-2\">COOLVENT-System an Brust und R\u00fccken sorgt f\u00fcr eine gute W\u00e4rmeregulierung und leitet den Schwei\u00df schnell ab.<\/p>\n<\/li>\n<li>\n<p class=\"mb-2\">Unterarme mit DRYLIGHT-Technologie f\u00fcr verbesserte Bel\u00fcftung.<\/p>\n<\/li>\n<li>\n<p class=\"mb-2\">HYPERMOTION-Technologie an Schultern und Armen ohne vertikale N\u00e4hte. Reduziert Scheuerstellen, unterst\u00fctzt die K\u00f6rperhaltung und bietet Bewegungsfreiheit.<\/p>\n<\/li>\n<li>\n<p class=\"mb-2\">Dreidimensionale Gewebekonstruktion im Bauch- und unteren R\u00fcckenbereich, die eine Luftzirkulation erm\u00f6glicht.<\/p>\n<\/li>\n<li>\n<p class=\"mb-2\">Reflektierendes UYN-Logo auf dem R\u00fccken f\u00fcr schlechte Lichtverh\u00e4ltnisse.<\/p>\n<\/li>\n<\/ul>\n<\/div>\n<\/div>\n<\/div>\n","protected":false},"excerpt":{"rendered":"<p>Geschaffen, um Ihnen zu helfen, Ihre pers\u00f6nliche Bestleistung zu erreichen Anatomisch, atmungsaktiv und mit einer Passform, die entwickelt wurde, um Ihnen zu helfen, Ihre pers\u00f6nliche Bestleistung auf Langstreckenl\u00e4ufen zu erreichen. Das UYN PB42 f\u00fcr Frauen ist das Trikot f\u00fcr die Welt des Laufsports, in dem das Wesentliche seine St\u00e4rke ist. An den Stellen, an denen &hellip; <a href=\"https:\/\/www.miomiorun.com\/de\/produkt\/lady-running-pb42-ow-shirt-damen\/\">Continued<\/a><\/p>\n","protected":false},"featured_media":64715,"template":"","meta":{"_acf_changed":false,"inline_featured_image":false},"product_brand":[],"product_cat":[6400,6401,6489,6485],"product_tag":[6315,6291],"class_list":{"0":"post-176142","1":"product","2":"type-product","3":"status-publish","4":"has-post-thumbnail","6":"product_cat-damen","7":"product_cat-damenbekleidung","8":"product_cat-dament-shirt-de","9":"product_cat-damenwaesche-de","10":"product_tag-uyn-de","11":"product_tag-uyn-damen-de","12":"pa_attivita-running-de","13":"pa_colore-running-pb42-ow-shirt-purple-true-navy-de","14":"pa_colore-running-pb42-ow-shirt-w-blue-radiance-pe-de","15":"pa_marca-uyn-de","16":"pa_sesso-damen","17":"pa_size-extra-small-de","18":"pa_size-small-de","20":"first","21":"instock","22":"sale","23":"taxable","24":"shipping-taxable","25":"purchasable","26":"product-type-variable","27":"wvs-archive-product-wrapper"},"acf":[],"yoast_head":"<!-- This site is optimized with the Yoast SEO plugin v26.8 - https:\/\/yoast.com\/product\/yoast-seo-wordpress\/ -->\n<title>Uyn Lady Running PB42 OW Shirt damen - T-shirt intim- MioMioRun.com<\/title>\n<meta name=\"description\" content=\"Das UYN PB42 f\u00fcr Frauen ist ein spezielles Lauftrikot, das das Wesentliche zu seiner St\u00e4rke macht. Es nutzt die HYPERMOTION-Technologie an den Armen.\" \/>\n<meta name=\"robots\" content=\"index, follow, max-snippet:-1, max-image-preview:large, max-video-preview:-1\" \/>\n<link rel=\"canonical\" href=\"https:\/\/www.miomiorun.com\/de\/produkt\/lady-running-pb42-ow-shirt-damen\/\" \/>\n<meta property=\"og:locale\" content=\"de_DE\" \/>\n<meta property=\"og:type\" content=\"article\" \/>\n<meta property=\"og:title\" content=\"Uyn Lady Running PB42 OW Shirt damen - T-shirt intim- MioMioRun.com\" \/>\n<meta property=\"og:description\" content=\"Das UYN PB42 f\u00fcr Frauen ist ein spezielles Lauftrikot, das das Wesentliche zu seiner St\u00e4rke macht. Es nutzt die HYPERMOTION-Technologie an den Armen.\" \/>\n<meta property=\"og:url\" content=\"https:\/\/www.miomiorun.com\/de\/produkt\/lady-running-pb42-ow-shirt-damen\/\" \/>\n<meta property=\"og:site_name\" content=\"MioMioRun\" \/>\n<meta property=\"article:publisher\" content=\"https:\/\/www.facebook.com\/miomiorun\/\" \/>\n<meta property=\"article:modified_time\" content=\"2024-07-31T15:44:26+00:00\" \/>\n<meta property=\"og:image\" content=\"https:\/\/www.miomiorun.com\/app\/uploads\/2022\/03\/uyn-running-PB42-OW-shirt-purple-true-navy-O102301-93V199.jpg\" \/>\n\t<meta property=\"og:image:width\" content=\"600\" \/>\n\t<meta property=\"og:image:height\" content=\"600\" \/>\n\t<meta property=\"og:image:type\" content=\"image\/jpeg\" \/>\n<meta name=\"twitter:card\" content=\"summary_large_image\" \/>\n<meta name=\"twitter:label1\" content=\"Est. reading time\" \/>\n\t<meta name=\"twitter:data1\" content=\"1 minute\" \/>\n<script type=\"application\/ld+json\" class=\"yoast-schema-graph\">{\"@context\":\"https:\/\/schema.org\",\"@graph\":[{\"@type\":\"WebPage\",\"@id\":\"https:\/\/www.miomiorun.com\/de\/produkt\/lady-running-pb42-ow-shirt-damen\/\",\"url\":\"https:\/\/www.miomiorun.com\/de\/produkt\/lady-running-pb42-ow-shirt-damen\/\",\"name\":\"Uyn Lady Running PB42 OW Shirt damen - T-shirt intim- MioMioRun.com\",\"isPartOf\":{\"@id\":\"https:\/\/www.miomiorun.com\/de\/#website\"},\"primaryImageOfPage\":{\"@id\":\"https:\/\/www.miomiorun.com\/de\/produkt\/lady-running-pb42-ow-shirt-damen\/#primaryimage\"},\"image\":{\"@id\":\"https:\/\/www.miomiorun.com\/de\/produkt\/lady-running-pb42-ow-shirt-damen\/#primaryimage\"},\"thumbnailUrl\":\"https:\/\/www.miomiorun.com\/app\/uploads\/2022\/03\/uyn-running-PB42-OW-shirt-purple-true-navy-O102301-93V199.jpg\",\"datePublished\":\"2022-03-23T09:08:58+00:00\",\"dateModified\":\"2024-07-31T15:44:26+00:00\",\"description\":\"Das UYN PB42 f\u00fcr Frauen ist ein spezielles Lauftrikot, das das Wesentliche zu seiner St\u00e4rke macht. Es nutzt die HYPERMOTION-Technologie an den Armen.\",\"breadcrumb\":{\"@id\":\"https:\/\/www.miomiorun.com\/de\/produkt\/lady-running-pb42-ow-shirt-damen\/#breadcrumb\"},\"inLanguage\":\"de-DE\",\"potentialAction\":[{\"@type\":\"ReadAction\",\"target\":[\"https:\/\/www.miomiorun.com\/de\/produkt\/lady-running-pb42-ow-shirt-damen\/\"]}]},{\"@type\":\"ImageObject\",\"inLanguage\":\"de-DE\",\"@id\":\"https:\/\/www.miomiorun.com\/de\/produkt\/lady-running-pb42-ow-shirt-damen\/#primaryimage\",\"url\":\"https:\/\/www.miomiorun.com\/app\/uploads\/2022\/03\/uyn-running-PB42-OW-shirt-purple-true-navy-O102301-93V199.jpg\",\"contentUrl\":\"https:\/\/www.miomiorun.com\/app\/uploads\/2022\/03\/uyn-running-PB42-OW-shirt-purple-true-navy-O102301-93V199.jpg\",\"width\":600,\"height\":600,\"caption\":\"uyn-running-PB42-OW-shirt-purple-true-navy-O102301-93V199\"},{\"@type\":\"BreadcrumbList\",\"@id\":\"https:\/\/www.miomiorun.com\/de\/produkt\/lady-running-pb42-ow-shirt-damen\/#breadcrumb\",\"itemListElement\":[{\"@type\":\"ListItem\",\"position\":1,\"name\":\"Home\",\"item\":\"https:\/\/www.miomiorun.com\/de\/\"},{\"@type\":\"ListItem\",\"position\":2,\"name\":\"Shop\",\"item\":\"https:\/\/www.miomiorun.com\/shop\/\"},{\"@type\":\"ListItem\",\"position\":3,\"name\":\"Lady Running PB42 OW Shirt damen\"}]},{\"@type\":\"WebSite\",\"@id\":\"https:\/\/www.miomiorun.com\/de\/#website\",\"url\":\"https:\/\/www.miomiorun.com\/de\/\",\"name\":\"MioMioRun\",\"description\":\"100% Lauf- und Trailshop\",\"publisher\":{\"@id\":\"https:\/\/www.miomiorun.com\/de\/#organization\"},\"potentialAction\":[{\"@type\":\"SearchAction\",\"target\":{\"@type\":\"EntryPoint\",\"urlTemplate\":\"https:\/\/www.miomiorun.com\/de\/?s={search_term_string}\"},\"query-input\":{\"@type\":\"PropertyValueSpecification\",\"valueRequired\":true,\"valueName\":\"search_term_string\"}}],\"inLanguage\":\"de-DE\"},{\"@type\":\"Organization\",\"@id\":\"https:\/\/www.miomiorun.com\/de\/#organization\",\"name\":\"MioMio Run\",\"url\":\"https:\/\/www.miomiorun.com\/de\/\",\"logo\":{\"@type\":\"ImageObject\",\"inLanguage\":\"de-DE\",\"@id\":\"https:\/\/www.miomiorun.com\/de\/#\/schema\/logo\/image\/\",\"url\":\"https:\/\/www.miomiorun.com\/app\/uploads\/2019\/12\/logomio.png\",\"contentUrl\":\"https:\/\/www.miomiorun.com\/app\/uploads\/2019\/12\/logomio.png\",\"width\":115,\"height\":82,\"caption\":\"MioMio Run\"},\"image\":{\"@id\":\"https:\/\/www.miomiorun.com\/de\/#\/schema\/logo\/image\/\"},\"sameAs\":[\"https:\/\/www.facebook.com\/miomiorun\/\",\"https:\/\/www.instagram.com\/miomiorun\/\"]}]}<\/script>\n<!-- \/ Yoast SEO plugin. -->","yoast_head_json":{"title":"Uyn Lady Running PB42 OW Shirt damen - T-shirt intim- MioMioRun.com","description":"Das UYN PB42 f\u00fcr Frauen ist ein spezielles Lauftrikot, das das Wesentliche zu seiner St\u00e4rke macht. Es nutzt die HYPERMOTION-Technologie an den Armen.","robots":{"index":"index","follow":"follow","max-snippet":"max-snippet:-1","max-image-preview":"max-image-preview:large","max-video-preview":"max-video-preview:-1"},"canonical":"https:\/\/www.miomiorun.com\/de\/produkt\/lady-running-pb42-ow-shirt-damen\/","og_locale":"de_DE","og_type":"article","og_title":"Uyn Lady Running PB42 OW Shirt damen - T-shirt intim- MioMioRun.com","og_description":"Das UYN PB42 f\u00fcr Frauen ist ein spezielles Lauftrikot, das das Wesentliche zu seiner St\u00e4rke macht. Es nutzt die HYPERMOTION-Technologie an den Armen.","og_url":"https:\/\/www.miomiorun.com\/de\/produkt\/lady-running-pb42-ow-shirt-damen\/","og_site_name":"MioMioRun","article_publisher":"https:\/\/www.facebook.com\/miomiorun\/","article_modified_time":"2024-07-31T15:44:26+00:00","og_image":[{"width":600,"height":600,"url":"https:\/\/www.miomiorun.com\/app\/uploads\/2022\/03\/uyn-running-PB42-OW-shirt-purple-true-navy-O102301-93V199.jpg","type":"image\/jpeg"}],"twitter_card":"summary_large_image","twitter_misc":{"Est. reading time":"1 minute"},"schema":{"@context":"https:\/\/schema.org","@graph":[{"@type":"WebPage","@id":"https:\/\/www.miomiorun.com\/de\/produkt\/lady-running-pb42-ow-shirt-damen\/","url":"https:\/\/www.miomiorun.com\/de\/produkt\/lady-running-pb42-ow-shirt-damen\/","name":"Uyn Lady Running PB42 OW Shirt damen - T-shirt intim- MioMioRun.com","isPartOf":{"@id":"https:\/\/www.miomiorun.com\/de\/#website"},"primaryImageOfPage":{"@id":"https:\/\/www.miomiorun.com\/de\/produkt\/lady-running-pb42-ow-shirt-damen\/#primaryimage"},"image":{"@id":"https:\/\/www.miomiorun.com\/de\/produkt\/lady-running-pb42-ow-shirt-damen\/#primaryimage"},"thumbnailUrl":"https:\/\/www.miomiorun.com\/app\/uploads\/2022\/03\/uyn-running-PB42-OW-shirt-purple-true-navy-O102301-93V199.jpg","datePublished":"2022-03-23T09:08:58+00:00","dateModified":"2024-07-31T15:44:26+00:00","description":"Das UYN PB42 f\u00fcr Frauen ist ein spezielles Lauftrikot, das das Wesentliche zu seiner St\u00e4rke macht. Es nutzt die HYPERMOTION-Technologie an den Armen.","breadcrumb":{"@id":"https:\/\/www.miomiorun.com\/de\/produkt\/lady-running-pb42-ow-shirt-damen\/#breadcrumb"},"inLanguage":"de-DE","potentialAction":[{"@type":"ReadAction","target":["https:\/\/www.miomiorun.com\/de\/produkt\/lady-running-pb42-ow-shirt-damen\/"]}]},{"@type":"ImageObject","inLanguage":"de-DE","@id":"https:\/\/www.miomiorun.com\/de\/produkt\/lady-running-pb42-ow-shirt-damen\/#primaryimage","url":"https:\/\/www.miomiorun.com\/app\/uploads\/2022\/03\/uyn-running-PB42-OW-shirt-purple-true-navy-O102301-93V199.jpg","contentUrl":"https:\/\/www.miomiorun.com\/app\/uploads\/2022\/03\/uyn-running-PB42-OW-shirt-purple-true-navy-O102301-93V199.jpg","width":600,"height":600,"caption":"uyn-running-PB42-OW-shirt-purple-true-navy-O102301-93V199"},{"@type":"BreadcrumbList","@id":"https:\/\/www.miomiorun.com\/de\/produkt\/lady-running-pb42-ow-shirt-damen\/#breadcrumb","itemListElement":[{"@type":"ListItem","position":1,"name":"Home","item":"https:\/\/www.miomiorun.com\/de\/"},{"@type":"ListItem","position":2,"name":"Shop","item":"https:\/\/www.miomiorun.com\/shop\/"},{"@type":"ListItem","position":3,"name":"Lady Running PB42 OW Shirt damen"}]},{"@type":"WebSite","@id":"https:\/\/www.miomiorun.com\/de\/#website","url":"https:\/\/www.miomiorun.com\/de\/","name":"MioMioRun","description":"100% Lauf- und Trailshop","publisher":{"@id":"https:\/\/www.miomiorun.com\/de\/#organization"},"potentialAction":[{"@type":"SearchAction","target":{"@type":"EntryPoint","urlTemplate":"https:\/\/www.miomiorun.com\/de\/?s={search_term_string}"},"query-input":{"@type":"PropertyValueSpecification","valueRequired":true,"valueName":"search_term_string"}}],"inLanguage":"de-DE"},{"@type":"Organization","@id":"https:\/\/www.miomiorun.com\/de\/#organization","name":"MioMio Run","url":"https:\/\/www.miomiorun.com\/de\/","logo":{"@type":"ImageObject","inLanguage":"de-DE","@id":"https:\/\/www.miomiorun.com\/de\/#\/schema\/logo\/image\/","url":"https:\/\/www.miomiorun.com\/app\/uploads\/2019\/12\/logomio.png","contentUrl":"https:\/\/www.miomiorun.com\/app\/uploads\/2019\/12\/logomio.png","width":115,"height":82,"caption":"MioMio Run"},"image":{"@id":"https:\/\/www.miomiorun.com\/de\/#\/schema\/logo\/image\/"},"sameAs":["https:\/\/www.facebook.com\/miomiorun\/","https:\/\/www.instagram.com\/miomiorun\/"]}]}},"_links":{"self":[{"href":"https:\/\/www.miomiorun.com\/de\/wp-json\/wp\/v2\/product\/176142","targetHints":{"allow":["GET"]}}],"collection":[{"href":"https:\/\/www.miomiorun.com\/de\/wp-json\/wp\/v2\/product"}],"about":[{"href":"https:\/\/www.miomiorun.com\/de\/wp-json\/wp\/v2\/types\/product"}],"wp:featuredmedia":[{"embeddable":true,"href":"https:\/\/www.miomiorun.com\/de\/wp-json\/wp\/v2\/media\/64715"}],"wp:attachment":[{"href":"https:\/\/www.miomiorun.com\/de\/wp-json\/wp\/v2\/media?parent=176142"}],"wp:term":[{"taxonomy":"product_brand","embeddable":true,"href":"https:\/\/www.miomiorun.com\/de\/wp-json\/wp\/v2\/product_brand?post=176142"},{"taxonomy":"product_cat","embeddable":true,"href":"https:\/\/www.miomiorun.com\/de\/wp-json\/wp\/v2\/product_cat?post=176142"},{"taxonomy":"product_tag","embeddable":true,"href":"https:\/\/www.miomiorun.com\/de\/wp-json\/wp\/v2\/product_tag?post=176142"}],"curies":[{"name":"wp","href":"https:\/\/api.w.org\/{rel}","templated":true}]}}