{"id":176137,"date":"2023-03-08T15:22:50","date_gmt":"2023-03-08T14:22:50","guid":{"rendered":"https:\/\/miomiorun.com\/prodotto\/distance-short-sleeve-2-0-donna\/"},"modified":"2024-07-31T18:07:23","modified_gmt":"2024-07-31T16:07:23","slug":"distance-short-sleeve-2-0-damen","status":"publish","type":"product","link":"https:\/\/www.miomiorun.com\/de\/produkt\/distance-short-sleeve-2-0-damen\/","title":{"rendered":"Distance Short Sleeve 2.0 damen"},"content":{"rendered":"<h2>Hinter diesem T-Shirt steckt mehr, als man auf den ersten Blick sieht.<\/h2>\n<p>Aktualisieren Sie Ihre Laufsachen mit dem leichten <strong>Distance Short Sleeve 2.<\/strong> 0 T-Shirt f\u00fcr Damen. Das weiche, schnell trocknende Material leitet Schwei\u00df ab, w\u00e4hrend die f\u00fcr den Laufsport entwickelte Passform ablenkungsfreien Komfort bietet.<\/p>\n<h3>Eigenschaften:<\/h3>\n<ul class=\"m-long-description__features\">\n<li class=\"m-long-description__feature\">Schnell trocknend<\/li>\n<li class=\"m-long-description__feature\">Ultraweich<\/li>\n<li class=\"m-long-description__feature\">Ideale Passform zum Laufen<\/li>\n<\/ul>\n","protected":false},"excerpt":{"rendered":"<ul class=\"m-long-description__features\">\n<li class=\"m-long-description__feature\">Schnell trocknend<\/li>\n<li class=\"m-long-description__feature\">Ultraweich<\/li>\n<li class=\"m-long-description__feature\">Ideale Passform zum Laufen<\/li>\n<\/ul>\n","protected":false},"featured_media":120627,"template":"","meta":{"_acf_changed":false,"inline_featured_image":false},"product_brand":[],"product_cat":[6400,6401,6489],"product_tag":[3362,6205],"class_list":{"0":"post-176137","1":"product","2":"type-product","3":"status-publish","4":"has-post-thumbnail","6":"product_cat-damen","7":"product_cat-damenbekleidung","8":"product_cat-dament-shirt-de","9":"product_tag-brooks-de","10":"product_tag-brooks-damen-de","11":"pa_attivita-gehen","12":"pa_attivita-running-de","13":"pa_colore-distance-short-sleeeve-2-0-w-htr-bright-de","14":"pa_marca-brooks-de","15":"pa_sesso-damen","16":"pa_size-extra-small-de","17":"pa_size-small-de","18":"pa_size-medium-de","20":"first","21":"instock","22":"sale","23":"taxable","24":"shipping-taxable","25":"purchasable","26":"product-type-variable","27":"wvs-archive-product-wrapper"},"acf":[],"yoast_head":"<!-- This site is optimized with the Yoast SEO plugin v26.8 - https:\/\/yoast.com\/product\/yoast-seo-wordpress\/ -->\n<title>Brooks Distance Short Sleeve 2.0 damen -Lauf-T-Shirt - MioMioRun<\/title>\n<meta name=\"description\" content=\"Das weiche, schnell trocknende Material leitet Schwei\u00df ab, w\u00e4hrend die f\u00fcr den Laufsport entwickelte Passform ablenkungsfreien Komfort bietet.\" \/>\n<meta name=\"robots\" content=\"index, follow, max-snippet:-1, max-image-preview:large, max-video-preview:-1\" \/>\n<link rel=\"canonical\" href=\"https:\/\/www.miomiorun.com\/de\/produkt\/distance-short-sleeve-2-0-damen\/\" \/>\n<meta property=\"og:locale\" content=\"de_DE\" \/>\n<meta property=\"og:type\" content=\"article\" \/>\n<meta property=\"og:title\" content=\"Brooks Distance Short Sleeve 2.0 damen -Lauf-T-Shirt - MioMioRun\" \/>\n<meta property=\"og:description\" content=\"Das weiche, schnell trocknende Material leitet Schwei\u00df ab, w\u00e4hrend die f\u00fcr den Laufsport entwickelte Passform ablenkungsfreien Komfort bietet.\" \/>\n<meta property=\"og:url\" content=\"https:\/\/www.miomiorun.com\/de\/produkt\/distance-short-sleeve-2-0-damen\/\" \/>\n<meta property=\"og:site_name\" content=\"MioMioRun\" \/>\n<meta property=\"article:publisher\" content=\"https:\/\/www.facebook.com\/miomiorun\/\" \/>\n<meta property=\"article:modified_time\" content=\"2024-07-31T16:07:23+00:00\" \/>\n<meta property=\"og:image\" content=\"https:\/\/www.miomiorun.com\/app\/uploads\/2023\/05\/brooks-distance-short-sleeve-2.0-W-pacific-br-Mountain-Run-221614487.jpg\" \/>\n\t<meta property=\"og:image:width\" content=\"600\" \/>\n\t<meta property=\"og:image:height\" content=\"600\" \/>\n\t<meta property=\"og:image:type\" content=\"image\/jpeg\" \/>\n<meta name=\"twitter:card\" content=\"summary_large_image\" \/>\n<script type=\"application\/ld+json\" class=\"yoast-schema-graph\">{\"@context\":\"https:\/\/schema.org\",\"@graph\":[{\"@type\":\"WebPage\",\"@id\":\"https:\/\/www.miomiorun.com\/de\/produkt\/distance-short-sleeve-2-0-damen\/\",\"url\":\"https:\/\/www.miomiorun.com\/de\/produkt\/distance-short-sleeve-2-0-damen\/\",\"name\":\"Brooks Distance Short Sleeve 2.0 damen -Lauf-T-Shirt - MioMioRun\",\"isPartOf\":{\"@id\":\"https:\/\/www.miomiorun.com\/de\/#website\"},\"primaryImageOfPage\":{\"@id\":\"https:\/\/www.miomiorun.com\/de\/produkt\/distance-short-sleeve-2-0-damen\/#primaryimage\"},\"image\":{\"@id\":\"https:\/\/www.miomiorun.com\/de\/produkt\/distance-short-sleeve-2-0-damen\/#primaryimage\"},\"thumbnailUrl\":\"https:\/\/www.miomiorun.com\/app\/uploads\/2023\/05\/brooks-distance-short-sleeve-2.0-W-pacific-br-Mountain-Run-221614487.jpg\",\"datePublished\":\"2023-03-08T14:22:50+00:00\",\"dateModified\":\"2024-07-31T16:07:23+00:00\",\"description\":\"Das weiche, schnell trocknende Material leitet Schwei\u00df ab, w\u00e4hrend die f\u00fcr den Laufsport entwickelte Passform ablenkungsfreien Komfort bietet.\",\"breadcrumb\":{\"@id\":\"https:\/\/www.miomiorun.com\/de\/produkt\/distance-short-sleeve-2-0-damen\/#breadcrumb\"},\"inLanguage\":\"de-DE\",\"potentialAction\":[{\"@type\":\"ReadAction\",\"target\":[\"https:\/\/www.miomiorun.com\/de\/produkt\/distance-short-sleeve-2-0-damen\/\"]}]},{\"@type\":\"ImageObject\",\"inLanguage\":\"de-DE\",\"@id\":\"https:\/\/www.miomiorun.com\/de\/produkt\/distance-short-sleeve-2-0-damen\/#primaryimage\",\"url\":\"https:\/\/www.miomiorun.com\/app\/uploads\/2023\/05\/brooks-distance-short-sleeve-2.0-W-pacific-br-Mountain-Run-221614487.jpg\",\"contentUrl\":\"https:\/\/www.miomiorun.com\/app\/uploads\/2023\/05\/brooks-distance-short-sleeve-2.0-W-pacific-br-Mountain-Run-221614487.jpg\",\"width\":600,\"height\":600,\"caption\":\"brooks-distance-short-sleeve-2.0-W-pacific-br-Mountain-Run-221614487\"},{\"@type\":\"BreadcrumbList\",\"@id\":\"https:\/\/www.miomiorun.com\/de\/produkt\/distance-short-sleeve-2-0-damen\/#breadcrumb\",\"itemListElement\":[{\"@type\":\"ListItem\",\"position\":1,\"name\":\"Home\",\"item\":\"https:\/\/www.miomiorun.com\/de\/\"},{\"@type\":\"ListItem\",\"position\":2,\"name\":\"Shop\",\"item\":\"https:\/\/www.miomiorun.com\/shop\/\"},{\"@type\":\"ListItem\",\"position\":3,\"name\":\"Distance Short Sleeve 2.0 damen\"}]},{\"@type\":\"WebSite\",\"@id\":\"https:\/\/www.miomiorun.com\/de\/#website\",\"url\":\"https:\/\/www.miomiorun.com\/de\/\",\"name\":\"MioMioRun\",\"description\":\"100% Lauf- und Trailshop\",\"publisher\":{\"@id\":\"https:\/\/www.miomiorun.com\/de\/#organization\"},\"potentialAction\":[{\"@type\":\"SearchAction\",\"target\":{\"@type\":\"EntryPoint\",\"urlTemplate\":\"https:\/\/www.miomiorun.com\/de\/?s={search_term_string}\"},\"query-input\":{\"@type\":\"PropertyValueSpecification\",\"valueRequired\":true,\"valueName\":\"search_term_string\"}}],\"inLanguage\":\"de-DE\"},{\"@type\":\"Organization\",\"@id\":\"https:\/\/www.miomiorun.com\/de\/#organization\",\"name\":\"MioMio Run\",\"url\":\"https:\/\/www.miomiorun.com\/de\/\",\"logo\":{\"@type\":\"ImageObject\",\"inLanguage\":\"de-DE\",\"@id\":\"https:\/\/www.miomiorun.com\/de\/#\/schema\/logo\/image\/\",\"url\":\"https:\/\/www.miomiorun.com\/app\/uploads\/2019\/12\/logomio.png\",\"contentUrl\":\"https:\/\/www.miomiorun.com\/app\/uploads\/2019\/12\/logomio.png\",\"width\":115,\"height\":82,\"caption\":\"MioMio Run\"},\"image\":{\"@id\":\"https:\/\/www.miomiorun.com\/de\/#\/schema\/logo\/image\/\"},\"sameAs\":[\"https:\/\/www.facebook.com\/miomiorun\/\",\"https:\/\/www.instagram.com\/miomiorun\/\"]}]}<\/script>\n<!-- \/ Yoast SEO plugin. -->","yoast_head_json":{"title":"Brooks Distance Short Sleeve 2.0 damen -Lauf-T-Shirt - MioMioRun","description":"Das weiche, schnell trocknende Material leitet Schwei\u00df ab, w\u00e4hrend die f\u00fcr den Laufsport entwickelte Passform ablenkungsfreien Komfort bietet.","robots":{"index":"index","follow":"follow","max-snippet":"max-snippet:-1","max-image-preview":"max-image-preview:large","max-video-preview":"max-video-preview:-1"},"canonical":"https:\/\/www.miomiorun.com\/de\/produkt\/distance-short-sleeve-2-0-damen\/","og_locale":"de_DE","og_type":"article","og_title":"Brooks Distance Short Sleeve 2.0 damen -Lauf-T-Shirt - MioMioRun","og_description":"Das weiche, schnell trocknende Material leitet Schwei\u00df ab, w\u00e4hrend die f\u00fcr den Laufsport entwickelte Passform ablenkungsfreien Komfort bietet.","og_url":"https:\/\/www.miomiorun.com\/de\/produkt\/distance-short-sleeve-2-0-damen\/","og_site_name":"MioMioRun","article_publisher":"https:\/\/www.facebook.com\/miomiorun\/","article_modified_time":"2024-07-31T16:07:23+00:00","og_image":[{"width":600,"height":600,"url":"https:\/\/www.miomiorun.com\/app\/uploads\/2023\/05\/brooks-distance-short-sleeve-2.0-W-pacific-br-Mountain-Run-221614487.jpg","type":"image\/jpeg"}],"twitter_card":"summary_large_image","schema":{"@context":"https:\/\/schema.org","@graph":[{"@type":"WebPage","@id":"https:\/\/www.miomiorun.com\/de\/produkt\/distance-short-sleeve-2-0-damen\/","url":"https:\/\/www.miomiorun.com\/de\/produkt\/distance-short-sleeve-2-0-damen\/","name":"Brooks Distance Short Sleeve 2.0 damen -Lauf-T-Shirt - MioMioRun","isPartOf":{"@id":"https:\/\/www.miomiorun.com\/de\/#website"},"primaryImageOfPage":{"@id":"https:\/\/www.miomiorun.com\/de\/produkt\/distance-short-sleeve-2-0-damen\/#primaryimage"},"image":{"@id":"https:\/\/www.miomiorun.com\/de\/produkt\/distance-short-sleeve-2-0-damen\/#primaryimage"},"thumbnailUrl":"https:\/\/www.miomiorun.com\/app\/uploads\/2023\/05\/brooks-distance-short-sleeve-2.0-W-pacific-br-Mountain-Run-221614487.jpg","datePublished":"2023-03-08T14:22:50+00:00","dateModified":"2024-07-31T16:07:23+00:00","description":"Das weiche, schnell trocknende Material leitet Schwei\u00df ab, w\u00e4hrend die f\u00fcr den Laufsport entwickelte Passform ablenkungsfreien Komfort bietet.","breadcrumb":{"@id":"https:\/\/www.miomiorun.com\/de\/produkt\/distance-short-sleeve-2-0-damen\/#breadcrumb"},"inLanguage":"de-DE","potentialAction":[{"@type":"ReadAction","target":["https:\/\/www.miomiorun.com\/de\/produkt\/distance-short-sleeve-2-0-damen\/"]}]},{"@type":"ImageObject","inLanguage":"de-DE","@id":"https:\/\/www.miomiorun.com\/de\/produkt\/distance-short-sleeve-2-0-damen\/#primaryimage","url":"https:\/\/www.miomiorun.com\/app\/uploads\/2023\/05\/brooks-distance-short-sleeve-2.0-W-pacific-br-Mountain-Run-221614487.jpg","contentUrl":"https:\/\/www.miomiorun.com\/app\/uploads\/2023\/05\/brooks-distance-short-sleeve-2.0-W-pacific-br-Mountain-Run-221614487.jpg","width":600,"height":600,"caption":"brooks-distance-short-sleeve-2.0-W-pacific-br-Mountain-Run-221614487"},{"@type":"BreadcrumbList","@id":"https:\/\/www.miomiorun.com\/de\/produkt\/distance-short-sleeve-2-0-damen\/#breadcrumb","itemListElement":[{"@type":"ListItem","position":1,"name":"Home","item":"https:\/\/www.miomiorun.com\/de\/"},{"@type":"ListItem","position":2,"name":"Shop","item":"https:\/\/www.miomiorun.com\/shop\/"},{"@type":"ListItem","position":3,"name":"Distance Short Sleeve 2.0 damen"}]},{"@type":"WebSite","@id":"https:\/\/www.miomiorun.com\/de\/#website","url":"https:\/\/www.miomiorun.com\/de\/","name":"MioMioRun","description":"100% Lauf- und Trailshop","publisher":{"@id":"https:\/\/www.miomiorun.com\/de\/#organization"},"potentialAction":[{"@type":"SearchAction","target":{"@type":"EntryPoint","urlTemplate":"https:\/\/www.miomiorun.com\/de\/?s={search_term_string}"},"query-input":{"@type":"PropertyValueSpecification","valueRequired":true,"valueName":"search_term_string"}}],"inLanguage":"de-DE"},{"@type":"Organization","@id":"https:\/\/www.miomiorun.com\/de\/#organization","name":"MioMio Run","url":"https:\/\/www.miomiorun.com\/de\/","logo":{"@type":"ImageObject","inLanguage":"de-DE","@id":"https:\/\/www.miomiorun.com\/de\/#\/schema\/logo\/image\/","url":"https:\/\/www.miomiorun.com\/app\/uploads\/2019\/12\/logomio.png","contentUrl":"https:\/\/www.miomiorun.com\/app\/uploads\/2019\/12\/logomio.png","width":115,"height":82,"caption":"MioMio Run"},"image":{"@id":"https:\/\/www.miomiorun.com\/de\/#\/schema\/logo\/image\/"},"sameAs":["https:\/\/www.facebook.com\/miomiorun\/","https:\/\/www.instagram.com\/miomiorun\/"]}]}},"_links":{"self":[{"href":"https:\/\/www.miomiorun.com\/de\/wp-json\/wp\/v2\/product\/176137","targetHints":{"allow":["GET"]}}],"collection":[{"href":"https:\/\/www.miomiorun.com\/de\/wp-json\/wp\/v2\/product"}],"about":[{"href":"https:\/\/www.miomiorun.com\/de\/wp-json\/wp\/v2\/types\/product"}],"wp:featuredmedia":[{"embeddable":true,"href":"https:\/\/www.miomiorun.com\/de\/wp-json\/wp\/v2\/media\/120627"}],"wp:attachment":[{"href":"https:\/\/www.miomiorun.com\/de\/wp-json\/wp\/v2\/media?parent=176137"}],"wp:term":[{"taxonomy":"product_brand","embeddable":true,"href":"https:\/\/www.miomiorun.com\/de\/wp-json\/wp\/v2\/product_brand?post=176137"},{"taxonomy":"product_cat","embeddable":true,"href":"https:\/\/www.miomiorun.com\/de\/wp-json\/wp\/v2\/product_cat?post=176137"},{"taxonomy":"product_tag","embeddable":true,"href":"https:\/\/www.miomiorun.com\/de\/wp-json\/wp\/v2\/product_tag?post=176137"}],"curies":[{"name":"wp","href":"https:\/\/api.w.org\/{rel}","templated":true}]}}