{"id":176134,"date":"2023-11-02T14:37:33","date_gmt":"2023-11-02T13:37:33","guid":{"rendered":"https:\/\/miomiorun.com\/prodotto\/t-shirt-ultralight-cool-donna\/"},"modified":"2024-07-31T16:56:30","modified_gmt":"2024-07-31T14:56:30","slug":"t-shirt-ultralight-cool-damen","status":"publish","type":"product","link":"https:\/\/www.miomiorun.com\/de\/produkt\/t-shirt-ultralight-cool-damen\/","title":{"rendered":"T-Shirt Ultralight Cool damen"},"content":{"rendered":"<div class=\"tab-custom-inner-max content-wysiwyg\"><\/div>\n<div class=\"tab-custom-inner-max content-wysiwyg\">\n<div class=\"product-line\">\n<p>Diese Funktionsunterw\u00e4sche wurde entwickelt, um Ihnen bei den h\u00e4rtesten Trainingseinheiten Energie zu sparen. Die <strong>Ultralight Cool<\/strong> Funktionsunterw\u00e4sche hilft dem K\u00f6rper, seine Temperatur niedrig zu halten, so dass Sie Ihre ganze Energie f\u00fcr den Sport einsetzen k\u00f6nnen. Das recycelte Polyamid leitet die Feuchtigkeit vom K\u00f6rper weg und trocknet schnell, so dass Sie sich jederzeit k\u00fchl, trocken und komfortabel f\u00fchlen. Dank der anatomischen Passform und der nahtlosen Stricktechnik passt sich die Unterw\u00e4sche perfekt an den K\u00f6rper an und bietet optimalen Halt beim Sport.<\/p>\n<p><strong>Eigenschaften:<\/strong><\/p>\n<ul>\n<li class=\"product-features-new__item\">Geeignet f\u00fcr hei\u00dfe bis sehr hei\u00dfe Temperaturen<\/li>\n<li class=\"product-features-new__item\">Extrem leicht: Gewicht weniger als 50 Gramm<\/li>\n<li class=\"product-features-new__item\">100% recyceltes Polyamid &#8211; eine bewusste Entscheidung ohne Kompromisse bei Leichtigkeit, St\u00e4rke und Haltbarkeit<\/li>\n<li class=\"product-features-new__item\">Atmungsaktive, schnell trocknende Konstruktion aus recyceltem Polyamid f\u00fcr ein jederzeit frisches, trockenes und angenehmes Tragegef\u00fchl<\/li>\n<li class=\"product-features-new__item\">Anatomisch gestrickt f\u00fcr maximale Bewegungsfreiheit beim Sport<\/li>\n<li class=\"product-features-new__item\">Geeignet f\u00fcr hochintensive Aktivit\u00e4ten<\/li>\n<li class=\"product-features-new__item\">Enge Passform<\/li>\n<\/ul>\n<h3>Merkmale<\/h3>\n<div id=\"tab-technology\" class=\"tab-pane active\" role=\"tabpanel\">\n<div class=\"tab-custom\">\n<div class=\"tab-items\">\n<div class=\"row\">\n<div class=\"col-xs-12 col-sm-4\">\n<div class=\"tab-item\">\n<div class=\"media media-md\">\n<div class=\"media-left\">\n<ul class=\"product-functional-symbols-new\">\n<li class=\"product-functional-symbols-new__symbol\"><img loading=\"lazy\" decoding=\"async\" class=\"product-functional-symbols-new__image\" src=\"https:\/\/www.falke.com\/it_it\/b3b39c9b226f78e769a04f89f68a6ddf4576fbbb\/assets\/base\/staticImages\/functionalsymbols\/icon_schnellste_ruecktrocknung.svg\" alt=\"\" width=\"50\" height=\"50\" \/><br \/>\n<strong>Schnelleres Trocknen<\/strong><\/li>\n<\/ul>\n<\/div>\n<\/div>\n<\/div>\n<\/div>\n<\/div>\n<\/div>\n<\/div>\n<\/div>\n<div id=\"tab-technology\" class=\"tab-pane active\" role=\"tabpanel\">\n<div class=\"tab-custom\">\n<div class=\"tab-items\">\n<div class=\"row\">\n<div class=\"col-xs-12 col-sm-4\">\n<div class=\"tab-item\">\n<div class=\"media media-md\">\n<div class=\"media-left\">\n<ul class=\"product-functional-symbols-new\">\n<li class=\"product-functional-symbols-new__symbol\"><img loading=\"lazy\" decoding=\"async\" class=\"product-functional-symbols-new__image\" src=\"https:\/\/www.falke.com\/it_it\/b3b39c9b226f78e769a04f89f68a6ddf4576fbbb\/assets\/base\/staticImages\/functionalsymbols\/icon_cooling-effect.svg\" alt=\"\" width=\"50\" height=\"50\" \/>\n<div class=\"product-functional-symbols-new__content\"><\/div>\n<\/li>\n<li class=\"product-functional-symbols-new__symbol\">\n<div class=\"product-functional-symbols-new__content\">\n<p class=\"product-functional-symbols-new__content-name\"><strong>K\u00fchlende Wirkung<\/strong><\/p>\n<p class=\"product-functional-symbols-new__content-description\">Sorgt f\u00fcr eine optimale Temperatur.<\/p>\n<\/div>\n<\/li>\n<li class=\"product-functional-symbols-new__symbol\">\n<div class=\"product-functional-symbols-new__content\"><\/div>\n<\/li>\n<li class=\"product-functional-symbols-new__symbol\"><img loading=\"lazy\" decoding=\"async\" class=\"product-functional-symbols-new__image\" src=\"https:\/\/www.falke.com\/it_it\/b3b39c9b226f78e769a04f89f68a6ddf4576fbbb\/assets\/base\/staticImages\/functionalsymbols\/icon_feuchtigkeitsregulierend.svg\" alt=\"\" width=\"50\" height=\"50\" \/>\n<div class=\"product-functional-symbols-new__content\">\n<p class=\"product-functional-symbols-new__content-name\"><strong>Reguliert die Feuchtigkeit<\/strong><\/p>\n<p class=\"product-functional-symbols-new__content-description\">Ein einzigartiges, trockenes Gef\u00fchl auf der Haut dank seiner feuchtigkeitsabsorbierenden F\u00e4higkeit.<\/p>\n<\/div>\n<\/li>\n<li class=\"product-functional-symbols-new__symbol\">\n<div class=\"product-functional-symbols-new__content\"><\/div>\n<\/li>\n<li class=\"product-functional-symbols-new__symbol\"><img loading=\"lazy\" decoding=\"async\" class=\"product-functional-symbols-new__image\" src=\"https:\/\/www.falke.com\/it_it\/b3b39c9b226f78e769a04f89f68a6ddf4576fbbb\/assets\/base\/staticImages\/functionalsymbols\/icon_cool.svg\" alt=\"\" width=\"50\" height=\"50\" \/>\n<div class=\"product-functional-symbols-new__content\">\n<p class=\"product-functional-symbols-new__content-name\"><strong>Schutz vor milden\/warmen Au\u00dfentemperaturen<\/strong><\/p>\n<p class=\"product-functional-symbols-new__content-description\">Optimaler Feuchtigkeitstransport und K\u00fchleffekt.<\/p>\n<\/div>\n<\/li>\n<li class=\"product-functional-symbols-new__symbol\">\n<div class=\"product-functional-symbols-new__content\"><\/div>\n<\/li>\n<\/ul>\n<\/div>\n<\/div>\n<\/div>\n<\/div>\n<\/div>\n<\/div>\n<\/div>\n<\/div>\n<\/div>\n<\/div>\n","protected":false},"excerpt":{"rendered":"<ul>\n<li class=\"product-features-new__item\">Geeignet f\u00fcr hei\u00dfe bis sehr hei\u00dfe Temperaturen<\/li>\n<li class=\"product-features-new__item\">Extrem leicht<\/li>\n<\/ul>\n","protected":false},"featured_media":164387,"template":"","meta":{"_acf_changed":false,"inline_featured_image":false},"product_brand":[],"product_cat":[6400,6401,6489,6485],"product_tag":[6245,6246],"class_list":{"0":"post-176134","1":"product","2":"type-product","3":"status-publish","4":"has-post-thumbnail","6":"product_cat-damen","7":"product_cat-damenbekleidung","8":"product_cat-dament-shirt-de","9":"product_cat-damenwaesche-de","10":"product_tag-falke-de","11":"product_tag-falke-damen-de","12":"pa_attivita-gehen","13":"pa_attivita-outdoor-de","14":"pa_attivita-running-de","15":"pa_attivita-trail-de","16":"pa_marca-falke-de","17":"pa_sesso-damen","18":"pa_size-extra-small-de","19":"pa_size-small-de","20":"pa_size-medium-de","22":"first","23":"instock","24":"sale","25":"taxable","26":"shipping-taxable","27":"purchasable","28":"product-type-variable","29":"wvs-archive-product-wrapper"},"acf":[],"yoast_head":"<!-- This site is optimized with the Yoast SEO plugin v26.8 - https:\/\/yoast.com\/product\/yoast-seo-wordpress\/ -->\n<title>FalkeT-Shirt Ultralight Cool damen -T-Shirt intim- MioMioRun<\/title>\n<meta name=\"description\" content=\"Die Ultralight Cool Funktionsunterw\u00e4sche hilft dem K\u00f6rper, seine Temperatur niedrig zu halten, damit Sie Ihre ganze Energie f\u00fcr den Sport einsetzen k\u00f6nnen.\" \/>\n<meta name=\"robots\" content=\"index, follow, max-snippet:-1, max-image-preview:large, max-video-preview:-1\" \/>\n<link rel=\"canonical\" href=\"https:\/\/www.miomiorun.com\/de\/produkt\/t-shirt-ultralight-cool-damen\/\" \/>\n<meta property=\"og:locale\" content=\"de_DE\" \/>\n<meta property=\"og:type\" content=\"article\" \/>\n<meta property=\"og:title\" content=\"FalkeT-Shirt Ultralight Cool damen -T-Shirt intim- MioMioRun\" \/>\n<meta property=\"og:description\" content=\"Die Ultralight Cool Funktionsunterw\u00e4sche hilft dem K\u00f6rper, seine Temperatur niedrig zu halten, damit Sie Ihre ganze Energie f\u00fcr den Sport einsetzen k\u00f6nnen.\" \/>\n<meta property=\"og:url\" content=\"https:\/\/www.miomiorun.com\/de\/produkt\/t-shirt-ultralight-cool-damen\/\" \/>\n<meta property=\"og:site_name\" content=\"MioMioRun\" \/>\n<meta property=\"article:publisher\" content=\"https:\/\/www.facebook.com\/miomiorun\/\" \/>\n<meta property=\"article:modified_time\" content=\"2024-07-31T14:56:30+00:00\" \/>\n<meta property=\"og:image\" content=\"https:\/\/www.miomiorun.com\/app\/uploads\/2023\/11\/falke-Maglietta-W-cool-white-33271-2860.webp\" \/>\n\t<meta property=\"og:image:width\" content=\"600\" \/>\n\t<meta property=\"og:image:height\" content=\"600\" \/>\n\t<meta property=\"og:image:type\" content=\"image\/webp\" \/>\n<meta name=\"twitter:card\" content=\"summary_large_image\" \/>\n<meta name=\"twitter:label1\" content=\"Est. reading time\" \/>\n\t<meta name=\"twitter:data1\" content=\"1 minute\" \/>\n<script type=\"application\/ld+json\" class=\"yoast-schema-graph\">{\"@context\":\"https:\/\/schema.org\",\"@graph\":[{\"@type\":\"WebPage\",\"@id\":\"https:\/\/www.miomiorun.com\/de\/produkt\/t-shirt-ultralight-cool-damen\/\",\"url\":\"https:\/\/www.miomiorun.com\/de\/produkt\/t-shirt-ultralight-cool-damen\/\",\"name\":\"FalkeT-Shirt Ultralight Cool damen -T-Shirt intim- MioMioRun\",\"isPartOf\":{\"@id\":\"https:\/\/www.miomiorun.com\/de\/#website\"},\"primaryImageOfPage\":{\"@id\":\"https:\/\/www.miomiorun.com\/de\/produkt\/t-shirt-ultralight-cool-damen\/#primaryimage\"},\"image\":{\"@id\":\"https:\/\/www.miomiorun.com\/de\/produkt\/t-shirt-ultralight-cool-damen\/#primaryimage\"},\"thumbnailUrl\":\"https:\/\/www.miomiorun.com\/app\/uploads\/2023\/11\/falke-Maglietta-W-cool-white-33271-2860.webp\",\"datePublished\":\"2023-11-02T13:37:33+00:00\",\"dateModified\":\"2024-07-31T14:56:30+00:00\",\"description\":\"Die Ultralight Cool Funktionsunterw\u00e4sche hilft dem K\u00f6rper, seine Temperatur niedrig zu halten, damit Sie Ihre ganze Energie f\u00fcr den Sport einsetzen k\u00f6nnen.\",\"breadcrumb\":{\"@id\":\"https:\/\/www.miomiorun.com\/de\/produkt\/t-shirt-ultralight-cool-damen\/#breadcrumb\"},\"inLanguage\":\"de-DE\",\"potentialAction\":[{\"@type\":\"ReadAction\",\"target\":[\"https:\/\/www.miomiorun.com\/de\/produkt\/t-shirt-ultralight-cool-damen\/\"]}]},{\"@type\":\"ImageObject\",\"inLanguage\":\"de-DE\",\"@id\":\"https:\/\/www.miomiorun.com\/de\/produkt\/t-shirt-ultralight-cool-damen\/#primaryimage\",\"url\":\"https:\/\/www.miomiorun.com\/app\/uploads\/2023\/11\/falke-Maglietta-W-cool-white-33271-2860.webp\",\"contentUrl\":\"https:\/\/www.miomiorun.com\/app\/uploads\/2023\/11\/falke-Maglietta-W-cool-white-33271-2860.webp\",\"width\":600,\"height\":600,\"caption\":\"falke Maglietta W cool white 33271 2860\"},{\"@type\":\"BreadcrumbList\",\"@id\":\"https:\/\/www.miomiorun.com\/de\/produkt\/t-shirt-ultralight-cool-damen\/#breadcrumb\",\"itemListElement\":[{\"@type\":\"ListItem\",\"position\":1,\"name\":\"Home\",\"item\":\"https:\/\/www.miomiorun.com\/de\/\"},{\"@type\":\"ListItem\",\"position\":2,\"name\":\"Shop\",\"item\":\"https:\/\/www.miomiorun.com\/shop\/\"},{\"@type\":\"ListItem\",\"position\":3,\"name\":\"T-Shirt Ultralight Cool damen\"}]},{\"@type\":\"WebSite\",\"@id\":\"https:\/\/www.miomiorun.com\/de\/#website\",\"url\":\"https:\/\/www.miomiorun.com\/de\/\",\"name\":\"MioMioRun\",\"description\":\"100% Lauf- und Trailshop\",\"publisher\":{\"@id\":\"https:\/\/www.miomiorun.com\/de\/#organization\"},\"potentialAction\":[{\"@type\":\"SearchAction\",\"target\":{\"@type\":\"EntryPoint\",\"urlTemplate\":\"https:\/\/www.miomiorun.com\/de\/?s={search_term_string}\"},\"query-input\":{\"@type\":\"PropertyValueSpecification\",\"valueRequired\":true,\"valueName\":\"search_term_string\"}}],\"inLanguage\":\"de-DE\"},{\"@type\":\"Organization\",\"@id\":\"https:\/\/www.miomiorun.com\/de\/#organization\",\"name\":\"MioMio Run\",\"url\":\"https:\/\/www.miomiorun.com\/de\/\",\"logo\":{\"@type\":\"ImageObject\",\"inLanguage\":\"de-DE\",\"@id\":\"https:\/\/www.miomiorun.com\/de\/#\/schema\/logo\/image\/\",\"url\":\"https:\/\/www.miomiorun.com\/app\/uploads\/2019\/12\/logomio.png\",\"contentUrl\":\"https:\/\/www.miomiorun.com\/app\/uploads\/2019\/12\/logomio.png\",\"width\":115,\"height\":82,\"caption\":\"MioMio Run\"},\"image\":{\"@id\":\"https:\/\/www.miomiorun.com\/de\/#\/schema\/logo\/image\/\"},\"sameAs\":[\"https:\/\/www.facebook.com\/miomiorun\/\",\"https:\/\/www.instagram.com\/miomiorun\/\"]}]}<\/script>\n<!-- \/ Yoast SEO plugin. -->","yoast_head_json":{"title":"FalkeT-Shirt Ultralight Cool damen -T-Shirt intim- MioMioRun","description":"Die Ultralight Cool Funktionsunterw\u00e4sche hilft dem K\u00f6rper, seine Temperatur niedrig zu halten, damit Sie Ihre ganze Energie f\u00fcr den Sport einsetzen k\u00f6nnen.","robots":{"index":"index","follow":"follow","max-snippet":"max-snippet:-1","max-image-preview":"max-image-preview:large","max-video-preview":"max-video-preview:-1"},"canonical":"https:\/\/www.miomiorun.com\/de\/produkt\/t-shirt-ultralight-cool-damen\/","og_locale":"de_DE","og_type":"article","og_title":"FalkeT-Shirt Ultralight Cool damen -T-Shirt intim- MioMioRun","og_description":"Die Ultralight Cool Funktionsunterw\u00e4sche hilft dem K\u00f6rper, seine Temperatur niedrig zu halten, damit Sie Ihre ganze Energie f\u00fcr den Sport einsetzen k\u00f6nnen.","og_url":"https:\/\/www.miomiorun.com\/de\/produkt\/t-shirt-ultralight-cool-damen\/","og_site_name":"MioMioRun","article_publisher":"https:\/\/www.facebook.com\/miomiorun\/","article_modified_time":"2024-07-31T14:56:30+00:00","og_image":[{"width":600,"height":600,"url":"https:\/\/www.miomiorun.com\/app\/uploads\/2023\/11\/falke-Maglietta-W-cool-white-33271-2860.webp","type":"image\/webp"}],"twitter_card":"summary_large_image","twitter_misc":{"Est. reading time":"1 minute"},"schema":{"@context":"https:\/\/schema.org","@graph":[{"@type":"WebPage","@id":"https:\/\/www.miomiorun.com\/de\/produkt\/t-shirt-ultralight-cool-damen\/","url":"https:\/\/www.miomiorun.com\/de\/produkt\/t-shirt-ultralight-cool-damen\/","name":"FalkeT-Shirt Ultralight Cool damen -T-Shirt intim- MioMioRun","isPartOf":{"@id":"https:\/\/www.miomiorun.com\/de\/#website"},"primaryImageOfPage":{"@id":"https:\/\/www.miomiorun.com\/de\/produkt\/t-shirt-ultralight-cool-damen\/#primaryimage"},"image":{"@id":"https:\/\/www.miomiorun.com\/de\/produkt\/t-shirt-ultralight-cool-damen\/#primaryimage"},"thumbnailUrl":"https:\/\/www.miomiorun.com\/app\/uploads\/2023\/11\/falke-Maglietta-W-cool-white-33271-2860.webp","datePublished":"2023-11-02T13:37:33+00:00","dateModified":"2024-07-31T14:56:30+00:00","description":"Die Ultralight Cool Funktionsunterw\u00e4sche hilft dem K\u00f6rper, seine Temperatur niedrig zu halten, damit Sie Ihre ganze Energie f\u00fcr den Sport einsetzen k\u00f6nnen.","breadcrumb":{"@id":"https:\/\/www.miomiorun.com\/de\/produkt\/t-shirt-ultralight-cool-damen\/#breadcrumb"},"inLanguage":"de-DE","potentialAction":[{"@type":"ReadAction","target":["https:\/\/www.miomiorun.com\/de\/produkt\/t-shirt-ultralight-cool-damen\/"]}]},{"@type":"ImageObject","inLanguage":"de-DE","@id":"https:\/\/www.miomiorun.com\/de\/produkt\/t-shirt-ultralight-cool-damen\/#primaryimage","url":"https:\/\/www.miomiorun.com\/app\/uploads\/2023\/11\/falke-Maglietta-W-cool-white-33271-2860.webp","contentUrl":"https:\/\/www.miomiorun.com\/app\/uploads\/2023\/11\/falke-Maglietta-W-cool-white-33271-2860.webp","width":600,"height":600,"caption":"falke Maglietta W cool white 33271 2860"},{"@type":"BreadcrumbList","@id":"https:\/\/www.miomiorun.com\/de\/produkt\/t-shirt-ultralight-cool-damen\/#breadcrumb","itemListElement":[{"@type":"ListItem","position":1,"name":"Home","item":"https:\/\/www.miomiorun.com\/de\/"},{"@type":"ListItem","position":2,"name":"Shop","item":"https:\/\/www.miomiorun.com\/shop\/"},{"@type":"ListItem","position":3,"name":"T-Shirt Ultralight Cool damen"}]},{"@type":"WebSite","@id":"https:\/\/www.miomiorun.com\/de\/#website","url":"https:\/\/www.miomiorun.com\/de\/","name":"MioMioRun","description":"100% Lauf- und Trailshop","publisher":{"@id":"https:\/\/www.miomiorun.com\/de\/#organization"},"potentialAction":[{"@type":"SearchAction","target":{"@type":"EntryPoint","urlTemplate":"https:\/\/www.miomiorun.com\/de\/?s={search_term_string}"},"query-input":{"@type":"PropertyValueSpecification","valueRequired":true,"valueName":"search_term_string"}}],"inLanguage":"de-DE"},{"@type":"Organization","@id":"https:\/\/www.miomiorun.com\/de\/#organization","name":"MioMio Run","url":"https:\/\/www.miomiorun.com\/de\/","logo":{"@type":"ImageObject","inLanguage":"de-DE","@id":"https:\/\/www.miomiorun.com\/de\/#\/schema\/logo\/image\/","url":"https:\/\/www.miomiorun.com\/app\/uploads\/2019\/12\/logomio.png","contentUrl":"https:\/\/www.miomiorun.com\/app\/uploads\/2019\/12\/logomio.png","width":115,"height":82,"caption":"MioMio Run"},"image":{"@id":"https:\/\/www.miomiorun.com\/de\/#\/schema\/logo\/image\/"},"sameAs":["https:\/\/www.facebook.com\/miomiorun\/","https:\/\/www.instagram.com\/miomiorun\/"]}]}},"_links":{"self":[{"href":"https:\/\/www.miomiorun.com\/de\/wp-json\/wp\/v2\/product\/176134","targetHints":{"allow":["GET"]}}],"collection":[{"href":"https:\/\/www.miomiorun.com\/de\/wp-json\/wp\/v2\/product"}],"about":[{"href":"https:\/\/www.miomiorun.com\/de\/wp-json\/wp\/v2\/types\/product"}],"wp:featuredmedia":[{"embeddable":true,"href":"https:\/\/www.miomiorun.com\/de\/wp-json\/wp\/v2\/media\/164387"}],"wp:attachment":[{"href":"https:\/\/www.miomiorun.com\/de\/wp-json\/wp\/v2\/media?parent=176134"}],"wp:term":[{"taxonomy":"product_brand","embeddable":true,"href":"https:\/\/www.miomiorun.com\/de\/wp-json\/wp\/v2\/product_brand?post=176134"},{"taxonomy":"product_cat","embeddable":true,"href":"https:\/\/www.miomiorun.com\/de\/wp-json\/wp\/v2\/product_cat?post=176134"},{"taxonomy":"product_tag","embeddable":true,"href":"https:\/\/www.miomiorun.com\/de\/wp-json\/wp\/v2\/product_tag?post=176134"}],"curies":[{"name":"wp","href":"https:\/\/api.w.org\/{rel}","templated":true}]}}