{"id":176132,"date":"2023-11-02T15:21:39","date_gmt":"2023-11-02T14:21:39","guid":{"rendered":"https:\/\/miomiorun.com\/prodotto\/warm-longsleeved-donna\/"},"modified":"2024-07-31T17:15:21","modified_gmt":"2024-07-31T15:15:21","slug":"warm-longsleeved-damen","status":"publish","type":"product","link":"https:\/\/www.miomiorun.com\/de\/produkt\/warm-longsleeved-damen\/","title":{"rendered":"Warm Longsleeved damen"},"content":{"rendered":"<div class=\"tab-custom-inner-max content-wysiwyg\">\n<div class=\"tab-custom-inner-max content-wysiwyg\">Das eng anliegende Langarmtrikot h\u00e4lt den K\u00f6rper bei milden\/kalten Temperaturen und hohem Aktivit\u00e4tsniveau warm und trocken. Zudem garantiert die Kombination aus hochwertigen w\u00e4rmenden Materialien ein hervorragendes Feuchtigkeits- und W\u00e4rmemanagement. Die perfekte Passform sorgt f\u00fcr maximale Bewegungsfreiheit dank flexibler Zonen an den Schultern und Ellenbogen.<\/div>\n<div class=\"tab-custom-inner-max content-wysiwyg\">\n<div class=\"product-line\">\n<p><strong>Eigenschaften:<\/strong><\/p>\n<ul>\n<li>Sch\u00fctzt vor milden\/kalten Au\u00dfentemperaturen<\/li>\n<li>H\u00e4lt den K\u00f6rper auch bei hoher Aktivit\u00e4t warm und trocken<\/li>\n<li>Perfektes Feuchtigkeits- und W\u00e4rmemanagement dank zweilagiger Konstruktion<\/li>\n<li>Kombination aus hochwertigen w\u00e4rmenden Materialien<\/li>\n<li>Eng anliegendes lang\u00e4rmeliges Trikot<\/li>\n<li>Perfekte Passform und maximale Bewegungsfreiheit durch flexible Zonen an Schultern und Ellenbogen<\/li>\n<\/ul>\n<\/div>\n<\/div>\n<\/div>\n<div class=\"tab-custom-inner-max content-wysiwyg\">\n<div class=\"product-line\">\n<h3>Funktionsweise:<\/h3>\n<ul class=\"product-functional-symbols-new\">\n<li class=\"product-functional-symbols-new__symbol\"><strong><img loading=\"lazy\" decoding=\"async\" class=\"product-functional-symbols-new__image\" src=\"https:\/\/www.falke.com\/it_it\/b3b39c9b226f78e769a04f89f68a6ddf4576fbbb\/assets\/base\/staticImages\/functionalsymbols\/icon_feuchtigkeitsregulierend.svg\" alt=\"\" width=\"50\" height=\"50\" \/><\/strong>\n<div class=\"product-functional-symbols-new__content\">\n<p class=\"product-functional-symbols-new__content-name\"><strong>Reguliert die Luftfeuchtigkeit<\/strong><\/p>\n<p class=\"product-functional-symbols-new__content-description\">Ein einzigartiges, trockenes Gef\u00fchl auf der Haut dank seiner feuchtigkeitsabsorbierenden F\u00e4higkeit.<\/p>\n<\/div>\n<\/li>\n<li class=\"product-functional-symbols-new__symbol\"><strong><img loading=\"lazy\" decoding=\"async\" class=\"product-functional-symbols-new__image\" src=\"https:\/\/www.falke.com\/it_it\/b3b39c9b226f78e769a04f89f68a6ddf4576fbbb\/assets\/base\/staticImages\/functionalsymbols\/icon_schnellste_ruecktrocknung.svg\" alt=\"\" width=\"50\" height=\"50\" \/><\/strong>\n<div class=\"product-functional-symbols-new__content\">\n<p class=\"product-functional-symbols-new__content-name\"><strong>Schnelleres Trocknen<\/strong><\/p>\n<p class=\"product-functional-symbols-new__content-description\">schnelltrocknendes Material<\/p>\n<\/div>\n<\/li>\n<\/ul>\n<ul>\n<li style=\"list-style-type: none;\"><\/li>\n<\/ul>\n<\/div>\n<\/div>\n","protected":false},"excerpt":{"rendered":"<ul>\n<li>H\u00e4lt den K\u00f6rper bei hoher Aktivit\u00e4t warm und trocken<\/li>\n<li>Perfektes Feuchtigkeits- und W\u00e4rmemanagement dank der zweilagigen Konstruktion<\/li>\n<\/ul>\n","protected":false},"featured_media":162984,"template":"","meta":{"_acf_changed":false,"inline_featured_image":false},"product_brand":[],"product_cat":[6400,6401,6489,6485],"product_tag":[6245,6246],"class_list":{"0":"post-176132","1":"product","2":"type-product","3":"status-publish","4":"has-post-thumbnail","6":"product_cat-damen","7":"product_cat-damenbekleidung","8":"product_cat-dament-shirt-de","9":"product_cat-damenwaesche-de","10":"product_tag-falke-de","11":"product_tag-falke-damen-de","12":"pa_attivita-gehen","13":"pa_attivita-outdoor-de","14":"pa_attivita-running-de","15":"pa_attivita-trail-de","16":"pa_marca-falke-de","17":"pa_sesso-damen","18":"pa_size-extra-small-de","19":"pa_size-small-de","20":"pa_size-medium-de","21":"pa_size-large-de","23":"first","24":"instock","25":"sale","26":"taxable","27":"shipping-taxable","28":"purchasable","29":"product-type-variable","30":"wvs-archive-product-wrapper"},"acf":[],"yoast_head":"<!-- This site is optimized with the Yoast SEO plugin v26.8 - https:\/\/yoast.com\/product\/yoast-seo-wordpress\/ -->\n<title>Uyn Warm Longsleeved damen - T-Shirt Intim - MioMioRun.com<\/title>\n<meta name=\"description\" content=\"Das eng anliegende lang\u00e4rmelige Trikot h\u00e4lt den K\u00f6rper bei milden\/kalten Temperaturen und hoher Aktivit\u00e4t warm und trocken.\" \/>\n<meta name=\"robots\" content=\"index, follow, max-snippet:-1, max-image-preview:large, max-video-preview:-1\" \/>\n<link rel=\"canonical\" href=\"https:\/\/www.miomiorun.com\/de\/produkt\/warm-longsleeved-damen\/\" \/>\n<meta property=\"og:locale\" content=\"de_DE\" \/>\n<meta property=\"og:type\" content=\"article\" \/>\n<meta property=\"og:title\" content=\"Uyn Warm Longsleeved damen - T-Shirt Intim - MioMioRun.com\" \/>\n<meta property=\"og:description\" content=\"Das eng anliegende lang\u00e4rmelige Trikot h\u00e4lt den K\u00f6rper bei milden\/kalten Temperaturen und hoher Aktivit\u00e4t warm und trocken.\" \/>\n<meta property=\"og:url\" content=\"https:\/\/www.miomiorun.com\/de\/produkt\/warm-longsleeved-damen\/\" \/>\n<meta property=\"og:site_name\" content=\"MioMioRun\" \/>\n<meta property=\"article:publisher\" content=\"https:\/\/www.facebook.com\/miomiorun\/\" \/>\n<meta property=\"article:modified_time\" content=\"2024-07-31T15:15:21+00:00\" \/>\n<meta property=\"og:image\" content=\"https:\/\/www.miomiorun.com\/app\/uploads\/2023\/11\/falke-W-longsleeved-black-39111-3000.webp\" \/>\n\t<meta property=\"og:image:width\" content=\"600\" \/>\n\t<meta property=\"og:image:height\" content=\"600\" \/>\n\t<meta property=\"og:image:type\" content=\"image\/webp\" \/>\n<meta name=\"twitter:card\" content=\"summary_large_image\" \/>\n<meta name=\"twitter:label1\" content=\"Est. reading time\" \/>\n\t<meta name=\"twitter:data1\" content=\"1 minute\" \/>\n<script type=\"application\/ld+json\" class=\"yoast-schema-graph\">{\"@context\":\"https:\/\/schema.org\",\"@graph\":[{\"@type\":\"WebPage\",\"@id\":\"https:\/\/www.miomiorun.com\/de\/produkt\/warm-longsleeved-damen\/\",\"url\":\"https:\/\/www.miomiorun.com\/de\/produkt\/warm-longsleeved-damen\/\",\"name\":\"Uyn Warm Longsleeved damen - T-Shirt Intim - MioMioRun.com\",\"isPartOf\":{\"@id\":\"https:\/\/www.miomiorun.com\/de\/#website\"},\"primaryImageOfPage\":{\"@id\":\"https:\/\/www.miomiorun.com\/de\/produkt\/warm-longsleeved-damen\/#primaryimage\"},\"image\":{\"@id\":\"https:\/\/www.miomiorun.com\/de\/produkt\/warm-longsleeved-damen\/#primaryimage\"},\"thumbnailUrl\":\"https:\/\/www.miomiorun.com\/app\/uploads\/2023\/11\/falke-W-longsleeved-black-39111-3000.webp\",\"datePublished\":\"2023-11-02T14:21:39+00:00\",\"dateModified\":\"2024-07-31T15:15:21+00:00\",\"description\":\"Das eng anliegende lang\u00e4rmelige Trikot h\u00e4lt den K\u00f6rper bei milden\/kalten Temperaturen und hoher Aktivit\u00e4t warm und trocken.\",\"breadcrumb\":{\"@id\":\"https:\/\/www.miomiorun.com\/de\/produkt\/warm-longsleeved-damen\/#breadcrumb\"},\"inLanguage\":\"de-DE\",\"potentialAction\":[{\"@type\":\"ReadAction\",\"target\":[\"https:\/\/www.miomiorun.com\/de\/produkt\/warm-longsleeved-damen\/\"]}]},{\"@type\":\"ImageObject\",\"inLanguage\":\"de-DE\",\"@id\":\"https:\/\/www.miomiorun.com\/de\/produkt\/warm-longsleeved-damen\/#primaryimage\",\"url\":\"https:\/\/www.miomiorun.com\/app\/uploads\/2023\/11\/falke-W-longsleeved-black-39111-3000.webp\",\"contentUrl\":\"https:\/\/www.miomiorun.com\/app\/uploads\/2023\/11\/falke-W-longsleeved-black-39111-3000.webp\",\"width\":600,\"height\":600,\"caption\":\"falke W longsleeved black 39111 3000\"},{\"@type\":\"BreadcrumbList\",\"@id\":\"https:\/\/www.miomiorun.com\/de\/produkt\/warm-longsleeved-damen\/#breadcrumb\",\"itemListElement\":[{\"@type\":\"ListItem\",\"position\":1,\"name\":\"Home\",\"item\":\"https:\/\/www.miomiorun.com\/de\/\"},{\"@type\":\"ListItem\",\"position\":2,\"name\":\"Shop\",\"item\":\"https:\/\/www.miomiorun.com\/shop\/\"},{\"@type\":\"ListItem\",\"position\":3,\"name\":\"Warm Longsleeved damen\"}]},{\"@type\":\"WebSite\",\"@id\":\"https:\/\/www.miomiorun.com\/de\/#website\",\"url\":\"https:\/\/www.miomiorun.com\/de\/\",\"name\":\"MioMioRun\",\"description\":\"100% Lauf- und Trailshop\",\"publisher\":{\"@id\":\"https:\/\/www.miomiorun.com\/de\/#organization\"},\"potentialAction\":[{\"@type\":\"SearchAction\",\"target\":{\"@type\":\"EntryPoint\",\"urlTemplate\":\"https:\/\/www.miomiorun.com\/de\/?s={search_term_string}\"},\"query-input\":{\"@type\":\"PropertyValueSpecification\",\"valueRequired\":true,\"valueName\":\"search_term_string\"}}],\"inLanguage\":\"de-DE\"},{\"@type\":\"Organization\",\"@id\":\"https:\/\/www.miomiorun.com\/de\/#organization\",\"name\":\"MioMio Run\",\"url\":\"https:\/\/www.miomiorun.com\/de\/\",\"logo\":{\"@type\":\"ImageObject\",\"inLanguage\":\"de-DE\",\"@id\":\"https:\/\/www.miomiorun.com\/de\/#\/schema\/logo\/image\/\",\"url\":\"https:\/\/www.miomiorun.com\/app\/uploads\/2019\/12\/logomio.png\",\"contentUrl\":\"https:\/\/www.miomiorun.com\/app\/uploads\/2019\/12\/logomio.png\",\"width\":115,\"height\":82,\"caption\":\"MioMio Run\"},\"image\":{\"@id\":\"https:\/\/www.miomiorun.com\/de\/#\/schema\/logo\/image\/\"},\"sameAs\":[\"https:\/\/www.facebook.com\/miomiorun\/\",\"https:\/\/www.instagram.com\/miomiorun\/\"]}]}<\/script>\n<!-- \/ Yoast SEO plugin. -->","yoast_head_json":{"title":"Uyn Warm Longsleeved damen - T-Shirt Intim - MioMioRun.com","description":"Das eng anliegende lang\u00e4rmelige Trikot h\u00e4lt den K\u00f6rper bei milden\/kalten Temperaturen und hoher Aktivit\u00e4t warm und trocken.","robots":{"index":"index","follow":"follow","max-snippet":"max-snippet:-1","max-image-preview":"max-image-preview:large","max-video-preview":"max-video-preview:-1"},"canonical":"https:\/\/www.miomiorun.com\/de\/produkt\/warm-longsleeved-damen\/","og_locale":"de_DE","og_type":"article","og_title":"Uyn Warm Longsleeved damen - T-Shirt Intim - MioMioRun.com","og_description":"Das eng anliegende lang\u00e4rmelige Trikot h\u00e4lt den K\u00f6rper bei milden\/kalten Temperaturen und hoher Aktivit\u00e4t warm und trocken.","og_url":"https:\/\/www.miomiorun.com\/de\/produkt\/warm-longsleeved-damen\/","og_site_name":"MioMioRun","article_publisher":"https:\/\/www.facebook.com\/miomiorun\/","article_modified_time":"2024-07-31T15:15:21+00:00","og_image":[{"width":600,"height":600,"url":"https:\/\/www.miomiorun.com\/app\/uploads\/2023\/11\/falke-W-longsleeved-black-39111-3000.webp","type":"image\/webp"}],"twitter_card":"summary_large_image","twitter_misc":{"Est. reading time":"1 minute"},"schema":{"@context":"https:\/\/schema.org","@graph":[{"@type":"WebPage","@id":"https:\/\/www.miomiorun.com\/de\/produkt\/warm-longsleeved-damen\/","url":"https:\/\/www.miomiorun.com\/de\/produkt\/warm-longsleeved-damen\/","name":"Uyn Warm Longsleeved damen - T-Shirt Intim - MioMioRun.com","isPartOf":{"@id":"https:\/\/www.miomiorun.com\/de\/#website"},"primaryImageOfPage":{"@id":"https:\/\/www.miomiorun.com\/de\/produkt\/warm-longsleeved-damen\/#primaryimage"},"image":{"@id":"https:\/\/www.miomiorun.com\/de\/produkt\/warm-longsleeved-damen\/#primaryimage"},"thumbnailUrl":"https:\/\/www.miomiorun.com\/app\/uploads\/2023\/11\/falke-W-longsleeved-black-39111-3000.webp","datePublished":"2023-11-02T14:21:39+00:00","dateModified":"2024-07-31T15:15:21+00:00","description":"Das eng anliegende lang\u00e4rmelige Trikot h\u00e4lt den K\u00f6rper bei milden\/kalten Temperaturen und hoher Aktivit\u00e4t warm und trocken.","breadcrumb":{"@id":"https:\/\/www.miomiorun.com\/de\/produkt\/warm-longsleeved-damen\/#breadcrumb"},"inLanguage":"de-DE","potentialAction":[{"@type":"ReadAction","target":["https:\/\/www.miomiorun.com\/de\/produkt\/warm-longsleeved-damen\/"]}]},{"@type":"ImageObject","inLanguage":"de-DE","@id":"https:\/\/www.miomiorun.com\/de\/produkt\/warm-longsleeved-damen\/#primaryimage","url":"https:\/\/www.miomiorun.com\/app\/uploads\/2023\/11\/falke-W-longsleeved-black-39111-3000.webp","contentUrl":"https:\/\/www.miomiorun.com\/app\/uploads\/2023\/11\/falke-W-longsleeved-black-39111-3000.webp","width":600,"height":600,"caption":"falke W longsleeved black 39111 3000"},{"@type":"BreadcrumbList","@id":"https:\/\/www.miomiorun.com\/de\/produkt\/warm-longsleeved-damen\/#breadcrumb","itemListElement":[{"@type":"ListItem","position":1,"name":"Home","item":"https:\/\/www.miomiorun.com\/de\/"},{"@type":"ListItem","position":2,"name":"Shop","item":"https:\/\/www.miomiorun.com\/shop\/"},{"@type":"ListItem","position":3,"name":"Warm Longsleeved damen"}]},{"@type":"WebSite","@id":"https:\/\/www.miomiorun.com\/de\/#website","url":"https:\/\/www.miomiorun.com\/de\/","name":"MioMioRun","description":"100% Lauf- und Trailshop","publisher":{"@id":"https:\/\/www.miomiorun.com\/de\/#organization"},"potentialAction":[{"@type":"SearchAction","target":{"@type":"EntryPoint","urlTemplate":"https:\/\/www.miomiorun.com\/de\/?s={search_term_string}"},"query-input":{"@type":"PropertyValueSpecification","valueRequired":true,"valueName":"search_term_string"}}],"inLanguage":"de-DE"},{"@type":"Organization","@id":"https:\/\/www.miomiorun.com\/de\/#organization","name":"MioMio Run","url":"https:\/\/www.miomiorun.com\/de\/","logo":{"@type":"ImageObject","inLanguage":"de-DE","@id":"https:\/\/www.miomiorun.com\/de\/#\/schema\/logo\/image\/","url":"https:\/\/www.miomiorun.com\/app\/uploads\/2019\/12\/logomio.png","contentUrl":"https:\/\/www.miomiorun.com\/app\/uploads\/2019\/12\/logomio.png","width":115,"height":82,"caption":"MioMio Run"},"image":{"@id":"https:\/\/www.miomiorun.com\/de\/#\/schema\/logo\/image\/"},"sameAs":["https:\/\/www.facebook.com\/miomiorun\/","https:\/\/www.instagram.com\/miomiorun\/"]}]}},"_links":{"self":[{"href":"https:\/\/www.miomiorun.com\/de\/wp-json\/wp\/v2\/product\/176132","targetHints":{"allow":["GET"]}}],"collection":[{"href":"https:\/\/www.miomiorun.com\/de\/wp-json\/wp\/v2\/product"}],"about":[{"href":"https:\/\/www.miomiorun.com\/de\/wp-json\/wp\/v2\/types\/product"}],"wp:featuredmedia":[{"embeddable":true,"href":"https:\/\/www.miomiorun.com\/de\/wp-json\/wp\/v2\/media\/162984"}],"wp:attachment":[{"href":"https:\/\/www.miomiorun.com\/de\/wp-json\/wp\/v2\/media?parent=176132"}],"wp:term":[{"taxonomy":"product_brand","embeddable":true,"href":"https:\/\/www.miomiorun.com\/de\/wp-json\/wp\/v2\/product_brand?post=176132"},{"taxonomy":"product_cat","embeddable":true,"href":"https:\/\/www.miomiorun.com\/de\/wp-json\/wp\/v2\/product_cat?post=176132"},{"taxonomy":"product_tag","embeddable":true,"href":"https:\/\/www.miomiorun.com\/de\/wp-json\/wp\/v2\/product_tag?post=176132"}],"curies":[{"name":"wp","href":"https:\/\/api.w.org\/{rel}","templated":true}]}}