{"id":176120,"date":"2024-04-18T12:57:58","date_gmt":"2024-04-18T10:57:58","guid":{"rendered":"https:\/\/miomiorun.com\/prodotto\/sensi-t-shirt-donna\/"},"modified":"2026-04-06T20:50:15","modified_gmt":"2026-04-06T18:50:15","slug":"sensi-t-shirt-damen","status":"publish","type":"product","link":"https:\/\/www.miomiorun.com\/de\/produkt\/sensi-t-shirt-damen\/","title":{"rendered":"Sensi T-Shirt damen"},"content":{"rendered":"<p>Atmungsaktives Damen-T-Shirt von <strong>Sensi<\/strong>: Frische f\u00fcr die Freizeit.<\/p>\n<p>Dieses T-Shirt aus leichtem <strong>Sensitive\u00ae<\/strong> Stretch-Nylonjersey mit <strong>Lycra Sport\u00ae<\/strong> ist k\u00fchl auf der Haut und angenehm zu tragen an hei\u00dfen Tagen. Das kompakte und strapazierf\u00e4hige Gewebe leitet Schwei\u00df effektiv ab, sodass er schneller verdunsten kann und sich bei k\u00f6rperlicher Aktivit\u00e4t nicht staut.<\/p>\n<p>Das Anti-Pilling-Gewebe ist leicht zu waschen und verf\u00fcgt \u00fcber einen fortschrittlichen UV-Schutz.<\/p>\n<p style=\"text-align: center;\"><strong>Das Sensi-T-Shirt f\u00fcr Frauen ist das ideale Kleidungsst\u00fcck f\u00fcr den Sommer.<\/strong><\/p>\n<p><strong>Eigenschaften:<\/strong><\/p>\n<ul class=\"tw-list-disc\">\n<li class=\"tw-text-xs\">Damen-T-Shirt<\/li>\n<li class=\"tw-text-xs\">Sensitive\u00ae-Nylonjersey-Gewebe mit Lycra Sport\u00ae mit hohem UV-Schutz und schnelltrocknenden Eigenschaften<\/li>\n<li class=\"tw-text-xs\">Verleimte \u00c4rmel und Saum<\/li>\n<li class=\"tw-text-xs\">Ideales Kleidungsst\u00fcck f\u00fcr verschiedene Outdoor-Aktivit\u00e4ten und Freizeitaktivit\u00e4ten<\/li>\n<li>Gewicht: 90,0 g<\/li>\n<\/ul>\n<p>&nbsp;<\/p>\n<div class=\"content__image-wrapper tw-w-fit\">\n<div class=\"content__image tw-relative tw-w-[5rem]\"><img loading=\"lazy\" decoding=\"async\" class=\"tw-absolute tw-top-0 tw-left-0 tw-w-full tw-h-full\" src=\"https:\/\/www.montura.com\/cdn\/shop\/files\/004_Breathable_Black.svg?v=1709125473&amp;width=200\" srcset=\"\/\/www.montura.com\/cdn\/shop\/files\/004_Breathable_Black.svg?v=1709125473&amp;width=200 200w\" alt=\"\" width=\"102\" height=\"102\" \/><\/div>\n<div class=\"content__image tw-relative tw-w-[5rem]\"><\/div>\n<div>\n<h3 class=\"tw-text-s tw-pt-[1.2rem] tw-pb-[0.4rem] tw-font-medium\">Atmungsaktiv<\/h3>\n<p class=\"tw-text-greyish-brown tw-text-xs tw-pt-[0.4rem]\">Dank atmungsaktiver Stoffe unterst\u00fctzt dieses Kleidungsst\u00fcck die nat\u00fcrliche Transpiration der Haut und h\u00e4lt den K\u00f6rper stets bei einer optimalen Temperatur.<\/p>\n<\/div>\n<\/div>\n<h2>Ideal f\u00fcr :<\/h2>\n<div class=\"content__image-wrapper tw-w-fit\">\n<div><\/div>\n<div class=\"content__image tw-relative tw-w-[5rem]\"><img loading=\"lazy\" decoding=\"async\" class=\"tw-absolute tw-top-0 tw-left-0 tw-w-full tw-h-full\" src=\"https:\/\/www.montura.com\/cdn\/shop\/files\/015_Everyday_Black.svg?v=1709126253&amp;width=200\" srcset=\"\/\/www.montura.com\/cdn\/shop\/files\/015_Everyday_Black.svg?v=1709126253&amp;width=200 200w\" alt=\"\" width=\"103\" height=\"103\" \/>\u00a0<strong>\u00a0ALLTAG<\/strong><\/div>\n<\/div>\n<div><\/div>\n","protected":false},"excerpt":{"rendered":"<ul>\n<li>Dieses T-Shirt ist ideal f\u00fcr Sport und Freizeitaktivit\u00e4ten im Freien.<\/li>\n<li>Aus atmungsaktivem Material, damit die Haut trocken bleibt.<\/li>\n<\/ul>\n","protected":false},"featured_media":167439,"template":"","meta":{"_acf_changed":false,"inline_featured_image":false},"product_brand":[],"product_cat":[6400,6401,6489],"product_tag":[3379,6254],"class_list":{"0":"post-176120","1":"product","2":"type-product","3":"status-publish","4":"has-post-thumbnail","6":"product_cat-damen","7":"product_cat-damenbekleidung","8":"product_cat-dament-shirt-de","9":"product_tag-montura-de","10":"product_tag-montura-damen-de","11":"pa_attivita-gehen","12":"pa_attivita-lifestyle-de","13":"pa_colore-sensi-t-shirt-w-care-blue-de","14":"pa_colore-sensi-t-shirt-w-turquoise-de","15":"pa_marca-montura-de","16":"pa_sesso-damen","17":"pa_size-small-de","18":"pa_size-medium-de","20":"first","21":"instock","22":"sale","23":"taxable","24":"shipping-taxable","25":"purchasable","26":"product-type-variable","27":"wvs-archive-product-wrapper"},"acf":[],"yoast_head":"<!-- This site is optimized with the Yoast SEO plugin v26.8 - https:\/\/yoast.com\/product\/yoast-seo-wordpress\/ -->\n<title>Montura Sensi T-Shirt damen - T-Shirt Laufen - MioMioRun<\/title>\n<meta name=\"description\" content=\"Atmungsaktives Sensi Damen-T-Shirt: Frische f\u00fcr die Freizeit. Dieses T-Shirt aus leichtem Sensitive\u00ae Stretch-Nylon-Jersey mit Lycra Sport\" \/>\n<meta name=\"robots\" content=\"index, follow, max-snippet:-1, max-image-preview:large, max-video-preview:-1\" \/>\n<link rel=\"canonical\" href=\"https:\/\/www.miomiorun.com\/de\/produkt\/sensi-t-shirt-damen\/\" \/>\n<meta property=\"og:locale\" content=\"de_DE\" \/>\n<meta property=\"og:type\" content=\"article\" \/>\n<meta property=\"og:title\" content=\"Montura Sensi T-Shirt damen - T-Shirt Laufen - MioMioRun\" \/>\n<meta property=\"og:description\" content=\"Atmungsaktives Sensi Damen-T-Shirt: Frische f\u00fcr die Freizeit. Dieses T-Shirt aus leichtem Sensitive\u00ae Stretch-Nylon-Jersey mit Lycra Sport\" \/>\n<meta property=\"og:url\" content=\"https:\/\/www.miomiorun.com\/de\/produkt\/sensi-t-shirt-damen\/\" \/>\n<meta property=\"og:site_name\" content=\"MioMioRun\" \/>\n<meta property=\"article:publisher\" content=\"https:\/\/www.facebook.com\/miomiorun\/\" \/>\n<meta property=\"article:modified_time\" content=\"2026-04-06T18:50:15+00:00\" \/>\n<meta property=\"og:image\" content=\"https:\/\/www.miomiorun.com\/app\/uploads\/2024\/04\/Montura-Sensi-t-shirt-W-care-blue-MTVNU8W-28.webp\" \/>\n\t<meta property=\"og:image:width\" content=\"600\" \/>\n\t<meta property=\"og:image:height\" content=\"600\" \/>\n\t<meta property=\"og:image:type\" content=\"image\/webp\" \/>\n<meta name=\"twitter:card\" content=\"summary_large_image\" \/>\n<meta name=\"twitter:label1\" content=\"Est. reading time\" \/>\n\t<meta name=\"twitter:data1\" content=\"1 minute\" \/>\n<script type=\"application\/ld+json\" class=\"yoast-schema-graph\">{\"@context\":\"https:\/\/schema.org\",\"@graph\":[{\"@type\":\"WebPage\",\"@id\":\"https:\/\/www.miomiorun.com\/de\/produkt\/sensi-t-shirt-damen\/\",\"url\":\"https:\/\/www.miomiorun.com\/de\/produkt\/sensi-t-shirt-damen\/\",\"name\":\"Montura Sensi T-Shirt damen - T-Shirt Laufen - MioMioRun\",\"isPartOf\":{\"@id\":\"https:\/\/www.miomiorun.com\/de\/#website\"},\"primaryImageOfPage\":{\"@id\":\"https:\/\/www.miomiorun.com\/de\/produkt\/sensi-t-shirt-damen\/#primaryimage\"},\"image\":{\"@id\":\"https:\/\/www.miomiorun.com\/de\/produkt\/sensi-t-shirt-damen\/#primaryimage\"},\"thumbnailUrl\":\"https:\/\/www.miomiorun.com\/app\/uploads\/2024\/04\/Montura-Sensi-t-shirt-W-care-blue-MTVNU8W-28.webp\",\"datePublished\":\"2024-04-18T10:57:58+00:00\",\"dateModified\":\"2026-04-06T18:50:15+00:00\",\"description\":\"Atmungsaktives Sensi Damen-T-Shirt: Frische f\u00fcr die Freizeit. Dieses T-Shirt aus leichtem Sensitive\u00ae Stretch-Nylon-Jersey mit Lycra Sport\",\"breadcrumb\":{\"@id\":\"https:\/\/www.miomiorun.com\/de\/produkt\/sensi-t-shirt-damen\/#breadcrumb\"},\"inLanguage\":\"de-DE\",\"potentialAction\":[{\"@type\":\"ReadAction\",\"target\":[\"https:\/\/www.miomiorun.com\/de\/produkt\/sensi-t-shirt-damen\/\"]}]},{\"@type\":\"ImageObject\",\"inLanguage\":\"de-DE\",\"@id\":\"https:\/\/www.miomiorun.com\/de\/produkt\/sensi-t-shirt-damen\/#primaryimage\",\"url\":\"https:\/\/www.miomiorun.com\/app\/uploads\/2024\/04\/Montura-Sensi-t-shirt-W-care-blue-MTVNU8W-28.webp\",\"contentUrl\":\"https:\/\/www.miomiorun.com\/app\/uploads\/2024\/04\/Montura-Sensi-t-shirt-W-care-blue-MTVNU8W-28.webp\",\"width\":600,\"height\":600,\"caption\":\"Montura Sensi t-shirt W care blue MTVNU8W 28\"},{\"@type\":\"BreadcrumbList\",\"@id\":\"https:\/\/www.miomiorun.com\/de\/produkt\/sensi-t-shirt-damen\/#breadcrumb\",\"itemListElement\":[{\"@type\":\"ListItem\",\"position\":1,\"name\":\"Home\",\"item\":\"https:\/\/www.miomiorun.com\/de\/\"},{\"@type\":\"ListItem\",\"position\":2,\"name\":\"Shop\",\"item\":\"https:\/\/www.miomiorun.com\/shop\/\"},{\"@type\":\"ListItem\",\"position\":3,\"name\":\"Sensi T-Shirt damen\"}]},{\"@type\":\"WebSite\",\"@id\":\"https:\/\/www.miomiorun.com\/de\/#website\",\"url\":\"https:\/\/www.miomiorun.com\/de\/\",\"name\":\"MioMioRun\",\"description\":\"100% Lauf- und Trailshop\",\"publisher\":{\"@id\":\"https:\/\/www.miomiorun.com\/de\/#organization\"},\"potentialAction\":[{\"@type\":\"SearchAction\",\"target\":{\"@type\":\"EntryPoint\",\"urlTemplate\":\"https:\/\/www.miomiorun.com\/de\/?s={search_term_string}\"},\"query-input\":{\"@type\":\"PropertyValueSpecification\",\"valueRequired\":true,\"valueName\":\"search_term_string\"}}],\"inLanguage\":\"de-DE\"},{\"@type\":\"Organization\",\"@id\":\"https:\/\/www.miomiorun.com\/de\/#organization\",\"name\":\"MioMio Run\",\"url\":\"https:\/\/www.miomiorun.com\/de\/\",\"logo\":{\"@type\":\"ImageObject\",\"inLanguage\":\"de-DE\",\"@id\":\"https:\/\/www.miomiorun.com\/de\/#\/schema\/logo\/image\/\",\"url\":\"https:\/\/www.miomiorun.com\/app\/uploads\/2019\/12\/logomio.png\",\"contentUrl\":\"https:\/\/www.miomiorun.com\/app\/uploads\/2019\/12\/logomio.png\",\"width\":115,\"height\":82,\"caption\":\"MioMio Run\"},\"image\":{\"@id\":\"https:\/\/www.miomiorun.com\/de\/#\/schema\/logo\/image\/\"},\"sameAs\":[\"https:\/\/www.facebook.com\/miomiorun\/\",\"https:\/\/www.instagram.com\/miomiorun\/\"]}]}<\/script>\n<!-- \/ Yoast SEO plugin. -->","yoast_head_json":{"title":"Montura Sensi T-Shirt damen - T-Shirt Laufen - MioMioRun","description":"Atmungsaktives Sensi Damen-T-Shirt: Frische f\u00fcr die Freizeit. Dieses T-Shirt aus leichtem Sensitive\u00ae Stretch-Nylon-Jersey mit Lycra Sport","robots":{"index":"index","follow":"follow","max-snippet":"max-snippet:-1","max-image-preview":"max-image-preview:large","max-video-preview":"max-video-preview:-1"},"canonical":"https:\/\/www.miomiorun.com\/de\/produkt\/sensi-t-shirt-damen\/","og_locale":"de_DE","og_type":"article","og_title":"Montura Sensi T-Shirt damen - T-Shirt Laufen - MioMioRun","og_description":"Atmungsaktives Sensi Damen-T-Shirt: Frische f\u00fcr die Freizeit. Dieses T-Shirt aus leichtem Sensitive\u00ae Stretch-Nylon-Jersey mit Lycra Sport","og_url":"https:\/\/www.miomiorun.com\/de\/produkt\/sensi-t-shirt-damen\/","og_site_name":"MioMioRun","article_publisher":"https:\/\/www.facebook.com\/miomiorun\/","article_modified_time":"2026-04-06T18:50:15+00:00","og_image":[{"width":600,"height":600,"url":"https:\/\/www.miomiorun.com\/app\/uploads\/2024\/04\/Montura-Sensi-t-shirt-W-care-blue-MTVNU8W-28.webp","type":"image\/webp"}],"twitter_card":"summary_large_image","twitter_misc":{"Est. reading time":"1 minute"},"schema":{"@context":"https:\/\/schema.org","@graph":[{"@type":"WebPage","@id":"https:\/\/www.miomiorun.com\/de\/produkt\/sensi-t-shirt-damen\/","url":"https:\/\/www.miomiorun.com\/de\/produkt\/sensi-t-shirt-damen\/","name":"Montura Sensi T-Shirt damen - T-Shirt Laufen - MioMioRun","isPartOf":{"@id":"https:\/\/www.miomiorun.com\/de\/#website"},"primaryImageOfPage":{"@id":"https:\/\/www.miomiorun.com\/de\/produkt\/sensi-t-shirt-damen\/#primaryimage"},"image":{"@id":"https:\/\/www.miomiorun.com\/de\/produkt\/sensi-t-shirt-damen\/#primaryimage"},"thumbnailUrl":"https:\/\/www.miomiorun.com\/app\/uploads\/2024\/04\/Montura-Sensi-t-shirt-W-care-blue-MTVNU8W-28.webp","datePublished":"2024-04-18T10:57:58+00:00","dateModified":"2026-04-06T18:50:15+00:00","description":"Atmungsaktives Sensi Damen-T-Shirt: Frische f\u00fcr die Freizeit. Dieses T-Shirt aus leichtem Sensitive\u00ae Stretch-Nylon-Jersey mit Lycra Sport","breadcrumb":{"@id":"https:\/\/www.miomiorun.com\/de\/produkt\/sensi-t-shirt-damen\/#breadcrumb"},"inLanguage":"de-DE","potentialAction":[{"@type":"ReadAction","target":["https:\/\/www.miomiorun.com\/de\/produkt\/sensi-t-shirt-damen\/"]}]},{"@type":"ImageObject","inLanguage":"de-DE","@id":"https:\/\/www.miomiorun.com\/de\/produkt\/sensi-t-shirt-damen\/#primaryimage","url":"https:\/\/www.miomiorun.com\/app\/uploads\/2024\/04\/Montura-Sensi-t-shirt-W-care-blue-MTVNU8W-28.webp","contentUrl":"https:\/\/www.miomiorun.com\/app\/uploads\/2024\/04\/Montura-Sensi-t-shirt-W-care-blue-MTVNU8W-28.webp","width":600,"height":600,"caption":"Montura Sensi t-shirt W care blue MTVNU8W 28"},{"@type":"BreadcrumbList","@id":"https:\/\/www.miomiorun.com\/de\/produkt\/sensi-t-shirt-damen\/#breadcrumb","itemListElement":[{"@type":"ListItem","position":1,"name":"Home","item":"https:\/\/www.miomiorun.com\/de\/"},{"@type":"ListItem","position":2,"name":"Shop","item":"https:\/\/www.miomiorun.com\/shop\/"},{"@type":"ListItem","position":3,"name":"Sensi T-Shirt damen"}]},{"@type":"WebSite","@id":"https:\/\/www.miomiorun.com\/de\/#website","url":"https:\/\/www.miomiorun.com\/de\/","name":"MioMioRun","description":"100% Lauf- und Trailshop","publisher":{"@id":"https:\/\/www.miomiorun.com\/de\/#organization"},"potentialAction":[{"@type":"SearchAction","target":{"@type":"EntryPoint","urlTemplate":"https:\/\/www.miomiorun.com\/de\/?s={search_term_string}"},"query-input":{"@type":"PropertyValueSpecification","valueRequired":true,"valueName":"search_term_string"}}],"inLanguage":"de-DE"},{"@type":"Organization","@id":"https:\/\/www.miomiorun.com\/de\/#organization","name":"MioMio Run","url":"https:\/\/www.miomiorun.com\/de\/","logo":{"@type":"ImageObject","inLanguage":"de-DE","@id":"https:\/\/www.miomiorun.com\/de\/#\/schema\/logo\/image\/","url":"https:\/\/www.miomiorun.com\/app\/uploads\/2019\/12\/logomio.png","contentUrl":"https:\/\/www.miomiorun.com\/app\/uploads\/2019\/12\/logomio.png","width":115,"height":82,"caption":"MioMio Run"},"image":{"@id":"https:\/\/www.miomiorun.com\/de\/#\/schema\/logo\/image\/"},"sameAs":["https:\/\/www.facebook.com\/miomiorun\/","https:\/\/www.instagram.com\/miomiorun\/"]}]}},"_links":{"self":[{"href":"https:\/\/www.miomiorun.com\/de\/wp-json\/wp\/v2\/product\/176120","targetHints":{"allow":["GET"]}}],"collection":[{"href":"https:\/\/www.miomiorun.com\/de\/wp-json\/wp\/v2\/product"}],"about":[{"href":"https:\/\/www.miomiorun.com\/de\/wp-json\/wp\/v2\/types\/product"}],"wp:featuredmedia":[{"embeddable":true,"href":"https:\/\/www.miomiorun.com\/de\/wp-json\/wp\/v2\/media\/167439"}],"wp:attachment":[{"href":"https:\/\/www.miomiorun.com\/de\/wp-json\/wp\/v2\/media?parent=176120"}],"wp:term":[{"taxonomy":"product_brand","embeddable":true,"href":"https:\/\/www.miomiorun.com\/de\/wp-json\/wp\/v2\/product_brand?post=176120"},{"taxonomy":"product_cat","embeddable":true,"href":"https:\/\/www.miomiorun.com\/de\/wp-json\/wp\/v2\/product_cat?post=176120"},{"taxonomy":"product_tag","embeddable":true,"href":"https:\/\/www.miomiorun.com\/de\/wp-json\/wp\/v2\/product_tag?post=176120"}],"curies":[{"name":"wp","href":"https:\/\/api.w.org\/{rel}","templated":true}]}}