{"id":176049,"date":"2021-09-03T19:09:14","date_gmt":"2021-09-03T17:09:14","guid":{"rendered":"https:\/\/miomiorun.com\/prodotto\/brooks-carbonite-tight-donna\/"},"modified":"2025-03-13T10:28:08","modified_gmt":"2025-03-13T09:28:08","slug":"brooks-carbonite-tight-damen","status":"publish","type":"product","link":"https:\/\/www.miomiorun.com\/de\/produkt\/brooks-carbonite-tight-damen\/","title":{"rendered":"Carbonite Tight damen"},"content":{"rendered":"<p>Bleiben Sie bedeckt, k\u00fchl und sichtbar mit dieser leichten Laufleggings f\u00fcr Frauen. Die reflektierenden Details in den Bewegungsbereichen sorgen daf\u00fcr, dass du beim Laufen gesehen wirst.<\/p>\n<h3><b>FEATURES<\/b><\/h3>\n<p>Passform: eng anliegend<\/p>\n<p>Material : DriLayer\u00ae 77% Nylon\/23% Elasthan<\/p>\n<p>bluesigna\u00ae : ja<\/p>\n<h3>Zeigen Sie sich in der Dunkelheit<\/h3>\n<p>Reflektierende Eins\u00e4tze aus 3M\u2122 Scotchlite\u2122 Carbon Black Stretch sorgen daf\u00fcr, dass Sie beim Laufen f\u00fcr alle sichtbar sind.<\/p>\n<h3>Ihre pers\u00f6nlichen Gegenst\u00e4nde sicher<\/h3>\n<p>In der Rei\u00dfverschlusstasche auf der R\u00fcckseite sind Ihre Karten, Schl\u00fcssel und Ihr Telefon sicher aufbewahrt.<\/p>\n<h3>\u00dcberlegene Stoffqualit\u00e4t<\/h3>\n<p>Au\u00dfergew\u00f6hnliche Atmungsaktivit\u00e4t und Elastizit\u00e4t machen diese Hose zum bevorzugten Kleidungsst\u00fcck von Brooks-Sportlern.<\/p>\n<h3>Zus\u00e4tzliche Vorteile<\/h3>\n<p>Elastischer Bund mit Kordelzug<\/p>\n","protected":false},"excerpt":{"rendered":"<p>Bleiben Sie bedeckt, k\u00fchl und sichtbar mit dieser leichten Laufleggings f\u00fcr Frauen. Die reflektierenden Details in den Bewegungsbereichen sorgen daf\u00fcr, dass du beim Laufen gesehen wirst. FEATURES Passform: eng anliegend Material : DriLayer\u00ae 77% Nylon\/23% Elasthan bluesigna\u00ae : ja Zeigen Sie sich in der Dunkelheit Reflektierende Eins\u00e4tze aus 3M\u2122 Scotchlite\u2122 Carbon Black Stretch sorgen daf\u00fcr, &hellip; <a href=\"https:\/\/www.miomiorun.com\/de\/produkt\/brooks-carbonite-tight-damen\/\">Continued<\/a><\/p>\n","protected":false},"featured_media":57664,"template":"","meta":{"_acf_changed":false,"inline_featured_image":false},"product_brand":[],"product_cat":[6401,6487],"product_tag":[3362,6205],"class_list":{"0":"post-176049","1":"product","2":"type-product","3":"status-publish","4":"has-post-thumbnail","6":"product_cat-damenbekleidung","7":"product_cat-damenhosen","8":"product_tag-brooks-de","9":"product_tag-brooks-damen-de","10":"pa_attivita-gehen","11":"pa_attivita-running-de","12":"pa_marca-brooks-de","13":"pa_sesso-damen","14":"pa_size-extra-small-de","16":"first","17":"instock","18":"sale","19":"taxable","20":"shipping-taxable","21":"purchasable","22":"product-type-variable","23":"wvs-archive-product-wrapper"},"acf":[],"yoast_head":"<!-- This site is optimized with the Yoast SEO plugin v26.8 - https:\/\/yoast.com\/product\/yoast-seo-wordpress\/ -->\n<title>Carbonite Tight damen - Lange Hosen - MioMioRun<\/title>\n<meta name=\"description\" content=\"Bleiben Sie bedeckt, k\u00fchl und sichtbar mit dieser leichten Laufleggings f\u00fcr Frauen. Reflektierende Details an den Bewegungszonen.\" \/>\n<meta name=\"robots\" content=\"index, follow, max-snippet:-1, max-image-preview:large, max-video-preview:-1\" \/>\n<link rel=\"canonical\" href=\"https:\/\/www.miomiorun.com\/de\/produkt\/brooks-carbonite-tight-damen\/\" \/>\n<meta property=\"og:locale\" content=\"de_DE\" \/>\n<meta property=\"og:type\" content=\"article\" \/>\n<meta property=\"og:title\" content=\"Carbonite Tight damen - Lange Hosen - MioMioRun\" \/>\n<meta property=\"og:description\" content=\"Bleiben Sie bedeckt, k\u00fchl und sichtbar mit dieser leichten Laufleggings f\u00fcr Frauen. Reflektierende Details an den Bewegungszonen.\" \/>\n<meta property=\"og:url\" content=\"https:\/\/www.miomiorun.com\/de\/produkt\/brooks-carbonite-tight-damen\/\" \/>\n<meta property=\"og:site_name\" content=\"MioMioRun\" \/>\n<meta property=\"article:publisher\" content=\"https:\/\/www.facebook.com\/miomiorun\/\" \/>\n<meta property=\"article:modified_time\" content=\"2025-03-13T09:28:08+00:00\" \/>\n<meta property=\"og:image\" content=\"https:\/\/www.miomiorun.com\/app\/uploads\/2021\/09\/brooks-carbonite-tight-221497-067.jpg\" \/>\n\t<meta property=\"og:image:width\" content=\"600\" \/>\n\t<meta property=\"og:image:height\" content=\"600\" \/>\n\t<meta property=\"og:image:type\" content=\"image\/jpeg\" \/>\n<meta name=\"twitter:card\" content=\"summary_large_image\" \/>\n<meta name=\"twitter:label1\" content=\"Est. reading time\" \/>\n\t<meta name=\"twitter:data1\" content=\"1 minute\" \/>\n<script type=\"application\/ld+json\" class=\"yoast-schema-graph\">{\"@context\":\"https:\/\/schema.org\",\"@graph\":[{\"@type\":\"WebPage\",\"@id\":\"https:\/\/www.miomiorun.com\/de\/produkt\/brooks-carbonite-tight-damen\/\",\"url\":\"https:\/\/www.miomiorun.com\/de\/produkt\/brooks-carbonite-tight-damen\/\",\"name\":\"Carbonite Tight damen - Lange Hosen - MioMioRun\",\"isPartOf\":{\"@id\":\"https:\/\/www.miomiorun.com\/de\/#website\"},\"primaryImageOfPage\":{\"@id\":\"https:\/\/www.miomiorun.com\/de\/produkt\/brooks-carbonite-tight-damen\/#primaryimage\"},\"image\":{\"@id\":\"https:\/\/www.miomiorun.com\/de\/produkt\/brooks-carbonite-tight-damen\/#primaryimage\"},\"thumbnailUrl\":\"https:\/\/www.miomiorun.com\/app\/uploads\/2021\/09\/brooks-carbonite-tight-221497-067.jpg\",\"datePublished\":\"2021-09-03T17:09:14+00:00\",\"dateModified\":\"2025-03-13T09:28:08+00:00\",\"description\":\"Bleiben Sie bedeckt, k\u00fchl und sichtbar mit dieser leichten Laufleggings f\u00fcr Frauen. Reflektierende Details an den Bewegungszonen.\",\"breadcrumb\":{\"@id\":\"https:\/\/www.miomiorun.com\/de\/produkt\/brooks-carbonite-tight-damen\/#breadcrumb\"},\"inLanguage\":\"de-DE\",\"potentialAction\":[{\"@type\":\"ReadAction\",\"target\":[\"https:\/\/www.miomiorun.com\/de\/produkt\/brooks-carbonite-tight-damen\/\"]}]},{\"@type\":\"ImageObject\",\"inLanguage\":\"de-DE\",\"@id\":\"https:\/\/www.miomiorun.com\/de\/produkt\/brooks-carbonite-tight-damen\/#primaryimage\",\"url\":\"https:\/\/www.miomiorun.com\/app\/uploads\/2021\/09\/brooks-carbonite-tight-221497-067.jpg\",\"contentUrl\":\"https:\/\/www.miomiorun.com\/app\/uploads\/2021\/09\/brooks-carbonite-tight-221497-067.jpg\",\"width\":600,\"height\":600,\"caption\":\"brooks carbonite tight\"},{\"@type\":\"BreadcrumbList\",\"@id\":\"https:\/\/www.miomiorun.com\/de\/produkt\/brooks-carbonite-tight-damen\/#breadcrumb\",\"itemListElement\":[{\"@type\":\"ListItem\",\"position\":1,\"name\":\"Home\",\"item\":\"https:\/\/www.miomiorun.com\/de\/\"},{\"@type\":\"ListItem\",\"position\":2,\"name\":\"Shop\",\"item\":\"https:\/\/www.miomiorun.com\/shop\/\"},{\"@type\":\"ListItem\",\"position\":3,\"name\":\"Carbonite Tight damen\"}]},{\"@type\":\"WebSite\",\"@id\":\"https:\/\/www.miomiorun.com\/de\/#website\",\"url\":\"https:\/\/www.miomiorun.com\/de\/\",\"name\":\"MioMioRun\",\"description\":\"100% Lauf- und Trailshop\",\"publisher\":{\"@id\":\"https:\/\/www.miomiorun.com\/de\/#organization\"},\"potentialAction\":[{\"@type\":\"SearchAction\",\"target\":{\"@type\":\"EntryPoint\",\"urlTemplate\":\"https:\/\/www.miomiorun.com\/de\/?s={search_term_string}\"},\"query-input\":{\"@type\":\"PropertyValueSpecification\",\"valueRequired\":true,\"valueName\":\"search_term_string\"}}],\"inLanguage\":\"de-DE\"},{\"@type\":\"Organization\",\"@id\":\"https:\/\/www.miomiorun.com\/de\/#organization\",\"name\":\"MioMio Run\",\"url\":\"https:\/\/www.miomiorun.com\/de\/\",\"logo\":{\"@type\":\"ImageObject\",\"inLanguage\":\"de-DE\",\"@id\":\"https:\/\/www.miomiorun.com\/de\/#\/schema\/logo\/image\/\",\"url\":\"https:\/\/www.miomiorun.com\/app\/uploads\/2019\/12\/logomio.png\",\"contentUrl\":\"https:\/\/www.miomiorun.com\/app\/uploads\/2019\/12\/logomio.png\",\"width\":115,\"height\":82,\"caption\":\"MioMio Run\"},\"image\":{\"@id\":\"https:\/\/www.miomiorun.com\/de\/#\/schema\/logo\/image\/\"},\"sameAs\":[\"https:\/\/www.facebook.com\/miomiorun\/\",\"https:\/\/www.instagram.com\/miomiorun\/\"]}]}<\/script>\n<!-- \/ Yoast SEO plugin. -->","yoast_head_json":{"title":"Carbonite Tight damen - Lange Hosen - MioMioRun","description":"Bleiben Sie bedeckt, k\u00fchl und sichtbar mit dieser leichten Laufleggings f\u00fcr Frauen. Reflektierende Details an den Bewegungszonen.","robots":{"index":"index","follow":"follow","max-snippet":"max-snippet:-1","max-image-preview":"max-image-preview:large","max-video-preview":"max-video-preview:-1"},"canonical":"https:\/\/www.miomiorun.com\/de\/produkt\/brooks-carbonite-tight-damen\/","og_locale":"de_DE","og_type":"article","og_title":"Carbonite Tight damen - Lange Hosen - MioMioRun","og_description":"Bleiben Sie bedeckt, k\u00fchl und sichtbar mit dieser leichten Laufleggings f\u00fcr Frauen. Reflektierende Details an den Bewegungszonen.","og_url":"https:\/\/www.miomiorun.com\/de\/produkt\/brooks-carbonite-tight-damen\/","og_site_name":"MioMioRun","article_publisher":"https:\/\/www.facebook.com\/miomiorun\/","article_modified_time":"2025-03-13T09:28:08+00:00","og_image":[{"width":600,"height":600,"url":"https:\/\/www.miomiorun.com\/app\/uploads\/2021\/09\/brooks-carbonite-tight-221497-067.jpg","type":"image\/jpeg"}],"twitter_card":"summary_large_image","twitter_misc":{"Est. reading time":"1 minute"},"schema":{"@context":"https:\/\/schema.org","@graph":[{"@type":"WebPage","@id":"https:\/\/www.miomiorun.com\/de\/produkt\/brooks-carbonite-tight-damen\/","url":"https:\/\/www.miomiorun.com\/de\/produkt\/brooks-carbonite-tight-damen\/","name":"Carbonite Tight damen - Lange Hosen - MioMioRun","isPartOf":{"@id":"https:\/\/www.miomiorun.com\/de\/#website"},"primaryImageOfPage":{"@id":"https:\/\/www.miomiorun.com\/de\/produkt\/brooks-carbonite-tight-damen\/#primaryimage"},"image":{"@id":"https:\/\/www.miomiorun.com\/de\/produkt\/brooks-carbonite-tight-damen\/#primaryimage"},"thumbnailUrl":"https:\/\/www.miomiorun.com\/app\/uploads\/2021\/09\/brooks-carbonite-tight-221497-067.jpg","datePublished":"2021-09-03T17:09:14+00:00","dateModified":"2025-03-13T09:28:08+00:00","description":"Bleiben Sie bedeckt, k\u00fchl und sichtbar mit dieser leichten Laufleggings f\u00fcr Frauen. Reflektierende Details an den Bewegungszonen.","breadcrumb":{"@id":"https:\/\/www.miomiorun.com\/de\/produkt\/brooks-carbonite-tight-damen\/#breadcrumb"},"inLanguage":"de-DE","potentialAction":[{"@type":"ReadAction","target":["https:\/\/www.miomiorun.com\/de\/produkt\/brooks-carbonite-tight-damen\/"]}]},{"@type":"ImageObject","inLanguage":"de-DE","@id":"https:\/\/www.miomiorun.com\/de\/produkt\/brooks-carbonite-tight-damen\/#primaryimage","url":"https:\/\/www.miomiorun.com\/app\/uploads\/2021\/09\/brooks-carbonite-tight-221497-067.jpg","contentUrl":"https:\/\/www.miomiorun.com\/app\/uploads\/2021\/09\/brooks-carbonite-tight-221497-067.jpg","width":600,"height":600,"caption":"brooks carbonite tight"},{"@type":"BreadcrumbList","@id":"https:\/\/www.miomiorun.com\/de\/produkt\/brooks-carbonite-tight-damen\/#breadcrumb","itemListElement":[{"@type":"ListItem","position":1,"name":"Home","item":"https:\/\/www.miomiorun.com\/de\/"},{"@type":"ListItem","position":2,"name":"Shop","item":"https:\/\/www.miomiorun.com\/shop\/"},{"@type":"ListItem","position":3,"name":"Carbonite Tight damen"}]},{"@type":"WebSite","@id":"https:\/\/www.miomiorun.com\/de\/#website","url":"https:\/\/www.miomiorun.com\/de\/","name":"MioMioRun","description":"100% Lauf- und Trailshop","publisher":{"@id":"https:\/\/www.miomiorun.com\/de\/#organization"},"potentialAction":[{"@type":"SearchAction","target":{"@type":"EntryPoint","urlTemplate":"https:\/\/www.miomiorun.com\/de\/?s={search_term_string}"},"query-input":{"@type":"PropertyValueSpecification","valueRequired":true,"valueName":"search_term_string"}}],"inLanguage":"de-DE"},{"@type":"Organization","@id":"https:\/\/www.miomiorun.com\/de\/#organization","name":"MioMio Run","url":"https:\/\/www.miomiorun.com\/de\/","logo":{"@type":"ImageObject","inLanguage":"de-DE","@id":"https:\/\/www.miomiorun.com\/de\/#\/schema\/logo\/image\/","url":"https:\/\/www.miomiorun.com\/app\/uploads\/2019\/12\/logomio.png","contentUrl":"https:\/\/www.miomiorun.com\/app\/uploads\/2019\/12\/logomio.png","width":115,"height":82,"caption":"MioMio Run"},"image":{"@id":"https:\/\/www.miomiorun.com\/de\/#\/schema\/logo\/image\/"},"sameAs":["https:\/\/www.facebook.com\/miomiorun\/","https:\/\/www.instagram.com\/miomiorun\/"]}]}},"_links":{"self":[{"href":"https:\/\/www.miomiorun.com\/de\/wp-json\/wp\/v2\/product\/176049","targetHints":{"allow":["GET"]}}],"collection":[{"href":"https:\/\/www.miomiorun.com\/de\/wp-json\/wp\/v2\/product"}],"about":[{"href":"https:\/\/www.miomiorun.com\/de\/wp-json\/wp\/v2\/types\/product"}],"wp:featuredmedia":[{"embeddable":true,"href":"https:\/\/www.miomiorun.com\/de\/wp-json\/wp\/v2\/media\/57664"}],"wp:attachment":[{"href":"https:\/\/www.miomiorun.com\/de\/wp-json\/wp\/v2\/media?parent=176049"}],"wp:term":[{"taxonomy":"product_brand","embeddable":true,"href":"https:\/\/www.miomiorun.com\/de\/wp-json\/wp\/v2\/product_brand?post=176049"},{"taxonomy":"product_cat","embeddable":true,"href":"https:\/\/www.miomiorun.com\/de\/wp-json\/wp\/v2\/product_cat?post=176049"},{"taxonomy":"product_tag","embeddable":true,"href":"https:\/\/www.miomiorun.com\/de\/wp-json\/wp\/v2\/product_tag?post=176049"}],"curies":[{"name":"wp","href":"https:\/\/api.w.org\/{rel}","templated":true}]}}