{"id":176004,"date":"2021-10-08T17:57:25","date_gmt":"2021-10-08T15:57:25","guid":{"rendered":"https:\/\/miomiorun.com\/prodotto\/montura-sporty-winter-pants-donna\/"},"modified":"2025-03-13T10:37:39","modified_gmt":"2025-03-13T09:37:39","slug":"montura-sporty-winter-pants-damen","status":"publish","type":"product","link":"https:\/\/www.miomiorun.com\/de\/produkt\/montura-sporty-winter-pants-damen\/","title":{"rendered":"Sporty Winter Pants damen"},"content":{"rendered":"<div class=\"product-attribute-season\">\n<p>Die <strong>Sporty Winter<\/strong> Pants ist eine Winterhose f\u00fcr Damen, die perfekt f\u00fcr den Winter und f\u00fcr Ausfl\u00fcge in die Berge geeignet ist. Sie besteht aus Jersey-Nylon und Lycra-Stretchmaterial und ist ein ideales Kleidungsst\u00fcck f\u00fcr Fitness und Freizeit.<\/p>\n<h3>Eigenschaften:<\/h3>\n<p>&#8211; Lange Damenhose<br \/>\n&#8211; DWR-Stretch-Nylongewebe mit Gaze auf der R\u00fcckseite<br \/>\n&#8211; Elastischer Bund<br \/>\n&#8211; Ideales Kleidungsst\u00fcck f\u00fcr verschiedene Outdoor-Aktivit\u00e4ten und Freizeit in kaltem Klima<\/p>\n<\/div>\n<p>Gewicht: 0,19 kg<\/p>\n<div class=\"product-attribute-season\">\n<div><\/div>\n<div class=\"product-attribute product-attribute-passion\">\n<p>&nbsp;<\/p>\n<\/div>\n<\/div>\n","protected":false},"excerpt":{"rendered":"<p>Die Sporty Winter Pants ist eine Winterhose f\u00fcr Damen, die perfekt f\u00fcr den Winter und f\u00fcr Ausfl\u00fcge in die Berge geeignet ist. Sie besteht aus Jersey-Nylon und Lycra-Stretchmaterial und ist ein ideales Kleidungsst\u00fcck f\u00fcr Fitness und Freizeit. Eigenschaften: &#8211; Lange Damenhose &#8211; DWR-Stretch-Nylongewebe mit Gaze auf der R\u00fcckseite &#8211; Elastischer Bund &#8211; Ideales Kleidungsst\u00fcck f\u00fcr &hellip; <a href=\"https:\/\/www.miomiorun.com\/de\/produkt\/montura-sporty-winter-pants-damen\/\">Continued<\/a><\/p>\n","protected":false},"featured_media":100268,"template":"","meta":{"_acf_changed":false,"inline_featured_image":false},"product_brand":[],"product_cat":[6400,6401,6487],"product_tag":[3379,6254],"class_list":{"0":"post-176004","1":"product","2":"type-product","3":"status-publish","4":"has-post-thumbnail","6":"product_cat-damen","7":"product_cat-damenbekleidung","8":"product_cat-damenhosen","9":"product_tag-montura-de","10":"product_tag-montura-damen-de","11":"pa_attivita-gehen","12":"pa_attivita-outdoor-de","13":"pa_colore-sporty-winter-pants-w-nero-de","14":"pa_marca-montura-de","15":"pa_sesso-damen","16":"pa_size-small-de","17":"pa_size-large-de","19":"first","20":"instock","21":"taxable","22":"shipping-taxable","23":"purchasable","24":"product-type-variable","25":"wvs-archive-product-wrapper"},"acf":[],"yoast_head":"<!-- This site is optimized with the Yoast SEO plugin v26.8 - https:\/\/yoast.com\/product\/yoast-seo-wordpress\/ -->\n<title>Montura Sporty Winter Pants damen - Winterhose - MioMioRun<\/title>\n<meta name=\"description\" content=\"Die Sporty Winter Pants sind Winterhosen f\u00fcr Damen, die sich perfekt f\u00fcr die Winterzeit eignen. Mehr Informationen auf unserer Website\" \/>\n<meta name=\"robots\" content=\"index, follow, max-snippet:-1, max-image-preview:large, max-video-preview:-1\" \/>\n<link rel=\"canonical\" href=\"https:\/\/www.miomiorun.com\/de\/produkt\/montura-sporty-winter-pants-damen\/\" \/>\n<meta property=\"og:locale\" content=\"de_DE\" \/>\n<meta property=\"og:type\" content=\"article\" \/>\n<meta property=\"og:title\" content=\"Montura Sporty Winter Pants damen - Winterhose - MioMioRun\" \/>\n<meta property=\"og:description\" content=\"Die Sporty Winter Pants sind Winterhosen f\u00fcr Damen, die sich perfekt f\u00fcr die Winterzeit eignen. Mehr Informationen auf unserer Website\" \/>\n<meta property=\"og:url\" content=\"https:\/\/www.miomiorun.com\/de\/produkt\/montura-sporty-winter-pants-damen\/\" \/>\n<meta property=\"og:site_name\" content=\"MioMioRun\" \/>\n<meta property=\"article:publisher\" content=\"https:\/\/www.facebook.com\/miomiorun\/\" \/>\n<meta property=\"article:modified_time\" content=\"2025-03-13T09:37:39+00:00\" \/>\n<meta property=\"og:image\" content=\"https:\/\/www.miomiorun.com\/app\/uploads\/2022\/12\/montura-sporty-winter-pants-W-nero-MPLR40W.90.jpg\" \/>\n\t<meta property=\"og:image:width\" content=\"600\" \/>\n\t<meta property=\"og:image:height\" content=\"600\" \/>\n\t<meta property=\"og:image:type\" content=\"image\/jpeg\" \/>\n<meta name=\"twitter:card\" content=\"summary_large_image\" \/>\n<script type=\"application\/ld+json\" class=\"yoast-schema-graph\">{\"@context\":\"https:\/\/schema.org\",\"@graph\":[{\"@type\":\"WebPage\",\"@id\":\"https:\/\/www.miomiorun.com\/de\/produkt\/montura-sporty-winter-pants-damen\/\",\"url\":\"https:\/\/www.miomiorun.com\/de\/produkt\/montura-sporty-winter-pants-damen\/\",\"name\":\"Montura Sporty Winter Pants damen - Winterhose - MioMioRun\",\"isPartOf\":{\"@id\":\"https:\/\/www.miomiorun.com\/de\/#website\"},\"primaryImageOfPage\":{\"@id\":\"https:\/\/www.miomiorun.com\/de\/produkt\/montura-sporty-winter-pants-damen\/#primaryimage\"},\"image\":{\"@id\":\"https:\/\/www.miomiorun.com\/de\/produkt\/montura-sporty-winter-pants-damen\/#primaryimage\"},\"thumbnailUrl\":\"https:\/\/www.miomiorun.com\/app\/uploads\/2022\/12\/montura-sporty-winter-pants-W-nero-MPLR40W.90.jpg\",\"datePublished\":\"2021-10-08T15:57:25+00:00\",\"dateModified\":\"2025-03-13T09:37:39+00:00\",\"description\":\"Die Sporty Winter Pants sind Winterhosen f\u00fcr Damen, die sich perfekt f\u00fcr die Winterzeit eignen. Mehr Informationen auf unserer Website\",\"breadcrumb\":{\"@id\":\"https:\/\/www.miomiorun.com\/de\/produkt\/montura-sporty-winter-pants-damen\/#breadcrumb\"},\"inLanguage\":\"de-DE\",\"potentialAction\":[{\"@type\":\"ReadAction\",\"target\":[\"https:\/\/www.miomiorun.com\/de\/produkt\/montura-sporty-winter-pants-damen\/\"]}]},{\"@type\":\"ImageObject\",\"inLanguage\":\"de-DE\",\"@id\":\"https:\/\/www.miomiorun.com\/de\/produkt\/montura-sporty-winter-pants-damen\/#primaryimage\",\"url\":\"https:\/\/www.miomiorun.com\/app\/uploads\/2022\/12\/montura-sporty-winter-pants-W-nero-MPLR40W.90.jpg\",\"contentUrl\":\"https:\/\/www.miomiorun.com\/app\/uploads\/2022\/12\/montura-sporty-winter-pants-W-nero-MPLR40W.90.jpg\",\"width\":600,\"height\":600,\"caption\":\"montura-sporty-winter-pants-W-nero-MPLR40W.90\"},{\"@type\":\"BreadcrumbList\",\"@id\":\"https:\/\/www.miomiorun.com\/de\/produkt\/montura-sporty-winter-pants-damen\/#breadcrumb\",\"itemListElement\":[{\"@type\":\"ListItem\",\"position\":1,\"name\":\"Home\",\"item\":\"https:\/\/www.miomiorun.com\/de\/\"},{\"@type\":\"ListItem\",\"position\":2,\"name\":\"Shop\",\"item\":\"https:\/\/www.miomiorun.com\/shop\/\"},{\"@type\":\"ListItem\",\"position\":3,\"name\":\"Sporty Winter Pants damen\"}]},{\"@type\":\"WebSite\",\"@id\":\"https:\/\/www.miomiorun.com\/de\/#website\",\"url\":\"https:\/\/www.miomiorun.com\/de\/\",\"name\":\"MioMioRun\",\"description\":\"100% Lauf- und Trailshop\",\"publisher\":{\"@id\":\"https:\/\/www.miomiorun.com\/de\/#organization\"},\"potentialAction\":[{\"@type\":\"SearchAction\",\"target\":{\"@type\":\"EntryPoint\",\"urlTemplate\":\"https:\/\/www.miomiorun.com\/de\/?s={search_term_string}\"},\"query-input\":{\"@type\":\"PropertyValueSpecification\",\"valueRequired\":true,\"valueName\":\"search_term_string\"}}],\"inLanguage\":\"de-DE\"},{\"@type\":\"Organization\",\"@id\":\"https:\/\/www.miomiorun.com\/de\/#organization\",\"name\":\"MioMio Run\",\"url\":\"https:\/\/www.miomiorun.com\/de\/\",\"logo\":{\"@type\":\"ImageObject\",\"inLanguage\":\"de-DE\",\"@id\":\"https:\/\/www.miomiorun.com\/de\/#\/schema\/logo\/image\/\",\"url\":\"https:\/\/www.miomiorun.com\/app\/uploads\/2019\/12\/logomio.png\",\"contentUrl\":\"https:\/\/www.miomiorun.com\/app\/uploads\/2019\/12\/logomio.png\",\"width\":115,\"height\":82,\"caption\":\"MioMio Run\"},\"image\":{\"@id\":\"https:\/\/www.miomiorun.com\/de\/#\/schema\/logo\/image\/\"},\"sameAs\":[\"https:\/\/www.facebook.com\/miomiorun\/\",\"https:\/\/www.instagram.com\/miomiorun\/\"]}]}<\/script>\n<!-- \/ Yoast SEO plugin. -->","yoast_head_json":{"title":"Montura Sporty Winter Pants damen - Winterhose - MioMioRun","description":"Die Sporty Winter Pants sind Winterhosen f\u00fcr Damen, die sich perfekt f\u00fcr die Winterzeit eignen. Mehr Informationen auf unserer Website","robots":{"index":"index","follow":"follow","max-snippet":"max-snippet:-1","max-image-preview":"max-image-preview:large","max-video-preview":"max-video-preview:-1"},"canonical":"https:\/\/www.miomiorun.com\/de\/produkt\/montura-sporty-winter-pants-damen\/","og_locale":"de_DE","og_type":"article","og_title":"Montura Sporty Winter Pants damen - Winterhose - MioMioRun","og_description":"Die Sporty Winter Pants sind Winterhosen f\u00fcr Damen, die sich perfekt f\u00fcr die Winterzeit eignen. Mehr Informationen auf unserer Website","og_url":"https:\/\/www.miomiorun.com\/de\/produkt\/montura-sporty-winter-pants-damen\/","og_site_name":"MioMioRun","article_publisher":"https:\/\/www.facebook.com\/miomiorun\/","article_modified_time":"2025-03-13T09:37:39+00:00","og_image":[{"width":600,"height":600,"url":"https:\/\/www.miomiorun.com\/app\/uploads\/2022\/12\/montura-sporty-winter-pants-W-nero-MPLR40W.90.jpg","type":"image\/jpeg"}],"twitter_card":"summary_large_image","schema":{"@context":"https:\/\/schema.org","@graph":[{"@type":"WebPage","@id":"https:\/\/www.miomiorun.com\/de\/produkt\/montura-sporty-winter-pants-damen\/","url":"https:\/\/www.miomiorun.com\/de\/produkt\/montura-sporty-winter-pants-damen\/","name":"Montura Sporty Winter Pants damen - Winterhose - MioMioRun","isPartOf":{"@id":"https:\/\/www.miomiorun.com\/de\/#website"},"primaryImageOfPage":{"@id":"https:\/\/www.miomiorun.com\/de\/produkt\/montura-sporty-winter-pants-damen\/#primaryimage"},"image":{"@id":"https:\/\/www.miomiorun.com\/de\/produkt\/montura-sporty-winter-pants-damen\/#primaryimage"},"thumbnailUrl":"https:\/\/www.miomiorun.com\/app\/uploads\/2022\/12\/montura-sporty-winter-pants-W-nero-MPLR40W.90.jpg","datePublished":"2021-10-08T15:57:25+00:00","dateModified":"2025-03-13T09:37:39+00:00","description":"Die Sporty Winter Pants sind Winterhosen f\u00fcr Damen, die sich perfekt f\u00fcr die Winterzeit eignen. Mehr Informationen auf unserer Website","breadcrumb":{"@id":"https:\/\/www.miomiorun.com\/de\/produkt\/montura-sporty-winter-pants-damen\/#breadcrumb"},"inLanguage":"de-DE","potentialAction":[{"@type":"ReadAction","target":["https:\/\/www.miomiorun.com\/de\/produkt\/montura-sporty-winter-pants-damen\/"]}]},{"@type":"ImageObject","inLanguage":"de-DE","@id":"https:\/\/www.miomiorun.com\/de\/produkt\/montura-sporty-winter-pants-damen\/#primaryimage","url":"https:\/\/www.miomiorun.com\/app\/uploads\/2022\/12\/montura-sporty-winter-pants-W-nero-MPLR40W.90.jpg","contentUrl":"https:\/\/www.miomiorun.com\/app\/uploads\/2022\/12\/montura-sporty-winter-pants-W-nero-MPLR40W.90.jpg","width":600,"height":600,"caption":"montura-sporty-winter-pants-W-nero-MPLR40W.90"},{"@type":"BreadcrumbList","@id":"https:\/\/www.miomiorun.com\/de\/produkt\/montura-sporty-winter-pants-damen\/#breadcrumb","itemListElement":[{"@type":"ListItem","position":1,"name":"Home","item":"https:\/\/www.miomiorun.com\/de\/"},{"@type":"ListItem","position":2,"name":"Shop","item":"https:\/\/www.miomiorun.com\/shop\/"},{"@type":"ListItem","position":3,"name":"Sporty Winter Pants damen"}]},{"@type":"WebSite","@id":"https:\/\/www.miomiorun.com\/de\/#website","url":"https:\/\/www.miomiorun.com\/de\/","name":"MioMioRun","description":"100% Lauf- und Trailshop","publisher":{"@id":"https:\/\/www.miomiorun.com\/de\/#organization"},"potentialAction":[{"@type":"SearchAction","target":{"@type":"EntryPoint","urlTemplate":"https:\/\/www.miomiorun.com\/de\/?s={search_term_string}"},"query-input":{"@type":"PropertyValueSpecification","valueRequired":true,"valueName":"search_term_string"}}],"inLanguage":"de-DE"},{"@type":"Organization","@id":"https:\/\/www.miomiorun.com\/de\/#organization","name":"MioMio Run","url":"https:\/\/www.miomiorun.com\/de\/","logo":{"@type":"ImageObject","inLanguage":"de-DE","@id":"https:\/\/www.miomiorun.com\/de\/#\/schema\/logo\/image\/","url":"https:\/\/www.miomiorun.com\/app\/uploads\/2019\/12\/logomio.png","contentUrl":"https:\/\/www.miomiorun.com\/app\/uploads\/2019\/12\/logomio.png","width":115,"height":82,"caption":"MioMio Run"},"image":{"@id":"https:\/\/www.miomiorun.com\/de\/#\/schema\/logo\/image\/"},"sameAs":["https:\/\/www.facebook.com\/miomiorun\/","https:\/\/www.instagram.com\/miomiorun\/"]}]}},"_links":{"self":[{"href":"https:\/\/www.miomiorun.com\/de\/wp-json\/wp\/v2\/product\/176004","targetHints":{"allow":["GET"]}}],"collection":[{"href":"https:\/\/www.miomiorun.com\/de\/wp-json\/wp\/v2\/product"}],"about":[{"href":"https:\/\/www.miomiorun.com\/de\/wp-json\/wp\/v2\/types\/product"}],"wp:featuredmedia":[{"embeddable":true,"href":"https:\/\/www.miomiorun.com\/de\/wp-json\/wp\/v2\/media\/100268"}],"wp:attachment":[{"href":"https:\/\/www.miomiorun.com\/de\/wp-json\/wp\/v2\/media?parent=176004"}],"wp:term":[{"taxonomy":"product_brand","embeddable":true,"href":"https:\/\/www.miomiorun.com\/de\/wp-json\/wp\/v2\/product_brand?post=176004"},{"taxonomy":"product_cat","embeddable":true,"href":"https:\/\/www.miomiorun.com\/de\/wp-json\/wp\/v2\/product_cat?post=176004"},{"taxonomy":"product_tag","embeddable":true,"href":"https:\/\/www.miomiorun.com\/de\/wp-json\/wp\/v2\/product_tag?post=176004"}],"curies":[{"name":"wp","href":"https:\/\/api.w.org\/{rel}","templated":true}]}}