{"id":175967,"date":"2021-10-12T18:29:11","date_gmt":"2021-10-12T16:29:11","guid":{"rendered":"https:\/\/miomiorun.com\/prodotto\/uyn-alpha-ow-pants-long-donna\/"},"modified":"2025-03-13T10:35:50","modified_gmt":"2025-03-13T09:35:50","slug":"uyn-alpha-ow-pants-long-damen","status":"publish","type":"product","link":"https:\/\/www.miomiorun.com\/de\/produkt\/uyn-alpha-ow-pants-long-damen\/","title":{"rendered":"Alpha OW Pants Long damen"},"content":{"rendered":"<div id=\"tab-description\" class=\"tab-pane active\" role=\"tabpanel\">\n<div class=\"tab-custom\">\n<div class=\"tab-content\">\n<div id=\"tab-description\" class=\"tab-pane active\" role=\"tabpanel\">\n<div class=\"tab-custom\">\n<div class=\"tab-content\">\n<div id=\"tab-description\" class=\"tab-pane active\" role=\"tabpanel\">\n<div class=\"tab-custom\">\n<div class=\"tab-custom-inner-max content-wysiwyg\">\n<p>Die <strong>UYN Running Alpha OW Pants Long<\/strong> gibt L\u00e4ufern Unterst\u00fctzung bei jedem Schritt. Die eingebaute Kompression stabilisiert die Oberschenkelmuskulatur und l\u00e4sst sie weniger schnell erm\u00fcden. Die Hose ist frei von Innenn\u00e4hten und hat eine perfekte, k\u00f6rpernahe Passform. Au\u00dferdem sch\u00fctzt sie vor Ausk\u00fchlung, sowohl vor als auch nach k\u00f6rperlicher Anstrengung. So sind Sportler auch an kalten Tagen immer zu H\u00f6chstleistungen bereit.<\/p>\n<\/div>\n<div class=\"tab-custom-inner-max content-wysiwyg\">\n<div class=\"product-line\">\n<h3>DER K\u00c4LTEIMPULS F\u00dcR IHRE LEISTUNG<\/h3>\n<p>K\u00e4lte. Es ist das Gef\u00fchl, das Ihr K\u00f6rper vor jeder Leistung bei hohen Temperaturen braucht. Das Gef\u00fchl, das Sie auf die intensivsten Anstrengungen vorbereitet. Die, die du sp\u00fcrst, sobald du die Alpha Coolboost Kleidungsst\u00fccke anziehst. Wir haben sie mit dem innovativen Freshcore Yarn Material hergestellt, um dir einen fr\u00fchen Vorteil zu verschaffen. Wir haben sie entwickelt, indem wir jede noch so kleine Bewegung deiner Muskeln studiert und den W\u00e4rmeverlust deines K\u00f6rpers wissenschaftlich analysiert haben. Bewahren Sie einen k\u00fchlen Kopf: Setzen Sie Ihre Energie frei.<\/p>\n<\/div>\n<\/div>\n<\/div>\n<\/div>\n<\/div>\n<\/div>\n<\/div>\n<\/div>\n<\/div>\n<\/div>\n<p>&nbsp;<\/p>\n<div class=\"tab-custom-inner-max content-wysiwyg\">\n<div class=\"product-line\">\n<div id=\"tab-technology\" class=\"tab-pane active\" role=\"tabpanel\">\n<div class=\"tab-custom\">\n<div class=\"tab-items\">\n<div class=\"row\">\n<div class=\"col-xs-12 col-sm-4\">\n<div class=\"tab-item\">\n<div class=\"media media-md\">\n<div class=\"media-left\"><img loading=\"lazy\" decoding=\"async\" class=\"\" src=\"https:\/\/images.prismic.io\/uynsports\/4aa9ee299293b2a0a42d8c38f2dd934260f726b5_t-hexagon.png?auto=compress,format\" alt=\"T-Hexagon\" width=\"88\" height=\"88\" \/><\/div>\n<div class=\"media-body\">\n<div class=\"title\">T-Hexagon<\/div>\n<p>Die hexagonale 3D-Struktur des Gewebes erm\u00f6glicht eine perfekte Regulierung des K\u00f6rperklimas. Im Bauchbereich ist die Struktur dicker f\u00fcr eine bessere Isolierung und Stabilit\u00e4t, w\u00e4hrend sie im Brustbereich d\u00fcnner wird, um die Transpiration und Schwei\u00dfverdunstung zu f\u00f6rdern.<\/p>\n<div class=\"col-xs-12 col-sm-4\">\n<div class=\"tab-item\">\n<div class=\"media media-md\">\n<div class=\"media-left\"><img loading=\"lazy\" decoding=\"async\" class=\"\" src=\"https:\/\/images.prismic.io\/uynsports\/13fc4115884309b60b3b431df95b71da6726097c_meta-ribs-bottom.png?auto=compress,format\" alt=\"Meta-Ribs\" width=\"88\" height=\"88\" \/><\/div>\n<div class=\"media-body\">\n<div class=\"title\">Meta-Ribs<\/div>\n<p>In den Muskelpartien tragen die integrierten stabilisierenden META-RIBS zu einer korrekten K\u00f6rperhaltung bei k\u00f6rperlicher Aktivit\u00e4t bei. Gleichzeitig erzeugen sie einen Druck, der den Muskel stabilisiert und die Durchblutung f\u00f6rdert. Das Ergebnis ist mehr Wohlbefinden f\u00fcr den K\u00f6rper und auch eine h\u00f6here Konzentration.<\/p>\n<div class=\"col-xs-12 col-sm-4\">\n<div class=\"tab-item\">\n<div class=\"media media-md\">\n<div class=\"media-left\"><img loading=\"lazy\" decoding=\"async\" class=\"\" src=\"https:\/\/images.prismic.io\/uynsports\/b31939ddcff17e639e984b5ec487fc90f2f10db8_ultramotion.png?auto=compress,format\" alt=\"Ultramotion\" width=\"89\" height=\"89\" \/><\/div>\n<div class=\"media-body\">\n<div class=\"title\">Ultramotion<\/div>\n<p>Im H\u00fcftbereich sorgt die geschwungene Form des UYN\u00ae ULTRAMOTION-Systems f\u00fcr mehr Stabilit\u00e4t des Rumpfes und des unteren R\u00fcckens. Wie bei der Hypermotion-Technologie sind auch die Shorts aus einem St\u00fcck gefertigt. Diese spezielle Konstruktion sorgt f\u00fcr uneingeschr\u00e4nkte Bewegungsfreiheit.<\/p>\n<\/div>\n<\/div>\n<\/div>\n<\/div>\n<\/div>\n<\/div>\n<\/div>\n<\/div>\n<div class=\"media-body\">\n<p class=\"title\">MATERIAL: <span class=\"cyc-color-text_secondary\">49 % Polyamid, 47 % Polyester, 3 % Elasthan, 1 % Polypropylen<\/span><\/p>\n<\/div>\n<\/div>\n<\/div>\n<\/div>\n<\/div>\n<\/div>\n<\/div>\n<\/div>\n<\/div>\n<\/div>\n<\/div>\n","protected":false},"excerpt":{"rendered":"<p>Die UYN Running Alpha OW Pants Long gibt L\u00e4ufern Unterst\u00fctzung bei jedem Schritt. Die eingebaute Kompression stabilisiert die Oberschenkelmuskulatur und l\u00e4sst sie weniger schnell erm\u00fcden. Die Hose ist frei von Innenn\u00e4hten und hat eine perfekte, k\u00f6rpernahe Passform. Au\u00dferdem sch\u00fctzt sie vor Ausk\u00fchlung, sowohl vor als auch nach k\u00f6rperlicher Anstrengung. So sind Sportler auch an kalten &hellip; <a href=\"https:\/\/www.miomiorun.com\/de\/produkt\/uyn-alpha-ow-pants-long-damen\/\">Continued<\/a><\/p>\n","protected":false},"featured_media":58926,"template":"","meta":{"_acf_changed":false,"inline_featured_image":false},"product_brand":[],"product_cat":[6400,6401,6487,6485],"product_tag":[6315,6291],"class_list":{"0":"post-175967","1":"product","2":"type-product","3":"status-publish","4":"has-post-thumbnail","6":"product_cat-damen","7":"product_cat-damenbekleidung","8":"product_cat-damenhosen","9":"product_cat-damenwaesche-de","10":"product_tag-uyn-de","11":"product_tag-uyn-damen-de","12":"pa_attivita-gehen","13":"pa_attivita-outdoor-de","14":"pa_attivita-running-de","15":"pa_attivita-trail-de","16":"pa_marca-uyn-de","17":"pa_sesso-damen","18":"pa_size-medium-de","19":"pa_size-large-de","21":"first","22":"instock","23":"sale","24":"taxable","25":"shipping-taxable","26":"purchasable","27":"product-type-variable","28":"wvs-archive-product-wrapper"},"acf":[],"yoast_head":"<!-- This site is optimized with the Yoast SEO plugin v26.8 - https:\/\/yoast.com\/product\/yoast-seo-wordpress\/ -->\n<title>Alpha OW Pants Long damen - Thermohose - MioMioRun<\/title>\n<meta name=\"description\" content=\"Die UYN Running Alpha OW Pants Long gibt L\u00e4ufern Halt bei jedem Schritt und die eingearbeitete Kompression stabilisiert die Oberschenkelmuskulatur.\" \/>\n<meta name=\"robots\" content=\"index, follow, max-snippet:-1, max-image-preview:large, max-video-preview:-1\" \/>\n<link rel=\"canonical\" href=\"https:\/\/www.miomiorun.com\/de\/produkt\/uyn-alpha-ow-pants-long-damen\/\" \/>\n<meta property=\"og:locale\" content=\"de_DE\" \/>\n<meta property=\"og:type\" content=\"article\" \/>\n<meta property=\"og:title\" content=\"Alpha OW Pants Long damen - Thermohose - MioMioRun\" \/>\n<meta property=\"og:description\" content=\"Die UYN Running Alpha OW Pants Long gibt L\u00e4ufern Halt bei jedem Schritt und die eingearbeitete Kompression stabilisiert die Oberschenkelmuskulatur.\" \/>\n<meta property=\"og:url\" content=\"https:\/\/www.miomiorun.com\/de\/produkt\/uyn-alpha-ow-pants-long-damen\/\" \/>\n<meta property=\"og:site_name\" content=\"MioMioRun\" \/>\n<meta property=\"article:publisher\" content=\"https:\/\/www.facebook.com\/miomiorun\/\" \/>\n<meta property=\"article:modified_time\" content=\"2025-03-13T09:35:50+00:00\" \/>\n<meta property=\"og:image\" content=\"https:\/\/www.miomiorun.com\/app\/uploads\/2021\/10\/uyn-Running-Alpha-OW-pants-long-O101436-G080.jpg\" \/>\n\t<meta property=\"og:image:width\" content=\"600\" \/>\n\t<meta property=\"og:image:height\" content=\"600\" \/>\n\t<meta property=\"og:image:type\" content=\"image\/jpeg\" \/>\n<meta name=\"twitter:card\" content=\"summary_large_image\" \/>\n<meta name=\"twitter:label1\" content=\"Est. reading time\" \/>\n\t<meta name=\"twitter:data1\" content=\"2 minutes\" \/>\n<script type=\"application\/ld+json\" class=\"yoast-schema-graph\">{\"@context\":\"https:\/\/schema.org\",\"@graph\":[{\"@type\":\"WebPage\",\"@id\":\"https:\/\/www.miomiorun.com\/de\/produkt\/uyn-alpha-ow-pants-long-damen\/\",\"url\":\"https:\/\/www.miomiorun.com\/de\/produkt\/uyn-alpha-ow-pants-long-damen\/\",\"name\":\"Alpha OW Pants Long damen - Thermohose - MioMioRun\",\"isPartOf\":{\"@id\":\"https:\/\/www.miomiorun.com\/de\/#website\"},\"primaryImageOfPage\":{\"@id\":\"https:\/\/www.miomiorun.com\/de\/produkt\/uyn-alpha-ow-pants-long-damen\/#primaryimage\"},\"image\":{\"@id\":\"https:\/\/www.miomiorun.com\/de\/produkt\/uyn-alpha-ow-pants-long-damen\/#primaryimage\"},\"thumbnailUrl\":\"https:\/\/www.miomiorun.com\/app\/uploads\/2021\/10\/uyn-Running-Alpha-OW-pants-long-O101436-G080.jpg\",\"datePublished\":\"2021-10-12T16:29:11+00:00\",\"dateModified\":\"2025-03-13T09:35:50+00:00\",\"description\":\"Die UYN Running Alpha OW Pants Long gibt L\u00e4ufern Halt bei jedem Schritt und die eingearbeitete Kompression stabilisiert die Oberschenkelmuskulatur.\",\"breadcrumb\":{\"@id\":\"https:\/\/www.miomiorun.com\/de\/produkt\/uyn-alpha-ow-pants-long-damen\/#breadcrumb\"},\"inLanguage\":\"de-DE\",\"potentialAction\":[{\"@type\":\"ReadAction\",\"target\":[\"https:\/\/www.miomiorun.com\/de\/produkt\/uyn-alpha-ow-pants-long-damen\/\"]}]},{\"@type\":\"ImageObject\",\"inLanguage\":\"de-DE\",\"@id\":\"https:\/\/www.miomiorun.com\/de\/produkt\/uyn-alpha-ow-pants-long-damen\/#primaryimage\",\"url\":\"https:\/\/www.miomiorun.com\/app\/uploads\/2021\/10\/uyn-Running-Alpha-OW-pants-long-O101436-G080.jpg\",\"contentUrl\":\"https:\/\/www.miomiorun.com\/app\/uploads\/2021\/10\/uyn-Running-Alpha-OW-pants-long-O101436-G080.jpg\",\"width\":600,\"height\":600,\"caption\":\"uyn running alpha ow pants long\"},{\"@type\":\"BreadcrumbList\",\"@id\":\"https:\/\/www.miomiorun.com\/de\/produkt\/uyn-alpha-ow-pants-long-damen\/#breadcrumb\",\"itemListElement\":[{\"@type\":\"ListItem\",\"position\":1,\"name\":\"Home\",\"item\":\"https:\/\/www.miomiorun.com\/de\/\"},{\"@type\":\"ListItem\",\"position\":2,\"name\":\"Shop\",\"item\":\"https:\/\/www.miomiorun.com\/shop\/\"},{\"@type\":\"ListItem\",\"position\":3,\"name\":\"Alpha OW Pants Long damen\"}]},{\"@type\":\"WebSite\",\"@id\":\"https:\/\/www.miomiorun.com\/de\/#website\",\"url\":\"https:\/\/www.miomiorun.com\/de\/\",\"name\":\"MioMioRun\",\"description\":\"100% Lauf- und Trailshop\",\"publisher\":{\"@id\":\"https:\/\/www.miomiorun.com\/de\/#organization\"},\"potentialAction\":[{\"@type\":\"SearchAction\",\"target\":{\"@type\":\"EntryPoint\",\"urlTemplate\":\"https:\/\/www.miomiorun.com\/de\/?s={search_term_string}\"},\"query-input\":{\"@type\":\"PropertyValueSpecification\",\"valueRequired\":true,\"valueName\":\"search_term_string\"}}],\"inLanguage\":\"de-DE\"},{\"@type\":\"Organization\",\"@id\":\"https:\/\/www.miomiorun.com\/de\/#organization\",\"name\":\"MioMio Run\",\"url\":\"https:\/\/www.miomiorun.com\/de\/\",\"logo\":{\"@type\":\"ImageObject\",\"inLanguage\":\"de-DE\",\"@id\":\"https:\/\/www.miomiorun.com\/de\/#\/schema\/logo\/image\/\",\"url\":\"https:\/\/www.miomiorun.com\/app\/uploads\/2019\/12\/logomio.png\",\"contentUrl\":\"https:\/\/www.miomiorun.com\/app\/uploads\/2019\/12\/logomio.png\",\"width\":115,\"height\":82,\"caption\":\"MioMio Run\"},\"image\":{\"@id\":\"https:\/\/www.miomiorun.com\/de\/#\/schema\/logo\/image\/\"},\"sameAs\":[\"https:\/\/www.facebook.com\/miomiorun\/\",\"https:\/\/www.instagram.com\/miomiorun\/\"]}]}<\/script>\n<!-- \/ Yoast SEO plugin. -->","yoast_head_json":{"title":"Alpha OW Pants Long damen - Thermohose - MioMioRun","description":"Die UYN Running Alpha OW Pants Long gibt L\u00e4ufern Halt bei jedem Schritt und die eingearbeitete Kompression stabilisiert die Oberschenkelmuskulatur.","robots":{"index":"index","follow":"follow","max-snippet":"max-snippet:-1","max-image-preview":"max-image-preview:large","max-video-preview":"max-video-preview:-1"},"canonical":"https:\/\/www.miomiorun.com\/de\/produkt\/uyn-alpha-ow-pants-long-damen\/","og_locale":"de_DE","og_type":"article","og_title":"Alpha OW Pants Long damen - Thermohose - MioMioRun","og_description":"Die UYN Running Alpha OW Pants Long gibt L\u00e4ufern Halt bei jedem Schritt und die eingearbeitete Kompression stabilisiert die Oberschenkelmuskulatur.","og_url":"https:\/\/www.miomiorun.com\/de\/produkt\/uyn-alpha-ow-pants-long-damen\/","og_site_name":"MioMioRun","article_publisher":"https:\/\/www.facebook.com\/miomiorun\/","article_modified_time":"2025-03-13T09:35:50+00:00","og_image":[{"width":600,"height":600,"url":"https:\/\/www.miomiorun.com\/app\/uploads\/2021\/10\/uyn-Running-Alpha-OW-pants-long-O101436-G080.jpg","type":"image\/jpeg"}],"twitter_card":"summary_large_image","twitter_misc":{"Est. reading time":"2 minutes"},"schema":{"@context":"https:\/\/schema.org","@graph":[{"@type":"WebPage","@id":"https:\/\/www.miomiorun.com\/de\/produkt\/uyn-alpha-ow-pants-long-damen\/","url":"https:\/\/www.miomiorun.com\/de\/produkt\/uyn-alpha-ow-pants-long-damen\/","name":"Alpha OW Pants Long damen - Thermohose - MioMioRun","isPartOf":{"@id":"https:\/\/www.miomiorun.com\/de\/#website"},"primaryImageOfPage":{"@id":"https:\/\/www.miomiorun.com\/de\/produkt\/uyn-alpha-ow-pants-long-damen\/#primaryimage"},"image":{"@id":"https:\/\/www.miomiorun.com\/de\/produkt\/uyn-alpha-ow-pants-long-damen\/#primaryimage"},"thumbnailUrl":"https:\/\/www.miomiorun.com\/app\/uploads\/2021\/10\/uyn-Running-Alpha-OW-pants-long-O101436-G080.jpg","datePublished":"2021-10-12T16:29:11+00:00","dateModified":"2025-03-13T09:35:50+00:00","description":"Die UYN Running Alpha OW Pants Long gibt L\u00e4ufern Halt bei jedem Schritt und die eingearbeitete Kompression stabilisiert die Oberschenkelmuskulatur.","breadcrumb":{"@id":"https:\/\/www.miomiorun.com\/de\/produkt\/uyn-alpha-ow-pants-long-damen\/#breadcrumb"},"inLanguage":"de-DE","potentialAction":[{"@type":"ReadAction","target":["https:\/\/www.miomiorun.com\/de\/produkt\/uyn-alpha-ow-pants-long-damen\/"]}]},{"@type":"ImageObject","inLanguage":"de-DE","@id":"https:\/\/www.miomiorun.com\/de\/produkt\/uyn-alpha-ow-pants-long-damen\/#primaryimage","url":"https:\/\/www.miomiorun.com\/app\/uploads\/2021\/10\/uyn-Running-Alpha-OW-pants-long-O101436-G080.jpg","contentUrl":"https:\/\/www.miomiorun.com\/app\/uploads\/2021\/10\/uyn-Running-Alpha-OW-pants-long-O101436-G080.jpg","width":600,"height":600,"caption":"uyn running alpha ow pants long"},{"@type":"BreadcrumbList","@id":"https:\/\/www.miomiorun.com\/de\/produkt\/uyn-alpha-ow-pants-long-damen\/#breadcrumb","itemListElement":[{"@type":"ListItem","position":1,"name":"Home","item":"https:\/\/www.miomiorun.com\/de\/"},{"@type":"ListItem","position":2,"name":"Shop","item":"https:\/\/www.miomiorun.com\/shop\/"},{"@type":"ListItem","position":3,"name":"Alpha OW Pants Long damen"}]},{"@type":"WebSite","@id":"https:\/\/www.miomiorun.com\/de\/#website","url":"https:\/\/www.miomiorun.com\/de\/","name":"MioMioRun","description":"100% Lauf- und Trailshop","publisher":{"@id":"https:\/\/www.miomiorun.com\/de\/#organization"},"potentialAction":[{"@type":"SearchAction","target":{"@type":"EntryPoint","urlTemplate":"https:\/\/www.miomiorun.com\/de\/?s={search_term_string}"},"query-input":{"@type":"PropertyValueSpecification","valueRequired":true,"valueName":"search_term_string"}}],"inLanguage":"de-DE"},{"@type":"Organization","@id":"https:\/\/www.miomiorun.com\/de\/#organization","name":"MioMio Run","url":"https:\/\/www.miomiorun.com\/de\/","logo":{"@type":"ImageObject","inLanguage":"de-DE","@id":"https:\/\/www.miomiorun.com\/de\/#\/schema\/logo\/image\/","url":"https:\/\/www.miomiorun.com\/app\/uploads\/2019\/12\/logomio.png","contentUrl":"https:\/\/www.miomiorun.com\/app\/uploads\/2019\/12\/logomio.png","width":115,"height":82,"caption":"MioMio Run"},"image":{"@id":"https:\/\/www.miomiorun.com\/de\/#\/schema\/logo\/image\/"},"sameAs":["https:\/\/www.facebook.com\/miomiorun\/","https:\/\/www.instagram.com\/miomiorun\/"]}]}},"_links":{"self":[{"href":"https:\/\/www.miomiorun.com\/de\/wp-json\/wp\/v2\/product\/175967","targetHints":{"allow":["GET"]}}],"collection":[{"href":"https:\/\/www.miomiorun.com\/de\/wp-json\/wp\/v2\/product"}],"about":[{"href":"https:\/\/www.miomiorun.com\/de\/wp-json\/wp\/v2\/types\/product"}],"wp:featuredmedia":[{"embeddable":true,"href":"https:\/\/www.miomiorun.com\/de\/wp-json\/wp\/v2\/media\/58926"}],"wp:attachment":[{"href":"https:\/\/www.miomiorun.com\/de\/wp-json\/wp\/v2\/media?parent=175967"}],"wp:term":[{"taxonomy":"product_brand","embeddable":true,"href":"https:\/\/www.miomiorun.com\/de\/wp-json\/wp\/v2\/product_brand?post=175967"},{"taxonomy":"product_cat","embeddable":true,"href":"https:\/\/www.miomiorun.com\/de\/wp-json\/wp\/v2\/product_cat?post=175967"},{"taxonomy":"product_tag","embeddable":true,"href":"https:\/\/www.miomiorun.com\/de\/wp-json\/wp\/v2\/product_tag?post=175967"}],"curies":[{"name":"wp","href":"https:\/\/api.w.org\/{rel}","templated":true}]}}