{"id":175876,"date":"2022-12-15T12:22:53","date_gmt":"2022-12-15T11:22:53","guid":{"rendered":"https:\/\/miomiorun.com\/prodotto\/adv-essence-warm-tights-donna\/"},"modified":"2025-03-13T10:33:11","modified_gmt":"2025-03-13T09:33:11","slug":"adv-essence-warm-tights-damen","status":"publish","type":"product","link":"https:\/\/www.miomiorun.com\/de\/produkt\/adv-essence-warm-tights-damen\/","title":{"rendered":"ADV Essence Warm Tights damen"},"content":{"rendered":"<div id=\"tw-target-text-container\" class=\"tw-ta-container F0azHf tw-nfl\" tabindex=\"0\">\n<p dir=\"ltr\" data-placeholder=\"Traduzione\">Die <strong>ADV Essence Warm<\/strong> Tights f\u00fcr Damen sind hochfunktionelle Trainingstights, die dich bei intensivem Training unter kalten Bedingungen warm und trocken halten.<\/p>\n<p>Diese fortschrittlichen Tights bestehen aus einem weichen, funktionellen Jersey-Gewebe mit einer geb\u00fcrsteten Innenseite f\u00fcr zus\u00e4tzliche W\u00e4rme und Komfort. Die Tights verf\u00fcgen au\u00dferdem \u00fcber einen elastischen Bund mit verstellbarem Innenkordelzug f\u00fcr eine optimale Passform und eine Netztasche f\u00fcr Schl\u00fcssel im Inneren des Bunds.<\/p>\n<p>Umweltfreundliches Material<br \/>\nDie ADV Essence Warm Tights bestehen aus recyceltem Polyester und sind Teil unseres Bestrebens, den Anteil nachhaltiger Materialien in unseren Produkten zu erh\u00f6hen und unser Ziel zu erreichen, die volle Verantwortung f\u00fcr die gesamte Wertsch\u00f6pfungskette zu \u00fcbernehmen. Recyceltes Polyester ist nicht nur umweltfreundlich, sondern bietet auch einen hervorragenden Feuchtigkeitstransport und eine hervorragende Ventilation.<\/p>\n<p dir=\"ltr\" data-placeholder=\"Traduzione\"><strong>Eigenschaften:<\/strong><\/p>\n<ul>\n<li>Weiches, dehnbares und funktionelles Trikotmaterial aus recyceltem Polyester und Elastan<\/li>\n<li>Geb\u00fcrstete Innenseite f\u00fcr W\u00e4rme und Komfort<\/li>\n<li>Verstellbarer Inneng\u00fcrtel mit Kordelzug<\/li>\n<li>Netztasche f\u00fcr Schl\u00fcssel im Bund<\/li>\n<\/ul>\n<p>Material:<\/p>\n<p class=\"css-8rgusf\">88% recyceltes Polyester 12% Elastan<\/p>\n<p class=\"css-8rgusf\">Maschinenwaschbar bei 40 Grad.<\/p>\n<\/div>\n<div id=\"tw-target-rmn-container\" class=\"tw-target-rmn tw-ta-container F0azHf tw-nfl\">\n<pre id=\"tw-target-rmn\" class=\"tw-data-placeholder tw-text-small tw-ta\" dir=\"ltr\" data-placeholder=\"\">\r\n\r\n<\/pre>\n<\/div>\n","protected":false},"excerpt":{"rendered":"<ul>\n<li>Weiches, dehnbares und funktionelles Trikotmaterial aus recyceltem Polyester und Elastan<\/li>\n<li>Geb\u00fcrstete Innenseite f\u00fcr W\u00e4rme und Komfort<\/li>\n<li>Verstellbarer Inneng\u00fcrtel mit Kordelzug<\/li>\n<\/ul>\n","protected":false},"featured_media":101294,"template":"","meta":{"_acf_changed":false,"inline_featured_image":false},"product_brand":[],"product_cat":[6400,6401,6487],"product_tag":[6304,6232],"class_list":{"0":"post-175876","1":"product","2":"type-product","3":"status-publish","4":"has-post-thumbnail","6":"product_cat-damen","7":"product_cat-damenbekleidung","8":"product_cat-damenhosen","9":"product_tag-craft-de","10":"product_tag-craft-damen-de","11":"pa_attivita-gehen","12":"pa_attivita-running-de","13":"pa_colore-adv-essence-warm-tights-w-slate-thyme-de","14":"pa_colore-adv-essence-warm-tights-w-black-de","15":"pa_marca-craft-de","16":"pa_sesso-damen","17":"pa_size-extra-small-de","18":"pa_size-small-de","19":"pa_size-medium-de","20":"pa_size-large-de","22":"first","23":"instock","24":"sale","25":"taxable","26":"shipping-taxable","27":"purchasable","28":"product-type-variable","29":"wvs-archive-product-wrapper"},"acf":[],"yoast_head":"<!-- This site is optimized with the Yoast SEO plugin v26.8 - https:\/\/yoast.com\/product\/yoast-seo-wordpress\/ -->\n<title>Craft ADV Essence Warm Tights damen - lange Hosen- MioMioRun<\/title>\n<meta name=\"description\" content=\"Die ADV Essence Warm Tights f\u00fcr Damen sind hochfunktionelle Trainingstights, die dich bei intensiven Trainingseinheiten warm und trocken halten\" \/>\n<meta name=\"robots\" content=\"index, follow, max-snippet:-1, max-image-preview:large, max-video-preview:-1\" \/>\n<link rel=\"canonical\" href=\"https:\/\/www.miomiorun.com\/de\/produkt\/adv-essence-warm-tights-damen\/\" \/>\n<meta property=\"og:locale\" content=\"de_DE\" \/>\n<meta property=\"og:type\" content=\"article\" \/>\n<meta property=\"og:title\" content=\"Craft ADV Essence Warm Tights damen - lange Hosen- MioMioRun\" \/>\n<meta property=\"og:description\" content=\"Die ADV Essence Warm Tights f\u00fcr Damen sind hochfunktionelle Trainingstights, die dich bei intensiven Trainingseinheiten warm und trocken halten\" \/>\n<meta property=\"og:url\" content=\"https:\/\/www.miomiorun.com\/de\/produkt\/adv-essence-warm-tights-damen\/\" \/>\n<meta property=\"og:site_name\" content=\"MioMioRun\" \/>\n<meta property=\"article:publisher\" content=\"https:\/\/www.facebook.com\/miomiorun\/\" \/>\n<meta property=\"article:modified_time\" content=\"2025-03-13T09:33:11+00:00\" \/>\n<meta property=\"og:image\" content=\"https:\/\/www.miomiorun.com\/app\/uploads\/2022\/12\/craft-adv-essence-warm-tights-W-black-1909632-999000.jpg\" \/>\n\t<meta property=\"og:image:width\" content=\"600\" \/>\n\t<meta property=\"og:image:height\" content=\"600\" \/>\n\t<meta property=\"og:image:type\" content=\"image\/jpeg\" \/>\n<meta name=\"twitter:card\" content=\"summary_large_image\" \/>\n<meta name=\"twitter:label1\" content=\"Est. reading time\" \/>\n\t<meta name=\"twitter:data1\" content=\"1 minute\" \/>\n<script type=\"application\/ld+json\" class=\"yoast-schema-graph\">{\"@context\":\"https:\/\/schema.org\",\"@graph\":[{\"@type\":\"WebPage\",\"@id\":\"https:\/\/www.miomiorun.com\/de\/produkt\/adv-essence-warm-tights-damen\/\",\"url\":\"https:\/\/www.miomiorun.com\/de\/produkt\/adv-essence-warm-tights-damen\/\",\"name\":\"Craft ADV Essence Warm Tights damen - lange Hosen- MioMioRun\",\"isPartOf\":{\"@id\":\"https:\/\/www.miomiorun.com\/de\/#website\"},\"primaryImageOfPage\":{\"@id\":\"https:\/\/www.miomiorun.com\/de\/produkt\/adv-essence-warm-tights-damen\/#primaryimage\"},\"image\":{\"@id\":\"https:\/\/www.miomiorun.com\/de\/produkt\/adv-essence-warm-tights-damen\/#primaryimage\"},\"thumbnailUrl\":\"https:\/\/www.miomiorun.com\/app\/uploads\/2022\/12\/craft-adv-essence-warm-tights-W-black-1909632-999000.jpg\",\"datePublished\":\"2022-12-15T11:22:53+00:00\",\"dateModified\":\"2025-03-13T09:33:11+00:00\",\"description\":\"Die ADV Essence Warm Tights f\u00fcr Damen sind hochfunktionelle Trainingstights, die dich bei intensiven Trainingseinheiten warm und trocken halten\",\"breadcrumb\":{\"@id\":\"https:\/\/www.miomiorun.com\/de\/produkt\/adv-essence-warm-tights-damen\/#breadcrumb\"},\"inLanguage\":\"de-DE\",\"potentialAction\":[{\"@type\":\"ReadAction\",\"target\":[\"https:\/\/www.miomiorun.com\/de\/produkt\/adv-essence-warm-tights-damen\/\"]}]},{\"@type\":\"ImageObject\",\"inLanguage\":\"de-DE\",\"@id\":\"https:\/\/www.miomiorun.com\/de\/produkt\/adv-essence-warm-tights-damen\/#primaryimage\",\"url\":\"https:\/\/www.miomiorun.com\/app\/uploads\/2022\/12\/craft-adv-essence-warm-tights-W-black-1909632-999000.jpg\",\"contentUrl\":\"https:\/\/www.miomiorun.com\/app\/uploads\/2022\/12\/craft-adv-essence-warm-tights-W-black-1909632-999000.jpg\",\"width\":600,\"height\":600,\"caption\":\"craft-adv-essence-warm-tights-W-black-1909632-999000\"},{\"@type\":\"BreadcrumbList\",\"@id\":\"https:\/\/www.miomiorun.com\/de\/produkt\/adv-essence-warm-tights-damen\/#breadcrumb\",\"itemListElement\":[{\"@type\":\"ListItem\",\"position\":1,\"name\":\"Home\",\"item\":\"https:\/\/www.miomiorun.com\/de\/\"},{\"@type\":\"ListItem\",\"position\":2,\"name\":\"Shop\",\"item\":\"https:\/\/www.miomiorun.com\/shop\/\"},{\"@type\":\"ListItem\",\"position\":3,\"name\":\"ADV Essence Warm Tights damen\"}]},{\"@type\":\"WebSite\",\"@id\":\"https:\/\/www.miomiorun.com\/de\/#website\",\"url\":\"https:\/\/www.miomiorun.com\/de\/\",\"name\":\"MioMioRun\",\"description\":\"100% Lauf- und Trailshop\",\"publisher\":{\"@id\":\"https:\/\/www.miomiorun.com\/de\/#organization\"},\"potentialAction\":[{\"@type\":\"SearchAction\",\"target\":{\"@type\":\"EntryPoint\",\"urlTemplate\":\"https:\/\/www.miomiorun.com\/de\/?s={search_term_string}\"},\"query-input\":{\"@type\":\"PropertyValueSpecification\",\"valueRequired\":true,\"valueName\":\"search_term_string\"}}],\"inLanguage\":\"de-DE\"},{\"@type\":\"Organization\",\"@id\":\"https:\/\/www.miomiorun.com\/de\/#organization\",\"name\":\"MioMio Run\",\"url\":\"https:\/\/www.miomiorun.com\/de\/\",\"logo\":{\"@type\":\"ImageObject\",\"inLanguage\":\"de-DE\",\"@id\":\"https:\/\/www.miomiorun.com\/de\/#\/schema\/logo\/image\/\",\"url\":\"https:\/\/www.miomiorun.com\/app\/uploads\/2019\/12\/logomio.png\",\"contentUrl\":\"https:\/\/www.miomiorun.com\/app\/uploads\/2019\/12\/logomio.png\",\"width\":115,\"height\":82,\"caption\":\"MioMio Run\"},\"image\":{\"@id\":\"https:\/\/www.miomiorun.com\/de\/#\/schema\/logo\/image\/\"},\"sameAs\":[\"https:\/\/www.facebook.com\/miomiorun\/\",\"https:\/\/www.instagram.com\/miomiorun\/\"]}]}<\/script>\n<!-- \/ Yoast SEO plugin. -->","yoast_head_json":{"title":"Craft ADV Essence Warm Tights damen - lange Hosen- MioMioRun","description":"Die ADV Essence Warm Tights f\u00fcr Damen sind hochfunktionelle Trainingstights, die dich bei intensiven Trainingseinheiten warm und trocken halten","robots":{"index":"index","follow":"follow","max-snippet":"max-snippet:-1","max-image-preview":"max-image-preview:large","max-video-preview":"max-video-preview:-1"},"canonical":"https:\/\/www.miomiorun.com\/de\/produkt\/adv-essence-warm-tights-damen\/","og_locale":"de_DE","og_type":"article","og_title":"Craft ADV Essence Warm Tights damen - lange Hosen- MioMioRun","og_description":"Die ADV Essence Warm Tights f\u00fcr Damen sind hochfunktionelle Trainingstights, die dich bei intensiven Trainingseinheiten warm und trocken halten","og_url":"https:\/\/www.miomiorun.com\/de\/produkt\/adv-essence-warm-tights-damen\/","og_site_name":"MioMioRun","article_publisher":"https:\/\/www.facebook.com\/miomiorun\/","article_modified_time":"2025-03-13T09:33:11+00:00","og_image":[{"width":600,"height":600,"url":"https:\/\/www.miomiorun.com\/app\/uploads\/2022\/12\/craft-adv-essence-warm-tights-W-black-1909632-999000.jpg","type":"image\/jpeg"}],"twitter_card":"summary_large_image","twitter_misc":{"Est. reading time":"1 minute"},"schema":{"@context":"https:\/\/schema.org","@graph":[{"@type":"WebPage","@id":"https:\/\/www.miomiorun.com\/de\/produkt\/adv-essence-warm-tights-damen\/","url":"https:\/\/www.miomiorun.com\/de\/produkt\/adv-essence-warm-tights-damen\/","name":"Craft ADV Essence Warm Tights damen - lange Hosen- MioMioRun","isPartOf":{"@id":"https:\/\/www.miomiorun.com\/de\/#website"},"primaryImageOfPage":{"@id":"https:\/\/www.miomiorun.com\/de\/produkt\/adv-essence-warm-tights-damen\/#primaryimage"},"image":{"@id":"https:\/\/www.miomiorun.com\/de\/produkt\/adv-essence-warm-tights-damen\/#primaryimage"},"thumbnailUrl":"https:\/\/www.miomiorun.com\/app\/uploads\/2022\/12\/craft-adv-essence-warm-tights-W-black-1909632-999000.jpg","datePublished":"2022-12-15T11:22:53+00:00","dateModified":"2025-03-13T09:33:11+00:00","description":"Die ADV Essence Warm Tights f\u00fcr Damen sind hochfunktionelle Trainingstights, die dich bei intensiven Trainingseinheiten warm und trocken halten","breadcrumb":{"@id":"https:\/\/www.miomiorun.com\/de\/produkt\/adv-essence-warm-tights-damen\/#breadcrumb"},"inLanguage":"de-DE","potentialAction":[{"@type":"ReadAction","target":["https:\/\/www.miomiorun.com\/de\/produkt\/adv-essence-warm-tights-damen\/"]}]},{"@type":"ImageObject","inLanguage":"de-DE","@id":"https:\/\/www.miomiorun.com\/de\/produkt\/adv-essence-warm-tights-damen\/#primaryimage","url":"https:\/\/www.miomiorun.com\/app\/uploads\/2022\/12\/craft-adv-essence-warm-tights-W-black-1909632-999000.jpg","contentUrl":"https:\/\/www.miomiorun.com\/app\/uploads\/2022\/12\/craft-adv-essence-warm-tights-W-black-1909632-999000.jpg","width":600,"height":600,"caption":"craft-adv-essence-warm-tights-W-black-1909632-999000"},{"@type":"BreadcrumbList","@id":"https:\/\/www.miomiorun.com\/de\/produkt\/adv-essence-warm-tights-damen\/#breadcrumb","itemListElement":[{"@type":"ListItem","position":1,"name":"Home","item":"https:\/\/www.miomiorun.com\/de\/"},{"@type":"ListItem","position":2,"name":"Shop","item":"https:\/\/www.miomiorun.com\/shop\/"},{"@type":"ListItem","position":3,"name":"ADV Essence Warm Tights damen"}]},{"@type":"WebSite","@id":"https:\/\/www.miomiorun.com\/de\/#website","url":"https:\/\/www.miomiorun.com\/de\/","name":"MioMioRun","description":"100% Lauf- und Trailshop","publisher":{"@id":"https:\/\/www.miomiorun.com\/de\/#organization"},"potentialAction":[{"@type":"SearchAction","target":{"@type":"EntryPoint","urlTemplate":"https:\/\/www.miomiorun.com\/de\/?s={search_term_string}"},"query-input":{"@type":"PropertyValueSpecification","valueRequired":true,"valueName":"search_term_string"}}],"inLanguage":"de-DE"},{"@type":"Organization","@id":"https:\/\/www.miomiorun.com\/de\/#organization","name":"MioMio Run","url":"https:\/\/www.miomiorun.com\/de\/","logo":{"@type":"ImageObject","inLanguage":"de-DE","@id":"https:\/\/www.miomiorun.com\/de\/#\/schema\/logo\/image\/","url":"https:\/\/www.miomiorun.com\/app\/uploads\/2019\/12\/logomio.png","contentUrl":"https:\/\/www.miomiorun.com\/app\/uploads\/2019\/12\/logomio.png","width":115,"height":82,"caption":"MioMio Run"},"image":{"@id":"https:\/\/www.miomiorun.com\/de\/#\/schema\/logo\/image\/"},"sameAs":["https:\/\/www.facebook.com\/miomiorun\/","https:\/\/www.instagram.com\/miomiorun\/"]}]}},"_links":{"self":[{"href":"https:\/\/www.miomiorun.com\/de\/wp-json\/wp\/v2\/product\/175876","targetHints":{"allow":["GET"]}}],"collection":[{"href":"https:\/\/www.miomiorun.com\/de\/wp-json\/wp\/v2\/product"}],"about":[{"href":"https:\/\/www.miomiorun.com\/de\/wp-json\/wp\/v2\/types\/product"}],"wp:featuredmedia":[{"embeddable":true,"href":"https:\/\/www.miomiorun.com\/de\/wp-json\/wp\/v2\/media\/101294"}],"wp:attachment":[{"href":"https:\/\/www.miomiorun.com\/de\/wp-json\/wp\/v2\/media?parent=175876"}],"wp:term":[{"taxonomy":"product_brand","embeddable":true,"href":"https:\/\/www.miomiorun.com\/de\/wp-json\/wp\/v2\/product_brand?post=175876"},{"taxonomy":"product_cat","embeddable":true,"href":"https:\/\/www.miomiorun.com\/de\/wp-json\/wp\/v2\/product_cat?post=175876"},{"taxonomy":"product_tag","embeddable":true,"href":"https:\/\/www.miomiorun.com\/de\/wp-json\/wp\/v2\/product_tag?post=175876"}],"curies":[{"name":"wp","href":"https:\/\/api.w.org\/{rel}","templated":true}]}}