{"id":175771,"date":"2020-06-02T09:49:04","date_gmt":"2020-06-02T07:49:04","guid":{"rendered":"https:\/\/miomiorun.com\/prodotto\/la-sportiva-zen-short-donna\/"},"modified":"2025-03-07T11:59:09","modified_gmt":"2025-03-07T10:59:09","slug":"la-sportiva-zen-short-damen","status":"publish","type":"product","link":"https:\/\/www.miomiorun.com\/de\/produkt\/la-sportiva-zen-short-damen\/","title":{"rendered":"Zen Short damen"},"content":{"rendered":"<p>Zen Short ist eine Berglaufshort, die das Wesentliche betont. Auf Leistung getrimmt, macht sie Leichtigkeit zu ihrem Hauptmerkmal. Schnell trocknendes Material, interne Bundverstellung und flache N\u00e4hte machen sie bequem und vielseitig f\u00fcr maximalen Laufgenuss.<\/p>\n<p>+ Extrem leicht<br \/>\n+ Reibungsarme Flachn\u00e4hte<br \/>\n+ Interne Bundverstellung<br \/>\n+ Schnelltrocknend<\/p>\n<p><b>Passform : <\/b>Regular<br \/>\n<b>Materialien <\/b>: Hauptmaterial: (PW07) 86% Polyester, 14% Elastan<br \/>\n<b>Gewicht : <\/b>130 g (M)<\/p>\n","protected":false},"excerpt":{"rendered":"<p>Zen Short ist eine Berglaufshort, die das Wesentliche betont. Auf Leistung getrimmt, macht sie Leichtigkeit zu ihrem Hauptmerkmal. Schnell trocknendes Material, interne Bundverstellung und flache N\u00e4hte machen sie bequem und vielseitig f\u00fcr maximalen Laufgenuss. + Extrem leicht + Reibungsarme Flachn\u00e4hte + Interne Bundverstellung + Schnelltrocknend Passform : Regular Materialien : Hauptmaterial: (PW07) 86% Polyester, 14% &hellip; <a href=\"https:\/\/www.miomiorun.com\/de\/produkt\/la-sportiva-zen-short-damen\/\">Continued<\/a><\/p>\n","protected":false},"featured_media":62536,"template":"","meta":{"_acf_changed":false,"inline_featured_image":false},"product_brand":[],"product_cat":[6400,6401,6488],"product_tag":[6248,6220],"class_list":{"0":"post-175771","1":"product","2":"type-product","3":"status-publish","4":"has-post-thumbnail","6":"product_cat-damen","7":"product_cat-damenbekleidung","8":"product_cat-damenshorts-de","9":"product_tag-la-sportiva-de","10":"product_tag-la-sportiva-damen-de","11":"pa_attivita-trail-de","12":"pa_colore-zen-short-w-topaz-de","13":"pa_marca-la-sportiva-de","14":"pa_sesso-damen","15":"pa_size-extra-small-de","16":"pa_size-medium-de","17":"pa_size-large-de","19":"first","20":"instock","21":"sale","22":"taxable","23":"shipping-taxable","24":"purchasable","25":"product-type-variable","26":"wvs-archive-product-wrapper"},"acf":[],"yoast_head":"<!-- This site is optimized with the Yoast SEO plugin v26.8 - https:\/\/yoast.com\/product\/yoast-seo-wordpress\/ -->\n<title>Zen Short damen - Shorts f\u00fcr damen- MioMioRun<\/title>\n<meta name=\"description\" content=\"Zen Short ist eine Berglaufshort, die das Wesentliche betont. Sie ist der Leistung gewidmet und zeichnet sich durch ihre Leichtigkeit aus.\" \/>\n<meta name=\"robots\" content=\"index, follow, max-snippet:-1, max-image-preview:large, max-video-preview:-1\" \/>\n<link rel=\"canonical\" href=\"https:\/\/www.miomiorun.com\/de\/produkt\/la-sportiva-zen-short-damen\/\" \/>\n<meta property=\"og:locale\" content=\"de_DE\" \/>\n<meta property=\"og:type\" content=\"article\" \/>\n<meta property=\"og:title\" content=\"Zen Short damen - Shorts f\u00fcr damen- MioMioRun\" \/>\n<meta property=\"og:description\" content=\"Zen Short ist eine Berglaufshort, die das Wesentliche betont. Sie ist der Leistung gewidmet und zeichnet sich durch ihre Leichtigkeit aus.\" \/>\n<meta property=\"og:url\" content=\"https:\/\/www.miomiorun.com\/de\/produkt\/la-sportiva-zen-short-damen\/\" \/>\n<meta property=\"og:site_name\" content=\"MioMioRun\" \/>\n<meta property=\"article:publisher\" content=\"https:\/\/www.facebook.com\/miomiorun\/\" \/>\n<meta property=\"article:modified_time\" content=\"2025-03-07T10:59:09+00:00\" \/>\n<meta property=\"og:image\" content=\"https:\/\/www.miomiorun.com\/app\/uploads\/2022\/03\/la-sportiva-zen-short-K90624624.jpg\" \/>\n\t<meta property=\"og:image:width\" content=\"600\" \/>\n\t<meta property=\"og:image:height\" content=\"600\" \/>\n\t<meta property=\"og:image:type\" content=\"image\/jpeg\" \/>\n<meta name=\"twitter:card\" content=\"summary_large_image\" \/>\n<script type=\"application\/ld+json\" class=\"yoast-schema-graph\">{\"@context\":\"https:\/\/schema.org\",\"@graph\":[{\"@type\":\"WebPage\",\"@id\":\"https:\/\/www.miomiorun.com\/de\/produkt\/la-sportiva-zen-short-damen\/\",\"url\":\"https:\/\/www.miomiorun.com\/de\/produkt\/la-sportiva-zen-short-damen\/\",\"name\":\"Zen Short damen - Shorts f\u00fcr damen- MioMioRun\",\"isPartOf\":{\"@id\":\"https:\/\/www.miomiorun.com\/de\/#website\"},\"primaryImageOfPage\":{\"@id\":\"https:\/\/www.miomiorun.com\/de\/produkt\/la-sportiva-zen-short-damen\/#primaryimage\"},\"image\":{\"@id\":\"https:\/\/www.miomiorun.com\/de\/produkt\/la-sportiva-zen-short-damen\/#primaryimage\"},\"thumbnailUrl\":\"https:\/\/www.miomiorun.com\/app\/uploads\/2022\/03\/la-sportiva-zen-short-K90624624.jpg\",\"datePublished\":\"2020-06-02T07:49:04+00:00\",\"dateModified\":\"2025-03-07T10:59:09+00:00\",\"description\":\"Zen Short ist eine Berglaufshort, die das Wesentliche betont. Sie ist der Leistung gewidmet und zeichnet sich durch ihre Leichtigkeit aus.\",\"breadcrumb\":{\"@id\":\"https:\/\/www.miomiorun.com\/de\/produkt\/la-sportiva-zen-short-damen\/#breadcrumb\"},\"inLanguage\":\"de-DE\",\"potentialAction\":[{\"@type\":\"ReadAction\",\"target\":[\"https:\/\/www.miomiorun.com\/de\/produkt\/la-sportiva-zen-short-damen\/\"]}]},{\"@type\":\"ImageObject\",\"inLanguage\":\"de-DE\",\"@id\":\"https:\/\/www.miomiorun.com\/de\/produkt\/la-sportiva-zen-short-damen\/#primaryimage\",\"url\":\"https:\/\/www.miomiorun.com\/app\/uploads\/2022\/03\/la-sportiva-zen-short-K90624624.jpg\",\"contentUrl\":\"https:\/\/www.miomiorun.com\/app\/uploads\/2022\/03\/la-sportiva-zen-short-K90624624.jpg\",\"width\":600,\"height\":600,\"caption\":\"la-sportiva-zen-short-K90624624\"},{\"@type\":\"BreadcrumbList\",\"@id\":\"https:\/\/www.miomiorun.com\/de\/produkt\/la-sportiva-zen-short-damen\/#breadcrumb\",\"itemListElement\":[{\"@type\":\"ListItem\",\"position\":1,\"name\":\"Home\",\"item\":\"https:\/\/www.miomiorun.com\/de\/\"},{\"@type\":\"ListItem\",\"position\":2,\"name\":\"Shop\",\"item\":\"https:\/\/www.miomiorun.com\/shop\/\"},{\"@type\":\"ListItem\",\"position\":3,\"name\":\"Zen Short damen\"}]},{\"@type\":\"WebSite\",\"@id\":\"https:\/\/www.miomiorun.com\/de\/#website\",\"url\":\"https:\/\/www.miomiorun.com\/de\/\",\"name\":\"MioMioRun\",\"description\":\"100% Lauf- und Trailshop\",\"publisher\":{\"@id\":\"https:\/\/www.miomiorun.com\/de\/#organization\"},\"potentialAction\":[{\"@type\":\"SearchAction\",\"target\":{\"@type\":\"EntryPoint\",\"urlTemplate\":\"https:\/\/www.miomiorun.com\/de\/?s={search_term_string}\"},\"query-input\":{\"@type\":\"PropertyValueSpecification\",\"valueRequired\":true,\"valueName\":\"search_term_string\"}}],\"inLanguage\":\"de-DE\"},{\"@type\":\"Organization\",\"@id\":\"https:\/\/www.miomiorun.com\/de\/#organization\",\"name\":\"MioMio Run\",\"url\":\"https:\/\/www.miomiorun.com\/de\/\",\"logo\":{\"@type\":\"ImageObject\",\"inLanguage\":\"de-DE\",\"@id\":\"https:\/\/www.miomiorun.com\/de\/#\/schema\/logo\/image\/\",\"url\":\"https:\/\/www.miomiorun.com\/app\/uploads\/2019\/12\/logomio.png\",\"contentUrl\":\"https:\/\/www.miomiorun.com\/app\/uploads\/2019\/12\/logomio.png\",\"width\":115,\"height\":82,\"caption\":\"MioMio Run\"},\"image\":{\"@id\":\"https:\/\/www.miomiorun.com\/de\/#\/schema\/logo\/image\/\"},\"sameAs\":[\"https:\/\/www.facebook.com\/miomiorun\/\",\"https:\/\/www.instagram.com\/miomiorun\/\"]}]}<\/script>\n<!-- \/ Yoast SEO plugin. -->","yoast_head_json":{"title":"Zen Short damen - Shorts f\u00fcr damen- MioMioRun","description":"Zen Short ist eine Berglaufshort, die das Wesentliche betont. Sie ist der Leistung gewidmet und zeichnet sich durch ihre Leichtigkeit aus.","robots":{"index":"index","follow":"follow","max-snippet":"max-snippet:-1","max-image-preview":"max-image-preview:large","max-video-preview":"max-video-preview:-1"},"canonical":"https:\/\/www.miomiorun.com\/de\/produkt\/la-sportiva-zen-short-damen\/","og_locale":"de_DE","og_type":"article","og_title":"Zen Short damen - Shorts f\u00fcr damen- MioMioRun","og_description":"Zen Short ist eine Berglaufshort, die das Wesentliche betont. Sie ist der Leistung gewidmet und zeichnet sich durch ihre Leichtigkeit aus.","og_url":"https:\/\/www.miomiorun.com\/de\/produkt\/la-sportiva-zen-short-damen\/","og_site_name":"MioMioRun","article_publisher":"https:\/\/www.facebook.com\/miomiorun\/","article_modified_time":"2025-03-07T10:59:09+00:00","og_image":[{"width":600,"height":600,"url":"https:\/\/www.miomiorun.com\/app\/uploads\/2022\/03\/la-sportiva-zen-short-K90624624.jpg","type":"image\/jpeg"}],"twitter_card":"summary_large_image","schema":{"@context":"https:\/\/schema.org","@graph":[{"@type":"WebPage","@id":"https:\/\/www.miomiorun.com\/de\/produkt\/la-sportiva-zen-short-damen\/","url":"https:\/\/www.miomiorun.com\/de\/produkt\/la-sportiva-zen-short-damen\/","name":"Zen Short damen - Shorts f\u00fcr damen- MioMioRun","isPartOf":{"@id":"https:\/\/www.miomiorun.com\/de\/#website"},"primaryImageOfPage":{"@id":"https:\/\/www.miomiorun.com\/de\/produkt\/la-sportiva-zen-short-damen\/#primaryimage"},"image":{"@id":"https:\/\/www.miomiorun.com\/de\/produkt\/la-sportiva-zen-short-damen\/#primaryimage"},"thumbnailUrl":"https:\/\/www.miomiorun.com\/app\/uploads\/2022\/03\/la-sportiva-zen-short-K90624624.jpg","datePublished":"2020-06-02T07:49:04+00:00","dateModified":"2025-03-07T10:59:09+00:00","description":"Zen Short ist eine Berglaufshort, die das Wesentliche betont. Sie ist der Leistung gewidmet und zeichnet sich durch ihre Leichtigkeit aus.","breadcrumb":{"@id":"https:\/\/www.miomiorun.com\/de\/produkt\/la-sportiva-zen-short-damen\/#breadcrumb"},"inLanguage":"de-DE","potentialAction":[{"@type":"ReadAction","target":["https:\/\/www.miomiorun.com\/de\/produkt\/la-sportiva-zen-short-damen\/"]}]},{"@type":"ImageObject","inLanguage":"de-DE","@id":"https:\/\/www.miomiorun.com\/de\/produkt\/la-sportiva-zen-short-damen\/#primaryimage","url":"https:\/\/www.miomiorun.com\/app\/uploads\/2022\/03\/la-sportiva-zen-short-K90624624.jpg","contentUrl":"https:\/\/www.miomiorun.com\/app\/uploads\/2022\/03\/la-sportiva-zen-short-K90624624.jpg","width":600,"height":600,"caption":"la-sportiva-zen-short-K90624624"},{"@type":"BreadcrumbList","@id":"https:\/\/www.miomiorun.com\/de\/produkt\/la-sportiva-zen-short-damen\/#breadcrumb","itemListElement":[{"@type":"ListItem","position":1,"name":"Home","item":"https:\/\/www.miomiorun.com\/de\/"},{"@type":"ListItem","position":2,"name":"Shop","item":"https:\/\/www.miomiorun.com\/shop\/"},{"@type":"ListItem","position":3,"name":"Zen Short damen"}]},{"@type":"WebSite","@id":"https:\/\/www.miomiorun.com\/de\/#website","url":"https:\/\/www.miomiorun.com\/de\/","name":"MioMioRun","description":"100% Lauf- und Trailshop","publisher":{"@id":"https:\/\/www.miomiorun.com\/de\/#organization"},"potentialAction":[{"@type":"SearchAction","target":{"@type":"EntryPoint","urlTemplate":"https:\/\/www.miomiorun.com\/de\/?s={search_term_string}"},"query-input":{"@type":"PropertyValueSpecification","valueRequired":true,"valueName":"search_term_string"}}],"inLanguage":"de-DE"},{"@type":"Organization","@id":"https:\/\/www.miomiorun.com\/de\/#organization","name":"MioMio Run","url":"https:\/\/www.miomiorun.com\/de\/","logo":{"@type":"ImageObject","inLanguage":"de-DE","@id":"https:\/\/www.miomiorun.com\/de\/#\/schema\/logo\/image\/","url":"https:\/\/www.miomiorun.com\/app\/uploads\/2019\/12\/logomio.png","contentUrl":"https:\/\/www.miomiorun.com\/app\/uploads\/2019\/12\/logomio.png","width":115,"height":82,"caption":"MioMio Run"},"image":{"@id":"https:\/\/www.miomiorun.com\/de\/#\/schema\/logo\/image\/"},"sameAs":["https:\/\/www.facebook.com\/miomiorun\/","https:\/\/www.instagram.com\/miomiorun\/"]}]}},"_links":{"self":[{"href":"https:\/\/www.miomiorun.com\/de\/wp-json\/wp\/v2\/product\/175771","targetHints":{"allow":["GET"]}}],"collection":[{"href":"https:\/\/www.miomiorun.com\/de\/wp-json\/wp\/v2\/product"}],"about":[{"href":"https:\/\/www.miomiorun.com\/de\/wp-json\/wp\/v2\/types\/product"}],"wp:featuredmedia":[{"embeddable":true,"href":"https:\/\/www.miomiorun.com\/de\/wp-json\/wp\/v2\/media\/62536"}],"wp:attachment":[{"href":"https:\/\/www.miomiorun.com\/de\/wp-json\/wp\/v2\/media?parent=175771"}],"wp:term":[{"taxonomy":"product_brand","embeddable":true,"href":"https:\/\/www.miomiorun.com\/de\/wp-json\/wp\/v2\/product_brand?post=175771"},{"taxonomy":"product_cat","embeddable":true,"href":"https:\/\/www.miomiorun.com\/de\/wp-json\/wp\/v2\/product_cat?post=175771"},{"taxonomy":"product_tag","embeddable":true,"href":"https:\/\/www.miomiorun.com\/de\/wp-json\/wp\/v2\/product_tag?post=175771"}],"curies":[{"name":"wp","href":"https:\/\/api.w.org\/{rel}","templated":true}]}}