{"id":175762,"date":"2020-08-22T12:22:26","date_gmt":"2020-08-22T10:22:26","guid":{"rendered":"https:\/\/miomiorun.com\/prodotto\/craft-vent-2in1-racing-shorts-donna\/"},"modified":"2025-03-07T12:00:24","modified_gmt":"2025-03-07T11:00:24","slug":"craft-vent-2in1-racing-shorts-damen","status":"publish","type":"product","link":"https:\/\/www.miomiorun.com\/de\/produkt\/craft-vent-2in1-racing-shorts-damen\/","title":{"rendered":"Vent 2in1 Racing Shorts damen"},"content":{"rendered":"<p>Leichte 2-in-1-Rennshorts f\u00fcr intensive Rennen am Wettkampftag.<\/p>\n<p>Die Vent 2-in-1 Racing Shorts sind leichte Laufshorts, die f\u00fcr intensive Rennen am Wettkampftag entwickelt wurden. Diese technisch fortschrittlichen Shorts bestehen aus recyceltem Stretch-Polyester und verf\u00fcgen \u00fcber Nanoweight-Mesh-Innensocken f\u00fcr au\u00dfergew\u00f6hnliches K\u00f6rpertemperaturmanagement und optimalen Komfort. Hochgeschnittene Seiten f\u00fcr mehr Bewegungsfreiheit.<\/p>\n<p>&#8211; Leichtes, recyceltes Stretch-Polyester<br \/>\n&#8211; Nanoweight-Mesh-Innenhose<br \/>\n&#8211; Hochgeschnittene Seiten f\u00fcr optimalen Komfort bei langen Fahrten<br \/>\n&#8211; Seitentaschen<br \/>\n&#8211; Elastischer, gerippter Bund<br \/>\n&#8211; Beininnenhose 12 cm<\/p>\n<h2>Eigenschaften des Produkts<\/h2>\n<h4>Material<\/h4>\n<p>K\u00f6rper 90% recyceltes Polyester 10% Elastan Futter 90% Polyester 10% Elastan<\/p>\n<h4>Leichtgewicht<\/h4>\n<p>Ultraleichtes Material, das die Schwerkraft \u00fcberwindet.<\/p>\n<h4>Feuchtigkeitstransport<\/h4>\n<p>Transportiert die Feuchtigkeit von der Haut zur Au\u00dfenseite des Kleidungsst\u00fccks und h\u00e4lt bei intensivem Training k\u00fchl und trocken.<\/p>\n<h4>Schnell trocknend<\/h4>\n<p>Schnell trocknendes Material, das Feuchtigkeit von der Haut ableitet und Sie bei schwei\u00dftreibenden Workouts k\u00fchl h\u00e4lt.<\/p>\n","protected":false},"excerpt":{"rendered":"<p>Leichte 2-in-1-Rennshorts f\u00fcr intensive Rennen am Wettkampftag. Die Vent 2-in-1 Racing Shorts sind leichte Laufshorts, die f\u00fcr intensive Rennen am Wettkampftag entwickelt wurden. Diese technisch fortschrittlichen Shorts bestehen aus recyceltem Stretch-Polyester und verf\u00fcgen \u00fcber Nanoweight-Mesh-Innensocken f\u00fcr au\u00dfergew\u00f6hnliches K\u00f6rpertemperaturmanagement und optimalen Komfort. Hochgeschnittene Seiten f\u00fcr mehr Bewegungsfreiheit. &#8211; Leichtes, recyceltes Stretch-Polyester &#8211; Nanoweight-Mesh-Innenhose &#8211; Hochgeschnittene Seiten &hellip; <a href=\"https:\/\/www.miomiorun.com\/de\/produkt\/craft-vent-2in1-racing-shorts-damen\/\">Continued<\/a><\/p>\n","protected":false},"featured_media":52704,"template":"","meta":{"_acf_changed":false,"inline_featured_image":false},"product_brand":[],"product_cat":[6400,6401,6488],"product_tag":[6304,6232],"class_list":{"0":"post-175762","1":"product","2":"type-product","3":"status-publish","4":"has-post-thumbnail","6":"product_cat-damen","7":"product_cat-damenbekleidung","8":"product_cat-damenshorts-de","9":"product_tag-craft-de","10":"product_tag-craft-damen-de","11":"pa_attivita-running-de","12":"pa_marca-craft-de","13":"pa_sesso-damen","14":"pa_size-small-de","15":"pa_size-medium-de","17":"first","18":"instock","19":"sale","20":"taxable","21":"shipping-taxable","22":"purchasable","23":"product-type-variable","24":"wvs-archive-product-wrapper"},"acf":[],"yoast_head":"<!-- This site is optimized with the Yoast SEO plugin v26.8 - https:\/\/yoast.com\/product\/yoast-seo-wordpress\/ -->\n<title>Vent 2in1 Racing Shorts damen - Shorts f\u00fcr Damen - MioMioRun<\/title>\n<meta name=\"description\" content=\"Die Vent 2-in-1 Racing Shorts sind leichte Laufshorts, die f\u00fcr intensive Rennen am Renntag entwickelt wurden. Mehr Informationen auf unserer Website\" \/>\n<meta name=\"robots\" content=\"index, follow, max-snippet:-1, max-image-preview:large, max-video-preview:-1\" \/>\n<link rel=\"canonical\" href=\"https:\/\/www.miomiorun.com\/de\/produkt\/craft-vent-2in1-racing-shorts-damen\/\" \/>\n<meta property=\"og:locale\" content=\"de_DE\" \/>\n<meta property=\"og:type\" content=\"article\" \/>\n<meta property=\"og:title\" content=\"Vent 2in1 Racing Shorts damen - Shorts f\u00fcr Damen - MioMioRun\" \/>\n<meta property=\"og:description\" content=\"Die Vent 2-in-1 Racing Shorts sind leichte Laufshorts, die f\u00fcr intensive Rennen am Renntag entwickelt wurden. Mehr Informationen auf unserer Website\" \/>\n<meta property=\"og:url\" content=\"https:\/\/www.miomiorun.com\/de\/produkt\/craft-vent-2in1-racing-shorts-damen\/\" \/>\n<meta property=\"og:site_name\" content=\"MioMioRun\" \/>\n<meta property=\"article:publisher\" content=\"https:\/\/www.facebook.com\/miomiorun\/\" \/>\n<meta property=\"article:modified_time\" content=\"2025-03-07T11:00:24+00:00\" \/>\n<meta property=\"og:image\" content=\"https:\/\/www.miomiorun.com\/app\/uploads\/2020\/08\/craft-Vent-2in1-racing-shorts-W-1908707-007609.jpg\" \/>\n\t<meta property=\"og:image:width\" content=\"600\" \/>\n\t<meta property=\"og:image:height\" content=\"600\" \/>\n\t<meta property=\"og:image:type\" content=\"image\/jpeg\" \/>\n<meta name=\"twitter:card\" content=\"summary_large_image\" \/>\n<meta name=\"twitter:label1\" content=\"Est. reading time\" \/>\n\t<meta name=\"twitter:data1\" content=\"1 minute\" \/>\n<script type=\"application\/ld+json\" class=\"yoast-schema-graph\">{\"@context\":\"https:\/\/schema.org\",\"@graph\":[{\"@type\":\"WebPage\",\"@id\":\"https:\/\/www.miomiorun.com\/de\/produkt\/craft-vent-2in1-racing-shorts-damen\/\",\"url\":\"https:\/\/www.miomiorun.com\/de\/produkt\/craft-vent-2in1-racing-shorts-damen\/\",\"name\":\"Vent 2in1 Racing Shorts damen - Shorts f\u00fcr Damen - MioMioRun\",\"isPartOf\":{\"@id\":\"https:\/\/www.miomiorun.com\/de\/#website\"},\"primaryImageOfPage\":{\"@id\":\"https:\/\/www.miomiorun.com\/de\/produkt\/craft-vent-2in1-racing-shorts-damen\/#primaryimage\"},\"image\":{\"@id\":\"https:\/\/www.miomiorun.com\/de\/produkt\/craft-vent-2in1-racing-shorts-damen\/#primaryimage\"},\"thumbnailUrl\":\"https:\/\/www.miomiorun.com\/app\/uploads\/2020\/08\/craft-Vent-2in1-racing-shorts-W-1908707-007609.jpg\",\"datePublished\":\"2020-08-22T10:22:26+00:00\",\"dateModified\":\"2025-03-07T11:00:24+00:00\",\"description\":\"Die Vent 2-in-1 Racing Shorts sind leichte Laufshorts, die f\u00fcr intensive Rennen am Renntag entwickelt wurden. Mehr Informationen auf unserer Website\",\"breadcrumb\":{\"@id\":\"https:\/\/www.miomiorun.com\/de\/produkt\/craft-vent-2in1-racing-shorts-damen\/#breadcrumb\"},\"inLanguage\":\"de-DE\",\"potentialAction\":[{\"@type\":\"ReadAction\",\"target\":[\"https:\/\/www.miomiorun.com\/de\/produkt\/craft-vent-2in1-racing-shorts-damen\/\"]}]},{\"@type\":\"ImageObject\",\"inLanguage\":\"de-DE\",\"@id\":\"https:\/\/www.miomiorun.com\/de\/produkt\/craft-vent-2in1-racing-shorts-damen\/#primaryimage\",\"url\":\"https:\/\/www.miomiorun.com\/app\/uploads\/2020\/08\/craft-Vent-2in1-racing-shorts-W-1908707-007609.jpg\",\"contentUrl\":\"https:\/\/www.miomiorun.com\/app\/uploads\/2020\/08\/craft-Vent-2in1-racing-shorts-W-1908707-007609.jpg\",\"width\":600,\"height\":600,\"caption\":\"craft-Vent-2in1-racing-shorts-W-1908707-007609\"},{\"@type\":\"BreadcrumbList\",\"@id\":\"https:\/\/www.miomiorun.com\/de\/produkt\/craft-vent-2in1-racing-shorts-damen\/#breadcrumb\",\"itemListElement\":[{\"@type\":\"ListItem\",\"position\":1,\"name\":\"Home\",\"item\":\"https:\/\/www.miomiorun.com\/de\/\"},{\"@type\":\"ListItem\",\"position\":2,\"name\":\"Shop\",\"item\":\"https:\/\/www.miomiorun.com\/shop\/\"},{\"@type\":\"ListItem\",\"position\":3,\"name\":\"Vent 2in1 Racing Shorts damen\"}]},{\"@type\":\"WebSite\",\"@id\":\"https:\/\/www.miomiorun.com\/de\/#website\",\"url\":\"https:\/\/www.miomiorun.com\/de\/\",\"name\":\"MioMioRun\",\"description\":\"100% Lauf- und Trailshop\",\"publisher\":{\"@id\":\"https:\/\/www.miomiorun.com\/de\/#organization\"},\"potentialAction\":[{\"@type\":\"SearchAction\",\"target\":{\"@type\":\"EntryPoint\",\"urlTemplate\":\"https:\/\/www.miomiorun.com\/de\/?s={search_term_string}\"},\"query-input\":{\"@type\":\"PropertyValueSpecification\",\"valueRequired\":true,\"valueName\":\"search_term_string\"}}],\"inLanguage\":\"de-DE\"},{\"@type\":\"Organization\",\"@id\":\"https:\/\/www.miomiorun.com\/de\/#organization\",\"name\":\"MioMio Run\",\"url\":\"https:\/\/www.miomiorun.com\/de\/\",\"logo\":{\"@type\":\"ImageObject\",\"inLanguage\":\"de-DE\",\"@id\":\"https:\/\/www.miomiorun.com\/de\/#\/schema\/logo\/image\/\",\"url\":\"https:\/\/www.miomiorun.com\/app\/uploads\/2019\/12\/logomio.png\",\"contentUrl\":\"https:\/\/www.miomiorun.com\/app\/uploads\/2019\/12\/logomio.png\",\"width\":115,\"height\":82,\"caption\":\"MioMio Run\"},\"image\":{\"@id\":\"https:\/\/www.miomiorun.com\/de\/#\/schema\/logo\/image\/\"},\"sameAs\":[\"https:\/\/www.facebook.com\/miomiorun\/\",\"https:\/\/www.instagram.com\/miomiorun\/\"]}]}<\/script>\n<!-- \/ Yoast SEO plugin. -->","yoast_head_json":{"title":"Vent 2in1 Racing Shorts damen - Shorts f\u00fcr Damen - MioMioRun","description":"Die Vent 2-in-1 Racing Shorts sind leichte Laufshorts, die f\u00fcr intensive Rennen am Renntag entwickelt wurden. Mehr Informationen auf unserer Website","robots":{"index":"index","follow":"follow","max-snippet":"max-snippet:-1","max-image-preview":"max-image-preview:large","max-video-preview":"max-video-preview:-1"},"canonical":"https:\/\/www.miomiorun.com\/de\/produkt\/craft-vent-2in1-racing-shorts-damen\/","og_locale":"de_DE","og_type":"article","og_title":"Vent 2in1 Racing Shorts damen - Shorts f\u00fcr Damen - MioMioRun","og_description":"Die Vent 2-in-1 Racing Shorts sind leichte Laufshorts, die f\u00fcr intensive Rennen am Renntag entwickelt wurden. Mehr Informationen auf unserer Website","og_url":"https:\/\/www.miomiorun.com\/de\/produkt\/craft-vent-2in1-racing-shorts-damen\/","og_site_name":"MioMioRun","article_publisher":"https:\/\/www.facebook.com\/miomiorun\/","article_modified_time":"2025-03-07T11:00:24+00:00","og_image":[{"width":600,"height":600,"url":"https:\/\/www.miomiorun.com\/app\/uploads\/2020\/08\/craft-Vent-2in1-racing-shorts-W-1908707-007609.jpg","type":"image\/jpeg"}],"twitter_card":"summary_large_image","twitter_misc":{"Est. reading time":"1 minute"},"schema":{"@context":"https:\/\/schema.org","@graph":[{"@type":"WebPage","@id":"https:\/\/www.miomiorun.com\/de\/produkt\/craft-vent-2in1-racing-shorts-damen\/","url":"https:\/\/www.miomiorun.com\/de\/produkt\/craft-vent-2in1-racing-shorts-damen\/","name":"Vent 2in1 Racing Shorts damen - Shorts f\u00fcr Damen - MioMioRun","isPartOf":{"@id":"https:\/\/www.miomiorun.com\/de\/#website"},"primaryImageOfPage":{"@id":"https:\/\/www.miomiorun.com\/de\/produkt\/craft-vent-2in1-racing-shorts-damen\/#primaryimage"},"image":{"@id":"https:\/\/www.miomiorun.com\/de\/produkt\/craft-vent-2in1-racing-shorts-damen\/#primaryimage"},"thumbnailUrl":"https:\/\/www.miomiorun.com\/app\/uploads\/2020\/08\/craft-Vent-2in1-racing-shorts-W-1908707-007609.jpg","datePublished":"2020-08-22T10:22:26+00:00","dateModified":"2025-03-07T11:00:24+00:00","description":"Die Vent 2-in-1 Racing Shorts sind leichte Laufshorts, die f\u00fcr intensive Rennen am Renntag entwickelt wurden. Mehr Informationen auf unserer Website","breadcrumb":{"@id":"https:\/\/www.miomiorun.com\/de\/produkt\/craft-vent-2in1-racing-shorts-damen\/#breadcrumb"},"inLanguage":"de-DE","potentialAction":[{"@type":"ReadAction","target":["https:\/\/www.miomiorun.com\/de\/produkt\/craft-vent-2in1-racing-shorts-damen\/"]}]},{"@type":"ImageObject","inLanguage":"de-DE","@id":"https:\/\/www.miomiorun.com\/de\/produkt\/craft-vent-2in1-racing-shorts-damen\/#primaryimage","url":"https:\/\/www.miomiorun.com\/app\/uploads\/2020\/08\/craft-Vent-2in1-racing-shorts-W-1908707-007609.jpg","contentUrl":"https:\/\/www.miomiorun.com\/app\/uploads\/2020\/08\/craft-Vent-2in1-racing-shorts-W-1908707-007609.jpg","width":600,"height":600,"caption":"craft-Vent-2in1-racing-shorts-W-1908707-007609"},{"@type":"BreadcrumbList","@id":"https:\/\/www.miomiorun.com\/de\/produkt\/craft-vent-2in1-racing-shorts-damen\/#breadcrumb","itemListElement":[{"@type":"ListItem","position":1,"name":"Home","item":"https:\/\/www.miomiorun.com\/de\/"},{"@type":"ListItem","position":2,"name":"Shop","item":"https:\/\/www.miomiorun.com\/shop\/"},{"@type":"ListItem","position":3,"name":"Vent 2in1 Racing Shorts damen"}]},{"@type":"WebSite","@id":"https:\/\/www.miomiorun.com\/de\/#website","url":"https:\/\/www.miomiorun.com\/de\/","name":"MioMioRun","description":"100% Lauf- und Trailshop","publisher":{"@id":"https:\/\/www.miomiorun.com\/de\/#organization"},"potentialAction":[{"@type":"SearchAction","target":{"@type":"EntryPoint","urlTemplate":"https:\/\/www.miomiorun.com\/de\/?s={search_term_string}"},"query-input":{"@type":"PropertyValueSpecification","valueRequired":true,"valueName":"search_term_string"}}],"inLanguage":"de-DE"},{"@type":"Organization","@id":"https:\/\/www.miomiorun.com\/de\/#organization","name":"MioMio Run","url":"https:\/\/www.miomiorun.com\/de\/","logo":{"@type":"ImageObject","inLanguage":"de-DE","@id":"https:\/\/www.miomiorun.com\/de\/#\/schema\/logo\/image\/","url":"https:\/\/www.miomiorun.com\/app\/uploads\/2019\/12\/logomio.png","contentUrl":"https:\/\/www.miomiorun.com\/app\/uploads\/2019\/12\/logomio.png","width":115,"height":82,"caption":"MioMio Run"},"image":{"@id":"https:\/\/www.miomiorun.com\/de\/#\/schema\/logo\/image\/"},"sameAs":["https:\/\/www.facebook.com\/miomiorun\/","https:\/\/www.instagram.com\/miomiorun\/"]}]}},"_links":{"self":[{"href":"https:\/\/www.miomiorun.com\/de\/wp-json\/wp\/v2\/product\/175762","targetHints":{"allow":["GET"]}}],"collection":[{"href":"https:\/\/www.miomiorun.com\/de\/wp-json\/wp\/v2\/product"}],"about":[{"href":"https:\/\/www.miomiorun.com\/de\/wp-json\/wp\/v2\/types\/product"}],"wp:featuredmedia":[{"embeddable":true,"href":"https:\/\/www.miomiorun.com\/de\/wp-json\/wp\/v2\/media\/52704"}],"wp:attachment":[{"href":"https:\/\/www.miomiorun.com\/de\/wp-json\/wp\/v2\/media?parent=175762"}],"wp:term":[{"taxonomy":"product_brand","embeddable":true,"href":"https:\/\/www.miomiorun.com\/de\/wp-json\/wp\/v2\/product_brand?post=175762"},{"taxonomy":"product_cat","embeddable":true,"href":"https:\/\/www.miomiorun.com\/de\/wp-json\/wp\/v2\/product_cat?post=175762"},{"taxonomy":"product_tag","embeddable":true,"href":"https:\/\/www.miomiorun.com\/de\/wp-json\/wp\/v2\/product_tag?post=175762"}],"curies":[{"name":"wp","href":"https:\/\/api.w.org\/{rel}","templated":true}]}}