{"id":175672,"date":"2021-04-16T16:43:04","date_gmt":"2021-04-16T14:43:04","guid":{"rendered":"https:\/\/miomiorun.com\/prodotto\/crazy-idea-short-lightning-donna\/"},"modified":"2025-03-07T11:39:37","modified_gmt":"2025-03-07T10:39:37","slug":"crazy-idea-short-lightning-damen","status":"publish","type":"product","link":"https:\/\/www.miomiorun.com\/de\/produkt\/crazy-idea-short-lightning-damen\/","title":{"rendered":"Short lightning damen"},"content":{"rendered":"<div class=\"single-product-description\">\n<p>Minimalistische Laufshorts mit nahtlosem, grob geschnittenem Innenslip, gemacht f\u00fcr kurze, schnelle und nerv\u00f6se Bergl\u00e4ufe oder Vertical Races, bei denen Leichtigkeit und Bewegungsfreiheit entscheidend sind. Das verwendete Material ist ein ultraleichtes, schnell trocknendes Zwei-Wege-Stretch-Gewebe mit Graphene-Behandlung. Das innovative Lasercut-System, das an verschiedenen Stellen angewendet wird, beg\u00fcnstigt die Bel\u00fcftung. High Stretch Baske mit Taschen f\u00fcr Gele und andere kleine Gegenst\u00e4nde, lasergeschnitten und auf Bein unten geklebt.<\/p>\n<p><strong>Eigenschaften:<\/strong><\/p>\n<ul>\n<li>Minimalistische Shorts von VK<\/li>\n<li>Hoher Bund mit Taschen<\/li>\n<li>Lasergeschnittene Bereiche<\/li>\n<li>Roh geschnittener Innenslip<\/li>\n<li>Stretchmaterial mit Graphene-Behandlung<\/li>\n<\/ul>\n<\/div>\n","protected":false},"excerpt":{"rendered":"<p>Minimalistische Laufshorts mit nahtlosem, grob geschnittenem Innenslip, gemacht f\u00fcr kurze, schnelle und nerv\u00f6se Bergl\u00e4ufe oder Vertical Races, bei denen Leichtigkeit und Bewegungsfreiheit entscheidend sind. Das verwendete Material ist ein ultraleichtes, schnell trocknendes Zwei-Wege-Stretch-Gewebe mit Graphene-Behandlung. Das innovative Lasercut-System, das an verschiedenen Stellen angewendet wird, beg\u00fcnstigt die Bel\u00fcftung. High Stretch Baske mit Taschen f\u00fcr Gele und &hellip; <a href=\"https:\/\/www.miomiorun.com\/de\/produkt\/crazy-idea-short-lightning-damen\/\">Continued<\/a><\/p>\n","protected":false},"featured_media":71786,"template":"","meta":{"_acf_changed":false,"inline_featured_image":false},"product_brand":[],"product_cat":[6400,6401,6488],"product_tag":[3370,6237],"class_list":{"0":"post-175672","1":"product","2":"type-product","3":"status-publish","4":"has-post-thumbnail","6":"product_cat-damen","7":"product_cat-damenbekleidung","8":"product_cat-damenshorts-de","9":"product_tag-crazy-idea-de","10":"product_tag-crazy-idea-damen-de","11":"pa_attivita-trail-de","12":"pa_colore-short-lightning-w-black-zebra-de-2","13":"pa_colore-short-lightning-w-i-love-running-de","14":"pa_colore-short-lightning-w-mandala-de-2","15":"pa_colore-short-lightning-w-mandala-de-3","16":"pa_colore-short-lightning-w-mountain-flower-de","17":"pa_colore-short-lightning-w-tempest-de","18":"pa_colore-short-lightning-w-black-zebra-de","19":"pa_colore-short-lightning-w-mandala-de","20":"pa_colore-short-lightning-w-print-light-jeans-de","21":"pa_colore-shorts-lightning-w-turchese-de","22":"pa_marca-crazy-idea-de","23":"pa_sesso-damen","24":"pa_size-extra-small-de","25":"pa_size-small-de","26":"pa_size-medium-de","27":"pa_size-large-de","29":"first","30":"instock","31":"sale","32":"taxable","33":"shipping-taxable","34":"purchasable","35":"product-type-variable","36":"wvs-archive-product-wrapper"},"acf":[],"yoast_head":"<!-- This site is optimized with the Yoast SEO plugin v26.8 - https:\/\/yoast.com\/product\/yoast-seo-wordpress\/ -->\n<title>Crazy Idea Short lightning damen - Shorts f\u00fcr Damen - MioMioRun<\/title>\n<meta name=\"description\" content=\"Minimalistische Laufshort mit nahtlosem, grob geschnittenem Innenslip, die f\u00fcr kurze, schnelle und nerv\u00f6se Bergl\u00e4ufe konzipiert ist.\" \/>\n<meta name=\"robots\" content=\"index, follow, max-snippet:-1, max-image-preview:large, max-video-preview:-1\" \/>\n<link rel=\"canonical\" href=\"https:\/\/www.miomiorun.com\/de\/produkt\/crazy-idea-short-lightning-damen\/\" \/>\n<meta property=\"og:locale\" content=\"de_DE\" \/>\n<meta property=\"og:type\" content=\"article\" \/>\n<meta property=\"og:title\" content=\"Crazy Idea Short lightning damen - Shorts f\u00fcr Damen - MioMioRun\" \/>\n<meta property=\"og:description\" content=\"Minimalistische Laufshort mit nahtlosem, grob geschnittenem Innenslip, die f\u00fcr kurze, schnelle und nerv\u00f6se Bergl\u00e4ufe konzipiert ist.\" \/>\n<meta property=\"og:url\" content=\"https:\/\/www.miomiorun.com\/de\/produkt\/crazy-idea-short-lightning-damen\/\" \/>\n<meta property=\"og:site_name\" content=\"MioMioRun\" \/>\n<meta property=\"article:publisher\" content=\"https:\/\/www.facebook.com\/miomiorun\/\" \/>\n<meta property=\"article:modified_time\" content=\"2025-03-07T10:39:37+00:00\" \/>\n<meta property=\"og:image\" content=\"https:\/\/www.miomiorun.com\/app\/uploads\/2022\/05\/crazy-idea-short-lightning-W-print-light-jeans-S22015197D-00X015.jpg\" \/>\n\t<meta property=\"og:image:width\" content=\"600\" \/>\n\t<meta property=\"og:image:height\" content=\"600\" \/>\n\t<meta property=\"og:image:type\" content=\"image\/jpeg\" \/>\n<meta name=\"twitter:card\" content=\"summary_large_image\" \/>\n<script type=\"application\/ld+json\" class=\"yoast-schema-graph\">{\"@context\":\"https:\/\/schema.org\",\"@graph\":[{\"@type\":\"WebPage\",\"@id\":\"https:\/\/www.miomiorun.com\/de\/produkt\/crazy-idea-short-lightning-damen\/\",\"url\":\"https:\/\/www.miomiorun.com\/de\/produkt\/crazy-idea-short-lightning-damen\/\",\"name\":\"Crazy Idea Short lightning damen - Shorts f\u00fcr Damen - MioMioRun\",\"isPartOf\":{\"@id\":\"https:\/\/www.miomiorun.com\/de\/#website\"},\"primaryImageOfPage\":{\"@id\":\"https:\/\/www.miomiorun.com\/de\/produkt\/crazy-idea-short-lightning-damen\/#primaryimage\"},\"image\":{\"@id\":\"https:\/\/www.miomiorun.com\/de\/produkt\/crazy-idea-short-lightning-damen\/#primaryimage\"},\"thumbnailUrl\":\"https:\/\/www.miomiorun.com\/app\/uploads\/2022\/05\/crazy-idea-short-lightning-W-print-light-jeans-S22015197D-00X015.jpg\",\"datePublished\":\"2021-04-16T14:43:04+00:00\",\"dateModified\":\"2025-03-07T10:39:37+00:00\",\"description\":\"Minimalistische Laufshort mit nahtlosem, grob geschnittenem Innenslip, die f\u00fcr kurze, schnelle und nerv\u00f6se Bergl\u00e4ufe konzipiert ist.\",\"breadcrumb\":{\"@id\":\"https:\/\/www.miomiorun.com\/de\/produkt\/crazy-idea-short-lightning-damen\/#breadcrumb\"},\"inLanguage\":\"de-DE\",\"potentialAction\":[{\"@type\":\"ReadAction\",\"target\":[\"https:\/\/www.miomiorun.com\/de\/produkt\/crazy-idea-short-lightning-damen\/\"]}]},{\"@type\":\"ImageObject\",\"inLanguage\":\"de-DE\",\"@id\":\"https:\/\/www.miomiorun.com\/de\/produkt\/crazy-idea-short-lightning-damen\/#primaryimage\",\"url\":\"https:\/\/www.miomiorun.com\/app\/uploads\/2022\/05\/crazy-idea-short-lightning-W-print-light-jeans-S22015197D-00X015.jpg\",\"contentUrl\":\"https:\/\/www.miomiorun.com\/app\/uploads\/2022\/05\/crazy-idea-short-lightning-W-print-light-jeans-S22015197D-00X015.jpg\",\"width\":600,\"height\":600,\"caption\":\"crazy-idea-short-lightning-W-print-light-jeans-S22015197D-00X015\"},{\"@type\":\"BreadcrumbList\",\"@id\":\"https:\/\/www.miomiorun.com\/de\/produkt\/crazy-idea-short-lightning-damen\/#breadcrumb\",\"itemListElement\":[{\"@type\":\"ListItem\",\"position\":1,\"name\":\"Home\",\"item\":\"https:\/\/www.miomiorun.com\/de\/\"},{\"@type\":\"ListItem\",\"position\":2,\"name\":\"Shop\",\"item\":\"https:\/\/www.miomiorun.com\/shop\/\"},{\"@type\":\"ListItem\",\"position\":3,\"name\":\"Short lightning damen\"}]},{\"@type\":\"WebSite\",\"@id\":\"https:\/\/www.miomiorun.com\/de\/#website\",\"url\":\"https:\/\/www.miomiorun.com\/de\/\",\"name\":\"MioMioRun\",\"description\":\"100% Lauf- und Trailshop\",\"publisher\":{\"@id\":\"https:\/\/www.miomiorun.com\/de\/#organization\"},\"potentialAction\":[{\"@type\":\"SearchAction\",\"target\":{\"@type\":\"EntryPoint\",\"urlTemplate\":\"https:\/\/www.miomiorun.com\/de\/?s={search_term_string}\"},\"query-input\":{\"@type\":\"PropertyValueSpecification\",\"valueRequired\":true,\"valueName\":\"search_term_string\"}}],\"inLanguage\":\"de-DE\"},{\"@type\":\"Organization\",\"@id\":\"https:\/\/www.miomiorun.com\/de\/#organization\",\"name\":\"MioMio Run\",\"url\":\"https:\/\/www.miomiorun.com\/de\/\",\"logo\":{\"@type\":\"ImageObject\",\"inLanguage\":\"de-DE\",\"@id\":\"https:\/\/www.miomiorun.com\/de\/#\/schema\/logo\/image\/\",\"url\":\"https:\/\/www.miomiorun.com\/app\/uploads\/2019\/12\/logomio.png\",\"contentUrl\":\"https:\/\/www.miomiorun.com\/app\/uploads\/2019\/12\/logomio.png\",\"width\":115,\"height\":82,\"caption\":\"MioMio Run\"},\"image\":{\"@id\":\"https:\/\/www.miomiorun.com\/de\/#\/schema\/logo\/image\/\"},\"sameAs\":[\"https:\/\/www.facebook.com\/miomiorun\/\",\"https:\/\/www.instagram.com\/miomiorun\/\"]}]}<\/script>\n<!-- \/ Yoast SEO plugin. -->","yoast_head_json":{"title":"Crazy Idea Short lightning damen - Shorts f\u00fcr Damen - MioMioRun","description":"Minimalistische Laufshort mit nahtlosem, grob geschnittenem Innenslip, die f\u00fcr kurze, schnelle und nerv\u00f6se Bergl\u00e4ufe konzipiert ist.","robots":{"index":"index","follow":"follow","max-snippet":"max-snippet:-1","max-image-preview":"max-image-preview:large","max-video-preview":"max-video-preview:-1"},"canonical":"https:\/\/www.miomiorun.com\/de\/produkt\/crazy-idea-short-lightning-damen\/","og_locale":"de_DE","og_type":"article","og_title":"Crazy Idea Short lightning damen - Shorts f\u00fcr Damen - MioMioRun","og_description":"Minimalistische Laufshort mit nahtlosem, grob geschnittenem Innenslip, die f\u00fcr kurze, schnelle und nerv\u00f6se Bergl\u00e4ufe konzipiert ist.","og_url":"https:\/\/www.miomiorun.com\/de\/produkt\/crazy-idea-short-lightning-damen\/","og_site_name":"MioMioRun","article_publisher":"https:\/\/www.facebook.com\/miomiorun\/","article_modified_time":"2025-03-07T10:39:37+00:00","og_image":[{"width":600,"height":600,"url":"https:\/\/www.miomiorun.com\/app\/uploads\/2022\/05\/crazy-idea-short-lightning-W-print-light-jeans-S22015197D-00X015.jpg","type":"image\/jpeg"}],"twitter_card":"summary_large_image","schema":{"@context":"https:\/\/schema.org","@graph":[{"@type":"WebPage","@id":"https:\/\/www.miomiorun.com\/de\/produkt\/crazy-idea-short-lightning-damen\/","url":"https:\/\/www.miomiorun.com\/de\/produkt\/crazy-idea-short-lightning-damen\/","name":"Crazy Idea Short lightning damen - Shorts f\u00fcr Damen - MioMioRun","isPartOf":{"@id":"https:\/\/www.miomiorun.com\/de\/#website"},"primaryImageOfPage":{"@id":"https:\/\/www.miomiorun.com\/de\/produkt\/crazy-idea-short-lightning-damen\/#primaryimage"},"image":{"@id":"https:\/\/www.miomiorun.com\/de\/produkt\/crazy-idea-short-lightning-damen\/#primaryimage"},"thumbnailUrl":"https:\/\/www.miomiorun.com\/app\/uploads\/2022\/05\/crazy-idea-short-lightning-W-print-light-jeans-S22015197D-00X015.jpg","datePublished":"2021-04-16T14:43:04+00:00","dateModified":"2025-03-07T10:39:37+00:00","description":"Minimalistische Laufshort mit nahtlosem, grob geschnittenem Innenslip, die f\u00fcr kurze, schnelle und nerv\u00f6se Bergl\u00e4ufe konzipiert ist.","breadcrumb":{"@id":"https:\/\/www.miomiorun.com\/de\/produkt\/crazy-idea-short-lightning-damen\/#breadcrumb"},"inLanguage":"de-DE","potentialAction":[{"@type":"ReadAction","target":["https:\/\/www.miomiorun.com\/de\/produkt\/crazy-idea-short-lightning-damen\/"]}]},{"@type":"ImageObject","inLanguage":"de-DE","@id":"https:\/\/www.miomiorun.com\/de\/produkt\/crazy-idea-short-lightning-damen\/#primaryimage","url":"https:\/\/www.miomiorun.com\/app\/uploads\/2022\/05\/crazy-idea-short-lightning-W-print-light-jeans-S22015197D-00X015.jpg","contentUrl":"https:\/\/www.miomiorun.com\/app\/uploads\/2022\/05\/crazy-idea-short-lightning-W-print-light-jeans-S22015197D-00X015.jpg","width":600,"height":600,"caption":"crazy-idea-short-lightning-W-print-light-jeans-S22015197D-00X015"},{"@type":"BreadcrumbList","@id":"https:\/\/www.miomiorun.com\/de\/produkt\/crazy-idea-short-lightning-damen\/#breadcrumb","itemListElement":[{"@type":"ListItem","position":1,"name":"Home","item":"https:\/\/www.miomiorun.com\/de\/"},{"@type":"ListItem","position":2,"name":"Shop","item":"https:\/\/www.miomiorun.com\/shop\/"},{"@type":"ListItem","position":3,"name":"Short lightning damen"}]},{"@type":"WebSite","@id":"https:\/\/www.miomiorun.com\/de\/#website","url":"https:\/\/www.miomiorun.com\/de\/","name":"MioMioRun","description":"100% Lauf- und Trailshop","publisher":{"@id":"https:\/\/www.miomiorun.com\/de\/#organization"},"potentialAction":[{"@type":"SearchAction","target":{"@type":"EntryPoint","urlTemplate":"https:\/\/www.miomiorun.com\/de\/?s={search_term_string}"},"query-input":{"@type":"PropertyValueSpecification","valueRequired":true,"valueName":"search_term_string"}}],"inLanguage":"de-DE"},{"@type":"Organization","@id":"https:\/\/www.miomiorun.com\/de\/#organization","name":"MioMio Run","url":"https:\/\/www.miomiorun.com\/de\/","logo":{"@type":"ImageObject","inLanguage":"de-DE","@id":"https:\/\/www.miomiorun.com\/de\/#\/schema\/logo\/image\/","url":"https:\/\/www.miomiorun.com\/app\/uploads\/2019\/12\/logomio.png","contentUrl":"https:\/\/www.miomiorun.com\/app\/uploads\/2019\/12\/logomio.png","width":115,"height":82,"caption":"MioMio Run"},"image":{"@id":"https:\/\/www.miomiorun.com\/de\/#\/schema\/logo\/image\/"},"sameAs":["https:\/\/www.facebook.com\/miomiorun\/","https:\/\/www.instagram.com\/miomiorun\/"]}]}},"_links":{"self":[{"href":"https:\/\/www.miomiorun.com\/de\/wp-json\/wp\/v2\/product\/175672","targetHints":{"allow":["GET"]}}],"collection":[{"href":"https:\/\/www.miomiorun.com\/de\/wp-json\/wp\/v2\/product"}],"about":[{"href":"https:\/\/www.miomiorun.com\/de\/wp-json\/wp\/v2\/types\/product"}],"wp:featuredmedia":[{"embeddable":true,"href":"https:\/\/www.miomiorun.com\/de\/wp-json\/wp\/v2\/media\/71786"}],"wp:attachment":[{"href":"https:\/\/www.miomiorun.com\/de\/wp-json\/wp\/v2\/media?parent=175672"}],"wp:term":[{"taxonomy":"product_brand","embeddable":true,"href":"https:\/\/www.miomiorun.com\/de\/wp-json\/wp\/v2\/product_brand?post=175672"},{"taxonomy":"product_cat","embeddable":true,"href":"https:\/\/www.miomiorun.com\/de\/wp-json\/wp\/v2\/product_cat?post=175672"},{"taxonomy":"product_tag","embeddable":true,"href":"https:\/\/www.miomiorun.com\/de\/wp-json\/wp\/v2\/product_tag?post=175672"}],"curies":[{"name":"wp","href":"https:\/\/api.w.org\/{rel}","templated":true}]}}