{"id":175665,"date":"2021-04-16T16:21:46","date_gmt":"2021-04-16T14:21:46","guid":{"rendered":"https:\/\/miomiorun.com\/prodotto\/crazy-idea-pant-mid-pressure-donna\/"},"modified":"2025-03-07T11:34:07","modified_gmt":"2025-03-07T10:34:07","slug":"crazy-idea-pant-mid-pressure-damen","status":"publish","type":"product","link":"https:\/\/www.miomiorun.com\/de\/produkt\/crazy-idea-pant-mid-pressure-damen\/","title":{"rendered":"Pant Mid Pressure damen"},"content":{"rendered":"<p>3\/4 L\u00e4nge Hose unterhalb des Knies f\u00fcr lange Trainingseinheiten, ideal f\u00fcr die Mitte der Saison oder Laufen in der H\u00f6he. Hergestellt mit differenzierten Stoffen, Revolutional schlank, die hilft, Milchs\u00e4ure zu zerstreuen und die Mikrozirkulation zu verbessern. Mikroperforierte Laserschnitt-Technologie, um Bereiche zu unterscheiden, wo mehr Bel\u00fcftung erforderlich ist. Roh geschnittener Beinsaum mit Silikonaufdruck. Bequemer Bund mit zwei Geltaschen und einer Rei\u00dfverschlusstasche.<\/p>\n<p><strong>Eigenschaften:<\/strong><\/p>\n<ul>\n<li>Revolution\u00e4res, differenziertes Slim-Gewebe<\/li>\n<li>Verbessert die Mikrozirkulation durch erh\u00f6hten Milchs\u00e4ureabbau<\/li>\n<li>Abgerundeter Beinabschluss<\/li>\n<li>5 Taschen am Bund<\/li>\n<\/ul>\n","protected":false},"excerpt":{"rendered":"<p>3\/4 L\u00e4nge Hose unterhalb des Knies f\u00fcr lange Trainingseinheiten, ideal f\u00fcr die Mitte der Saison oder Laufen in der H\u00f6he. Hergestellt mit differenzierten Stoffen, Revolutional schlank, die hilft, Milchs\u00e4ure zu zerstreuen und die Mikrozirkulation zu verbessern. Mikroperforierte Laserschnitt-Technologie, um Bereiche zu unterscheiden, wo mehr Bel\u00fcftung erforderlich ist. Roh geschnittener Beinsaum mit Silikonaufdruck. Bequemer Bund mit &hellip; <a href=\"https:\/\/www.miomiorun.com\/de\/produkt\/crazy-idea-pant-mid-pressure-damen\/\">Continued<\/a><\/p>\n","protected":false},"featured_media":169125,"template":"","meta":{"_acf_changed":false,"inline_featured_image":false},"product_brand":[],"product_cat":[6401,6488],"product_tag":[3370,6237],"class_list":{"0":"post-175665","1":"product","2":"type-product","3":"status-publish","4":"has-post-thumbnail","6":"product_cat-damenbekleidung","7":"product_cat-damenshorts-de","8":"product_tag-crazy-idea-de","9":"product_tag-crazy-idea-damen-de","10":"pa_attivita-outdoor-de","11":"pa_attivita-trail-de","12":"pa_colore-mid-short-pressure-w-black-zebra-de","13":"pa_colore-mid-short-pressure-w-mandala-de","14":"pa_colore-pant-mid-pressure-w-i-love-running-de","15":"pa_colore-pant-mid-pressure-w-mountain-flower-de","16":"pa_colore-pant-mid-pressure-fastlight-de","17":"pa_colore-pant-mid-pressure-w-black-zebra-de","18":"pa_marca-crazy-idea-de","19":"pa_sesso-damen","20":"pa_size-extra-small-de","21":"pa_size-small-de","22":"pa_size-medium-de","23":"pa_size-large-de","24":"pa_size-extra-large-de","26":"first","27":"instock","28":"sale","29":"taxable","30":"shipping-taxable","31":"purchasable","32":"product-type-variable","33":"wvs-archive-product-wrapper"},"acf":[],"yoast_head":"<!-- This site is optimized with the Yoast SEO plugin v26.8 - https:\/\/yoast.com\/product\/yoast-seo-wordpress\/ -->\n<title>Crazy Idea Pant Mid Pressure damen - Shorts f\u00fcr damen - MioMioRun<\/title>\n<meta name=\"description\" content=\"3\/4 lange Hose unterhalb des Knies f\u00fcr lange Trainingseinheiten, ideal f\u00fcr die Zwischensaison oder f\u00fcr L\u00e4ufe in der H\u00f6he.\" \/>\n<meta name=\"robots\" content=\"index, follow, max-snippet:-1, max-image-preview:large, max-video-preview:-1\" \/>\n<link rel=\"canonical\" href=\"https:\/\/www.miomiorun.com\/de\/produkt\/crazy-idea-pant-mid-pressure-damen\/\" \/>\n<meta property=\"og:locale\" content=\"de_DE\" \/>\n<meta property=\"og:type\" content=\"article\" \/>\n<meta property=\"og:title\" content=\"Crazy Idea Pant Mid Pressure damen - Shorts f\u00fcr damen - MioMioRun\" \/>\n<meta property=\"og:description\" content=\"3\/4 lange Hose unterhalb des Knies f\u00fcr lange Trainingseinheiten, ideal f\u00fcr die Zwischensaison oder f\u00fcr L\u00e4ufe in der H\u00f6he.\" \/>\n<meta property=\"og:url\" content=\"https:\/\/www.miomiorun.com\/de\/produkt\/crazy-idea-pant-mid-pressure-damen\/\" \/>\n<meta property=\"og:site_name\" content=\"MioMioRun\" \/>\n<meta property=\"article:publisher\" content=\"https:\/\/www.facebook.com\/miomiorun\/\" \/>\n<meta property=\"article:modified_time\" content=\"2025-03-07T10:34:07+00:00\" \/>\n<meta property=\"og:image\" content=\"https:\/\/www.miomiorun.com\/app\/uploads\/2024\/05\/crazy-Pant-mid-pressure-W-i-love-running-S24015199D-00X193.webp\" \/>\n\t<meta property=\"og:image:width\" content=\"600\" \/>\n\t<meta property=\"og:image:height\" content=\"600\" \/>\n\t<meta property=\"og:image:type\" content=\"image\/webp\" \/>\n<meta name=\"twitter:card\" content=\"summary_large_image\" \/>\n<script type=\"application\/ld+json\" class=\"yoast-schema-graph\">{\"@context\":\"https:\/\/schema.org\",\"@graph\":[{\"@type\":\"WebPage\",\"@id\":\"https:\/\/www.miomiorun.com\/de\/produkt\/crazy-idea-pant-mid-pressure-damen\/\",\"url\":\"https:\/\/www.miomiorun.com\/de\/produkt\/crazy-idea-pant-mid-pressure-damen\/\",\"name\":\"Crazy Idea Pant Mid Pressure damen - Shorts f\u00fcr damen - MioMioRun\",\"isPartOf\":{\"@id\":\"https:\/\/www.miomiorun.com\/de\/#website\"},\"primaryImageOfPage\":{\"@id\":\"https:\/\/www.miomiorun.com\/de\/produkt\/crazy-idea-pant-mid-pressure-damen\/#primaryimage\"},\"image\":{\"@id\":\"https:\/\/www.miomiorun.com\/de\/produkt\/crazy-idea-pant-mid-pressure-damen\/#primaryimage\"},\"thumbnailUrl\":\"https:\/\/www.miomiorun.com\/app\/uploads\/2024\/05\/crazy-Pant-mid-pressure-W-i-love-running-S24015199D-00X193.webp\",\"datePublished\":\"2021-04-16T14:21:46+00:00\",\"dateModified\":\"2025-03-07T10:34:07+00:00\",\"description\":\"3\/4 lange Hose unterhalb des Knies f\u00fcr lange Trainingseinheiten, ideal f\u00fcr die Zwischensaison oder f\u00fcr L\u00e4ufe in der H\u00f6he.\",\"breadcrumb\":{\"@id\":\"https:\/\/www.miomiorun.com\/de\/produkt\/crazy-idea-pant-mid-pressure-damen\/#breadcrumb\"},\"inLanguage\":\"de-DE\",\"potentialAction\":[{\"@type\":\"ReadAction\",\"target\":[\"https:\/\/www.miomiorun.com\/de\/produkt\/crazy-idea-pant-mid-pressure-damen\/\"]}]},{\"@type\":\"ImageObject\",\"inLanguage\":\"de-DE\",\"@id\":\"https:\/\/www.miomiorun.com\/de\/produkt\/crazy-idea-pant-mid-pressure-damen\/#primaryimage\",\"url\":\"https:\/\/www.miomiorun.com\/app\/uploads\/2024\/05\/crazy-Pant-mid-pressure-W-i-love-running-S24015199D-00X193.webp\",\"contentUrl\":\"https:\/\/www.miomiorun.com\/app\/uploads\/2024\/05\/crazy-Pant-mid-pressure-W-i-love-running-S24015199D-00X193.webp\",\"width\":600,\"height\":600,\"caption\":\"crazy Pant mid pressure W i love running S24015199D-00X193\"},{\"@type\":\"BreadcrumbList\",\"@id\":\"https:\/\/www.miomiorun.com\/de\/produkt\/crazy-idea-pant-mid-pressure-damen\/#breadcrumb\",\"itemListElement\":[{\"@type\":\"ListItem\",\"position\":1,\"name\":\"Home\",\"item\":\"https:\/\/www.miomiorun.com\/de\/\"},{\"@type\":\"ListItem\",\"position\":2,\"name\":\"Shop\",\"item\":\"https:\/\/www.miomiorun.com\/shop\/\"},{\"@type\":\"ListItem\",\"position\":3,\"name\":\"Pant Mid Pressure damen\"}]},{\"@type\":\"WebSite\",\"@id\":\"https:\/\/www.miomiorun.com\/de\/#website\",\"url\":\"https:\/\/www.miomiorun.com\/de\/\",\"name\":\"MioMioRun\",\"description\":\"100% Lauf- und Trailshop\",\"publisher\":{\"@id\":\"https:\/\/www.miomiorun.com\/de\/#organization\"},\"potentialAction\":[{\"@type\":\"SearchAction\",\"target\":{\"@type\":\"EntryPoint\",\"urlTemplate\":\"https:\/\/www.miomiorun.com\/de\/?s={search_term_string}\"},\"query-input\":{\"@type\":\"PropertyValueSpecification\",\"valueRequired\":true,\"valueName\":\"search_term_string\"}}],\"inLanguage\":\"de-DE\"},{\"@type\":\"Organization\",\"@id\":\"https:\/\/www.miomiorun.com\/de\/#organization\",\"name\":\"MioMio Run\",\"url\":\"https:\/\/www.miomiorun.com\/de\/\",\"logo\":{\"@type\":\"ImageObject\",\"inLanguage\":\"de-DE\",\"@id\":\"https:\/\/www.miomiorun.com\/de\/#\/schema\/logo\/image\/\",\"url\":\"https:\/\/www.miomiorun.com\/app\/uploads\/2019\/12\/logomio.png\",\"contentUrl\":\"https:\/\/www.miomiorun.com\/app\/uploads\/2019\/12\/logomio.png\",\"width\":115,\"height\":82,\"caption\":\"MioMio Run\"},\"image\":{\"@id\":\"https:\/\/www.miomiorun.com\/de\/#\/schema\/logo\/image\/\"},\"sameAs\":[\"https:\/\/www.facebook.com\/miomiorun\/\",\"https:\/\/www.instagram.com\/miomiorun\/\"]}]}<\/script>\n<!-- \/ Yoast SEO plugin. -->","yoast_head_json":{"title":"Crazy Idea Pant Mid Pressure damen - Shorts f\u00fcr damen - MioMioRun","description":"3\/4 lange Hose unterhalb des Knies f\u00fcr lange Trainingseinheiten, ideal f\u00fcr die Zwischensaison oder f\u00fcr L\u00e4ufe in der H\u00f6he.","robots":{"index":"index","follow":"follow","max-snippet":"max-snippet:-1","max-image-preview":"max-image-preview:large","max-video-preview":"max-video-preview:-1"},"canonical":"https:\/\/www.miomiorun.com\/de\/produkt\/crazy-idea-pant-mid-pressure-damen\/","og_locale":"de_DE","og_type":"article","og_title":"Crazy Idea Pant Mid Pressure damen - Shorts f\u00fcr damen - MioMioRun","og_description":"3\/4 lange Hose unterhalb des Knies f\u00fcr lange Trainingseinheiten, ideal f\u00fcr die Zwischensaison oder f\u00fcr L\u00e4ufe in der H\u00f6he.","og_url":"https:\/\/www.miomiorun.com\/de\/produkt\/crazy-idea-pant-mid-pressure-damen\/","og_site_name":"MioMioRun","article_publisher":"https:\/\/www.facebook.com\/miomiorun\/","article_modified_time":"2025-03-07T10:34:07+00:00","og_image":[{"width":600,"height":600,"url":"https:\/\/www.miomiorun.com\/app\/uploads\/2024\/05\/crazy-Pant-mid-pressure-W-i-love-running-S24015199D-00X193.webp","type":"image\/webp"}],"twitter_card":"summary_large_image","schema":{"@context":"https:\/\/schema.org","@graph":[{"@type":"WebPage","@id":"https:\/\/www.miomiorun.com\/de\/produkt\/crazy-idea-pant-mid-pressure-damen\/","url":"https:\/\/www.miomiorun.com\/de\/produkt\/crazy-idea-pant-mid-pressure-damen\/","name":"Crazy Idea Pant Mid Pressure damen - Shorts f\u00fcr damen - MioMioRun","isPartOf":{"@id":"https:\/\/www.miomiorun.com\/de\/#website"},"primaryImageOfPage":{"@id":"https:\/\/www.miomiorun.com\/de\/produkt\/crazy-idea-pant-mid-pressure-damen\/#primaryimage"},"image":{"@id":"https:\/\/www.miomiorun.com\/de\/produkt\/crazy-idea-pant-mid-pressure-damen\/#primaryimage"},"thumbnailUrl":"https:\/\/www.miomiorun.com\/app\/uploads\/2024\/05\/crazy-Pant-mid-pressure-W-i-love-running-S24015199D-00X193.webp","datePublished":"2021-04-16T14:21:46+00:00","dateModified":"2025-03-07T10:34:07+00:00","description":"3\/4 lange Hose unterhalb des Knies f\u00fcr lange Trainingseinheiten, ideal f\u00fcr die Zwischensaison oder f\u00fcr L\u00e4ufe in der H\u00f6he.","breadcrumb":{"@id":"https:\/\/www.miomiorun.com\/de\/produkt\/crazy-idea-pant-mid-pressure-damen\/#breadcrumb"},"inLanguage":"de-DE","potentialAction":[{"@type":"ReadAction","target":["https:\/\/www.miomiorun.com\/de\/produkt\/crazy-idea-pant-mid-pressure-damen\/"]}]},{"@type":"ImageObject","inLanguage":"de-DE","@id":"https:\/\/www.miomiorun.com\/de\/produkt\/crazy-idea-pant-mid-pressure-damen\/#primaryimage","url":"https:\/\/www.miomiorun.com\/app\/uploads\/2024\/05\/crazy-Pant-mid-pressure-W-i-love-running-S24015199D-00X193.webp","contentUrl":"https:\/\/www.miomiorun.com\/app\/uploads\/2024\/05\/crazy-Pant-mid-pressure-W-i-love-running-S24015199D-00X193.webp","width":600,"height":600,"caption":"crazy Pant mid pressure W i love running S24015199D-00X193"},{"@type":"BreadcrumbList","@id":"https:\/\/www.miomiorun.com\/de\/produkt\/crazy-idea-pant-mid-pressure-damen\/#breadcrumb","itemListElement":[{"@type":"ListItem","position":1,"name":"Home","item":"https:\/\/www.miomiorun.com\/de\/"},{"@type":"ListItem","position":2,"name":"Shop","item":"https:\/\/www.miomiorun.com\/shop\/"},{"@type":"ListItem","position":3,"name":"Pant Mid Pressure damen"}]},{"@type":"WebSite","@id":"https:\/\/www.miomiorun.com\/de\/#website","url":"https:\/\/www.miomiorun.com\/de\/","name":"MioMioRun","description":"100% Lauf- und Trailshop","publisher":{"@id":"https:\/\/www.miomiorun.com\/de\/#organization"},"potentialAction":[{"@type":"SearchAction","target":{"@type":"EntryPoint","urlTemplate":"https:\/\/www.miomiorun.com\/de\/?s={search_term_string}"},"query-input":{"@type":"PropertyValueSpecification","valueRequired":true,"valueName":"search_term_string"}}],"inLanguage":"de-DE"},{"@type":"Organization","@id":"https:\/\/www.miomiorun.com\/de\/#organization","name":"MioMio Run","url":"https:\/\/www.miomiorun.com\/de\/","logo":{"@type":"ImageObject","inLanguage":"de-DE","@id":"https:\/\/www.miomiorun.com\/de\/#\/schema\/logo\/image\/","url":"https:\/\/www.miomiorun.com\/app\/uploads\/2019\/12\/logomio.png","contentUrl":"https:\/\/www.miomiorun.com\/app\/uploads\/2019\/12\/logomio.png","width":115,"height":82,"caption":"MioMio Run"},"image":{"@id":"https:\/\/www.miomiorun.com\/de\/#\/schema\/logo\/image\/"},"sameAs":["https:\/\/www.facebook.com\/miomiorun\/","https:\/\/www.instagram.com\/miomiorun\/"]}]}},"_links":{"self":[{"href":"https:\/\/www.miomiorun.com\/de\/wp-json\/wp\/v2\/product\/175665","targetHints":{"allow":["GET"]}}],"collection":[{"href":"https:\/\/www.miomiorun.com\/de\/wp-json\/wp\/v2\/product"}],"about":[{"href":"https:\/\/www.miomiorun.com\/de\/wp-json\/wp\/v2\/types\/product"}],"wp:featuredmedia":[{"embeddable":true,"href":"https:\/\/www.miomiorun.com\/de\/wp-json\/wp\/v2\/media\/169125"}],"wp:attachment":[{"href":"https:\/\/www.miomiorun.com\/de\/wp-json\/wp\/v2\/media?parent=175665"}],"wp:term":[{"taxonomy":"product_brand","embeddable":true,"href":"https:\/\/www.miomiorun.com\/de\/wp-json\/wp\/v2\/product_brand?post=175665"},{"taxonomy":"product_cat","embeddable":true,"href":"https:\/\/www.miomiorun.com\/de\/wp-json\/wp\/v2\/product_cat?post=175665"},{"taxonomy":"product_tag","embeddable":true,"href":"https:\/\/www.miomiorun.com\/de\/wp-json\/wp\/v2\/product_tag?post=175665"}],"curies":[{"name":"wp","href":"https:\/\/api.w.org\/{rel}","templated":true}]}}