{"id":175625,"date":"2021-04-21T11:07:12","date_gmt":"2021-04-21T09:07:12","guid":{"rendered":"https:\/\/miomiorun.com\/prodotto\/lurbel-samba-skirt-donna\/"},"modified":"2025-03-07T11:41:16","modified_gmt":"2025-03-07T10:41:16","slug":"lurbel-samba-skirt-damen","status":"publish","type":"product","link":"https:\/\/www.miomiorun.com\/de\/produkt\/lurbel-samba-skirt-damen\/","title":{"rendered":"Samba Skirt damen"},"content":{"rendered":"<div class=\"gral\">\n<div class=\"col-xs-10\">\n<p>Perfekt f\u00fcr regelm\u00e4\u00dfige L\u00e4uferinnen, ist der SAMBA Rock unglaublich leicht, wobei der Komfort im Vordergrund steht: elastischer Au\u00dfenrock und technisches Innennetz mit iDT Neo-Technologie, die dank ionisiertem Bambusgarn und silbernem Mesh Feuchtigkeit absorbiert, schnell trocknet und Ger\u00fcche reduziert.<br \/>\nDank der + A-Passform im Bund verbessert sie die Passform und den Halt des Kleidungsst\u00fccks.<br \/>\nDiese Culotte ist sehr praktisch, da sie 2 seitliche Netztaschen und eine zentrale Ges\u00e4\u00dftasche mit sicherem Rei\u00dfverschluss hat.<\/p>\n<p>Empfohlen: Laufen \/ Trail Running \/ Outdoor<\/p>\n<div class=\"comp\">\n<div class=\"col-md-10\">\n<p>ZUSAMMENSETZUNG : au\u00dfen: 92% Polyamid8% Lycra ; innen: 35% Bambuskohle35% Dry Touch22% Polyamid Ion8% Lycra<\/p>\n<\/div>\n<\/div>\n<div class=\"peso\">\n<div class=\"col-md-10\">Gewicht: 170 gr.<\/div>\n<\/div>\n<\/div>\n<\/div>\n<div class=\"col-md-10\">\n<p><img loading=\"lazy\" decoding=\"async\" class=\"\" src=\"https:\/\/www.lurbel.es\/images\/tecnologias2\/logos\/184x54_logoIDTneo.png\" alt=\"iDT Neo\" width=\"170\" height=\"50\" \/><\/p>\n<p>Wenn es um den Komfort des Sportlers geht, ist das Feuchtigkeitsmanagement das A und O. Deshalb kombiniert die neue Version der iDT-Technologie jetzt karbonisiertes Bambusgarn mit einem Polyester mit Querschnitt. Dank seiner f\u00fcnf Kan\u00e4le erh\u00f6ht seine Struktur die Menge an Schwei\u00df, die nach au\u00dfen abgeleitet wird, und trocknet ihn schneller, so dass Ihr K\u00f6rper eine optimale Temperatur beh\u00e4lt. Schluss mit schwerer, nasser Kleidung und dem klebrigen Gef\u00fchl, Schwei\u00df auf der Haut zu tragen!<\/p>\n<p><strong>Optimierte Eigenschaften:<\/strong><\/p>\n<ul>\n<li>Ma\u00dfgeschneiderte Thermoregulierung: transportiert mehr Feuchtigkeit nach au\u00dfen und trocknet schneller.<\/li>\n<li>Doppelte Geruchsbarriere: Ionisierter Bambusfaden und Silbergewebe verhindern gemeinsam die Vermehrung geruchsverursachender Bakterien.<\/li>\n<li>Thermische Isolierung<\/li>\n<li>Schutzfaktor UPF 50+.<\/li>\n<\/ul>\n<p><strong>Jetzt machen auch die Details einen Unterschied:<\/strong><\/p>\n<ul>\n<li>Weicherer, nat\u00fcrlicherer Griff: Dank der Zickzack-Struktur l\u00e4sst es sich dank der speziellen 5-Kanal-Form leicht falten und dehnen (diese Eigenschaft wird als weichere, flauschigere Textur wahrgenommen).<\/li>\n<li>Lebendigere Farben: Die gr\u00f6\u00dfere Oberfl\u00e4che des neuen Polyestergarns erm\u00f6glicht eine bessere Absorption von Farbstoffen, wodurch die Farbe des Kleidungsst\u00fccks verst\u00e4rkt wird.<\/li>\n<li>B\u00fcgeleffekt: Unabh\u00e4ngig von Ihren Bewegungen stellt das iDT neo-Gewebe seine Struktur problemlos wieder her, sobald Sie aufh\u00f6ren, Druck auszu\u00fcben.<\/li>\n<\/ul>\n<p>Die anspruchsvollen <strong>Feel Thermo Tech<\/strong> Kleidungsst\u00fccke sind f\u00fcr den Einsatz in Umgebungen mit schwankenden Temperaturen konzipiert, regulieren die K\u00f6rpertemperatur, haben bakterient\u00f6tende Eigenschaften, sind geruchsneutral und hoch atmungsaktiv. Sehr spezifischer Einsatz beim Sport und in unterschiedlichen Klimazonen.<\/p>\n<div class=\"main-tabs main\">\n<div class=\"mt-panes\">\n<div id=\"mt-pane4\" class=\"mt-pane col-xs-12\">\n<div class=\"main-tabs main\">\n<div class=\"mt-panes\">\n<div id=\"mt-pane4\" class=\"mt-pane col-xs-12\">\n<div class=\"main-tabs main\">\n<div class=\"mt-panes\">\n<div id=\"mt-pane4\" class=\"mt-pane col-xs-12\">\n<div class=\"main-tabs main\">\n<div class=\"mt-panes\">\n<div id=\"mt-pane4\" class=\"mt-pane col-xs-12\"><\/div>\n<\/div>\n<\/div>\n<div class=\"prod-listado container\">\n<div class=\"main-tabs main\">\n<div class=\"mt-panes\">\n<div id=\"mt-pane4\" class=\"mt-pane col-xs-12\">\n<p>&nbsp;<\/p>\n<h4>ADAPTABILIT\u00c4T<\/h4>\n<p>Passt sich der Oberfl\u00e4che des K\u00f6rpers an.<\/p>\n<p>&nbsp;<\/p>\n<h4>HOHE LEISTUNG<\/h4>\n<p>Entwickelt f\u00fcr extreme Situationen.<\/p>\n<p>&nbsp;<\/p>\n<h4>ANTI-WORKS<\/h4>\n<p>Spezielles Gewebe, das Falten beim Falten verhindert.<\/p>\n<p>&nbsp;<\/p>\n<h4>ERGONOMISCH<\/h4>\n<p>Kopf mit differenzierter ergonomischer Struktur f\u00fcr den rechten und linken Fu\u00df.<\/p>\n<p>&nbsp;<\/p>\n<h4>LEICHTES GEWICHT<\/h4>\n<p>Leichte Kleidungsst\u00fccke.<\/p>\n<p>&nbsp;<\/p>\n<h4>STITCH-FREE<\/h4>\n<p>Naht-f\u00fcr-Naht-Zehenverschluss verhindert Reibung<\/p>\n<p>&nbsp;<\/p>\n<h4>ZWEI-WEGE-GEWEBE<\/h4>\n<p>Zwei-Wege-Gewebestruktur, Bewegungsfreiheit.<\/p>\n<p>&nbsp;<\/p>\n<h4>BREATHABLE<\/h4>\n<p>Der Stoff \u00f6ffnet sich an bestimmten Stellen f\u00fcr eine bessere Bel\u00fcftung der Haut.<\/p>\n<p>&nbsp;<\/p>\n<h4>UV-SCHUTZ UPF 50+<\/h4>\n<p>Sch\u00fctzen Sie Ihre Haut vor der Sonneneinstrahlung.<\/p>\n<\/div>\n<\/div>\n<\/div>\n<div class=\"prod-listado container\"><\/div>\n<\/div>\n<\/div>\n<\/div>\n<\/div>\n<div class=\"prod-listado container\">\n<div class=\"prod-listado container\">\n<\/div>\n<\/div>\n<\/div>\n<\/div>\n<\/div>\n<\/div>\n<\/div>\n<\/div>\n<\/div>\n","protected":false},"excerpt":{"rendered":"<p>Perfekt f\u00fcr regelm\u00e4\u00dfige L\u00e4uferinnen, ist der SAMBA Rock unglaublich leicht, wobei der Komfort im Vordergrund steht: elastischer Au\u00dfenrock und technisches Innennetz mit iDT Neo-Technologie, die dank ionisiertem Bambusgarn und silbernem Mesh Feuchtigkeit absorbiert, schnell trocknet und Ger\u00fcche reduziert. Dank der + A-Passform im Bund verbessert sie die Passform und den Halt des Kleidungsst\u00fccks. Diese Culotte &hellip; <a href=\"https:\/\/www.miomiorun.com\/de\/produkt\/lurbel-samba-skirt-damen\/\">Continued<\/a><\/p>\n","protected":false},"featured_media":55309,"template":"","meta":{"_acf_changed":false,"inline_featured_image":false},"product_brand":[],"product_cat":[6400,6401,6488],"product_tag":[6300,6299],"class_list":{"0":"post-175625","1":"product","2":"type-product","3":"status-publish","4":"has-post-thumbnail","6":"product_cat-damen","7":"product_cat-damenbekleidung","8":"product_cat-damenshorts-de","9":"product_tag-lurbel-de","10":"product_tag-lurbel-damen-de","11":"pa_attivita-outdoor-de","12":"pa_attivita-running-de","13":"pa_attivita-trail-de","14":"pa_colore-samba-skirt-w-nero-grigio-de","15":"pa_marca-lurbel-de","16":"pa_sesso-damen","17":"pa_size-extra-small-de","18":"pa_size-small-de","20":"first","21":"instock","22":"sale","23":"taxable","24":"shipping-taxable","25":"purchasable","26":"product-type-variable","27":"wvs-archive-product-wrapper"},"acf":[],"yoast_head":"<!-- This site is optimized with the Yoast SEO plugin v26.8 - https:\/\/yoast.com\/product\/yoast-seo-wordpress\/ -->\n<title>Lurbel Samba Skirt damen - Sch\u00fcrzenlauf - MioMioRun<\/title>\n<meta name=\"description\" content=\"Perfekt f\u00fcr regelm\u00e4\u00dfige L\u00e4ufer, der SAMBA Rock ist unglaublich leicht, mit einer Priorit\u00e4t auf Komfort, absorbiert Feuchtigkeit und trocknet schnell\" \/>\n<meta name=\"robots\" content=\"index, follow, max-snippet:-1, max-image-preview:large, max-video-preview:-1\" \/>\n<link rel=\"canonical\" href=\"https:\/\/www.miomiorun.com\/de\/produkt\/lurbel-samba-skirt-damen\/\" \/>\n<meta property=\"og:locale\" content=\"de_DE\" \/>\n<meta property=\"og:type\" content=\"article\" \/>\n<meta property=\"og:title\" content=\"Lurbel Samba Skirt damen - Sch\u00fcrzenlauf - MioMioRun\" \/>\n<meta property=\"og:description\" content=\"Perfekt f\u00fcr regelm\u00e4\u00dfige L\u00e4ufer, der SAMBA Rock ist unglaublich leicht, mit einer Priorit\u00e4t auf Komfort, absorbiert Feuchtigkeit und trocknet schnell\" \/>\n<meta property=\"og:url\" content=\"https:\/\/www.miomiorun.com\/de\/produkt\/lurbel-samba-skirt-damen\/\" \/>\n<meta property=\"og:site_name\" content=\"MioMioRun\" \/>\n<meta property=\"article:publisher\" content=\"https:\/\/www.facebook.com\/miomiorun\/\" \/>\n<meta property=\"article:modified_time\" content=\"2025-03-07T10:41:16+00:00\" \/>\n<meta property=\"og:image\" content=\"https:\/\/www.miomiorun.com\/app\/uploads\/2021\/04\/lurbel-Samba-Skirt-W-00A2.814W.0003.jpg\" \/>\n\t<meta property=\"og:image:width\" content=\"600\" \/>\n\t<meta property=\"og:image:height\" content=\"600\" \/>\n\t<meta property=\"og:image:type\" content=\"image\/jpeg\" \/>\n<meta name=\"twitter:card\" content=\"summary_large_image\" \/>\n<meta name=\"twitter:label1\" content=\"Est. reading time\" \/>\n\t<meta name=\"twitter:data1\" content=\"2 minutes\" \/>\n<script type=\"application\/ld+json\" class=\"yoast-schema-graph\">{\"@context\":\"https:\/\/schema.org\",\"@graph\":[{\"@type\":\"WebPage\",\"@id\":\"https:\/\/www.miomiorun.com\/de\/produkt\/lurbel-samba-skirt-damen\/\",\"url\":\"https:\/\/www.miomiorun.com\/de\/produkt\/lurbel-samba-skirt-damen\/\",\"name\":\"Lurbel Samba Skirt damen - Sch\u00fcrzenlauf - MioMioRun\",\"isPartOf\":{\"@id\":\"https:\/\/www.miomiorun.com\/de\/#website\"},\"primaryImageOfPage\":{\"@id\":\"https:\/\/www.miomiorun.com\/de\/produkt\/lurbel-samba-skirt-damen\/#primaryimage\"},\"image\":{\"@id\":\"https:\/\/www.miomiorun.com\/de\/produkt\/lurbel-samba-skirt-damen\/#primaryimage\"},\"thumbnailUrl\":\"https:\/\/www.miomiorun.com\/app\/uploads\/2021\/04\/lurbel-Samba-Skirt-W-00A2.814W.0003.jpg\",\"datePublished\":\"2021-04-21T09:07:12+00:00\",\"dateModified\":\"2025-03-07T10:41:16+00:00\",\"description\":\"Perfekt f\u00fcr regelm\u00e4\u00dfige L\u00e4ufer, der SAMBA Rock ist unglaublich leicht, mit einer Priorit\u00e4t auf Komfort, absorbiert Feuchtigkeit und trocknet schnell\",\"breadcrumb\":{\"@id\":\"https:\/\/www.miomiorun.com\/de\/produkt\/lurbel-samba-skirt-damen\/#breadcrumb\"},\"inLanguage\":\"de-DE\",\"potentialAction\":[{\"@type\":\"ReadAction\",\"target\":[\"https:\/\/www.miomiorun.com\/de\/produkt\/lurbel-samba-skirt-damen\/\"]}]},{\"@type\":\"ImageObject\",\"inLanguage\":\"de-DE\",\"@id\":\"https:\/\/www.miomiorun.com\/de\/produkt\/lurbel-samba-skirt-damen\/#primaryimage\",\"url\":\"https:\/\/www.miomiorun.com\/app\/uploads\/2021\/04\/lurbel-Samba-Skirt-W-00A2.814W.0003.jpg\",\"contentUrl\":\"https:\/\/www.miomiorun.com\/app\/uploads\/2021\/04\/lurbel-Samba-Skirt-W-00A2.814W.0003.jpg\",\"width\":600,\"height\":600,\"caption\":\"lurbel samba skirt fronte\"},{\"@type\":\"BreadcrumbList\",\"@id\":\"https:\/\/www.miomiorun.com\/de\/produkt\/lurbel-samba-skirt-damen\/#breadcrumb\",\"itemListElement\":[{\"@type\":\"ListItem\",\"position\":1,\"name\":\"Home\",\"item\":\"https:\/\/www.miomiorun.com\/de\/\"},{\"@type\":\"ListItem\",\"position\":2,\"name\":\"Shop\",\"item\":\"https:\/\/www.miomiorun.com\/shop\/\"},{\"@type\":\"ListItem\",\"position\":3,\"name\":\"Samba Skirt damen\"}]},{\"@type\":\"WebSite\",\"@id\":\"https:\/\/www.miomiorun.com\/de\/#website\",\"url\":\"https:\/\/www.miomiorun.com\/de\/\",\"name\":\"MioMioRun\",\"description\":\"100% Lauf- und Trailshop\",\"publisher\":{\"@id\":\"https:\/\/www.miomiorun.com\/de\/#organization\"},\"potentialAction\":[{\"@type\":\"SearchAction\",\"target\":{\"@type\":\"EntryPoint\",\"urlTemplate\":\"https:\/\/www.miomiorun.com\/de\/?s={search_term_string}\"},\"query-input\":{\"@type\":\"PropertyValueSpecification\",\"valueRequired\":true,\"valueName\":\"search_term_string\"}}],\"inLanguage\":\"de-DE\"},{\"@type\":\"Organization\",\"@id\":\"https:\/\/www.miomiorun.com\/de\/#organization\",\"name\":\"MioMio Run\",\"url\":\"https:\/\/www.miomiorun.com\/de\/\",\"logo\":{\"@type\":\"ImageObject\",\"inLanguage\":\"de-DE\",\"@id\":\"https:\/\/www.miomiorun.com\/de\/#\/schema\/logo\/image\/\",\"url\":\"https:\/\/www.miomiorun.com\/app\/uploads\/2019\/12\/logomio.png\",\"contentUrl\":\"https:\/\/www.miomiorun.com\/app\/uploads\/2019\/12\/logomio.png\",\"width\":115,\"height\":82,\"caption\":\"MioMio Run\"},\"image\":{\"@id\":\"https:\/\/www.miomiorun.com\/de\/#\/schema\/logo\/image\/\"},\"sameAs\":[\"https:\/\/www.facebook.com\/miomiorun\/\",\"https:\/\/www.instagram.com\/miomiorun\/\"]}]}<\/script>\n<!-- \/ Yoast SEO plugin. -->","yoast_head_json":{"title":"Lurbel Samba Skirt damen - Sch\u00fcrzenlauf - MioMioRun","description":"Perfekt f\u00fcr regelm\u00e4\u00dfige L\u00e4ufer, der SAMBA Rock ist unglaublich leicht, mit einer Priorit\u00e4t auf Komfort, absorbiert Feuchtigkeit und trocknet schnell","robots":{"index":"index","follow":"follow","max-snippet":"max-snippet:-1","max-image-preview":"max-image-preview:large","max-video-preview":"max-video-preview:-1"},"canonical":"https:\/\/www.miomiorun.com\/de\/produkt\/lurbel-samba-skirt-damen\/","og_locale":"de_DE","og_type":"article","og_title":"Lurbel Samba Skirt damen - Sch\u00fcrzenlauf - MioMioRun","og_description":"Perfekt f\u00fcr regelm\u00e4\u00dfige L\u00e4ufer, der SAMBA Rock ist unglaublich leicht, mit einer Priorit\u00e4t auf Komfort, absorbiert Feuchtigkeit und trocknet schnell","og_url":"https:\/\/www.miomiorun.com\/de\/produkt\/lurbel-samba-skirt-damen\/","og_site_name":"MioMioRun","article_publisher":"https:\/\/www.facebook.com\/miomiorun\/","article_modified_time":"2025-03-07T10:41:16+00:00","og_image":[{"width":600,"height":600,"url":"https:\/\/www.miomiorun.com\/app\/uploads\/2021\/04\/lurbel-Samba-Skirt-W-00A2.814W.0003.jpg","type":"image\/jpeg"}],"twitter_card":"summary_large_image","twitter_misc":{"Est. reading time":"2 minutes"},"schema":{"@context":"https:\/\/schema.org","@graph":[{"@type":"WebPage","@id":"https:\/\/www.miomiorun.com\/de\/produkt\/lurbel-samba-skirt-damen\/","url":"https:\/\/www.miomiorun.com\/de\/produkt\/lurbel-samba-skirt-damen\/","name":"Lurbel Samba Skirt damen - Sch\u00fcrzenlauf - MioMioRun","isPartOf":{"@id":"https:\/\/www.miomiorun.com\/de\/#website"},"primaryImageOfPage":{"@id":"https:\/\/www.miomiorun.com\/de\/produkt\/lurbel-samba-skirt-damen\/#primaryimage"},"image":{"@id":"https:\/\/www.miomiorun.com\/de\/produkt\/lurbel-samba-skirt-damen\/#primaryimage"},"thumbnailUrl":"https:\/\/www.miomiorun.com\/app\/uploads\/2021\/04\/lurbel-Samba-Skirt-W-00A2.814W.0003.jpg","datePublished":"2021-04-21T09:07:12+00:00","dateModified":"2025-03-07T10:41:16+00:00","description":"Perfekt f\u00fcr regelm\u00e4\u00dfige L\u00e4ufer, der SAMBA Rock ist unglaublich leicht, mit einer Priorit\u00e4t auf Komfort, absorbiert Feuchtigkeit und trocknet schnell","breadcrumb":{"@id":"https:\/\/www.miomiorun.com\/de\/produkt\/lurbel-samba-skirt-damen\/#breadcrumb"},"inLanguage":"de-DE","potentialAction":[{"@type":"ReadAction","target":["https:\/\/www.miomiorun.com\/de\/produkt\/lurbel-samba-skirt-damen\/"]}]},{"@type":"ImageObject","inLanguage":"de-DE","@id":"https:\/\/www.miomiorun.com\/de\/produkt\/lurbel-samba-skirt-damen\/#primaryimage","url":"https:\/\/www.miomiorun.com\/app\/uploads\/2021\/04\/lurbel-Samba-Skirt-W-00A2.814W.0003.jpg","contentUrl":"https:\/\/www.miomiorun.com\/app\/uploads\/2021\/04\/lurbel-Samba-Skirt-W-00A2.814W.0003.jpg","width":600,"height":600,"caption":"lurbel samba skirt fronte"},{"@type":"BreadcrumbList","@id":"https:\/\/www.miomiorun.com\/de\/produkt\/lurbel-samba-skirt-damen\/#breadcrumb","itemListElement":[{"@type":"ListItem","position":1,"name":"Home","item":"https:\/\/www.miomiorun.com\/de\/"},{"@type":"ListItem","position":2,"name":"Shop","item":"https:\/\/www.miomiorun.com\/shop\/"},{"@type":"ListItem","position":3,"name":"Samba Skirt damen"}]},{"@type":"WebSite","@id":"https:\/\/www.miomiorun.com\/de\/#website","url":"https:\/\/www.miomiorun.com\/de\/","name":"MioMioRun","description":"100% Lauf- und Trailshop","publisher":{"@id":"https:\/\/www.miomiorun.com\/de\/#organization"},"potentialAction":[{"@type":"SearchAction","target":{"@type":"EntryPoint","urlTemplate":"https:\/\/www.miomiorun.com\/de\/?s={search_term_string}"},"query-input":{"@type":"PropertyValueSpecification","valueRequired":true,"valueName":"search_term_string"}}],"inLanguage":"de-DE"},{"@type":"Organization","@id":"https:\/\/www.miomiorun.com\/de\/#organization","name":"MioMio Run","url":"https:\/\/www.miomiorun.com\/de\/","logo":{"@type":"ImageObject","inLanguage":"de-DE","@id":"https:\/\/www.miomiorun.com\/de\/#\/schema\/logo\/image\/","url":"https:\/\/www.miomiorun.com\/app\/uploads\/2019\/12\/logomio.png","contentUrl":"https:\/\/www.miomiorun.com\/app\/uploads\/2019\/12\/logomio.png","width":115,"height":82,"caption":"MioMio Run"},"image":{"@id":"https:\/\/www.miomiorun.com\/de\/#\/schema\/logo\/image\/"},"sameAs":["https:\/\/www.facebook.com\/miomiorun\/","https:\/\/www.instagram.com\/miomiorun\/"]}]}},"_links":{"self":[{"href":"https:\/\/www.miomiorun.com\/de\/wp-json\/wp\/v2\/product\/175625","targetHints":{"allow":["GET"]}}],"collection":[{"href":"https:\/\/www.miomiorun.com\/de\/wp-json\/wp\/v2\/product"}],"about":[{"href":"https:\/\/www.miomiorun.com\/de\/wp-json\/wp\/v2\/types\/product"}],"wp:featuredmedia":[{"embeddable":true,"href":"https:\/\/www.miomiorun.com\/de\/wp-json\/wp\/v2\/media\/55309"}],"wp:attachment":[{"href":"https:\/\/www.miomiorun.com\/de\/wp-json\/wp\/v2\/media?parent=175625"}],"wp:term":[{"taxonomy":"product_brand","embeddable":true,"href":"https:\/\/www.miomiorun.com\/de\/wp-json\/wp\/v2\/product_brand?post=175625"},{"taxonomy":"product_cat","embeddable":true,"href":"https:\/\/www.miomiorun.com\/de\/wp-json\/wp\/v2\/product_cat?post=175625"},{"taxonomy":"product_tag","embeddable":true,"href":"https:\/\/www.miomiorun.com\/de\/wp-json\/wp\/v2\/product_tag?post=175625"}],"curies":[{"name":"wp","href":"https:\/\/api.w.org\/{rel}","templated":true}]}}