{"id":175607,"date":"2021-05-07T16:14:48","date_gmt":"2021-05-07T14:14:48","guid":{"rendered":"https:\/\/miomiorun.com\/prodotto\/brooks-chaser-5-short-donna\/"},"modified":"2025-05-05T10:54:26","modified_gmt":"2025-05-05T08:54:26","slug":"brooks-chaser-5-short-damen","status":"publish","type":"product","link":"https:\/\/www.miomiorun.com\/de\/produkt\/brooks-chaser-5-short-damen\/","title":{"rendered":"Chaser 5&#8243; Short damen"},"content":{"rendered":"<p>Weder zu kurz noch zu lang: Die 12 cm langen Chaser Shorts sind die perfekte L\u00f6sung f\u00fcr das t\u00e4gliche Laufen.<\/p>\n<p><b>FEATURES<\/b><br \/>\nPassform: locker<\/p>\n<p>Material: Hauptmaterial: DriLayer\u00ae 89% recyceltes Polyester; 11% Elasthan, Futter: DriLayer 92% Polyester, 8% Elasthan<\/p>\n<h2>Verstellbare Passform<\/h2>\n<p>Mit einem neuen, breiteren und weicheren Bund mit Infinity-Kordelzug f\u00fcr einen bequemen und sicheren Sitz.<\/p>\n<h2>Weiche und dehnbare Innenslips<\/h2>\n<p>Der brandneue Jersey-Innenslip verrutscht nicht und rollt sich nicht ein. Das atmungsaktive Material und die weichen N\u00e4hte sorgen f\u00fcr maximalen Komfort.<\/p>\n<h2>Stauraum f\u00fcr Ihre wichtigsten Dinge<\/h2>\n<p>In den beiden Vordertaschen im Futter, der hinteren Rei\u00dfverschlusstasche f\u00fcr Ihr Handy und dem elastischen Haken f\u00fcr Ihre Schl\u00fcssel k\u00f6nnen Sie alles Notwendige sicher verstauen.<\/p>\n<h3>Zus\u00e4tzliche Vorteile<\/h3>\n<h4>Umweltfreundlich<\/h4>\n<p>Kleidungsst\u00fcck aus recyceltem Stoff, der dem Inhalt von 5 Plastikwasserflaschen entspricht.<\/p>\n<h4>Erh\u00f6hte Atmungsaktivit\u00e4t<\/h4>\n<p>\u00d6ffnungen auf der R\u00fcckseite f\u00fcr den Luftdurchlass<\/p>\n<h4>Entwickelt, um sich mit Ihnen zu bewegen<\/h4>\n<p>Leichtes und flexibles Au\u00dfenmaterial<\/p>\n<h4>Verstellbare Passform<\/h4>\n<p>Unendlicher Kordelzug<\/p>\n","protected":false},"excerpt":{"rendered":"<p>Weder zu kurz noch zu lang: Die 12 cm langen Chaser Shorts sind die perfekte L\u00f6sung f\u00fcr das t\u00e4gliche Laufen. FEATURES Passform: locker Material: Hauptmaterial: DriLayer\u00ae 89% recyceltes Polyester; 11% Elasthan, Futter: DriLayer 92% Polyester, 8% Elasthan Verstellbare Passform Mit einem neuen, breiteren und weicheren Bund mit Infinity-Kordelzug f\u00fcr einen bequemen und sicheren Sitz. Weiche &hellip; <a href=\"https:\/\/www.miomiorun.com\/de\/produkt\/brooks-chaser-5-short-damen\/\">Continued<\/a><\/p>\n","protected":false},"featured_media":55555,"template":"","meta":{"_acf_changed":false,"inline_featured_image":false},"product_brand":[],"product_cat":[6400,6401,6488],"product_tag":[3362,6205],"class_list":{"0":"post-175607","1":"product","2":"type-product","3":"status-publish","4":"has-post-thumbnail","6":"product_cat-damen","7":"product_cat-damenbekleidung","8":"product_cat-damenshorts-de","9":"product_tag-brooks-de","10":"product_tag-brooks-damen-de","11":"pa_attivita-running-de","12":"pa_colore-chaser-5-short-w-razzmatazz-de","13":"pa_marca-brooks-de","14":"pa_sesso-damen","15":"pa_size-extra-small-de","16":"pa_size-small-de","18":"first","19":"instock","20":"sale","21":"taxable","22":"shipping-taxable","23":"purchasable","24":"product-type-variable","25":"wvs-archive-product-wrapper"},"acf":[],"yoast_head":"<!-- This site is optimized with the Yoast SEO plugin v26.8 - https:\/\/yoast.com\/product\/yoast-seo-wordpress\/ -->\n<title>Brooks Chaser 5&quot; Short damen - Shorts f\u00fcr Damen - MioMioRun<\/title>\n<meta name=\"description\" content=\"Weder zu kurz noch zu lang: Die 12 cm langen Chaser Shorts sind die perfekte L\u00f6sung f\u00fcr das t\u00e4gliche Laufen. Mehr Informationen auf unserer Website\" \/>\n<meta name=\"robots\" content=\"index, follow, max-snippet:-1, max-image-preview:large, max-video-preview:-1\" \/>\n<link rel=\"canonical\" href=\"https:\/\/www.miomiorun.com\/de\/produkt\/brooks-chaser-5-short-damen\/\" \/>\n<meta property=\"og:locale\" content=\"de_DE\" \/>\n<meta property=\"og:type\" content=\"article\" \/>\n<meta property=\"og:title\" content=\"Brooks Chaser 5&quot; Short damen - Shorts f\u00fcr Damen - MioMioRun\" \/>\n<meta property=\"og:description\" content=\"Weder zu kurz noch zu lang: Die 12 cm langen Chaser Shorts sind die perfekte L\u00f6sung f\u00fcr das t\u00e4gliche Laufen. Mehr Informationen auf unserer Website\" \/>\n<meta property=\"og:url\" content=\"https:\/\/www.miomiorun.com\/de\/produkt\/brooks-chaser-5-short-damen\/\" \/>\n<meta property=\"og:site_name\" content=\"MioMioRun\" \/>\n<meta property=\"article:publisher\" content=\"https:\/\/www.facebook.com\/miomiorun\/\" \/>\n<meta property=\"article:modified_time\" content=\"2025-05-05T08:54:26+00:00\" \/>\n<meta property=\"og:image\" content=\"https:\/\/www.miomiorun.com\/app\/uploads\/2021\/05\/brooks-Chaser-5-short-W-221465-001.jpg\" \/>\n\t<meta property=\"og:image:width\" content=\"600\" \/>\n\t<meta property=\"og:image:height\" content=\"600\" \/>\n\t<meta property=\"og:image:type\" content=\"image\/jpeg\" \/>\n<meta name=\"twitter:card\" content=\"summary_large_image\" \/>\n<meta name=\"twitter:label1\" content=\"Est. reading time\" \/>\n\t<meta name=\"twitter:data1\" content=\"1 minute\" \/>\n<script type=\"application\/ld+json\" class=\"yoast-schema-graph\">{\"@context\":\"https:\/\/schema.org\",\"@graph\":[{\"@type\":\"WebPage\",\"@id\":\"https:\/\/www.miomiorun.com\/de\/produkt\/brooks-chaser-5-short-damen\/\",\"url\":\"https:\/\/www.miomiorun.com\/de\/produkt\/brooks-chaser-5-short-damen\/\",\"name\":\"Brooks Chaser 5\\\" Short damen - Shorts f\u00fcr Damen - MioMioRun\",\"isPartOf\":{\"@id\":\"https:\/\/www.miomiorun.com\/de\/#website\"},\"primaryImageOfPage\":{\"@id\":\"https:\/\/www.miomiorun.com\/de\/produkt\/brooks-chaser-5-short-damen\/#primaryimage\"},\"image\":{\"@id\":\"https:\/\/www.miomiorun.com\/de\/produkt\/brooks-chaser-5-short-damen\/#primaryimage\"},\"thumbnailUrl\":\"https:\/\/www.miomiorun.com\/app\/uploads\/2021\/05\/brooks-Chaser-5-short-W-221465-001.jpg\",\"datePublished\":\"2021-05-07T14:14:48+00:00\",\"dateModified\":\"2025-05-05T08:54:26+00:00\",\"description\":\"Weder zu kurz noch zu lang: Die 12 cm langen Chaser Shorts sind die perfekte L\u00f6sung f\u00fcr das t\u00e4gliche Laufen. Mehr Informationen auf unserer Website\",\"breadcrumb\":{\"@id\":\"https:\/\/www.miomiorun.com\/de\/produkt\/brooks-chaser-5-short-damen\/#breadcrumb\"},\"inLanguage\":\"de-DE\",\"potentialAction\":[{\"@type\":\"ReadAction\",\"target\":[\"https:\/\/www.miomiorun.com\/de\/produkt\/brooks-chaser-5-short-damen\/\"]}]},{\"@type\":\"ImageObject\",\"inLanguage\":\"de-DE\",\"@id\":\"https:\/\/www.miomiorun.com\/de\/produkt\/brooks-chaser-5-short-damen\/#primaryimage\",\"url\":\"https:\/\/www.miomiorun.com\/app\/uploads\/2021\/05\/brooks-Chaser-5-short-W-221465-001.jpg\",\"contentUrl\":\"https:\/\/www.miomiorun.com\/app\/uploads\/2021\/05\/brooks-Chaser-5-short-W-221465-001.jpg\",\"width\":600,\"height\":600,\"caption\":\"brooks chaser 5 short\"},{\"@type\":\"BreadcrumbList\",\"@id\":\"https:\/\/www.miomiorun.com\/de\/produkt\/brooks-chaser-5-short-damen\/#breadcrumb\",\"itemListElement\":[{\"@type\":\"ListItem\",\"position\":1,\"name\":\"Home\",\"item\":\"https:\/\/www.miomiorun.com\/de\/\"},{\"@type\":\"ListItem\",\"position\":2,\"name\":\"Shop\",\"item\":\"https:\/\/www.miomiorun.com\/shop\/\"},{\"@type\":\"ListItem\",\"position\":3,\"name\":\"Chaser 5&#8243; Short damen\"}]},{\"@type\":\"WebSite\",\"@id\":\"https:\/\/www.miomiorun.com\/de\/#website\",\"url\":\"https:\/\/www.miomiorun.com\/de\/\",\"name\":\"MioMioRun\",\"description\":\"100% Lauf- und Trailshop\",\"publisher\":{\"@id\":\"https:\/\/www.miomiorun.com\/de\/#organization\"},\"potentialAction\":[{\"@type\":\"SearchAction\",\"target\":{\"@type\":\"EntryPoint\",\"urlTemplate\":\"https:\/\/www.miomiorun.com\/de\/?s={search_term_string}\"},\"query-input\":{\"@type\":\"PropertyValueSpecification\",\"valueRequired\":true,\"valueName\":\"search_term_string\"}}],\"inLanguage\":\"de-DE\"},{\"@type\":\"Organization\",\"@id\":\"https:\/\/www.miomiorun.com\/de\/#organization\",\"name\":\"MioMio Run\",\"url\":\"https:\/\/www.miomiorun.com\/de\/\",\"logo\":{\"@type\":\"ImageObject\",\"inLanguage\":\"de-DE\",\"@id\":\"https:\/\/www.miomiorun.com\/de\/#\/schema\/logo\/image\/\",\"url\":\"https:\/\/www.miomiorun.com\/app\/uploads\/2019\/12\/logomio.png\",\"contentUrl\":\"https:\/\/www.miomiorun.com\/app\/uploads\/2019\/12\/logomio.png\",\"width\":115,\"height\":82,\"caption\":\"MioMio Run\"},\"image\":{\"@id\":\"https:\/\/www.miomiorun.com\/de\/#\/schema\/logo\/image\/\"},\"sameAs\":[\"https:\/\/www.facebook.com\/miomiorun\/\",\"https:\/\/www.instagram.com\/miomiorun\/\"]}]}<\/script>\n<!-- \/ Yoast SEO plugin. -->","yoast_head_json":{"title":"Brooks Chaser 5\" Short damen - Shorts f\u00fcr Damen - MioMioRun","description":"Weder zu kurz noch zu lang: Die 12 cm langen Chaser Shorts sind die perfekte L\u00f6sung f\u00fcr das t\u00e4gliche Laufen. Mehr Informationen auf unserer Website","robots":{"index":"index","follow":"follow","max-snippet":"max-snippet:-1","max-image-preview":"max-image-preview:large","max-video-preview":"max-video-preview:-1"},"canonical":"https:\/\/www.miomiorun.com\/de\/produkt\/brooks-chaser-5-short-damen\/","og_locale":"de_DE","og_type":"article","og_title":"Brooks Chaser 5\" Short damen - Shorts f\u00fcr Damen - MioMioRun","og_description":"Weder zu kurz noch zu lang: Die 12 cm langen Chaser Shorts sind die perfekte L\u00f6sung f\u00fcr das t\u00e4gliche Laufen. Mehr Informationen auf unserer Website","og_url":"https:\/\/www.miomiorun.com\/de\/produkt\/brooks-chaser-5-short-damen\/","og_site_name":"MioMioRun","article_publisher":"https:\/\/www.facebook.com\/miomiorun\/","article_modified_time":"2025-05-05T08:54:26+00:00","og_image":[{"width":600,"height":600,"url":"https:\/\/www.miomiorun.com\/app\/uploads\/2021\/05\/brooks-Chaser-5-short-W-221465-001.jpg","type":"image\/jpeg"}],"twitter_card":"summary_large_image","twitter_misc":{"Est. reading time":"1 minute"},"schema":{"@context":"https:\/\/schema.org","@graph":[{"@type":"WebPage","@id":"https:\/\/www.miomiorun.com\/de\/produkt\/brooks-chaser-5-short-damen\/","url":"https:\/\/www.miomiorun.com\/de\/produkt\/brooks-chaser-5-short-damen\/","name":"Brooks Chaser 5\" Short damen - Shorts f\u00fcr Damen - MioMioRun","isPartOf":{"@id":"https:\/\/www.miomiorun.com\/de\/#website"},"primaryImageOfPage":{"@id":"https:\/\/www.miomiorun.com\/de\/produkt\/brooks-chaser-5-short-damen\/#primaryimage"},"image":{"@id":"https:\/\/www.miomiorun.com\/de\/produkt\/brooks-chaser-5-short-damen\/#primaryimage"},"thumbnailUrl":"https:\/\/www.miomiorun.com\/app\/uploads\/2021\/05\/brooks-Chaser-5-short-W-221465-001.jpg","datePublished":"2021-05-07T14:14:48+00:00","dateModified":"2025-05-05T08:54:26+00:00","description":"Weder zu kurz noch zu lang: Die 12 cm langen Chaser Shorts sind die perfekte L\u00f6sung f\u00fcr das t\u00e4gliche Laufen. Mehr Informationen auf unserer Website","breadcrumb":{"@id":"https:\/\/www.miomiorun.com\/de\/produkt\/brooks-chaser-5-short-damen\/#breadcrumb"},"inLanguage":"de-DE","potentialAction":[{"@type":"ReadAction","target":["https:\/\/www.miomiorun.com\/de\/produkt\/brooks-chaser-5-short-damen\/"]}]},{"@type":"ImageObject","inLanguage":"de-DE","@id":"https:\/\/www.miomiorun.com\/de\/produkt\/brooks-chaser-5-short-damen\/#primaryimage","url":"https:\/\/www.miomiorun.com\/app\/uploads\/2021\/05\/brooks-Chaser-5-short-W-221465-001.jpg","contentUrl":"https:\/\/www.miomiorun.com\/app\/uploads\/2021\/05\/brooks-Chaser-5-short-W-221465-001.jpg","width":600,"height":600,"caption":"brooks chaser 5 short"},{"@type":"BreadcrumbList","@id":"https:\/\/www.miomiorun.com\/de\/produkt\/brooks-chaser-5-short-damen\/#breadcrumb","itemListElement":[{"@type":"ListItem","position":1,"name":"Home","item":"https:\/\/www.miomiorun.com\/de\/"},{"@type":"ListItem","position":2,"name":"Shop","item":"https:\/\/www.miomiorun.com\/shop\/"},{"@type":"ListItem","position":3,"name":"Chaser 5&#8243; Short damen"}]},{"@type":"WebSite","@id":"https:\/\/www.miomiorun.com\/de\/#website","url":"https:\/\/www.miomiorun.com\/de\/","name":"MioMioRun","description":"100% Lauf- und Trailshop","publisher":{"@id":"https:\/\/www.miomiorun.com\/de\/#organization"},"potentialAction":[{"@type":"SearchAction","target":{"@type":"EntryPoint","urlTemplate":"https:\/\/www.miomiorun.com\/de\/?s={search_term_string}"},"query-input":{"@type":"PropertyValueSpecification","valueRequired":true,"valueName":"search_term_string"}}],"inLanguage":"de-DE"},{"@type":"Organization","@id":"https:\/\/www.miomiorun.com\/de\/#organization","name":"MioMio Run","url":"https:\/\/www.miomiorun.com\/de\/","logo":{"@type":"ImageObject","inLanguage":"de-DE","@id":"https:\/\/www.miomiorun.com\/de\/#\/schema\/logo\/image\/","url":"https:\/\/www.miomiorun.com\/app\/uploads\/2019\/12\/logomio.png","contentUrl":"https:\/\/www.miomiorun.com\/app\/uploads\/2019\/12\/logomio.png","width":115,"height":82,"caption":"MioMio Run"},"image":{"@id":"https:\/\/www.miomiorun.com\/de\/#\/schema\/logo\/image\/"},"sameAs":["https:\/\/www.facebook.com\/miomiorun\/","https:\/\/www.instagram.com\/miomiorun\/"]}]}},"_links":{"self":[{"href":"https:\/\/www.miomiorun.com\/de\/wp-json\/wp\/v2\/product\/175607","targetHints":{"allow":["GET"]}}],"collection":[{"href":"https:\/\/www.miomiorun.com\/de\/wp-json\/wp\/v2\/product"}],"about":[{"href":"https:\/\/www.miomiorun.com\/de\/wp-json\/wp\/v2\/types\/product"}],"wp:featuredmedia":[{"embeddable":true,"href":"https:\/\/www.miomiorun.com\/de\/wp-json\/wp\/v2\/media\/55555"}],"wp:attachment":[{"href":"https:\/\/www.miomiorun.com\/de\/wp-json\/wp\/v2\/media?parent=175607"}],"wp:term":[{"taxonomy":"product_brand","embeddable":true,"href":"https:\/\/www.miomiorun.com\/de\/wp-json\/wp\/v2\/product_brand?post=175607"},{"taxonomy":"product_cat","embeddable":true,"href":"https:\/\/www.miomiorun.com\/de\/wp-json\/wp\/v2\/product_cat?post=175607"},{"taxonomy":"product_tag","embeddable":true,"href":"https:\/\/www.miomiorun.com\/de\/wp-json\/wp\/v2\/product_tag?post=175607"}],"curies":[{"name":"wp","href":"https:\/\/api.w.org\/{rel}","templated":true}]}}