{"id":175577,"date":"2021-05-08T16:19:50","date_gmt":"2021-05-08T14:19:50","guid":{"rendered":"https:\/\/miomiorun.com\/prodotto\/compressport-trail-under-control-pirate-3-4-donna\/"},"modified":"2025-03-07T11:50:07","modified_gmt":"2025-03-07T10:50:07","slug":"compressport-trail-under-control-pirate-3-4-damen","status":"publish","type":"product","link":"https:\/\/www.miomiorun.com\/de\/produkt\/compressport-trail-under-control-pirate-3-4-damen\/","title":{"rendered":"Trail Under Control Pirate 3\/4 damen"},"content":{"rendered":"<p>Schwarze 3\/4-lange Damen-Kompressionsleggings mit integrierter Wrap-Around-Tasche und Handgriff f\u00fcr Trailrunning bei kalten Bedingungen<\/p>\n<p>Die Schweiz ist nicht gerade f\u00fcr ihre W\u00e4rme bekannt, dennoch ist sie das Trainingsgebiet von Trail-Profi Kathrin G\u00f6tz. Kein Wunder also, dass die thermoregulierten Trail-Kompressionspiraten das prominenteste Kleidungsst\u00fcck in ihrem Kleiderschrank sind. Strategisch platzierte Kompressionseins\u00e4tze bieten maximale Unterst\u00fctzung f\u00fcr Oberschenkel und Ges\u00e4\u00df. Die Vibration wird um bis zu 30 % reduziert, w\u00e4hrend die verbesserte Durchblutung die Muskeln schneller mit Sauerstoff versorgt und so die Erm\u00fcdung verz\u00f6gert. Direkt in die Kompression eingearbeitete Bel\u00fcftungsb\u00e4nder sorgen f\u00fcr eine Rundum-Bel\u00fcftung und leiten Feuchtigkeit schnell ab, wodurch Reibung und Irritationen reduziert werden. Ein zus\u00e4tzliches Netzgewebe hinter dem Knie sorgt f\u00fcr mehr Bewegungsfreiheit. Das aktualisierte Modell 2020 hat einen speziellen Damenschnitt, der eine ergonomische Passform, optimalen Komfort und einen Hauch von femininem Stil bietet. Streckenspezifische Details sind von zentraler Bedeutung: Ein ergonomischer Taillenschnitt sorgt f\u00fcr zus\u00e4tzliche Unterst\u00fctzung des Oberk\u00f6rpers auf unebenem Gel\u00e4nde. Eine hintere Netztasche bietet Platz f\u00fcr Verpflegung und kleine pers\u00f6nliche Gegenst\u00e4nde, w\u00e4hrend Silikongriffe an der Au\u00dfenseite der Oberschenkel ein Abrutschen der H\u00e4nde verhindern, wenn man das Tempo bergauf forciert. Kombiniert mit hohen Laufsocken oder Leggings erf\u00fcllen diese 3\/4-Kompressions-Trailrunning-Leggings die strenge UTMB-Richtlinie f\u00fcr volle Beinabdeckung.<\/p>\n<div id=\"materials\" class=\"data item content\" role=\"tabpanel\" aria-hidden=\"false\" aria-labelledby=\"tab-label-materials\" data-role=\"content\">\n<div class=\"product-materials-content\">\n<div class=\"texture-content primary-texture\">\n<section class=\"product-additional-info pt-4 pb-4\">\n<div class=\"d-flex mt-5 pt-4 pb-md-4 pb-3 text-center box-additional-info align-items-center flex-wrap\">\n<div class=\"col-lg-3 col-md-6 col-12 data-sheet\">\n<h2>Produkt-Nettogewicht<\/h2>\n<p>112.00 g<\/p>\n<h2>Zusammensetzungen<\/h2>\n<p>56% Multifilament-Polyamid; 28%PA; 16%EA<\/p>\n<h2>Wasch- und Pflegeanleitung<\/h2>\n<p><img decoding=\"async\" class=\"img-fluid\" src=\"https:\/\/www.compressport.com\/img\/cms\/icons\/picto_wash.png\" \/><\/p>\n<div class=\"col-lg-3 col-md-6 col-12 data-sheet data-sheet-developed\"><img decoding=\"async\" class=\"img-fluid\" src=\"https:\/\/www.compressport.com\/img\/cms\/icons\/developed_swiss.png\" \/><\/div>\n<\/div>\n<\/div>\n<\/section>\n<\/div>\n<\/div>\n<\/div>\n","protected":false},"excerpt":{"rendered":"<p>Schwarze 3\/4-lange Damen-Kompressionsleggings mit integrierter Wrap-Around-Tasche und Handgriff f\u00fcr Trailrunning bei kalten Bedingungen Die Schweiz ist nicht gerade f\u00fcr ihre W\u00e4rme bekannt, dennoch ist sie das Trainingsgebiet von Trail-Profi Kathrin G\u00f6tz. Kein Wunder also, dass die thermoregulierten Trail-Kompressionspiraten das prominenteste Kleidungsst\u00fcck in ihrem Kleiderschrank sind. Strategisch platzierte Kompressionseins\u00e4tze bieten maximale Unterst\u00fctzung f\u00fcr Oberschenkel und Ges\u00e4\u00df. &hellip; <a href=\"https:\/\/www.miomiorun.com\/de\/produkt\/compressport-trail-under-control-pirate-3-4-damen\/\">Continued<\/a><\/p>\n","protected":false},"featured_media":182608,"template":"","meta":{"_acf_changed":false,"inline_featured_image":false},"product_brand":[],"product_cat":[6400,6401,6488],"product_tag":[3367,6215],"class_list":{"0":"post-175577","1":"product","2":"type-product","3":"status-publish","4":"has-post-thumbnail","6":"product_cat-damen","7":"product_cat-damenbekleidung","8":"product_cat-damenshorts-de","9":"product_tag-compressport-de","10":"product_tag-compressport-damen-de","11":"pa_attivita-gehen","12":"pa_attivita-trail-de","13":"pa_circonferenza-coscia-49-54-de","14":"pa_marca-compressport-de","15":"pa_sesso-damen","17":"first","18":"instock","19":"taxable","20":"shipping-taxable","21":"purchasable","22":"product-type-variable","23":"wvs-archive-product-wrapper"},"acf":[],"yoast_head":"<!-- This site is optimized with the Yoast SEO plugin v26.8 - https:\/\/yoast.com\/product\/yoast-seo-wordpress\/ -->\n<title>Trail Under Control Pirate 3\/4 damen -Damenhosen- MioMioRun<\/title>\n<meta name=\"description\" content=\"Schwarze 3\/4-lange Damen-Kompressionsleggings mit integrierter Wrap-Around-Tasche und Handgriff f\u00fcr Trailrunning bei kalten Bedingungen\" \/>\n<meta name=\"robots\" content=\"index, follow, max-snippet:-1, max-image-preview:large, max-video-preview:-1\" \/>\n<link rel=\"canonical\" href=\"https:\/\/www.miomiorun.com\/de\/produkt\/compressport-trail-under-control-pirate-3-4-damen\/\" \/>\n<meta property=\"og:locale\" content=\"de_DE\" \/>\n<meta property=\"og:type\" content=\"article\" \/>\n<meta property=\"og:title\" content=\"Trail Under Control Pirate 3\/4 damen -Damenhosen- MioMioRun\" \/>\n<meta property=\"og:description\" content=\"Schwarze 3\/4-lange Damen-Kompressionsleggings mit integrierter Wrap-Around-Tasche und Handgriff f\u00fcr Trailrunning bei kalten Bedingungen\" \/>\n<meta property=\"og:url\" content=\"https:\/\/www.miomiorun.com\/de\/produkt\/compressport-trail-under-control-pirate-3-4-damen\/\" \/>\n<meta property=\"og:site_name\" content=\"MioMioRun\" \/>\n<meta property=\"article:publisher\" content=\"https:\/\/www.facebook.com\/miomiorun\/\" \/>\n<meta property=\"article:modified_time\" content=\"2025-03-07T10:50:07+00:00\" \/>\n<meta property=\"og:image\" content=\"https:\/\/www.miomiorun.com\/app\/uploads\/2021\/05\/compressport-Trail-Under-Control-Pirate-3-4-W-AW00004B-Black.jpg\" \/>\n\t<meta property=\"og:image:width\" content=\"600\" \/>\n\t<meta property=\"og:image:height\" content=\"600\" \/>\n\t<meta property=\"og:image:type\" content=\"image\/jpeg\" \/>\n<meta name=\"twitter:card\" content=\"summary_large_image\" \/>\n<meta name=\"twitter:label1\" content=\"Est. reading time\" \/>\n\t<meta name=\"twitter:data1\" content=\"1 minute\" \/>\n<script type=\"application\/ld+json\" class=\"yoast-schema-graph\">{\"@context\":\"https:\/\/schema.org\",\"@graph\":[{\"@type\":\"WebPage\",\"@id\":\"https:\/\/www.miomiorun.com\/de\/produkt\/compressport-trail-under-control-pirate-3-4-damen\/\",\"url\":\"https:\/\/www.miomiorun.com\/de\/produkt\/compressport-trail-under-control-pirate-3-4-damen\/\",\"name\":\"Trail Under Control Pirate 3\/4 damen -Damenhosen- MioMioRun\",\"isPartOf\":{\"@id\":\"https:\/\/www.miomiorun.com\/de\/#website\"},\"primaryImageOfPage\":{\"@id\":\"https:\/\/www.miomiorun.com\/de\/produkt\/compressport-trail-under-control-pirate-3-4-damen\/#primaryimage\"},\"image\":{\"@id\":\"https:\/\/www.miomiorun.com\/de\/produkt\/compressport-trail-under-control-pirate-3-4-damen\/#primaryimage\"},\"thumbnailUrl\":\"https:\/\/www.miomiorun.com\/app\/uploads\/2021\/05\/compressport-Trail-Under-Control-Pirate-3-4-W-AW00004B-Black.jpg\",\"datePublished\":\"2021-05-08T14:19:50+00:00\",\"dateModified\":\"2025-03-07T10:50:07+00:00\",\"description\":\"Schwarze 3\/4-lange Damen-Kompressionsleggings mit integrierter Wrap-Around-Tasche und Handgriff f\u00fcr Trailrunning bei kalten Bedingungen\",\"breadcrumb\":{\"@id\":\"https:\/\/www.miomiorun.com\/de\/produkt\/compressport-trail-under-control-pirate-3-4-damen\/#breadcrumb\"},\"inLanguage\":\"de-DE\",\"potentialAction\":[{\"@type\":\"ReadAction\",\"target\":[\"https:\/\/www.miomiorun.com\/de\/produkt\/compressport-trail-under-control-pirate-3-4-damen\/\"]}]},{\"@type\":\"ImageObject\",\"inLanguage\":\"de-DE\",\"@id\":\"https:\/\/www.miomiorun.com\/de\/produkt\/compressport-trail-under-control-pirate-3-4-damen\/#primaryimage\",\"url\":\"https:\/\/www.miomiorun.com\/app\/uploads\/2021\/05\/compressport-Trail-Under-Control-Pirate-3-4-W-AW00004B-Black.jpg\",\"contentUrl\":\"https:\/\/www.miomiorun.com\/app\/uploads\/2021\/05\/compressport-Trail-Under-Control-Pirate-3-4-W-AW00004B-Black.jpg\",\"width\":600,\"height\":600,\"caption\":\"compressport-Trail-Under-Control-Pirate-3-4-W-AW00004B-Black\"},{\"@type\":\"BreadcrumbList\",\"@id\":\"https:\/\/www.miomiorun.com\/de\/produkt\/compressport-trail-under-control-pirate-3-4-damen\/#breadcrumb\",\"itemListElement\":[{\"@type\":\"ListItem\",\"position\":1,\"name\":\"Home\",\"item\":\"https:\/\/www.miomiorun.com\/de\/\"},{\"@type\":\"ListItem\",\"position\":2,\"name\":\"Shop\",\"item\":\"https:\/\/www.miomiorun.com\/shop\/\"},{\"@type\":\"ListItem\",\"position\":3,\"name\":\"Trail Under Control Pirate 3\/4 damen\"}]},{\"@type\":\"WebSite\",\"@id\":\"https:\/\/www.miomiorun.com\/de\/#website\",\"url\":\"https:\/\/www.miomiorun.com\/de\/\",\"name\":\"MioMioRun\",\"description\":\"100% Lauf- und Trailshop\",\"publisher\":{\"@id\":\"https:\/\/www.miomiorun.com\/de\/#organization\"},\"potentialAction\":[{\"@type\":\"SearchAction\",\"target\":{\"@type\":\"EntryPoint\",\"urlTemplate\":\"https:\/\/www.miomiorun.com\/de\/?s={search_term_string}\"},\"query-input\":{\"@type\":\"PropertyValueSpecification\",\"valueRequired\":true,\"valueName\":\"search_term_string\"}}],\"inLanguage\":\"de-DE\"},{\"@type\":\"Organization\",\"@id\":\"https:\/\/www.miomiorun.com\/de\/#organization\",\"name\":\"MioMio Run\",\"url\":\"https:\/\/www.miomiorun.com\/de\/\",\"logo\":{\"@type\":\"ImageObject\",\"inLanguage\":\"de-DE\",\"@id\":\"https:\/\/www.miomiorun.com\/de\/#\/schema\/logo\/image\/\",\"url\":\"https:\/\/www.miomiorun.com\/app\/uploads\/2019\/12\/logomio.png\",\"contentUrl\":\"https:\/\/www.miomiorun.com\/app\/uploads\/2019\/12\/logomio.png\",\"width\":115,\"height\":82,\"caption\":\"MioMio Run\"},\"image\":{\"@id\":\"https:\/\/www.miomiorun.com\/de\/#\/schema\/logo\/image\/\"},\"sameAs\":[\"https:\/\/www.facebook.com\/miomiorun\/\",\"https:\/\/www.instagram.com\/miomiorun\/\"]}]}<\/script>\n<!-- \/ Yoast SEO plugin. -->","yoast_head_json":{"title":"Trail Under Control Pirate 3\/4 damen -Damenhosen- MioMioRun","description":"Schwarze 3\/4-lange Damen-Kompressionsleggings mit integrierter Wrap-Around-Tasche und Handgriff f\u00fcr Trailrunning bei kalten Bedingungen","robots":{"index":"index","follow":"follow","max-snippet":"max-snippet:-1","max-image-preview":"max-image-preview:large","max-video-preview":"max-video-preview:-1"},"canonical":"https:\/\/www.miomiorun.com\/de\/produkt\/compressport-trail-under-control-pirate-3-4-damen\/","og_locale":"de_DE","og_type":"article","og_title":"Trail Under Control Pirate 3\/4 damen -Damenhosen- MioMioRun","og_description":"Schwarze 3\/4-lange Damen-Kompressionsleggings mit integrierter Wrap-Around-Tasche und Handgriff f\u00fcr Trailrunning bei kalten Bedingungen","og_url":"https:\/\/www.miomiorun.com\/de\/produkt\/compressport-trail-under-control-pirate-3-4-damen\/","og_site_name":"MioMioRun","article_publisher":"https:\/\/www.facebook.com\/miomiorun\/","article_modified_time":"2025-03-07T10:50:07+00:00","og_image":[{"width":600,"height":600,"url":"https:\/\/www.miomiorun.com\/app\/uploads\/2021\/05\/compressport-Trail-Under-Control-Pirate-3-4-W-AW00004B-Black.jpg","type":"image\/jpeg"}],"twitter_card":"summary_large_image","twitter_misc":{"Est. reading time":"1 minute"},"schema":{"@context":"https:\/\/schema.org","@graph":[{"@type":"WebPage","@id":"https:\/\/www.miomiorun.com\/de\/produkt\/compressport-trail-under-control-pirate-3-4-damen\/","url":"https:\/\/www.miomiorun.com\/de\/produkt\/compressport-trail-under-control-pirate-3-4-damen\/","name":"Trail Under Control Pirate 3\/4 damen -Damenhosen- MioMioRun","isPartOf":{"@id":"https:\/\/www.miomiorun.com\/de\/#website"},"primaryImageOfPage":{"@id":"https:\/\/www.miomiorun.com\/de\/produkt\/compressport-trail-under-control-pirate-3-4-damen\/#primaryimage"},"image":{"@id":"https:\/\/www.miomiorun.com\/de\/produkt\/compressport-trail-under-control-pirate-3-4-damen\/#primaryimage"},"thumbnailUrl":"https:\/\/www.miomiorun.com\/app\/uploads\/2021\/05\/compressport-Trail-Under-Control-Pirate-3-4-W-AW00004B-Black.jpg","datePublished":"2021-05-08T14:19:50+00:00","dateModified":"2025-03-07T10:50:07+00:00","description":"Schwarze 3\/4-lange Damen-Kompressionsleggings mit integrierter Wrap-Around-Tasche und Handgriff f\u00fcr Trailrunning bei kalten Bedingungen","breadcrumb":{"@id":"https:\/\/www.miomiorun.com\/de\/produkt\/compressport-trail-under-control-pirate-3-4-damen\/#breadcrumb"},"inLanguage":"de-DE","potentialAction":[{"@type":"ReadAction","target":["https:\/\/www.miomiorun.com\/de\/produkt\/compressport-trail-under-control-pirate-3-4-damen\/"]}]},{"@type":"ImageObject","inLanguage":"de-DE","@id":"https:\/\/www.miomiorun.com\/de\/produkt\/compressport-trail-under-control-pirate-3-4-damen\/#primaryimage","url":"https:\/\/www.miomiorun.com\/app\/uploads\/2021\/05\/compressport-Trail-Under-Control-Pirate-3-4-W-AW00004B-Black.jpg","contentUrl":"https:\/\/www.miomiorun.com\/app\/uploads\/2021\/05\/compressport-Trail-Under-Control-Pirate-3-4-W-AW00004B-Black.jpg","width":600,"height":600,"caption":"compressport-Trail-Under-Control-Pirate-3-4-W-AW00004B-Black"},{"@type":"BreadcrumbList","@id":"https:\/\/www.miomiorun.com\/de\/produkt\/compressport-trail-under-control-pirate-3-4-damen\/#breadcrumb","itemListElement":[{"@type":"ListItem","position":1,"name":"Home","item":"https:\/\/www.miomiorun.com\/de\/"},{"@type":"ListItem","position":2,"name":"Shop","item":"https:\/\/www.miomiorun.com\/shop\/"},{"@type":"ListItem","position":3,"name":"Trail Under Control Pirate 3\/4 damen"}]},{"@type":"WebSite","@id":"https:\/\/www.miomiorun.com\/de\/#website","url":"https:\/\/www.miomiorun.com\/de\/","name":"MioMioRun","description":"100% Lauf- und Trailshop","publisher":{"@id":"https:\/\/www.miomiorun.com\/de\/#organization"},"potentialAction":[{"@type":"SearchAction","target":{"@type":"EntryPoint","urlTemplate":"https:\/\/www.miomiorun.com\/de\/?s={search_term_string}"},"query-input":{"@type":"PropertyValueSpecification","valueRequired":true,"valueName":"search_term_string"}}],"inLanguage":"de-DE"},{"@type":"Organization","@id":"https:\/\/www.miomiorun.com\/de\/#organization","name":"MioMio Run","url":"https:\/\/www.miomiorun.com\/de\/","logo":{"@type":"ImageObject","inLanguage":"de-DE","@id":"https:\/\/www.miomiorun.com\/de\/#\/schema\/logo\/image\/","url":"https:\/\/www.miomiorun.com\/app\/uploads\/2019\/12\/logomio.png","contentUrl":"https:\/\/www.miomiorun.com\/app\/uploads\/2019\/12\/logomio.png","width":115,"height":82,"caption":"MioMio Run"},"image":{"@id":"https:\/\/www.miomiorun.com\/de\/#\/schema\/logo\/image\/"},"sameAs":["https:\/\/www.facebook.com\/miomiorun\/","https:\/\/www.instagram.com\/miomiorun\/"]}]}},"_links":{"self":[{"href":"https:\/\/www.miomiorun.com\/de\/wp-json\/wp\/v2\/product\/175577","targetHints":{"allow":["GET"]}}],"collection":[{"href":"https:\/\/www.miomiorun.com\/de\/wp-json\/wp\/v2\/product"}],"about":[{"href":"https:\/\/www.miomiorun.com\/de\/wp-json\/wp\/v2\/types\/product"}],"wp:featuredmedia":[{"embeddable":true,"href":"https:\/\/www.miomiorun.com\/de\/wp-json\/wp\/v2\/media\/182608"}],"wp:attachment":[{"href":"https:\/\/www.miomiorun.com\/de\/wp-json\/wp\/v2\/media?parent=175577"}],"wp:term":[{"taxonomy":"product_brand","embeddable":true,"href":"https:\/\/www.miomiorun.com\/de\/wp-json\/wp\/v2\/product_brand?post=175577"},{"taxonomy":"product_cat","embeddable":true,"href":"https:\/\/www.miomiorun.com\/de\/wp-json\/wp\/v2\/product_cat?post=175577"},{"taxonomy":"product_tag","embeddable":true,"href":"https:\/\/www.miomiorun.com\/de\/wp-json\/wp\/v2\/product_tag?post=175577"}],"curies":[{"name":"wp","href":"https:\/\/api.w.org\/{rel}","templated":true}]}}