{"id":175562,"date":"2021-05-20T11:42:44","date_gmt":"2021-05-20T09:42:44","guid":{"rendered":"https:\/\/miomiorun.com\/prodotto\/craft-hypervent-split-shorts-donna\/"},"modified":"2026-05-08T20:56:08","modified_gmt":"2026-05-08T18:56:08","slug":"craft-hypervent-split-shorts-damen","status":"publish","type":"product","link":"https:\/\/www.miomiorun.com\/de\/produkt\/craft-hypervent-split-shorts-damen\/","title":{"rendered":"Hypervent Split Shorts damen"},"content":{"rendered":"<p id=\"tw-target-text\" class=\"tw-data-text tw-text-large XcVN5d tw-ta\" dir=\"ltr\" data-placeholder=\"Traduzione\"><span class=\"Y2IQFc\" lang=\"it\">Die Pro Hypervent Splits sind leichte und hoch bel\u00fcftete Profi-Laufshorts, die f\u00fcr intensives Training an hei\u00dfen Sommertagen entwickelt wurden.<\/span><\/p>\n<p id=\"tw-target-text\" class=\"tw-data-text tw-text-large XcVN5d tw-ta\" dir=\"ltr\" data-placeholder=\"Traduzione\"><span class=\"Y2IQFc\" lang=\"it\">Diese technisch fortschrittliche Laufshorts besteht aus funktionellem Stretch-Polyester und verf\u00fcgt \u00fcber einen bel\u00fcfteten Innenslip aus Polyester-Mesh, der f\u00fcr hervorragende K\u00fchlung und Feuchtigkeitstransport sorgt. Au\u00dferdem verf\u00fcgen die Shorts \u00fcber eine geteilte Seitennaht f\u00fcr mehr Bewegungsfreiheit, einen breiten Bund und einen verschwei\u00dften Saum f\u00fcr optimalen Komfort.<\/span><\/p>\n<p id=\"tw-target-text\" class=\"tw-data-text tw-text-large XcVN5d tw-ta\" dir=\"ltr\" data-placeholder=\"Traduzione\"><span class=\"Y2IQFc\" lang=\"it\">Die Pro Hypervent ist hyperleicht und hyperatmungsaktiv, ideal f\u00fcr leistungsstarke und anspruchsvolle L\u00e4ufer. Das d\u00fcnne, superweiche und au\u00dfergew\u00f6hnlich leichte und atmungsaktive Gewebe sorgt f\u00fcr \u00fcberragende Funktionalit\u00e4t, Bel\u00fcftung und Komfort bei Hochgeschwindigkeits- und Langstreckenl\u00e4ufen unter hei\u00dfen Bedingungen.<\/span><\/p>\n<h2>Produktmerkmale<\/h2>\n<p id=\"tw-target-text\" class=\"tw-data-text tw-text-large XcVN5d tw-ta\" dir=\"ltr\" data-placeholder=\"Traduzione\"><span class=\"Y2IQFc\" lang=\"it\">&#8211; Obermaterial aus Stretch-Polyester<\/span><\/p>\n<p class=\"tw-data-text tw-text-large XcVN5d tw-ta\" dir=\"ltr\" data-placeholder=\"Traduzione\"><span class=\"Y2IQFc\" lang=\"it\">&#8211; Innenslip aus Polyester-Mesh<\/span><\/p>\n<p class=\"tw-data-text tw-text-large XcVN5d tw-ta\" dir=\"ltr\" data-placeholder=\"Traduzione\"><span class=\"Y2IQFc\" lang=\"it\">&#8211; Geteilte Seitennaht f\u00fcr mehr Bewegungsfreiheit <\/span><\/p>\n<p class=\"tw-data-text tw-text-large XcVN5d tw-ta\" dir=\"ltr\" data-placeholder=\"Traduzione\"><span class=\"Y2IQFc\" lang=\"it\">&#8211; Geklebter Saum an der Unterseite der Beine zur Vermeidung von Scheuerstellen <\/span><\/p>\n<p class=\"tw-data-text tw-text-large XcVN5d tw-ta\" dir=\"ltr\" data-placeholder=\"Traduzione\"><span class=\"Y2IQFc\" lang=\"it\">&#8211; Breiter Bund f\u00fcr einen bequemen Sitz <\/span><\/p>\n<p class=\"tw-data-text tw-text-large XcVN5d tw-ta\" dir=\"ltr\" data-placeholder=\"Traduzione\"><span class=\"Y2IQFc\" lang=\"it\">&#8211; Netztasche in der hinteren Mitte des Bundes zur sicheren Aufbewahrung <\/span><\/p>\n<p class=\"tw-data-text tw-text-large XcVN5d tw-ta\" dir=\"ltr\" data-placeholder=\"Traduzione\"><span class=\"Y2IQFc\" lang=\"it\">&#8211; Reflektierende Details<\/span><\/p>\n<p dir=\"ltr\" data-placeholder=\"Traduzione\"><img loading=\"lazy\" decoding=\"async\" class=\"\" src=\"https:\/\/www.craftsportswear.com\/static\/media\/stretch.b10adc40.svg?q=70&amp;fit=clip&amp;w=72&amp;fm=jpg&amp;auto=format\" alt=\"Stretch\" width=\"121\" height=\"121\" \/><\/p>\n<p dir=\"ltr\" data-placeholder=\"Traduzione\"><strong>Ausziehbar<\/strong><\/p>\n<p dir=\"ltr\" data-placeholder=\"Traduzione\"><img loading=\"lazy\" decoding=\"async\" class=\"\" src=\"https:\/\/www.craftsportswear.com\/static\/media\/soft_touch.2b191977.svg?q=70&amp;fit=clip&amp;w=72&amp;fm=jpg&amp;auto=format\" alt=\"SoftTouch\" width=\"120\" height=\"120\" \/><\/p>\n<p dir=\"ltr\" data-placeholder=\"Traduzione\"><strong>Leichte Ber\u00fchrung<\/strong><\/p>\n<h2><img loading=\"lazy\" decoding=\"async\" class=\"\" src=\"https:\/\/www.craftsportswear.com\/static\/media\/lightweight.6800ab4f.svg?q=70&amp;fit=clip&amp;w=72&amp;fm=jpg&amp;auto=format\" alt=\"Lightweight\" width=\"121\" height=\"121\" \/><\/h2>\n<p><strong>Leichtes Gewicht<\/strong><\/p>\n<p><strong>Material:<\/strong><span class=\"Y2IQFc\" lang=\"it\"> 90% recyceltes Polyester 10% Elastan Futter: 90% Polyester 10% Elastan<\/span><\/p>\n<p>Maschinenwaschbar bei 40 Grad<\/p>\n","protected":false},"excerpt":{"rendered":"<p>Die Pro Hypervent Splits sind leichte und hoch bel\u00fcftete Profi-Laufshorts, die f\u00fcr intensives Training an hei\u00dfen Sommertagen entwickelt wurden. Diese technisch fortschrittliche Laufshorts besteht aus funktionellem Stretch-Polyester und verf\u00fcgt \u00fcber einen bel\u00fcfteten Innenslip aus Polyester-Mesh, der f\u00fcr hervorragende K\u00fchlung und Feuchtigkeitstransport sorgt. Au\u00dferdem verf\u00fcgen die Shorts \u00fcber eine geteilte Seitennaht f\u00fcr mehr Bewegungsfreiheit, einen breiten &hellip; <a href=\"https:\/\/www.miomiorun.com\/de\/produkt\/craft-hypervent-split-shorts-damen\/\">Continued<\/a><\/p>\n","protected":false},"featured_media":55775,"template":"","meta":{"_acf_changed":false,"inline_featured_image":false},"product_brand":[],"product_cat":[6400,6401,6488],"product_tag":[6304,6232],"class_list":{"0":"post-175562","1":"product","2":"type-product","3":"status-publish","4":"has-post-thumbnail","6":"product_cat-damen","7":"product_cat-damenbekleidung","8":"product_cat-damenshorts-de","9":"product_tag-craft-de","10":"product_tag-craft-damen-de","11":"pa_attivita-running-de","12":"pa_colore-pro-hypervent-split-shorts-w-blaze-de","13":"pa_colore-pro-hypervent-split-shorts-w-dawn-multi-de","14":"pa_colore-pro-hypervent-split-shorts-w-black-de","15":"pa_colore-pro-hypervent-split-shorts-w-coral-de","16":"pa_marca-craft-de","17":"pa_sesso-damen","18":"pa_size-extra-small-de","19":"pa_size-small-de","20":"pa_size-medium-de","21":"pa_size-large-de","23":"first","24":"instock","25":"sale","26":"taxable","27":"shipping-taxable","28":"purchasable","29":"product-type-variable","30":"wvs-archive-product-wrapper"},"acf":[],"yoast_head":"<!-- This site is optimized with the Yoast SEO plugin v26.8 - https:\/\/yoast.com\/product\/yoast-seo-wordpress\/ -->\n<title>Craft Hypervent Split Shorts damen - Shorts f\u00fcr Damen- MioMioRun<\/title>\n<meta name=\"description\" content=\"Die Pro Hypervent Splits ist eine leichte und sehr gut bel\u00fcftete professionelle Laufshort f\u00fcr das Training. Weitere Informationen finden Sie unter\" \/>\n<meta name=\"robots\" content=\"index, follow, max-snippet:-1, max-image-preview:large, max-video-preview:-1\" \/>\n<link rel=\"canonical\" href=\"https:\/\/www.miomiorun.com\/de\/produkt\/craft-hypervent-split-shorts-damen\/\" \/>\n<meta property=\"og:locale\" content=\"de_DE\" \/>\n<meta property=\"og:type\" content=\"article\" \/>\n<meta property=\"og:title\" content=\"Craft Hypervent Split Shorts damen - Shorts f\u00fcr Damen- MioMioRun\" \/>\n<meta property=\"og:description\" content=\"Die Pro Hypervent Splits ist eine leichte und sehr gut bel\u00fcftete professionelle Laufshort f\u00fcr das Training. Weitere Informationen finden Sie unter\" \/>\n<meta property=\"og:url\" content=\"https:\/\/www.miomiorun.com\/de\/produkt\/craft-hypervent-split-shorts-damen\/\" \/>\n<meta property=\"og:site_name\" content=\"MioMioRun\" \/>\n<meta property=\"article:publisher\" content=\"https:\/\/www.facebook.com\/miomiorun\/\" \/>\n<meta property=\"article:modified_time\" content=\"2026-05-08T18:56:08+00:00\" \/>\n<meta property=\"og:image\" content=\"https:\/\/www.miomiorun.com\/app\/uploads\/2021\/05\/craft-pro-hypervent-split-shorts-1910430-740000.jpg\" \/>\n\t<meta property=\"og:image:width\" content=\"600\" \/>\n\t<meta property=\"og:image:height\" content=\"600\" \/>\n\t<meta property=\"og:image:type\" content=\"image\/jpeg\" \/>\n<meta name=\"twitter:card\" content=\"summary_large_image\" \/>\n<meta name=\"twitter:label1\" content=\"Est. reading time\" \/>\n\t<meta name=\"twitter:data1\" content=\"1 minute\" \/>\n<script type=\"application\/ld+json\" class=\"yoast-schema-graph\">{\"@context\":\"https:\/\/schema.org\",\"@graph\":[{\"@type\":\"WebPage\",\"@id\":\"https:\/\/www.miomiorun.com\/de\/produkt\/craft-hypervent-split-shorts-damen\/\",\"url\":\"https:\/\/www.miomiorun.com\/de\/produkt\/craft-hypervent-split-shorts-damen\/\",\"name\":\"Craft Hypervent Split Shorts damen - Shorts f\u00fcr Damen- MioMioRun\",\"isPartOf\":{\"@id\":\"https:\/\/www.miomiorun.com\/de\/#website\"},\"primaryImageOfPage\":{\"@id\":\"https:\/\/www.miomiorun.com\/de\/produkt\/craft-hypervent-split-shorts-damen\/#primaryimage\"},\"image\":{\"@id\":\"https:\/\/www.miomiorun.com\/de\/produkt\/craft-hypervent-split-shorts-damen\/#primaryimage\"},\"thumbnailUrl\":\"https:\/\/www.miomiorun.com\/app\/uploads\/2021\/05\/craft-pro-hypervent-split-shorts-1910430-740000.jpg\",\"datePublished\":\"2021-05-20T09:42:44+00:00\",\"dateModified\":\"2026-05-08T18:56:08+00:00\",\"description\":\"Die Pro Hypervent Splits ist eine leichte und sehr gut bel\u00fcftete professionelle Laufshort f\u00fcr das Training. Weitere Informationen finden Sie unter\",\"breadcrumb\":{\"@id\":\"https:\/\/www.miomiorun.com\/de\/produkt\/craft-hypervent-split-shorts-damen\/#breadcrumb\"},\"inLanguage\":\"de-DE\",\"potentialAction\":[{\"@type\":\"ReadAction\",\"target\":[\"https:\/\/www.miomiorun.com\/de\/produkt\/craft-hypervent-split-shorts-damen\/\"]}]},{\"@type\":\"ImageObject\",\"inLanguage\":\"de-DE\",\"@id\":\"https:\/\/www.miomiorun.com\/de\/produkt\/craft-hypervent-split-shorts-damen\/#primaryimage\",\"url\":\"https:\/\/www.miomiorun.com\/app\/uploads\/2021\/05\/craft-pro-hypervent-split-shorts-1910430-740000.jpg\",\"contentUrl\":\"https:\/\/www.miomiorun.com\/app\/uploads\/2021\/05\/craft-pro-hypervent-split-shorts-1910430-740000.jpg\",\"width\":600,\"height\":600,\"caption\":\"craft-pro-hypervent-split-shorts-1910430-740000\"},{\"@type\":\"BreadcrumbList\",\"@id\":\"https:\/\/www.miomiorun.com\/de\/produkt\/craft-hypervent-split-shorts-damen\/#breadcrumb\",\"itemListElement\":[{\"@type\":\"ListItem\",\"position\":1,\"name\":\"Home\",\"item\":\"https:\/\/www.miomiorun.com\/de\/\"},{\"@type\":\"ListItem\",\"position\":2,\"name\":\"Shop\",\"item\":\"https:\/\/www.miomiorun.com\/shop\/\"},{\"@type\":\"ListItem\",\"position\":3,\"name\":\"Hypervent Split Shorts damen\"}]},{\"@type\":\"WebSite\",\"@id\":\"https:\/\/www.miomiorun.com\/de\/#website\",\"url\":\"https:\/\/www.miomiorun.com\/de\/\",\"name\":\"MioMioRun\",\"description\":\"100% Lauf- und Trailshop\",\"publisher\":{\"@id\":\"https:\/\/www.miomiorun.com\/de\/#organization\"},\"potentialAction\":[{\"@type\":\"SearchAction\",\"target\":{\"@type\":\"EntryPoint\",\"urlTemplate\":\"https:\/\/www.miomiorun.com\/de\/?s={search_term_string}\"},\"query-input\":{\"@type\":\"PropertyValueSpecification\",\"valueRequired\":true,\"valueName\":\"search_term_string\"}}],\"inLanguage\":\"de-DE\"},{\"@type\":\"Organization\",\"@id\":\"https:\/\/www.miomiorun.com\/de\/#organization\",\"name\":\"MioMio Run\",\"url\":\"https:\/\/www.miomiorun.com\/de\/\",\"logo\":{\"@type\":\"ImageObject\",\"inLanguage\":\"de-DE\",\"@id\":\"https:\/\/www.miomiorun.com\/de\/#\/schema\/logo\/image\/\",\"url\":\"https:\/\/www.miomiorun.com\/app\/uploads\/2019\/12\/logomio.png\",\"contentUrl\":\"https:\/\/www.miomiorun.com\/app\/uploads\/2019\/12\/logomio.png\",\"width\":115,\"height\":82,\"caption\":\"MioMio Run\"},\"image\":{\"@id\":\"https:\/\/www.miomiorun.com\/de\/#\/schema\/logo\/image\/\"},\"sameAs\":[\"https:\/\/www.facebook.com\/miomiorun\/\",\"https:\/\/www.instagram.com\/miomiorun\/\"]}]}<\/script>\n<!-- \/ Yoast SEO plugin. -->","yoast_head_json":{"title":"Craft Hypervent Split Shorts damen - Shorts f\u00fcr Damen- MioMioRun","description":"Die Pro Hypervent Splits ist eine leichte und sehr gut bel\u00fcftete professionelle Laufshort f\u00fcr das Training. Weitere Informationen finden Sie unter","robots":{"index":"index","follow":"follow","max-snippet":"max-snippet:-1","max-image-preview":"max-image-preview:large","max-video-preview":"max-video-preview:-1"},"canonical":"https:\/\/www.miomiorun.com\/de\/produkt\/craft-hypervent-split-shorts-damen\/","og_locale":"de_DE","og_type":"article","og_title":"Craft Hypervent Split Shorts damen - Shorts f\u00fcr Damen- MioMioRun","og_description":"Die Pro Hypervent Splits ist eine leichte und sehr gut bel\u00fcftete professionelle Laufshort f\u00fcr das Training. Weitere Informationen finden Sie unter","og_url":"https:\/\/www.miomiorun.com\/de\/produkt\/craft-hypervent-split-shorts-damen\/","og_site_name":"MioMioRun","article_publisher":"https:\/\/www.facebook.com\/miomiorun\/","article_modified_time":"2026-05-08T18:56:08+00:00","og_image":[{"width":600,"height":600,"url":"https:\/\/www.miomiorun.com\/app\/uploads\/2021\/05\/craft-pro-hypervent-split-shorts-1910430-740000.jpg","type":"image\/jpeg"}],"twitter_card":"summary_large_image","twitter_misc":{"Est. reading time":"1 minute"},"schema":{"@context":"https:\/\/schema.org","@graph":[{"@type":"WebPage","@id":"https:\/\/www.miomiorun.com\/de\/produkt\/craft-hypervent-split-shorts-damen\/","url":"https:\/\/www.miomiorun.com\/de\/produkt\/craft-hypervent-split-shorts-damen\/","name":"Craft Hypervent Split Shorts damen - Shorts f\u00fcr Damen- MioMioRun","isPartOf":{"@id":"https:\/\/www.miomiorun.com\/de\/#website"},"primaryImageOfPage":{"@id":"https:\/\/www.miomiorun.com\/de\/produkt\/craft-hypervent-split-shorts-damen\/#primaryimage"},"image":{"@id":"https:\/\/www.miomiorun.com\/de\/produkt\/craft-hypervent-split-shorts-damen\/#primaryimage"},"thumbnailUrl":"https:\/\/www.miomiorun.com\/app\/uploads\/2021\/05\/craft-pro-hypervent-split-shorts-1910430-740000.jpg","datePublished":"2021-05-20T09:42:44+00:00","dateModified":"2026-05-08T18:56:08+00:00","description":"Die Pro Hypervent Splits ist eine leichte und sehr gut bel\u00fcftete professionelle Laufshort f\u00fcr das Training. Weitere Informationen finden Sie unter","breadcrumb":{"@id":"https:\/\/www.miomiorun.com\/de\/produkt\/craft-hypervent-split-shorts-damen\/#breadcrumb"},"inLanguage":"de-DE","potentialAction":[{"@type":"ReadAction","target":["https:\/\/www.miomiorun.com\/de\/produkt\/craft-hypervent-split-shorts-damen\/"]}]},{"@type":"ImageObject","inLanguage":"de-DE","@id":"https:\/\/www.miomiorun.com\/de\/produkt\/craft-hypervent-split-shorts-damen\/#primaryimage","url":"https:\/\/www.miomiorun.com\/app\/uploads\/2021\/05\/craft-pro-hypervent-split-shorts-1910430-740000.jpg","contentUrl":"https:\/\/www.miomiorun.com\/app\/uploads\/2021\/05\/craft-pro-hypervent-split-shorts-1910430-740000.jpg","width":600,"height":600,"caption":"craft-pro-hypervent-split-shorts-1910430-740000"},{"@type":"BreadcrumbList","@id":"https:\/\/www.miomiorun.com\/de\/produkt\/craft-hypervent-split-shorts-damen\/#breadcrumb","itemListElement":[{"@type":"ListItem","position":1,"name":"Home","item":"https:\/\/www.miomiorun.com\/de\/"},{"@type":"ListItem","position":2,"name":"Shop","item":"https:\/\/www.miomiorun.com\/shop\/"},{"@type":"ListItem","position":3,"name":"Hypervent Split Shorts damen"}]},{"@type":"WebSite","@id":"https:\/\/www.miomiorun.com\/de\/#website","url":"https:\/\/www.miomiorun.com\/de\/","name":"MioMioRun","description":"100% Lauf- und Trailshop","publisher":{"@id":"https:\/\/www.miomiorun.com\/de\/#organization"},"potentialAction":[{"@type":"SearchAction","target":{"@type":"EntryPoint","urlTemplate":"https:\/\/www.miomiorun.com\/de\/?s={search_term_string}"},"query-input":{"@type":"PropertyValueSpecification","valueRequired":true,"valueName":"search_term_string"}}],"inLanguage":"de-DE"},{"@type":"Organization","@id":"https:\/\/www.miomiorun.com\/de\/#organization","name":"MioMio Run","url":"https:\/\/www.miomiorun.com\/de\/","logo":{"@type":"ImageObject","inLanguage":"de-DE","@id":"https:\/\/www.miomiorun.com\/de\/#\/schema\/logo\/image\/","url":"https:\/\/www.miomiorun.com\/app\/uploads\/2019\/12\/logomio.png","contentUrl":"https:\/\/www.miomiorun.com\/app\/uploads\/2019\/12\/logomio.png","width":115,"height":82,"caption":"MioMio Run"},"image":{"@id":"https:\/\/www.miomiorun.com\/de\/#\/schema\/logo\/image\/"},"sameAs":["https:\/\/www.facebook.com\/miomiorun\/","https:\/\/www.instagram.com\/miomiorun\/"]}]}},"_links":{"self":[{"href":"https:\/\/www.miomiorun.com\/de\/wp-json\/wp\/v2\/product\/175562","targetHints":{"allow":["GET"]}}],"collection":[{"href":"https:\/\/www.miomiorun.com\/de\/wp-json\/wp\/v2\/product"}],"about":[{"href":"https:\/\/www.miomiorun.com\/de\/wp-json\/wp\/v2\/types\/product"}],"wp:featuredmedia":[{"embeddable":true,"href":"https:\/\/www.miomiorun.com\/de\/wp-json\/wp\/v2\/media\/55775"}],"wp:attachment":[{"href":"https:\/\/www.miomiorun.com\/de\/wp-json\/wp\/v2\/media?parent=175562"}],"wp:term":[{"taxonomy":"product_brand","embeddable":true,"href":"https:\/\/www.miomiorun.com\/de\/wp-json\/wp\/v2\/product_brand?post=175562"},{"taxonomy":"product_cat","embeddable":true,"href":"https:\/\/www.miomiorun.com\/de\/wp-json\/wp\/v2\/product_cat?post=175562"},{"taxonomy":"product_tag","embeddable":true,"href":"https:\/\/www.miomiorun.com\/de\/wp-json\/wp\/v2\/product_tag?post=175562"}],"curies":[{"name":"wp","href":"https:\/\/api.w.org\/{rel}","templated":true}]}}