{"id":175509,"date":"2022-03-25T19:09:33","date_gmt":"2022-03-25T18:09:33","guid":{"rendered":"https:\/\/miomiorun.com\/prodotto\/craft-adv-essence-2strech-shorts-donna\/"},"modified":"2026-05-08T21:21:59","modified_gmt":"2026-05-08T19:21:59","slug":"craft-adv-essence-2strech-shorts-damen","status":"publish","type":"product","link":"https:\/\/www.miomiorun.com\/de\/produkt\/craft-adv-essence-2strech-shorts-damen\/","title":{"rendered":"Adv Essence 2&#8243;Strech Shorts damen"},"content":{"rendered":"<p>Die <strong>ADV Essence 2&#8243;<\/strong> Women&#8217;s Stretch Shorts sind beliebte Trainingsshorts, die eine hervorragende Passform und ausgezeichnete Funktionalit\u00e4t bieten. Sie bestehen aus recyceltem Polyester, sind sehr dehnbar und an den Seiten h\u00f6her geschnitten. Diese fortschrittlichen Trainingsshorts sind das ideale Kleidungsst\u00fcck f\u00fcr intensive k\u00f6rperliche Aktivit\u00e4ten.<\/p>\n<p><strong>Eigenschaften:<\/strong><\/p>\n<ul>\n<li>Recyceltes Polyester.<\/li>\n<li>Funktioneller Stretch-Stoff.<\/li>\n<li>Elastischer Innenslip.<\/li>\n<li>Reflektierende Aufdrucke f\u00fcr bessere Sichtbarkeit.<\/li>\n<li>Verstellbarer Kordelzug an der Innenseite des Bunds.<\/li>\n<li>Versteckte Rei\u00dfverschlusstasche auf der R\u00fcckseite.<\/li>\n<li>Innennaht von ca. 5,5 cm in Gr\u00f6\u00dfe M.<\/li>\n<\/ul>\n<p>&nbsp;<\/p>\n<p class=\"tw-data-text tw-text-large XcVN5d tw-ta\" dir=\"ltr\" data-placeholder=\"Traduzione\"><img loading=\"lazy\" decoding=\"async\" class=\"css-1w257c5\" title=\"MoistureTransport\" src=\"https:\/\/www.craftsportswear.com\/static\/media\/moisture_transport.27f437d8.svg?q=70&amp;fit=clip&amp;w=72&amp;fm=jpg&amp;auto=format\" sizes=\"auto, 32px\" alt=\"MoistureTransport\" width=\"89\" height=\"89\" \/><\/p>\n<p class=\"tw-data-text tw-text-large XcVN5d tw-ta\" dir=\"ltr\" data-placeholder=\"Traduzione\"><strong>Feuchtigkeits-Transport<\/strong><\/p>\n<p dir=\"ltr\" data-placeholder=\"Traduzione\"><img loading=\"lazy\" decoding=\"async\" class=\"css-1w257c5\" title=\"Stretch\" src=\"https:\/\/www.craftsportswear.com\/static\/media\/soft_touch.2b191977.svg?q=70&amp;fit=clip&amp;w=72&amp;fm=jpg&amp;auto=format\" sizes=\"auto, 32px\" alt=\"Stretch\" width=\"91\" height=\"91\" data-src=\"\/static\/media\/stretch.b10adc40.svg?q=70&amp;fit=clip&amp;w=72&amp;fm=jpg&amp;auto=format\" \/><\/p>\n<p dir=\"ltr\" data-placeholder=\"Traduzione\"><strong>Gummizug<\/strong><\/p>\n<p>&nbsp;<\/p>\n<p><strong>Material:<\/strong><span class=\"Y2IQFc\" lang=\"it\"> 90% Polyester-recycelt 10% Elastan Futter; 100% Polyester.<\/span><\/p>\n<p>Maschinenw\u00e4sche bei 40 Grad<\/p>\n","protected":false},"excerpt":{"rendered":"<p>Die ADV Essence 2&#8243; Women&#8217;s Stretch Shorts sind beliebte Trainingsshorts, die eine hervorragende Passform und ausgezeichnete Funktionalit\u00e4t bieten. Sie bestehen aus recyceltem Polyester, sind sehr dehnbar und an den Seiten h\u00f6her geschnitten. Diese fortschrittlichen Trainingsshorts sind das ideale Kleidungsst\u00fcck f\u00fcr intensive k\u00f6rperliche Aktivit\u00e4ten. Eigenschaften: Recyceltes Polyester. Funktioneller Stretch-Stoff. Elastischer Innenslip. Reflektierende Aufdrucke f\u00fcr bessere Sichtbarkeit. &hellip; <a href=\"https:\/\/www.miomiorun.com\/de\/produkt\/craft-adv-essence-2strech-shorts-damen\/\">Continued<\/a><\/p>\n","protected":false},"featured_media":65072,"template":"","meta":{"_acf_changed":false,"inline_featured_image":false},"product_brand":[],"product_cat":[6400,6401,6488],"product_tag":[6304,6232],"class_list":{"0":"post-175509","1":"product","2":"type-product","3":"status-publish","4":"has-post-thumbnail","6":"product_cat-damen","7":"product_cat-damenbekleidung","8":"product_cat-damenshorts-de","9":"product_tag-craft-de","10":"product_tag-craft-damen-de","11":"pa_attivita-gehen","12":"pa_attivita-running-de","13":"pa_colore-adv-essence-2-stretch-shorts-w-crush-de","14":"pa_colore-adv-essence-2-stretch-shorts-w-black-de","15":"pa_colore-adv-essence-2-stretch-shorts-w-roxo-de","16":"pa_marca-craft-de","17":"pa_sesso-damen","18":"pa_size-extra-small-de","19":"pa_size-small-de","20":"pa_size-medium-de","21":"pa_size-large-de","23":"first","24":"instock","25":"sale","26":"taxable","27":"shipping-taxable","28":"purchasable","29":"product-type-variable","30":"wvs-archive-product-wrapper"},"acf":[],"yoast_head":"<!-- This site is optimized with the Yoast SEO plugin v26.8 - https:\/\/yoast.com\/product\/yoast-seo-wordpress\/ -->\n<title>Craft Adv Essence 2&quot;Strech Shorts damen - Kurze Hose Damen - MioMioRun<\/title>\n<meta name=\"description\" content=\"Die ADV Essence 2&quot; Stretch-Shorts f\u00fcr Damen sind beliebte Trainingsshorts, die eine hervorragende Passform bieten. Mehr Informationen auf unserer Website\" \/>\n<meta name=\"robots\" content=\"index, follow, max-snippet:-1, max-image-preview:large, max-video-preview:-1\" \/>\n<link rel=\"canonical\" href=\"https:\/\/www.miomiorun.com\/de\/produkt\/craft-adv-essence-2strech-shorts-damen\/\" \/>\n<meta property=\"og:locale\" content=\"de_DE\" \/>\n<meta property=\"og:type\" content=\"article\" \/>\n<meta property=\"og:title\" content=\"Craft Adv Essence 2&quot;Strech Shorts damen - Kurze Hose Damen - MioMioRun\" \/>\n<meta property=\"og:description\" content=\"Die ADV Essence 2&quot; Stretch-Shorts f\u00fcr Damen sind beliebte Trainingsshorts, die eine hervorragende Passform bieten. Mehr Informationen auf unserer Website\" \/>\n<meta property=\"og:url\" content=\"https:\/\/www.miomiorun.com\/de\/produkt\/craft-adv-essence-2strech-shorts-damen\/\" \/>\n<meta property=\"og:site_name\" content=\"MioMioRun\" \/>\n<meta property=\"article:publisher\" content=\"https:\/\/www.facebook.com\/miomiorun\/\" \/>\n<meta property=\"article:modified_time\" content=\"2026-05-08T19:21:59+00:00\" \/>\n<meta property=\"og:image\" content=\"https:\/\/www.miomiorun.com\/app\/uploads\/2022\/03\/craft-adv-essence-2-stretch-shorts-W-black-1908781-999000.jpg\" \/>\n\t<meta property=\"og:image:width\" content=\"600\" \/>\n\t<meta property=\"og:image:height\" content=\"600\" \/>\n\t<meta property=\"og:image:type\" content=\"image\/jpeg\" \/>\n<meta name=\"twitter:card\" content=\"summary_large_image\" \/>\n<script type=\"application\/ld+json\" class=\"yoast-schema-graph\">{\"@context\":\"https:\/\/schema.org\",\"@graph\":[{\"@type\":\"WebPage\",\"@id\":\"https:\/\/www.miomiorun.com\/de\/produkt\/craft-adv-essence-2strech-shorts-damen\/\",\"url\":\"https:\/\/www.miomiorun.com\/de\/produkt\/craft-adv-essence-2strech-shorts-damen\/\",\"name\":\"Craft Adv Essence 2\\\"Strech Shorts damen - Kurze Hose Damen - MioMioRun\",\"isPartOf\":{\"@id\":\"https:\/\/www.miomiorun.com\/de\/#website\"},\"primaryImageOfPage\":{\"@id\":\"https:\/\/www.miomiorun.com\/de\/produkt\/craft-adv-essence-2strech-shorts-damen\/#primaryimage\"},\"image\":{\"@id\":\"https:\/\/www.miomiorun.com\/de\/produkt\/craft-adv-essence-2strech-shorts-damen\/#primaryimage\"},\"thumbnailUrl\":\"https:\/\/www.miomiorun.com\/app\/uploads\/2022\/03\/craft-adv-essence-2-stretch-shorts-W-black-1908781-999000.jpg\",\"datePublished\":\"2022-03-25T18:09:33+00:00\",\"dateModified\":\"2026-05-08T19:21:59+00:00\",\"description\":\"Die ADV Essence 2\\\" Stretch-Shorts f\u00fcr Damen sind beliebte Trainingsshorts, die eine hervorragende Passform bieten. Mehr Informationen auf unserer Website\",\"breadcrumb\":{\"@id\":\"https:\/\/www.miomiorun.com\/de\/produkt\/craft-adv-essence-2strech-shorts-damen\/#breadcrumb\"},\"inLanguage\":\"de-DE\",\"potentialAction\":[{\"@type\":\"ReadAction\",\"target\":[\"https:\/\/www.miomiorun.com\/de\/produkt\/craft-adv-essence-2strech-shorts-damen\/\"]}]},{\"@type\":\"ImageObject\",\"inLanguage\":\"de-DE\",\"@id\":\"https:\/\/www.miomiorun.com\/de\/produkt\/craft-adv-essence-2strech-shorts-damen\/#primaryimage\",\"url\":\"https:\/\/www.miomiorun.com\/app\/uploads\/2022\/03\/craft-adv-essence-2-stretch-shorts-W-black-1908781-999000.jpg\",\"contentUrl\":\"https:\/\/www.miomiorun.com\/app\/uploads\/2022\/03\/craft-adv-essence-2-stretch-shorts-W-black-1908781-999000.jpg\",\"width\":600,\"height\":600,\"caption\":\"craft-adv-essence-2-stretch-shorts-W-black-1908781-999000\"},{\"@type\":\"BreadcrumbList\",\"@id\":\"https:\/\/www.miomiorun.com\/de\/produkt\/craft-adv-essence-2strech-shorts-damen\/#breadcrumb\",\"itemListElement\":[{\"@type\":\"ListItem\",\"position\":1,\"name\":\"Home\",\"item\":\"https:\/\/www.miomiorun.com\/de\/\"},{\"@type\":\"ListItem\",\"position\":2,\"name\":\"Shop\",\"item\":\"https:\/\/www.miomiorun.com\/shop\/\"},{\"@type\":\"ListItem\",\"position\":3,\"name\":\"Adv Essence 2&#8243;Strech Shorts damen\"}]},{\"@type\":\"WebSite\",\"@id\":\"https:\/\/www.miomiorun.com\/de\/#website\",\"url\":\"https:\/\/www.miomiorun.com\/de\/\",\"name\":\"MioMioRun\",\"description\":\"100% Lauf- und Trailshop\",\"publisher\":{\"@id\":\"https:\/\/www.miomiorun.com\/de\/#organization\"},\"potentialAction\":[{\"@type\":\"SearchAction\",\"target\":{\"@type\":\"EntryPoint\",\"urlTemplate\":\"https:\/\/www.miomiorun.com\/de\/?s={search_term_string}\"},\"query-input\":{\"@type\":\"PropertyValueSpecification\",\"valueRequired\":true,\"valueName\":\"search_term_string\"}}],\"inLanguage\":\"de-DE\"},{\"@type\":\"Organization\",\"@id\":\"https:\/\/www.miomiorun.com\/de\/#organization\",\"name\":\"MioMio Run\",\"url\":\"https:\/\/www.miomiorun.com\/de\/\",\"logo\":{\"@type\":\"ImageObject\",\"inLanguage\":\"de-DE\",\"@id\":\"https:\/\/www.miomiorun.com\/de\/#\/schema\/logo\/image\/\",\"url\":\"https:\/\/www.miomiorun.com\/app\/uploads\/2019\/12\/logomio.png\",\"contentUrl\":\"https:\/\/www.miomiorun.com\/app\/uploads\/2019\/12\/logomio.png\",\"width\":115,\"height\":82,\"caption\":\"MioMio Run\"},\"image\":{\"@id\":\"https:\/\/www.miomiorun.com\/de\/#\/schema\/logo\/image\/\"},\"sameAs\":[\"https:\/\/www.facebook.com\/miomiorun\/\",\"https:\/\/www.instagram.com\/miomiorun\/\"]}]}<\/script>\n<!-- \/ Yoast SEO plugin. -->","yoast_head_json":{"title":"Craft Adv Essence 2\"Strech Shorts damen - Kurze Hose Damen - MioMioRun","description":"Die ADV Essence 2\" Stretch-Shorts f\u00fcr Damen sind beliebte Trainingsshorts, die eine hervorragende Passform bieten. Mehr Informationen auf unserer Website","robots":{"index":"index","follow":"follow","max-snippet":"max-snippet:-1","max-image-preview":"max-image-preview:large","max-video-preview":"max-video-preview:-1"},"canonical":"https:\/\/www.miomiorun.com\/de\/produkt\/craft-adv-essence-2strech-shorts-damen\/","og_locale":"de_DE","og_type":"article","og_title":"Craft Adv Essence 2\"Strech Shorts damen - Kurze Hose Damen - MioMioRun","og_description":"Die ADV Essence 2\" Stretch-Shorts f\u00fcr Damen sind beliebte Trainingsshorts, die eine hervorragende Passform bieten. Mehr Informationen auf unserer Website","og_url":"https:\/\/www.miomiorun.com\/de\/produkt\/craft-adv-essence-2strech-shorts-damen\/","og_site_name":"MioMioRun","article_publisher":"https:\/\/www.facebook.com\/miomiorun\/","article_modified_time":"2026-05-08T19:21:59+00:00","og_image":[{"width":600,"height":600,"url":"https:\/\/www.miomiorun.com\/app\/uploads\/2022\/03\/craft-adv-essence-2-stretch-shorts-W-black-1908781-999000.jpg","type":"image\/jpeg"}],"twitter_card":"summary_large_image","schema":{"@context":"https:\/\/schema.org","@graph":[{"@type":"WebPage","@id":"https:\/\/www.miomiorun.com\/de\/produkt\/craft-adv-essence-2strech-shorts-damen\/","url":"https:\/\/www.miomiorun.com\/de\/produkt\/craft-adv-essence-2strech-shorts-damen\/","name":"Craft Adv Essence 2\"Strech Shorts damen - Kurze Hose Damen - MioMioRun","isPartOf":{"@id":"https:\/\/www.miomiorun.com\/de\/#website"},"primaryImageOfPage":{"@id":"https:\/\/www.miomiorun.com\/de\/produkt\/craft-adv-essence-2strech-shorts-damen\/#primaryimage"},"image":{"@id":"https:\/\/www.miomiorun.com\/de\/produkt\/craft-adv-essence-2strech-shorts-damen\/#primaryimage"},"thumbnailUrl":"https:\/\/www.miomiorun.com\/app\/uploads\/2022\/03\/craft-adv-essence-2-stretch-shorts-W-black-1908781-999000.jpg","datePublished":"2022-03-25T18:09:33+00:00","dateModified":"2026-05-08T19:21:59+00:00","description":"Die ADV Essence 2\" Stretch-Shorts f\u00fcr Damen sind beliebte Trainingsshorts, die eine hervorragende Passform bieten. Mehr Informationen auf unserer Website","breadcrumb":{"@id":"https:\/\/www.miomiorun.com\/de\/produkt\/craft-adv-essence-2strech-shorts-damen\/#breadcrumb"},"inLanguage":"de-DE","potentialAction":[{"@type":"ReadAction","target":["https:\/\/www.miomiorun.com\/de\/produkt\/craft-adv-essence-2strech-shorts-damen\/"]}]},{"@type":"ImageObject","inLanguage":"de-DE","@id":"https:\/\/www.miomiorun.com\/de\/produkt\/craft-adv-essence-2strech-shorts-damen\/#primaryimage","url":"https:\/\/www.miomiorun.com\/app\/uploads\/2022\/03\/craft-adv-essence-2-stretch-shorts-W-black-1908781-999000.jpg","contentUrl":"https:\/\/www.miomiorun.com\/app\/uploads\/2022\/03\/craft-adv-essence-2-stretch-shorts-W-black-1908781-999000.jpg","width":600,"height":600,"caption":"craft-adv-essence-2-stretch-shorts-W-black-1908781-999000"},{"@type":"BreadcrumbList","@id":"https:\/\/www.miomiorun.com\/de\/produkt\/craft-adv-essence-2strech-shorts-damen\/#breadcrumb","itemListElement":[{"@type":"ListItem","position":1,"name":"Home","item":"https:\/\/www.miomiorun.com\/de\/"},{"@type":"ListItem","position":2,"name":"Shop","item":"https:\/\/www.miomiorun.com\/shop\/"},{"@type":"ListItem","position":3,"name":"Adv Essence 2&#8243;Strech Shorts damen"}]},{"@type":"WebSite","@id":"https:\/\/www.miomiorun.com\/de\/#website","url":"https:\/\/www.miomiorun.com\/de\/","name":"MioMioRun","description":"100% Lauf- und Trailshop","publisher":{"@id":"https:\/\/www.miomiorun.com\/de\/#organization"},"potentialAction":[{"@type":"SearchAction","target":{"@type":"EntryPoint","urlTemplate":"https:\/\/www.miomiorun.com\/de\/?s={search_term_string}"},"query-input":{"@type":"PropertyValueSpecification","valueRequired":true,"valueName":"search_term_string"}}],"inLanguage":"de-DE"},{"@type":"Organization","@id":"https:\/\/www.miomiorun.com\/de\/#organization","name":"MioMio Run","url":"https:\/\/www.miomiorun.com\/de\/","logo":{"@type":"ImageObject","inLanguage":"de-DE","@id":"https:\/\/www.miomiorun.com\/de\/#\/schema\/logo\/image\/","url":"https:\/\/www.miomiorun.com\/app\/uploads\/2019\/12\/logomio.png","contentUrl":"https:\/\/www.miomiorun.com\/app\/uploads\/2019\/12\/logomio.png","width":115,"height":82,"caption":"MioMio Run"},"image":{"@id":"https:\/\/www.miomiorun.com\/de\/#\/schema\/logo\/image\/"},"sameAs":["https:\/\/www.facebook.com\/miomiorun\/","https:\/\/www.instagram.com\/miomiorun\/"]}]}},"_links":{"self":[{"href":"https:\/\/www.miomiorun.com\/de\/wp-json\/wp\/v2\/product\/175509","targetHints":{"allow":["GET"]}}],"collection":[{"href":"https:\/\/www.miomiorun.com\/de\/wp-json\/wp\/v2\/product"}],"about":[{"href":"https:\/\/www.miomiorun.com\/de\/wp-json\/wp\/v2\/types\/product"}],"wp:featuredmedia":[{"embeddable":true,"href":"https:\/\/www.miomiorun.com\/de\/wp-json\/wp\/v2\/media\/65072"}],"wp:attachment":[{"href":"https:\/\/www.miomiorun.com\/de\/wp-json\/wp\/v2\/media?parent=175509"}],"wp:term":[{"taxonomy":"product_brand","embeddable":true,"href":"https:\/\/www.miomiorun.com\/de\/wp-json\/wp\/v2\/product_brand?post=175509"},{"taxonomy":"product_cat","embeddable":true,"href":"https:\/\/www.miomiorun.com\/de\/wp-json\/wp\/v2\/product_cat?post=175509"},{"taxonomy":"product_tag","embeddable":true,"href":"https:\/\/www.miomiorun.com\/de\/wp-json\/wp\/v2\/product_tag?post=175509"}],"curies":[{"name":"wp","href":"https:\/\/api.w.org\/{rel}","templated":true}]}}