{"id":175409,"date":"2024-04-09T15:02:20","date_gmt":"2024-04-09T13:02:20","guid":{"rendered":"https:\/\/miomiorun.com\/prodotto\/outdoor-stretch-skirt-donna\/"},"modified":"2025-03-07T11:16:05","modified_gmt":"2025-03-07T10:16:05","slug":"outdoor-stretch-skirt-damen","status":"publish","type":"product","link":"https:\/\/www.miomiorun.com\/de\/produkt\/outdoor-stretch-skirt-damen\/","title":{"rendered":"Outdoor Stretch Skirt damen"},"content":{"rendered":"<p>Der Women&#8217;s <strong>Outdoor Stretch<\/strong> Short Skirt ist bequem und wasserabweisend, damit Sie die Natur mit Stil genie\u00dfen k\u00f6nnen.<\/p>\n<p>Dieser kurze Rock aus 4-Wege-Stretch-Nylon verf\u00fcgt \u00fcber eine wasserabweisende DWR-Behandlung, die Sie bei sommerlichen Regeng\u00fcssen trocken h\u00e4lt.<\/p>\n<p>Dank der integrierten 2-Wege-Stretch-Polyester-Shorts k\u00f6nnen Sie sich den ganzen Tag \u00fcber frei bewegen, w\u00e4hrend die seitliche Rei\u00dfverschluss\u00f6ffnung und die Paspeltaschen an den H\u00e4nden viel Platz f\u00fcr das N\u00f6tigste bieten.<\/p>\n<p style=\"text-align: center;\"><strong>Dieser Rock mit 2-in-1-Shorts ist ideal zum Wandern, Golfen und f\u00fcr viele andere Outdoor-Aktivit\u00e4ten, sowohl in der Stadt als auch in der Natur. Verleihen Sie Ihrer sportlichen Garderobe einen Hauch von Stil mit dem kurzen Outdoor Stretch-Rock.<\/strong><\/p>\n<p><strong>Eigenschaften:<\/strong><\/p>\n<ul class=\"tw-list-disc\">\n<li class=\"tw-text-xs\">Kurzer Damen-Rock<\/li>\n<li class=\"tw-text-xs\">4-Wege-Stretch-Nylongewebe mit DWR<\/li>\n<li class=\"tw-text-xs\">Innere Shorts aus Bi-Stretch-Polyester-Gewebe<\/li>\n<li class=\"tw-text-xs\">Seitliche \u00d6ffnung mit Rei\u00dfverschluss<\/li>\n<li class=\"tw-text-xs\">Offene Handtaschen<\/li>\n<li class=\"tw-text-xs\">Ideales Kleidungsst\u00fcck f\u00fcr verschiedene Outdoor-Aktivit\u00e4ten und die Freizeit<\/li>\n<\/ul>\n<p>Gewicht: 150,0 g<\/p>\n<p>&nbsp;<\/p>\n<p>&nbsp;<\/p>\n<div class=\"content__image-wrapper tw-w-fit\">\n<div class=\"content__image tw-relative tw-w-[5rem]\"><img loading=\"lazy\" decoding=\"async\" class=\"tw-absolute tw-top-0 tw-left-0 tw-w-full tw-h-full\" src=\"https:\/\/www.montura.com\/cdn\/shop\/files\/004_Breathable_Black.svg?v=1709125473&amp;width=200\" srcset=\"\/\/www.montura.com\/cdn\/shop\/files\/004_Breathable_Black.svg?v=1709125473&amp;width=200 200w\" alt=\"\" width=\"102\" height=\"102\" \/> <strong>ATMUNGSF\u00c4HIG <\/strong>: Dank der atmungsaktiven Stoffe unterst\u00fctzt dieses Kleidungsst\u00fcck die nat\u00fcrliche Transpiration der Haut und h\u00e4lt den K\u00f6rper stets in optimaler Temperatur.<\/div>\n<\/div>\n<div><\/div>\n<div><\/div>\n<div><\/div>\n<div>\n<div class=\"content__image-wrapper tw-w-fit\">\n<div class=\"content__image tw-relative tw-w-[5rem]\"><img loading=\"lazy\" decoding=\"async\" class=\"tw-absolute tw-top-0 tw-left-0 tw-w-full tw-h-full\" src=\"https:\/\/www.montura.com\/cdn\/shop\/files\/002_WaterResistantDWR_Black.svg?v=1709125500&amp;width=200\" srcset=\"\/\/www.montura.com\/cdn\/shop\/files\/002_WaterResistantDWR_Black.svg?v=1709125500&amp;width=200 200w\" alt=\"\" width=\"102\" height=\"102\" \/> <strong>WASSERDICHT <\/strong>: Eine wasserabweisende Schicht auf dem Stoff bietet leichten Schutz vor Feuchtigkeit von au\u00dfen.<\/div>\n<\/div>\n<\/div>\n<div><\/div>\n<div><\/div>\n<h3><strong>Ideal f\u00fcr:<\/strong><\/h3>\n<p>&nbsp;<\/p>\n<div class=\"content__image-wrapper tw-w-fit\">\n<div class=\"content__image tw-relative tw-w-[5rem]\"><img loading=\"lazy\" decoding=\"async\" class=\"tw-absolute tw-top-0 tw-left-0 tw-w-full tw-h-full\" src=\"https:\/\/www.montura.com\/cdn\/shop\/files\/015_Everyday_Black.svg?v=1709126253&amp;width=200\" srcset=\"\/\/www.montura.com\/cdn\/shop\/files\/015_Everyday_Black.svg?v=1709126253&amp;width=200 200w\" alt=\"\" width=\"102\" height=\"102\" \/> <strong>ALLT\u00c4GLICHES<\/strong><\/div>\n<\/div>\n","protected":false},"excerpt":{"rendered":"<p>Der Women&#8217;s Outdoor Stretch Short Skirt ist bequem und wasserabweisend, damit Sie die Natur mit Stil genie\u00dfen k\u00f6nnen. Dieser kurze Rock aus 4-Wege-Stretch-Nylon verf\u00fcgt \u00fcber eine wasserabweisende DWR-Behandlung, die Sie bei sommerlichen Regeng\u00fcssen trocken h\u00e4lt. Dank der integrierten 2-Wege-Stretch-Polyester-Shorts k\u00f6nnen Sie sich den ganzen Tag \u00fcber frei bewegen, w\u00e4hrend die seitliche Rei\u00dfverschluss\u00f6ffnung und die Paspeltaschen &hellip; <a href=\"https:\/\/www.miomiorun.com\/de\/produkt\/outdoor-stretch-skirt-damen\/\">Continued<\/a><\/p>\n","protected":false},"featured_media":164875,"template":"","meta":{"_acf_changed":false,"inline_featured_image":false},"product_brand":[],"product_cat":[6400,6401,6488],"product_tag":[3379,6254],"class_list":{"0":"post-175409","1":"product","2":"type-product","3":"status-publish","4":"has-post-thumbnail","6":"product_cat-damen","7":"product_cat-damenbekleidung","8":"product_cat-damenshorts-de","9":"product_tag-montura-de","10":"product_tag-montura-damen-de","11":"pa_attivita-gehen","12":"pa_attivita-outdoor-de","13":"pa_colore-outdoor-stretch-skirt-w-nero-de","14":"pa_marca-montura-de","15":"pa_sesso-damen","16":"pa_size-small-de","17":"pa_size-medium-de","18":"pa_size-large-de","20":"first","21":"instock","22":"sale","23":"taxable","24":"shipping-taxable","25":"purchasable","26":"product-type-variable","27":"wvs-archive-product-wrapper"},"acf":[],"yoast_head":"<!-- This site is optimized with the Yoast SEO plugin v26.8 - https:\/\/yoast.com\/product\/yoast-seo-wordpress\/ -->\n<title>Montura Outdoor Stretch Skirt damen - Laufende R\u00f6cke MioMioRun<\/title>\n<meta name=\"description\" content=\"Der Women&#039;s Outdoor Stretch Short Skirt ist bequem und wasserabweisend f\u00fcr ein stilvolles Leben im Freien. Rock mit wasserabweisender Behandlung.\" \/>\n<meta name=\"robots\" content=\"index, follow, max-snippet:-1, max-image-preview:large, max-video-preview:-1\" \/>\n<link rel=\"canonical\" href=\"https:\/\/www.miomiorun.com\/de\/produkt\/outdoor-stretch-skirt-damen\/\" \/>\n<meta property=\"og:locale\" content=\"de_DE\" \/>\n<meta property=\"og:type\" content=\"article\" \/>\n<meta property=\"og:title\" content=\"Montura Outdoor Stretch Skirt damen - Laufende R\u00f6cke MioMioRun\" \/>\n<meta property=\"og:description\" content=\"Der Women&#039;s Outdoor Stretch Short Skirt ist bequem und wasserabweisend f\u00fcr ein stilvolles Leben im Freien. Rock mit wasserabweisender Behandlung.\" \/>\n<meta property=\"og:url\" content=\"https:\/\/www.miomiorun.com\/de\/produkt\/outdoor-stretch-skirt-damen\/\" \/>\n<meta property=\"og:site_name\" content=\"MioMioRun\" \/>\n<meta property=\"article:publisher\" content=\"https:\/\/www.facebook.com\/miomiorun\/\" \/>\n<meta property=\"article:modified_time\" content=\"2025-03-07T10:16:05+00:00\" \/>\n<meta property=\"og:image\" content=\"https:\/\/www.miomiorun.com\/app\/uploads\/2024\/04\/Montura-Outdoor-stretch-skirt-W-nero-MPGG11W-90.webp\" \/>\n\t<meta property=\"og:image:width\" content=\"600\" \/>\n\t<meta property=\"og:image:height\" content=\"600\" \/>\n\t<meta property=\"og:image:type\" content=\"image\/webp\" \/>\n<meta name=\"twitter:card\" content=\"summary_large_image\" \/>\n<meta name=\"twitter:label1\" content=\"Est. reading time\" \/>\n\t<meta name=\"twitter:data1\" content=\"1 minute\" \/>\n<script type=\"application\/ld+json\" class=\"yoast-schema-graph\">{\"@context\":\"https:\/\/schema.org\",\"@graph\":[{\"@type\":\"WebPage\",\"@id\":\"https:\/\/www.miomiorun.com\/de\/produkt\/outdoor-stretch-skirt-damen\/\",\"url\":\"https:\/\/www.miomiorun.com\/de\/produkt\/outdoor-stretch-skirt-damen\/\",\"name\":\"Montura Outdoor Stretch Skirt damen - Laufende R\u00f6cke MioMioRun\",\"isPartOf\":{\"@id\":\"https:\/\/www.miomiorun.com\/de\/#website\"},\"primaryImageOfPage\":{\"@id\":\"https:\/\/www.miomiorun.com\/de\/produkt\/outdoor-stretch-skirt-damen\/#primaryimage\"},\"image\":{\"@id\":\"https:\/\/www.miomiorun.com\/de\/produkt\/outdoor-stretch-skirt-damen\/#primaryimage\"},\"thumbnailUrl\":\"https:\/\/www.miomiorun.com\/app\/uploads\/2024\/04\/Montura-Outdoor-stretch-skirt-W-nero-MPGG11W-90.webp\",\"datePublished\":\"2024-04-09T13:02:20+00:00\",\"dateModified\":\"2025-03-07T10:16:05+00:00\",\"description\":\"Der Women's Outdoor Stretch Short Skirt ist bequem und wasserabweisend f\u00fcr ein stilvolles Leben im Freien. Rock mit wasserabweisender Behandlung.\",\"breadcrumb\":{\"@id\":\"https:\/\/www.miomiorun.com\/de\/produkt\/outdoor-stretch-skirt-damen\/#breadcrumb\"},\"inLanguage\":\"de-DE\",\"potentialAction\":[{\"@type\":\"ReadAction\",\"target\":[\"https:\/\/www.miomiorun.com\/de\/produkt\/outdoor-stretch-skirt-damen\/\"]}]},{\"@type\":\"ImageObject\",\"inLanguage\":\"de-DE\",\"@id\":\"https:\/\/www.miomiorun.com\/de\/produkt\/outdoor-stretch-skirt-damen\/#primaryimage\",\"url\":\"https:\/\/www.miomiorun.com\/app\/uploads\/2024\/04\/Montura-Outdoor-stretch-skirt-W-nero-MPGG11W-90.webp\",\"contentUrl\":\"https:\/\/www.miomiorun.com\/app\/uploads\/2024\/04\/Montura-Outdoor-stretch-skirt-W-nero-MPGG11W-90.webp\",\"width\":600,\"height\":600,\"caption\":\"Montura Outdoor stretch skirt W nero MPGG11W 90\"},{\"@type\":\"BreadcrumbList\",\"@id\":\"https:\/\/www.miomiorun.com\/de\/produkt\/outdoor-stretch-skirt-damen\/#breadcrumb\",\"itemListElement\":[{\"@type\":\"ListItem\",\"position\":1,\"name\":\"Home\",\"item\":\"https:\/\/www.miomiorun.com\/de\/\"},{\"@type\":\"ListItem\",\"position\":2,\"name\":\"Shop\",\"item\":\"https:\/\/www.miomiorun.com\/shop\/\"},{\"@type\":\"ListItem\",\"position\":3,\"name\":\"Outdoor Stretch Skirt damen\"}]},{\"@type\":\"WebSite\",\"@id\":\"https:\/\/www.miomiorun.com\/de\/#website\",\"url\":\"https:\/\/www.miomiorun.com\/de\/\",\"name\":\"MioMioRun\",\"description\":\"100% Lauf- und Trailshop\",\"publisher\":{\"@id\":\"https:\/\/www.miomiorun.com\/de\/#organization\"},\"potentialAction\":[{\"@type\":\"SearchAction\",\"target\":{\"@type\":\"EntryPoint\",\"urlTemplate\":\"https:\/\/www.miomiorun.com\/de\/?s={search_term_string}\"},\"query-input\":{\"@type\":\"PropertyValueSpecification\",\"valueRequired\":true,\"valueName\":\"search_term_string\"}}],\"inLanguage\":\"de-DE\"},{\"@type\":\"Organization\",\"@id\":\"https:\/\/www.miomiorun.com\/de\/#organization\",\"name\":\"MioMio Run\",\"url\":\"https:\/\/www.miomiorun.com\/de\/\",\"logo\":{\"@type\":\"ImageObject\",\"inLanguage\":\"de-DE\",\"@id\":\"https:\/\/www.miomiorun.com\/de\/#\/schema\/logo\/image\/\",\"url\":\"https:\/\/www.miomiorun.com\/app\/uploads\/2019\/12\/logomio.png\",\"contentUrl\":\"https:\/\/www.miomiorun.com\/app\/uploads\/2019\/12\/logomio.png\",\"width\":115,\"height\":82,\"caption\":\"MioMio Run\"},\"image\":{\"@id\":\"https:\/\/www.miomiorun.com\/de\/#\/schema\/logo\/image\/\"},\"sameAs\":[\"https:\/\/www.facebook.com\/miomiorun\/\",\"https:\/\/www.instagram.com\/miomiorun\/\"]}]}<\/script>\n<!-- \/ Yoast SEO plugin. -->","yoast_head_json":{"title":"Montura Outdoor Stretch Skirt damen - Laufende R\u00f6cke MioMioRun","description":"Der Women's Outdoor Stretch Short Skirt ist bequem und wasserabweisend f\u00fcr ein stilvolles Leben im Freien. Rock mit wasserabweisender Behandlung.","robots":{"index":"index","follow":"follow","max-snippet":"max-snippet:-1","max-image-preview":"max-image-preview:large","max-video-preview":"max-video-preview:-1"},"canonical":"https:\/\/www.miomiorun.com\/de\/produkt\/outdoor-stretch-skirt-damen\/","og_locale":"de_DE","og_type":"article","og_title":"Montura Outdoor Stretch Skirt damen - Laufende R\u00f6cke MioMioRun","og_description":"Der Women's Outdoor Stretch Short Skirt ist bequem und wasserabweisend f\u00fcr ein stilvolles Leben im Freien. Rock mit wasserabweisender Behandlung.","og_url":"https:\/\/www.miomiorun.com\/de\/produkt\/outdoor-stretch-skirt-damen\/","og_site_name":"MioMioRun","article_publisher":"https:\/\/www.facebook.com\/miomiorun\/","article_modified_time":"2025-03-07T10:16:05+00:00","og_image":[{"width":600,"height":600,"url":"https:\/\/www.miomiorun.com\/app\/uploads\/2024\/04\/Montura-Outdoor-stretch-skirt-W-nero-MPGG11W-90.webp","type":"image\/webp"}],"twitter_card":"summary_large_image","twitter_misc":{"Est. reading time":"1 minute"},"schema":{"@context":"https:\/\/schema.org","@graph":[{"@type":"WebPage","@id":"https:\/\/www.miomiorun.com\/de\/produkt\/outdoor-stretch-skirt-damen\/","url":"https:\/\/www.miomiorun.com\/de\/produkt\/outdoor-stretch-skirt-damen\/","name":"Montura Outdoor Stretch Skirt damen - Laufende R\u00f6cke MioMioRun","isPartOf":{"@id":"https:\/\/www.miomiorun.com\/de\/#website"},"primaryImageOfPage":{"@id":"https:\/\/www.miomiorun.com\/de\/produkt\/outdoor-stretch-skirt-damen\/#primaryimage"},"image":{"@id":"https:\/\/www.miomiorun.com\/de\/produkt\/outdoor-stretch-skirt-damen\/#primaryimage"},"thumbnailUrl":"https:\/\/www.miomiorun.com\/app\/uploads\/2024\/04\/Montura-Outdoor-stretch-skirt-W-nero-MPGG11W-90.webp","datePublished":"2024-04-09T13:02:20+00:00","dateModified":"2025-03-07T10:16:05+00:00","description":"Der Women's Outdoor Stretch Short Skirt ist bequem und wasserabweisend f\u00fcr ein stilvolles Leben im Freien. Rock mit wasserabweisender Behandlung.","breadcrumb":{"@id":"https:\/\/www.miomiorun.com\/de\/produkt\/outdoor-stretch-skirt-damen\/#breadcrumb"},"inLanguage":"de-DE","potentialAction":[{"@type":"ReadAction","target":["https:\/\/www.miomiorun.com\/de\/produkt\/outdoor-stretch-skirt-damen\/"]}]},{"@type":"ImageObject","inLanguage":"de-DE","@id":"https:\/\/www.miomiorun.com\/de\/produkt\/outdoor-stretch-skirt-damen\/#primaryimage","url":"https:\/\/www.miomiorun.com\/app\/uploads\/2024\/04\/Montura-Outdoor-stretch-skirt-W-nero-MPGG11W-90.webp","contentUrl":"https:\/\/www.miomiorun.com\/app\/uploads\/2024\/04\/Montura-Outdoor-stretch-skirt-W-nero-MPGG11W-90.webp","width":600,"height":600,"caption":"Montura Outdoor stretch skirt W nero MPGG11W 90"},{"@type":"BreadcrumbList","@id":"https:\/\/www.miomiorun.com\/de\/produkt\/outdoor-stretch-skirt-damen\/#breadcrumb","itemListElement":[{"@type":"ListItem","position":1,"name":"Home","item":"https:\/\/www.miomiorun.com\/de\/"},{"@type":"ListItem","position":2,"name":"Shop","item":"https:\/\/www.miomiorun.com\/shop\/"},{"@type":"ListItem","position":3,"name":"Outdoor Stretch Skirt damen"}]},{"@type":"WebSite","@id":"https:\/\/www.miomiorun.com\/de\/#website","url":"https:\/\/www.miomiorun.com\/de\/","name":"MioMioRun","description":"100% Lauf- und Trailshop","publisher":{"@id":"https:\/\/www.miomiorun.com\/de\/#organization"},"potentialAction":[{"@type":"SearchAction","target":{"@type":"EntryPoint","urlTemplate":"https:\/\/www.miomiorun.com\/de\/?s={search_term_string}"},"query-input":{"@type":"PropertyValueSpecification","valueRequired":true,"valueName":"search_term_string"}}],"inLanguage":"de-DE"},{"@type":"Organization","@id":"https:\/\/www.miomiorun.com\/de\/#organization","name":"MioMio Run","url":"https:\/\/www.miomiorun.com\/de\/","logo":{"@type":"ImageObject","inLanguage":"de-DE","@id":"https:\/\/www.miomiorun.com\/de\/#\/schema\/logo\/image\/","url":"https:\/\/www.miomiorun.com\/app\/uploads\/2019\/12\/logomio.png","contentUrl":"https:\/\/www.miomiorun.com\/app\/uploads\/2019\/12\/logomio.png","width":115,"height":82,"caption":"MioMio Run"},"image":{"@id":"https:\/\/www.miomiorun.com\/de\/#\/schema\/logo\/image\/"},"sameAs":["https:\/\/www.facebook.com\/miomiorun\/","https:\/\/www.instagram.com\/miomiorun\/"]}]}},"_links":{"self":[{"href":"https:\/\/www.miomiorun.com\/de\/wp-json\/wp\/v2\/product\/175409","targetHints":{"allow":["GET"]}}],"collection":[{"href":"https:\/\/www.miomiorun.com\/de\/wp-json\/wp\/v2\/product"}],"about":[{"href":"https:\/\/www.miomiorun.com\/de\/wp-json\/wp\/v2\/types\/product"}],"wp:featuredmedia":[{"embeddable":true,"href":"https:\/\/www.miomiorun.com\/de\/wp-json\/wp\/v2\/media\/164875"}],"wp:attachment":[{"href":"https:\/\/www.miomiorun.com\/de\/wp-json\/wp\/v2\/media?parent=175409"}],"wp:term":[{"taxonomy":"product_brand","embeddable":true,"href":"https:\/\/www.miomiorun.com\/de\/wp-json\/wp\/v2\/product_brand?post=175409"},{"taxonomy":"product_cat","embeddable":true,"href":"https:\/\/www.miomiorun.com\/de\/wp-json\/wp\/v2\/product_cat?post=175409"},{"taxonomy":"product_tag","embeddable":true,"href":"https:\/\/www.miomiorun.com\/de\/wp-json\/wp\/v2\/product_tag?post=175409"}],"curies":[{"name":"wp","href":"https:\/\/api.w.org\/{rel}","templated":true}]}}