{"id":175362,"date":"2024-04-18T13:06:40","date_gmt":"2024-04-18T11:06:40","guid":{"rendered":"https:\/\/miomiorun.com\/prodotto\/sarzana-short-donna\/"},"modified":"2025-03-07T11:22:26","modified_gmt":"2025-03-07T10:22:26","slug":"sarzana-short-damen","status":"publish","type":"product","link":"https:\/\/www.miomiorun.com\/de\/produkt\/sarzana-short-damen\/","title":{"rendered":"Sarzana Short damen"},"content":{"rendered":"<p><strong>Sarzana<\/strong> Shorts f\u00fcr Frauen: maximaler Komfort und immer trockene Haut bei sommerlichen Ausfl\u00fcgen.<\/p>\n<p>Diese <strong>4-Wege-Stretch-Nylon-Shorts<\/strong> sind dehnbar und machen jede Bewegung mit. Das atmungsaktive Material absorbiert und leitet Schwei\u00df von der Haut weg, sodass Sie immer k\u00fchl und trocken bleiben. Die doppelt gewebte Konstruktion ist extrem rei\u00df- und scheuerfest, ideal f\u00fcr Wanderungen durch Felsen oder dichte Vegetation.<\/p>\n<p>Die <strong>PFC-freie<\/strong>, wasserabweisende <strong>DWR-Behandlung<\/strong> leitet Feuchtigkeit, Schmutz und Staub ab, w\u00e4hrend das Gewebe auch vor UV-Strahlen sch\u00fctzt. Der Bund mit G\u00fcrtelschlaufen erm\u00f6glicht es Ihnen, die Passform anzupassen, w\u00e4hrend die funktionellen Leistentaschen ausreichend Platz f\u00fcr kleine Gegenst\u00e4nde bieten.<\/p>\n<p style=\"text-align: center;\"><strong>Die Sarzana Shorts f\u00fcr Damen sind die ideale Wahl f\u00fcr Sommerabenteuer, die einen Rundum-Komfort und Schutz erfordern.<\/strong><\/p>\n<p>&nbsp;<\/p>\n<p><strong>Eigenschaften:<\/strong><\/p>\n<ul class=\"tw-list-disc\">\n<li class=\"tw-text-xs\">Kurze Damenhose<\/li>\n<li class=\"tw-text-xs\">DWR-Stretch-Nylongewebe mit gepr\u00e4gter Doppelgewebe-Struktur, rei\u00df- und abriebfest<\/li>\n<li class=\"tw-text-xs\">Bund mit G\u00fcrtelschlaufen, Knopf- und Rei\u00dfverschluss\u00f6ffnung<\/li>\n<li class=\"tw-text-xs\">Offene Eingrifftaschen<\/li>\n<li class=\"tw-text-xs\">Ideales Kleidungsst\u00fcck f\u00fcr verschiedene Outdoor-Aktivit\u00e4ten und die Freizeit<\/li>\n<li class=\"tw-text-xs\">130.0 g<\/li>\n<\/ul>\n<p>&nbsp;<\/p>\n<p>&nbsp;<\/p>\n<p>&nbsp;<\/p>\n<div class=\"content__image-wrapper tw-w-fit\">\n<div class=\"content__image tw-relative tw-w-[5rem]\"><img loading=\"lazy\" decoding=\"async\" class=\"tw-absolute tw-top-0 tw-left-0 tw-w-full tw-h-full\" src=\"https:\/\/www.montura.com\/cdn\/shop\/files\/004_Breathable_Black.svg?v=1709125473&amp;width=200\" srcset=\"\/\/www.montura.com\/cdn\/shop\/files\/004_Breathable_Black.svg?v=1709125473&amp;width=200 200w\" alt=\"\" width=\"102\" height=\"102\" \/> <strong>ATMUNGSF\u00c4HIG <\/strong>: Dank der atmungsaktiven Stoffe unterst\u00fctzt dieses Kleidungsst\u00fcck die nat\u00fcrliche Transpiration der Haut und h\u00e4lt den K\u00f6rper stets in optimaler Temperatur.<\/div>\n<\/div>\n<div><\/div>\n<div><\/div>\n<div><\/div>\n<div>\n<div class=\"content__image-wrapper tw-w-fit\">\n<div class=\"content__image tw-relative tw-w-[5rem]\"><img loading=\"lazy\" decoding=\"async\" class=\"tw-absolute tw-top-0 tw-left-0 tw-w-full tw-h-full\" src=\"https:\/\/www.montura.com\/cdn\/shop\/files\/002_WaterResistantDWR_Black.svg?v=1709125500&amp;width=200\" srcset=\"\/\/www.montura.com\/cdn\/shop\/files\/002_WaterResistantDWR_Black.svg?v=1709125500&amp;width=200 200w\" alt=\"\" width=\"102\" height=\"102\" \/> <strong>WASSERDICHT <\/strong>: Eine wasserabweisende Schicht auf dem Stoff bietet leichten Schutz vor Feuchtigkeit von au\u00dfen.<\/div>\n<\/div>\n<\/div>\n<div><\/div>\n<div><\/div>\n<h3><strong>Ideal f\u00fcr:<\/strong><\/h3>\n<p>&nbsp;<\/p>\n<div class=\"content__image-wrapper tw-w-fit\">\n<div class=\"content__image tw-relative tw-w-[5rem]\">\n<div class=\"content__image-wrapper tw-w-fit\">\n<div class=\"content__image tw-relative tw-w-[5rem]\"><img loading=\"lazy\" decoding=\"async\" class=\"tw-absolute tw-top-0 tw-left-0 tw-w-full tw-h-full\" src=\"https:\/\/www.montura.com\/cdn\/shop\/files\/017_TrekkingHiking_Black.svg?v=1709126467&amp;width=200\" srcset=\"\/\/www.montura.com\/cdn\/shop\/files\/017_TrekkingHiking_Black.svg?v=1709126467&amp;width=200 200w\" alt=\"\" width=\"101\" height=\"101\" \/> <strong>TREKKING\/WANDERN<\/strong><\/div>\n<\/div>\n<\/div>\n<\/div>\n","protected":false},"excerpt":{"rendered":"<ul>\n<li>Die Shorts sind ideal f\u00fcr Aktivit\u00e4ten im Freien<\/li>\n<li>Wasserfest<\/li>\n<\/ul>\n","protected":false},"featured_media":167446,"template":"","meta":{"_acf_changed":false,"inline_featured_image":false},"product_brand":[],"product_cat":[6400,6401,6488],"product_tag":[3379,6254],"class_list":{"0":"post-175362","1":"product","2":"type-product","3":"status-publish","4":"has-post-thumbnail","6":"product_cat-damen","7":"product_cat-damenbekleidung","8":"product_cat-damenshorts-de","9":"product_tag-montura-de","10":"product_tag-montura-damen-de","11":"pa_attivita-gehen","12":"pa_attivita-running-de","13":"pa_colore-sarzana-short-w-ardesia-de","14":"pa_marca-montura-de","15":"pa_sesso-damen","16":"pa_size-small-de","17":"pa_size-medium-de","18":"pa_size-large-de","20":"first","21":"instock","22":"sale","23":"taxable","24":"shipping-taxable","25":"purchasable","26":"product-type-variable","27":"wvs-archive-product-wrapper"},"acf":[],"yoast_head":"<!-- This site is optimized with the Yoast SEO plugin v26.8 - https:\/\/yoast.com\/product\/yoast-seo-wordpress\/ -->\n<title>Montura Sarzana Short damen - Kurzer Lauf MioMioRun<\/title>\n<meta name=\"description\" content=\"Sarzana Shorts f\u00fcr Frauen: maximaler Komfort und immer trockene Haut auf sommerlichen Wanderungen. Diese Shorts sind aus 4-Wege-Stretch-Nylon gefertigt\" \/>\n<meta name=\"robots\" content=\"index, follow, max-snippet:-1, max-image-preview:large, max-video-preview:-1\" \/>\n<link rel=\"canonical\" href=\"https:\/\/www.miomiorun.com\/de\/produkt\/sarzana-short-damen\/\" \/>\n<meta property=\"og:locale\" content=\"de_DE\" \/>\n<meta property=\"og:type\" content=\"article\" \/>\n<meta property=\"og:title\" content=\"Montura Sarzana Short damen - Kurzer Lauf MioMioRun\" \/>\n<meta property=\"og:description\" content=\"Sarzana Shorts f\u00fcr Frauen: maximaler Komfort und immer trockene Haut auf sommerlichen Wanderungen. Diese Shorts sind aus 4-Wege-Stretch-Nylon gefertigt\" \/>\n<meta property=\"og:url\" content=\"https:\/\/www.miomiorun.com\/de\/produkt\/sarzana-short-damen\/\" \/>\n<meta property=\"og:site_name\" content=\"MioMioRun\" \/>\n<meta property=\"article:publisher\" content=\"https:\/\/www.facebook.com\/miomiorun\/\" \/>\n<meta property=\"article:modified_time\" content=\"2025-03-07T10:22:26+00:00\" \/>\n<meta property=\"og:image\" content=\"https:\/\/www.miomiorun.com\/app\/uploads\/2024\/04\/Montura-Sarzana-short-W-ardesia-MPSG55W-91.webp\" \/>\n\t<meta property=\"og:image:width\" content=\"600\" \/>\n\t<meta property=\"og:image:height\" content=\"600\" \/>\n\t<meta property=\"og:image:type\" content=\"image\/webp\" \/>\n<meta name=\"twitter:card\" content=\"summary_large_image\" \/>\n<meta name=\"twitter:label1\" content=\"Est. reading time\" \/>\n\t<meta name=\"twitter:data1\" content=\"1 minute\" \/>\n<script type=\"application\/ld+json\" class=\"yoast-schema-graph\">{\"@context\":\"https:\/\/schema.org\",\"@graph\":[{\"@type\":\"WebPage\",\"@id\":\"https:\/\/www.miomiorun.com\/de\/produkt\/sarzana-short-damen\/\",\"url\":\"https:\/\/www.miomiorun.com\/de\/produkt\/sarzana-short-damen\/\",\"name\":\"Montura Sarzana Short damen - Kurzer Lauf MioMioRun\",\"isPartOf\":{\"@id\":\"https:\/\/www.miomiorun.com\/de\/#website\"},\"primaryImageOfPage\":{\"@id\":\"https:\/\/www.miomiorun.com\/de\/produkt\/sarzana-short-damen\/#primaryimage\"},\"image\":{\"@id\":\"https:\/\/www.miomiorun.com\/de\/produkt\/sarzana-short-damen\/#primaryimage\"},\"thumbnailUrl\":\"https:\/\/www.miomiorun.com\/app\/uploads\/2024\/04\/Montura-Sarzana-short-W-ardesia-MPSG55W-91.webp\",\"datePublished\":\"2024-04-18T11:06:40+00:00\",\"dateModified\":\"2025-03-07T10:22:26+00:00\",\"description\":\"Sarzana Shorts f\u00fcr Frauen: maximaler Komfort und immer trockene Haut auf sommerlichen Wanderungen. Diese Shorts sind aus 4-Wege-Stretch-Nylon gefertigt\",\"breadcrumb\":{\"@id\":\"https:\/\/www.miomiorun.com\/de\/produkt\/sarzana-short-damen\/#breadcrumb\"},\"inLanguage\":\"de-DE\",\"potentialAction\":[{\"@type\":\"ReadAction\",\"target\":[\"https:\/\/www.miomiorun.com\/de\/produkt\/sarzana-short-damen\/\"]}]},{\"@type\":\"ImageObject\",\"inLanguage\":\"de-DE\",\"@id\":\"https:\/\/www.miomiorun.com\/de\/produkt\/sarzana-short-damen\/#primaryimage\",\"url\":\"https:\/\/www.miomiorun.com\/app\/uploads\/2024\/04\/Montura-Sarzana-short-W-ardesia-MPSG55W-91.webp\",\"contentUrl\":\"https:\/\/www.miomiorun.com\/app\/uploads\/2024\/04\/Montura-Sarzana-short-W-ardesia-MPSG55W-91.webp\",\"width\":600,\"height\":600,\"caption\":\"Montura Sarzana short W ardesia MPSG55W 91\"},{\"@type\":\"BreadcrumbList\",\"@id\":\"https:\/\/www.miomiorun.com\/de\/produkt\/sarzana-short-damen\/#breadcrumb\",\"itemListElement\":[{\"@type\":\"ListItem\",\"position\":1,\"name\":\"Home\",\"item\":\"https:\/\/www.miomiorun.com\/de\/\"},{\"@type\":\"ListItem\",\"position\":2,\"name\":\"Shop\",\"item\":\"https:\/\/www.miomiorun.com\/shop\/\"},{\"@type\":\"ListItem\",\"position\":3,\"name\":\"Sarzana Short damen\"}]},{\"@type\":\"WebSite\",\"@id\":\"https:\/\/www.miomiorun.com\/de\/#website\",\"url\":\"https:\/\/www.miomiorun.com\/de\/\",\"name\":\"MioMioRun\",\"description\":\"100% Lauf- und Trailshop\",\"publisher\":{\"@id\":\"https:\/\/www.miomiorun.com\/de\/#organization\"},\"potentialAction\":[{\"@type\":\"SearchAction\",\"target\":{\"@type\":\"EntryPoint\",\"urlTemplate\":\"https:\/\/www.miomiorun.com\/de\/?s={search_term_string}\"},\"query-input\":{\"@type\":\"PropertyValueSpecification\",\"valueRequired\":true,\"valueName\":\"search_term_string\"}}],\"inLanguage\":\"de-DE\"},{\"@type\":\"Organization\",\"@id\":\"https:\/\/www.miomiorun.com\/de\/#organization\",\"name\":\"MioMio Run\",\"url\":\"https:\/\/www.miomiorun.com\/de\/\",\"logo\":{\"@type\":\"ImageObject\",\"inLanguage\":\"de-DE\",\"@id\":\"https:\/\/www.miomiorun.com\/de\/#\/schema\/logo\/image\/\",\"url\":\"https:\/\/www.miomiorun.com\/app\/uploads\/2019\/12\/logomio.png\",\"contentUrl\":\"https:\/\/www.miomiorun.com\/app\/uploads\/2019\/12\/logomio.png\",\"width\":115,\"height\":82,\"caption\":\"MioMio Run\"},\"image\":{\"@id\":\"https:\/\/www.miomiorun.com\/de\/#\/schema\/logo\/image\/\"},\"sameAs\":[\"https:\/\/www.facebook.com\/miomiorun\/\",\"https:\/\/www.instagram.com\/miomiorun\/\"]}]}<\/script>\n<!-- \/ Yoast SEO plugin. -->","yoast_head_json":{"title":"Montura Sarzana Short damen - Kurzer Lauf MioMioRun","description":"Sarzana Shorts f\u00fcr Frauen: maximaler Komfort und immer trockene Haut auf sommerlichen Wanderungen. Diese Shorts sind aus 4-Wege-Stretch-Nylon gefertigt","robots":{"index":"index","follow":"follow","max-snippet":"max-snippet:-1","max-image-preview":"max-image-preview:large","max-video-preview":"max-video-preview:-1"},"canonical":"https:\/\/www.miomiorun.com\/de\/produkt\/sarzana-short-damen\/","og_locale":"de_DE","og_type":"article","og_title":"Montura Sarzana Short damen - Kurzer Lauf MioMioRun","og_description":"Sarzana Shorts f\u00fcr Frauen: maximaler Komfort und immer trockene Haut auf sommerlichen Wanderungen. Diese Shorts sind aus 4-Wege-Stretch-Nylon gefertigt","og_url":"https:\/\/www.miomiorun.com\/de\/produkt\/sarzana-short-damen\/","og_site_name":"MioMioRun","article_publisher":"https:\/\/www.facebook.com\/miomiorun\/","article_modified_time":"2025-03-07T10:22:26+00:00","og_image":[{"width":600,"height":600,"url":"https:\/\/www.miomiorun.com\/app\/uploads\/2024\/04\/Montura-Sarzana-short-W-ardesia-MPSG55W-91.webp","type":"image\/webp"}],"twitter_card":"summary_large_image","twitter_misc":{"Est. reading time":"1 minute"},"schema":{"@context":"https:\/\/schema.org","@graph":[{"@type":"WebPage","@id":"https:\/\/www.miomiorun.com\/de\/produkt\/sarzana-short-damen\/","url":"https:\/\/www.miomiorun.com\/de\/produkt\/sarzana-short-damen\/","name":"Montura Sarzana Short damen - Kurzer Lauf MioMioRun","isPartOf":{"@id":"https:\/\/www.miomiorun.com\/de\/#website"},"primaryImageOfPage":{"@id":"https:\/\/www.miomiorun.com\/de\/produkt\/sarzana-short-damen\/#primaryimage"},"image":{"@id":"https:\/\/www.miomiorun.com\/de\/produkt\/sarzana-short-damen\/#primaryimage"},"thumbnailUrl":"https:\/\/www.miomiorun.com\/app\/uploads\/2024\/04\/Montura-Sarzana-short-W-ardesia-MPSG55W-91.webp","datePublished":"2024-04-18T11:06:40+00:00","dateModified":"2025-03-07T10:22:26+00:00","description":"Sarzana Shorts f\u00fcr Frauen: maximaler Komfort und immer trockene Haut auf sommerlichen Wanderungen. Diese Shorts sind aus 4-Wege-Stretch-Nylon gefertigt","breadcrumb":{"@id":"https:\/\/www.miomiorun.com\/de\/produkt\/sarzana-short-damen\/#breadcrumb"},"inLanguage":"de-DE","potentialAction":[{"@type":"ReadAction","target":["https:\/\/www.miomiorun.com\/de\/produkt\/sarzana-short-damen\/"]}]},{"@type":"ImageObject","inLanguage":"de-DE","@id":"https:\/\/www.miomiorun.com\/de\/produkt\/sarzana-short-damen\/#primaryimage","url":"https:\/\/www.miomiorun.com\/app\/uploads\/2024\/04\/Montura-Sarzana-short-W-ardesia-MPSG55W-91.webp","contentUrl":"https:\/\/www.miomiorun.com\/app\/uploads\/2024\/04\/Montura-Sarzana-short-W-ardesia-MPSG55W-91.webp","width":600,"height":600,"caption":"Montura Sarzana short W ardesia MPSG55W 91"},{"@type":"BreadcrumbList","@id":"https:\/\/www.miomiorun.com\/de\/produkt\/sarzana-short-damen\/#breadcrumb","itemListElement":[{"@type":"ListItem","position":1,"name":"Home","item":"https:\/\/www.miomiorun.com\/de\/"},{"@type":"ListItem","position":2,"name":"Shop","item":"https:\/\/www.miomiorun.com\/shop\/"},{"@type":"ListItem","position":3,"name":"Sarzana Short damen"}]},{"@type":"WebSite","@id":"https:\/\/www.miomiorun.com\/de\/#website","url":"https:\/\/www.miomiorun.com\/de\/","name":"MioMioRun","description":"100% Lauf- und Trailshop","publisher":{"@id":"https:\/\/www.miomiorun.com\/de\/#organization"},"potentialAction":[{"@type":"SearchAction","target":{"@type":"EntryPoint","urlTemplate":"https:\/\/www.miomiorun.com\/de\/?s={search_term_string}"},"query-input":{"@type":"PropertyValueSpecification","valueRequired":true,"valueName":"search_term_string"}}],"inLanguage":"de-DE"},{"@type":"Organization","@id":"https:\/\/www.miomiorun.com\/de\/#organization","name":"MioMio Run","url":"https:\/\/www.miomiorun.com\/de\/","logo":{"@type":"ImageObject","inLanguage":"de-DE","@id":"https:\/\/www.miomiorun.com\/de\/#\/schema\/logo\/image\/","url":"https:\/\/www.miomiorun.com\/app\/uploads\/2019\/12\/logomio.png","contentUrl":"https:\/\/www.miomiorun.com\/app\/uploads\/2019\/12\/logomio.png","width":115,"height":82,"caption":"MioMio Run"},"image":{"@id":"https:\/\/www.miomiorun.com\/de\/#\/schema\/logo\/image\/"},"sameAs":["https:\/\/www.facebook.com\/miomiorun\/","https:\/\/www.instagram.com\/miomiorun\/"]}]}},"_links":{"self":[{"href":"https:\/\/www.miomiorun.com\/de\/wp-json\/wp\/v2\/product\/175362","targetHints":{"allow":["GET"]}}],"collection":[{"href":"https:\/\/www.miomiorun.com\/de\/wp-json\/wp\/v2\/product"}],"about":[{"href":"https:\/\/www.miomiorun.com\/de\/wp-json\/wp\/v2\/types\/product"}],"wp:featuredmedia":[{"embeddable":true,"href":"https:\/\/www.miomiorun.com\/de\/wp-json\/wp\/v2\/media\/167446"}],"wp:attachment":[{"href":"https:\/\/www.miomiorun.com\/de\/wp-json\/wp\/v2\/media?parent=175362"}],"wp:term":[{"taxonomy":"product_brand","embeddable":true,"href":"https:\/\/www.miomiorun.com\/de\/wp-json\/wp\/v2\/product_brand?post=175362"},{"taxonomy":"product_cat","embeddable":true,"href":"https:\/\/www.miomiorun.com\/de\/wp-json\/wp\/v2\/product_cat?post=175362"},{"taxonomy":"product_tag","embeddable":true,"href":"https:\/\/www.miomiorun.com\/de\/wp-json\/wp\/v2\/product_tag?post=175362"}],"curies":[{"name":"wp","href":"https:\/\/api.w.org\/{rel}","templated":true}]}}