{"id":175295,"date":"2020-05-23T10:58:34","date_gmt":"2020-05-23T08:58:34","guid":{"rendered":"https:\/\/miomiorun.com\/prodotto\/la-sportiva-helios-iii-donna\/"},"modified":"2025-03-07T12:04:13","modified_gmt":"2025-03-07T11:04:13","slug":"la-sportiva-helios-iii-damen","status":"publish","type":"product","link":"https:\/\/www.miomiorun.com\/de\/produkt\/la-sportiva-helios-iii-damen\/","title":{"rendered":"Helios III damen"},"content":{"rendered":"<p><div class=\"vc-row container\"><\/div><div class=\"vc-column\"><div class=\"vc-column-text\">[port_content_box border_top_colour=&#8221;black&#8221; border_radius=&#8221;20&#8243; border_top_width=&#8221;3&#8243; align=&#8221;centre&#8221;]<\/p>\n<p><strong>Technische Daten<\/strong><\/p>\n<p>Kategorie: Mittlere D\u00e4mpfung<br \/>\nVersatz: 4 mm<br \/>\nGewicht: 175 g<br \/>\nIdeal f\u00fcr: Berglauf-Enthusiasten, aber auch f\u00fcr einen einfachen Lauf oder Spaziergang auf unbefestigtem Terrain, die einen leichten und geschmeidigen Schuh suchen, der bei Bedarf auch reaktionsf\u00e4hig ist.<br \/>\nGewicht des Athleten: 50-65 kg<br \/>\nLauftempo: vielseitig (4.30-6 min\/km)<br \/>\n<a href=\"https:\/\/miomiorun.com\/de\/leitfaden-fuer-technische-spezifikationen\/\">Leitfaden f\u00fcr technische Daten<\/a><\/p>\n<p>[\/port_content_box]<\/div><\/div><div class=\"vc-column\"><div class=\"vc-column-text\"><b><\/b>Helios III ist der &#8220;Door to Trail&#8221;-Schuh, der f\u00fcr Training und Rennen auf hartem Gel\u00e4nde entwickelt wurde. Er ist ein Atlheisure-Produkt mit einem leichten, atmungsaktiven Obermaterial aus einer einzigartigen, w\u00e4rmeaktivierten Kombination aus Rip-Stop-Gewebe, monofilem Mesh, Sandwich-Mesh und verst\u00e4rktem TPU. Die Passform ist extrem bequem und eng anliegend, abgeleitet vom Modell Helios SR. Das Vorhandensein des Konters an der Ferse vermeidet Quetschungen bei der Anpassung, w\u00e4hrend der weiche, umlaufende Kragen mit 3D Foam-Polstern perfekten Tragekomfort garantiert. Die Lauffl\u00e4che besteht aus der \u00e4u\u00dferst widerstandsf\u00e4higen FriXion Blu-Mischung: perfekt f\u00fcr den Einsatz auf hartem und felsigem Terrain. Die thermogeformte Zehenschutzkappe tr\u00e4gt zur Leichtigkeit des Produkts bei und sch\u00fctzt gleichzeitig vor frontalen St\u00f6\u00dfen. Die spritzgegossene EVA-Zwischensohle mit MorphoDynamic-Technologie garantiert die hohe D\u00e4mpfung, die f\u00fcr das Modell Helios seit seinem Deb\u00fct auf dem Markt typisch ist, w\u00e4hrend die Cushoning Platform-Einlage die D\u00e4mpfungseigenschaften und den Gesamtkomfort erh\u00f6ht. Helios III: Zeit, wieder zu fliegen.<\/p>\n<p>+ Technisch-\u00e4sthetisches Update des Helios II unter Beibehaltung des Fokus auf Leichtigkeit, Atmungsaktivit\u00e4t und Komfort Atmungsaktivit\u00e4t und Komfort<br \/>\n+ Bequeme, anschmiegsame Passform, abgeleitet vom Modell Helios SR<br \/>\n+ Wrap-around-Kragen mit maxi-comfort 3D-Schaumstoffpolstern<br \/>\n+ \u00c4u\u00dferst strapazierf\u00e4hige FriXion\u00ae Blue-Lauffl\u00e4chenmischung<br \/>\n+ Traditionelles Schn\u00fcrsystem f\u00fcr perfekte Volumenanpassung<br \/>\n+ Thermogeformte Zehenkappe f\u00fcr maximale Leichtigkeit und Volumenkontrolle+ Morpho-Dynamic Zwischensohlenkonstruktion f\u00fcr maximale D\u00e4mpfunggeformte Zehenkappe f\u00fcr maximale Leichtigkeit und Volumeneind\u00e4mmung<br \/>\n+ Zwischensohle mit Morpho-Dynamic-Konstruktion f\u00fcr maximale D\u00e4mpfung<br \/>\n+ Cushoning Platform EVA-Einlage f\u00fcr verbesserte D\u00e4mpfung<\/p>\n<p><b>Obermaterial:<\/b><br \/>\nEinfach gestricktes Mesh + Rip-Stop-Gewebe + Sandwich-Mesh + TPU-Verst\u00e4rkungen<br \/>\nFutter<b>:<\/b><br \/>\nRutschfestes Mesh<br \/>\n<b>Mittelsohle:<\/b><br \/>\nMEMElex EVA Injektion und Cushoning Platform Einsatz<br \/>\n<b>Laufsohle:<\/b><br \/>\nFriXion\u00ae Blue mit Impact Brake System<br \/>\n<b>Fu\u00dfbett:<\/b><br \/>\nOrtholite\u00ae Mountain Running Ergonomic 4 mm<\/div><\/div><\/p>\n","protected":false},"excerpt":{"rendered":"","protected":false},"featured_media":162057,"template":"","meta":{"_acf_changed":false,"inline_featured_image":false},"product_brand":[],"product_cat":[6474,6491],"product_tag":[6248,6220],"class_list":{"0":"post-175295","1":"product","2":"type-product","3":"status-publish","4":"has-post-thumbnail","6":"product_cat-damenschuhe","7":"product_cat-damentrailschuhe","8":"product_tag-la-sportiva-de","9":"product_tag-la-sportiva-damen-de","10":"pa_attivita-gehen","11":"pa_attivita-outdoor-de","12":"pa_attivita-trail-de","13":"pa_colore-helios-iii-w-hibiscus-malibu-blue-de","14":"pa_colore-helios-iii-w-mineral-red-hurricane-de","15":"pa_colore-helios-iii-w-zest-night-sky-de","16":"pa_marca-la-sportiva-de","17":"pa_sesso-damen","18":"pa_size-37-5-de","19":"pa_size-38-de","20":"pa_size-38-5-de","21":"pa_size-39-de","22":"pa_size-39-5-de","23":"pa_size-40-de","24":"pa_size-40-5-de","25":"pa_size-41-de","27":"first","28":"instock","29":"sale","30":"taxable","31":"shipping-taxable","32":"purchasable","33":"product-type-variable","34":"wvs-archive-product-wrapper"},"acf":[],"yoast_head":"<!-- This site is optimized with the Yoast SEO plugin v26.8 - https:\/\/yoast.com\/product\/yoast-seo-wordpress\/ -->\n<title>La sportiva Helios III damen - Damen-Trail-Schuhe - MioMioRun .com<\/title>\n<meta name=\"description\" content=\"Der Helios III ist der &quot;Door to Trail&quot;-Schuh, der f\u00fcr Training und Rennen auf hartem Gel\u00e4nde entwickelt wurde. Mit einem leichten und atmungsaktiven Obermaterial.\" \/>\n<meta name=\"robots\" content=\"index, follow, max-snippet:-1, max-image-preview:large, max-video-preview:-1\" \/>\n<link rel=\"canonical\" href=\"https:\/\/www.miomiorun.com\/de\/produkt\/la-sportiva-helios-iii-damen\/\" \/>\n<meta property=\"og:locale\" content=\"de_DE\" \/>\n<meta property=\"og:type\" content=\"article\" \/>\n<meta property=\"og:title\" content=\"La sportiva Helios III damen - Damen-Trail-Schuhe - MioMioRun .com\" \/>\n<meta property=\"og:description\" content=\"Der Helios III ist der &quot;Door to Trail&quot;-Schuh, der f\u00fcr Training und Rennen auf hartem Gel\u00e4nde entwickelt wurde. Mit einem leichten und atmungsaktiven Obermaterial.\" \/>\n<meta property=\"og:url\" content=\"https:\/\/www.miomiorun.com\/de\/produkt\/la-sportiva-helios-iii-damen\/\" \/>\n<meta property=\"og:site_name\" content=\"MioMioRun\" \/>\n<meta property=\"article:publisher\" content=\"https:\/\/www.facebook.com\/miomiorun\/\" \/>\n<meta property=\"article:modified_time\" content=\"2025-03-07T11:04:13+00:00\" \/>\n<meta property=\"og:image\" content=\"https:\/\/www.miomiorun.com\/app\/uploads\/2024\/03\/La-Sportiva-Helios-III-W-topaz-red-plum-46E624502.jpg\" \/>\n\t<meta property=\"og:image:width\" content=\"600\" \/>\n\t<meta property=\"og:image:height\" content=\"600\" \/>\n\t<meta property=\"og:image:type\" content=\"image\/jpeg\" \/>\n<meta name=\"twitter:card\" content=\"summary_large_image\" \/>\n<meta name=\"twitter:label1\" content=\"Est. reading time\" \/>\n\t<meta name=\"twitter:data1\" content=\"2 minutes\" \/>\n<script type=\"application\/ld+json\" class=\"yoast-schema-graph\">{\"@context\":\"https:\/\/schema.org\",\"@graph\":[{\"@type\":\"WebPage\",\"@id\":\"https:\/\/www.miomiorun.com\/de\/produkt\/la-sportiva-helios-iii-damen\/\",\"url\":\"https:\/\/www.miomiorun.com\/de\/produkt\/la-sportiva-helios-iii-damen\/\",\"name\":\"La sportiva Helios III damen - Damen-Trail-Schuhe - MioMioRun .com\",\"isPartOf\":{\"@id\":\"https:\/\/www.miomiorun.com\/de\/#website\"},\"primaryImageOfPage\":{\"@id\":\"https:\/\/www.miomiorun.com\/de\/produkt\/la-sportiva-helios-iii-damen\/#primaryimage\"},\"image\":{\"@id\":\"https:\/\/www.miomiorun.com\/de\/produkt\/la-sportiva-helios-iii-damen\/#primaryimage\"},\"thumbnailUrl\":\"https:\/\/www.miomiorun.com\/app\/uploads\/2024\/03\/La-Sportiva-Helios-III-W-topaz-red-plum-46E624502.jpg\",\"datePublished\":\"2020-05-23T08:58:34+00:00\",\"dateModified\":\"2025-03-07T11:04:13+00:00\",\"description\":\"Der Helios III ist der \\\"Door to Trail\\\"-Schuh, der f\u00fcr Training und Rennen auf hartem Gel\u00e4nde entwickelt wurde. Mit einem leichten und atmungsaktiven Obermaterial.\",\"breadcrumb\":{\"@id\":\"https:\/\/www.miomiorun.com\/de\/produkt\/la-sportiva-helios-iii-damen\/#breadcrumb\"},\"inLanguage\":\"de-DE\",\"potentialAction\":[{\"@type\":\"ReadAction\",\"target\":[\"https:\/\/www.miomiorun.com\/de\/produkt\/la-sportiva-helios-iii-damen\/\"]}]},{\"@type\":\"ImageObject\",\"inLanguage\":\"de-DE\",\"@id\":\"https:\/\/www.miomiorun.com\/de\/produkt\/la-sportiva-helios-iii-damen\/#primaryimage\",\"url\":\"https:\/\/www.miomiorun.com\/app\/uploads\/2024\/03\/La-Sportiva-Helios-III-W-topaz-red-plum-46E624502.jpg\",\"contentUrl\":\"https:\/\/www.miomiorun.com\/app\/uploads\/2024\/03\/La-Sportiva-Helios-III-W-topaz-red-plum-46E624502.jpg\",\"width\":600,\"height\":600,\"caption\":\"La-Sportiva-Helios-III-W-topaz-red-plum-46E624502\"},{\"@type\":\"BreadcrumbList\",\"@id\":\"https:\/\/www.miomiorun.com\/de\/produkt\/la-sportiva-helios-iii-damen\/#breadcrumb\",\"itemListElement\":[{\"@type\":\"ListItem\",\"position\":1,\"name\":\"Home\",\"item\":\"https:\/\/www.miomiorun.com\/de\/\"},{\"@type\":\"ListItem\",\"position\":2,\"name\":\"Shop\",\"item\":\"https:\/\/www.miomiorun.com\/shop\/\"},{\"@type\":\"ListItem\",\"position\":3,\"name\":\"Helios III damen\"}]},{\"@type\":\"WebSite\",\"@id\":\"https:\/\/www.miomiorun.com\/de\/#website\",\"url\":\"https:\/\/www.miomiorun.com\/de\/\",\"name\":\"MioMioRun\",\"description\":\"100% Lauf- und Trailshop\",\"publisher\":{\"@id\":\"https:\/\/www.miomiorun.com\/de\/#organization\"},\"potentialAction\":[{\"@type\":\"SearchAction\",\"target\":{\"@type\":\"EntryPoint\",\"urlTemplate\":\"https:\/\/www.miomiorun.com\/de\/?s={search_term_string}\"},\"query-input\":{\"@type\":\"PropertyValueSpecification\",\"valueRequired\":true,\"valueName\":\"search_term_string\"}}],\"inLanguage\":\"de-DE\"},{\"@type\":\"Organization\",\"@id\":\"https:\/\/www.miomiorun.com\/de\/#organization\",\"name\":\"MioMio Run\",\"url\":\"https:\/\/www.miomiorun.com\/de\/\",\"logo\":{\"@type\":\"ImageObject\",\"inLanguage\":\"de-DE\",\"@id\":\"https:\/\/www.miomiorun.com\/de\/#\/schema\/logo\/image\/\",\"url\":\"https:\/\/www.miomiorun.com\/app\/uploads\/2019\/12\/logomio.png\",\"contentUrl\":\"https:\/\/www.miomiorun.com\/app\/uploads\/2019\/12\/logomio.png\",\"width\":115,\"height\":82,\"caption\":\"MioMio Run\"},\"image\":{\"@id\":\"https:\/\/www.miomiorun.com\/de\/#\/schema\/logo\/image\/\"},\"sameAs\":[\"https:\/\/www.facebook.com\/miomiorun\/\",\"https:\/\/www.instagram.com\/miomiorun\/\"]}]}<\/script>\n<!-- \/ Yoast SEO plugin. -->","yoast_head_json":{"title":"La sportiva Helios III damen - Damen-Trail-Schuhe - MioMioRun .com","description":"Der Helios III ist der \"Door to Trail\"-Schuh, der f\u00fcr Training und Rennen auf hartem Gel\u00e4nde entwickelt wurde. Mit einem leichten und atmungsaktiven Obermaterial.","robots":{"index":"index","follow":"follow","max-snippet":"max-snippet:-1","max-image-preview":"max-image-preview:large","max-video-preview":"max-video-preview:-1"},"canonical":"https:\/\/www.miomiorun.com\/de\/produkt\/la-sportiva-helios-iii-damen\/","og_locale":"de_DE","og_type":"article","og_title":"La sportiva Helios III damen - Damen-Trail-Schuhe - MioMioRun .com","og_description":"Der Helios III ist der \"Door to Trail\"-Schuh, der f\u00fcr Training und Rennen auf hartem Gel\u00e4nde entwickelt wurde. Mit einem leichten und atmungsaktiven Obermaterial.","og_url":"https:\/\/www.miomiorun.com\/de\/produkt\/la-sportiva-helios-iii-damen\/","og_site_name":"MioMioRun","article_publisher":"https:\/\/www.facebook.com\/miomiorun\/","article_modified_time":"2025-03-07T11:04:13+00:00","og_image":[{"width":600,"height":600,"url":"https:\/\/www.miomiorun.com\/app\/uploads\/2024\/03\/La-Sportiva-Helios-III-W-topaz-red-plum-46E624502.jpg","type":"image\/jpeg"}],"twitter_card":"summary_large_image","twitter_misc":{"Est. reading time":"2 minutes"},"schema":{"@context":"https:\/\/schema.org","@graph":[{"@type":"WebPage","@id":"https:\/\/www.miomiorun.com\/de\/produkt\/la-sportiva-helios-iii-damen\/","url":"https:\/\/www.miomiorun.com\/de\/produkt\/la-sportiva-helios-iii-damen\/","name":"La sportiva Helios III damen - Damen-Trail-Schuhe - MioMioRun .com","isPartOf":{"@id":"https:\/\/www.miomiorun.com\/de\/#website"},"primaryImageOfPage":{"@id":"https:\/\/www.miomiorun.com\/de\/produkt\/la-sportiva-helios-iii-damen\/#primaryimage"},"image":{"@id":"https:\/\/www.miomiorun.com\/de\/produkt\/la-sportiva-helios-iii-damen\/#primaryimage"},"thumbnailUrl":"https:\/\/www.miomiorun.com\/app\/uploads\/2024\/03\/La-Sportiva-Helios-III-W-topaz-red-plum-46E624502.jpg","datePublished":"2020-05-23T08:58:34+00:00","dateModified":"2025-03-07T11:04:13+00:00","description":"Der Helios III ist der \"Door to Trail\"-Schuh, der f\u00fcr Training und Rennen auf hartem Gel\u00e4nde entwickelt wurde. Mit einem leichten und atmungsaktiven Obermaterial.","breadcrumb":{"@id":"https:\/\/www.miomiorun.com\/de\/produkt\/la-sportiva-helios-iii-damen\/#breadcrumb"},"inLanguage":"de-DE","potentialAction":[{"@type":"ReadAction","target":["https:\/\/www.miomiorun.com\/de\/produkt\/la-sportiva-helios-iii-damen\/"]}]},{"@type":"ImageObject","inLanguage":"de-DE","@id":"https:\/\/www.miomiorun.com\/de\/produkt\/la-sportiva-helios-iii-damen\/#primaryimage","url":"https:\/\/www.miomiorun.com\/app\/uploads\/2024\/03\/La-Sportiva-Helios-III-W-topaz-red-plum-46E624502.jpg","contentUrl":"https:\/\/www.miomiorun.com\/app\/uploads\/2024\/03\/La-Sportiva-Helios-III-W-topaz-red-plum-46E624502.jpg","width":600,"height":600,"caption":"La-Sportiva-Helios-III-W-topaz-red-plum-46E624502"},{"@type":"BreadcrumbList","@id":"https:\/\/www.miomiorun.com\/de\/produkt\/la-sportiva-helios-iii-damen\/#breadcrumb","itemListElement":[{"@type":"ListItem","position":1,"name":"Home","item":"https:\/\/www.miomiorun.com\/de\/"},{"@type":"ListItem","position":2,"name":"Shop","item":"https:\/\/www.miomiorun.com\/shop\/"},{"@type":"ListItem","position":3,"name":"Helios III damen"}]},{"@type":"WebSite","@id":"https:\/\/www.miomiorun.com\/de\/#website","url":"https:\/\/www.miomiorun.com\/de\/","name":"MioMioRun","description":"100% Lauf- und Trailshop","publisher":{"@id":"https:\/\/www.miomiorun.com\/de\/#organization"},"potentialAction":[{"@type":"SearchAction","target":{"@type":"EntryPoint","urlTemplate":"https:\/\/www.miomiorun.com\/de\/?s={search_term_string}"},"query-input":{"@type":"PropertyValueSpecification","valueRequired":true,"valueName":"search_term_string"}}],"inLanguage":"de-DE"},{"@type":"Organization","@id":"https:\/\/www.miomiorun.com\/de\/#organization","name":"MioMio Run","url":"https:\/\/www.miomiorun.com\/de\/","logo":{"@type":"ImageObject","inLanguage":"de-DE","@id":"https:\/\/www.miomiorun.com\/de\/#\/schema\/logo\/image\/","url":"https:\/\/www.miomiorun.com\/app\/uploads\/2019\/12\/logomio.png","contentUrl":"https:\/\/www.miomiorun.com\/app\/uploads\/2019\/12\/logomio.png","width":115,"height":82,"caption":"MioMio Run"},"image":{"@id":"https:\/\/www.miomiorun.com\/de\/#\/schema\/logo\/image\/"},"sameAs":["https:\/\/www.facebook.com\/miomiorun\/","https:\/\/www.instagram.com\/miomiorun\/"]}]}},"_links":{"self":[{"href":"https:\/\/www.miomiorun.com\/de\/wp-json\/wp\/v2\/product\/175295","targetHints":{"allow":["GET"]}}],"collection":[{"href":"https:\/\/www.miomiorun.com\/de\/wp-json\/wp\/v2\/product"}],"about":[{"href":"https:\/\/www.miomiorun.com\/de\/wp-json\/wp\/v2\/types\/product"}],"wp:featuredmedia":[{"embeddable":true,"href":"https:\/\/www.miomiorun.com\/de\/wp-json\/wp\/v2\/media\/162057"}],"wp:attachment":[{"href":"https:\/\/www.miomiorun.com\/de\/wp-json\/wp\/v2\/media?parent=175295"}],"wp:term":[{"taxonomy":"product_brand","embeddable":true,"href":"https:\/\/www.miomiorun.com\/de\/wp-json\/wp\/v2\/product_brand?post=175295"},{"taxonomy":"product_cat","embeddable":true,"href":"https:\/\/www.miomiorun.com\/de\/wp-json\/wp\/v2\/product_cat?post=175295"},{"taxonomy":"product_tag","embeddable":true,"href":"https:\/\/www.miomiorun.com\/de\/wp-json\/wp\/v2\/product_tag?post=175295"}],"curies":[{"name":"wp","href":"https:\/\/api.w.org\/{rel}","templated":true}]}}