{"id":174481,"date":"2021-02-27T11:07:15","date_gmt":"2021-02-27T10:07:15","guid":{"rendered":"https:\/\/miomiorun.com\/prodotto\/saucony-ride-13-bambina\/"},"modified":"2025-10-09T15:42:42","modified_gmt":"2025-10-09T13:42:42","slug":"saucony-ride-13-maedchen","status":"publish","type":"product","link":"https:\/\/www.miomiorun.com\/de\/produkt\/saucony-ride-13-maedchen\/","title":{"rendered":"Ride 13 M\u00e4dchen"},"content":{"rendered":"<div class=\"vc-row container\"><div class=\"vc-column\"><div class=\"vc-column-text\"><\/p>\n<h4>Specifiche tecniche<\/h4>\n<p>Categoria: Ammortizzazione strutturata<br \/>\nOffset: 8mm<br \/>\nIdeale per : ragazze che hanno bisogno di una scarpa con una buona ammortizzazione e una buona struttura. Ideale per i primi approcci all&#8217;attivit\u00e0 sportiva o per ragazze che propendono gi\u00e0 per affrontare medio-lunghe distanze.<br \/>\n<a href=\"https:\/\/miomiorun.com\/de\/leitfaden-fuer-technische-spezifikationen\/\">Guida alle specifiche tecniche<\/a><\/p>\n<p><\/div><\/div><div class=\"vc-column\"><div class=\"vc-column-text\">Eine sanfte und angenehme Fahrt.<\/p>\n<p>F\u00fcr alle, die sich auf jeder Fahrt zuverl\u00e4ssigen Komfort w\u00fcnschen, ebnet der RIDE 13 mit noch weicherer D\u00e4mpfung und einer neuen aerodynamischen Passform den Weg zu reibungslosen Kilometern.<\/p>\n<h2>\u00dcberblick<\/h2>\n<p>&#8211; ISOFIT: passt sich dem Fu\u00df an, f\u00fcr eine individuelle Passform<br \/>\n&#8211; Geformtes und komprimiertes EVA<br \/>\n&#8211; Geruchshemmende und antibakterielle Polsterung<br \/>\n&#8211; Stabilisierender Powergrid-Einsatz im Fersenbereich<br \/>\n&#8211; Hervorragender Grip mit der TRI-FLEX-Sohle<br \/>\n&#8211; Abriebfeste und abriebfeste Laufsohle<\/div><\/div><\/div>\n","protected":false},"excerpt":{"rendered":"","protected":false},"featured_media":54434,"template":"","meta":{"_acf_changed":false,"inline_featured_image":false},"product_brand":[],"product_cat":[19445,6399],"product_tag":[3391,6277],"class_list":{"0":"post-174481","1":"product","2":"type-product","3":"status-publish","4":"has-post-thumbnail","6":"product_cat-schuhe-fur-madchen","7":"product_cat-kind-de","8":"product_tag-saucony-de","9":"product_tag-saucony-maedchen-de","10":"pa_attivita-fitness-de","11":"pa_attivita-gehen","12":"pa_attivita-lifestyle-de","13":"pa_attivita-running-de","14":"pa_colore-girls-ride-13-black-pink-de","15":"pa_marca-saucony-de","16":"pa_sesso-damen","17":"pa_size-35-5-de","19":"first","20":"instock","21":"sale","22":"taxable","23":"shipping-taxable","24":"purchasable","25":"product-type-variable","26":"wvs-archive-product-wrapper"},"acf":[],"yoast_head":"<!-- This site is optimized with the Yoast SEO plugin v26.8 - https:\/\/yoast.com\/product\/yoast-seo-wordpress\/ -->\n<title>Ride 13 M\u00e4dchen - Laufschuhe f\u00fcr M\u00e4dchen - MioMioRun<\/title>\n<meta name=\"description\" content=\"Entdecken Sie auf MioMioRun.de den neuen Saucony Ride 13 f\u00fcr Kinder! Der Laufschuh f\u00fcr zuverl\u00e4ssigen Komfort bei jedem Lauf\" \/>\n<meta name=\"robots\" content=\"index, follow, max-snippet:-1, max-image-preview:large, max-video-preview:-1\" \/>\n<link rel=\"canonical\" href=\"https:\/\/www.miomiorun.com\/de\/produkt\/saucony-ride-13-maedchen\/\" \/>\n<meta property=\"og:locale\" content=\"de_DE\" \/>\n<meta property=\"og:type\" content=\"article\" \/>\n<meta property=\"og:title\" content=\"Ride 13 M\u00e4dchen - Laufschuhe f\u00fcr M\u00e4dchen - MioMioRun\" \/>\n<meta property=\"og:description\" content=\"Entdecken Sie auf MioMioRun.de den neuen Saucony Ride 13 f\u00fcr Kinder! Der Laufschuh f\u00fcr zuverl\u00e4ssigen Komfort bei jedem Lauf\" \/>\n<meta property=\"og:url\" content=\"https:\/\/www.miomiorun.com\/de\/produkt\/saucony-ride-13-maedchen\/\" \/>\n<meta property=\"og:site_name\" content=\"MioMioRun\" \/>\n<meta property=\"article:publisher\" content=\"https:\/\/www.facebook.com\/miomiorun\/\" \/>\n<meta property=\"article:modified_time\" content=\"2025-10-09T13:42:42+00:00\" \/>\n<meta property=\"og:image\" content=\"https:\/\/www.miomiorun.com\/app\/uploads\/2021\/02\/saucony-ride-13-SK164330.jpg\" \/>\n\t<meta property=\"og:image:width\" content=\"600\" \/>\n\t<meta property=\"og:image:height\" content=\"600\" \/>\n\t<meta property=\"og:image:type\" content=\"image\/jpeg\" \/>\n<meta name=\"twitter:card\" content=\"summary_large_image\" \/>\n<meta name=\"twitter:label1\" content=\"Est. reading time\" \/>\n\t<meta name=\"twitter:data1\" content=\"1 minute\" \/>\n<script type=\"application\/ld+json\" class=\"yoast-schema-graph\">{\"@context\":\"https:\/\/schema.org\",\"@graph\":[{\"@type\":\"WebPage\",\"@id\":\"https:\/\/www.miomiorun.com\/de\/produkt\/saucony-ride-13-maedchen\/\",\"url\":\"https:\/\/www.miomiorun.com\/de\/produkt\/saucony-ride-13-maedchen\/\",\"name\":\"Ride 13 M\u00e4dchen - Laufschuhe f\u00fcr M\u00e4dchen - MioMioRun\",\"isPartOf\":{\"@id\":\"https:\/\/www.miomiorun.com\/de\/#website\"},\"primaryImageOfPage\":{\"@id\":\"https:\/\/www.miomiorun.com\/de\/produkt\/saucony-ride-13-maedchen\/#primaryimage\"},\"image\":{\"@id\":\"https:\/\/www.miomiorun.com\/de\/produkt\/saucony-ride-13-maedchen\/#primaryimage\"},\"thumbnailUrl\":\"https:\/\/www.miomiorun.com\/app\/uploads\/2021\/02\/saucony-ride-13-SK164330.jpg\",\"datePublished\":\"2021-02-27T10:07:15+00:00\",\"dateModified\":\"2025-10-09T13:42:42+00:00\",\"description\":\"Entdecken Sie auf MioMioRun.de den neuen Saucony Ride 13 f\u00fcr Kinder! Der Laufschuh f\u00fcr zuverl\u00e4ssigen Komfort bei jedem Lauf\",\"breadcrumb\":{\"@id\":\"https:\/\/www.miomiorun.com\/de\/produkt\/saucony-ride-13-maedchen\/#breadcrumb\"},\"inLanguage\":\"de-DE\",\"potentialAction\":[{\"@type\":\"ReadAction\",\"target\":[\"https:\/\/www.miomiorun.com\/de\/produkt\/saucony-ride-13-maedchen\/\"]}]},{\"@type\":\"ImageObject\",\"inLanguage\":\"de-DE\",\"@id\":\"https:\/\/www.miomiorun.com\/de\/produkt\/saucony-ride-13-maedchen\/#primaryimage\",\"url\":\"https:\/\/www.miomiorun.com\/app\/uploads\/2021\/02\/saucony-ride-13-SK164330.jpg\",\"contentUrl\":\"https:\/\/www.miomiorun.com\/app\/uploads\/2021\/02\/saucony-ride-13-SK164330.jpg\",\"width\":600,\"height\":600,\"caption\":\"saucony ride 13 profilo\"},{\"@type\":\"BreadcrumbList\",\"@id\":\"https:\/\/www.miomiorun.com\/de\/produkt\/saucony-ride-13-maedchen\/#breadcrumb\",\"itemListElement\":[{\"@type\":\"ListItem\",\"position\":1,\"name\":\"Home\",\"item\":\"https:\/\/www.miomiorun.com\/de\/\"},{\"@type\":\"ListItem\",\"position\":2,\"name\":\"Shop\",\"item\":\"https:\/\/www.miomiorun.com\/shop\/\"},{\"@type\":\"ListItem\",\"position\":3,\"name\":\"Ride 13 M\u00e4dchen\"}]},{\"@type\":\"WebSite\",\"@id\":\"https:\/\/www.miomiorun.com\/de\/#website\",\"url\":\"https:\/\/www.miomiorun.com\/de\/\",\"name\":\"MioMioRun\",\"description\":\"100% Lauf- und Trailshop\",\"publisher\":{\"@id\":\"https:\/\/www.miomiorun.com\/de\/#organization\"},\"potentialAction\":[{\"@type\":\"SearchAction\",\"target\":{\"@type\":\"EntryPoint\",\"urlTemplate\":\"https:\/\/www.miomiorun.com\/de\/?s={search_term_string}\"},\"query-input\":{\"@type\":\"PropertyValueSpecification\",\"valueRequired\":true,\"valueName\":\"search_term_string\"}}],\"inLanguage\":\"de-DE\"},{\"@type\":\"Organization\",\"@id\":\"https:\/\/www.miomiorun.com\/de\/#organization\",\"name\":\"MioMio Run\",\"url\":\"https:\/\/www.miomiorun.com\/de\/\",\"logo\":{\"@type\":\"ImageObject\",\"inLanguage\":\"de-DE\",\"@id\":\"https:\/\/www.miomiorun.com\/de\/#\/schema\/logo\/image\/\",\"url\":\"https:\/\/www.miomiorun.com\/app\/uploads\/2019\/12\/logomio.png\",\"contentUrl\":\"https:\/\/www.miomiorun.com\/app\/uploads\/2019\/12\/logomio.png\",\"width\":115,\"height\":82,\"caption\":\"MioMio Run\"},\"image\":{\"@id\":\"https:\/\/www.miomiorun.com\/de\/#\/schema\/logo\/image\/\"},\"sameAs\":[\"https:\/\/www.facebook.com\/miomiorun\/\",\"https:\/\/www.instagram.com\/miomiorun\/\"]}]}<\/script>\n<!-- \/ Yoast SEO plugin. -->","yoast_head_json":{"title":"Ride 13 M\u00e4dchen - Laufschuhe f\u00fcr M\u00e4dchen - MioMioRun","description":"Entdecken Sie auf MioMioRun.de den neuen Saucony Ride 13 f\u00fcr Kinder! Der Laufschuh f\u00fcr zuverl\u00e4ssigen Komfort bei jedem Lauf","robots":{"index":"index","follow":"follow","max-snippet":"max-snippet:-1","max-image-preview":"max-image-preview:large","max-video-preview":"max-video-preview:-1"},"canonical":"https:\/\/www.miomiorun.com\/de\/produkt\/saucony-ride-13-maedchen\/","og_locale":"de_DE","og_type":"article","og_title":"Ride 13 M\u00e4dchen - Laufschuhe f\u00fcr M\u00e4dchen - MioMioRun","og_description":"Entdecken Sie auf MioMioRun.de den neuen Saucony Ride 13 f\u00fcr Kinder! Der Laufschuh f\u00fcr zuverl\u00e4ssigen Komfort bei jedem Lauf","og_url":"https:\/\/www.miomiorun.com\/de\/produkt\/saucony-ride-13-maedchen\/","og_site_name":"MioMioRun","article_publisher":"https:\/\/www.facebook.com\/miomiorun\/","article_modified_time":"2025-10-09T13:42:42+00:00","og_image":[{"width":600,"height":600,"url":"https:\/\/www.miomiorun.com\/app\/uploads\/2021\/02\/saucony-ride-13-SK164330.jpg","type":"image\/jpeg"}],"twitter_card":"summary_large_image","twitter_misc":{"Est. reading time":"1 minute"},"schema":{"@context":"https:\/\/schema.org","@graph":[{"@type":"WebPage","@id":"https:\/\/www.miomiorun.com\/de\/produkt\/saucony-ride-13-maedchen\/","url":"https:\/\/www.miomiorun.com\/de\/produkt\/saucony-ride-13-maedchen\/","name":"Ride 13 M\u00e4dchen - Laufschuhe f\u00fcr M\u00e4dchen - MioMioRun","isPartOf":{"@id":"https:\/\/www.miomiorun.com\/de\/#website"},"primaryImageOfPage":{"@id":"https:\/\/www.miomiorun.com\/de\/produkt\/saucony-ride-13-maedchen\/#primaryimage"},"image":{"@id":"https:\/\/www.miomiorun.com\/de\/produkt\/saucony-ride-13-maedchen\/#primaryimage"},"thumbnailUrl":"https:\/\/www.miomiorun.com\/app\/uploads\/2021\/02\/saucony-ride-13-SK164330.jpg","datePublished":"2021-02-27T10:07:15+00:00","dateModified":"2025-10-09T13:42:42+00:00","description":"Entdecken Sie auf MioMioRun.de den neuen Saucony Ride 13 f\u00fcr Kinder! Der Laufschuh f\u00fcr zuverl\u00e4ssigen Komfort bei jedem Lauf","breadcrumb":{"@id":"https:\/\/www.miomiorun.com\/de\/produkt\/saucony-ride-13-maedchen\/#breadcrumb"},"inLanguage":"de-DE","potentialAction":[{"@type":"ReadAction","target":["https:\/\/www.miomiorun.com\/de\/produkt\/saucony-ride-13-maedchen\/"]}]},{"@type":"ImageObject","inLanguage":"de-DE","@id":"https:\/\/www.miomiorun.com\/de\/produkt\/saucony-ride-13-maedchen\/#primaryimage","url":"https:\/\/www.miomiorun.com\/app\/uploads\/2021\/02\/saucony-ride-13-SK164330.jpg","contentUrl":"https:\/\/www.miomiorun.com\/app\/uploads\/2021\/02\/saucony-ride-13-SK164330.jpg","width":600,"height":600,"caption":"saucony ride 13 profilo"},{"@type":"BreadcrumbList","@id":"https:\/\/www.miomiorun.com\/de\/produkt\/saucony-ride-13-maedchen\/#breadcrumb","itemListElement":[{"@type":"ListItem","position":1,"name":"Home","item":"https:\/\/www.miomiorun.com\/de\/"},{"@type":"ListItem","position":2,"name":"Shop","item":"https:\/\/www.miomiorun.com\/shop\/"},{"@type":"ListItem","position":3,"name":"Ride 13 M\u00e4dchen"}]},{"@type":"WebSite","@id":"https:\/\/www.miomiorun.com\/de\/#website","url":"https:\/\/www.miomiorun.com\/de\/","name":"MioMioRun","description":"100% Lauf- und Trailshop","publisher":{"@id":"https:\/\/www.miomiorun.com\/de\/#organization"},"potentialAction":[{"@type":"SearchAction","target":{"@type":"EntryPoint","urlTemplate":"https:\/\/www.miomiorun.com\/de\/?s={search_term_string}"},"query-input":{"@type":"PropertyValueSpecification","valueRequired":true,"valueName":"search_term_string"}}],"inLanguage":"de-DE"},{"@type":"Organization","@id":"https:\/\/www.miomiorun.com\/de\/#organization","name":"MioMio Run","url":"https:\/\/www.miomiorun.com\/de\/","logo":{"@type":"ImageObject","inLanguage":"de-DE","@id":"https:\/\/www.miomiorun.com\/de\/#\/schema\/logo\/image\/","url":"https:\/\/www.miomiorun.com\/app\/uploads\/2019\/12\/logomio.png","contentUrl":"https:\/\/www.miomiorun.com\/app\/uploads\/2019\/12\/logomio.png","width":115,"height":82,"caption":"MioMio Run"},"image":{"@id":"https:\/\/www.miomiorun.com\/de\/#\/schema\/logo\/image\/"},"sameAs":["https:\/\/www.facebook.com\/miomiorun\/","https:\/\/www.instagram.com\/miomiorun\/"]}]}},"_links":{"self":[{"href":"https:\/\/www.miomiorun.com\/de\/wp-json\/wp\/v2\/product\/174481","targetHints":{"allow":["GET"]}}],"collection":[{"href":"https:\/\/www.miomiorun.com\/de\/wp-json\/wp\/v2\/product"}],"about":[{"href":"https:\/\/www.miomiorun.com\/de\/wp-json\/wp\/v2\/types\/product"}],"wp:featuredmedia":[{"embeddable":true,"href":"https:\/\/www.miomiorun.com\/de\/wp-json\/wp\/v2\/media\/54434"}],"wp:attachment":[{"href":"https:\/\/www.miomiorun.com\/de\/wp-json\/wp\/v2\/media?parent=174481"}],"wp:term":[{"taxonomy":"product_brand","embeddable":true,"href":"https:\/\/www.miomiorun.com\/de\/wp-json\/wp\/v2\/product_brand?post=174481"},{"taxonomy":"product_cat","embeddable":true,"href":"https:\/\/www.miomiorun.com\/de\/wp-json\/wp\/v2\/product_cat?post=174481"},{"taxonomy":"product_tag","embeddable":true,"href":"https:\/\/www.miomiorun.com\/de\/wp-json\/wp\/v2\/product_tag?post=174481"}],"curies":[{"name":"wp","href":"https:\/\/api.w.org\/{rel}","templated":true}]}}