{"id":174356,"date":"2023-10-25T11:14:59","date_gmt":"2023-10-25T09:14:59","guid":{"rendered":"https:\/\/miomiorun.com\/prodotto\/kinvara-14-kdz\/"},"modified":"2025-06-28T10:48:40","modified_gmt":"2025-06-28T08:48:40","slug":"kinvara-14-kdz","status":"publish","type":"product","link":"https:\/\/www.miomiorun.com\/de\/produkt\/kinvara-14-kdz\/","title":{"rendered":"Kinvara 14 KDZ"},"content":{"rendered":"<p><div class=\"vc-row container\"><div class=\"vc-column\"><div class=\"vc-column-text\">[port_content_box border_top_colour=&#8221;black&#8221; border_radius=&#8221;20&#8243; border_top_width=&#8221;3&#8243; align=&#8221;centre&#8221;]<\/p>\n<p><strong>Technische Daten<\/strong><\/p>\n<p>Kategorie: reaktionsfreudige D\u00e4mpfung<br \/>\nIdeal f\u00fcr: Jungen, die einen reaktionsfreudigeren Schuh ben\u00f6tigen, weil sie bereits eine gute Lauftechnik haben, oder die auf Disziplinen mit mittleren bis kurzen Distanzen abzielen.<\/p>\n<p><a href=\"https:\/\/miomiorun.com\/de\/leitfaden-fuer-technische-spezifikationen\/\">Leitfaden zu den technischen Daten<\/a><\/p>\n<p>[\/porto_content_box]<\/div><\/div><div class=\"vc-column\"><div class=\"vc-column-text\">Diese flexiblen, atmungsaktiven Laufschuhe f\u00fcr Jungen sind von unserer Version f\u00fcr Erwachsene inspiriert und bieten dank der Memory-Foam-Technologie und dem konturierten Fu\u00dfbett einen hohen Laufkomfort. Von Anfang bis Ende ist alles darauf ausgerichtet, dass sie zu deinem Lieblingslaufschuh werden.<\/p>\n<p>Das ist der <strong>Kinvara 14<\/strong> f\u00fcr Kinder!<\/p>\n<p><strong>Eigenschaften:<\/strong><\/p>\n<div class=\"description\">\n<ul>\n<li>Leichte PWRRUN-D\u00e4mpfung<\/li>\n<li>Leistungsstarkes, geformtes FORMFIT-Fu\u00dfbett<\/li>\n<li>FORM2U Memory Foam Technologie im Fu\u00dfbett<\/li>\n<li>Abriebfester Gummi an Zehen und Ferse f\u00fcr Traktion und Haltbarkeit<\/li>\n<li>Leichtes Mesh-Obermaterial f\u00fcr Atmungsaktivit\u00e4t<\/li>\n<li>Verst\u00e4rkte Zehenpartie f\u00fcr Strapazierf\u00e4higkeit<\/li>\n<li>Traditioneller Schn\u00fcrverschluss<\/li>\n<li>Geruchshemmende Beschichtung<\/li>\n<li>100% recyceltes PET-Futter<\/li>\n<li>Flexible Sohlenkonstruktion f\u00fcr einen schnellen \u00dcbergang von St\u00fctze zu Federung<\/li>\n<\/ul>\n<\/div>\n<p><\/div><\/div><\/div>.<\/p>\n","protected":false},"excerpt":{"rendered":"<ul>\n<li>supergepolsterte Schuhe f\u00fcr Kinder<\/li>\n<li>ideal f\u00fcr das t\u00e4gliche Tragen<\/li>\n<\/ul>\n","protected":false},"featured_media":145812,"template":"","meta":{"_acf_changed":false,"inline_featured_image":false},"product_brand":[],"product_cat":[19446,19445,6399],"product_tag":[3391,6273,6277],"class_list":{"0":"post-174356","1":"product","2":"type-product","3":"status-publish","4":"has-post-thumbnail","6":"product_cat-kinderschuhe","7":"product_cat-schuhe-fur-madchen","8":"product_cat-kind-de","9":"product_tag-saucony-de","10":"product_tag-saucony-kind-de","11":"product_tag-saucony-maedchen-de","12":"pa_attivita-fitness-de","13":"pa_attivita-gehen","14":"pa_attivita-lifestyle-de","15":"pa_attivita-running-de","16":"pa_colore-kinvara-14-kdz-ltt-grape-indigo-de","17":"pa_colore-kinvara-14-ltt-navy-red-de","18":"pa_colore-kinvara-14-ltt-vizi-blue-echo-de","19":"pa_colore-kinvara-14-ltt-grey-blue-de","20":"pa_marca-saucony-de","21":"pa_sesso-damen","22":"pa_sesso-herren","23":"pa_size-33-5-de","24":"pa_size-34-de","25":"pa_size-35-de","26":"pa_size-35-5-de","27":"pa_size-36-de","28":"pa_size-36-5-de","29":"pa_size-37-de","31":"first","32":"instock","33":"sale","34":"taxable","35":"shipping-taxable","36":"purchasable","37":"product-type-variable","38":"wvs-archive-product-wrapper"},"acf":[],"yoast_head":"<!-- This site is optimized with the Yoast SEO plugin v26.8 - https:\/\/yoast.com\/product\/yoast-seo-wordpress\/ -->\n<title>Saucony Kinvara 14 KDZ - Kinderschuhe - MioMioRun<\/title>\n<meta name=\"description\" content=\"Diese flexiblen, atmungsaktiven Turnschuhe f\u00fcr Jungen sind von unserem Modell f\u00fcr Erwachsene inspiriert und erm\u00f6glichen ein bequemes Laufen.\" \/>\n<meta name=\"robots\" content=\"index, follow, max-snippet:-1, max-image-preview:large, max-video-preview:-1\" \/>\n<link rel=\"canonical\" href=\"https:\/\/www.miomiorun.com\/de\/produkt\/kinvara-14-kdz\/\" \/>\n<meta property=\"og:locale\" content=\"de_DE\" \/>\n<meta property=\"og:type\" content=\"article\" \/>\n<meta property=\"og:title\" content=\"Saucony Kinvara 14 KDZ - Kinderschuhe - MioMioRun\" \/>\n<meta property=\"og:description\" content=\"Diese flexiblen, atmungsaktiven Turnschuhe f\u00fcr Jungen sind von unserem Modell f\u00fcr Erwachsene inspiriert und erm\u00f6glichen ein bequemes Laufen.\" \/>\n<meta property=\"og:url\" content=\"https:\/\/www.miomiorun.com\/de\/produkt\/kinvara-14-kdz\/\" \/>\n<meta property=\"og:site_name\" content=\"MioMioRun\" \/>\n<meta property=\"article:publisher\" content=\"https:\/\/www.facebook.com\/miomiorun\/\" \/>\n<meta property=\"article:modified_time\" content=\"2025-06-28T08:48:40+00:00\" \/>\n<meta property=\"og:image\" content=\"https:\/\/www.miomiorun.com\/app\/uploads\/2023\/10\/saucony-kinvara-14-ltt-vizi-blue-echo-SK267289.jpg\" \/>\n\t<meta property=\"og:image:width\" content=\"600\" \/>\n\t<meta property=\"og:image:height\" content=\"600\" \/>\n\t<meta property=\"og:image:type\" content=\"image\/jpeg\" \/>\n<meta name=\"twitter:card\" content=\"summary_large_image\" \/>\n<meta name=\"twitter:label1\" content=\"Est. reading time\" \/>\n\t<meta name=\"twitter:data1\" content=\"1 minute\" \/>\n<script type=\"application\/ld+json\" class=\"yoast-schema-graph\">{\"@context\":\"https:\/\/schema.org\",\"@graph\":[{\"@type\":\"WebPage\",\"@id\":\"https:\/\/www.miomiorun.com\/de\/produkt\/kinvara-14-kdz\/\",\"url\":\"https:\/\/www.miomiorun.com\/de\/produkt\/kinvara-14-kdz\/\",\"name\":\"Saucony Kinvara 14 KDZ - Kinderschuhe - MioMioRun\",\"isPartOf\":{\"@id\":\"https:\/\/www.miomiorun.com\/de\/#website\"},\"primaryImageOfPage\":{\"@id\":\"https:\/\/www.miomiorun.com\/de\/produkt\/kinvara-14-kdz\/#primaryimage\"},\"image\":{\"@id\":\"https:\/\/www.miomiorun.com\/de\/produkt\/kinvara-14-kdz\/#primaryimage\"},\"thumbnailUrl\":\"https:\/\/www.miomiorun.com\/app\/uploads\/2023\/10\/saucony-kinvara-14-ltt-vizi-blue-echo-SK267289.jpg\",\"datePublished\":\"2023-10-25T09:14:59+00:00\",\"dateModified\":\"2025-06-28T08:48:40+00:00\",\"description\":\"Diese flexiblen, atmungsaktiven Turnschuhe f\u00fcr Jungen sind von unserem Modell f\u00fcr Erwachsene inspiriert und erm\u00f6glichen ein bequemes Laufen.\",\"breadcrumb\":{\"@id\":\"https:\/\/www.miomiorun.com\/de\/produkt\/kinvara-14-kdz\/#breadcrumb\"},\"inLanguage\":\"de-DE\",\"potentialAction\":[{\"@type\":\"ReadAction\",\"target\":[\"https:\/\/www.miomiorun.com\/de\/produkt\/kinvara-14-kdz\/\"]}]},{\"@type\":\"ImageObject\",\"inLanguage\":\"de-DE\",\"@id\":\"https:\/\/www.miomiorun.com\/de\/produkt\/kinvara-14-kdz\/#primaryimage\",\"url\":\"https:\/\/www.miomiorun.com\/app\/uploads\/2023\/10\/saucony-kinvara-14-ltt-vizi-blue-echo-SK267289.jpg\",\"contentUrl\":\"https:\/\/www.miomiorun.com\/app\/uploads\/2023\/10\/saucony-kinvara-14-ltt-vizi-blue-echo-SK267289.jpg\",\"width\":600,\"height\":600,\"caption\":\"saucony-kinvara-14-ltt-vizi-blue-echo-SK267289\"},{\"@type\":\"BreadcrumbList\",\"@id\":\"https:\/\/www.miomiorun.com\/de\/produkt\/kinvara-14-kdz\/#breadcrumb\",\"itemListElement\":[{\"@type\":\"ListItem\",\"position\":1,\"name\":\"Home\",\"item\":\"https:\/\/www.miomiorun.com\/de\/\"},{\"@type\":\"ListItem\",\"position\":2,\"name\":\"Shop\",\"item\":\"https:\/\/www.miomiorun.com\/shop\/\"},{\"@type\":\"ListItem\",\"position\":3,\"name\":\"Kinvara 14 KDZ\"}]},{\"@type\":\"WebSite\",\"@id\":\"https:\/\/www.miomiorun.com\/de\/#website\",\"url\":\"https:\/\/www.miomiorun.com\/de\/\",\"name\":\"MioMioRun\",\"description\":\"100% Lauf- und Trailshop\",\"publisher\":{\"@id\":\"https:\/\/www.miomiorun.com\/de\/#organization\"},\"potentialAction\":[{\"@type\":\"SearchAction\",\"target\":{\"@type\":\"EntryPoint\",\"urlTemplate\":\"https:\/\/www.miomiorun.com\/de\/?s={search_term_string}\"},\"query-input\":{\"@type\":\"PropertyValueSpecification\",\"valueRequired\":true,\"valueName\":\"search_term_string\"}}],\"inLanguage\":\"de-DE\"},{\"@type\":\"Organization\",\"@id\":\"https:\/\/www.miomiorun.com\/de\/#organization\",\"name\":\"MioMio Run\",\"url\":\"https:\/\/www.miomiorun.com\/de\/\",\"logo\":{\"@type\":\"ImageObject\",\"inLanguage\":\"de-DE\",\"@id\":\"https:\/\/www.miomiorun.com\/de\/#\/schema\/logo\/image\/\",\"url\":\"https:\/\/www.miomiorun.com\/app\/uploads\/2019\/12\/logomio.png\",\"contentUrl\":\"https:\/\/www.miomiorun.com\/app\/uploads\/2019\/12\/logomio.png\",\"width\":115,\"height\":82,\"caption\":\"MioMio Run\"},\"image\":{\"@id\":\"https:\/\/www.miomiorun.com\/de\/#\/schema\/logo\/image\/\"},\"sameAs\":[\"https:\/\/www.facebook.com\/miomiorun\/\",\"https:\/\/www.instagram.com\/miomiorun\/\"]}]}<\/script>\n<!-- \/ Yoast SEO plugin. -->","yoast_head_json":{"title":"Saucony Kinvara 14 KDZ - Kinderschuhe - MioMioRun","description":"Diese flexiblen, atmungsaktiven Turnschuhe f\u00fcr Jungen sind von unserem Modell f\u00fcr Erwachsene inspiriert und erm\u00f6glichen ein bequemes Laufen.","robots":{"index":"index","follow":"follow","max-snippet":"max-snippet:-1","max-image-preview":"max-image-preview:large","max-video-preview":"max-video-preview:-1"},"canonical":"https:\/\/www.miomiorun.com\/de\/produkt\/kinvara-14-kdz\/","og_locale":"de_DE","og_type":"article","og_title":"Saucony Kinvara 14 KDZ - Kinderschuhe - MioMioRun","og_description":"Diese flexiblen, atmungsaktiven Turnschuhe f\u00fcr Jungen sind von unserem Modell f\u00fcr Erwachsene inspiriert und erm\u00f6glichen ein bequemes Laufen.","og_url":"https:\/\/www.miomiorun.com\/de\/produkt\/kinvara-14-kdz\/","og_site_name":"MioMioRun","article_publisher":"https:\/\/www.facebook.com\/miomiorun\/","article_modified_time":"2025-06-28T08:48:40+00:00","og_image":[{"width":600,"height":600,"url":"https:\/\/www.miomiorun.com\/app\/uploads\/2023\/10\/saucony-kinvara-14-ltt-vizi-blue-echo-SK267289.jpg","type":"image\/jpeg"}],"twitter_card":"summary_large_image","twitter_misc":{"Est. reading time":"1 minute"},"schema":{"@context":"https:\/\/schema.org","@graph":[{"@type":"WebPage","@id":"https:\/\/www.miomiorun.com\/de\/produkt\/kinvara-14-kdz\/","url":"https:\/\/www.miomiorun.com\/de\/produkt\/kinvara-14-kdz\/","name":"Saucony Kinvara 14 KDZ - Kinderschuhe - MioMioRun","isPartOf":{"@id":"https:\/\/www.miomiorun.com\/de\/#website"},"primaryImageOfPage":{"@id":"https:\/\/www.miomiorun.com\/de\/produkt\/kinvara-14-kdz\/#primaryimage"},"image":{"@id":"https:\/\/www.miomiorun.com\/de\/produkt\/kinvara-14-kdz\/#primaryimage"},"thumbnailUrl":"https:\/\/www.miomiorun.com\/app\/uploads\/2023\/10\/saucony-kinvara-14-ltt-vizi-blue-echo-SK267289.jpg","datePublished":"2023-10-25T09:14:59+00:00","dateModified":"2025-06-28T08:48:40+00:00","description":"Diese flexiblen, atmungsaktiven Turnschuhe f\u00fcr Jungen sind von unserem Modell f\u00fcr Erwachsene inspiriert und erm\u00f6glichen ein bequemes Laufen.","breadcrumb":{"@id":"https:\/\/www.miomiorun.com\/de\/produkt\/kinvara-14-kdz\/#breadcrumb"},"inLanguage":"de-DE","potentialAction":[{"@type":"ReadAction","target":["https:\/\/www.miomiorun.com\/de\/produkt\/kinvara-14-kdz\/"]}]},{"@type":"ImageObject","inLanguage":"de-DE","@id":"https:\/\/www.miomiorun.com\/de\/produkt\/kinvara-14-kdz\/#primaryimage","url":"https:\/\/www.miomiorun.com\/app\/uploads\/2023\/10\/saucony-kinvara-14-ltt-vizi-blue-echo-SK267289.jpg","contentUrl":"https:\/\/www.miomiorun.com\/app\/uploads\/2023\/10\/saucony-kinvara-14-ltt-vizi-blue-echo-SK267289.jpg","width":600,"height":600,"caption":"saucony-kinvara-14-ltt-vizi-blue-echo-SK267289"},{"@type":"BreadcrumbList","@id":"https:\/\/www.miomiorun.com\/de\/produkt\/kinvara-14-kdz\/#breadcrumb","itemListElement":[{"@type":"ListItem","position":1,"name":"Home","item":"https:\/\/www.miomiorun.com\/de\/"},{"@type":"ListItem","position":2,"name":"Shop","item":"https:\/\/www.miomiorun.com\/shop\/"},{"@type":"ListItem","position":3,"name":"Kinvara 14 KDZ"}]},{"@type":"WebSite","@id":"https:\/\/www.miomiorun.com\/de\/#website","url":"https:\/\/www.miomiorun.com\/de\/","name":"MioMioRun","description":"100% Lauf- und Trailshop","publisher":{"@id":"https:\/\/www.miomiorun.com\/de\/#organization"},"potentialAction":[{"@type":"SearchAction","target":{"@type":"EntryPoint","urlTemplate":"https:\/\/www.miomiorun.com\/de\/?s={search_term_string}"},"query-input":{"@type":"PropertyValueSpecification","valueRequired":true,"valueName":"search_term_string"}}],"inLanguage":"de-DE"},{"@type":"Organization","@id":"https:\/\/www.miomiorun.com\/de\/#organization","name":"MioMio Run","url":"https:\/\/www.miomiorun.com\/de\/","logo":{"@type":"ImageObject","inLanguage":"de-DE","@id":"https:\/\/www.miomiorun.com\/de\/#\/schema\/logo\/image\/","url":"https:\/\/www.miomiorun.com\/app\/uploads\/2019\/12\/logomio.png","contentUrl":"https:\/\/www.miomiorun.com\/app\/uploads\/2019\/12\/logomio.png","width":115,"height":82,"caption":"MioMio Run"},"image":{"@id":"https:\/\/www.miomiorun.com\/de\/#\/schema\/logo\/image\/"},"sameAs":["https:\/\/www.facebook.com\/miomiorun\/","https:\/\/www.instagram.com\/miomiorun\/"]}]}},"_links":{"self":[{"href":"https:\/\/www.miomiorun.com\/de\/wp-json\/wp\/v2\/product\/174356","targetHints":{"allow":["GET"]}}],"collection":[{"href":"https:\/\/www.miomiorun.com\/de\/wp-json\/wp\/v2\/product"}],"about":[{"href":"https:\/\/www.miomiorun.com\/de\/wp-json\/wp\/v2\/types\/product"}],"wp:featuredmedia":[{"embeddable":true,"href":"https:\/\/www.miomiorun.com\/de\/wp-json\/wp\/v2\/media\/145812"}],"wp:attachment":[{"href":"https:\/\/www.miomiorun.com\/de\/wp-json\/wp\/v2\/media?parent=174356"}],"wp:term":[{"taxonomy":"product_brand","embeddable":true,"href":"https:\/\/www.miomiorun.com\/de\/wp-json\/wp\/v2\/product_brand?post=174356"},{"taxonomy":"product_cat","embeddable":true,"href":"https:\/\/www.miomiorun.com\/de\/wp-json\/wp\/v2\/product_cat?post=174356"},{"taxonomy":"product_tag","embeddable":true,"href":"https:\/\/www.miomiorun.com\/de\/wp-json\/wp\/v2\/product_tag?post=174356"}],"curies":[{"name":"wp","href":"https:\/\/api.w.org\/{rel}","templated":true}]}}