{"id":174269,"date":"2024-02-24T10:28:29","date_gmt":"2024-02-24T09:28:29","guid":{"rendered":"https:\/\/miomiorun.com\/prodotto\/peregrine-kdz\/"},"modified":"2025-03-07T15:42:05","modified_gmt":"2025-03-07T14:42:05","slug":"peregrine-kdz","status":"publish","type":"product","link":"https:\/\/www.miomiorun.com\/de\/produkt\/peregrine-kdz\/","title":{"rendered":"Peregrine KDZ"},"content":{"rendered":"<div class=\"vc-row container\"><div class=\"vc-column\"><div class=\"vc-column-text\">[port_content_box border_top_colour=&#8221;black&#8221; border_radius=&#8221;20&#8243; border_top_width=&#8221;3&#8243; align=&#8221;centre&#8221;]<\/p>\n<h4>Technische Daten<\/h4>\n<p>Kategorie: Strukturierte D\u00e4mpfung<br \/>\nVersatz: 8mm<br \/>\nIdeal f\u00fcr: Jungen, die einen Schuh mit guter D\u00e4mpfung und Struktur ben\u00f6tigen. Ideal f\u00fcr den Einstieg in die sportliche Aktivit\u00e4t oder f\u00fcr Jungen, die bereits mittlere bis lange Strecken in den Bergen bew\u00e4ltigen wollen.<br \/>\n<a href=\"https:\/\/miomiorun.com\/de\/leitfaden-fuer-technische-spezifikationen\/\">Leitfaden f\u00fcr technische Daten<\/a><\/p>\n<p>[\/port_content_box]<\/div><\/div><div class=\"vc-column\"><div class=\"vc-column-text\"><div class=\"vc-column-text\"><\/div><\/p>\n<div class=\"description\">Der Saucony Peregrine KDZ ist ein Laufschuh, der f\u00fcr alle Arten von Terrain entwickelt wurde und dabei leicht und leistungsstark ist. Das Obermaterial besteht aus atmungsaktivem Gewebe, das eine konstante Bel\u00fcftung des Fu\u00dfes w\u00e4hrend der sportlichen Aktivit\u00e4t gew\u00e4hrleistet. Die Schuhe sind mit einer Gummisohle mit PWRTRAC-Technologie ausgestattet, die eine hervorragende Griffigkeit und Abriebfestigkeit auf schwierigen Oberfl\u00e4chen wie Wegen oder unwegsamem Gel\u00e4nde bietet. Die Zwischensohle besteht aus einer EVA-Schicht, die St\u00f6\u00dfe absorbiert und den Aufprall auf den Fu\u00df abfedert, sodass jeder Schritt bequem und sicher ist. Dank des Quicklace-Schn\u00fcrsystems ist die Passform stabil und kann in Sekundenschnelle individuell angepasst werden. Das moderne, auff\u00e4llige Design in Kombination mit hoher Funktionalit\u00e4t macht den Saucony Peregrine KDZ zur idealen Wahl f\u00fcr Traill\u00e4ufer, die hohe Leistung und dauerhaften Komfort suchen. Mach dich bereit, jedes Terrain mit diesen unglaublichen Laufschuhen zu erobern, die f\u00fchrend in Qualit\u00e4t und Zuverl\u00e4ssigkeit in ihrem Genre sind.<\/div>\n<p><\/div><\/div><\/div>\n","protected":false},"excerpt":{"rendered":"<ul>\n<li>Ideal f\u00fcr die Berge<\/li>\n<li>super gepolstert und sehr griffig<\/li>\n<\/ul>\n","protected":false},"featured_media":158885,"template":"","meta":{"_acf_changed":false,"inline_featured_image":false},"product_brand":[],"product_cat":[19446,19445,6399],"product_tag":[3391,6273,6277],"class_list":{"0":"post-174269","1":"product","2":"type-product","3":"status-publish","4":"has-post-thumbnail","6":"product_cat-kinderschuhe","7":"product_cat-schuhe-fur-madchen","8":"product_cat-kind-de","9":"product_tag-saucony-de","10":"product_tag-saucony-kind-de","11":"product_tag-saucony-maedchen-de","12":"pa_attivita-gehen","13":"pa_attivita-lifestyle-de","14":"pa_attivita-outdoor-de","15":"pa_colore-peregrine-kdz-blue-black-de","16":"pa_colore-peregrine-kdz-orchid-de","17":"pa_colore-peregrine-kdz-shd-ber-crl-de","18":"pa_colore-peregrine-kdz-shd-blu-org-de","19":"pa_marca-saucony-de","20":"pa_sesso-damen","21":"pa_sesso-herren","22":"pa_size-33-de","23":"pa_size-33-5-de","24":"pa_size-34-de","25":"pa_size-35-5-de","26":"pa_size-36-de","27":"pa_size-36-5-de","28":"pa_size-37-de","29":"pa_size-37-5-de","30":"pa_size-38-de","32":"first","33":"instock","34":"sale","35":"taxable","36":"shipping-taxable","37":"purchasable","38":"product-type-variable","39":"wvs-archive-product-wrapper"},"acf":[],"yoast_head":"<!-- This site is optimized with the Yoast SEO plugin v26.8 - https:\/\/yoast.com\/product\/yoast-seo-wordpress\/ -->\n<title>Saucony Peregrine KDZ - Kinderlaufschuhe - MioMioRun<\/title>\n<meta name=\"description\" content=\"&quot;Entdecken Sie die \u00fcberragende Performance des Saucony Peregrine KDZ: der perfekte Schuh f\u00fcr jedes Outdoor-Abenteuer. Jetzt kaufen!&quot;\" \/>\n<meta name=\"robots\" content=\"index, follow, max-snippet:-1, max-image-preview:large, max-video-preview:-1\" \/>\n<link rel=\"canonical\" href=\"https:\/\/www.miomiorun.com\/de\/produkt\/peregrine-kdz\/\" \/>\n<meta property=\"og:locale\" content=\"de_DE\" \/>\n<meta property=\"og:type\" content=\"article\" \/>\n<meta property=\"og:title\" content=\"Saucony Peregrine KDZ - Kinderlaufschuhe - MioMioRun\" \/>\n<meta property=\"og:description\" content=\"&quot;Entdecken Sie die \u00fcberragende Performance des Saucony Peregrine KDZ: der perfekte Schuh f\u00fcr jedes Outdoor-Abenteuer. Jetzt kaufen!&quot;\" \/>\n<meta property=\"og:url\" content=\"https:\/\/www.miomiorun.com\/de\/produkt\/peregrine-kdz\/\" \/>\n<meta property=\"og:site_name\" content=\"MioMioRun\" \/>\n<meta property=\"article:publisher\" content=\"https:\/\/www.facebook.com\/miomiorun\/\" \/>\n<meta property=\"article:modified_time\" content=\"2025-03-07T14:42:05+00:00\" \/>\n<meta property=\"og:image\" content=\"https:\/\/www.miomiorun.com\/app\/uploads\/2024\/02\/saucony-Peregrine-KDZ-blue-black-SK267486.webp\" \/>\n\t<meta property=\"og:image:width\" content=\"600\" \/>\n\t<meta property=\"og:image:height\" content=\"600\" \/>\n\t<meta property=\"og:image:type\" content=\"image\/webp\" \/>\n<meta name=\"twitter:card\" content=\"summary_large_image\" \/>\n<meta name=\"twitter:label1\" content=\"Est. reading time\" \/>\n\t<meta name=\"twitter:data1\" content=\"1 minute\" \/>\n<script type=\"application\/ld+json\" class=\"yoast-schema-graph\">{\"@context\":\"https:\/\/schema.org\",\"@graph\":[{\"@type\":\"WebPage\",\"@id\":\"https:\/\/www.miomiorun.com\/de\/produkt\/peregrine-kdz\/\",\"url\":\"https:\/\/www.miomiorun.com\/de\/produkt\/peregrine-kdz\/\",\"name\":\"Saucony Peregrine KDZ - Kinderlaufschuhe - MioMioRun\",\"isPartOf\":{\"@id\":\"https:\/\/www.miomiorun.com\/de\/#website\"},\"primaryImageOfPage\":{\"@id\":\"https:\/\/www.miomiorun.com\/de\/produkt\/peregrine-kdz\/#primaryimage\"},\"image\":{\"@id\":\"https:\/\/www.miomiorun.com\/de\/produkt\/peregrine-kdz\/#primaryimage\"},\"thumbnailUrl\":\"https:\/\/www.miomiorun.com\/app\/uploads\/2024\/02\/saucony-Peregrine-KDZ-blue-black-SK267486.webp\",\"datePublished\":\"2024-02-24T09:28:29+00:00\",\"dateModified\":\"2025-03-07T14:42:05+00:00\",\"description\":\"\\\"Entdecken Sie die \u00fcberragende Performance des Saucony Peregrine KDZ: der perfekte Schuh f\u00fcr jedes Outdoor-Abenteuer. Jetzt kaufen!\\\"\",\"breadcrumb\":{\"@id\":\"https:\/\/www.miomiorun.com\/de\/produkt\/peregrine-kdz\/#breadcrumb\"},\"inLanguage\":\"de-DE\",\"potentialAction\":[{\"@type\":\"ReadAction\",\"target\":[\"https:\/\/www.miomiorun.com\/de\/produkt\/peregrine-kdz\/\"]}]},{\"@type\":\"ImageObject\",\"inLanguage\":\"de-DE\",\"@id\":\"https:\/\/www.miomiorun.com\/de\/produkt\/peregrine-kdz\/#primaryimage\",\"url\":\"https:\/\/www.miomiorun.com\/app\/uploads\/2024\/02\/saucony-Peregrine-KDZ-blue-black-SK267486.webp\",\"contentUrl\":\"https:\/\/www.miomiorun.com\/app\/uploads\/2024\/02\/saucony-Peregrine-KDZ-blue-black-SK267486.webp\",\"width\":600,\"height\":600,\"caption\":\"saucony Peregrine KDZ blue black SK267486\"},{\"@type\":\"BreadcrumbList\",\"@id\":\"https:\/\/www.miomiorun.com\/de\/produkt\/peregrine-kdz\/#breadcrumb\",\"itemListElement\":[{\"@type\":\"ListItem\",\"position\":1,\"name\":\"Home\",\"item\":\"https:\/\/www.miomiorun.com\/de\/\"},{\"@type\":\"ListItem\",\"position\":2,\"name\":\"Shop\",\"item\":\"https:\/\/www.miomiorun.com\/shop\/\"},{\"@type\":\"ListItem\",\"position\":3,\"name\":\"Peregrine KDZ\"}]},{\"@type\":\"WebSite\",\"@id\":\"https:\/\/www.miomiorun.com\/de\/#website\",\"url\":\"https:\/\/www.miomiorun.com\/de\/\",\"name\":\"MioMioRun\",\"description\":\"100% Lauf- und Trailshop\",\"publisher\":{\"@id\":\"https:\/\/www.miomiorun.com\/de\/#organization\"},\"potentialAction\":[{\"@type\":\"SearchAction\",\"target\":{\"@type\":\"EntryPoint\",\"urlTemplate\":\"https:\/\/www.miomiorun.com\/de\/?s={search_term_string}\"},\"query-input\":{\"@type\":\"PropertyValueSpecification\",\"valueRequired\":true,\"valueName\":\"search_term_string\"}}],\"inLanguage\":\"de-DE\"},{\"@type\":\"Organization\",\"@id\":\"https:\/\/www.miomiorun.com\/de\/#organization\",\"name\":\"MioMio Run\",\"url\":\"https:\/\/www.miomiorun.com\/de\/\",\"logo\":{\"@type\":\"ImageObject\",\"inLanguage\":\"de-DE\",\"@id\":\"https:\/\/www.miomiorun.com\/de\/#\/schema\/logo\/image\/\",\"url\":\"https:\/\/www.miomiorun.com\/app\/uploads\/2019\/12\/logomio.png\",\"contentUrl\":\"https:\/\/www.miomiorun.com\/app\/uploads\/2019\/12\/logomio.png\",\"width\":115,\"height\":82,\"caption\":\"MioMio Run\"},\"image\":{\"@id\":\"https:\/\/www.miomiorun.com\/de\/#\/schema\/logo\/image\/\"},\"sameAs\":[\"https:\/\/www.facebook.com\/miomiorun\/\",\"https:\/\/www.instagram.com\/miomiorun\/\"]}]}<\/script>\n<!-- \/ Yoast SEO plugin. -->","yoast_head_json":{"title":"Saucony Peregrine KDZ - Kinderlaufschuhe - MioMioRun","description":"\"Entdecken Sie die \u00fcberragende Performance des Saucony Peregrine KDZ: der perfekte Schuh f\u00fcr jedes Outdoor-Abenteuer. Jetzt kaufen!\"","robots":{"index":"index","follow":"follow","max-snippet":"max-snippet:-1","max-image-preview":"max-image-preview:large","max-video-preview":"max-video-preview:-1"},"canonical":"https:\/\/www.miomiorun.com\/de\/produkt\/peregrine-kdz\/","og_locale":"de_DE","og_type":"article","og_title":"Saucony Peregrine KDZ - Kinderlaufschuhe - MioMioRun","og_description":"\"Entdecken Sie die \u00fcberragende Performance des Saucony Peregrine KDZ: der perfekte Schuh f\u00fcr jedes Outdoor-Abenteuer. Jetzt kaufen!\"","og_url":"https:\/\/www.miomiorun.com\/de\/produkt\/peregrine-kdz\/","og_site_name":"MioMioRun","article_publisher":"https:\/\/www.facebook.com\/miomiorun\/","article_modified_time":"2025-03-07T14:42:05+00:00","og_image":[{"width":600,"height":600,"url":"https:\/\/www.miomiorun.com\/app\/uploads\/2024\/02\/saucony-Peregrine-KDZ-blue-black-SK267486.webp","type":"image\/webp"}],"twitter_card":"summary_large_image","twitter_misc":{"Est. reading time":"1 minute"},"schema":{"@context":"https:\/\/schema.org","@graph":[{"@type":"WebPage","@id":"https:\/\/www.miomiorun.com\/de\/produkt\/peregrine-kdz\/","url":"https:\/\/www.miomiorun.com\/de\/produkt\/peregrine-kdz\/","name":"Saucony Peregrine KDZ - Kinderlaufschuhe - MioMioRun","isPartOf":{"@id":"https:\/\/www.miomiorun.com\/de\/#website"},"primaryImageOfPage":{"@id":"https:\/\/www.miomiorun.com\/de\/produkt\/peregrine-kdz\/#primaryimage"},"image":{"@id":"https:\/\/www.miomiorun.com\/de\/produkt\/peregrine-kdz\/#primaryimage"},"thumbnailUrl":"https:\/\/www.miomiorun.com\/app\/uploads\/2024\/02\/saucony-Peregrine-KDZ-blue-black-SK267486.webp","datePublished":"2024-02-24T09:28:29+00:00","dateModified":"2025-03-07T14:42:05+00:00","description":"\"Entdecken Sie die \u00fcberragende Performance des Saucony Peregrine KDZ: der perfekte Schuh f\u00fcr jedes Outdoor-Abenteuer. Jetzt kaufen!\"","breadcrumb":{"@id":"https:\/\/www.miomiorun.com\/de\/produkt\/peregrine-kdz\/#breadcrumb"},"inLanguage":"de-DE","potentialAction":[{"@type":"ReadAction","target":["https:\/\/www.miomiorun.com\/de\/produkt\/peregrine-kdz\/"]}]},{"@type":"ImageObject","inLanguage":"de-DE","@id":"https:\/\/www.miomiorun.com\/de\/produkt\/peregrine-kdz\/#primaryimage","url":"https:\/\/www.miomiorun.com\/app\/uploads\/2024\/02\/saucony-Peregrine-KDZ-blue-black-SK267486.webp","contentUrl":"https:\/\/www.miomiorun.com\/app\/uploads\/2024\/02\/saucony-Peregrine-KDZ-blue-black-SK267486.webp","width":600,"height":600,"caption":"saucony Peregrine KDZ blue black SK267486"},{"@type":"BreadcrumbList","@id":"https:\/\/www.miomiorun.com\/de\/produkt\/peregrine-kdz\/#breadcrumb","itemListElement":[{"@type":"ListItem","position":1,"name":"Home","item":"https:\/\/www.miomiorun.com\/de\/"},{"@type":"ListItem","position":2,"name":"Shop","item":"https:\/\/www.miomiorun.com\/shop\/"},{"@type":"ListItem","position":3,"name":"Peregrine KDZ"}]},{"@type":"WebSite","@id":"https:\/\/www.miomiorun.com\/de\/#website","url":"https:\/\/www.miomiorun.com\/de\/","name":"MioMioRun","description":"100% Lauf- und Trailshop","publisher":{"@id":"https:\/\/www.miomiorun.com\/de\/#organization"},"potentialAction":[{"@type":"SearchAction","target":{"@type":"EntryPoint","urlTemplate":"https:\/\/www.miomiorun.com\/de\/?s={search_term_string}"},"query-input":{"@type":"PropertyValueSpecification","valueRequired":true,"valueName":"search_term_string"}}],"inLanguage":"de-DE"},{"@type":"Organization","@id":"https:\/\/www.miomiorun.com\/de\/#organization","name":"MioMio Run","url":"https:\/\/www.miomiorun.com\/de\/","logo":{"@type":"ImageObject","inLanguage":"de-DE","@id":"https:\/\/www.miomiorun.com\/de\/#\/schema\/logo\/image\/","url":"https:\/\/www.miomiorun.com\/app\/uploads\/2019\/12\/logomio.png","contentUrl":"https:\/\/www.miomiorun.com\/app\/uploads\/2019\/12\/logomio.png","width":115,"height":82,"caption":"MioMio Run"},"image":{"@id":"https:\/\/www.miomiorun.com\/de\/#\/schema\/logo\/image\/"},"sameAs":["https:\/\/www.facebook.com\/miomiorun\/","https:\/\/www.instagram.com\/miomiorun\/"]}]}},"_links":{"self":[{"href":"https:\/\/www.miomiorun.com\/de\/wp-json\/wp\/v2\/product\/174269","targetHints":{"allow":["GET"]}}],"collection":[{"href":"https:\/\/www.miomiorun.com\/de\/wp-json\/wp\/v2\/product"}],"about":[{"href":"https:\/\/www.miomiorun.com\/de\/wp-json\/wp\/v2\/types\/product"}],"wp:featuredmedia":[{"embeddable":true,"href":"https:\/\/www.miomiorun.com\/de\/wp-json\/wp\/v2\/media\/158885"}],"wp:attachment":[{"href":"https:\/\/www.miomiorun.com\/de\/wp-json\/wp\/v2\/media?parent=174269"}],"wp:term":[{"taxonomy":"product_brand","embeddable":true,"href":"https:\/\/www.miomiorun.com\/de\/wp-json\/wp\/v2\/product_brand?post=174269"},{"taxonomy":"product_cat","embeddable":true,"href":"https:\/\/www.miomiorun.com\/de\/wp-json\/wp\/v2\/product_cat?post=174269"},{"taxonomy":"product_tag","embeddable":true,"href":"https:\/\/www.miomiorun.com\/de\/wp-json\/wp\/v2\/product_tag?post=174269"}],"curies":[{"name":"wp","href":"https:\/\/api.w.org\/{rel}","templated":true}]}}