{"id":174262,"date":"2023-10-25T12:05:47","date_gmt":"2023-10-25T10:05:47","guid":{"rendered":"https:\/\/miomiorun.com\/prodotto\/peregrine-12-boa-bambina\/"},"modified":"2025-10-09T15:42:39","modified_gmt":"2025-10-09T13:42:39","slug":"peregrine-12-boa-maedchen","status":"publish","type":"product","link":"https:\/\/www.miomiorun.com\/de\/produkt\/peregrine-12-boa-maedchen\/","title":{"rendered":"Peregrine 12 Boa M\u00e4dchen"},"content":{"rendered":"<div class=\"vc-row container\"><div class=\"vc-column\"><div class=\"vc-column-text\">[port_content_box border_top_colour=&#8221;black&#8221; border_radius=&#8221;20&#8243; border_top_width=&#8221;3&#8243; align=&#8221;centre&#8221;]<\/p>\n<h4>Technische Daten<\/h4>\n<p>Kategorie: Strukturierte D\u00e4mpfung<br \/>\nVersatz: 8mm<br \/>\nIdeal f\u00fcr: M\u00e4dchen, die einen Schuh mit guter D\u00e4mpfung und Struktur ben\u00f6tigen. Ideal f\u00fcr den Einstieg in die sportliche Aktivit\u00e4t oder f\u00fcr M\u00e4dchen, die bereits mittlere bis lange Strecken in den Bergen in Angriff nehmen wollen.<br \/>\n<a href=\"https:\/\/miomiorun.com\/de\/leitfaden-fuer-technische-spezifikationen\/\">Spezifikationen guide<\/a><\/p>\n<p>[\/port_content_box]<\/div><\/div><div class=\"vc-column\"><div class=\"vc-column-text\">Der Peregrine 12 Boa<\/strong> hat sich auf jedem Terrain bew\u00e4hrt und verf\u00fcgt nun \u00fcber das innovative <strong>BOA Fit<\/strong> <strong>System<\/strong>, das eine perfekte Passform ohne Schn\u00fcrung und nur mit einem Klick gew\u00e4hrleistet. Das wasserabweisende Obermaterial macht den Sneaker zum perfekten Partner f\u00fcr alle Trailbedingungen. Die strapazierf\u00e4hige Gummisohle und die verst\u00e4rkte Zehenkappe sorgen f\u00fcr lang anhaltenden Wanderspa\u00df.<\/p>\n<p><strong>Eigenschaften:<\/strong><\/p>\n<ul>\n<li>BOA\u00ae Fit System: einfach drehen, um eine schnelle, einfache und pr\u00e4zise Passform zu erhalten.<\/li>\n<li>Geteilte Zunge an der Seite f\u00fcr leichten Einstieg, elastischer Lycra-Kragen und Zunge f\u00fcr leichten Ein- und Ausstieg.<\/li>\n<li>Wasserabweisendes Obermaterial mit DWR-Behandlung f\u00fcr zus\u00e4tzlichen Schutz<\/li>\n<li>Obermaterial: Leder und Mesh<\/li>\n<li>Robust dank verst\u00e4rkter Zehenkappe<\/li>\n<li>Innenfutter aus 100% recyceltem PET<\/li>\n<li>Geruchshemmendes Futter<\/li>\n<li>Strapazierf\u00e4hige, nicht abf\u00e4rbende Laufsohle f\u00fcr lang anhaltende Traktion auf jedem Untergrund<\/li>\n<\/ul>\n<p><\/div><\/div><\/div>\n","protected":false},"excerpt":{"rendered":"<ul>\n<li>Ideal f\u00fcr Bergwanderungen<\/li>\n<li>Bojenverschluss<\/li>\n<\/ul>\n","protected":false},"featured_media":145970,"template":"","meta":{"_acf_changed":false,"inline_featured_image":false},"product_brand":[],"product_cat":[19445,6399],"product_tag":[3391,6277],"class_list":{"0":"post-174262","1":"product","2":"type-product","3":"status-publish","4":"has-post-thumbnail","6":"product_cat-schuhe-fur-madchen","7":"product_cat-kind-de","8":"product_tag-saucony-de","9":"product_tag-saucony-maedchen-de","10":"pa_attivita-gehen","11":"pa_attivita-outdoor-de","12":"pa_colore-peregrine-12-kdz-sh-boa-turquoise-pink-de","13":"pa_marca-saucony-de","14":"pa_sesso-damen","15":"pa_size-36-de","16":"pa_size-36-5-de","18":"first","19":"instock","20":"sale","21":"taxable","22":"shipping-taxable","23":"purchasable","24":"product-type-variable","25":"wvs-archive-product-wrapper"},"acf":[],"yoast_head":"<!-- This site is optimized with the Yoast SEO plugin v26.8 - https:\/\/yoast.com\/product\/yoast-seo-wordpress\/ -->\n<title>Peregrine 12 Boa M\u00e4dchen - Laufschuhe f\u00fcr M\u00e4dchen - MioMioRun<\/title>\n<meta name=\"description\" content=\"Der Peregrine 12 Boa, der sich schon als Kind auf jedem Terrain bew\u00e4hrt hat, ist jetzt mit dem innovativen BOA Fit System ausgestattet, das f\u00fcr einen perfekten Sitz sorgt\" \/>\n<meta name=\"robots\" content=\"index, follow, max-snippet:-1, max-image-preview:large, max-video-preview:-1\" \/>\n<link rel=\"canonical\" href=\"https:\/\/www.miomiorun.com\/de\/produkt\/peregrine-12-boa-maedchen\/\" \/>\n<meta property=\"og:locale\" content=\"de_DE\" \/>\n<meta property=\"og:type\" content=\"article\" \/>\n<meta property=\"og:title\" content=\"Peregrine 12 Boa M\u00e4dchen - Laufschuhe f\u00fcr M\u00e4dchen - MioMioRun\" \/>\n<meta property=\"og:description\" content=\"Der Peregrine 12 Boa, der sich schon als Kind auf jedem Terrain bew\u00e4hrt hat, ist jetzt mit dem innovativen BOA Fit System ausgestattet, das f\u00fcr einen perfekten Sitz sorgt\" \/>\n<meta property=\"og:url\" content=\"https:\/\/www.miomiorun.com\/de\/produkt\/peregrine-12-boa-maedchen\/\" \/>\n<meta property=\"og:site_name\" content=\"MioMioRun\" \/>\n<meta property=\"article:publisher\" content=\"https:\/\/www.facebook.com\/miomiorun\/\" \/>\n<meta property=\"article:modified_time\" content=\"2025-10-09T13:42:39+00:00\" \/>\n<meta property=\"og:image\" content=\"https:\/\/www.miomiorun.com\/app\/uploads\/2023\/10\/saucony-peregrine-12-kdz-sh-boa-turquoise-pink-SK166097.jpg\" \/>\n\t<meta property=\"og:image:width\" content=\"600\" \/>\n\t<meta property=\"og:image:height\" content=\"600\" \/>\n\t<meta property=\"og:image:type\" content=\"image\/jpeg\" \/>\n<meta name=\"twitter:card\" content=\"summary_large_image\" \/>\n<meta name=\"twitter:label1\" content=\"Est. reading time\" \/>\n\t<meta name=\"twitter:data1\" content=\"1 minute\" \/>\n<script type=\"application\/ld+json\" class=\"yoast-schema-graph\">{\"@context\":\"https:\/\/schema.org\",\"@graph\":[{\"@type\":\"WebPage\",\"@id\":\"https:\/\/www.miomiorun.com\/de\/produkt\/peregrine-12-boa-maedchen\/\",\"url\":\"https:\/\/www.miomiorun.com\/de\/produkt\/peregrine-12-boa-maedchen\/\",\"name\":\"Peregrine 12 Boa M\u00e4dchen - Laufschuhe f\u00fcr M\u00e4dchen - MioMioRun\",\"isPartOf\":{\"@id\":\"https:\/\/www.miomiorun.com\/de\/#website\"},\"primaryImageOfPage\":{\"@id\":\"https:\/\/www.miomiorun.com\/de\/produkt\/peregrine-12-boa-maedchen\/#primaryimage\"},\"image\":{\"@id\":\"https:\/\/www.miomiorun.com\/de\/produkt\/peregrine-12-boa-maedchen\/#primaryimage\"},\"thumbnailUrl\":\"https:\/\/www.miomiorun.com\/app\/uploads\/2023\/10\/saucony-peregrine-12-kdz-sh-boa-turquoise-pink-SK166097.jpg\",\"datePublished\":\"2023-10-25T10:05:47+00:00\",\"dateModified\":\"2025-10-09T13:42:39+00:00\",\"description\":\"Der Peregrine 12 Boa, der sich schon als Kind auf jedem Terrain bew\u00e4hrt hat, ist jetzt mit dem innovativen BOA Fit System ausgestattet, das f\u00fcr einen perfekten Sitz sorgt\",\"breadcrumb\":{\"@id\":\"https:\/\/www.miomiorun.com\/de\/produkt\/peregrine-12-boa-maedchen\/#breadcrumb\"},\"inLanguage\":\"de-DE\",\"potentialAction\":[{\"@type\":\"ReadAction\",\"target\":[\"https:\/\/www.miomiorun.com\/de\/produkt\/peregrine-12-boa-maedchen\/\"]}]},{\"@type\":\"ImageObject\",\"inLanguage\":\"de-DE\",\"@id\":\"https:\/\/www.miomiorun.com\/de\/produkt\/peregrine-12-boa-maedchen\/#primaryimage\",\"url\":\"https:\/\/www.miomiorun.com\/app\/uploads\/2023\/10\/saucony-peregrine-12-kdz-sh-boa-turquoise-pink-SK166097.jpg\",\"contentUrl\":\"https:\/\/www.miomiorun.com\/app\/uploads\/2023\/10\/saucony-peregrine-12-kdz-sh-boa-turquoise-pink-SK166097.jpg\",\"width\":600,\"height\":600,\"caption\":\"saucony-peregrine-12-kdz-sh-boa-turquoise-pink-SK166097\"},{\"@type\":\"BreadcrumbList\",\"@id\":\"https:\/\/www.miomiorun.com\/de\/produkt\/peregrine-12-boa-maedchen\/#breadcrumb\",\"itemListElement\":[{\"@type\":\"ListItem\",\"position\":1,\"name\":\"Home\",\"item\":\"https:\/\/www.miomiorun.com\/de\/\"},{\"@type\":\"ListItem\",\"position\":2,\"name\":\"Shop\",\"item\":\"https:\/\/www.miomiorun.com\/shop\/\"},{\"@type\":\"ListItem\",\"position\":3,\"name\":\"Peregrine 12 Boa M\u00e4dchen\"}]},{\"@type\":\"WebSite\",\"@id\":\"https:\/\/www.miomiorun.com\/de\/#website\",\"url\":\"https:\/\/www.miomiorun.com\/de\/\",\"name\":\"MioMioRun\",\"description\":\"100% Lauf- und Trailshop\",\"publisher\":{\"@id\":\"https:\/\/www.miomiorun.com\/de\/#organization\"},\"potentialAction\":[{\"@type\":\"SearchAction\",\"target\":{\"@type\":\"EntryPoint\",\"urlTemplate\":\"https:\/\/www.miomiorun.com\/de\/?s={search_term_string}\"},\"query-input\":{\"@type\":\"PropertyValueSpecification\",\"valueRequired\":true,\"valueName\":\"search_term_string\"}}],\"inLanguage\":\"de-DE\"},{\"@type\":\"Organization\",\"@id\":\"https:\/\/www.miomiorun.com\/de\/#organization\",\"name\":\"MioMio Run\",\"url\":\"https:\/\/www.miomiorun.com\/de\/\",\"logo\":{\"@type\":\"ImageObject\",\"inLanguage\":\"de-DE\",\"@id\":\"https:\/\/www.miomiorun.com\/de\/#\/schema\/logo\/image\/\",\"url\":\"https:\/\/www.miomiorun.com\/app\/uploads\/2019\/12\/logomio.png\",\"contentUrl\":\"https:\/\/www.miomiorun.com\/app\/uploads\/2019\/12\/logomio.png\",\"width\":115,\"height\":82,\"caption\":\"MioMio Run\"},\"image\":{\"@id\":\"https:\/\/www.miomiorun.com\/de\/#\/schema\/logo\/image\/\"},\"sameAs\":[\"https:\/\/www.facebook.com\/miomiorun\/\",\"https:\/\/www.instagram.com\/miomiorun\/\"]}]}<\/script>\n<!-- \/ Yoast SEO plugin. -->","yoast_head_json":{"title":"Peregrine 12 Boa M\u00e4dchen - Laufschuhe f\u00fcr M\u00e4dchen - MioMioRun","description":"Der Peregrine 12 Boa, der sich schon als Kind auf jedem Terrain bew\u00e4hrt hat, ist jetzt mit dem innovativen BOA Fit System ausgestattet, das f\u00fcr einen perfekten Sitz sorgt","robots":{"index":"index","follow":"follow","max-snippet":"max-snippet:-1","max-image-preview":"max-image-preview:large","max-video-preview":"max-video-preview:-1"},"canonical":"https:\/\/www.miomiorun.com\/de\/produkt\/peregrine-12-boa-maedchen\/","og_locale":"de_DE","og_type":"article","og_title":"Peregrine 12 Boa M\u00e4dchen - Laufschuhe f\u00fcr M\u00e4dchen - MioMioRun","og_description":"Der Peregrine 12 Boa, der sich schon als Kind auf jedem Terrain bew\u00e4hrt hat, ist jetzt mit dem innovativen BOA Fit System ausgestattet, das f\u00fcr einen perfekten Sitz sorgt","og_url":"https:\/\/www.miomiorun.com\/de\/produkt\/peregrine-12-boa-maedchen\/","og_site_name":"MioMioRun","article_publisher":"https:\/\/www.facebook.com\/miomiorun\/","article_modified_time":"2025-10-09T13:42:39+00:00","og_image":[{"width":600,"height":600,"url":"https:\/\/www.miomiorun.com\/app\/uploads\/2023\/10\/saucony-peregrine-12-kdz-sh-boa-turquoise-pink-SK166097.jpg","type":"image\/jpeg"}],"twitter_card":"summary_large_image","twitter_misc":{"Est. reading time":"1 minute"},"schema":{"@context":"https:\/\/schema.org","@graph":[{"@type":"WebPage","@id":"https:\/\/www.miomiorun.com\/de\/produkt\/peregrine-12-boa-maedchen\/","url":"https:\/\/www.miomiorun.com\/de\/produkt\/peregrine-12-boa-maedchen\/","name":"Peregrine 12 Boa M\u00e4dchen - Laufschuhe f\u00fcr M\u00e4dchen - MioMioRun","isPartOf":{"@id":"https:\/\/www.miomiorun.com\/de\/#website"},"primaryImageOfPage":{"@id":"https:\/\/www.miomiorun.com\/de\/produkt\/peregrine-12-boa-maedchen\/#primaryimage"},"image":{"@id":"https:\/\/www.miomiorun.com\/de\/produkt\/peregrine-12-boa-maedchen\/#primaryimage"},"thumbnailUrl":"https:\/\/www.miomiorun.com\/app\/uploads\/2023\/10\/saucony-peregrine-12-kdz-sh-boa-turquoise-pink-SK166097.jpg","datePublished":"2023-10-25T10:05:47+00:00","dateModified":"2025-10-09T13:42:39+00:00","description":"Der Peregrine 12 Boa, der sich schon als Kind auf jedem Terrain bew\u00e4hrt hat, ist jetzt mit dem innovativen BOA Fit System ausgestattet, das f\u00fcr einen perfekten Sitz sorgt","breadcrumb":{"@id":"https:\/\/www.miomiorun.com\/de\/produkt\/peregrine-12-boa-maedchen\/#breadcrumb"},"inLanguage":"de-DE","potentialAction":[{"@type":"ReadAction","target":["https:\/\/www.miomiorun.com\/de\/produkt\/peregrine-12-boa-maedchen\/"]}]},{"@type":"ImageObject","inLanguage":"de-DE","@id":"https:\/\/www.miomiorun.com\/de\/produkt\/peregrine-12-boa-maedchen\/#primaryimage","url":"https:\/\/www.miomiorun.com\/app\/uploads\/2023\/10\/saucony-peregrine-12-kdz-sh-boa-turquoise-pink-SK166097.jpg","contentUrl":"https:\/\/www.miomiorun.com\/app\/uploads\/2023\/10\/saucony-peregrine-12-kdz-sh-boa-turquoise-pink-SK166097.jpg","width":600,"height":600,"caption":"saucony-peregrine-12-kdz-sh-boa-turquoise-pink-SK166097"},{"@type":"BreadcrumbList","@id":"https:\/\/www.miomiorun.com\/de\/produkt\/peregrine-12-boa-maedchen\/#breadcrumb","itemListElement":[{"@type":"ListItem","position":1,"name":"Home","item":"https:\/\/www.miomiorun.com\/de\/"},{"@type":"ListItem","position":2,"name":"Shop","item":"https:\/\/www.miomiorun.com\/shop\/"},{"@type":"ListItem","position":3,"name":"Peregrine 12 Boa M\u00e4dchen"}]},{"@type":"WebSite","@id":"https:\/\/www.miomiorun.com\/de\/#website","url":"https:\/\/www.miomiorun.com\/de\/","name":"MioMioRun","description":"100% Lauf- und Trailshop","publisher":{"@id":"https:\/\/www.miomiorun.com\/de\/#organization"},"potentialAction":[{"@type":"SearchAction","target":{"@type":"EntryPoint","urlTemplate":"https:\/\/www.miomiorun.com\/de\/?s={search_term_string}"},"query-input":{"@type":"PropertyValueSpecification","valueRequired":true,"valueName":"search_term_string"}}],"inLanguage":"de-DE"},{"@type":"Organization","@id":"https:\/\/www.miomiorun.com\/de\/#organization","name":"MioMio Run","url":"https:\/\/www.miomiorun.com\/de\/","logo":{"@type":"ImageObject","inLanguage":"de-DE","@id":"https:\/\/www.miomiorun.com\/de\/#\/schema\/logo\/image\/","url":"https:\/\/www.miomiorun.com\/app\/uploads\/2019\/12\/logomio.png","contentUrl":"https:\/\/www.miomiorun.com\/app\/uploads\/2019\/12\/logomio.png","width":115,"height":82,"caption":"MioMio Run"},"image":{"@id":"https:\/\/www.miomiorun.com\/de\/#\/schema\/logo\/image\/"},"sameAs":["https:\/\/www.facebook.com\/miomiorun\/","https:\/\/www.instagram.com\/miomiorun\/"]}]}},"_links":{"self":[{"href":"https:\/\/www.miomiorun.com\/de\/wp-json\/wp\/v2\/product\/174262","targetHints":{"allow":["GET"]}}],"collection":[{"href":"https:\/\/www.miomiorun.com\/de\/wp-json\/wp\/v2\/product"}],"about":[{"href":"https:\/\/www.miomiorun.com\/de\/wp-json\/wp\/v2\/types\/product"}],"wp:featuredmedia":[{"embeddable":true,"href":"https:\/\/www.miomiorun.com\/de\/wp-json\/wp\/v2\/media\/145970"}],"wp:attachment":[{"href":"https:\/\/www.miomiorun.com\/de\/wp-json\/wp\/v2\/media?parent=174262"}],"wp:term":[{"taxonomy":"product_brand","embeddable":true,"href":"https:\/\/www.miomiorun.com\/de\/wp-json\/wp\/v2\/product_brand?post=174262"},{"taxonomy":"product_cat","embeddable":true,"href":"https:\/\/www.miomiorun.com\/de\/wp-json\/wp\/v2\/product_cat?post=174262"},{"taxonomy":"product_tag","embeddable":true,"href":"https:\/\/www.miomiorun.com\/de\/wp-json\/wp\/v2\/product_tag?post=174262"}],"curies":[{"name":"wp","href":"https:\/\/api.w.org\/{rel}","templated":true}]}}