{"id":174233,"date":"2024-03-05T11:45:30","date_gmt":"2024-03-05T10:45:30","guid":{"rendered":"https:\/\/miomiorun.com\/prodotto\/mach-6-kdz\/"},"modified":"2026-05-08T18:56:17","modified_gmt":"2026-05-08T16:56:17","slug":"mach-6-kdz","status":"publish","type":"product","link":"https:\/\/www.miomiorun.com\/de\/produkt\/mach-6-kdz\/","title":{"rendered":"Mach 6 KDZ"},"content":{"rendered":"<div class=\"vc-row container\"><div class=\"vc-column\"><div class=\"vc-column-text\">[port_content_box border_top_colour=&#8221;black&#8221; border_radius=&#8221;20&#8243; border_top_width=&#8221;3&#8243; align=&#8221;centre&#8221;]<\/p>\n<p><strong>Technische Daten<\/strong><\/p>\n<p>Kategorie: reaktionsfreudige D\u00e4mpfung<br \/>\nDrop: 4mm<br \/>\nGewicht: 191g<br \/>\nIdeal f\u00fcr: Jungen, die einen reaktionsfreudigeren Schuh ben\u00f6tigen, weil sie bereits eine gute Lauftechnik haben, oder die auf Disziplinen mit mittleren bis langen Distanzen abzielen.<\/p>\n<p><a href=\"https:\/\/miomiorun.com\/de\/leitfaden-fuer-technische-spezifikationen\/\">Leitfaden f\u00fcr technische Spezifikationen<\/a><\/p>\n<p>[\/porto_content_box]<\/div><\/div><div class=\"vc-column\"><div class=\"vc-column-text\"><\/p>\n<h2 style=\"text-align: center;\">Gibt es einen kleinen Jungen oder ein kleines M\u00e4dchen, das nicht mit Lichtgeschwindigkeit fahren m\u00f6chte? Wir denken nicht.<\/h2>\n<p>Der <strong>Mach 6<\/strong> f\u00fcr Kinder bietet das gleiche flotte Lauferlebnis wie die Erwachsenenversion, ist aber leicht, schnell und unbestreitbar bequem. Ein dynamischer, unaufhaltsamer Schuh, der f\u00fcr lange Strecken entwickelt wurde. Er verf\u00fcgt \u00fcber ein Obermaterial aus recyceltem Gewebe (44 %), eine weiche EVA-Zwischensohle aus Zuckerrohr (50 %), eine sch\u00fctzende Zehenkappe und eine Durabrasion <strong>Rubber\u2122-Au\u00dfensohle<\/strong>, die dicker ist als die Version f\u00fcr Erwachsene und Kindern die n\u00f6tige Strapazierf\u00e4higkeit bietet.<\/p>\n<h3>Eigenschaften:<\/h3>\n<div class=\"description-techspecs__items\">\n<ul class=\"features-container\">\n<li class=\"feature-item\">Obermaterial aus recyceltem Stoff (44%)<\/li>\n<li class=\"feature-item\">EVA-Zwischensohle aus Zuckerrohr (50%)<\/li>\n<li class=\"feature-item\">Sch\u00fctzende Zehenverst\u00e4rkung<\/li>\n<li class=\"feature-item\">Durabrasion Rubber\u2122 Laufsohle<\/li>\n<li class=\"feature-item\">Herausnehmbare Einlegesohle<\/li>\n<\/ul>\n<h2>Stabilit\u00e4t<\/h2>\n<p>Mach 6 verf\u00fcgt \u00fcber ein symmetrisches, gepolstertes Bett ohne zus\u00e4tzliche orthop\u00e4dische Technologie. Es wurde entwickelt, um Ihnen die Unterst\u00fctzung zu geben, die Sie brauchen, ohne \u00fcberfl\u00fcssige Funktionen.<\/p>\n<h2>D\u00e4mpfung<\/h2>\n<p>Der Mach 6 verf\u00fcgt \u00fcber eine niedrigprofilige D\u00e4mpfung, die den Fu\u00df n\u00e4her am Boden h\u00e4lt und ein kompakteres Material verwendet, das den Absto\u00df effizienter macht.<\/p>\n<p>&nbsp;<\/p>\n<\/div>\n<p><\/div><\/div><\/div>\n","protected":false},"excerpt":{"rendered":"<ul>\n<li>superschnelle Schuhe f\u00fcr Kinder<\/li>\n<li>ideal f\u00fcr das t\u00e4gliche Tragen<\/li>\n<\/ul>\n","protected":false},"featured_media":163268,"template":"","meta":{"_acf_changed":false,"inline_featured_image":false},"product_brand":[],"product_cat":[19446,19445,6399],"product_tag":[3373,19353,19351],"class_list":{"0":"post-174233","1":"product","2":"type-product","3":"status-publish","4":"has-post-thumbnail","6":"product_cat-kinderschuhe","7":"product_cat-schuhe-fur-madchen","8":"product_cat-kind-de","9":"product_tag-hoka-one-one-de","10":"product_tag-hoka-kind","11":"product_tag-hoka-madchen","12":"pa_attivita-fitness-de","13":"pa_attivita-gehen","14":"pa_attivita-lifestyle-de","15":"pa_attivita-running-de","16":"pa_colore-mach-6-y-black-white-de","17":"pa_colore-mach-6-youth-ultramarine-electric-tanger-de","18":"pa_marca-hoka-de","19":"pa_sesso-damen","20":"pa_sesso-herren","21":"pa_size-37-de","22":"pa_size-38-de","24":"first","25":"instock","26":"sale","27":"taxable","28":"shipping-taxable","29":"purchasable","30":"product-type-variable","31":"wvs-archive-product-wrapper"},"acf":[],"yoast_head":"<!-- This site is optimized with the Yoast SEO plugin v26.8 - https:\/\/yoast.com\/product\/yoast-seo-wordpress\/ -->\n<title>Hoka Mach 6 KDZ - Kinderlaufschuhe - MioMioRun<\/title>\n<meta name=\"description\" content=\"Der Mach 6 f\u00fcr Kinder ist leicht, schnell und unbestreitbar bequem. Ein dynamischer und unaufhaltsamer Schuh, der f\u00fcr lange Strecken konzipiert ist,\" \/>\n<meta name=\"robots\" content=\"index, follow, max-snippet:-1, max-image-preview:large, max-video-preview:-1\" \/>\n<link rel=\"canonical\" href=\"https:\/\/www.miomiorun.com\/de\/produkt\/mach-6-kdz\/\" \/>\n<meta property=\"og:locale\" content=\"de_DE\" \/>\n<meta property=\"og:type\" content=\"article\" \/>\n<meta property=\"og:title\" content=\"Hoka Mach 6 KDZ - Kinderlaufschuhe - MioMioRun\" \/>\n<meta property=\"og:description\" content=\"Der Mach 6 f\u00fcr Kinder ist leicht, schnell und unbestreitbar bequem. Ein dynamischer und unaufhaltsamer Schuh, der f\u00fcr lange Strecken konzipiert ist,\" \/>\n<meta property=\"og:url\" content=\"https:\/\/www.miomiorun.com\/de\/produkt\/mach-6-kdz\/\" \/>\n<meta property=\"og:site_name\" content=\"MioMioRun\" \/>\n<meta property=\"article:publisher\" content=\"https:\/\/www.facebook.com\/miomiorun\/\" \/>\n<meta property=\"article:modified_time\" content=\"2026-05-08T16:56:17+00:00\" \/>\n<meta property=\"og:image\" content=\"https:\/\/www.miomiorun.com\/app\/uploads\/2024\/03\/Hoka-Mach-6-youth-peony-cerise-1147553-PNYC.webp\" \/>\n\t<meta property=\"og:image:width\" content=\"600\" \/>\n\t<meta property=\"og:image:height\" content=\"600\" \/>\n\t<meta property=\"og:image:type\" content=\"image\/webp\" \/>\n<meta name=\"twitter:card\" content=\"summary_large_image\" \/>\n<meta name=\"twitter:label1\" content=\"Est. reading time\" \/>\n\t<meta name=\"twitter:data1\" content=\"1 minute\" \/>\n<script type=\"application\/ld+json\" class=\"yoast-schema-graph\">{\"@context\":\"https:\/\/schema.org\",\"@graph\":[{\"@type\":\"WebPage\",\"@id\":\"https:\/\/www.miomiorun.com\/de\/produkt\/mach-6-kdz\/\",\"url\":\"https:\/\/www.miomiorun.com\/de\/produkt\/mach-6-kdz\/\",\"name\":\"Hoka Mach 6 KDZ - Kinderlaufschuhe - MioMioRun\",\"isPartOf\":{\"@id\":\"https:\/\/www.miomiorun.com\/de\/#website\"},\"primaryImageOfPage\":{\"@id\":\"https:\/\/www.miomiorun.com\/de\/produkt\/mach-6-kdz\/#primaryimage\"},\"image\":{\"@id\":\"https:\/\/www.miomiorun.com\/de\/produkt\/mach-6-kdz\/#primaryimage\"},\"thumbnailUrl\":\"https:\/\/www.miomiorun.com\/app\/uploads\/2024\/03\/Hoka-Mach-6-youth-peony-cerise-1147553-PNYC.webp\",\"datePublished\":\"2024-03-05T10:45:30+00:00\",\"dateModified\":\"2026-05-08T16:56:17+00:00\",\"description\":\"Der Mach 6 f\u00fcr Kinder ist leicht, schnell und unbestreitbar bequem. Ein dynamischer und unaufhaltsamer Schuh, der f\u00fcr lange Strecken konzipiert ist,\",\"breadcrumb\":{\"@id\":\"https:\/\/www.miomiorun.com\/de\/produkt\/mach-6-kdz\/#breadcrumb\"},\"inLanguage\":\"de-DE\",\"potentialAction\":[{\"@type\":\"ReadAction\",\"target\":[\"https:\/\/www.miomiorun.com\/de\/produkt\/mach-6-kdz\/\"]}]},{\"@type\":\"ImageObject\",\"inLanguage\":\"de-DE\",\"@id\":\"https:\/\/www.miomiorun.com\/de\/produkt\/mach-6-kdz\/#primaryimage\",\"url\":\"https:\/\/www.miomiorun.com\/app\/uploads\/2024\/03\/Hoka-Mach-6-youth-peony-cerise-1147553-PNYC.webp\",\"contentUrl\":\"https:\/\/www.miomiorun.com\/app\/uploads\/2024\/03\/Hoka-Mach-6-youth-peony-cerise-1147553-PNYC.webp\",\"width\":600,\"height\":600,\"caption\":\"Hoka Mach 6 youth peony cerise 1147553 PNYC\"},{\"@type\":\"BreadcrumbList\",\"@id\":\"https:\/\/www.miomiorun.com\/de\/produkt\/mach-6-kdz\/#breadcrumb\",\"itemListElement\":[{\"@type\":\"ListItem\",\"position\":1,\"name\":\"Home\",\"item\":\"https:\/\/www.miomiorun.com\/de\/\"},{\"@type\":\"ListItem\",\"position\":2,\"name\":\"Shop\",\"item\":\"https:\/\/www.miomiorun.com\/shop\/\"},{\"@type\":\"ListItem\",\"position\":3,\"name\":\"Mach 6 KDZ\"}]},{\"@type\":\"WebSite\",\"@id\":\"https:\/\/www.miomiorun.com\/de\/#website\",\"url\":\"https:\/\/www.miomiorun.com\/de\/\",\"name\":\"MioMioRun\",\"description\":\"100% Lauf- und Trailshop\",\"publisher\":{\"@id\":\"https:\/\/www.miomiorun.com\/de\/#organization\"},\"potentialAction\":[{\"@type\":\"SearchAction\",\"target\":{\"@type\":\"EntryPoint\",\"urlTemplate\":\"https:\/\/www.miomiorun.com\/de\/?s={search_term_string}\"},\"query-input\":{\"@type\":\"PropertyValueSpecification\",\"valueRequired\":true,\"valueName\":\"search_term_string\"}}],\"inLanguage\":\"de-DE\"},{\"@type\":\"Organization\",\"@id\":\"https:\/\/www.miomiorun.com\/de\/#organization\",\"name\":\"MioMio Run\",\"url\":\"https:\/\/www.miomiorun.com\/de\/\",\"logo\":{\"@type\":\"ImageObject\",\"inLanguage\":\"de-DE\",\"@id\":\"https:\/\/www.miomiorun.com\/de\/#\/schema\/logo\/image\/\",\"url\":\"https:\/\/www.miomiorun.com\/app\/uploads\/2019\/12\/logomio.png\",\"contentUrl\":\"https:\/\/www.miomiorun.com\/app\/uploads\/2019\/12\/logomio.png\",\"width\":115,\"height\":82,\"caption\":\"MioMio Run\"},\"image\":{\"@id\":\"https:\/\/www.miomiorun.com\/de\/#\/schema\/logo\/image\/\"},\"sameAs\":[\"https:\/\/www.facebook.com\/miomiorun\/\",\"https:\/\/www.instagram.com\/miomiorun\/\"]}]}<\/script>\n<!-- \/ Yoast SEO plugin. -->","yoast_head_json":{"title":"Hoka Mach 6 KDZ - Kinderlaufschuhe - MioMioRun","description":"Der Mach 6 f\u00fcr Kinder ist leicht, schnell und unbestreitbar bequem. Ein dynamischer und unaufhaltsamer Schuh, der f\u00fcr lange Strecken konzipiert ist,","robots":{"index":"index","follow":"follow","max-snippet":"max-snippet:-1","max-image-preview":"max-image-preview:large","max-video-preview":"max-video-preview:-1"},"canonical":"https:\/\/www.miomiorun.com\/de\/produkt\/mach-6-kdz\/","og_locale":"de_DE","og_type":"article","og_title":"Hoka Mach 6 KDZ - Kinderlaufschuhe - MioMioRun","og_description":"Der Mach 6 f\u00fcr Kinder ist leicht, schnell und unbestreitbar bequem. Ein dynamischer und unaufhaltsamer Schuh, der f\u00fcr lange Strecken konzipiert ist,","og_url":"https:\/\/www.miomiorun.com\/de\/produkt\/mach-6-kdz\/","og_site_name":"MioMioRun","article_publisher":"https:\/\/www.facebook.com\/miomiorun\/","article_modified_time":"2026-05-08T16:56:17+00:00","og_image":[{"width":600,"height":600,"url":"https:\/\/www.miomiorun.com\/app\/uploads\/2024\/03\/Hoka-Mach-6-youth-peony-cerise-1147553-PNYC.webp","type":"image\/webp"}],"twitter_card":"summary_large_image","twitter_misc":{"Est. reading time":"1 minute"},"schema":{"@context":"https:\/\/schema.org","@graph":[{"@type":"WebPage","@id":"https:\/\/www.miomiorun.com\/de\/produkt\/mach-6-kdz\/","url":"https:\/\/www.miomiorun.com\/de\/produkt\/mach-6-kdz\/","name":"Hoka Mach 6 KDZ - Kinderlaufschuhe - MioMioRun","isPartOf":{"@id":"https:\/\/www.miomiorun.com\/de\/#website"},"primaryImageOfPage":{"@id":"https:\/\/www.miomiorun.com\/de\/produkt\/mach-6-kdz\/#primaryimage"},"image":{"@id":"https:\/\/www.miomiorun.com\/de\/produkt\/mach-6-kdz\/#primaryimage"},"thumbnailUrl":"https:\/\/www.miomiorun.com\/app\/uploads\/2024\/03\/Hoka-Mach-6-youth-peony-cerise-1147553-PNYC.webp","datePublished":"2024-03-05T10:45:30+00:00","dateModified":"2026-05-08T16:56:17+00:00","description":"Der Mach 6 f\u00fcr Kinder ist leicht, schnell und unbestreitbar bequem. Ein dynamischer und unaufhaltsamer Schuh, der f\u00fcr lange Strecken konzipiert ist,","breadcrumb":{"@id":"https:\/\/www.miomiorun.com\/de\/produkt\/mach-6-kdz\/#breadcrumb"},"inLanguage":"de-DE","potentialAction":[{"@type":"ReadAction","target":["https:\/\/www.miomiorun.com\/de\/produkt\/mach-6-kdz\/"]}]},{"@type":"ImageObject","inLanguage":"de-DE","@id":"https:\/\/www.miomiorun.com\/de\/produkt\/mach-6-kdz\/#primaryimage","url":"https:\/\/www.miomiorun.com\/app\/uploads\/2024\/03\/Hoka-Mach-6-youth-peony-cerise-1147553-PNYC.webp","contentUrl":"https:\/\/www.miomiorun.com\/app\/uploads\/2024\/03\/Hoka-Mach-6-youth-peony-cerise-1147553-PNYC.webp","width":600,"height":600,"caption":"Hoka Mach 6 youth peony cerise 1147553 PNYC"},{"@type":"BreadcrumbList","@id":"https:\/\/www.miomiorun.com\/de\/produkt\/mach-6-kdz\/#breadcrumb","itemListElement":[{"@type":"ListItem","position":1,"name":"Home","item":"https:\/\/www.miomiorun.com\/de\/"},{"@type":"ListItem","position":2,"name":"Shop","item":"https:\/\/www.miomiorun.com\/shop\/"},{"@type":"ListItem","position":3,"name":"Mach 6 KDZ"}]},{"@type":"WebSite","@id":"https:\/\/www.miomiorun.com\/de\/#website","url":"https:\/\/www.miomiorun.com\/de\/","name":"MioMioRun","description":"100% Lauf- und Trailshop","publisher":{"@id":"https:\/\/www.miomiorun.com\/de\/#organization"},"potentialAction":[{"@type":"SearchAction","target":{"@type":"EntryPoint","urlTemplate":"https:\/\/www.miomiorun.com\/de\/?s={search_term_string}"},"query-input":{"@type":"PropertyValueSpecification","valueRequired":true,"valueName":"search_term_string"}}],"inLanguage":"de-DE"},{"@type":"Organization","@id":"https:\/\/www.miomiorun.com\/de\/#organization","name":"MioMio Run","url":"https:\/\/www.miomiorun.com\/de\/","logo":{"@type":"ImageObject","inLanguage":"de-DE","@id":"https:\/\/www.miomiorun.com\/de\/#\/schema\/logo\/image\/","url":"https:\/\/www.miomiorun.com\/app\/uploads\/2019\/12\/logomio.png","contentUrl":"https:\/\/www.miomiorun.com\/app\/uploads\/2019\/12\/logomio.png","width":115,"height":82,"caption":"MioMio Run"},"image":{"@id":"https:\/\/www.miomiorun.com\/de\/#\/schema\/logo\/image\/"},"sameAs":["https:\/\/www.facebook.com\/miomiorun\/","https:\/\/www.instagram.com\/miomiorun\/"]}]}},"_links":{"self":[{"href":"https:\/\/www.miomiorun.com\/de\/wp-json\/wp\/v2\/product\/174233","targetHints":{"allow":["GET"]}}],"collection":[{"href":"https:\/\/www.miomiorun.com\/de\/wp-json\/wp\/v2\/product"}],"about":[{"href":"https:\/\/www.miomiorun.com\/de\/wp-json\/wp\/v2\/types\/product"}],"wp:featuredmedia":[{"embeddable":true,"href":"https:\/\/www.miomiorun.com\/de\/wp-json\/wp\/v2\/media\/163268"}],"wp:attachment":[{"href":"https:\/\/www.miomiorun.com\/de\/wp-json\/wp\/v2\/media?parent=174233"}],"wp:term":[{"taxonomy":"product_brand","embeddable":true,"href":"https:\/\/www.miomiorun.com\/de\/wp-json\/wp\/v2\/product_brand?post=174233"},{"taxonomy":"product_cat","embeddable":true,"href":"https:\/\/www.miomiorun.com\/de\/wp-json\/wp\/v2\/product_cat?post=174233"},{"taxonomy":"product_tag","embeddable":true,"href":"https:\/\/www.miomiorun.com\/de\/wp-json\/wp\/v2\/product_tag?post=174233"}],"curies":[{"name":"wp","href":"https:\/\/api.w.org\/{rel}","templated":true}]}}