{"id":174204,"date":"2024-03-07T15:19:53","date_gmt":"2024-03-07T14:19:53","guid":{"rendered":"https:\/\/miomiorun.com\/prodotto\/windy-t-shirt-kids\/"},"modified":"2025-03-01T12:21:49","modified_gmt":"2025-03-01T11:21:49","slug":"windy-t-shirt-kind","status":"publish","type":"product","link":"https:\/\/www.miomiorun.com\/de\/produkt\/windy-t-shirt-kind\/","title":{"rendered":"Windy T-Shirt kind"},"content":{"rendered":"<h2 style=\"text-align: center;\">Das Leben im Freien, das Einatmen und Erleben der nat\u00fcrlichen Elemente um uns herum ist unser Wunsch f\u00fcr alle kleinen Bergfreunde da drau\u00dfen.<\/h2>\n<p>Die Grafik des <strong>Kinder-T-Shirts<\/strong> Windy zeigt eine Puste im Wind und ist den n\u00e4chsten Outdoor-Abenteuern unserer laspokids gewidmet! 100% Bio-Baumwolle!<\/p>\n<h2>Technologien<\/h2>\n<p><a href=\"https:\/\/www.lasportiva.com\/it\/windy-t-shirt-k-blu-r04625625#\"> <img loading=\"lazy\" decoding=\"async\" class=\"lazyloaded\" src=\"https:\/\/www.lasportiva.com\/media\/techinfo_icons\/regular-fit.png\" alt=\"La Sportiva\" width=\"75\" height=\"75\" data-src=\"https:\/\/www.lasportiva.com\/media\/techinfo_icons\/regular-fit.png\" \/> <\/a><\/p>\n<p><strong>Normale Passform: <\/strong>Technischer und bequemer Schnitt.<\/p>\n<p>&nbsp;<\/p>\n<p><a href=\"https:\/\/www.lasportiva.com\/it\/windy-t-shirt-k-blu-r04625625#\"><img loading=\"lazy\" decoding=\"async\" class=\"lazyloaded\" src=\"https:\/\/www.lasportiva.com\/media\/techinfo_icons\/leggerezza.png\" alt=\"La Sportiva\" width=\"75\" height=\"75\" data-src=\"https:\/\/www.lasportiva.com\/media\/techinfo_icons\/leggerezza.png\" \/><\/a><\/p>\n<p><strong>Leichtigkeit: <\/strong>Produkte, die das Gewicht auf ein Minimum reduzieren<\/p>\n<p>&nbsp;<\/p>\n<p><a href=\"https:\/\/www.lasportiva.com\/it\/windy-t-shirt-k-blu-r04625625#\"> <img loading=\"lazy\" decoding=\"async\" class=\"lazyloaded\" src=\"https:\/\/www.lasportiva.com\/media\/techinfo_icons\/organic-cotton.png\" alt=\"La Sportiva\" width=\"75\" height=\"75\" data-src=\"https:\/\/www.lasportiva.com\/media\/techinfo_icons\/organic-cotton.png\" \/> <\/a><\/p>\n<p><strong>La Sportiva hat bei der Entwicklung seiner Baumwoll-T-Shirt-Linie eine klare Entscheidung getroffen: die<\/strong><strong>Verwendung von 100 % zertifizierter Bio-Baumwolle in vollem Respekt f\u00fcr die Umwelt, die uns umgibt, und mit klaren Vorteilen f\u00fcr den Endverbraucher<\/strong><br \/>\nBio-Baumwolle wird aus Plantagen gewonnen, die ohne den Einsatz von Pestiziden oder Chemikalien behandelt werden, die weniger Wasser verbrauchen als der herk\u00f6mmliche Anbau und die keine GVO-Samen verwenden. Die Entscheidung f\u00fcr Bio-Baumwolle ist nicht nur umweltfreundlich, sondern der Tr\u00e4ger sp\u00fcrt auch sofort den Unterschied: Sie verursacht keine Hautreizungen, ist weicher als herk\u00f6mmliche Baumwolle, atmungsaktiver und viel bequemer.<\/p>\n<p>&nbsp;<\/p>\n<p><a href=\"https:\/\/www.lasportiva.com\/it\/windy-t-shirt-k-blu-r04625625#\"> <img loading=\"lazy\" decoding=\"async\" class=\"lazyloaded\" src=\"https:\/\/www.lasportiva.com\/media\/techinfo_icons\/TOP.png\" alt=\"La Sportiva\" width=\"75\" height=\"75\" data-src=\"https:\/\/www.lasportiva.com\/media\/techinfo_icons\/TOP.png\" \/> <\/a><\/p>\n<p><strong>Oberteile: <\/strong>lang\u00e4rmelige, kurz\u00e4rmelige und \u00e4rmellose T-Shirts. Shirts f\u00fcr ihn, Tops f\u00fcr sie: alles, was man zum Klettern und f\u00fcr die Freizeit braucht, ohne auf die Kletterlaune zu verzichten.<\/p>\n<p>&nbsp;<\/p>\n<div class=\"techinfo-icons\">\n<div class=\"techinfo-icon\"><\/div>\n<\/div>\n<div class=\"techinfo-description\"><b> Passform: <\/b>Regular<br \/>\n<b>Material <\/b>: Haupt: (KNM01) 100% Organic Cotton<br \/>\n<b> Gewicht: <\/b>72 g (130 cm)<\/div>\n","protected":false},"excerpt":{"rendered":"<ul>\n<li>Kinder-T-Shirt, ideal f\u00fcr Outdoor-Aktivit\u00e4ten und Freizeit.<\/li>\n<li>Hergestellt aus Bio-Baumwolle.<\/li>\n<\/ul>\n","protected":false},"featured_media":164726,"template":"","meta":{"_acf_changed":false,"inline_featured_image":false},"product_brand":[],"product_cat":[19442,19441,6399],"product_tag":[6248,19357,19355],"class_list":{"0":"post-174204","1":"product","2":"type-product","3":"status-publish","4":"has-post-thumbnail","6":"product_cat-kinderkleidung","7":"product_cat-madchenkleidung","8":"product_cat-kind-de","9":"product_tag-la-sportiva-de","10":"product_tag-la-sportiva-kind","11":"product_tag-la-sportiva-madchen","12":"pa_attivita-gehen","13":"pa_attivita-lifestyle-de","14":"pa_attivita-running-de","15":"pa_colore-windy-t-shirt-k-hibiscus-de","16":"pa_marca-la-sportiva-de","17":"pa_sesso-damen","18":"pa_sesso-herren","19":"pa_size-110-de","20":"pa_size-120-de","22":"first","23":"instock","24":"sale","25":"taxable","26":"shipping-taxable","27":"purchasable","28":"product-type-variable","29":"wvs-archive-product-wrapper"},"acf":[],"yoast_head":"<!-- This site is optimized with the Yoast SEO plugin v26.8 - https:\/\/yoast.com\/product\/yoast-seo-wordpress\/ -->\n<title>La Sportiva Windy T-Shirt kind - Kinder-T-Shirt- MioMioRun.com<\/title>\n<meta name=\"description\" content=\"Die Grafik des Windy Kinder-T-Shirts zeigt eine Puste im Wind und ist den kommenden Outdoor-Abenteuern unserer laspokids gewidmet\" \/>\n<meta name=\"robots\" content=\"index, follow, max-snippet:-1, max-image-preview:large, max-video-preview:-1\" \/>\n<link rel=\"canonical\" href=\"https:\/\/www.miomiorun.com\/de\/produkt\/windy-t-shirt-kind\/\" \/>\n<meta property=\"og:locale\" content=\"de_DE\" \/>\n<meta property=\"og:type\" content=\"article\" \/>\n<meta property=\"og:title\" content=\"La Sportiva Windy T-Shirt kind - Kinder-T-Shirt- MioMioRun.com\" \/>\n<meta property=\"og:description\" content=\"Die Grafik des Windy Kinder-T-Shirts zeigt eine Puste im Wind und ist den kommenden Outdoor-Abenteuern unserer laspokids gewidmet\" \/>\n<meta property=\"og:url\" content=\"https:\/\/www.miomiorun.com\/de\/produkt\/windy-t-shirt-kind\/\" \/>\n<meta property=\"og:site_name\" content=\"MioMioRun\" \/>\n<meta property=\"article:publisher\" content=\"https:\/\/www.facebook.com\/miomiorun\/\" \/>\n<meta property=\"article:modified_time\" content=\"2025-03-01T11:21:49+00:00\" \/>\n<meta property=\"og:image\" content=\"https:\/\/www.miomiorun.com\/app\/uploads\/2024\/04\/La-sportiva-Windy-t-shirt-K-hibiscus-R04402402.webp\" \/>\n\t<meta property=\"og:image:width\" content=\"600\" \/>\n\t<meta property=\"og:image:height\" content=\"600\" \/>\n\t<meta property=\"og:image:type\" content=\"image\/webp\" \/>\n<meta name=\"twitter:card\" content=\"summary_large_image\" \/>\n<meta name=\"twitter:label1\" content=\"Est. reading time\" \/>\n\t<meta name=\"twitter:data1\" content=\"1 minute\" \/>\n<script type=\"application\/ld+json\" class=\"yoast-schema-graph\">{\"@context\":\"https:\/\/schema.org\",\"@graph\":[{\"@type\":\"WebPage\",\"@id\":\"https:\/\/www.miomiorun.com\/de\/produkt\/windy-t-shirt-kind\/\",\"url\":\"https:\/\/www.miomiorun.com\/de\/produkt\/windy-t-shirt-kind\/\",\"name\":\"La Sportiva Windy T-Shirt kind - Kinder-T-Shirt- MioMioRun.com\",\"isPartOf\":{\"@id\":\"https:\/\/www.miomiorun.com\/de\/#website\"},\"primaryImageOfPage\":{\"@id\":\"https:\/\/www.miomiorun.com\/de\/produkt\/windy-t-shirt-kind\/#primaryimage\"},\"image\":{\"@id\":\"https:\/\/www.miomiorun.com\/de\/produkt\/windy-t-shirt-kind\/#primaryimage\"},\"thumbnailUrl\":\"https:\/\/www.miomiorun.com\/app\/uploads\/2024\/04\/La-sportiva-Windy-t-shirt-K-hibiscus-R04402402.webp\",\"datePublished\":\"2024-03-07T14:19:53+00:00\",\"dateModified\":\"2025-03-01T11:21:49+00:00\",\"description\":\"Die Grafik des Windy Kinder-T-Shirts zeigt eine Puste im Wind und ist den kommenden Outdoor-Abenteuern unserer laspokids gewidmet\",\"breadcrumb\":{\"@id\":\"https:\/\/www.miomiorun.com\/de\/produkt\/windy-t-shirt-kind\/#breadcrumb\"},\"inLanguage\":\"de-DE\",\"potentialAction\":[{\"@type\":\"ReadAction\",\"target\":[\"https:\/\/www.miomiorun.com\/de\/produkt\/windy-t-shirt-kind\/\"]}]},{\"@type\":\"ImageObject\",\"inLanguage\":\"de-DE\",\"@id\":\"https:\/\/www.miomiorun.com\/de\/produkt\/windy-t-shirt-kind\/#primaryimage\",\"url\":\"https:\/\/www.miomiorun.com\/app\/uploads\/2024\/04\/La-sportiva-Windy-t-shirt-K-hibiscus-R04402402.webp\",\"contentUrl\":\"https:\/\/www.miomiorun.com\/app\/uploads\/2024\/04\/La-sportiva-Windy-t-shirt-K-hibiscus-R04402402.webp\",\"width\":600,\"height\":600,\"caption\":\"La sportiva Windy t-shirt K hibiscus R04402402\"},{\"@type\":\"BreadcrumbList\",\"@id\":\"https:\/\/www.miomiorun.com\/de\/produkt\/windy-t-shirt-kind\/#breadcrumb\",\"itemListElement\":[{\"@type\":\"ListItem\",\"position\":1,\"name\":\"Home\",\"item\":\"https:\/\/www.miomiorun.com\/de\/\"},{\"@type\":\"ListItem\",\"position\":2,\"name\":\"Shop\",\"item\":\"https:\/\/www.miomiorun.com\/shop\/\"},{\"@type\":\"ListItem\",\"position\":3,\"name\":\"Windy T-Shirt kind\"}]},{\"@type\":\"WebSite\",\"@id\":\"https:\/\/www.miomiorun.com\/de\/#website\",\"url\":\"https:\/\/www.miomiorun.com\/de\/\",\"name\":\"MioMioRun\",\"description\":\"100% Lauf- und Trailshop\",\"publisher\":{\"@id\":\"https:\/\/www.miomiorun.com\/de\/#organization\"},\"potentialAction\":[{\"@type\":\"SearchAction\",\"target\":{\"@type\":\"EntryPoint\",\"urlTemplate\":\"https:\/\/www.miomiorun.com\/de\/?s={search_term_string}\"},\"query-input\":{\"@type\":\"PropertyValueSpecification\",\"valueRequired\":true,\"valueName\":\"search_term_string\"}}],\"inLanguage\":\"de-DE\"},{\"@type\":\"Organization\",\"@id\":\"https:\/\/www.miomiorun.com\/de\/#organization\",\"name\":\"MioMio Run\",\"url\":\"https:\/\/www.miomiorun.com\/de\/\",\"logo\":{\"@type\":\"ImageObject\",\"inLanguage\":\"de-DE\",\"@id\":\"https:\/\/www.miomiorun.com\/de\/#\/schema\/logo\/image\/\",\"url\":\"https:\/\/www.miomiorun.com\/app\/uploads\/2019\/12\/logomio.png\",\"contentUrl\":\"https:\/\/www.miomiorun.com\/app\/uploads\/2019\/12\/logomio.png\",\"width\":115,\"height\":82,\"caption\":\"MioMio Run\"},\"image\":{\"@id\":\"https:\/\/www.miomiorun.com\/de\/#\/schema\/logo\/image\/\"},\"sameAs\":[\"https:\/\/www.facebook.com\/miomiorun\/\",\"https:\/\/www.instagram.com\/miomiorun\/\"]}]}<\/script>\n<!-- \/ Yoast SEO plugin. -->","yoast_head_json":{"title":"La Sportiva Windy T-Shirt kind - Kinder-T-Shirt- MioMioRun.com","description":"Die Grafik des Windy Kinder-T-Shirts zeigt eine Puste im Wind und ist den kommenden Outdoor-Abenteuern unserer laspokids gewidmet","robots":{"index":"index","follow":"follow","max-snippet":"max-snippet:-1","max-image-preview":"max-image-preview:large","max-video-preview":"max-video-preview:-1"},"canonical":"https:\/\/www.miomiorun.com\/de\/produkt\/windy-t-shirt-kind\/","og_locale":"de_DE","og_type":"article","og_title":"La Sportiva Windy T-Shirt kind - Kinder-T-Shirt- MioMioRun.com","og_description":"Die Grafik des Windy Kinder-T-Shirts zeigt eine Puste im Wind und ist den kommenden Outdoor-Abenteuern unserer laspokids gewidmet","og_url":"https:\/\/www.miomiorun.com\/de\/produkt\/windy-t-shirt-kind\/","og_site_name":"MioMioRun","article_publisher":"https:\/\/www.facebook.com\/miomiorun\/","article_modified_time":"2025-03-01T11:21:49+00:00","og_image":[{"width":600,"height":600,"url":"https:\/\/www.miomiorun.com\/app\/uploads\/2024\/04\/La-sportiva-Windy-t-shirt-K-hibiscus-R04402402.webp","type":"image\/webp"}],"twitter_card":"summary_large_image","twitter_misc":{"Est. reading time":"1 minute"},"schema":{"@context":"https:\/\/schema.org","@graph":[{"@type":"WebPage","@id":"https:\/\/www.miomiorun.com\/de\/produkt\/windy-t-shirt-kind\/","url":"https:\/\/www.miomiorun.com\/de\/produkt\/windy-t-shirt-kind\/","name":"La Sportiva Windy T-Shirt kind - Kinder-T-Shirt- MioMioRun.com","isPartOf":{"@id":"https:\/\/www.miomiorun.com\/de\/#website"},"primaryImageOfPage":{"@id":"https:\/\/www.miomiorun.com\/de\/produkt\/windy-t-shirt-kind\/#primaryimage"},"image":{"@id":"https:\/\/www.miomiorun.com\/de\/produkt\/windy-t-shirt-kind\/#primaryimage"},"thumbnailUrl":"https:\/\/www.miomiorun.com\/app\/uploads\/2024\/04\/La-sportiva-Windy-t-shirt-K-hibiscus-R04402402.webp","datePublished":"2024-03-07T14:19:53+00:00","dateModified":"2025-03-01T11:21:49+00:00","description":"Die Grafik des Windy Kinder-T-Shirts zeigt eine Puste im Wind und ist den kommenden Outdoor-Abenteuern unserer laspokids gewidmet","breadcrumb":{"@id":"https:\/\/www.miomiorun.com\/de\/produkt\/windy-t-shirt-kind\/#breadcrumb"},"inLanguage":"de-DE","potentialAction":[{"@type":"ReadAction","target":["https:\/\/www.miomiorun.com\/de\/produkt\/windy-t-shirt-kind\/"]}]},{"@type":"ImageObject","inLanguage":"de-DE","@id":"https:\/\/www.miomiorun.com\/de\/produkt\/windy-t-shirt-kind\/#primaryimage","url":"https:\/\/www.miomiorun.com\/app\/uploads\/2024\/04\/La-sportiva-Windy-t-shirt-K-hibiscus-R04402402.webp","contentUrl":"https:\/\/www.miomiorun.com\/app\/uploads\/2024\/04\/La-sportiva-Windy-t-shirt-K-hibiscus-R04402402.webp","width":600,"height":600,"caption":"La sportiva Windy t-shirt K hibiscus R04402402"},{"@type":"BreadcrumbList","@id":"https:\/\/www.miomiorun.com\/de\/produkt\/windy-t-shirt-kind\/#breadcrumb","itemListElement":[{"@type":"ListItem","position":1,"name":"Home","item":"https:\/\/www.miomiorun.com\/de\/"},{"@type":"ListItem","position":2,"name":"Shop","item":"https:\/\/www.miomiorun.com\/shop\/"},{"@type":"ListItem","position":3,"name":"Windy T-Shirt kind"}]},{"@type":"WebSite","@id":"https:\/\/www.miomiorun.com\/de\/#website","url":"https:\/\/www.miomiorun.com\/de\/","name":"MioMioRun","description":"100% Lauf- und Trailshop","publisher":{"@id":"https:\/\/www.miomiorun.com\/de\/#organization"},"potentialAction":[{"@type":"SearchAction","target":{"@type":"EntryPoint","urlTemplate":"https:\/\/www.miomiorun.com\/de\/?s={search_term_string}"},"query-input":{"@type":"PropertyValueSpecification","valueRequired":true,"valueName":"search_term_string"}}],"inLanguage":"de-DE"},{"@type":"Organization","@id":"https:\/\/www.miomiorun.com\/de\/#organization","name":"MioMio Run","url":"https:\/\/www.miomiorun.com\/de\/","logo":{"@type":"ImageObject","inLanguage":"de-DE","@id":"https:\/\/www.miomiorun.com\/de\/#\/schema\/logo\/image\/","url":"https:\/\/www.miomiorun.com\/app\/uploads\/2019\/12\/logomio.png","contentUrl":"https:\/\/www.miomiorun.com\/app\/uploads\/2019\/12\/logomio.png","width":115,"height":82,"caption":"MioMio Run"},"image":{"@id":"https:\/\/www.miomiorun.com\/de\/#\/schema\/logo\/image\/"},"sameAs":["https:\/\/www.facebook.com\/miomiorun\/","https:\/\/www.instagram.com\/miomiorun\/"]}]}},"_links":{"self":[{"href":"https:\/\/www.miomiorun.com\/de\/wp-json\/wp\/v2\/product\/174204","targetHints":{"allow":["GET"]}}],"collection":[{"href":"https:\/\/www.miomiorun.com\/de\/wp-json\/wp\/v2\/product"}],"about":[{"href":"https:\/\/www.miomiorun.com\/de\/wp-json\/wp\/v2\/types\/product"}],"wp:featuredmedia":[{"embeddable":true,"href":"https:\/\/www.miomiorun.com\/de\/wp-json\/wp\/v2\/media\/164726"}],"wp:attachment":[{"href":"https:\/\/www.miomiorun.com\/de\/wp-json\/wp\/v2\/media?parent=174204"}],"wp:term":[{"taxonomy":"product_brand","embeddable":true,"href":"https:\/\/www.miomiorun.com\/de\/wp-json\/wp\/v2\/product_brand?post=174204"},{"taxonomy":"product_cat","embeddable":true,"href":"https:\/\/www.miomiorun.com\/de\/wp-json\/wp\/v2\/product_cat?post=174204"},{"taxonomy":"product_tag","embeddable":true,"href":"https:\/\/www.miomiorun.com\/de\/wp-json\/wp\/v2\/product_tag?post=174204"}],"curies":[{"name":"wp","href":"https:\/\/api.w.org\/{rel}","templated":true}]}}