{"id":174191,"date":"2020-09-30T17:26:28","date_gmt":"2020-09-30T15:26:28","guid":{"rendered":"https:\/\/miomiorun.com\/prodotto\/nathan-saferrun-ripcord\/"},"modified":"2025-03-01T12:35:57","modified_gmt":"2025-03-01T11:35:57","slug":"nathan-saferrun-ripcord","status":"publish","type":"product","link":"https:\/\/www.miomiorun.com\/de\/produkt\/nathan-saferrun-ripcord\/","title":{"rendered":"SaferRun Ripcord"},"content":{"rendered":"<p>Der SaferRun Ripcord Siren Personal Alarm ist ein daumengro\u00dfes Ger\u00e4t, das im Notfall einen Ton abgibt. Durch einfaches Ziehen an einer Lasche ert\u00f6nt ein 120 dB lauter Alarm, der auf die Gefahr hinweist, dass der L\u00e4ufer in Gefahr ist &#8211; so laut wie eine Krankenwagensirene und h\u00f6rbar aus \u00fcber 180 Metern Entfernung. Dieses kleine Alarmsystem dient der Abschreckung und kann im Falle eines Unfalls andere warnen.<\/p>\n<div class=\"elementor-element elementor-element-501e720 elementor-column elementor-col-50 elementor-inner-column\" data-element_type=\"column\" data-id=\"501e720\">\n<div class=\"elementor-column-wrap elementor-element-populated\">\n<div class=\"elementor-widget-wrap\">\n<div class=\"elementor-element elementor-element-d87518f elementor-widget elementor-widget-heading\" data-widget_type=\"heading.default\" data-element_type=\"widget\" data-id=\"d87518f\">\n<div class=\"elementor-widget-container\">\n<h3 class=\"elementor-heading-title elementor-size-default\">Ihr eigener pers\u00f6nlicher kleiner Bodyguard! Sehr laut, einfach zu bedienen und schnell!<\/h3>\n<\/div>\n<\/div>\n<div class=\"elementor-element elementor-element-675b9bd elementor-icon-list--layout-traditional elementor-widget elementor-widget-icon-list\" data-widget_type=\"icon-list.default\" data-element_type=\"widget\" data-id=\"675b9bd\">\n<div class=\"elementor-widget-container\">\n<ul class=\"elementor-icon-list-items\">\n<li class=\"elementor-icon-list-item\"><i class=\"far fa-check-circle\" data-wg-notranslate=\"\" aria-hidden=\"true\"><\/i> <span class=\"elementor-icon-list-text\">Sicherheitsclip zum Laufen, Gehen, Radfahren oder sogar f\u00fcr einen Stadtbummel und mehr<\/span><\/li>\n<li class=\"elementor-icon-list-item\"><i class=\"far fa-check-circle\" data-wg-notranslate=\"\" aria-hidden=\"true\"><\/i> <span class=\"elementor-icon-list-text\">Pers\u00f6nlicher Alarm mit 120 db: h\u00f6rbar aus \u00fcber 180 Metern Entfernung<\/span><\/li>\n<li class=\"elementor-icon-list-item\"><i class=\"far fa-check-circle\" data-wg-notranslate=\"\" aria-hidden=\"true\"><\/i> <span class=\"elementor-icon-list-text\">Wiederverwendbar und sehr einfach zu bedienen! Sie k\u00f6nnen es testen, ausprobieren und lernen, wie man es benutzt, bevor Sie es tun m\u00fcssen!<\/span><\/li>\n<li class=\"elementor-icon-list-item\"><i class=\"far fa-check-circle\" data-wg-notranslate=\"\" aria-hidden=\"true\"><\/i> <span class=\"elementor-icon-list-text\">Ziehen Sie, um ihn zu aktivieren, wenn Sie sich unwohl f\u00fchlen, oder in einem Notfall, um andere vor Ihrem Unwohlsein zu warnen. Schalten Sie es aus und verwenden Sie es bei Bedarf erneut.<\/span><\/li>\n<\/ul>\n<\/div>\n<\/div>\n<\/div>\n<\/div>\n<\/div>\n","protected":false},"excerpt":{"rendered":"<p>Der SaferRun Ripcord Siren Personal Alarm ist ein daumengro\u00dfes Ger\u00e4t, das im Notfall einen Ton abgibt. Durch einfaches Ziehen an einer Lasche ert\u00f6nt ein 120 dB lauter Alarm, der auf die Gefahr hinweist, dass der L\u00e4ufer in Gefahr ist &#8211; so laut wie eine Krankenwagensirene und h\u00f6rbar aus \u00fcber 180 Metern Entfernung. Dieses kleine Alarmsystem &hellip; <a href=\"https:\/\/www.miomiorun.com\/de\/produkt\/nathan-saferrun-ripcord\/\">Continued<\/a><\/p>\n","protected":false},"featured_media":53100,"template":"","meta":{"_acf_changed":false,"inline_featured_image":false},"product_brand":[],"product_cat":[6342,6395],"product_tag":[3383],"class_list":{"0":"post-174191","1":"product","2":"type-product","3":"status-publish","4":"has-post-thumbnail","6":"product_cat-zubehoer","7":"product_cat-diverses-zubehoer-de","8":"product_tag-nathan-de","9":"pa_attivita-gehen","10":"pa_attivita-outdoor-de","11":"pa_attivita-running-de","12":"pa_attivita-trail-de","13":"pa_marca-nathan-de","14":"pa_sesso-damen","15":"pa_sesso-herren","17":"first","18":"instock","19":"sale","20":"taxable","21":"shipping-taxable","22":"purchasable","23":"product-type-simple"},"acf":[],"yoast_head":"<!-- This site is optimized with the Yoast SEO plugin v26.8 - https:\/\/yoast.com\/product\/yoast-seo-wordpress\/ -->\n<title>SaferRun Ripcord - Laufendes Zubeh\u00f6r - MioMioRun<\/title>\n<meta name=\"description\" content=\"Der SaferRun Ripcord Siren Personal Alarm ist ein daumengro\u00dfes Ger\u00e4t, das im Notfall einen Ton abgibt. Mehr Informationen auf unserer Website\" \/>\n<meta name=\"robots\" content=\"index, follow, max-snippet:-1, max-image-preview:large, max-video-preview:-1\" \/>\n<link rel=\"canonical\" href=\"https:\/\/www.miomiorun.com\/de\/produkt\/nathan-saferrun-ripcord\/\" \/>\n<meta property=\"og:locale\" content=\"de_DE\" \/>\n<meta property=\"og:type\" content=\"article\" \/>\n<meta property=\"og:title\" content=\"SaferRun Ripcord - Laufendes Zubeh\u00f6r - MioMioRun\" \/>\n<meta property=\"og:description\" content=\"Der SaferRun Ripcord Siren Personal Alarm ist ein daumengro\u00dfes Ger\u00e4t, das im Notfall einen Ton abgibt. Mehr Informationen auf unserer Website\" \/>\n<meta property=\"og:url\" content=\"https:\/\/www.miomiorun.com\/de\/produkt\/nathan-saferrun-ripcord\/\" \/>\n<meta property=\"og:site_name\" content=\"MioMioRun\" \/>\n<meta property=\"article:publisher\" content=\"https:\/\/www.facebook.com\/miomiorun\/\" \/>\n<meta property=\"article:modified_time\" content=\"2025-03-01T11:35:57+00:00\" \/>\n<meta property=\"og:image\" content=\"https:\/\/www.miomiorun.com\/app\/uploads\/2020\/09\/nathan-Ripcord-Alarm.jpg\" \/>\n\t<meta property=\"og:image:width\" content=\"600\" \/>\n\t<meta property=\"og:image:height\" content=\"600\" \/>\n\t<meta property=\"og:image:type\" content=\"image\/jpeg\" \/>\n<meta name=\"twitter:card\" content=\"summary_large_image\" \/>\n<meta name=\"twitter:label1\" content=\"Est. reading time\" \/>\n\t<meta name=\"twitter:data1\" content=\"1 minute\" \/>\n<script type=\"application\/ld+json\" class=\"yoast-schema-graph\">{\"@context\":\"https:\/\/schema.org\",\"@graph\":[{\"@type\":\"WebPage\",\"@id\":\"https:\/\/www.miomiorun.com\/de\/produkt\/nathan-saferrun-ripcord\/\",\"url\":\"https:\/\/www.miomiorun.com\/de\/produkt\/nathan-saferrun-ripcord\/\",\"name\":\"SaferRun Ripcord - Laufendes Zubeh\u00f6r - MioMioRun\",\"isPartOf\":{\"@id\":\"https:\/\/www.miomiorun.com\/de\/#website\"},\"primaryImageOfPage\":{\"@id\":\"https:\/\/www.miomiorun.com\/de\/produkt\/nathan-saferrun-ripcord\/#primaryimage\"},\"image\":{\"@id\":\"https:\/\/www.miomiorun.com\/de\/produkt\/nathan-saferrun-ripcord\/#primaryimage\"},\"thumbnailUrl\":\"https:\/\/www.miomiorun.com\/app\/uploads\/2020\/09\/nathan-Ripcord-Alarm.jpg\",\"datePublished\":\"2020-09-30T15:26:28+00:00\",\"dateModified\":\"2025-03-01T11:35:57+00:00\",\"description\":\"Der SaferRun Ripcord Siren Personal Alarm ist ein daumengro\u00dfes Ger\u00e4t, das im Notfall einen Ton abgibt. Mehr Informationen auf unserer Website\",\"breadcrumb\":{\"@id\":\"https:\/\/www.miomiorun.com\/de\/produkt\/nathan-saferrun-ripcord\/#breadcrumb\"},\"inLanguage\":\"de-DE\",\"potentialAction\":[{\"@type\":\"ReadAction\",\"target\":[\"https:\/\/www.miomiorun.com\/de\/produkt\/nathan-saferrun-ripcord\/\"]}]},{\"@type\":\"ImageObject\",\"inLanguage\":\"de-DE\",\"@id\":\"https:\/\/www.miomiorun.com\/de\/produkt\/nathan-saferrun-ripcord\/#primaryimage\",\"url\":\"https:\/\/www.miomiorun.com\/app\/uploads\/2020\/09\/nathan-Ripcord-Alarm.jpg\",\"contentUrl\":\"https:\/\/www.miomiorun.com\/app\/uploads\/2020\/09\/nathan-Ripcord-Alarm.jpg\",\"width\":600,\"height\":600,\"caption\":\"nathan-Ripcord-Alarm\"},{\"@type\":\"BreadcrumbList\",\"@id\":\"https:\/\/www.miomiorun.com\/de\/produkt\/nathan-saferrun-ripcord\/#breadcrumb\",\"itemListElement\":[{\"@type\":\"ListItem\",\"position\":1,\"name\":\"Home\",\"item\":\"https:\/\/www.miomiorun.com\/de\/\"},{\"@type\":\"ListItem\",\"position\":2,\"name\":\"Shop\",\"item\":\"https:\/\/www.miomiorun.com\/shop\/\"},{\"@type\":\"ListItem\",\"position\":3,\"name\":\"SaferRun Ripcord\"}]},{\"@type\":\"WebSite\",\"@id\":\"https:\/\/www.miomiorun.com\/de\/#website\",\"url\":\"https:\/\/www.miomiorun.com\/de\/\",\"name\":\"MioMioRun\",\"description\":\"100% Lauf- und Trailshop\",\"publisher\":{\"@id\":\"https:\/\/www.miomiorun.com\/de\/#organization\"},\"potentialAction\":[{\"@type\":\"SearchAction\",\"target\":{\"@type\":\"EntryPoint\",\"urlTemplate\":\"https:\/\/www.miomiorun.com\/de\/?s={search_term_string}\"},\"query-input\":{\"@type\":\"PropertyValueSpecification\",\"valueRequired\":true,\"valueName\":\"search_term_string\"}}],\"inLanguage\":\"de-DE\"},{\"@type\":\"Organization\",\"@id\":\"https:\/\/www.miomiorun.com\/de\/#organization\",\"name\":\"MioMio Run\",\"url\":\"https:\/\/www.miomiorun.com\/de\/\",\"logo\":{\"@type\":\"ImageObject\",\"inLanguage\":\"de-DE\",\"@id\":\"https:\/\/www.miomiorun.com\/de\/#\/schema\/logo\/image\/\",\"url\":\"https:\/\/www.miomiorun.com\/app\/uploads\/2019\/12\/logomio.png\",\"contentUrl\":\"https:\/\/www.miomiorun.com\/app\/uploads\/2019\/12\/logomio.png\",\"width\":115,\"height\":82,\"caption\":\"MioMio Run\"},\"image\":{\"@id\":\"https:\/\/www.miomiorun.com\/de\/#\/schema\/logo\/image\/\"},\"sameAs\":[\"https:\/\/www.facebook.com\/miomiorun\/\",\"https:\/\/www.instagram.com\/miomiorun\/\"]}]}<\/script>\n<!-- \/ Yoast SEO plugin. -->","yoast_head_json":{"title":"SaferRun Ripcord - Laufendes Zubeh\u00f6r - MioMioRun","description":"Der SaferRun Ripcord Siren Personal Alarm ist ein daumengro\u00dfes Ger\u00e4t, das im Notfall einen Ton abgibt. Mehr Informationen auf unserer Website","robots":{"index":"index","follow":"follow","max-snippet":"max-snippet:-1","max-image-preview":"max-image-preview:large","max-video-preview":"max-video-preview:-1"},"canonical":"https:\/\/www.miomiorun.com\/de\/produkt\/nathan-saferrun-ripcord\/","og_locale":"de_DE","og_type":"article","og_title":"SaferRun Ripcord - Laufendes Zubeh\u00f6r - MioMioRun","og_description":"Der SaferRun Ripcord Siren Personal Alarm ist ein daumengro\u00dfes Ger\u00e4t, das im Notfall einen Ton abgibt. Mehr Informationen auf unserer Website","og_url":"https:\/\/www.miomiorun.com\/de\/produkt\/nathan-saferrun-ripcord\/","og_site_name":"MioMioRun","article_publisher":"https:\/\/www.facebook.com\/miomiorun\/","article_modified_time":"2025-03-01T11:35:57+00:00","og_image":[{"width":600,"height":600,"url":"https:\/\/www.miomiorun.com\/app\/uploads\/2020\/09\/nathan-Ripcord-Alarm.jpg","type":"image\/jpeg"}],"twitter_card":"summary_large_image","twitter_misc":{"Est. reading time":"1 minute"},"schema":{"@context":"https:\/\/schema.org","@graph":[{"@type":"WebPage","@id":"https:\/\/www.miomiorun.com\/de\/produkt\/nathan-saferrun-ripcord\/","url":"https:\/\/www.miomiorun.com\/de\/produkt\/nathan-saferrun-ripcord\/","name":"SaferRun Ripcord - Laufendes Zubeh\u00f6r - MioMioRun","isPartOf":{"@id":"https:\/\/www.miomiorun.com\/de\/#website"},"primaryImageOfPage":{"@id":"https:\/\/www.miomiorun.com\/de\/produkt\/nathan-saferrun-ripcord\/#primaryimage"},"image":{"@id":"https:\/\/www.miomiorun.com\/de\/produkt\/nathan-saferrun-ripcord\/#primaryimage"},"thumbnailUrl":"https:\/\/www.miomiorun.com\/app\/uploads\/2020\/09\/nathan-Ripcord-Alarm.jpg","datePublished":"2020-09-30T15:26:28+00:00","dateModified":"2025-03-01T11:35:57+00:00","description":"Der SaferRun Ripcord Siren Personal Alarm ist ein daumengro\u00dfes Ger\u00e4t, das im Notfall einen Ton abgibt. Mehr Informationen auf unserer Website","breadcrumb":{"@id":"https:\/\/www.miomiorun.com\/de\/produkt\/nathan-saferrun-ripcord\/#breadcrumb"},"inLanguage":"de-DE","potentialAction":[{"@type":"ReadAction","target":["https:\/\/www.miomiorun.com\/de\/produkt\/nathan-saferrun-ripcord\/"]}]},{"@type":"ImageObject","inLanguage":"de-DE","@id":"https:\/\/www.miomiorun.com\/de\/produkt\/nathan-saferrun-ripcord\/#primaryimage","url":"https:\/\/www.miomiorun.com\/app\/uploads\/2020\/09\/nathan-Ripcord-Alarm.jpg","contentUrl":"https:\/\/www.miomiorun.com\/app\/uploads\/2020\/09\/nathan-Ripcord-Alarm.jpg","width":600,"height":600,"caption":"nathan-Ripcord-Alarm"},{"@type":"BreadcrumbList","@id":"https:\/\/www.miomiorun.com\/de\/produkt\/nathan-saferrun-ripcord\/#breadcrumb","itemListElement":[{"@type":"ListItem","position":1,"name":"Home","item":"https:\/\/www.miomiorun.com\/de\/"},{"@type":"ListItem","position":2,"name":"Shop","item":"https:\/\/www.miomiorun.com\/shop\/"},{"@type":"ListItem","position":3,"name":"SaferRun Ripcord"}]},{"@type":"WebSite","@id":"https:\/\/www.miomiorun.com\/de\/#website","url":"https:\/\/www.miomiorun.com\/de\/","name":"MioMioRun","description":"100% Lauf- und Trailshop","publisher":{"@id":"https:\/\/www.miomiorun.com\/de\/#organization"},"potentialAction":[{"@type":"SearchAction","target":{"@type":"EntryPoint","urlTemplate":"https:\/\/www.miomiorun.com\/de\/?s={search_term_string}"},"query-input":{"@type":"PropertyValueSpecification","valueRequired":true,"valueName":"search_term_string"}}],"inLanguage":"de-DE"},{"@type":"Organization","@id":"https:\/\/www.miomiorun.com\/de\/#organization","name":"MioMio Run","url":"https:\/\/www.miomiorun.com\/de\/","logo":{"@type":"ImageObject","inLanguage":"de-DE","@id":"https:\/\/www.miomiorun.com\/de\/#\/schema\/logo\/image\/","url":"https:\/\/www.miomiorun.com\/app\/uploads\/2019\/12\/logomio.png","contentUrl":"https:\/\/www.miomiorun.com\/app\/uploads\/2019\/12\/logomio.png","width":115,"height":82,"caption":"MioMio Run"},"image":{"@id":"https:\/\/www.miomiorun.com\/de\/#\/schema\/logo\/image\/"},"sameAs":["https:\/\/www.facebook.com\/miomiorun\/","https:\/\/www.instagram.com\/miomiorun\/"]}]}},"_links":{"self":[{"href":"https:\/\/www.miomiorun.com\/de\/wp-json\/wp\/v2\/product\/174191","targetHints":{"allow":["GET"]}}],"collection":[{"href":"https:\/\/www.miomiorun.com\/de\/wp-json\/wp\/v2\/product"}],"about":[{"href":"https:\/\/www.miomiorun.com\/de\/wp-json\/wp\/v2\/types\/product"}],"wp:featuredmedia":[{"embeddable":true,"href":"https:\/\/www.miomiorun.com\/de\/wp-json\/wp\/v2\/media\/53100"}],"wp:attachment":[{"href":"https:\/\/www.miomiorun.com\/de\/wp-json\/wp\/v2\/media?parent=174191"}],"wp:term":[{"taxonomy":"product_brand","embeddable":true,"href":"https:\/\/www.miomiorun.com\/de\/wp-json\/wp\/v2\/product_brand?post=174191"},{"taxonomy":"product_cat","embeddable":true,"href":"https:\/\/www.miomiorun.com\/de\/wp-json\/wp\/v2\/product_cat?post=174191"},{"taxonomy":"product_tag","embeddable":true,"href":"https:\/\/www.miomiorun.com\/de\/wp-json\/wp\/v2\/product_tag?post=174191"}],"curies":[{"name":"wp","href":"https:\/\/api.w.org\/{rel}","templated":true}]}}