{"id":174188,"date":"2020-07-02T18:22:51","date_gmt":"2020-07-02T16:22:51","guid":{"rendered":"https:\/\/miomiorun.com\/prodotto\/raidlight-poncho-di-emergenza\/"},"modified":"2026-03-01T22:14:32","modified_gmt":"2026-03-01T21:14:32","slug":"raidlight-notfall-poncho","status":"publish","type":"product","link":"https:\/\/www.miomiorun.com\/de\/produkt\/raidlight-notfall-poncho\/","title":{"rendered":"Notfall-Poncho"},"content":{"rendered":"<p>Dieser Notfallponcho von Raidlight kann verwendet werden, um Probleme zu l\u00f6sen, die bei Regen auftreten. Leicht und passt allen K\u00f6rperformen mit einem kleinen Kordelzug in der Kapuze. Achtung: Dieses Produkt ist ein Ersatz, nicht ein Ersatz f\u00fcr eine wasserdichte Jacke, wenn n\u00f6tig, f\u00fcr Ausfl\u00fcge in den Bergen<\/p>\n","protected":false},"excerpt":{"rendered":"<p>Dieser Notfallponcho von Raidlight kann verwendet werden, um Probleme zu l\u00f6sen, die bei Regen auftreten. Leicht und passt allen K\u00f6rperformen mit einem kleinen Kordelzug in der Kapuze. Achtung: Dieses Produkt ist ein Ersatz, nicht ein Ersatz f\u00fcr eine wasserdichte Jacke, wenn n\u00f6tig, f\u00fcr Ausfl\u00fcge in den Bergen<\/p>\n","protected":false},"featured_media":52460,"template":"","meta":{"_acf_changed":false,"inline_featured_image":false},"product_brand":[],"product_cat":[6342,6395],"product_tag":[6262],"class_list":{"0":"post-174188","1":"product","2":"type-product","3":"status-publish","4":"has-post-thumbnail","6":"product_cat-zubehoer","7":"product_cat-diverses-zubehoer-de","8":"product_tag-raidlight-de","9":"pa_attivita-outdoor-de","10":"pa_attivita-running-de","11":"pa_attivita-trail-de","12":"pa_marca-runner-tape-de","13":"pa_sesso-damen","14":"pa_sesso-herren","16":"first","17":"instock","18":"taxable","19":"shipping-taxable","20":"purchasable","21":"product-type-simple"},"acf":[],"yoast_head":"<!-- This site is optimized with the Yoast SEO plugin v26.8 - https:\/\/yoast.com\/product\/yoast-seo-wordpress\/ -->\n<title>Raidlight Notfall-Poncho -Laufzubeh\u00f6r - MioMioRun<\/title>\n<meta name=\"description\" content=\"Dieser Notfallponcho von Raidlight wird verwendet, um Probleme zu l\u00f6sen, die bei Regen auftreten. Leicht, es passt sich an alle Morphologien\" \/>\n<meta name=\"robots\" content=\"index, follow, max-snippet:-1, max-image-preview:large, max-video-preview:-1\" \/>\n<link rel=\"canonical\" href=\"https:\/\/www.miomiorun.com\/de\/produkt\/raidlight-notfall-poncho\/\" \/>\n<meta property=\"og:locale\" content=\"de_DE\" \/>\n<meta property=\"og:type\" content=\"article\" \/>\n<meta property=\"og:title\" content=\"Raidlight Notfall-Poncho -Laufzubeh\u00f6r - MioMioRun\" \/>\n<meta property=\"og:description\" content=\"Dieser Notfallponcho von Raidlight wird verwendet, um Probleme zu l\u00f6sen, die bei Regen auftreten. Leicht, es passt sich an alle Morphologien\" \/>\n<meta property=\"og:url\" content=\"https:\/\/www.miomiorun.com\/de\/produkt\/raidlight-notfall-poncho\/\" \/>\n<meta property=\"og:site_name\" content=\"MioMioRun\" \/>\n<meta property=\"article:publisher\" content=\"https:\/\/www.facebook.com\/miomiorun\/\" \/>\n<meta property=\"article:modified_time\" content=\"2026-03-01T21:14:32+00:00\" \/>\n<meta property=\"og:image\" content=\"https:\/\/www.miomiorun.com\/app\/uploads\/2020\/07\/Raidlight-poncho-demergenza.jpg\" \/>\n\t<meta property=\"og:image:width\" content=\"600\" \/>\n\t<meta property=\"og:image:height\" content=\"600\" \/>\n\t<meta property=\"og:image:type\" content=\"image\/jpeg\" \/>\n<meta name=\"twitter:card\" content=\"summary_large_image\" \/>\n<script type=\"application\/ld+json\" class=\"yoast-schema-graph\">{\"@context\":\"https:\/\/schema.org\",\"@graph\":[{\"@type\":\"WebPage\",\"@id\":\"https:\/\/www.miomiorun.com\/de\/produkt\/raidlight-notfall-poncho\/\",\"url\":\"https:\/\/www.miomiorun.com\/de\/produkt\/raidlight-notfall-poncho\/\",\"name\":\"Raidlight Notfall-Poncho -Laufzubeh\u00f6r - MioMioRun\",\"isPartOf\":{\"@id\":\"https:\/\/www.miomiorun.com\/de\/#website\"},\"primaryImageOfPage\":{\"@id\":\"https:\/\/www.miomiorun.com\/de\/produkt\/raidlight-notfall-poncho\/#primaryimage\"},\"image\":{\"@id\":\"https:\/\/www.miomiorun.com\/de\/produkt\/raidlight-notfall-poncho\/#primaryimage\"},\"thumbnailUrl\":\"https:\/\/www.miomiorun.com\/app\/uploads\/2020\/07\/Raidlight-poncho-demergenza.jpg\",\"datePublished\":\"2020-07-02T16:22:51+00:00\",\"dateModified\":\"2026-03-01T21:14:32+00:00\",\"description\":\"Dieser Notfallponcho von Raidlight wird verwendet, um Probleme zu l\u00f6sen, die bei Regen auftreten. Leicht, es passt sich an alle Morphologien\",\"breadcrumb\":{\"@id\":\"https:\/\/www.miomiorun.com\/de\/produkt\/raidlight-notfall-poncho\/#breadcrumb\"},\"inLanguage\":\"de-DE\",\"potentialAction\":[{\"@type\":\"ReadAction\",\"target\":[\"https:\/\/www.miomiorun.com\/de\/produkt\/raidlight-notfall-poncho\/\"]}]},{\"@type\":\"ImageObject\",\"inLanguage\":\"de-DE\",\"@id\":\"https:\/\/www.miomiorun.com\/de\/produkt\/raidlight-notfall-poncho\/#primaryimage\",\"url\":\"https:\/\/www.miomiorun.com\/app\/uploads\/2020\/07\/Raidlight-poncho-demergenza.jpg\",\"contentUrl\":\"https:\/\/www.miomiorun.com\/app\/uploads\/2020\/07\/Raidlight-poncho-demergenza.jpg\",\"width\":600,\"height\":600,\"caption\":\"Raidlight-poncho-d'emergenza\"},{\"@type\":\"BreadcrumbList\",\"@id\":\"https:\/\/www.miomiorun.com\/de\/produkt\/raidlight-notfall-poncho\/#breadcrumb\",\"itemListElement\":[{\"@type\":\"ListItem\",\"position\":1,\"name\":\"Home\",\"item\":\"https:\/\/www.miomiorun.com\/de\/\"},{\"@type\":\"ListItem\",\"position\":2,\"name\":\"Shop\",\"item\":\"https:\/\/www.miomiorun.com\/shop\/\"},{\"@type\":\"ListItem\",\"position\":3,\"name\":\"Notfall-Poncho\"}]},{\"@type\":\"WebSite\",\"@id\":\"https:\/\/www.miomiorun.com\/de\/#website\",\"url\":\"https:\/\/www.miomiorun.com\/de\/\",\"name\":\"MioMioRun\",\"description\":\"100% Lauf- und Trailshop\",\"publisher\":{\"@id\":\"https:\/\/www.miomiorun.com\/de\/#organization\"},\"potentialAction\":[{\"@type\":\"SearchAction\",\"target\":{\"@type\":\"EntryPoint\",\"urlTemplate\":\"https:\/\/www.miomiorun.com\/de\/?s={search_term_string}\"},\"query-input\":{\"@type\":\"PropertyValueSpecification\",\"valueRequired\":true,\"valueName\":\"search_term_string\"}}],\"inLanguage\":\"de-DE\"},{\"@type\":\"Organization\",\"@id\":\"https:\/\/www.miomiorun.com\/de\/#organization\",\"name\":\"MioMio Run\",\"url\":\"https:\/\/www.miomiorun.com\/de\/\",\"logo\":{\"@type\":\"ImageObject\",\"inLanguage\":\"de-DE\",\"@id\":\"https:\/\/www.miomiorun.com\/de\/#\/schema\/logo\/image\/\",\"url\":\"https:\/\/www.miomiorun.com\/app\/uploads\/2019\/12\/logomio.png\",\"contentUrl\":\"https:\/\/www.miomiorun.com\/app\/uploads\/2019\/12\/logomio.png\",\"width\":115,\"height\":82,\"caption\":\"MioMio Run\"},\"image\":{\"@id\":\"https:\/\/www.miomiorun.com\/de\/#\/schema\/logo\/image\/\"},\"sameAs\":[\"https:\/\/www.facebook.com\/miomiorun\/\",\"https:\/\/www.instagram.com\/miomiorun\/\"]}]}<\/script>\n<!-- \/ Yoast SEO plugin. -->","yoast_head_json":{"title":"Raidlight Notfall-Poncho -Laufzubeh\u00f6r - MioMioRun","description":"Dieser Notfallponcho von Raidlight wird verwendet, um Probleme zu l\u00f6sen, die bei Regen auftreten. Leicht, es passt sich an alle Morphologien","robots":{"index":"index","follow":"follow","max-snippet":"max-snippet:-1","max-image-preview":"max-image-preview:large","max-video-preview":"max-video-preview:-1"},"canonical":"https:\/\/www.miomiorun.com\/de\/produkt\/raidlight-notfall-poncho\/","og_locale":"de_DE","og_type":"article","og_title":"Raidlight Notfall-Poncho -Laufzubeh\u00f6r - MioMioRun","og_description":"Dieser Notfallponcho von Raidlight wird verwendet, um Probleme zu l\u00f6sen, die bei Regen auftreten. Leicht, es passt sich an alle Morphologien","og_url":"https:\/\/www.miomiorun.com\/de\/produkt\/raidlight-notfall-poncho\/","og_site_name":"MioMioRun","article_publisher":"https:\/\/www.facebook.com\/miomiorun\/","article_modified_time":"2026-03-01T21:14:32+00:00","og_image":[{"width":600,"height":600,"url":"https:\/\/www.miomiorun.com\/app\/uploads\/2020\/07\/Raidlight-poncho-demergenza.jpg","type":"image\/jpeg"}],"twitter_card":"summary_large_image","schema":{"@context":"https:\/\/schema.org","@graph":[{"@type":"WebPage","@id":"https:\/\/www.miomiorun.com\/de\/produkt\/raidlight-notfall-poncho\/","url":"https:\/\/www.miomiorun.com\/de\/produkt\/raidlight-notfall-poncho\/","name":"Raidlight Notfall-Poncho -Laufzubeh\u00f6r - MioMioRun","isPartOf":{"@id":"https:\/\/www.miomiorun.com\/de\/#website"},"primaryImageOfPage":{"@id":"https:\/\/www.miomiorun.com\/de\/produkt\/raidlight-notfall-poncho\/#primaryimage"},"image":{"@id":"https:\/\/www.miomiorun.com\/de\/produkt\/raidlight-notfall-poncho\/#primaryimage"},"thumbnailUrl":"https:\/\/www.miomiorun.com\/app\/uploads\/2020\/07\/Raidlight-poncho-demergenza.jpg","datePublished":"2020-07-02T16:22:51+00:00","dateModified":"2026-03-01T21:14:32+00:00","description":"Dieser Notfallponcho von Raidlight wird verwendet, um Probleme zu l\u00f6sen, die bei Regen auftreten. Leicht, es passt sich an alle Morphologien","breadcrumb":{"@id":"https:\/\/www.miomiorun.com\/de\/produkt\/raidlight-notfall-poncho\/#breadcrumb"},"inLanguage":"de-DE","potentialAction":[{"@type":"ReadAction","target":["https:\/\/www.miomiorun.com\/de\/produkt\/raidlight-notfall-poncho\/"]}]},{"@type":"ImageObject","inLanguage":"de-DE","@id":"https:\/\/www.miomiorun.com\/de\/produkt\/raidlight-notfall-poncho\/#primaryimage","url":"https:\/\/www.miomiorun.com\/app\/uploads\/2020\/07\/Raidlight-poncho-demergenza.jpg","contentUrl":"https:\/\/www.miomiorun.com\/app\/uploads\/2020\/07\/Raidlight-poncho-demergenza.jpg","width":600,"height":600,"caption":"Raidlight-poncho-d'emergenza"},{"@type":"BreadcrumbList","@id":"https:\/\/www.miomiorun.com\/de\/produkt\/raidlight-notfall-poncho\/#breadcrumb","itemListElement":[{"@type":"ListItem","position":1,"name":"Home","item":"https:\/\/www.miomiorun.com\/de\/"},{"@type":"ListItem","position":2,"name":"Shop","item":"https:\/\/www.miomiorun.com\/shop\/"},{"@type":"ListItem","position":3,"name":"Notfall-Poncho"}]},{"@type":"WebSite","@id":"https:\/\/www.miomiorun.com\/de\/#website","url":"https:\/\/www.miomiorun.com\/de\/","name":"MioMioRun","description":"100% Lauf- und Trailshop","publisher":{"@id":"https:\/\/www.miomiorun.com\/de\/#organization"},"potentialAction":[{"@type":"SearchAction","target":{"@type":"EntryPoint","urlTemplate":"https:\/\/www.miomiorun.com\/de\/?s={search_term_string}"},"query-input":{"@type":"PropertyValueSpecification","valueRequired":true,"valueName":"search_term_string"}}],"inLanguage":"de-DE"},{"@type":"Organization","@id":"https:\/\/www.miomiorun.com\/de\/#organization","name":"MioMio Run","url":"https:\/\/www.miomiorun.com\/de\/","logo":{"@type":"ImageObject","inLanguage":"de-DE","@id":"https:\/\/www.miomiorun.com\/de\/#\/schema\/logo\/image\/","url":"https:\/\/www.miomiorun.com\/app\/uploads\/2019\/12\/logomio.png","contentUrl":"https:\/\/www.miomiorun.com\/app\/uploads\/2019\/12\/logomio.png","width":115,"height":82,"caption":"MioMio Run"},"image":{"@id":"https:\/\/www.miomiorun.com\/de\/#\/schema\/logo\/image\/"},"sameAs":["https:\/\/www.facebook.com\/miomiorun\/","https:\/\/www.instagram.com\/miomiorun\/"]}]}},"_links":{"self":[{"href":"https:\/\/www.miomiorun.com\/de\/wp-json\/wp\/v2\/product\/174188","targetHints":{"allow":["GET"]}}],"collection":[{"href":"https:\/\/www.miomiorun.com\/de\/wp-json\/wp\/v2\/product"}],"about":[{"href":"https:\/\/www.miomiorun.com\/de\/wp-json\/wp\/v2\/types\/product"}],"wp:featuredmedia":[{"embeddable":true,"href":"https:\/\/www.miomiorun.com\/de\/wp-json\/wp\/v2\/media\/52460"}],"wp:attachment":[{"href":"https:\/\/www.miomiorun.com\/de\/wp-json\/wp\/v2\/media?parent=174188"}],"wp:term":[{"taxonomy":"product_brand","embeddable":true,"href":"https:\/\/www.miomiorun.com\/de\/wp-json\/wp\/v2\/product_brand?post=174188"},{"taxonomy":"product_cat","embeddable":true,"href":"https:\/\/www.miomiorun.com\/de\/wp-json\/wp\/v2\/product_cat?post=174188"},{"taxonomy":"product_tag","embeddable":true,"href":"https:\/\/www.miomiorun.com\/de\/wp-json\/wp\/v2\/product_tag?post=174188"}],"curies":[{"name":"wp","href":"https:\/\/api.w.org\/{rel}","templated":true}]}}