{"id":174174,"date":"2020-11-24T19:07:13","date_gmt":"2020-11-24T18:07:13","guid":{"rendered":"https:\/\/miomiorun.com\/prodotto\/la-sportiva-chiodo-a-t-grip-con-chiave\/"},"modified":"2025-03-01T12:37:31","modified_gmt":"2025-03-01T11:37:31","slug":"la-sportiva-nagel-ein-griff-mit-schluessel","status":"publish","type":"product","link":"https:\/\/www.miomiorun.com\/de\/produkt\/la-sportiva-nagel-ein-griff-mit-schluessel\/","title":{"rendered":"A.T. Griffnagel mit Schl\u00fcssel"},"content":{"rendered":"<p>Dieser abnehmbare Mehrzweckhaken kann schnell an der Schule angebracht werden und garantiert maximale Sicherheit und Halt in jedem Gel\u00e4nde und unter allen Bedingungen.<\/p>\n<p>Um die Griffigkeit zu erh\u00f6hen oder zu individualisieren, wird empfohlen, die Anzahl der Spikes je nach Bedarf zu erh\u00f6hen. Die Packung enth\u00e4lt 18 Spikes und einen Schraubenschl\u00fcssel zum Anbringen der Spikes.<\/p>\n<p>+ Die perfekte L\u00f6sung f\u00fcr bessere Traktion und Bremsen auf vereistem Gel\u00e4nde und unter extremsten Bedingungen.<br \/>\n+ Urspr\u00fcnglich entwickelt, um den Grip auf Reifen zu erh\u00f6hen.<br \/>\n+ Effektives und schnelles Schraubsystem.<br \/>\n+ Kann auf allen Sohlentypen mit ausreichend gro\u00dfen Stollen verwendet werden.<br \/>\n+ Kann leicht aus der Verankerung entfernt und wieder montiert werden. Der Grip kann durch Vergr\u00f6\u00dfern oder Verkleinern der Anzahl der Stollen und durch Einstellen des \u00fcberstehenden Teils individuell angepasst werden.<\/p>\n","protected":false},"excerpt":{"rendered":"<p>Dieser abnehmbare Mehrzweckhaken kann schnell an der Schule angebracht werden und garantiert maximale Sicherheit und Halt in jedem Gel\u00e4nde und unter allen Bedingungen. Um die Griffigkeit zu erh\u00f6hen oder zu individualisieren, wird empfohlen, die Anzahl der Spikes je nach Bedarf zu erh\u00f6hen. Die Packung enth\u00e4lt 18 Spikes und einen Schraubenschl\u00fcssel zum Anbringen der Spikes. + &hellip; <a href=\"https:\/\/www.miomiorun.com\/de\/produkt\/la-sportiva-nagel-ein-griff-mit-schluessel\/\">Continued<\/a><\/p>\n","protected":false},"featured_media":53746,"template":"","meta":{"_acf_changed":false,"inline_featured_image":false},"product_brand":[],"product_cat":[6342,6395],"product_tag":[6248],"class_list":{"0":"post-174174","1":"product","2":"type-product","3":"status-publish","4":"has-post-thumbnail","6":"product_cat-zubehoer","7":"product_cat-diverses-zubehoer-de","8":"product_tag-la-sportiva-de","9":"pa_attivita-outdoor-de","10":"pa_attivita-trail-de","11":"pa_marca-la-sportiva-de","12":"pa_sesso-damen","13":"pa_sesso-herren","15":"first","16":"instock","17":"sale","18":"taxable","19":"shipping-taxable","20":"purchasable","21":"product-type-simple"},"acf":[],"yoast_head":"<!-- This site is optimized with the Yoast SEO plugin v26.8 - https:\/\/yoast.com\/product\/yoast-seo-wordpress\/ -->\n<title>A.T. Griffnagel mit Schl\u00fcssel - Laufendes Zubeh\u00f6r - MioMioRun<\/title>\n<meta name=\"description\" content=\"Der abnehmbare Mehrzweckhaken kann schnell an der Schule angebracht werden und gew\u00e4hrleistet maximale Sicherheit und Halt in jedem Gel\u00e4nde und unter allen Bedingungen.\" \/>\n<meta name=\"robots\" content=\"index, follow, max-snippet:-1, max-image-preview:large, max-video-preview:-1\" \/>\n<link rel=\"canonical\" href=\"https:\/\/www.miomiorun.com\/de\/produkt\/la-sportiva-nagel-ein-griff-mit-schluessel\/\" \/>\n<meta property=\"og:locale\" content=\"de_DE\" \/>\n<meta property=\"og:type\" content=\"article\" \/>\n<meta property=\"og:title\" content=\"A.T. Griffnagel mit Schl\u00fcssel - Laufendes Zubeh\u00f6r - MioMioRun\" \/>\n<meta property=\"og:description\" content=\"Der abnehmbare Mehrzweckhaken kann schnell an der Schule angebracht werden und gew\u00e4hrleistet maximale Sicherheit und Halt in jedem Gel\u00e4nde und unter allen Bedingungen.\" \/>\n<meta property=\"og:url\" content=\"https:\/\/www.miomiorun.com\/de\/produkt\/la-sportiva-nagel-ein-griff-mit-schluessel\/\" \/>\n<meta property=\"og:site_name\" content=\"MioMioRun\" \/>\n<meta property=\"article:publisher\" content=\"https:\/\/www.facebook.com\/miomiorun\/\" \/>\n<meta property=\"article:modified_time\" content=\"2025-03-01T11:37:31+00:00\" \/>\n<meta property=\"og:image\" content=\"https:\/\/www.miomiorun.com\/app\/uploads\/2020\/11\/la-sportiva-Chiodo-A.T.-grip-con-chiave-441.jpg\" \/>\n\t<meta property=\"og:image:width\" content=\"600\" \/>\n\t<meta property=\"og:image:height\" content=\"600\" \/>\n\t<meta property=\"og:image:type\" content=\"image\/jpeg\" \/>\n<meta name=\"twitter:card\" content=\"summary_large_image\" \/>\n<meta name=\"twitter:label1\" content=\"Est. reading time\" \/>\n\t<meta name=\"twitter:data1\" content=\"1 minute\" \/>\n<script type=\"application\/ld+json\" class=\"yoast-schema-graph\">{\"@context\":\"https:\/\/schema.org\",\"@graph\":[{\"@type\":\"WebPage\",\"@id\":\"https:\/\/www.miomiorun.com\/de\/produkt\/la-sportiva-nagel-ein-griff-mit-schluessel\/\",\"url\":\"https:\/\/www.miomiorun.com\/de\/produkt\/la-sportiva-nagel-ein-griff-mit-schluessel\/\",\"name\":\"A.T. Griffnagel mit Schl\u00fcssel - Laufendes Zubeh\u00f6r - MioMioRun\",\"isPartOf\":{\"@id\":\"https:\/\/www.miomiorun.com\/de\/#website\"},\"primaryImageOfPage\":{\"@id\":\"https:\/\/www.miomiorun.com\/de\/produkt\/la-sportiva-nagel-ein-griff-mit-schluessel\/#primaryimage\"},\"image\":{\"@id\":\"https:\/\/www.miomiorun.com\/de\/produkt\/la-sportiva-nagel-ein-griff-mit-schluessel\/#primaryimage\"},\"thumbnailUrl\":\"https:\/\/www.miomiorun.com\/app\/uploads\/2020\/11\/la-sportiva-Chiodo-A.T.-grip-con-chiave-441.jpg\",\"datePublished\":\"2020-11-24T18:07:13+00:00\",\"dateModified\":\"2025-03-01T11:37:31+00:00\",\"description\":\"Der abnehmbare Mehrzweckhaken kann schnell an der Schule angebracht werden und gew\u00e4hrleistet maximale Sicherheit und Halt in jedem Gel\u00e4nde und unter allen Bedingungen.\",\"breadcrumb\":{\"@id\":\"https:\/\/www.miomiorun.com\/de\/produkt\/la-sportiva-nagel-ein-griff-mit-schluessel\/#breadcrumb\"},\"inLanguage\":\"de-DE\",\"potentialAction\":[{\"@type\":\"ReadAction\",\"target\":[\"https:\/\/www.miomiorun.com\/de\/produkt\/la-sportiva-nagel-ein-griff-mit-schluessel\/\"]}]},{\"@type\":\"ImageObject\",\"inLanguage\":\"de-DE\",\"@id\":\"https:\/\/www.miomiorun.com\/de\/produkt\/la-sportiva-nagel-ein-griff-mit-schluessel\/#primaryimage\",\"url\":\"https:\/\/www.miomiorun.com\/app\/uploads\/2020\/11\/la-sportiva-Chiodo-A.T.-grip-con-chiave-441.jpg\",\"contentUrl\":\"https:\/\/www.miomiorun.com\/app\/uploads\/2020\/11\/la-sportiva-Chiodo-A.T.-grip-con-chiave-441.jpg\",\"width\":600,\"height\":600,\"caption\":\"la sportiva chiodo at grip con chiave\"},{\"@type\":\"BreadcrumbList\",\"@id\":\"https:\/\/www.miomiorun.com\/de\/produkt\/la-sportiva-nagel-ein-griff-mit-schluessel\/#breadcrumb\",\"itemListElement\":[{\"@type\":\"ListItem\",\"position\":1,\"name\":\"Home\",\"item\":\"https:\/\/www.miomiorun.com\/de\/\"},{\"@type\":\"ListItem\",\"position\":2,\"name\":\"Shop\",\"item\":\"https:\/\/www.miomiorun.com\/shop\/\"},{\"@type\":\"ListItem\",\"position\":3,\"name\":\"A.T. Griffnagel mit Schl\u00fcssel\"}]},{\"@type\":\"WebSite\",\"@id\":\"https:\/\/www.miomiorun.com\/de\/#website\",\"url\":\"https:\/\/www.miomiorun.com\/de\/\",\"name\":\"MioMioRun\",\"description\":\"100% Lauf- und Trailshop\",\"publisher\":{\"@id\":\"https:\/\/www.miomiorun.com\/de\/#organization\"},\"potentialAction\":[{\"@type\":\"SearchAction\",\"target\":{\"@type\":\"EntryPoint\",\"urlTemplate\":\"https:\/\/www.miomiorun.com\/de\/?s={search_term_string}\"},\"query-input\":{\"@type\":\"PropertyValueSpecification\",\"valueRequired\":true,\"valueName\":\"search_term_string\"}}],\"inLanguage\":\"de-DE\"},{\"@type\":\"Organization\",\"@id\":\"https:\/\/www.miomiorun.com\/de\/#organization\",\"name\":\"MioMio Run\",\"url\":\"https:\/\/www.miomiorun.com\/de\/\",\"logo\":{\"@type\":\"ImageObject\",\"inLanguage\":\"de-DE\",\"@id\":\"https:\/\/www.miomiorun.com\/de\/#\/schema\/logo\/image\/\",\"url\":\"https:\/\/www.miomiorun.com\/app\/uploads\/2019\/12\/logomio.png\",\"contentUrl\":\"https:\/\/www.miomiorun.com\/app\/uploads\/2019\/12\/logomio.png\",\"width\":115,\"height\":82,\"caption\":\"MioMio Run\"},\"image\":{\"@id\":\"https:\/\/www.miomiorun.com\/de\/#\/schema\/logo\/image\/\"},\"sameAs\":[\"https:\/\/www.facebook.com\/miomiorun\/\",\"https:\/\/www.instagram.com\/miomiorun\/\"]}]}<\/script>\n<!-- \/ Yoast SEO plugin. -->","yoast_head_json":{"title":"A.T. Griffnagel mit Schl\u00fcssel - Laufendes Zubeh\u00f6r - MioMioRun","description":"Der abnehmbare Mehrzweckhaken kann schnell an der Schule angebracht werden und gew\u00e4hrleistet maximale Sicherheit und Halt in jedem Gel\u00e4nde und unter allen Bedingungen.","robots":{"index":"index","follow":"follow","max-snippet":"max-snippet:-1","max-image-preview":"max-image-preview:large","max-video-preview":"max-video-preview:-1"},"canonical":"https:\/\/www.miomiorun.com\/de\/produkt\/la-sportiva-nagel-ein-griff-mit-schluessel\/","og_locale":"de_DE","og_type":"article","og_title":"A.T. Griffnagel mit Schl\u00fcssel - Laufendes Zubeh\u00f6r - MioMioRun","og_description":"Der abnehmbare Mehrzweckhaken kann schnell an der Schule angebracht werden und gew\u00e4hrleistet maximale Sicherheit und Halt in jedem Gel\u00e4nde und unter allen Bedingungen.","og_url":"https:\/\/www.miomiorun.com\/de\/produkt\/la-sportiva-nagel-ein-griff-mit-schluessel\/","og_site_name":"MioMioRun","article_publisher":"https:\/\/www.facebook.com\/miomiorun\/","article_modified_time":"2025-03-01T11:37:31+00:00","og_image":[{"width":600,"height":600,"url":"https:\/\/www.miomiorun.com\/app\/uploads\/2020\/11\/la-sportiva-Chiodo-A.T.-grip-con-chiave-441.jpg","type":"image\/jpeg"}],"twitter_card":"summary_large_image","twitter_misc":{"Est. reading time":"1 minute"},"schema":{"@context":"https:\/\/schema.org","@graph":[{"@type":"WebPage","@id":"https:\/\/www.miomiorun.com\/de\/produkt\/la-sportiva-nagel-ein-griff-mit-schluessel\/","url":"https:\/\/www.miomiorun.com\/de\/produkt\/la-sportiva-nagel-ein-griff-mit-schluessel\/","name":"A.T. Griffnagel mit Schl\u00fcssel - Laufendes Zubeh\u00f6r - MioMioRun","isPartOf":{"@id":"https:\/\/www.miomiorun.com\/de\/#website"},"primaryImageOfPage":{"@id":"https:\/\/www.miomiorun.com\/de\/produkt\/la-sportiva-nagel-ein-griff-mit-schluessel\/#primaryimage"},"image":{"@id":"https:\/\/www.miomiorun.com\/de\/produkt\/la-sportiva-nagel-ein-griff-mit-schluessel\/#primaryimage"},"thumbnailUrl":"https:\/\/www.miomiorun.com\/app\/uploads\/2020\/11\/la-sportiva-Chiodo-A.T.-grip-con-chiave-441.jpg","datePublished":"2020-11-24T18:07:13+00:00","dateModified":"2025-03-01T11:37:31+00:00","description":"Der abnehmbare Mehrzweckhaken kann schnell an der Schule angebracht werden und gew\u00e4hrleistet maximale Sicherheit und Halt in jedem Gel\u00e4nde und unter allen Bedingungen.","breadcrumb":{"@id":"https:\/\/www.miomiorun.com\/de\/produkt\/la-sportiva-nagel-ein-griff-mit-schluessel\/#breadcrumb"},"inLanguage":"de-DE","potentialAction":[{"@type":"ReadAction","target":["https:\/\/www.miomiorun.com\/de\/produkt\/la-sportiva-nagel-ein-griff-mit-schluessel\/"]}]},{"@type":"ImageObject","inLanguage":"de-DE","@id":"https:\/\/www.miomiorun.com\/de\/produkt\/la-sportiva-nagel-ein-griff-mit-schluessel\/#primaryimage","url":"https:\/\/www.miomiorun.com\/app\/uploads\/2020\/11\/la-sportiva-Chiodo-A.T.-grip-con-chiave-441.jpg","contentUrl":"https:\/\/www.miomiorun.com\/app\/uploads\/2020\/11\/la-sportiva-Chiodo-A.T.-grip-con-chiave-441.jpg","width":600,"height":600,"caption":"la sportiva chiodo at grip con chiave"},{"@type":"BreadcrumbList","@id":"https:\/\/www.miomiorun.com\/de\/produkt\/la-sportiva-nagel-ein-griff-mit-schluessel\/#breadcrumb","itemListElement":[{"@type":"ListItem","position":1,"name":"Home","item":"https:\/\/www.miomiorun.com\/de\/"},{"@type":"ListItem","position":2,"name":"Shop","item":"https:\/\/www.miomiorun.com\/shop\/"},{"@type":"ListItem","position":3,"name":"A.T. Griffnagel mit Schl\u00fcssel"}]},{"@type":"WebSite","@id":"https:\/\/www.miomiorun.com\/de\/#website","url":"https:\/\/www.miomiorun.com\/de\/","name":"MioMioRun","description":"100% Lauf- und Trailshop","publisher":{"@id":"https:\/\/www.miomiorun.com\/de\/#organization"},"potentialAction":[{"@type":"SearchAction","target":{"@type":"EntryPoint","urlTemplate":"https:\/\/www.miomiorun.com\/de\/?s={search_term_string}"},"query-input":{"@type":"PropertyValueSpecification","valueRequired":true,"valueName":"search_term_string"}}],"inLanguage":"de-DE"},{"@type":"Organization","@id":"https:\/\/www.miomiorun.com\/de\/#organization","name":"MioMio Run","url":"https:\/\/www.miomiorun.com\/de\/","logo":{"@type":"ImageObject","inLanguage":"de-DE","@id":"https:\/\/www.miomiorun.com\/de\/#\/schema\/logo\/image\/","url":"https:\/\/www.miomiorun.com\/app\/uploads\/2019\/12\/logomio.png","contentUrl":"https:\/\/www.miomiorun.com\/app\/uploads\/2019\/12\/logomio.png","width":115,"height":82,"caption":"MioMio Run"},"image":{"@id":"https:\/\/www.miomiorun.com\/de\/#\/schema\/logo\/image\/"},"sameAs":["https:\/\/www.facebook.com\/miomiorun\/","https:\/\/www.instagram.com\/miomiorun\/"]}]}},"_links":{"self":[{"href":"https:\/\/www.miomiorun.com\/de\/wp-json\/wp\/v2\/product\/174174","targetHints":{"allow":["GET"]}}],"collection":[{"href":"https:\/\/www.miomiorun.com\/de\/wp-json\/wp\/v2\/product"}],"about":[{"href":"https:\/\/www.miomiorun.com\/de\/wp-json\/wp\/v2\/types\/product"}],"wp:featuredmedia":[{"embeddable":true,"href":"https:\/\/www.miomiorun.com\/de\/wp-json\/wp\/v2\/media\/53746"}],"wp:attachment":[{"href":"https:\/\/www.miomiorun.com\/de\/wp-json\/wp\/v2\/media?parent=174174"}],"wp:term":[{"taxonomy":"product_brand","embeddable":true,"href":"https:\/\/www.miomiorun.com\/de\/wp-json\/wp\/v2\/product_brand?post=174174"},{"taxonomy":"product_cat","embeddable":true,"href":"https:\/\/www.miomiorun.com\/de\/wp-json\/wp\/v2\/product_cat?post=174174"},{"taxonomy":"product_tag","embeddable":true,"href":"https:\/\/www.miomiorun.com\/de\/wp-json\/wp\/v2\/product_tag?post=174174"}],"curies":[{"name":"wp","href":"https:\/\/api.w.org\/{rel}","templated":true}]}}