{"id":174121,"date":"2024-05-18T18:28:47","date_gmt":"2024-05-18T16:28:47","guid":{"rendered":"https:\/\/miomiorun.com\/prodotto\/uhlsport-chiodi-per-scarpe-atletica-copia\/"},"modified":"2026-05-08T22:08:35","modified_gmt":"2026-05-08T20:08:35","slug":"uhlsport-naegel-fuer-sportschuhe","status":"publish","type":"product","link":"https:\/\/www.miomiorun.com\/de\/produkt\/uhlsport-naegel-fuer-sportschuhe\/","title":{"rendered":"N\u00e4gel f\u00fcr Sportschuhe"},"content":{"rendered":"<p>Universelle Spikes f\u00fcr Sportschuhe. Einfaches Ersetzen oder Wiederherstellen von Spikes f\u00fcr Ihre Sportschuhe. Packungen mit 12 N\u00e4geln<\/p>\n","protected":false},"excerpt":{"rendered":"<p>Universelle Spikes f\u00fcr Sportschuhe. Einfaches Ersetzen oder Wiederherstellen von Spikes f\u00fcr Ihre Sportschuhe. Packungen mit 12 N\u00e4geln<\/p>\n","protected":false},"featured_media":170452,"template":"","meta":{"_acf_changed":false,"inline_featured_image":false},"product_brand":[],"product_cat":[6342,6395],"product_tag":[19349],"class_list":{"0":"post-174121","1":"product","2":"type-product","3":"status-publish","4":"has-post-thumbnail","6":"product_cat-zubehoer","7":"product_cat-diverses-zubehoer-de","8":"product_tag-uhlsport-de","9":"pa_attivita-running-de","10":"pa_dimensione-12-mm-de","11":"pa_dimensione-6-mm-de","12":"pa_dimensione-9-5-mm-de","13":"pa_dimensione-15-mm-de","14":"pa_marca-uhlsport-de","15":"pa_sesso-damen","16":"pa_sesso-herren","18":"first","19":"instock","20":"taxable","21":"shipping-taxable","22":"purchasable","23":"product-type-variable","24":"wvs-archive-product-wrapper"},"acf":[],"yoast_head":"<!-- This site is optimized with the Yoast SEO plugin v26.8 - https:\/\/yoast.com\/product\/yoast-seo-wordpress\/ -->\n<title>N\u00e4gel f\u00fcr Sportschuhe - Laufendes Zubeh\u00f6r - MioMioRun<\/title>\n<meta name=\"description\" content=\"Universelle N\u00e4gel f\u00fcr Sportschuhe. Einfaches Ersetzen oder Wiederherstellen von N\u00e4geln. EINE Packung enth\u00e4lt 12 N\u00e4gel. Weitere Informationen finden Sie unter\" \/>\n<meta name=\"robots\" content=\"index, follow, max-snippet:-1, max-image-preview:large, max-video-preview:-1\" \/>\n<link rel=\"canonical\" href=\"https:\/\/www.miomiorun.com\/de\/produkt\/uhlsport-naegel-fuer-sportschuhe\/\" \/>\n<meta property=\"og:locale\" content=\"de_DE\" \/>\n<meta property=\"og:type\" content=\"article\" \/>\n<meta property=\"og:title\" content=\"N\u00e4gel f\u00fcr Sportschuhe - Laufendes Zubeh\u00f6r - MioMioRun\" \/>\n<meta property=\"og:description\" content=\"Universelle N\u00e4gel f\u00fcr Sportschuhe. Einfaches Ersetzen oder Wiederherstellen von N\u00e4geln. EINE Packung enth\u00e4lt 12 N\u00e4gel. Weitere Informationen finden Sie unter\" \/>\n<meta property=\"og:url\" content=\"https:\/\/www.miomiorun.com\/de\/produkt\/uhlsport-naegel-fuer-sportschuhe\/\" \/>\n<meta property=\"og:site_name\" content=\"MioMioRun\" \/>\n<meta property=\"article:publisher\" content=\"https:\/\/www.facebook.com\/miomiorun\/\" \/>\n<meta property=\"article:modified_time\" content=\"2026-05-08T20:08:35+00:00\" \/>\n<meta property=\"og:image\" content=\"https:\/\/www.miomiorun.com\/app\/uploads\/2024\/05\/uhl-sport-Spikes-9.5mm-1007302010400.webp\" \/>\n\t<meta property=\"og:image:width\" content=\"600\" \/>\n\t<meta property=\"og:image:height\" content=\"600\" \/>\n\t<meta property=\"og:image:type\" content=\"image\/webp\" \/>\n<meta name=\"twitter:card\" content=\"summary_large_image\" \/>\n<script type=\"application\/ld+json\" class=\"yoast-schema-graph\">{\"@context\":\"https:\/\/schema.org\",\"@graph\":[{\"@type\":\"WebPage\",\"@id\":\"https:\/\/www.miomiorun.com\/de\/produkt\/uhlsport-naegel-fuer-sportschuhe\/\",\"url\":\"https:\/\/www.miomiorun.com\/de\/produkt\/uhlsport-naegel-fuer-sportschuhe\/\",\"name\":\"N\u00e4gel f\u00fcr Sportschuhe - Laufendes Zubeh\u00f6r - MioMioRun\",\"isPartOf\":{\"@id\":\"https:\/\/www.miomiorun.com\/de\/#website\"},\"primaryImageOfPage\":{\"@id\":\"https:\/\/www.miomiorun.com\/de\/produkt\/uhlsport-naegel-fuer-sportschuhe\/#primaryimage\"},\"image\":{\"@id\":\"https:\/\/www.miomiorun.com\/de\/produkt\/uhlsport-naegel-fuer-sportschuhe\/#primaryimage\"},\"thumbnailUrl\":\"https:\/\/www.miomiorun.com\/app\/uploads\/2024\/05\/uhl-sport-Spikes-9.5mm-1007302010400.webp\",\"datePublished\":\"2024-05-18T16:28:47+00:00\",\"dateModified\":\"2026-05-08T20:08:35+00:00\",\"description\":\"Universelle N\u00e4gel f\u00fcr Sportschuhe. Einfaches Ersetzen oder Wiederherstellen von N\u00e4geln. EINE Packung enth\u00e4lt 12 N\u00e4gel. Weitere Informationen finden Sie unter\",\"breadcrumb\":{\"@id\":\"https:\/\/www.miomiorun.com\/de\/produkt\/uhlsport-naegel-fuer-sportschuhe\/#breadcrumb\"},\"inLanguage\":\"de-DE\",\"potentialAction\":[{\"@type\":\"ReadAction\",\"target\":[\"https:\/\/www.miomiorun.com\/de\/produkt\/uhlsport-naegel-fuer-sportschuhe\/\"]}]},{\"@type\":\"ImageObject\",\"inLanguage\":\"de-DE\",\"@id\":\"https:\/\/www.miomiorun.com\/de\/produkt\/uhlsport-naegel-fuer-sportschuhe\/#primaryimage\",\"url\":\"https:\/\/www.miomiorun.com\/app\/uploads\/2024\/05\/uhl-sport-Spikes-9.5mm-1007302010400.webp\",\"contentUrl\":\"https:\/\/www.miomiorun.com\/app\/uploads\/2024\/05\/uhl-sport-Spikes-9.5mm-1007302010400.webp\",\"width\":600,\"height\":600,\"caption\":\"uhl sport Spikes 9.5mm 1007302010400\"},{\"@type\":\"BreadcrumbList\",\"@id\":\"https:\/\/www.miomiorun.com\/de\/produkt\/uhlsport-naegel-fuer-sportschuhe\/#breadcrumb\",\"itemListElement\":[{\"@type\":\"ListItem\",\"position\":1,\"name\":\"Home\",\"item\":\"https:\/\/www.miomiorun.com\/de\/\"},{\"@type\":\"ListItem\",\"position\":2,\"name\":\"Shop\",\"item\":\"https:\/\/www.miomiorun.com\/shop\/\"},{\"@type\":\"ListItem\",\"position\":3,\"name\":\"N\u00e4gel f\u00fcr Sportschuhe\"}]},{\"@type\":\"WebSite\",\"@id\":\"https:\/\/www.miomiorun.com\/de\/#website\",\"url\":\"https:\/\/www.miomiorun.com\/de\/\",\"name\":\"MioMioRun\",\"description\":\"100% Lauf- und Trailshop\",\"publisher\":{\"@id\":\"https:\/\/www.miomiorun.com\/de\/#organization\"},\"potentialAction\":[{\"@type\":\"SearchAction\",\"target\":{\"@type\":\"EntryPoint\",\"urlTemplate\":\"https:\/\/www.miomiorun.com\/de\/?s={search_term_string}\"},\"query-input\":{\"@type\":\"PropertyValueSpecification\",\"valueRequired\":true,\"valueName\":\"search_term_string\"}}],\"inLanguage\":\"de-DE\"},{\"@type\":\"Organization\",\"@id\":\"https:\/\/www.miomiorun.com\/de\/#organization\",\"name\":\"MioMio Run\",\"url\":\"https:\/\/www.miomiorun.com\/de\/\",\"logo\":{\"@type\":\"ImageObject\",\"inLanguage\":\"de-DE\",\"@id\":\"https:\/\/www.miomiorun.com\/de\/#\/schema\/logo\/image\/\",\"url\":\"https:\/\/www.miomiorun.com\/app\/uploads\/2019\/12\/logomio.png\",\"contentUrl\":\"https:\/\/www.miomiorun.com\/app\/uploads\/2019\/12\/logomio.png\",\"width\":115,\"height\":82,\"caption\":\"MioMio Run\"},\"image\":{\"@id\":\"https:\/\/www.miomiorun.com\/de\/#\/schema\/logo\/image\/\"},\"sameAs\":[\"https:\/\/www.facebook.com\/miomiorun\/\",\"https:\/\/www.instagram.com\/miomiorun\/\"]}]}<\/script>\n<!-- \/ Yoast SEO plugin. -->","yoast_head_json":{"title":"N\u00e4gel f\u00fcr Sportschuhe - Laufendes Zubeh\u00f6r - MioMioRun","description":"Universelle N\u00e4gel f\u00fcr Sportschuhe. Einfaches Ersetzen oder Wiederherstellen von N\u00e4geln. EINE Packung enth\u00e4lt 12 N\u00e4gel. Weitere Informationen finden Sie unter","robots":{"index":"index","follow":"follow","max-snippet":"max-snippet:-1","max-image-preview":"max-image-preview:large","max-video-preview":"max-video-preview:-1"},"canonical":"https:\/\/www.miomiorun.com\/de\/produkt\/uhlsport-naegel-fuer-sportschuhe\/","og_locale":"de_DE","og_type":"article","og_title":"N\u00e4gel f\u00fcr Sportschuhe - Laufendes Zubeh\u00f6r - MioMioRun","og_description":"Universelle N\u00e4gel f\u00fcr Sportschuhe. Einfaches Ersetzen oder Wiederherstellen von N\u00e4geln. EINE Packung enth\u00e4lt 12 N\u00e4gel. Weitere Informationen finden Sie unter","og_url":"https:\/\/www.miomiorun.com\/de\/produkt\/uhlsport-naegel-fuer-sportschuhe\/","og_site_name":"MioMioRun","article_publisher":"https:\/\/www.facebook.com\/miomiorun\/","article_modified_time":"2026-05-08T20:08:35+00:00","og_image":[{"width":600,"height":600,"url":"https:\/\/www.miomiorun.com\/app\/uploads\/2024\/05\/uhl-sport-Spikes-9.5mm-1007302010400.webp","type":"image\/webp"}],"twitter_card":"summary_large_image","schema":{"@context":"https:\/\/schema.org","@graph":[{"@type":"WebPage","@id":"https:\/\/www.miomiorun.com\/de\/produkt\/uhlsport-naegel-fuer-sportschuhe\/","url":"https:\/\/www.miomiorun.com\/de\/produkt\/uhlsport-naegel-fuer-sportschuhe\/","name":"N\u00e4gel f\u00fcr Sportschuhe - Laufendes Zubeh\u00f6r - MioMioRun","isPartOf":{"@id":"https:\/\/www.miomiorun.com\/de\/#website"},"primaryImageOfPage":{"@id":"https:\/\/www.miomiorun.com\/de\/produkt\/uhlsport-naegel-fuer-sportschuhe\/#primaryimage"},"image":{"@id":"https:\/\/www.miomiorun.com\/de\/produkt\/uhlsport-naegel-fuer-sportschuhe\/#primaryimage"},"thumbnailUrl":"https:\/\/www.miomiorun.com\/app\/uploads\/2024\/05\/uhl-sport-Spikes-9.5mm-1007302010400.webp","datePublished":"2024-05-18T16:28:47+00:00","dateModified":"2026-05-08T20:08:35+00:00","description":"Universelle N\u00e4gel f\u00fcr Sportschuhe. Einfaches Ersetzen oder Wiederherstellen von N\u00e4geln. EINE Packung enth\u00e4lt 12 N\u00e4gel. Weitere Informationen finden Sie unter","breadcrumb":{"@id":"https:\/\/www.miomiorun.com\/de\/produkt\/uhlsport-naegel-fuer-sportschuhe\/#breadcrumb"},"inLanguage":"de-DE","potentialAction":[{"@type":"ReadAction","target":["https:\/\/www.miomiorun.com\/de\/produkt\/uhlsport-naegel-fuer-sportschuhe\/"]}]},{"@type":"ImageObject","inLanguage":"de-DE","@id":"https:\/\/www.miomiorun.com\/de\/produkt\/uhlsport-naegel-fuer-sportschuhe\/#primaryimage","url":"https:\/\/www.miomiorun.com\/app\/uploads\/2024\/05\/uhl-sport-Spikes-9.5mm-1007302010400.webp","contentUrl":"https:\/\/www.miomiorun.com\/app\/uploads\/2024\/05\/uhl-sport-Spikes-9.5mm-1007302010400.webp","width":600,"height":600,"caption":"uhl sport Spikes 9.5mm 1007302010400"},{"@type":"BreadcrumbList","@id":"https:\/\/www.miomiorun.com\/de\/produkt\/uhlsport-naegel-fuer-sportschuhe\/#breadcrumb","itemListElement":[{"@type":"ListItem","position":1,"name":"Home","item":"https:\/\/www.miomiorun.com\/de\/"},{"@type":"ListItem","position":2,"name":"Shop","item":"https:\/\/www.miomiorun.com\/shop\/"},{"@type":"ListItem","position":3,"name":"N\u00e4gel f\u00fcr Sportschuhe"}]},{"@type":"WebSite","@id":"https:\/\/www.miomiorun.com\/de\/#website","url":"https:\/\/www.miomiorun.com\/de\/","name":"MioMioRun","description":"100% Lauf- und Trailshop","publisher":{"@id":"https:\/\/www.miomiorun.com\/de\/#organization"},"potentialAction":[{"@type":"SearchAction","target":{"@type":"EntryPoint","urlTemplate":"https:\/\/www.miomiorun.com\/de\/?s={search_term_string}"},"query-input":{"@type":"PropertyValueSpecification","valueRequired":true,"valueName":"search_term_string"}}],"inLanguage":"de-DE"},{"@type":"Organization","@id":"https:\/\/www.miomiorun.com\/de\/#organization","name":"MioMio Run","url":"https:\/\/www.miomiorun.com\/de\/","logo":{"@type":"ImageObject","inLanguage":"de-DE","@id":"https:\/\/www.miomiorun.com\/de\/#\/schema\/logo\/image\/","url":"https:\/\/www.miomiorun.com\/app\/uploads\/2019\/12\/logomio.png","contentUrl":"https:\/\/www.miomiorun.com\/app\/uploads\/2019\/12\/logomio.png","width":115,"height":82,"caption":"MioMio Run"},"image":{"@id":"https:\/\/www.miomiorun.com\/de\/#\/schema\/logo\/image\/"},"sameAs":["https:\/\/www.facebook.com\/miomiorun\/","https:\/\/www.instagram.com\/miomiorun\/"]}]}},"_links":{"self":[{"href":"https:\/\/www.miomiorun.com\/de\/wp-json\/wp\/v2\/product\/174121","targetHints":{"allow":["GET"]}}],"collection":[{"href":"https:\/\/www.miomiorun.com\/de\/wp-json\/wp\/v2\/product"}],"about":[{"href":"https:\/\/www.miomiorun.com\/de\/wp-json\/wp\/v2\/types\/product"}],"wp:featuredmedia":[{"embeddable":true,"href":"https:\/\/www.miomiorun.com\/de\/wp-json\/wp\/v2\/media\/170452"}],"wp:attachment":[{"href":"https:\/\/www.miomiorun.com\/de\/wp-json\/wp\/v2\/media?parent=174121"}],"wp:term":[{"taxonomy":"product_brand","embeddable":true,"href":"https:\/\/www.miomiorun.com\/de\/wp-json\/wp\/v2\/product_brand?post=174121"},{"taxonomy":"product_cat","embeddable":true,"href":"https:\/\/www.miomiorun.com\/de\/wp-json\/wp\/v2\/product_cat?post=174121"},{"taxonomy":"product_tag","embeddable":true,"href":"https:\/\/www.miomiorun.com\/de\/wp-json\/wp\/v2\/product_tag?post=174121"}],"curies":[{"name":"wp","href":"https:\/\/api.w.org\/{rel}","templated":true}]}}