{"id":174108,"date":"2022-03-09T17:05:57","date_gmt":"2022-03-09T16:05:57","guid":{"rendered":"https:\/\/miomiorun.com\/prodotto\/garmin-inreach-mini-2\/"},"modified":"2025-03-03T18:29:24","modified_gmt":"2025-03-03T17:29:24","slug":"garmin-inreach-mini-2","status":"publish","type":"product","link":"https:\/\/www.miomiorun.com\/de\/produkt\/garmin-inreach-mini-2\/","title":{"rendered":"Inreach mini 2"},"content":{"rendered":"<p><div class=\"vc-row container\"><div class=\"vc-column\"><div class=\"vc-column-text\"><\/p>\n<h2 style=\"text-align: center;\">IHR ZUHAUSE IST N\u00c4HER ALS SIE DENKEN<\/h2>\n<p>Mit diesem kompakten Satellitenkommunikationsger\u00e4t ist Ihr Zuhause immer in der N\u00e4he, auch wenn Sie sich au\u00dferhalb des Netzes aufhalten. So k\u00f6nnen Sie sich bei jedem Abenteuer beruhigt zur\u00fccklehnen, ohne Ihr Gep\u00e4ck zu belasten.<\/div><\/div><\/div><div class=\"vc-row container\"><div class=\"vc-column\"><\/div><\/div><div class=\"vc-row container\"><div class=\"vc-column\"><div class=\"vc-column-text\"><\/p>\n<div class=\"app__feature__card\" style=\"text-align: center;\" data-translate=\"\"><img decoding=\"async\" class=\"app__feature__card__image\" src=\"https:\/\/static.garmincdn.com\/gdc\/Product_Pages\/ICONS\/GPS_tracking.svg\" alt=\"\" \/><br \/>\nDank der weltweiten Satellitenabdeckung k\u00f6nnen Sie auch dann in Verbindung bleiben, wenn das Mobiltelefon Sie nicht erreichen kann.<\/div>\n<p><\/div><\/div><div class=\"vc-column\"><div class=\"vc-column-text\"><\/p>\n<div class=\"app__feature__card\" style=\"text-align: center;\" data-translate=\"\"><img decoding=\"async\" class=\"app__feature__card__image\" src=\"https:\/\/static.garmincdn.com\/gdc\/Product_Pages\/ICONS\/SOS.svg\" alt=\"\" \/><br \/>\nIm Notfall k\u00f6nnen Sie eine interaktive SOS-Nachricht an unsere Koordinierungsstelle senden.<\/div>\n<p><\/div><\/div><div class=\"vc-column\"><div class=\"vc-column-text\"><\/p>\n<div class=\"app__feature__card\" style=\"text-align: center;\" data-translate=\"\"><img decoding=\"async\" class=\"app__feature__card__image\" src=\"https:\/\/static.garmincdn.com\/gdc\/Product_Pages\/ICONS\/Connected_Featured.svg\" alt=\"\" \/><br \/>\nAu\u00dferdem k\u00f6nnen Sie immer mit den Menschen in Verbindung bleiben, die Ihnen wichtig sind, auch wenn Sie keinen Handyempfang haben.<\/div>\n<p><\/div><\/div><div class=\"vc-column\"><div class=\"vc-column-text\"><\/p>\n<div class=\"app__feature__card\" style=\"text-align: center;\" data-translate=\"\"><img decoding=\"async\" class=\"app__feature__card__image\" src=\"https:\/\/static.garmincdn.com\/gdc\/Product_Pages\/ICONS\/Garmin-Adventurous-Routing.svg\" alt=\"\" \/><br \/>\nMit TracBack\u00ae Routing finden Sie den Weg zur\u00fcck, wenn Sie sich verfahren haben.<\/div>\n<p><\/div><\/div><div class=\"vc-column\"><div class=\"vc-column-text\"><\/p>\n<div class=\"app__feature__card\" style=\"text-align: center;\" data-translate=\"\"><img decoding=\"async\" class=\"app__feature__card__image\" src=\"https:\/\/static.garmincdn.com\/gdc\/Product_Pages\/ICONS\/Gamin_Explore_App.svg\" alt=\"\" \/><br \/>\nErweitern Sie den Funktionsumfang des inReach-Ger\u00e4ts mit der Garmin Explore\u2122-App.<\/div>\n<p><\/div><\/div><div class=\"vc-column\"><div class=\"vc-column-text\"><\/p>\n<div class=\"app__feature__card\" style=\"text-align: center;\" data-translate=\"\"><img decoding=\"async\" class=\"app__feature__card__image\" src=\"https:\/\/static.garmincdn.com\/gdc\/Product_Pages\/ICONS\/Battery_Life.svg\" alt=\"\" \/><br \/>\nErleben Sie Ihre Abenteuer l\u00e4nger mit einer Batterie, die bei einer Erkennungsfrequenz von 10 Minuten bis zu 14 Tage h\u00e4lt.<\/div>\n<p><\/div><\/div><\/div><div class=\"vc-row container\"><div class=\"vc-column\"><div style=\"height:32px\" class=\"vc-empty-space\"><\/div><\/div><\/div><div class=\"vc-row container\"><div class=\"vc-column\"><div class=\"vc-column-text\"><\/p>\n<h3 style=\"text-align: center;\">ZWEI-WEGE-MESSAGING<\/h3>\n<p>Tauschen Sie Textnachrichten mit Freunden und Familienmitgliedern aus, die zu Hause geblieben sind, posten Sie auf sozialen Medien oder kommunizieren Sie mit einem anderen inReach-Ger\u00e4t im Feld.<\/div><\/div><div class=\"vc-column\"><div class=\"vc-column-text\"><\/p>\n<h3 style=\"text-align: center;\">INTERAKTIVE SOS-WARNUNGEN<\/h3>\n<p>Aktivieren Sie im Notfall eine interaktive SOS-Nachricht, die an Garmin IERCC, ein professionelles Koordinationszentrum f\u00fcr Notf\u00e4lle, gerichtet ist, das t\u00e4glich rund um die Uhr arbeitet.<\/div><\/div><div class=\"vc-column\"><div class=\"vc-column-text\"><\/p>\n<h3 style=\"text-align: center;\">STANDORTFREIGABE<\/h3>\n<p>Geben Sie Ihren Standort jederzeit \u00fcber die MapShare\u2122-Seite oder die in Ihren Nachrichten eingebetteten Koordinaten an Ihre Lieben zu Hause weiter.<\/div><\/div><div class=\"vc-column\"><div class=\"vc-column-text\"><\/p>\n<h3 style=\"text-align: center;\">GLOBALES SATELLITENNETZ<\/h3>\n<p>Statt \u00fcber das Mobiltelefonnetz werden Ihre Nachrichten, SOS-Warnungen und die Standortverfolgung \u00fcber das globale Iridium\u00ae-Satellitennetz \u00fcbertragen.<\/div><\/div><div class=\"vc-column\"><div class=\"vc-column-text\"><\/p>\n<h3 style=\"text-align: center;\">FLEXIBLE SATELLITEN\u00dcBERTRAGUNGSPL\u00c4NE<\/h3>\n<p>Sie ben\u00f6tigen ein aktives Satellitenabonnement, um auf das Iridium-Netzwerk zuzugreifen und mit Ihrem inReach Mini 2 Ger\u00e4t zu kommunizieren. Sie k\u00f6nnen ein Jahrespaket oder einen flexiblen Monatstarif w\u00e4hlen.<\/div><\/div><div class=\"vc-column\"><div class=\"vc-column-text\"><\/p>\n<h3 style=\"text-align: center;\">KOMPAKTES UND ROBUSTES DESIGN<\/h3>\n<p>Lassen Sie sich nicht von der Gr\u00f6\u00dfe von 4\u2033 x 2\u2033 und dem Gewicht von 100 g t\u00e4uschen. inReach Mini 2 ist robust, langlebig, sto\u00dffest (MIL-STD-810) und nach IPX7 wasserdicht.<\/div><\/div><\/div><div class=\"vc-row container\"><div class=\"vc-column\"><div style=\"height:32px\" class=\"vc-empty-space\"><\/div><\/div><\/div><div class=\"vc-row container\"><div class=\"vc-column\"><div class=\"vc-column-text\"><\/p>\n<h3 style=\"text-align: center;\">TRACBACK-ROUTING<\/h3>\n<p>Die TracBack-Routing-Funktion zeigt Ihnen den Weg zur\u00fcck zu Ihrem Ausgangspunkt, indem sie der Hinroute folgt, falls Sie sich verirren, direkt auf Ihrem Ger\u00e4t.<\/div><\/div><div class=\"vc-column\"><div class=\"vc-column-text\"><\/p>\n<h3 style=\"text-align: center;\">DIGITALER KOMPASS<\/h3>\n<p>Erhalten Sie pr\u00e4zise Richtungsangaben, auch wenn Sie sich nicht bewegen.<\/div><\/div><div class=\"vc-column\"><div class=\"vc-column-text\"><\/p>\n<h3 style=\"text-align: center;\">BATTERIE LEBENSDAUER<\/h3>\n<p>Die interne, wiederaufladbare Lithium-Batterie h\u00e4lt im Standardmodus (Erkennung alle 10 Minuten) bis zu 14 Tage und im Energiesparmodus bis zu 30 Tage.<\/div><\/div><div class=\"vc-column\"><div class=\"vc-column-text\"><\/p>\n<h3 style=\"text-align: center;\">INREACH WETTERVORHERSAGEDIENST<\/h3>\n<p>Empfangen Sie detaillierte Wettervorhersagen auf dem inReach Mini 2 oder einem gekoppelten kompatiblen Ger\u00e4t. Sie k\u00f6nnen auch Vorhersagen f\u00fcr Ihren aktuellen Standort oder andere Wegpunkte oder Ziele auf Ihrer Route anfordern.<\/div><\/div><div class=\"vc-column\"><div class=\"vc-column-text\"><\/p>\n<h3 style=\"text-align: center;\">UNBEGRENZTER CLOUD-SPEICHER UND PLANUNG<\/h3>\n<p>Greifen Sie auf die kostenlose cloudbasierte Garmin Explore-Website auf Ihrem Computer zu, um Reisen zu planen, voreingestellte Nachrichten und Kurzmitteilungen zu erstellen, Ihre Ger\u00e4teeinstellungen zu synchronisieren und zu verwalten und vieles mehr.<\/div><\/div><\/div><div class=\"vc-row container\"><div class=\"vc-column\"><div style=\"height:32px\" class=\"vc-empty-space\"><\/div><\/div><\/div><div class=\"vc-row container\"><div class=\"vc-column\"><div class=\"vc-column-text\"><\/p>\n<h3 style=\"text-align: center;\">Garmin Explore<\/h3>\n<p>Synchronisieren Sie sich mit der Garmin Explore Website oder der mobilen App auf Ihrem kompatiblen Smartphone f\u00fcr Navigation, Wegpunkte, Routen, Aktivit\u00e4ten und Sammlungen. Au\u00dferdem k\u00f6nnen Sie auf Tourenplanung und topografische Karten zugreifen.<\/div><\/div><div class=\"vc-column\"><div class=\"vc-column-text\"><\/p>\n<h3 style=\"text-align: center;\">ANDERE GARMIN-GER\u00c4TE<\/h3>\n<p>Steuern Sie den inReach Mini 2 aus der Ferne, um Nachrichten zu senden und zu empfangen, das Tracking zu starten und zu stoppen und ein interaktives SOS zu aktivieren, indem Sie kompatible Garmin-Handger\u00e4te, Wearables oder andere mobile Ger\u00e4te verwenden.<\/div><\/div><div class=\"vc-column\"><div class=\"vc-column-text\"><\/p>\n<h3 style=\"text-align: center;\">GARMIN PILOT\u2122 APP<\/h3>\n<p>Koppeln Sie die App mit dem Satellitenkommunikationsger\u00e4t Garmin Pilot, um vom Cockpit aus problemlos Textnachrichten zu senden und zu empfangen, auch in Gebieten ohne Mobilfunknetzempfang. Die App kann die GPS-Position und die Standortfreigabefunktionen des inReach Mini 2-Ger\u00e4ts f\u00fcr den Flug nutzen.<\/div><\/div><\/div><\/p>\n","protected":false},"excerpt":{"rendered":"<ul>\n<li>copertura satellitare globale, routing TracBack<\/li>\n<li>funzioni SOS e messaggistica 24\/7<\/li>\n<li>durata batteria fino a 14 giorni con rilevamento posizione<\/li>\n<\/ul>\n","protected":false},"featured_media":63213,"template":"","meta":{"_acf_changed":false,"inline_featured_image":false},"product_brand":[],"product_cat":[3344,6358],"product_tag":[],"class_list":{"0":"post-174108","1":"product","2":"type-product","3":"status-publish","4":"has-post-thumbnail","6":"product_cat-garmin-de","7":"product_cat-outdoor-de","8":"pa_colore-inreach-mini-2-black-de","9":"pa_colore-inreach-mini-2-flame-red-de","10":"pa_marca-garmin-de","12":"first","13":"instock","14":"sale","15":"taxable","16":"shipping-taxable","17":"purchasable","18":"product-type-variable","19":"wvs-archive-product-wrapper"},"acf":[],"yoast_head":"<!-- This site is optimized with the Yoast SEO plugin v26.8 - https:\/\/yoast.com\/product\/yoast-seo-wordpress\/ -->\n<title>Garmin Inreach mini 2 - Garmin-Ger\u00e4te- MioMioRun.com<\/title>\n<meta name=\"description\" content=\"Ein kompakter Satellitenkommunikator, der Sie bei jedem Abenteuer begleitet, ohne Ihr Gep\u00e4ck zu belasten. Mehr Informationen auf unserer Website\" \/>\n<meta name=\"robots\" content=\"index, follow, max-snippet:-1, max-image-preview:large, max-video-preview:-1\" \/>\n<link rel=\"canonical\" href=\"https:\/\/www.miomiorun.com\/de\/produkt\/garmin-inreach-mini-2\/\" \/>\n<meta property=\"og:locale\" content=\"de_DE\" \/>\n<meta property=\"og:type\" content=\"article\" \/>\n<meta property=\"og:title\" content=\"Garmin Inreach mini 2 - Garmin-Ger\u00e4te- MioMioRun.com\" \/>\n<meta property=\"og:description\" content=\"Ein kompakter Satellitenkommunikator, der Sie bei jedem Abenteuer begleitet, ohne Ihr Gep\u00e4ck zu belasten. Mehr Informationen auf unserer Website\" \/>\n<meta property=\"og:url\" content=\"https:\/\/www.miomiorun.com\/de\/produkt\/garmin-inreach-mini-2\/\" \/>\n<meta property=\"og:site_name\" content=\"MioMioRun\" \/>\n<meta property=\"article:publisher\" content=\"https:\/\/www.facebook.com\/miomiorun\/\" \/>\n<meta property=\"article:modified_time\" content=\"2025-03-03T17:29:24+00:00\" \/>\n<meta property=\"og:image\" content=\"https:\/\/www.miomiorun.com\/app\/uploads\/2022\/03\/garmin-inreach-mini-2-010-02602-03.jpg\" \/>\n\t<meta property=\"og:image:width\" content=\"600\" \/>\n\t<meta property=\"og:image:height\" content=\"600\" \/>\n\t<meta property=\"og:image:type\" content=\"image\/jpeg\" \/>\n<meta name=\"twitter:card\" content=\"summary_large_image\" \/>\n<meta name=\"twitter:label1\" content=\"Est. reading time\" \/>\n\t<meta name=\"twitter:data1\" content=\"4 minutes\" \/>\n<script type=\"application\/ld+json\" class=\"yoast-schema-graph\">{\"@context\":\"https:\/\/schema.org\",\"@graph\":[{\"@type\":\"WebPage\",\"@id\":\"https:\/\/www.miomiorun.com\/de\/produkt\/garmin-inreach-mini-2\/\",\"url\":\"https:\/\/www.miomiorun.com\/de\/produkt\/garmin-inreach-mini-2\/\",\"name\":\"Garmin Inreach mini 2 - Garmin-Ger\u00e4te- MioMioRun.com\",\"isPartOf\":{\"@id\":\"https:\/\/www.miomiorun.com\/de\/#website\"},\"primaryImageOfPage\":{\"@id\":\"https:\/\/www.miomiorun.com\/de\/produkt\/garmin-inreach-mini-2\/#primaryimage\"},\"image\":{\"@id\":\"https:\/\/www.miomiorun.com\/de\/produkt\/garmin-inreach-mini-2\/#primaryimage\"},\"thumbnailUrl\":\"https:\/\/www.miomiorun.com\/app\/uploads\/2022\/03\/garmin-inreach-mini-2-010-02602-03.jpg\",\"datePublished\":\"2022-03-09T16:05:57+00:00\",\"dateModified\":\"2025-03-03T17:29:24+00:00\",\"description\":\"Ein kompakter Satellitenkommunikator, der Sie bei jedem Abenteuer begleitet, ohne Ihr Gep\u00e4ck zu belasten. Mehr Informationen auf unserer Website\",\"breadcrumb\":{\"@id\":\"https:\/\/www.miomiorun.com\/de\/produkt\/garmin-inreach-mini-2\/#breadcrumb\"},\"inLanguage\":\"de-DE\",\"potentialAction\":[{\"@type\":\"ReadAction\",\"target\":[\"https:\/\/www.miomiorun.com\/de\/produkt\/garmin-inreach-mini-2\/\"]}]},{\"@type\":\"ImageObject\",\"inLanguage\":\"de-DE\",\"@id\":\"https:\/\/www.miomiorun.com\/de\/produkt\/garmin-inreach-mini-2\/#primaryimage\",\"url\":\"https:\/\/www.miomiorun.com\/app\/uploads\/2022\/03\/garmin-inreach-mini-2-010-02602-03.jpg\",\"contentUrl\":\"https:\/\/www.miomiorun.com\/app\/uploads\/2022\/03\/garmin-inreach-mini-2-010-02602-03.jpg\",\"width\":600,\"height\":600,\"caption\":\"garmin-inreach-mini-2-010-02602-03\"},{\"@type\":\"BreadcrumbList\",\"@id\":\"https:\/\/www.miomiorun.com\/de\/produkt\/garmin-inreach-mini-2\/#breadcrumb\",\"itemListElement\":[{\"@type\":\"ListItem\",\"position\":1,\"name\":\"Home\",\"item\":\"https:\/\/www.miomiorun.com\/de\/\"},{\"@type\":\"ListItem\",\"position\":2,\"name\":\"Shop\",\"item\":\"https:\/\/www.miomiorun.com\/shop\/\"},{\"@type\":\"ListItem\",\"position\":3,\"name\":\"Inreach mini 2\"}]},{\"@type\":\"WebSite\",\"@id\":\"https:\/\/www.miomiorun.com\/de\/#website\",\"url\":\"https:\/\/www.miomiorun.com\/de\/\",\"name\":\"MioMioRun\",\"description\":\"100% Lauf- und Trailshop\",\"publisher\":{\"@id\":\"https:\/\/www.miomiorun.com\/de\/#organization\"},\"potentialAction\":[{\"@type\":\"SearchAction\",\"target\":{\"@type\":\"EntryPoint\",\"urlTemplate\":\"https:\/\/www.miomiorun.com\/de\/?s={search_term_string}\"},\"query-input\":{\"@type\":\"PropertyValueSpecification\",\"valueRequired\":true,\"valueName\":\"search_term_string\"}}],\"inLanguage\":\"de-DE\"},{\"@type\":\"Organization\",\"@id\":\"https:\/\/www.miomiorun.com\/de\/#organization\",\"name\":\"MioMio Run\",\"url\":\"https:\/\/www.miomiorun.com\/de\/\",\"logo\":{\"@type\":\"ImageObject\",\"inLanguage\":\"de-DE\",\"@id\":\"https:\/\/www.miomiorun.com\/de\/#\/schema\/logo\/image\/\",\"url\":\"https:\/\/www.miomiorun.com\/app\/uploads\/2019\/12\/logomio.png\",\"contentUrl\":\"https:\/\/www.miomiorun.com\/app\/uploads\/2019\/12\/logomio.png\",\"width\":115,\"height\":82,\"caption\":\"MioMio Run\"},\"image\":{\"@id\":\"https:\/\/www.miomiorun.com\/de\/#\/schema\/logo\/image\/\"},\"sameAs\":[\"https:\/\/www.facebook.com\/miomiorun\/\",\"https:\/\/www.instagram.com\/miomiorun\/\"]}]}<\/script>\n<!-- \/ Yoast SEO plugin. -->","yoast_head_json":{"title":"Garmin Inreach mini 2 - Garmin-Ger\u00e4te- MioMioRun.com","description":"Ein kompakter Satellitenkommunikator, der Sie bei jedem Abenteuer begleitet, ohne Ihr Gep\u00e4ck zu belasten. Mehr Informationen auf unserer Website","robots":{"index":"index","follow":"follow","max-snippet":"max-snippet:-1","max-image-preview":"max-image-preview:large","max-video-preview":"max-video-preview:-1"},"canonical":"https:\/\/www.miomiorun.com\/de\/produkt\/garmin-inreach-mini-2\/","og_locale":"de_DE","og_type":"article","og_title":"Garmin Inreach mini 2 - Garmin-Ger\u00e4te- MioMioRun.com","og_description":"Ein kompakter Satellitenkommunikator, der Sie bei jedem Abenteuer begleitet, ohne Ihr Gep\u00e4ck zu belasten. Mehr Informationen auf unserer Website","og_url":"https:\/\/www.miomiorun.com\/de\/produkt\/garmin-inreach-mini-2\/","og_site_name":"MioMioRun","article_publisher":"https:\/\/www.facebook.com\/miomiorun\/","article_modified_time":"2025-03-03T17:29:24+00:00","og_image":[{"width":600,"height":600,"url":"https:\/\/www.miomiorun.com\/app\/uploads\/2022\/03\/garmin-inreach-mini-2-010-02602-03.jpg","type":"image\/jpeg"}],"twitter_card":"summary_large_image","twitter_misc":{"Est. reading time":"4 minutes"},"schema":{"@context":"https:\/\/schema.org","@graph":[{"@type":"WebPage","@id":"https:\/\/www.miomiorun.com\/de\/produkt\/garmin-inreach-mini-2\/","url":"https:\/\/www.miomiorun.com\/de\/produkt\/garmin-inreach-mini-2\/","name":"Garmin Inreach mini 2 - Garmin-Ger\u00e4te- MioMioRun.com","isPartOf":{"@id":"https:\/\/www.miomiorun.com\/de\/#website"},"primaryImageOfPage":{"@id":"https:\/\/www.miomiorun.com\/de\/produkt\/garmin-inreach-mini-2\/#primaryimage"},"image":{"@id":"https:\/\/www.miomiorun.com\/de\/produkt\/garmin-inreach-mini-2\/#primaryimage"},"thumbnailUrl":"https:\/\/www.miomiorun.com\/app\/uploads\/2022\/03\/garmin-inreach-mini-2-010-02602-03.jpg","datePublished":"2022-03-09T16:05:57+00:00","dateModified":"2025-03-03T17:29:24+00:00","description":"Ein kompakter Satellitenkommunikator, der Sie bei jedem Abenteuer begleitet, ohne Ihr Gep\u00e4ck zu belasten. Mehr Informationen auf unserer Website","breadcrumb":{"@id":"https:\/\/www.miomiorun.com\/de\/produkt\/garmin-inreach-mini-2\/#breadcrumb"},"inLanguage":"de-DE","potentialAction":[{"@type":"ReadAction","target":["https:\/\/www.miomiorun.com\/de\/produkt\/garmin-inreach-mini-2\/"]}]},{"@type":"ImageObject","inLanguage":"de-DE","@id":"https:\/\/www.miomiorun.com\/de\/produkt\/garmin-inreach-mini-2\/#primaryimage","url":"https:\/\/www.miomiorun.com\/app\/uploads\/2022\/03\/garmin-inreach-mini-2-010-02602-03.jpg","contentUrl":"https:\/\/www.miomiorun.com\/app\/uploads\/2022\/03\/garmin-inreach-mini-2-010-02602-03.jpg","width":600,"height":600,"caption":"garmin-inreach-mini-2-010-02602-03"},{"@type":"BreadcrumbList","@id":"https:\/\/www.miomiorun.com\/de\/produkt\/garmin-inreach-mini-2\/#breadcrumb","itemListElement":[{"@type":"ListItem","position":1,"name":"Home","item":"https:\/\/www.miomiorun.com\/de\/"},{"@type":"ListItem","position":2,"name":"Shop","item":"https:\/\/www.miomiorun.com\/shop\/"},{"@type":"ListItem","position":3,"name":"Inreach mini 2"}]},{"@type":"WebSite","@id":"https:\/\/www.miomiorun.com\/de\/#website","url":"https:\/\/www.miomiorun.com\/de\/","name":"MioMioRun","description":"100% Lauf- und Trailshop","publisher":{"@id":"https:\/\/www.miomiorun.com\/de\/#organization"},"potentialAction":[{"@type":"SearchAction","target":{"@type":"EntryPoint","urlTemplate":"https:\/\/www.miomiorun.com\/de\/?s={search_term_string}"},"query-input":{"@type":"PropertyValueSpecification","valueRequired":true,"valueName":"search_term_string"}}],"inLanguage":"de-DE"},{"@type":"Organization","@id":"https:\/\/www.miomiorun.com\/de\/#organization","name":"MioMio Run","url":"https:\/\/www.miomiorun.com\/de\/","logo":{"@type":"ImageObject","inLanguage":"de-DE","@id":"https:\/\/www.miomiorun.com\/de\/#\/schema\/logo\/image\/","url":"https:\/\/www.miomiorun.com\/app\/uploads\/2019\/12\/logomio.png","contentUrl":"https:\/\/www.miomiorun.com\/app\/uploads\/2019\/12\/logomio.png","width":115,"height":82,"caption":"MioMio Run"},"image":{"@id":"https:\/\/www.miomiorun.com\/de\/#\/schema\/logo\/image\/"},"sameAs":["https:\/\/www.facebook.com\/miomiorun\/","https:\/\/www.instagram.com\/miomiorun\/"]}]}},"_links":{"self":[{"href":"https:\/\/www.miomiorun.com\/de\/wp-json\/wp\/v2\/product\/174108","targetHints":{"allow":["GET"]}}],"collection":[{"href":"https:\/\/www.miomiorun.com\/de\/wp-json\/wp\/v2\/product"}],"about":[{"href":"https:\/\/www.miomiorun.com\/de\/wp-json\/wp\/v2\/types\/product"}],"wp:featuredmedia":[{"embeddable":true,"href":"https:\/\/www.miomiorun.com\/de\/wp-json\/wp\/v2\/media\/63213"}],"wp:attachment":[{"href":"https:\/\/www.miomiorun.com\/de\/wp-json\/wp\/v2\/media?parent=174108"}],"wp:term":[{"taxonomy":"product_brand","embeddable":true,"href":"https:\/\/www.miomiorun.com\/de\/wp-json\/wp\/v2\/product_brand?post=174108"},{"taxonomy":"product_cat","embeddable":true,"href":"https:\/\/www.miomiorun.com\/de\/wp-json\/wp\/v2\/product_cat?post=174108"},{"taxonomy":"product_tag","embeddable":true,"href":"https:\/\/www.miomiorun.com\/de\/wp-json\/wp\/v2\/product_tag?post=174108"}],"curies":[{"name":"wp","href":"https:\/\/api.w.org\/{rel}","templated":true}]}}