{"id":173992,"date":"2019-12-17T12:19:14","date_gmt":"2019-12-17T11:19:14","guid":{"rendered":"https:\/\/miomiorun.com\/prodotto\/cinturini-e-bracciali-garmin-quickfit-22\/"},"modified":"2025-04-16T17:52:23","modified_gmt":"2025-04-16T15:52:23","slug":"garmin-quickfit-22-gurte-und-armbaender","status":"publish","type":"product","link":"https:\/\/www.miomiorun.com\/de\/produkt\/garmin-quickfit-22-gurte-und-armbaender\/","title":{"rendered":"QuickFit 22\u00ae Gurte und Armb\u00e4nder"},"content":{"rendered":"<p>Ersetzen Sie die austauschbaren Armb\u00e4nder Ihrer kompatiblen Uhr im Handumdrehen. W\u00e4hlen Sie zwischen Leder-, Metall- oder Silikonarmb\u00e4ndern, um das Aussehen Ihrer Uhr im Handumdrehen zu ver\u00e4ndern. Ersetzen Sie die Armb\u00e4nder einfach und sicher. Kein Werkzeug erforderlich.<\/p>\n","protected":false},"excerpt":{"rendered":"<p>Ersetzen Sie die austauschbaren Armb\u00e4nder Ihrer kompatiblen Uhr im Handumdrehen. W\u00e4hlen Sie zwischen Leder-, Metall- oder Silikonarmb\u00e4ndern, um das Aussehen Ihrer Uhr im Handumdrehen zu ver\u00e4ndern. Ersetzen Sie die Armb\u00e4nder einfach und sicher. Kein Werkzeug erforderlich.<\/p>\n","protected":false},"featured_media":49884,"template":"","meta":{"_acf_changed":false,"inline_featured_image":false},"product_brand":[],"product_cat":[3344,3345],"product_tag":[3346],"class_list":{"0":"post-173992","1":"product","2":"type-product","3":"status-publish","4":"has-post-thumbnail","6":"product_cat-garmin-de","7":"product_cat-zubehoer-de-2","8":"product_tag-garmin-de","9":"pa_colore-22mm-blue-de","10":"pa_colore-22mm-granite-blue-de","11":"pa_colore-cinturino-22mm-amp-yellow-de","12":"pa_colore-cinturino-22mm-autumn-de","13":"pa_colore-cinturino-22mm-black-de","14":"pa_colore-cinturino-22mm-blk-peb","15":"pa_colore-cinturino-22mm-grafite-de","16":"pa_colore-cinturino-22mm-graphite-de","17":"pa_colore-cinturino-22mm-marsala-de","18":"pa_colore-cinturino-22mm-sparkorange-graphite","19":"pa_colore-cinturino-22mm-willow-de","20":"pa_colore-cinturino-quickfit-22-black-de","21":"pa_colore-cinturino-quickfit-22-mm-carrara-white-de","22":"pa_colore-quickfit-22-mm-black-cirrus-blue-de","23":"pa_colore-quickfit-22-mm-black-flame-red-de","24":"pa_colore-quickfit-22-mm-blu-de","25":"pa_colore-quickfit-22-mm-flame-red-graphite-de","26":"pa_colore-quickfit-22-mm-fog-gray-ember-orange-de","27":"pa_colore-quickfit-22-mm-fog-gray-mos-de","28":"pa_colore-quickfit-22mm-verde-de","29":"pa_colore-cinturino-22-fenix-5-blu-de","30":"pa_colore-cinturino-22-fenix-6-arancione-de","31":"pa_colore-cinturino-22-fenix-6-blu-de","32":"pa_colore-cinturino-22-fenix-6-giallo-de","33":"pa_colore-cinturino-22-fenix-6-titanio-carbon-gray-de","34":"pa_colore-cinturino-quickfit-22-mm-black-de","35":"pa_colore-cinturino-quickfit-22-mm-nero-de","36":"pa_colore-cinturino-quickfit-22-mm-rosso-de","37":"pa_colore-cinturino-quickfit-22mm-laser-red-de","38":"pa_colore-cinturino-quickfit-captain-blu-22mm-de","39":"pa_marca-garmin-de","40":"pa_sesso-damen","41":"pa_sesso-herren","43":"first","44":"instock","45":"sale","46":"taxable","47":"shipping-taxable","48":"purchasable","49":"product-type-variable","50":"wvs-archive-product-wrapper"},"acf":[],"yoast_head":"<!-- This site is optimized with the Yoast SEO plugin v26.8 - https:\/\/yoast.com\/product\/yoast-seo-wordpress\/ -->\n<title>Garmin QuickFit 22\u00ae Gurte und Armb\u00e4nder - garmin zubeh\u00f6r - MioMioRun<\/title>\n<meta name=\"description\" content=\"Ersetzen Sie die austauschbaren Armb\u00e4nder Ihrer kompatiblen Uhr im Handumdrehen. Ersetzen Sie die Armb\u00e4nder einfach und sicher.\" \/>\n<meta name=\"robots\" content=\"index, follow, max-snippet:-1, max-image-preview:large, max-video-preview:-1\" \/>\n<link rel=\"canonical\" href=\"https:\/\/www.miomiorun.com\/de\/produkt\/garmin-quickfit-22-gurte-und-armbaender\/\" \/>\n<meta property=\"og:locale\" content=\"de_DE\" \/>\n<meta property=\"og:type\" content=\"article\" \/>\n<meta property=\"og:title\" content=\"Garmin QuickFit 22\u00ae Gurte und Armb\u00e4nder - garmin zubeh\u00f6r - MioMioRun\" \/>\n<meta property=\"og:description\" content=\"Ersetzen Sie die austauschbaren Armb\u00e4nder Ihrer kompatiblen Uhr im Handumdrehen. Ersetzen Sie die Armb\u00e4nder einfach und sicher.\" \/>\n<meta property=\"og:url\" content=\"https:\/\/www.miomiorun.com\/de\/produkt\/garmin-quickfit-22-gurte-und-armbaender\/\" \/>\n<meta property=\"og:site_name\" content=\"MioMioRun\" \/>\n<meta property=\"article:publisher\" content=\"https:\/\/www.facebook.com\/miomiorun\/\" \/>\n<meta property=\"article:modified_time\" content=\"2025-04-16T15:52:23+00:00\" \/>\n<meta property=\"og:image\" content=\"https:\/\/www.miomiorun.com\/app\/uploads\/2019\/11\/cinturino-22-fenix-6-giallo.jpg\" \/>\n\t<meta property=\"og:image:width\" content=\"600\" \/>\n\t<meta property=\"og:image:height\" content=\"600\" \/>\n\t<meta property=\"og:image:type\" content=\"image\/jpeg\" \/>\n<meta name=\"twitter:card\" content=\"summary_large_image\" \/>\n<script type=\"application\/ld+json\" class=\"yoast-schema-graph\">{\"@context\":\"https:\/\/schema.org\",\"@graph\":[{\"@type\":\"WebPage\",\"@id\":\"https:\/\/www.miomiorun.com\/de\/produkt\/garmin-quickfit-22-gurte-und-armbaender\/\",\"url\":\"https:\/\/www.miomiorun.com\/de\/produkt\/garmin-quickfit-22-gurte-und-armbaender\/\",\"name\":\"Garmin QuickFit 22\u00ae Gurte und Armb\u00e4nder - garmin zubeh\u00f6r - MioMioRun\",\"isPartOf\":{\"@id\":\"https:\/\/www.miomiorun.com\/de\/#website\"},\"primaryImageOfPage\":{\"@id\":\"https:\/\/www.miomiorun.com\/de\/produkt\/garmin-quickfit-22-gurte-und-armbaender\/#primaryimage\"},\"image\":{\"@id\":\"https:\/\/www.miomiorun.com\/de\/produkt\/garmin-quickfit-22-gurte-und-armbaender\/#primaryimage\"},\"thumbnailUrl\":\"https:\/\/www.miomiorun.com\/app\/uploads\/2019\/11\/cinturino-22-fenix-6-giallo.jpg\",\"datePublished\":\"2019-12-17T11:19:14+00:00\",\"dateModified\":\"2025-04-16T15:52:23+00:00\",\"description\":\"Ersetzen Sie die austauschbaren Armb\u00e4nder Ihrer kompatiblen Uhr im Handumdrehen. Ersetzen Sie die Armb\u00e4nder einfach und sicher.\",\"breadcrumb\":{\"@id\":\"https:\/\/www.miomiorun.com\/de\/produkt\/garmin-quickfit-22-gurte-und-armbaender\/#breadcrumb\"},\"inLanguage\":\"de-DE\",\"potentialAction\":[{\"@type\":\"ReadAction\",\"target\":[\"https:\/\/www.miomiorun.com\/de\/produkt\/garmin-quickfit-22-gurte-und-armbaender\/\"]}]},{\"@type\":\"ImageObject\",\"inLanguage\":\"de-DE\",\"@id\":\"https:\/\/www.miomiorun.com\/de\/produkt\/garmin-quickfit-22-gurte-und-armbaender\/#primaryimage\",\"url\":\"https:\/\/www.miomiorun.com\/app\/uploads\/2019\/11\/cinturino-22-fenix-6-giallo.jpg\",\"contentUrl\":\"https:\/\/www.miomiorun.com\/app\/uploads\/2019\/11\/cinturino-22-fenix-6-giallo.jpg\",\"width\":600,\"height\":600,\"caption\":\"cinturino-22-fenix-6-giallo\"},{\"@type\":\"BreadcrumbList\",\"@id\":\"https:\/\/www.miomiorun.com\/de\/produkt\/garmin-quickfit-22-gurte-und-armbaender\/#breadcrumb\",\"itemListElement\":[{\"@type\":\"ListItem\",\"position\":1,\"name\":\"Home\",\"item\":\"https:\/\/www.miomiorun.com\/de\/\"},{\"@type\":\"ListItem\",\"position\":2,\"name\":\"Shop\",\"item\":\"https:\/\/www.miomiorun.com\/shop\/\"},{\"@type\":\"ListItem\",\"position\":3,\"name\":\"QuickFit 22\u00ae Gurte und Armb\u00e4nder\"}]},{\"@type\":\"WebSite\",\"@id\":\"https:\/\/www.miomiorun.com\/de\/#website\",\"url\":\"https:\/\/www.miomiorun.com\/de\/\",\"name\":\"MioMioRun\",\"description\":\"100% Lauf- und Trailshop\",\"publisher\":{\"@id\":\"https:\/\/www.miomiorun.com\/de\/#organization\"},\"potentialAction\":[{\"@type\":\"SearchAction\",\"target\":{\"@type\":\"EntryPoint\",\"urlTemplate\":\"https:\/\/www.miomiorun.com\/de\/?s={search_term_string}\"},\"query-input\":{\"@type\":\"PropertyValueSpecification\",\"valueRequired\":true,\"valueName\":\"search_term_string\"}}],\"inLanguage\":\"de-DE\"},{\"@type\":\"Organization\",\"@id\":\"https:\/\/www.miomiorun.com\/de\/#organization\",\"name\":\"MioMio Run\",\"url\":\"https:\/\/www.miomiorun.com\/de\/\",\"logo\":{\"@type\":\"ImageObject\",\"inLanguage\":\"de-DE\",\"@id\":\"https:\/\/www.miomiorun.com\/de\/#\/schema\/logo\/image\/\",\"url\":\"https:\/\/www.miomiorun.com\/app\/uploads\/2019\/12\/logomio.png\",\"contentUrl\":\"https:\/\/www.miomiorun.com\/app\/uploads\/2019\/12\/logomio.png\",\"width\":115,\"height\":82,\"caption\":\"MioMio Run\"},\"image\":{\"@id\":\"https:\/\/www.miomiorun.com\/de\/#\/schema\/logo\/image\/\"},\"sameAs\":[\"https:\/\/www.facebook.com\/miomiorun\/\",\"https:\/\/www.instagram.com\/miomiorun\/\"]}]}<\/script>\n<!-- \/ Yoast SEO plugin. -->","yoast_head_json":{"title":"Garmin QuickFit 22\u00ae Gurte und Armb\u00e4nder - garmin zubeh\u00f6r - MioMioRun","description":"Ersetzen Sie die austauschbaren Armb\u00e4nder Ihrer kompatiblen Uhr im Handumdrehen. Ersetzen Sie die Armb\u00e4nder einfach und sicher.","robots":{"index":"index","follow":"follow","max-snippet":"max-snippet:-1","max-image-preview":"max-image-preview:large","max-video-preview":"max-video-preview:-1"},"canonical":"https:\/\/www.miomiorun.com\/de\/produkt\/garmin-quickfit-22-gurte-und-armbaender\/","og_locale":"de_DE","og_type":"article","og_title":"Garmin QuickFit 22\u00ae Gurte und Armb\u00e4nder - garmin zubeh\u00f6r - MioMioRun","og_description":"Ersetzen Sie die austauschbaren Armb\u00e4nder Ihrer kompatiblen Uhr im Handumdrehen. Ersetzen Sie die Armb\u00e4nder einfach und sicher.","og_url":"https:\/\/www.miomiorun.com\/de\/produkt\/garmin-quickfit-22-gurte-und-armbaender\/","og_site_name":"MioMioRun","article_publisher":"https:\/\/www.facebook.com\/miomiorun\/","article_modified_time":"2025-04-16T15:52:23+00:00","og_image":[{"width":600,"height":600,"url":"https:\/\/www.miomiorun.com\/app\/uploads\/2019\/11\/cinturino-22-fenix-6-giallo.jpg","type":"image\/jpeg"}],"twitter_card":"summary_large_image","schema":{"@context":"https:\/\/schema.org","@graph":[{"@type":"WebPage","@id":"https:\/\/www.miomiorun.com\/de\/produkt\/garmin-quickfit-22-gurte-und-armbaender\/","url":"https:\/\/www.miomiorun.com\/de\/produkt\/garmin-quickfit-22-gurte-und-armbaender\/","name":"Garmin QuickFit 22\u00ae Gurte und Armb\u00e4nder - garmin zubeh\u00f6r - MioMioRun","isPartOf":{"@id":"https:\/\/www.miomiorun.com\/de\/#website"},"primaryImageOfPage":{"@id":"https:\/\/www.miomiorun.com\/de\/produkt\/garmin-quickfit-22-gurte-und-armbaender\/#primaryimage"},"image":{"@id":"https:\/\/www.miomiorun.com\/de\/produkt\/garmin-quickfit-22-gurte-und-armbaender\/#primaryimage"},"thumbnailUrl":"https:\/\/www.miomiorun.com\/app\/uploads\/2019\/11\/cinturino-22-fenix-6-giallo.jpg","datePublished":"2019-12-17T11:19:14+00:00","dateModified":"2025-04-16T15:52:23+00:00","description":"Ersetzen Sie die austauschbaren Armb\u00e4nder Ihrer kompatiblen Uhr im Handumdrehen. Ersetzen Sie die Armb\u00e4nder einfach und sicher.","breadcrumb":{"@id":"https:\/\/www.miomiorun.com\/de\/produkt\/garmin-quickfit-22-gurte-und-armbaender\/#breadcrumb"},"inLanguage":"de-DE","potentialAction":[{"@type":"ReadAction","target":["https:\/\/www.miomiorun.com\/de\/produkt\/garmin-quickfit-22-gurte-und-armbaender\/"]}]},{"@type":"ImageObject","inLanguage":"de-DE","@id":"https:\/\/www.miomiorun.com\/de\/produkt\/garmin-quickfit-22-gurte-und-armbaender\/#primaryimage","url":"https:\/\/www.miomiorun.com\/app\/uploads\/2019\/11\/cinturino-22-fenix-6-giallo.jpg","contentUrl":"https:\/\/www.miomiorun.com\/app\/uploads\/2019\/11\/cinturino-22-fenix-6-giallo.jpg","width":600,"height":600,"caption":"cinturino-22-fenix-6-giallo"},{"@type":"BreadcrumbList","@id":"https:\/\/www.miomiorun.com\/de\/produkt\/garmin-quickfit-22-gurte-und-armbaender\/#breadcrumb","itemListElement":[{"@type":"ListItem","position":1,"name":"Home","item":"https:\/\/www.miomiorun.com\/de\/"},{"@type":"ListItem","position":2,"name":"Shop","item":"https:\/\/www.miomiorun.com\/shop\/"},{"@type":"ListItem","position":3,"name":"QuickFit 22\u00ae Gurte und Armb\u00e4nder"}]},{"@type":"WebSite","@id":"https:\/\/www.miomiorun.com\/de\/#website","url":"https:\/\/www.miomiorun.com\/de\/","name":"MioMioRun","description":"100% Lauf- und Trailshop","publisher":{"@id":"https:\/\/www.miomiorun.com\/de\/#organization"},"potentialAction":[{"@type":"SearchAction","target":{"@type":"EntryPoint","urlTemplate":"https:\/\/www.miomiorun.com\/de\/?s={search_term_string}"},"query-input":{"@type":"PropertyValueSpecification","valueRequired":true,"valueName":"search_term_string"}}],"inLanguage":"de-DE"},{"@type":"Organization","@id":"https:\/\/www.miomiorun.com\/de\/#organization","name":"MioMio Run","url":"https:\/\/www.miomiorun.com\/de\/","logo":{"@type":"ImageObject","inLanguage":"de-DE","@id":"https:\/\/www.miomiorun.com\/de\/#\/schema\/logo\/image\/","url":"https:\/\/www.miomiorun.com\/app\/uploads\/2019\/12\/logomio.png","contentUrl":"https:\/\/www.miomiorun.com\/app\/uploads\/2019\/12\/logomio.png","width":115,"height":82,"caption":"MioMio Run"},"image":{"@id":"https:\/\/www.miomiorun.com\/de\/#\/schema\/logo\/image\/"},"sameAs":["https:\/\/www.facebook.com\/miomiorun\/","https:\/\/www.instagram.com\/miomiorun\/"]}]}},"_links":{"self":[{"href":"https:\/\/www.miomiorun.com\/de\/wp-json\/wp\/v2\/product\/173992","targetHints":{"allow":["GET"]}}],"collection":[{"href":"https:\/\/www.miomiorun.com\/de\/wp-json\/wp\/v2\/product"}],"about":[{"href":"https:\/\/www.miomiorun.com\/de\/wp-json\/wp\/v2\/types\/product"}],"wp:featuredmedia":[{"embeddable":true,"href":"https:\/\/www.miomiorun.com\/de\/wp-json\/wp\/v2\/media\/49884"}],"wp:attachment":[{"href":"https:\/\/www.miomiorun.com\/de\/wp-json\/wp\/v2\/media?parent=173992"}],"wp:term":[{"taxonomy":"product_brand","embeddable":true,"href":"https:\/\/www.miomiorun.com\/de\/wp-json\/wp\/v2\/product_brand?post=173992"},{"taxonomy":"product_cat","embeddable":true,"href":"https:\/\/www.miomiorun.com\/de\/wp-json\/wp\/v2\/product_cat?post=173992"},{"taxonomy":"product_tag","embeddable":true,"href":"https:\/\/www.miomiorun.com\/de\/wp-json\/wp\/v2\/product_tag?post=173992"}],"curies":[{"name":"wp","href":"https:\/\/api.w.org\/{rel}","templated":true}]}}