{"id":173979,"date":"2020-04-07T11:15:54","date_gmt":"2020-04-07T09:15:54","guid":{"rendered":"https:\/\/miomiorun.com\/prodotto\/garmin-charge-power-pack\/"},"modified":"2025-03-07T15:52:12","modified_gmt":"2025-03-07T14:52:12","slug":"garmin-charge-power-pack","status":"publish","type":"product","link":"https:\/\/www.miomiorun.com\/de\/produkt\/garmin-charge-power-pack\/","title":{"rendered":"Charge\u2122 Power Pack"},"content":{"rendered":"<div class=\"top bottom\">\n<p>Setzen Sie Ihre Fahrt mit dem Garmin Charge Akkupack fort. Dieses externe Akkupaket wird direkt an den <a href=\"https:\/\/miomiorun.com\/edge-1030-plus\/\">Edge\u00ae 1030 plus<\/a> Fahrradcomputer angeschlossen und bietet eine zus\u00e4tzliche Akkulaufzeit von bis zu 24 Stunden. Er ist auch mit der neuen, vereinfachten Lenkerhalterung kompatibel.<\/p>\n<p>Du kannst das Garmin Charge Netzteil auch w\u00e4hrend der Aktivit\u00e4t aufladen, indem du es mit einem zus\u00e4tzlichen Kabel an ein beliebiges kompatibles Fitnessger\u00e4t anschlie\u00dft &#8211; einschlie\u00dflich Wearables und andere Fahrradcomputer. Schlie\u00dfen Sie das Netzteil mit einem USB-Ladekabel an und treten Sie weiter in die Pedale, ohne jemals anzuhalten.<\/p>\n<\/div>\n","protected":false},"excerpt":{"rendered":"<p>Setzen Sie Ihre Fahrt mit dem Garmin Charge Akkupack fort. Dieses externe Akkupaket wird direkt an den Edge\u00ae 1030 plus Fahrradcomputer angeschlossen und bietet eine zus\u00e4tzliche Akkulaufzeit von bis zu 24 Stunden. Er ist auch mit der neuen, vereinfachten Lenkerhalterung kompatibel. Du kannst das Garmin Charge Netzteil auch w\u00e4hrend der Aktivit\u00e4t aufladen, indem du es &hellip; <a href=\"https:\/\/www.miomiorun.com\/de\/produkt\/garmin-charge-power-pack\/\">Continued<\/a><\/p>\n","protected":false},"featured_media":51704,"template":"","meta":{"_acf_changed":false,"inline_featured_image":false},"product_brand":[],"product_cat":[3344,3345],"product_tag":[3346],"class_list":{"0":"post-173979","1":"product","2":"type-product","3":"status-publish","4":"has-post-thumbnail","6":"product_cat-garmin-de","7":"product_cat-zubehoer-de-2","8":"product_tag-garmin-de","9":"pa_marca-garmin-de","10":"pa_sesso-damen","11":"pa_sesso-herren","13":"first","14":"outofstock","15":"sale","16":"taxable","17":"shipping-taxable","18":"purchasable","19":"product-type-simple"},"acf":[],"yoast_head":"<!-- This site is optimized with the Yoast SEO plugin v26.8 - https:\/\/yoast.com\/product\/yoast-seo-wordpress\/ -->\n<title>Garmin Charge\u2122 Power Pack - Fahrradsensoren - MioMioRun<\/title>\n<meta name=\"description\" content=\"Setzen Sie Ihre Fahrt mit dem Garmin Charge Akkupack fort. Externer Akku f\u00fcr den Edge\u00ae 1030 mit bis zu 24 Stunden l\u00e4ngerer Akkulaufzeit.\" \/>\n<meta name=\"robots\" content=\"index, follow, max-snippet:-1, max-image-preview:large, max-video-preview:-1\" \/>\n<link rel=\"canonical\" href=\"https:\/\/www.miomiorun.com\/de\/produkt\/garmin-charge-power-pack\/\" \/>\n<meta property=\"og:locale\" content=\"de_DE\" \/>\n<meta property=\"og:type\" content=\"article\" \/>\n<meta property=\"og:title\" content=\"Garmin Charge\u2122 Power Pack - Fahrradsensoren - MioMioRun\" \/>\n<meta property=\"og:description\" content=\"Setzen Sie Ihre Fahrt mit dem Garmin Charge Akkupack fort. Externer Akku f\u00fcr den Edge\u00ae 1030 mit bis zu 24 Stunden l\u00e4ngerer Akkulaufzeit.\" \/>\n<meta property=\"og:url\" content=\"https:\/\/www.miomiorun.com\/de\/produkt\/garmin-charge-power-pack\/\" \/>\n<meta property=\"og:site_name\" content=\"MioMioRun\" \/>\n<meta property=\"article:publisher\" content=\"https:\/\/www.facebook.com\/miomiorun\/\" \/>\n<meta property=\"article:modified_time\" content=\"2025-03-07T14:52:12+00:00\" \/>\n<meta property=\"og:image\" content=\"https:\/\/www.miomiorun.com\/app\/uploads\/2020\/04\/Battery-pack.jpg\" \/>\n\t<meta property=\"og:image:width\" content=\"600\" \/>\n\t<meta property=\"og:image:height\" content=\"600\" \/>\n\t<meta property=\"og:image:type\" content=\"image\/jpeg\" \/>\n<meta name=\"twitter:card\" content=\"summary_large_image\" \/>\n<script type=\"application\/ld+json\" class=\"yoast-schema-graph\">{\"@context\":\"https:\/\/schema.org\",\"@graph\":[{\"@type\":\"WebPage\",\"@id\":\"https:\/\/www.miomiorun.com\/de\/produkt\/garmin-charge-power-pack\/\",\"url\":\"https:\/\/www.miomiorun.com\/de\/produkt\/garmin-charge-power-pack\/\",\"name\":\"Garmin Charge\u2122 Power Pack - Fahrradsensoren - MioMioRun\",\"isPartOf\":{\"@id\":\"https:\/\/www.miomiorun.com\/de\/#website\"},\"primaryImageOfPage\":{\"@id\":\"https:\/\/www.miomiorun.com\/de\/produkt\/garmin-charge-power-pack\/#primaryimage\"},\"image\":{\"@id\":\"https:\/\/www.miomiorun.com\/de\/produkt\/garmin-charge-power-pack\/#primaryimage\"},\"thumbnailUrl\":\"https:\/\/www.miomiorun.com\/app\/uploads\/2020\/04\/Battery-pack.jpg\",\"datePublished\":\"2020-04-07T09:15:54+00:00\",\"dateModified\":\"2025-03-07T14:52:12+00:00\",\"description\":\"Setzen Sie Ihre Fahrt mit dem Garmin Charge Akkupack fort. Externer Akku f\u00fcr den Edge\u00ae 1030 mit bis zu 24 Stunden l\u00e4ngerer Akkulaufzeit.\",\"breadcrumb\":{\"@id\":\"https:\/\/www.miomiorun.com\/de\/produkt\/garmin-charge-power-pack\/#breadcrumb\"},\"inLanguage\":\"de-DE\",\"potentialAction\":[{\"@type\":\"ReadAction\",\"target\":[\"https:\/\/www.miomiorun.com\/de\/produkt\/garmin-charge-power-pack\/\"]}]},{\"@type\":\"ImageObject\",\"inLanguage\":\"de-DE\",\"@id\":\"https:\/\/www.miomiorun.com\/de\/produkt\/garmin-charge-power-pack\/#primaryimage\",\"url\":\"https:\/\/www.miomiorun.com\/app\/uploads\/2020\/04\/Battery-pack.jpg\",\"contentUrl\":\"https:\/\/www.miomiorun.com\/app\/uploads\/2020\/04\/Battery-pack.jpg\",\"width\":600,\"height\":600,\"caption\":\"Battery-pack\"},{\"@type\":\"BreadcrumbList\",\"@id\":\"https:\/\/www.miomiorun.com\/de\/produkt\/garmin-charge-power-pack\/#breadcrumb\",\"itemListElement\":[{\"@type\":\"ListItem\",\"position\":1,\"name\":\"Home\",\"item\":\"https:\/\/www.miomiorun.com\/de\/\"},{\"@type\":\"ListItem\",\"position\":2,\"name\":\"Shop\",\"item\":\"https:\/\/www.miomiorun.com\/shop\/\"},{\"@type\":\"ListItem\",\"position\":3,\"name\":\"Charge\u2122 Power Pack\"}]},{\"@type\":\"WebSite\",\"@id\":\"https:\/\/www.miomiorun.com\/de\/#website\",\"url\":\"https:\/\/www.miomiorun.com\/de\/\",\"name\":\"MioMioRun\",\"description\":\"100% Lauf- und Trailshop\",\"publisher\":{\"@id\":\"https:\/\/www.miomiorun.com\/de\/#organization\"},\"potentialAction\":[{\"@type\":\"SearchAction\",\"target\":{\"@type\":\"EntryPoint\",\"urlTemplate\":\"https:\/\/www.miomiorun.com\/de\/?s={search_term_string}\"},\"query-input\":{\"@type\":\"PropertyValueSpecification\",\"valueRequired\":true,\"valueName\":\"search_term_string\"}}],\"inLanguage\":\"de-DE\"},{\"@type\":\"Organization\",\"@id\":\"https:\/\/www.miomiorun.com\/de\/#organization\",\"name\":\"MioMio Run\",\"url\":\"https:\/\/www.miomiorun.com\/de\/\",\"logo\":{\"@type\":\"ImageObject\",\"inLanguage\":\"de-DE\",\"@id\":\"https:\/\/www.miomiorun.com\/de\/#\/schema\/logo\/image\/\",\"url\":\"https:\/\/www.miomiorun.com\/app\/uploads\/2019\/12\/logomio.png\",\"contentUrl\":\"https:\/\/www.miomiorun.com\/app\/uploads\/2019\/12\/logomio.png\",\"width\":115,\"height\":82,\"caption\":\"MioMio Run\"},\"image\":{\"@id\":\"https:\/\/www.miomiorun.com\/de\/#\/schema\/logo\/image\/\"},\"sameAs\":[\"https:\/\/www.facebook.com\/miomiorun\/\",\"https:\/\/www.instagram.com\/miomiorun\/\"]}]}<\/script>\n<!-- \/ Yoast SEO plugin. -->","yoast_head_json":{"title":"Garmin Charge\u2122 Power Pack - Fahrradsensoren - MioMioRun","description":"Setzen Sie Ihre Fahrt mit dem Garmin Charge Akkupack fort. Externer Akku f\u00fcr den Edge\u00ae 1030 mit bis zu 24 Stunden l\u00e4ngerer Akkulaufzeit.","robots":{"index":"index","follow":"follow","max-snippet":"max-snippet:-1","max-image-preview":"max-image-preview:large","max-video-preview":"max-video-preview:-1"},"canonical":"https:\/\/www.miomiorun.com\/de\/produkt\/garmin-charge-power-pack\/","og_locale":"de_DE","og_type":"article","og_title":"Garmin Charge\u2122 Power Pack - Fahrradsensoren - MioMioRun","og_description":"Setzen Sie Ihre Fahrt mit dem Garmin Charge Akkupack fort. Externer Akku f\u00fcr den Edge\u00ae 1030 mit bis zu 24 Stunden l\u00e4ngerer Akkulaufzeit.","og_url":"https:\/\/www.miomiorun.com\/de\/produkt\/garmin-charge-power-pack\/","og_site_name":"MioMioRun","article_publisher":"https:\/\/www.facebook.com\/miomiorun\/","article_modified_time":"2025-03-07T14:52:12+00:00","og_image":[{"width":600,"height":600,"url":"https:\/\/www.miomiorun.com\/app\/uploads\/2020\/04\/Battery-pack.jpg","type":"image\/jpeg"}],"twitter_card":"summary_large_image","schema":{"@context":"https:\/\/schema.org","@graph":[{"@type":"WebPage","@id":"https:\/\/www.miomiorun.com\/de\/produkt\/garmin-charge-power-pack\/","url":"https:\/\/www.miomiorun.com\/de\/produkt\/garmin-charge-power-pack\/","name":"Garmin Charge\u2122 Power Pack - Fahrradsensoren - MioMioRun","isPartOf":{"@id":"https:\/\/www.miomiorun.com\/de\/#website"},"primaryImageOfPage":{"@id":"https:\/\/www.miomiorun.com\/de\/produkt\/garmin-charge-power-pack\/#primaryimage"},"image":{"@id":"https:\/\/www.miomiorun.com\/de\/produkt\/garmin-charge-power-pack\/#primaryimage"},"thumbnailUrl":"https:\/\/www.miomiorun.com\/app\/uploads\/2020\/04\/Battery-pack.jpg","datePublished":"2020-04-07T09:15:54+00:00","dateModified":"2025-03-07T14:52:12+00:00","description":"Setzen Sie Ihre Fahrt mit dem Garmin Charge Akkupack fort. Externer Akku f\u00fcr den Edge\u00ae 1030 mit bis zu 24 Stunden l\u00e4ngerer Akkulaufzeit.","breadcrumb":{"@id":"https:\/\/www.miomiorun.com\/de\/produkt\/garmin-charge-power-pack\/#breadcrumb"},"inLanguage":"de-DE","potentialAction":[{"@type":"ReadAction","target":["https:\/\/www.miomiorun.com\/de\/produkt\/garmin-charge-power-pack\/"]}]},{"@type":"ImageObject","inLanguage":"de-DE","@id":"https:\/\/www.miomiorun.com\/de\/produkt\/garmin-charge-power-pack\/#primaryimage","url":"https:\/\/www.miomiorun.com\/app\/uploads\/2020\/04\/Battery-pack.jpg","contentUrl":"https:\/\/www.miomiorun.com\/app\/uploads\/2020\/04\/Battery-pack.jpg","width":600,"height":600,"caption":"Battery-pack"},{"@type":"BreadcrumbList","@id":"https:\/\/www.miomiorun.com\/de\/produkt\/garmin-charge-power-pack\/#breadcrumb","itemListElement":[{"@type":"ListItem","position":1,"name":"Home","item":"https:\/\/www.miomiorun.com\/de\/"},{"@type":"ListItem","position":2,"name":"Shop","item":"https:\/\/www.miomiorun.com\/shop\/"},{"@type":"ListItem","position":3,"name":"Charge\u2122 Power Pack"}]},{"@type":"WebSite","@id":"https:\/\/www.miomiorun.com\/de\/#website","url":"https:\/\/www.miomiorun.com\/de\/","name":"MioMioRun","description":"100% Lauf- und Trailshop","publisher":{"@id":"https:\/\/www.miomiorun.com\/de\/#organization"},"potentialAction":[{"@type":"SearchAction","target":{"@type":"EntryPoint","urlTemplate":"https:\/\/www.miomiorun.com\/de\/?s={search_term_string}"},"query-input":{"@type":"PropertyValueSpecification","valueRequired":true,"valueName":"search_term_string"}}],"inLanguage":"de-DE"},{"@type":"Organization","@id":"https:\/\/www.miomiorun.com\/de\/#organization","name":"MioMio Run","url":"https:\/\/www.miomiorun.com\/de\/","logo":{"@type":"ImageObject","inLanguage":"de-DE","@id":"https:\/\/www.miomiorun.com\/de\/#\/schema\/logo\/image\/","url":"https:\/\/www.miomiorun.com\/app\/uploads\/2019\/12\/logomio.png","contentUrl":"https:\/\/www.miomiorun.com\/app\/uploads\/2019\/12\/logomio.png","width":115,"height":82,"caption":"MioMio Run"},"image":{"@id":"https:\/\/www.miomiorun.com\/de\/#\/schema\/logo\/image\/"},"sameAs":["https:\/\/www.facebook.com\/miomiorun\/","https:\/\/www.instagram.com\/miomiorun\/"]}]}},"_links":{"self":[{"href":"https:\/\/www.miomiorun.com\/de\/wp-json\/wp\/v2\/product\/173979","targetHints":{"allow":["GET"]}}],"collection":[{"href":"https:\/\/www.miomiorun.com\/de\/wp-json\/wp\/v2\/product"}],"about":[{"href":"https:\/\/www.miomiorun.com\/de\/wp-json\/wp\/v2\/types\/product"}],"wp:featuredmedia":[{"embeddable":true,"href":"https:\/\/www.miomiorun.com\/de\/wp-json\/wp\/v2\/media\/51704"}],"wp:attachment":[{"href":"https:\/\/www.miomiorun.com\/de\/wp-json\/wp\/v2\/media?parent=173979"}],"wp:term":[{"taxonomy":"product_brand","embeddable":true,"href":"https:\/\/www.miomiorun.com\/de\/wp-json\/wp\/v2\/product_brand?post=173979"},{"taxonomy":"product_cat","embeddable":true,"href":"https:\/\/www.miomiorun.com\/de\/wp-json\/wp\/v2\/product_cat?post=173979"},{"taxonomy":"product_tag","embeddable":true,"href":"https:\/\/www.miomiorun.com\/de\/wp-json\/wp\/v2\/product_tag?post=173979"}],"curies":[{"name":"wp","href":"https:\/\/api.w.org\/{rel}","templated":true}]}}