{"id":173962,"date":"2020-04-10T09:10:18","date_gmt":"2020-04-10T07:10:18","guid":{"rendered":"https:\/\/miomiorun.com\/prodotto\/garmin-cinturini-a-rilascio-rapido20-mm\/"},"modified":"2025-04-16T17:46:08","modified_gmt":"2025-04-16T15:46:08","slug":"garmin-schnellspanngurte-20-mm","status":"publish","type":"product","link":"https:\/\/www.miomiorun.com\/de\/produkt\/garmin-schnellspanngurte-20-mm\/","title":{"rendered":"Schnellspanngurte (20 mm)"},"content":{"rendered":"<p>Genie\u00dfen Sie die Eleganz und Funktionalit\u00e4t dieser verstellbaren Schnellwechselarmb\u00e4nder f\u00fcr Ihre kompatible Garmin-Uhr. L\u00f6sen Sie die Armb\u00e4nder einfach durch Verschieben des Riegels und bringen Sie andere an, um Ihr Accessoire individuell zu gestalten.<\/p>\n","protected":false},"excerpt":{"rendered":"<p id=\"js__product__info__variation\" class=\"app__product__info__subtitle\">Silikonarmband mit Komponenten aus Edelstahl<\/p>\n","protected":false},"featured_media":51760,"template":"","meta":{"_acf_changed":false,"inline_featured_image":false},"product_brand":[],"product_cat":[3344,3345],"product_tag":[3346],"class_list":{"0":"post-173962","1":"product","2":"type-product","3":"status-publish","4":"has-post-thumbnail","6":"product_cat-garmin-de","7":"product_cat-zubehoer-de-2","8":"product_tag-garmin-de","9":"pa_colore-cinturini-quick-release-20-mm-black","10":"pa_colore-cinturino-20mm-bianco-de","11":"pa_colore-cinturino-20mm-quick-release-ivory-de","12":"pa_colore-cinturino-20mm-translucent-bone-mango-de","13":"pa_colore-cinturino-20mm-vivoactive-5-de","14":"pa_colore-cinturino-azzurro-for55-de","15":"pa_colore-cinturino-for570-white-de","16":"pa_colore-cinturino-quickrelease-20-mm-light-sand-de","17":"pa_colore-cinturino-vivoactive-5-20mm-navy-de","18":"pa_colore-quick-release-20-mm-neo-tropic-de","19":"pa_colore-quick-release-20mm-de","20":"pa_colore-ultrafit-nylon-20mm-de","21":"pa_colore-cinturino-quickrelease-20-mm-merlot-de","22":"pa_colore-quickrelease-20-mm-black-slate-de","23":"pa_colore-quickrelease-20-mm-white-de","24":"pa_marca-garmin-de","25":"pa_sesso-damen","26":"pa_sesso-herren","28":"first","29":"instock","30":"sale","31":"taxable","32":"shipping-taxable","33":"purchasable","34":"product-type-variable","35":"wvs-archive-product-wrapper"},"acf":[],"yoast_head":"<!-- This site is optimized with the Yoast SEO plugin v26.8 - https:\/\/yoast.com\/product\/yoast-seo-wordpress\/ -->\n<title>Garmin Schnellspanngurte (20 mm) - MioMioRun<\/title>\n<meta name=\"description\" content=\"Genie\u00dfen Sie die Eleganz und Funktionalit\u00e4t dieser verstellbaren Armb\u00e4nder mit Schnellverschluss f\u00fcr Ihre kompatible Garmin-Uhr.\" \/>\n<meta name=\"robots\" content=\"index, follow, max-snippet:-1, max-image-preview:large, max-video-preview:-1\" \/>\n<link rel=\"canonical\" href=\"https:\/\/www.miomiorun.com\/de\/produkt\/garmin-schnellspanngurte-20-mm\/\" \/>\n<meta property=\"og:locale\" content=\"de_DE\" \/>\n<meta property=\"og:type\" content=\"article\" \/>\n<meta property=\"og:title\" content=\"Garmin Schnellspanngurte (20 mm) - MioMioRun\" \/>\n<meta property=\"og:description\" content=\"Genie\u00dfen Sie die Eleganz und Funktionalit\u00e4t dieser verstellbaren Armb\u00e4nder mit Schnellverschluss f\u00fcr Ihre kompatible Garmin-Uhr.\" \/>\n<meta property=\"og:url\" content=\"https:\/\/www.miomiorun.com\/de\/produkt\/garmin-schnellspanngurte-20-mm\/\" \/>\n<meta property=\"og:site_name\" content=\"MioMioRun\" \/>\n<meta property=\"article:publisher\" content=\"https:\/\/www.facebook.com\/miomiorun\/\" \/>\n<meta property=\"article:modified_time\" content=\"2025-04-16T15:46:08+00:00\" \/>\n<meta property=\"og:image\" content=\"https:\/\/www.miomiorun.com\/app\/uploads\/2020\/04\/Cinturino-For245-aqua.jpg\" \/>\n\t<meta property=\"og:image:width\" content=\"600\" \/>\n\t<meta property=\"og:image:height\" content=\"600\" \/>\n\t<meta property=\"og:image:type\" content=\"image\/jpeg\" \/>\n<meta name=\"twitter:card\" content=\"summary_large_image\" \/>\n<script type=\"application\/ld+json\" class=\"yoast-schema-graph\">{\"@context\":\"https:\/\/schema.org\",\"@graph\":[{\"@type\":\"WebPage\",\"@id\":\"https:\/\/www.miomiorun.com\/de\/produkt\/garmin-schnellspanngurte-20-mm\/\",\"url\":\"https:\/\/www.miomiorun.com\/de\/produkt\/garmin-schnellspanngurte-20-mm\/\",\"name\":\"Garmin Schnellspanngurte (20 mm) - MioMioRun\",\"isPartOf\":{\"@id\":\"https:\/\/www.miomiorun.com\/de\/#website\"},\"primaryImageOfPage\":{\"@id\":\"https:\/\/www.miomiorun.com\/de\/produkt\/garmin-schnellspanngurte-20-mm\/#primaryimage\"},\"image\":{\"@id\":\"https:\/\/www.miomiorun.com\/de\/produkt\/garmin-schnellspanngurte-20-mm\/#primaryimage\"},\"thumbnailUrl\":\"https:\/\/www.miomiorun.com\/app\/uploads\/2020\/04\/Cinturino-For245-aqua.jpg\",\"datePublished\":\"2020-04-10T07:10:18+00:00\",\"dateModified\":\"2025-04-16T15:46:08+00:00\",\"description\":\"Genie\u00dfen Sie die Eleganz und Funktionalit\u00e4t dieser verstellbaren Armb\u00e4nder mit Schnellverschluss f\u00fcr Ihre kompatible Garmin-Uhr.\",\"breadcrumb\":{\"@id\":\"https:\/\/www.miomiorun.com\/de\/produkt\/garmin-schnellspanngurte-20-mm\/#breadcrumb\"},\"inLanguage\":\"de-DE\",\"potentialAction\":[{\"@type\":\"ReadAction\",\"target\":[\"https:\/\/www.miomiorun.com\/de\/produkt\/garmin-schnellspanngurte-20-mm\/\"]}]},{\"@type\":\"ImageObject\",\"inLanguage\":\"de-DE\",\"@id\":\"https:\/\/www.miomiorun.com\/de\/produkt\/garmin-schnellspanngurte-20-mm\/#primaryimage\",\"url\":\"https:\/\/www.miomiorun.com\/app\/uploads\/2020\/04\/Cinturino-For245-aqua.jpg\",\"contentUrl\":\"https:\/\/www.miomiorun.com\/app\/uploads\/2020\/04\/Cinturino-For245-aqua.jpg\",\"width\":600,\"height\":600,\"caption\":\"Cinturino-For245-aqua\"},{\"@type\":\"BreadcrumbList\",\"@id\":\"https:\/\/www.miomiorun.com\/de\/produkt\/garmin-schnellspanngurte-20-mm\/#breadcrumb\",\"itemListElement\":[{\"@type\":\"ListItem\",\"position\":1,\"name\":\"Home\",\"item\":\"https:\/\/www.miomiorun.com\/de\/\"},{\"@type\":\"ListItem\",\"position\":2,\"name\":\"Shop\",\"item\":\"https:\/\/www.miomiorun.com\/shop\/\"},{\"@type\":\"ListItem\",\"position\":3,\"name\":\"Schnellspanngurte (20 mm)\"}]},{\"@type\":\"WebSite\",\"@id\":\"https:\/\/www.miomiorun.com\/de\/#website\",\"url\":\"https:\/\/www.miomiorun.com\/de\/\",\"name\":\"MioMioRun\",\"description\":\"100% Lauf- und Trailshop\",\"publisher\":{\"@id\":\"https:\/\/www.miomiorun.com\/de\/#organization\"},\"potentialAction\":[{\"@type\":\"SearchAction\",\"target\":{\"@type\":\"EntryPoint\",\"urlTemplate\":\"https:\/\/www.miomiorun.com\/de\/?s={search_term_string}\"},\"query-input\":{\"@type\":\"PropertyValueSpecification\",\"valueRequired\":true,\"valueName\":\"search_term_string\"}}],\"inLanguage\":\"de-DE\"},{\"@type\":\"Organization\",\"@id\":\"https:\/\/www.miomiorun.com\/de\/#organization\",\"name\":\"MioMio Run\",\"url\":\"https:\/\/www.miomiorun.com\/de\/\",\"logo\":{\"@type\":\"ImageObject\",\"inLanguage\":\"de-DE\",\"@id\":\"https:\/\/www.miomiorun.com\/de\/#\/schema\/logo\/image\/\",\"url\":\"https:\/\/www.miomiorun.com\/app\/uploads\/2019\/12\/logomio.png\",\"contentUrl\":\"https:\/\/www.miomiorun.com\/app\/uploads\/2019\/12\/logomio.png\",\"width\":115,\"height\":82,\"caption\":\"MioMio Run\"},\"image\":{\"@id\":\"https:\/\/www.miomiorun.com\/de\/#\/schema\/logo\/image\/\"},\"sameAs\":[\"https:\/\/www.facebook.com\/miomiorun\/\",\"https:\/\/www.instagram.com\/miomiorun\/\"]}]}<\/script>\n<!-- \/ Yoast SEO plugin. -->","yoast_head_json":{"title":"Garmin Schnellspanngurte (20 mm) - MioMioRun","description":"Genie\u00dfen Sie die Eleganz und Funktionalit\u00e4t dieser verstellbaren Armb\u00e4nder mit Schnellverschluss f\u00fcr Ihre kompatible Garmin-Uhr.","robots":{"index":"index","follow":"follow","max-snippet":"max-snippet:-1","max-image-preview":"max-image-preview:large","max-video-preview":"max-video-preview:-1"},"canonical":"https:\/\/www.miomiorun.com\/de\/produkt\/garmin-schnellspanngurte-20-mm\/","og_locale":"de_DE","og_type":"article","og_title":"Garmin Schnellspanngurte (20 mm) - MioMioRun","og_description":"Genie\u00dfen Sie die Eleganz und Funktionalit\u00e4t dieser verstellbaren Armb\u00e4nder mit Schnellverschluss f\u00fcr Ihre kompatible Garmin-Uhr.","og_url":"https:\/\/www.miomiorun.com\/de\/produkt\/garmin-schnellspanngurte-20-mm\/","og_site_name":"MioMioRun","article_publisher":"https:\/\/www.facebook.com\/miomiorun\/","article_modified_time":"2025-04-16T15:46:08+00:00","og_image":[{"width":600,"height":600,"url":"https:\/\/www.miomiorun.com\/app\/uploads\/2020\/04\/Cinturino-For245-aqua.jpg","type":"image\/jpeg"}],"twitter_card":"summary_large_image","schema":{"@context":"https:\/\/schema.org","@graph":[{"@type":"WebPage","@id":"https:\/\/www.miomiorun.com\/de\/produkt\/garmin-schnellspanngurte-20-mm\/","url":"https:\/\/www.miomiorun.com\/de\/produkt\/garmin-schnellspanngurte-20-mm\/","name":"Garmin Schnellspanngurte (20 mm) - MioMioRun","isPartOf":{"@id":"https:\/\/www.miomiorun.com\/de\/#website"},"primaryImageOfPage":{"@id":"https:\/\/www.miomiorun.com\/de\/produkt\/garmin-schnellspanngurte-20-mm\/#primaryimage"},"image":{"@id":"https:\/\/www.miomiorun.com\/de\/produkt\/garmin-schnellspanngurte-20-mm\/#primaryimage"},"thumbnailUrl":"https:\/\/www.miomiorun.com\/app\/uploads\/2020\/04\/Cinturino-For245-aqua.jpg","datePublished":"2020-04-10T07:10:18+00:00","dateModified":"2025-04-16T15:46:08+00:00","description":"Genie\u00dfen Sie die Eleganz und Funktionalit\u00e4t dieser verstellbaren Armb\u00e4nder mit Schnellverschluss f\u00fcr Ihre kompatible Garmin-Uhr.","breadcrumb":{"@id":"https:\/\/www.miomiorun.com\/de\/produkt\/garmin-schnellspanngurte-20-mm\/#breadcrumb"},"inLanguage":"de-DE","potentialAction":[{"@type":"ReadAction","target":["https:\/\/www.miomiorun.com\/de\/produkt\/garmin-schnellspanngurte-20-mm\/"]}]},{"@type":"ImageObject","inLanguage":"de-DE","@id":"https:\/\/www.miomiorun.com\/de\/produkt\/garmin-schnellspanngurte-20-mm\/#primaryimage","url":"https:\/\/www.miomiorun.com\/app\/uploads\/2020\/04\/Cinturino-For245-aqua.jpg","contentUrl":"https:\/\/www.miomiorun.com\/app\/uploads\/2020\/04\/Cinturino-For245-aqua.jpg","width":600,"height":600,"caption":"Cinturino-For245-aqua"},{"@type":"BreadcrumbList","@id":"https:\/\/www.miomiorun.com\/de\/produkt\/garmin-schnellspanngurte-20-mm\/#breadcrumb","itemListElement":[{"@type":"ListItem","position":1,"name":"Home","item":"https:\/\/www.miomiorun.com\/de\/"},{"@type":"ListItem","position":2,"name":"Shop","item":"https:\/\/www.miomiorun.com\/shop\/"},{"@type":"ListItem","position":3,"name":"Schnellspanngurte (20 mm)"}]},{"@type":"WebSite","@id":"https:\/\/www.miomiorun.com\/de\/#website","url":"https:\/\/www.miomiorun.com\/de\/","name":"MioMioRun","description":"100% Lauf- und Trailshop","publisher":{"@id":"https:\/\/www.miomiorun.com\/de\/#organization"},"potentialAction":[{"@type":"SearchAction","target":{"@type":"EntryPoint","urlTemplate":"https:\/\/www.miomiorun.com\/de\/?s={search_term_string}"},"query-input":{"@type":"PropertyValueSpecification","valueRequired":true,"valueName":"search_term_string"}}],"inLanguage":"de-DE"},{"@type":"Organization","@id":"https:\/\/www.miomiorun.com\/de\/#organization","name":"MioMio Run","url":"https:\/\/www.miomiorun.com\/de\/","logo":{"@type":"ImageObject","inLanguage":"de-DE","@id":"https:\/\/www.miomiorun.com\/de\/#\/schema\/logo\/image\/","url":"https:\/\/www.miomiorun.com\/app\/uploads\/2019\/12\/logomio.png","contentUrl":"https:\/\/www.miomiorun.com\/app\/uploads\/2019\/12\/logomio.png","width":115,"height":82,"caption":"MioMio Run"},"image":{"@id":"https:\/\/www.miomiorun.com\/de\/#\/schema\/logo\/image\/"},"sameAs":["https:\/\/www.facebook.com\/miomiorun\/","https:\/\/www.instagram.com\/miomiorun\/"]}]}},"_links":{"self":[{"href":"https:\/\/www.miomiorun.com\/de\/wp-json\/wp\/v2\/product\/173962","targetHints":{"allow":["GET"]}}],"collection":[{"href":"https:\/\/www.miomiorun.com\/de\/wp-json\/wp\/v2\/product"}],"about":[{"href":"https:\/\/www.miomiorun.com\/de\/wp-json\/wp\/v2\/types\/product"}],"wp:featuredmedia":[{"embeddable":true,"href":"https:\/\/www.miomiorun.com\/de\/wp-json\/wp\/v2\/media\/51760"}],"wp:attachment":[{"href":"https:\/\/www.miomiorun.com\/de\/wp-json\/wp\/v2\/media?parent=173962"}],"wp:term":[{"taxonomy":"product_brand","embeddable":true,"href":"https:\/\/www.miomiorun.com\/de\/wp-json\/wp\/v2\/product_brand?post=173962"},{"taxonomy":"product_cat","embeddable":true,"href":"https:\/\/www.miomiorun.com\/de\/wp-json\/wp\/v2\/product_cat?post=173962"},{"taxonomy":"product_tag","embeddable":true,"href":"https:\/\/www.miomiorun.com\/de\/wp-json\/wp\/v2\/product_tag?post=173962"}],"curies":[{"name":"wp","href":"https:\/\/api.w.org\/{rel}","templated":true}]}}