{"id":173924,"date":"2020-04-10T12:03:29","date_gmt":"2020-04-10T10:03:29","guid":{"rendered":"https:\/\/miomiorun.com\/prodotto\/garmin-staffa-manubrio-a-livello\/"},"modified":"2025-04-16T17:35:54","modified_gmt":"2025-04-16T15:35:54","slug":"garmin-ebene-lenkerhalterung","status":"publish","type":"product","link":"https:\/\/www.miomiorun.com\/de\/produkt\/garmin-ebene-lenkerhalterung\/","title":{"rendered":"Ebene Lenkerhalterung"},"content":{"rendered":"<p>Mit dieser verl\u00e4ngerten Frontlenkerhalterung sind Sie der Konkurrenz immer einen Schritt voraus und k\u00f6nnen alle Vorteile des Edge genie\u00dfen, ohne Ihr Fahrrad zu beeintr\u00e4chtigen. Diese verl\u00e4ngerte Armhalterung erm\u00f6glicht Ihnen eine aufrechte und bequeme Position f\u00fcr eine einfachere \u00dcberwachung und mehr Sicherheit.<\/p>\n","protected":false},"excerpt":{"rendered":"<p>Mit dieser verl\u00e4ngerten Frontlenkerhalterung sind Sie der Konkurrenz immer einen Schritt voraus und k\u00f6nnen alle Vorteile des Edge genie\u00dfen, ohne Ihr Fahrrad zu beeintr\u00e4chtigen. Diese verl\u00e4ngerte Armhalterung erm\u00f6glicht Ihnen eine aufrechte und bequeme Position f\u00fcr eine einfachere \u00dcberwachung und mehr Sicherheit.<\/p>\n","protected":false},"featured_media":51768,"template":"","meta":{"_acf_changed":false,"inline_featured_image":false},"product_brand":[],"product_cat":[3344,3345],"product_tag":[3346],"class_list":{"0":"post-173924","1":"product","2":"type-product","3":"status-publish","4":"has-post-thumbnail","6":"product_cat-garmin-de","7":"product_cat-zubehoer-de-2","8":"product_tag-garmin-de","9":"pa_marca-garmin-de","10":"pa_sesso-damen","11":"pa_sesso-herren","13":"first","14":"outofstock","15":"sale","16":"taxable","17":"shipping-taxable","18":"purchasable","19":"product-type-simple"},"acf":[],"yoast_head":"<!-- This site is optimized with the Yoast SEO plugin v26.8 - https:\/\/yoast.com\/product\/yoast-seo-wordpress\/ -->\n<title>Garmin Ebene Lenkerhalterung - Fahrradzubeh\u00f6r- MioMioRun<\/title>\n<meta name=\"description\" content=\"Mit dieser verl\u00e4ngerten Frontlenkerhalterung bleiben Sie an der Spitze des Feldes und k\u00f6nnen alle Vorteile Ihres Edge genie\u00dfen.\" \/>\n<meta name=\"robots\" content=\"index, follow, max-snippet:-1, max-image-preview:large, max-video-preview:-1\" \/>\n<link rel=\"canonical\" href=\"https:\/\/www.miomiorun.com\/de\/produkt\/garmin-ebene-lenkerhalterung\/\" \/>\n<meta property=\"og:locale\" content=\"de_DE\" \/>\n<meta property=\"og:type\" content=\"article\" \/>\n<meta property=\"og:title\" content=\"Garmin Ebene Lenkerhalterung - Fahrradzubeh\u00f6r- MioMioRun\" \/>\n<meta property=\"og:description\" content=\"Mit dieser verl\u00e4ngerten Frontlenkerhalterung bleiben Sie an der Spitze des Feldes und k\u00f6nnen alle Vorteile Ihres Edge genie\u00dfen.\" \/>\n<meta property=\"og:url\" content=\"https:\/\/www.miomiorun.com\/de\/produkt\/garmin-ebene-lenkerhalterung\/\" \/>\n<meta property=\"og:site_name\" content=\"MioMioRun\" \/>\n<meta property=\"article:publisher\" content=\"https:\/\/www.facebook.com\/miomiorun\/\" \/>\n<meta property=\"article:modified_time\" content=\"2025-04-16T15:35:54+00:00\" \/>\n<meta property=\"og:image\" content=\"https:\/\/www.miomiorun.com\/app\/uploads\/2020\/04\/Staffa-manubrio-a-livello.jpg\" \/>\n\t<meta property=\"og:image:width\" content=\"600\" \/>\n\t<meta property=\"og:image:height\" content=\"600\" \/>\n\t<meta property=\"og:image:type\" content=\"image\/jpeg\" \/>\n<meta name=\"twitter:card\" content=\"summary_large_image\" \/>\n<script type=\"application\/ld+json\" class=\"yoast-schema-graph\">{\"@context\":\"https:\/\/schema.org\",\"@graph\":[{\"@type\":\"WebPage\",\"@id\":\"https:\/\/www.miomiorun.com\/de\/produkt\/garmin-ebene-lenkerhalterung\/\",\"url\":\"https:\/\/www.miomiorun.com\/de\/produkt\/garmin-ebene-lenkerhalterung\/\",\"name\":\"Garmin Ebene Lenkerhalterung - Fahrradzubeh\u00f6r- MioMioRun\",\"isPartOf\":{\"@id\":\"https:\/\/www.miomiorun.com\/de\/#website\"},\"primaryImageOfPage\":{\"@id\":\"https:\/\/www.miomiorun.com\/de\/produkt\/garmin-ebene-lenkerhalterung\/#primaryimage\"},\"image\":{\"@id\":\"https:\/\/www.miomiorun.com\/de\/produkt\/garmin-ebene-lenkerhalterung\/#primaryimage\"},\"thumbnailUrl\":\"https:\/\/www.miomiorun.com\/app\/uploads\/2020\/04\/Staffa-manubrio-a-livello.jpg\",\"datePublished\":\"2020-04-10T10:03:29+00:00\",\"dateModified\":\"2025-04-16T15:35:54+00:00\",\"description\":\"Mit dieser verl\u00e4ngerten Frontlenkerhalterung bleiben Sie an der Spitze des Feldes und k\u00f6nnen alle Vorteile Ihres Edge genie\u00dfen.\",\"breadcrumb\":{\"@id\":\"https:\/\/www.miomiorun.com\/de\/produkt\/garmin-ebene-lenkerhalterung\/#breadcrumb\"},\"inLanguage\":\"de-DE\",\"potentialAction\":[{\"@type\":\"ReadAction\",\"target\":[\"https:\/\/www.miomiorun.com\/de\/produkt\/garmin-ebene-lenkerhalterung\/\"]}]},{\"@type\":\"ImageObject\",\"inLanguage\":\"de-DE\",\"@id\":\"https:\/\/www.miomiorun.com\/de\/produkt\/garmin-ebene-lenkerhalterung\/#primaryimage\",\"url\":\"https:\/\/www.miomiorun.com\/app\/uploads\/2020\/04\/Staffa-manubrio-a-livello.jpg\",\"contentUrl\":\"https:\/\/www.miomiorun.com\/app\/uploads\/2020\/04\/Staffa-manubrio-a-livello.jpg\",\"width\":600,\"height\":600,\"caption\":\"Staffa-manubrio-a-livello\"},{\"@type\":\"BreadcrumbList\",\"@id\":\"https:\/\/www.miomiorun.com\/de\/produkt\/garmin-ebene-lenkerhalterung\/#breadcrumb\",\"itemListElement\":[{\"@type\":\"ListItem\",\"position\":1,\"name\":\"Home\",\"item\":\"https:\/\/www.miomiorun.com\/de\/\"},{\"@type\":\"ListItem\",\"position\":2,\"name\":\"Shop\",\"item\":\"https:\/\/www.miomiorun.com\/shop\/\"},{\"@type\":\"ListItem\",\"position\":3,\"name\":\"Ebene Lenkerhalterung\"}]},{\"@type\":\"WebSite\",\"@id\":\"https:\/\/www.miomiorun.com\/de\/#website\",\"url\":\"https:\/\/www.miomiorun.com\/de\/\",\"name\":\"MioMioRun\",\"description\":\"100% Lauf- und Trailshop\",\"publisher\":{\"@id\":\"https:\/\/www.miomiorun.com\/de\/#organization\"},\"potentialAction\":[{\"@type\":\"SearchAction\",\"target\":{\"@type\":\"EntryPoint\",\"urlTemplate\":\"https:\/\/www.miomiorun.com\/de\/?s={search_term_string}\"},\"query-input\":{\"@type\":\"PropertyValueSpecification\",\"valueRequired\":true,\"valueName\":\"search_term_string\"}}],\"inLanguage\":\"de-DE\"},{\"@type\":\"Organization\",\"@id\":\"https:\/\/www.miomiorun.com\/de\/#organization\",\"name\":\"MioMio Run\",\"url\":\"https:\/\/www.miomiorun.com\/de\/\",\"logo\":{\"@type\":\"ImageObject\",\"inLanguage\":\"de-DE\",\"@id\":\"https:\/\/www.miomiorun.com\/de\/#\/schema\/logo\/image\/\",\"url\":\"https:\/\/www.miomiorun.com\/app\/uploads\/2019\/12\/logomio.png\",\"contentUrl\":\"https:\/\/www.miomiorun.com\/app\/uploads\/2019\/12\/logomio.png\",\"width\":115,\"height\":82,\"caption\":\"MioMio Run\"},\"image\":{\"@id\":\"https:\/\/www.miomiorun.com\/de\/#\/schema\/logo\/image\/\"},\"sameAs\":[\"https:\/\/www.facebook.com\/miomiorun\/\",\"https:\/\/www.instagram.com\/miomiorun\/\"]}]}<\/script>\n<!-- \/ Yoast SEO plugin. -->","yoast_head_json":{"title":"Garmin Ebene Lenkerhalterung - Fahrradzubeh\u00f6r- MioMioRun","description":"Mit dieser verl\u00e4ngerten Frontlenkerhalterung bleiben Sie an der Spitze des Feldes und k\u00f6nnen alle Vorteile Ihres Edge genie\u00dfen.","robots":{"index":"index","follow":"follow","max-snippet":"max-snippet:-1","max-image-preview":"max-image-preview:large","max-video-preview":"max-video-preview:-1"},"canonical":"https:\/\/www.miomiorun.com\/de\/produkt\/garmin-ebene-lenkerhalterung\/","og_locale":"de_DE","og_type":"article","og_title":"Garmin Ebene Lenkerhalterung - Fahrradzubeh\u00f6r- MioMioRun","og_description":"Mit dieser verl\u00e4ngerten Frontlenkerhalterung bleiben Sie an der Spitze des Feldes und k\u00f6nnen alle Vorteile Ihres Edge genie\u00dfen.","og_url":"https:\/\/www.miomiorun.com\/de\/produkt\/garmin-ebene-lenkerhalterung\/","og_site_name":"MioMioRun","article_publisher":"https:\/\/www.facebook.com\/miomiorun\/","article_modified_time":"2025-04-16T15:35:54+00:00","og_image":[{"width":600,"height":600,"url":"https:\/\/www.miomiorun.com\/app\/uploads\/2020\/04\/Staffa-manubrio-a-livello.jpg","type":"image\/jpeg"}],"twitter_card":"summary_large_image","schema":{"@context":"https:\/\/schema.org","@graph":[{"@type":"WebPage","@id":"https:\/\/www.miomiorun.com\/de\/produkt\/garmin-ebene-lenkerhalterung\/","url":"https:\/\/www.miomiorun.com\/de\/produkt\/garmin-ebene-lenkerhalterung\/","name":"Garmin Ebene Lenkerhalterung - Fahrradzubeh\u00f6r- MioMioRun","isPartOf":{"@id":"https:\/\/www.miomiorun.com\/de\/#website"},"primaryImageOfPage":{"@id":"https:\/\/www.miomiorun.com\/de\/produkt\/garmin-ebene-lenkerhalterung\/#primaryimage"},"image":{"@id":"https:\/\/www.miomiorun.com\/de\/produkt\/garmin-ebene-lenkerhalterung\/#primaryimage"},"thumbnailUrl":"https:\/\/www.miomiorun.com\/app\/uploads\/2020\/04\/Staffa-manubrio-a-livello.jpg","datePublished":"2020-04-10T10:03:29+00:00","dateModified":"2025-04-16T15:35:54+00:00","description":"Mit dieser verl\u00e4ngerten Frontlenkerhalterung bleiben Sie an der Spitze des Feldes und k\u00f6nnen alle Vorteile Ihres Edge genie\u00dfen.","breadcrumb":{"@id":"https:\/\/www.miomiorun.com\/de\/produkt\/garmin-ebene-lenkerhalterung\/#breadcrumb"},"inLanguage":"de-DE","potentialAction":[{"@type":"ReadAction","target":["https:\/\/www.miomiorun.com\/de\/produkt\/garmin-ebene-lenkerhalterung\/"]}]},{"@type":"ImageObject","inLanguage":"de-DE","@id":"https:\/\/www.miomiorun.com\/de\/produkt\/garmin-ebene-lenkerhalterung\/#primaryimage","url":"https:\/\/www.miomiorun.com\/app\/uploads\/2020\/04\/Staffa-manubrio-a-livello.jpg","contentUrl":"https:\/\/www.miomiorun.com\/app\/uploads\/2020\/04\/Staffa-manubrio-a-livello.jpg","width":600,"height":600,"caption":"Staffa-manubrio-a-livello"},{"@type":"BreadcrumbList","@id":"https:\/\/www.miomiorun.com\/de\/produkt\/garmin-ebene-lenkerhalterung\/#breadcrumb","itemListElement":[{"@type":"ListItem","position":1,"name":"Home","item":"https:\/\/www.miomiorun.com\/de\/"},{"@type":"ListItem","position":2,"name":"Shop","item":"https:\/\/www.miomiorun.com\/shop\/"},{"@type":"ListItem","position":3,"name":"Ebene Lenkerhalterung"}]},{"@type":"WebSite","@id":"https:\/\/www.miomiorun.com\/de\/#website","url":"https:\/\/www.miomiorun.com\/de\/","name":"MioMioRun","description":"100% Lauf- und Trailshop","publisher":{"@id":"https:\/\/www.miomiorun.com\/de\/#organization"},"potentialAction":[{"@type":"SearchAction","target":{"@type":"EntryPoint","urlTemplate":"https:\/\/www.miomiorun.com\/de\/?s={search_term_string}"},"query-input":{"@type":"PropertyValueSpecification","valueRequired":true,"valueName":"search_term_string"}}],"inLanguage":"de-DE"},{"@type":"Organization","@id":"https:\/\/www.miomiorun.com\/de\/#organization","name":"MioMio Run","url":"https:\/\/www.miomiorun.com\/de\/","logo":{"@type":"ImageObject","inLanguage":"de-DE","@id":"https:\/\/www.miomiorun.com\/de\/#\/schema\/logo\/image\/","url":"https:\/\/www.miomiorun.com\/app\/uploads\/2019\/12\/logomio.png","contentUrl":"https:\/\/www.miomiorun.com\/app\/uploads\/2019\/12\/logomio.png","width":115,"height":82,"caption":"MioMio Run"},"image":{"@id":"https:\/\/www.miomiorun.com\/de\/#\/schema\/logo\/image\/"},"sameAs":["https:\/\/www.facebook.com\/miomiorun\/","https:\/\/www.instagram.com\/miomiorun\/"]}]}},"_links":{"self":[{"href":"https:\/\/www.miomiorun.com\/de\/wp-json\/wp\/v2\/product\/173924","targetHints":{"allow":["GET"]}}],"collection":[{"href":"https:\/\/www.miomiorun.com\/de\/wp-json\/wp\/v2\/product"}],"about":[{"href":"https:\/\/www.miomiorun.com\/de\/wp-json\/wp\/v2\/types\/product"}],"wp:featuredmedia":[{"embeddable":true,"href":"https:\/\/www.miomiorun.com\/de\/wp-json\/wp\/v2\/media\/51768"}],"wp:attachment":[{"href":"https:\/\/www.miomiorun.com\/de\/wp-json\/wp\/v2\/media?parent=173924"}],"wp:term":[{"taxonomy":"product_brand","embeddable":true,"href":"https:\/\/www.miomiorun.com\/de\/wp-json\/wp\/v2\/product_brand?post=173924"},{"taxonomy":"product_cat","embeddable":true,"href":"https:\/\/www.miomiorun.com\/de\/wp-json\/wp\/v2\/product_cat?post=173924"},{"taxonomy":"product_tag","embeddable":true,"href":"https:\/\/www.miomiorun.com\/de\/wp-json\/wp\/v2\/product_tag?post=173924"}],"curies":[{"name":"wp","href":"https:\/\/api.w.org\/{rel}","templated":true}]}}