{"id":173916,"date":"2020-06-26T18:21:44","date_gmt":"2020-06-26T16:21:44","guid":{"rendered":"https:\/\/miomiorun.com\/prodotto\/garmin-cavo-attacco-per-ricarica-dati\/"},"modified":"2025-03-06T16:18:27","modified_gmt":"2025-03-06T15:18:27","slug":"garmin-kabelanschluss-fuer-laden-daten","status":"publish","type":"product","link":"https:\/\/www.miomiorun.com\/de\/produkt\/garmin-kabelanschluss-fuer-laden-daten\/","title":{"rendered":"Kabelanschluss f\u00fcr Laden\/Daten"},"content":{"rendered":"<p>Dank des Lade-\/Datenanschlusses haben Sie 2 Kabel in einem. Schlie\u00dfen Sie das Kabel an den USB-Anschluss Ihres Computers an, um Ihr kompatibles Ger\u00e4t aufzuladen und Daten zu und von Ihrem Computer zu \u00fcbertragen. Dieses Kabel kann auch mit einem optionalen Netzadapter verbunden werden.<\/p>\n<p>KOMPATIBLE GER\u00c4TE<\/p>\n<p>Approach\u00ae S10<br \/>\nApproach\u00ae S40<br \/>\nApproach\u00ae S60<br \/>\nApproach\u00ae S62<br \/>\nApproach\u00ae X10<br \/>\nBarkLimiter\u2122 2<br \/>\nBarkLimiter\u2122 2VT<br \/>\nBundle Approach\u00ae S40 und CT10<br \/>\nD2\u2122 Charlie<br \/>\nD2\u2122 Delta<br \/>\nD2\u2122 Delta PX<br \/>\nD2\u2122 Delta S<br \/>\nf\u0113nix\u00ae 5<br \/>\nf\u0113nix\u00ae 5 Plus<br \/>\nf\u0113nix\u00ae 5S<br \/>\nf\u0113nix\u00ae 5S Plus<br \/>\nf\u0113nix\u00ae 5X<br \/>\nf\u0113nix\u00ae 5X Plus<br \/>\nf\u0113nix\u00ae 6<br \/>\nf\u0113nix 6 &#8211; Pro und Sapphire Edition<br \/>\nf\u0113nix 6S<br \/>\nf\u0113nix 6S &#8211; Pro und Sapphire Edition<br \/>\nf\u0113nix 6X &#8211; Pro und Sapphire Edition<br \/>\nf\u0113nix 6X &#8211; Pro Solar Edition<\/p>\n<p>Fenix 7s<\/p>\n<p>Fenix 7s<\/p>\n<p>Fenix 7X<\/p>\n<p>epix\u2122 (Gen 2)<br \/>\nForerunner\u00ae 245<br \/>\nForerunner\u00ae 245 Music<br \/>\nForerunner\u00ae 45<br \/>\nForerunner\u00ae 45S<br \/>\nForerunner\u00ae 935<br \/>\nForerunner\u00ae 945<br \/>\nGarmin Swim\u2122 2<br \/>\nInstinct\u00ae<br \/>\nInstinct\u00ae &#8211; Tactical Edition<br \/>\nquatix\u00ae 5<br \/>\nquatix\u00ae 5 Sapphire<br \/>\nquatix\u00ae 6<br \/>\nquatix\u00ae 6 Titanium<br \/>\nquatix\u00ae 6x Solar<br \/>\nLegacy Serie Darth Vader\u2122<br \/>\nLegacy Hero Series, Captain Marvel<br \/>\nLegacy Hero Series, First Avenger<br \/>\nLegacy Saga Series, Rey\u2122<br \/>\ntactix\u00ae Charlie<br \/>\ntactix\u00ae Delta &#8211; Sapphire Edition<br \/>\nVenu\u2122<br \/>\nv\u00edvoactive\u00ae 3<br \/>\nv\u00edvoactive\u00ae 3 Music<br \/>\nv\u00edvoactive\u00ae 4<br \/>\nv\u00edvoactive 4s<br \/>\nv\u00edvomove 3<br \/>\nv\u00edvomove 3S<br \/>\nv\u00edvomove Luxe<br \/>\nv\u00edvomove Style<br \/>\nv\u00edvosport\u00ae<\/p>\n","protected":false},"excerpt":{"rendered":"<p>Dank des Lade-\/Datenanschlusses haben Sie 2 Kabel in einem. Schlie\u00dfen Sie das Kabel an den USB-Anschluss Ihres Computers an, um Ihr kompatibles Ger\u00e4t aufzuladen und Daten zu und von Ihrem Computer zu \u00fcbertragen. Dieses Kabel kann auch mit einem optionalen Netzadapter verbunden werden. KOMPATIBLE GER\u00c4TE Approach\u00ae S10 Approach\u00ae S40 Approach\u00ae S60 Approach\u00ae S62 Approach\u00ae X10 &hellip; <a href=\"https:\/\/www.miomiorun.com\/de\/produkt\/garmin-kabelanschluss-fuer-laden-daten\/\">Continued<\/a><\/p>\n","protected":false},"featured_media":52352,"template":"","meta":{"_acf_changed":false,"inline_featured_image":false},"product_brand":[],"product_cat":[3344,3345],"product_tag":[3346],"class_list":{"0":"post-173916","1":"product","2":"type-product","3":"status-publish","4":"has-post-thumbnail","6":"product_cat-garmin-de","7":"product_cat-zubehoer-de-2","8":"product_tag-garmin-de","9":"pa_marca-garmin-de","10":"pa_modello-lunghezza-1mt-de","11":"pa_modello-standard-de","12":"pa_sesso-damen","13":"pa_sesso-herren","15":"first","16":"instock","17":"sale","18":"taxable","19":"shipping-taxable","20":"purchasable","21":"product-type-variable","22":"wvs-archive-product-wrapper"},"acf":[],"yoast_head":"<!-- This site is optimized with the Yoast SEO plugin v26.8 - https:\/\/yoast.com\/product\/yoast-seo-wordpress\/ -->\n<title>Garmin Kabelanschluss f\u00fcr Laden\/Daten - Garmin-Zubeh\u00f6r - MioMioRun<\/title>\n<meta name=\"description\" content=\"Schlie\u00dfen Sie das Garmin-Kabel an den USB-Anschluss des Computers an, um das kompatible Ger\u00e4t aufzuladen und Daten auf den und vom Computer zu \u00fcbertragen.\" \/>\n<meta name=\"robots\" content=\"index, follow, max-snippet:-1, max-image-preview:large, max-video-preview:-1\" \/>\n<link rel=\"canonical\" href=\"https:\/\/www.miomiorun.com\/de\/produkt\/garmin-kabelanschluss-fuer-laden-daten\/\" \/>\n<meta property=\"og:locale\" content=\"de_DE\" \/>\n<meta property=\"og:type\" content=\"article\" \/>\n<meta property=\"og:title\" content=\"Garmin Kabelanschluss f\u00fcr Laden\/Daten - Garmin-Zubeh\u00f6r - MioMioRun\" \/>\n<meta property=\"og:description\" content=\"Schlie\u00dfen Sie das Garmin-Kabel an den USB-Anschluss des Computers an, um das kompatible Ger\u00e4t aufzuladen und Daten auf den und vom Computer zu \u00fcbertragen.\" \/>\n<meta property=\"og:url\" content=\"https:\/\/www.miomiorun.com\/de\/produkt\/garmin-kabelanschluss-fuer-laden-daten\/\" \/>\n<meta property=\"og:site_name\" content=\"MioMioRun\" \/>\n<meta property=\"article:publisher\" content=\"https:\/\/www.facebook.com\/miomiorun\/\" \/>\n<meta property=\"article:modified_time\" content=\"2025-03-06T15:18:27+00:00\" \/>\n<meta property=\"og:image\" content=\"https:\/\/www.miomiorun.com\/app\/uploads\/2020\/06\/Cavo-Attacco-per-ricarica-dati-Garmin.jpg\" \/>\n\t<meta property=\"og:image:width\" content=\"600\" \/>\n\t<meta property=\"og:image:height\" content=\"600\" \/>\n\t<meta property=\"og:image:type\" content=\"image\/jpeg\" \/>\n<meta name=\"twitter:card\" content=\"summary_large_image\" \/>\n<meta name=\"twitter:label1\" content=\"Est. reading time\" \/>\n\t<meta name=\"twitter:data1\" content=\"1 minute\" \/>\n<script type=\"application\/ld+json\" class=\"yoast-schema-graph\">{\"@context\":\"https:\/\/schema.org\",\"@graph\":[{\"@type\":\"WebPage\",\"@id\":\"https:\/\/www.miomiorun.com\/de\/produkt\/garmin-kabelanschluss-fuer-laden-daten\/\",\"url\":\"https:\/\/www.miomiorun.com\/de\/produkt\/garmin-kabelanschluss-fuer-laden-daten\/\",\"name\":\"Garmin Kabelanschluss f\u00fcr Laden\/Daten - Garmin-Zubeh\u00f6r - MioMioRun\",\"isPartOf\":{\"@id\":\"https:\/\/www.miomiorun.com\/de\/#website\"},\"primaryImageOfPage\":{\"@id\":\"https:\/\/www.miomiorun.com\/de\/produkt\/garmin-kabelanschluss-fuer-laden-daten\/#primaryimage\"},\"image\":{\"@id\":\"https:\/\/www.miomiorun.com\/de\/produkt\/garmin-kabelanschluss-fuer-laden-daten\/#primaryimage\"},\"thumbnailUrl\":\"https:\/\/www.miomiorun.com\/app\/uploads\/2020\/06\/Cavo-Attacco-per-ricarica-dati-Garmin.jpg\",\"datePublished\":\"2020-06-26T16:21:44+00:00\",\"dateModified\":\"2025-03-06T15:18:27+00:00\",\"description\":\"Schlie\u00dfen Sie das Garmin-Kabel an den USB-Anschluss des Computers an, um das kompatible Ger\u00e4t aufzuladen und Daten auf den und vom Computer zu \u00fcbertragen.\",\"breadcrumb\":{\"@id\":\"https:\/\/www.miomiorun.com\/de\/produkt\/garmin-kabelanschluss-fuer-laden-daten\/#breadcrumb\"},\"inLanguage\":\"de-DE\",\"potentialAction\":[{\"@type\":\"ReadAction\",\"target\":[\"https:\/\/www.miomiorun.com\/de\/produkt\/garmin-kabelanschluss-fuer-laden-daten\/\"]}]},{\"@type\":\"ImageObject\",\"inLanguage\":\"de-DE\",\"@id\":\"https:\/\/www.miomiorun.com\/de\/produkt\/garmin-kabelanschluss-fuer-laden-daten\/#primaryimage\",\"url\":\"https:\/\/www.miomiorun.com\/app\/uploads\/2020\/06\/Cavo-Attacco-per-ricarica-dati-Garmin.jpg\",\"contentUrl\":\"https:\/\/www.miomiorun.com\/app\/uploads\/2020\/06\/Cavo-Attacco-per-ricarica-dati-Garmin.jpg\",\"width\":600,\"height\":600,\"caption\":\"Cavo-Attacco-per-ricarica-dati-Garmin\"},{\"@type\":\"BreadcrumbList\",\"@id\":\"https:\/\/www.miomiorun.com\/de\/produkt\/garmin-kabelanschluss-fuer-laden-daten\/#breadcrumb\",\"itemListElement\":[{\"@type\":\"ListItem\",\"position\":1,\"name\":\"Home\",\"item\":\"https:\/\/www.miomiorun.com\/de\/\"},{\"@type\":\"ListItem\",\"position\":2,\"name\":\"Shop\",\"item\":\"https:\/\/www.miomiorun.com\/shop\/\"},{\"@type\":\"ListItem\",\"position\":3,\"name\":\"Kabelanschluss f\u00fcr Laden\/Daten\"}]},{\"@type\":\"WebSite\",\"@id\":\"https:\/\/www.miomiorun.com\/de\/#website\",\"url\":\"https:\/\/www.miomiorun.com\/de\/\",\"name\":\"MioMioRun\",\"description\":\"100% Lauf- und Trailshop\",\"publisher\":{\"@id\":\"https:\/\/www.miomiorun.com\/de\/#organization\"},\"potentialAction\":[{\"@type\":\"SearchAction\",\"target\":{\"@type\":\"EntryPoint\",\"urlTemplate\":\"https:\/\/www.miomiorun.com\/de\/?s={search_term_string}\"},\"query-input\":{\"@type\":\"PropertyValueSpecification\",\"valueRequired\":true,\"valueName\":\"search_term_string\"}}],\"inLanguage\":\"de-DE\"},{\"@type\":\"Organization\",\"@id\":\"https:\/\/www.miomiorun.com\/de\/#organization\",\"name\":\"MioMio Run\",\"url\":\"https:\/\/www.miomiorun.com\/de\/\",\"logo\":{\"@type\":\"ImageObject\",\"inLanguage\":\"de-DE\",\"@id\":\"https:\/\/www.miomiorun.com\/de\/#\/schema\/logo\/image\/\",\"url\":\"https:\/\/www.miomiorun.com\/app\/uploads\/2019\/12\/logomio.png\",\"contentUrl\":\"https:\/\/www.miomiorun.com\/app\/uploads\/2019\/12\/logomio.png\",\"width\":115,\"height\":82,\"caption\":\"MioMio Run\"},\"image\":{\"@id\":\"https:\/\/www.miomiorun.com\/de\/#\/schema\/logo\/image\/\"},\"sameAs\":[\"https:\/\/www.facebook.com\/miomiorun\/\",\"https:\/\/www.instagram.com\/miomiorun\/\"]}]}<\/script>\n<!-- \/ Yoast SEO plugin. -->","yoast_head_json":{"title":"Garmin Kabelanschluss f\u00fcr Laden\/Daten - Garmin-Zubeh\u00f6r - MioMioRun","description":"Schlie\u00dfen Sie das Garmin-Kabel an den USB-Anschluss des Computers an, um das kompatible Ger\u00e4t aufzuladen und Daten auf den und vom Computer zu \u00fcbertragen.","robots":{"index":"index","follow":"follow","max-snippet":"max-snippet:-1","max-image-preview":"max-image-preview:large","max-video-preview":"max-video-preview:-1"},"canonical":"https:\/\/www.miomiorun.com\/de\/produkt\/garmin-kabelanschluss-fuer-laden-daten\/","og_locale":"de_DE","og_type":"article","og_title":"Garmin Kabelanschluss f\u00fcr Laden\/Daten - Garmin-Zubeh\u00f6r - MioMioRun","og_description":"Schlie\u00dfen Sie das Garmin-Kabel an den USB-Anschluss des Computers an, um das kompatible Ger\u00e4t aufzuladen und Daten auf den und vom Computer zu \u00fcbertragen.","og_url":"https:\/\/www.miomiorun.com\/de\/produkt\/garmin-kabelanschluss-fuer-laden-daten\/","og_site_name":"MioMioRun","article_publisher":"https:\/\/www.facebook.com\/miomiorun\/","article_modified_time":"2025-03-06T15:18:27+00:00","og_image":[{"width":600,"height":600,"url":"https:\/\/www.miomiorun.com\/app\/uploads\/2020\/06\/Cavo-Attacco-per-ricarica-dati-Garmin.jpg","type":"image\/jpeg"}],"twitter_card":"summary_large_image","twitter_misc":{"Est. reading time":"1 minute"},"schema":{"@context":"https:\/\/schema.org","@graph":[{"@type":"WebPage","@id":"https:\/\/www.miomiorun.com\/de\/produkt\/garmin-kabelanschluss-fuer-laden-daten\/","url":"https:\/\/www.miomiorun.com\/de\/produkt\/garmin-kabelanschluss-fuer-laden-daten\/","name":"Garmin Kabelanschluss f\u00fcr Laden\/Daten - Garmin-Zubeh\u00f6r - MioMioRun","isPartOf":{"@id":"https:\/\/www.miomiorun.com\/de\/#website"},"primaryImageOfPage":{"@id":"https:\/\/www.miomiorun.com\/de\/produkt\/garmin-kabelanschluss-fuer-laden-daten\/#primaryimage"},"image":{"@id":"https:\/\/www.miomiorun.com\/de\/produkt\/garmin-kabelanschluss-fuer-laden-daten\/#primaryimage"},"thumbnailUrl":"https:\/\/www.miomiorun.com\/app\/uploads\/2020\/06\/Cavo-Attacco-per-ricarica-dati-Garmin.jpg","datePublished":"2020-06-26T16:21:44+00:00","dateModified":"2025-03-06T15:18:27+00:00","description":"Schlie\u00dfen Sie das Garmin-Kabel an den USB-Anschluss des Computers an, um das kompatible Ger\u00e4t aufzuladen und Daten auf den und vom Computer zu \u00fcbertragen.","breadcrumb":{"@id":"https:\/\/www.miomiorun.com\/de\/produkt\/garmin-kabelanschluss-fuer-laden-daten\/#breadcrumb"},"inLanguage":"de-DE","potentialAction":[{"@type":"ReadAction","target":["https:\/\/www.miomiorun.com\/de\/produkt\/garmin-kabelanschluss-fuer-laden-daten\/"]}]},{"@type":"ImageObject","inLanguage":"de-DE","@id":"https:\/\/www.miomiorun.com\/de\/produkt\/garmin-kabelanschluss-fuer-laden-daten\/#primaryimage","url":"https:\/\/www.miomiorun.com\/app\/uploads\/2020\/06\/Cavo-Attacco-per-ricarica-dati-Garmin.jpg","contentUrl":"https:\/\/www.miomiorun.com\/app\/uploads\/2020\/06\/Cavo-Attacco-per-ricarica-dati-Garmin.jpg","width":600,"height":600,"caption":"Cavo-Attacco-per-ricarica-dati-Garmin"},{"@type":"BreadcrumbList","@id":"https:\/\/www.miomiorun.com\/de\/produkt\/garmin-kabelanschluss-fuer-laden-daten\/#breadcrumb","itemListElement":[{"@type":"ListItem","position":1,"name":"Home","item":"https:\/\/www.miomiorun.com\/de\/"},{"@type":"ListItem","position":2,"name":"Shop","item":"https:\/\/www.miomiorun.com\/shop\/"},{"@type":"ListItem","position":3,"name":"Kabelanschluss f\u00fcr Laden\/Daten"}]},{"@type":"WebSite","@id":"https:\/\/www.miomiorun.com\/de\/#website","url":"https:\/\/www.miomiorun.com\/de\/","name":"MioMioRun","description":"100% Lauf- und Trailshop","publisher":{"@id":"https:\/\/www.miomiorun.com\/de\/#organization"},"potentialAction":[{"@type":"SearchAction","target":{"@type":"EntryPoint","urlTemplate":"https:\/\/www.miomiorun.com\/de\/?s={search_term_string}"},"query-input":{"@type":"PropertyValueSpecification","valueRequired":true,"valueName":"search_term_string"}}],"inLanguage":"de-DE"},{"@type":"Organization","@id":"https:\/\/www.miomiorun.com\/de\/#organization","name":"MioMio Run","url":"https:\/\/www.miomiorun.com\/de\/","logo":{"@type":"ImageObject","inLanguage":"de-DE","@id":"https:\/\/www.miomiorun.com\/de\/#\/schema\/logo\/image\/","url":"https:\/\/www.miomiorun.com\/app\/uploads\/2019\/12\/logomio.png","contentUrl":"https:\/\/www.miomiorun.com\/app\/uploads\/2019\/12\/logomio.png","width":115,"height":82,"caption":"MioMio Run"},"image":{"@id":"https:\/\/www.miomiorun.com\/de\/#\/schema\/logo\/image\/"},"sameAs":["https:\/\/www.facebook.com\/miomiorun\/","https:\/\/www.instagram.com\/miomiorun\/"]}]}},"_links":{"self":[{"href":"https:\/\/www.miomiorun.com\/de\/wp-json\/wp\/v2\/product\/173916","targetHints":{"allow":["GET"]}}],"collection":[{"href":"https:\/\/www.miomiorun.com\/de\/wp-json\/wp\/v2\/product"}],"about":[{"href":"https:\/\/www.miomiorun.com\/de\/wp-json\/wp\/v2\/types\/product"}],"wp:featuredmedia":[{"embeddable":true,"href":"https:\/\/www.miomiorun.com\/de\/wp-json\/wp\/v2\/media\/52352"}],"wp:attachment":[{"href":"https:\/\/www.miomiorun.com\/de\/wp-json\/wp\/v2\/media?parent=173916"}],"wp:term":[{"taxonomy":"product_brand","embeddable":true,"href":"https:\/\/www.miomiorun.com\/de\/wp-json\/wp\/v2\/product_brand?post=173916"},{"taxonomy":"product_cat","embeddable":true,"href":"https:\/\/www.miomiorun.com\/de\/wp-json\/wp\/v2\/product_cat?post=173916"},{"taxonomy":"product_tag","embeddable":true,"href":"https:\/\/www.miomiorun.com\/de\/wp-json\/wp\/v2\/product_tag?post=173916"}],"curies":[{"name":"wp","href":"https:\/\/api.w.org\/{rel}","templated":true}]}}