{"id":173887,"date":"2020-09-02T11:41:17","date_gmt":"2020-09-02T09:41:17","guid":{"rendered":"https:\/\/miomiorun.com\/prodotto\/garmin-kit-supporto-per-tubolare\/"},"modified":"2025-04-16T16:36:18","modified_gmt":"2025-04-16T14:36:18","slug":"garmin-rohrstuetzen-bausatz","status":"publish","type":"product","link":"https:\/\/www.miomiorun.com\/de\/produkt\/garmin-rohrstuetzen-bausatz\/","title":{"rendered":"Rohrst\u00fctzen-Bausatz"},"content":{"rendered":"<p>Ideal f\u00fcr alle Multisportler. Der Forerunner kann schnell an die Fahrradhalterung angeschlossen werden, um einen einfachen Wechsel von der Rennstrecke zum Fahrrad zu erm\u00f6glichen.<\/p>\n<p>KOMPATIBLE GER\u00c4TE<\/p>\n<div class=\"app__tabs__content__wrap js__app__tabs__content\">\n<div class=\"app__render-content\">\n<div>\n<ul class=\"app__product__list\">\n<li class=\"app__product__list__item\"><span class=\"app__product__list__item__content\">Ansatz\u00ae S1 <\/span><\/li>\n<li class=\"app__product__list__item\"><span class=\"app__product__list__item__content\">Ansatz\u00ae S2 <\/span><\/li>\n<li class=\"app__product__list__item\"><span class=\"app__product__list__item__content\">Ansatz\u00ae S3 <\/span><\/li>\n<li class=\"app__product__list__item\"><span class=\"app__product__list__item__content\">Ansatz\u00ae S4 <\/span><\/li>\n<li class=\"app__product__list__item\"><span class=\"app__product__list__item__content\">Ansatz\u00ae S5 <\/span><\/li>\n<li class=\"app__product__list__item\"><span class=\"app__product__list__item__content\">Ann\u00e4herung\u00ae S6 <\/span><\/li>\n<li class=\"app__product__list__item\"><span class=\"app__product__list__item__content\">Anflug\u00ae S60 <\/span><\/li>\n<li class=\"app__product__list__item\"><span class=\"app__product__list__item__content\">Ansatz\u00ae S62 <\/span><\/li>\n<li class=\"app__product__list__item\"><span class=\"app__product__list__item__content\">Approach\u00ae S62-B\u00fcndel <\/span><\/li>\n<li class=\"app__product__list__item\"><span class=\"app__product__list__item__content\">D2\u2122 Bravo <\/span><\/li>\n<li class=\"app__product__list__item\"><span class=\"app__product__list__item__content\">D2\u2122 Charlie <\/span><\/li>\n<li class=\"app__product__list__item\"><span class=\"app__product__list__item__content\">D2\u2122 Delta <\/span><\/li>\n<li class=\"app__product__list__item\"><span class=\"app__product__list__item__content\">D2\u2122 Delta PX <\/span><\/li>\n<li class=\"app__product__list__item\"><span class=\"app__product__list__item__content\">D2\u2122 Delta S <\/span><\/li>\n<li class=\"app__product__list__item\"><span class=\"app__product__list__item__content\">Abstieg\u2122 Mk1 <\/span><\/li>\n<li class=\"app__product__list__item\"><span class=\"app__product__list__item__content\">epix\u2122. <\/span><\/li>\n<li class=\"app__product__list__item\"><span class=\"app__product__list__item__content\">f\u0113nix\u00ae <\/span><\/li>\n<li class=\"app__product__list__item\"><span class=\"app__product__list__item__content\">f\u0113nix\u00ae 2 <\/span><\/li>\n<li class=\"app__product__list__item\"><span class=\"app__product__list__item__content\">f\u0113nix\u00ae 3 (HR) <\/span><\/li>\n<li class=\"app__product__list__item\"><span class=\"app__product__list__item__content\">f\u0113nix\u00ae 3 Saphir <\/span><\/li>\n<li class=\"app__product__list__item\"><span class=\"app__product__list__item__content\">f\u0113nix\u00ae 3 Saphir HR <\/span><\/li>\n<li class=\"app__product__list__item\"><span class=\"app__product__list__item__content\">f\u0113nix\u00ae 5 <\/span><\/li>\n<li class=\"app__product__list__item\"><span class=\"app__product__list__item__content\">f\u0113nix\u00ae 5 Plus <\/span><\/li>\n<li class=\"app__product__list__item\"><span class=\"app__product__list__item__content\">f\u0113nix\u00ae 5S <\/span><\/li>\n<li class=\"app__product__list__item\"><span class=\"app__product__list__item__content\">f\u0113nix\u00ae 5S Plus <\/span><\/li>\n<li class=\"app__product__list__item\"><span class=\"app__product__list__item__content\">f\u0113nix\u00ae 5X <\/span><\/li>\n<li class=\"app__product__list__item\"><span class=\"app__product__list__item__content\">f\u0113nix\u00ae 5X Plus <\/span><\/li>\n<li class=\"app__product__list__item\"><span class=\"app__product__list__item__content\">f\u0113nix\u00ae 6 <\/span><\/li>\n<li class=\"app__product__list__item\"><span class=\"app__product__list__item__content\">f\u0113nix 6 &#8211; Pro e Sapphire-Edition <\/span><\/li>\n<li class=\"app__product__list__item\"><span class=\"app__product__list__item__content\">f\u0113nix 6 &#8211; Pro Solar-Edition <\/span><\/li>\n<li class=\"app__product__list__item\"><span class=\"app__product__list__item__content\">f\u0113nix 6 Solar <\/span><\/li>\n<li class=\"app__product__list__item\"><span class=\"app__product__list__item__content\">f\u0113nix 6S <\/span><\/li>\n<li class=\"app__product__list__item\"><span class=\"app__product__list__item__content\">f\u0113nix 6S &#8211; Pro e Sapphire-Edition <\/span><\/li>\n<li class=\"app__product__list__item\"><span class=\"app__product__list__item__content\">f\u0113nix 6S &#8211; Pro Solar-Edition <\/span><\/li>\n<li class=\"app__product__list__item\"><span class=\"app__product__list__item__content\">f\u0113nix 6S Solar <\/span><\/li>\n<li class=\"app__product__list__item\"><span class=\"app__product__list__item__content\">f\u0113nix 6X &#8211; Pro e Sapphire-Edition <\/span><\/li>\n<li class=\"app__product__list__item\"><span class=\"app__product__list__item__content\">f\u0113nix 6X &#8211; Pro Solar-Ausgabe <\/span><\/li>\n<li class=\"app__product__list__item\"><span class=\"app__product__list__item__content\">f\u0113nix\u00ae Chronos <\/span><\/li>\n<li class=\"app__product__list__item\"><span class=\"app__product__list__item__content\">Forerunner\u00ae 10 <\/span><\/li>\n<li class=\"app__product__list__item\"><span class=\"app__product__list__item__content\">Forerunner\u00ae 110 <\/span><\/li>\n<li class=\"app__product__list__item\"><span class=\"app__product__list__item__content\">Forerunner\u00ae 15 <\/span><\/li>\n<li class=\"app__product__list__item\"><span class=\"app__product__list__item__content\">Forerunner\u00ae 210 <\/span><\/li>\n<li class=\"app__product__list__item\"><span class=\"app__product__list__item__content\">Forerunner\u00ae 220 <\/span><\/li>\n<li class=\"app__product__list__item\"><span class=\"app__product__list__item__content\">Forerunner\u00ae 225 <\/span><\/li>\n<li class=\"app__product__list__item\"><span class=\"app__product__list__item__content\">Forerunner\u00ae 230 <\/span><\/li>\n<li class=\"app__product__list__item\"><span class=\"app__product__list__item__content\">Forerunner\u00ae 235 <\/span><\/li>\n<li class=\"app__product__list__item\"><span class=\"app__product__list__item__content\">Forerunner\u00ae 245 <\/span><\/li>\n<li class=\"app__product__list__item\"><span class=\"app__product__list__item__content\">Forerunner\u00ae 245 Musik <\/span><\/li>\n<li class=\"app__product__list__item\"><span class=\"app__product__list__item__content\">Forerunner\u00ae 25 <\/span><\/li>\n<li class=\"app__product__list__item\"><span class=\"app__product__list__item__content\">Forerunner\u00ae 310XT <\/span><\/li>\n<li class=\"app__product__list__item\"><span class=\"app__product__list__item__content\">Forerunner\u00ae 405 <\/span><\/li>\n<li class=\"app__product__list__item\"><span class=\"app__product__list__item__content\">Forerunner\u00ae 405CX <\/span><\/li>\n<li class=\"app__product__list__item\"><span class=\"app__product__list__item__content\">Forerunner\u00ae 410 <\/span><\/li>\n<li class=\"app__product__list__item\"><span class=\"app__product__list__item__content\">Forerunner\u00ae 610 <\/span><\/li>\n<li class=\"app__product__list__item\"><span class=\"app__product__list__item__content\">Forerunner\u00ae 620 <\/span><\/li>\n<li class=\"app__product__list__item\"><span class=\"app__product__list__item__content\">Forerunner\u00ae 630 <\/span><\/li>\n<li class=\"app__product__list__item\"><span class=\"app__product__list__item__content\">Forerunner\u00ae 645 <\/span><\/li>\n<li class=\"app__product__list__item\"><span class=\"app__product__list__item__content\">Forerunner\u00ae 645 Musik <\/span><\/li>\n<li class=\"app__product__list__item\"><span class=\"app__product__list__item__content\">Forerunner\u00ae 735XT <\/span><\/li>\n<li class=\"app__product__list__item\"><span class=\"app__product__list__item__content\">Forerunner\u00ae 910XT <\/span><\/li>\n<li class=\"app__product__list__item\"><span class=\"app__product__list__item__content\">Forerunner\u00ae 920XT <\/span><\/li>\n<li class=\"app__product__list__item\"><span class=\"app__product__list__item__content\">Forerunner\u00ae 935 <\/span><\/li>\n<li class=\"app__product__list__item\"><span class=\"app__product__list__item__content\">Forerunner\u00ae 945 <\/span><\/li>\n<li class=\"app__product__list__item\"><span class=\"app__product__list__item__content\">Foretrex\u00ae 301 <\/span><\/li>\n<li class=\"app__product__list__item\"><span class=\"app__product__list__item__content\">Foretrex\u00ae 401 <\/span><\/li>\n<li class=\"app__product__list__item\"><span class=\"app__product__list__item__content\">Foretrex\u00ae 601 <\/span><\/li>\n<li class=\"app__product__list__item\"><span class=\"app__product__list__item__content\">Foretrex\u00ae 701 Ballistische Ausgabe <\/span><\/li>\n<li class=\"app__product__list__item\"><span class=\"app__product__list__item__content\">FR60 <\/span><\/li>\n<li class=\"app__product__list__item\"><span class=\"app__product__list__item__content\">FR70 <\/span><\/li>\n<li class=\"app__product__list__item\"><span class=\"app__product__list__item__content\">Instinkt\u00ae <\/span><\/li>\n<li class=\"app__product__list__item\"><span class=\"app__product__list__item__content\">Instinct\u00ae &#8211; taktische Ausgabe <\/span><\/li>\n<li class=\"app__product__list__item\"><span class=\"app__product__list__item__content\">Instinct\u00ae Solar <\/span><\/li>\n<li class=\"app__product__list__item\"><span class=\"app__product__list__item__content\">Instinct\u00ae Solar &#8211; Tarnausf\u00fchrung <\/span><\/li>\n<li class=\"app__product__list__item\"><span class=\"app__product__list__item__content\">Instinct\u00ae Solar &#8211; Surf-Ausf\u00fchrung <\/span><\/li>\n<li class=\"app__product__list__item\"><span class=\"app__product__list__item__content\">Instinct\u00ae Solar &#8211; Taktische Ausgabe <\/span><\/li>\n<li class=\"app__product__list__item\"><span class=\"app__product__list__item__content\">MARQ\u00ae Abenteurer <\/span><\/li>\n<li class=\"app__product__list__item\"><span class=\"app__product__list__item__content\">MARQ\u00ae Sportler <\/span><\/li>\n<li class=\"app__product__list__item\"><span class=\"app__product__list__item__content\">MARQ\u00ae Flieger <\/span><\/li>\n<li class=\"app__product__list__item\"><span class=\"app__product__list__item__content\">MARQ\u00ae Kapit\u00e4n <\/span><\/li>\n<li class=\"app__product__list__item\"><span class=\"app__product__list__item__content\">MARQ\u00ae Kapit\u00e4n: Amerikanische Magie <\/span><\/li>\n<li class=\"app__product__list__item\"><span class=\"app__product__list__item__content\">MARQ\u00ae Kommandant <\/span><\/li>\n<li class=\"app__product__list__item\"><span class=\"app__product__list__item__content\">MARQ\u00ae Fahrer <\/span><\/li>\n<li class=\"app__product__list__item\"><span class=\"app__product__list__item__content\">MARQ\u00ae Golfer <\/span><\/li>\n<li class=\"app__product__list__item\"><span class=\"app__product__list__item__content\">quatix\u00ae. <\/span><\/li>\n<li class=\"app__product__list__item\"><span class=\"app__product__list__item__content\">quatix 6 <\/span><\/li>\n<li class=\"app__product__list__item\"><span class=\"app__product__list__item__content\">quatix\u00ae 6 Titan <\/span><\/li>\n<li class=\"app__product__list__item\"><span class=\"app__product__list__item__content\">quatix\u00ae 6x Solar <\/span><\/li>\n<li class=\"app__product__list__item\"><span class=\"app__product__list__item__content\">Serie Legacy, Darth Vader\u2122 <\/span><\/li>\n<li class=\"app__product__list__item\"><span class=\"app__product__list__item__content\">Serie Legacy Hero, Captain Marvel <\/span><\/li>\n<li class=\"app__product__list__item\"><span class=\"app__product__list__item__content\">Serie Legacy Hero, First Avenger <\/span><\/li>\n<li class=\"app__product__list__item\"><span class=\"app__product__list__item__content\">Serie Legacy Saga, Rey\u2122 <\/span><\/li>\n<li class=\"app__product__list__item\"><span class=\"app__product__list__item__content\">tactix\u00ae <\/span><\/li>\n<li class=\"app__product__list__item\"><span class=\"app__product__list__item__content\">tactix\u00ae Bravo <\/span><\/li>\n<li class=\"app__product__list__item\"><span class=\"app__product__list__item__content\">tactix\u00ae Charlie <\/span><\/li>\n<li class=\"app__product__list__item\"><span class=\"app__product__list__item__content\">tactix\u00ae Delta &#8211; Saphir-Ausgabe <\/span><\/li>\n<li class=\"app__product__list__item\"><span class=\"app__product__list__item__content\">taktix Delta &#8211; Solar-Ausgabe <\/span><\/li>\n<li class=\"app__product__list__item\"><span class=\"app__product__list__item__content\">tactix Delta &#8211; Solar Edition Ballistik <\/span><\/li>\n<li class=\"app__product__list__item\"><span class=\"app__product__list__item__content\">Venu\u00ae <\/span><\/li>\n<li class=\"app__product__list__item\"><span class=\"app__product__list__item__content\">v\u00edvoactive\u00ae 3 <\/span><\/li>\n<li class=\"app__product__list__item\"><span class=\"app__product__list__item__content\">v\u00edvoactive\u00ae 3 Musik <\/span><\/li>\n<li class=\"app__product__list__item\"><span class=\"app__product__list__item__content\">v\u00edvoactive\u00ae 4 <\/span><\/li>\n<li class=\"app__product__list__item\"><span class=\"app__product__list__item__content\">v\u00edvoactive 4s <\/span><\/li>\n<li class=\"app__product__list__item\"><span class=\"app__product__list__item__content\">v\u00edvoactive\u00ae HR <\/span><\/li>\n<\/ul>\n<\/div>\n<\/div>\n<\/div>\n<p>&nbsp;<\/p>\n","protected":false},"excerpt":{"rendered":"<p>Ideal f\u00fcr alle Multisportler. Der Forerunner kann schnell an die Fahrradhalterung angeschlossen werden, um einen einfachen Wechsel von der Rennstrecke zum Fahrrad zu erm\u00f6glichen. KOMPATIBLE GER\u00c4TE Ansatz\u00ae S1 Ansatz\u00ae S2 Ansatz\u00ae S3 Ansatz\u00ae S4 Ansatz\u00ae S5 Ann\u00e4herung\u00ae S6 Anflug\u00ae S60 Ansatz\u00ae S62 Approach\u00ae S62-B\u00fcndel D2\u2122 Bravo D2\u2122 Charlie D2\u2122 Delta D2\u2122 Delta PX D2\u2122 Delta &hellip; <a href=\"https:\/\/www.miomiorun.com\/de\/produkt\/garmin-rohrstuetzen-bausatz\/\">Continued<\/a><\/p>\n","protected":false},"featured_media":52824,"template":"","meta":{"_acf_changed":false,"inline_featured_image":false},"product_brand":[],"product_cat":[3344,3345],"product_tag":[3346],"class_list":{"0":"post-173887","1":"product","2":"type-product","3":"status-publish","4":"has-post-thumbnail","6":"product_cat-garmin-de","7":"product_cat-zubehoer-de-2","8":"product_tag-garmin-de","9":"pa_marca-garmin-de","10":"pa_sesso-damen","11":"pa_sesso-herren","13":"first","14":"outofstock","15":"sale","16":"taxable","17":"shipping-taxable","18":"purchasable","19":"product-type-simple"},"acf":[],"yoast_head":"<!-- This site is optimized with the Yoast SEO plugin v26.8 - https:\/\/yoast.com\/product\/yoast-seo-wordpress\/ -->\n<title>Garmin Rohrst\u00fctzen-Bausatz - Garmin-Zubeh\u00f6r - MioMioRun<\/title>\n<meta name=\"description\" content=\"Verbinden Sie Ihr Garmin mit Ihrem Fahrrad, um Trainingsdaten zu sammeln. Ideal f\u00fcr einen einfachen \u00dcbergang vom Lauf- zum Radtraining.\" \/>\n<meta name=\"robots\" content=\"index, follow, max-snippet:-1, max-image-preview:large, max-video-preview:-1\" \/>\n<link rel=\"canonical\" href=\"https:\/\/www.miomiorun.com\/de\/produkt\/garmin-rohrstuetzen-bausatz\/\" \/>\n<meta property=\"og:locale\" content=\"de_DE\" \/>\n<meta property=\"og:type\" content=\"article\" \/>\n<meta property=\"og:title\" content=\"Garmin Rohrst\u00fctzen-Bausatz - Garmin-Zubeh\u00f6r - MioMioRun\" \/>\n<meta property=\"og:description\" content=\"Verbinden Sie Ihr Garmin mit Ihrem Fahrrad, um Trainingsdaten zu sammeln. Ideal f\u00fcr einen einfachen \u00dcbergang vom Lauf- zum Radtraining.\" \/>\n<meta property=\"og:url\" content=\"https:\/\/www.miomiorun.com\/de\/produkt\/garmin-rohrstuetzen-bausatz\/\" \/>\n<meta property=\"og:site_name\" content=\"MioMioRun\" \/>\n<meta property=\"article:publisher\" content=\"https:\/\/www.facebook.com\/miomiorun\/\" \/>\n<meta property=\"article:modified_time\" content=\"2025-04-16T14:36:18+00:00\" \/>\n<meta property=\"og:image\" content=\"https:\/\/www.miomiorun.com\/app\/uploads\/2020\/09\/Garmin-Kit-supporto-per-tubolare.jpg\" \/>\n\t<meta property=\"og:image:width\" content=\"600\" \/>\n\t<meta property=\"og:image:height\" content=\"600\" \/>\n\t<meta property=\"og:image:type\" content=\"image\/jpeg\" \/>\n<meta name=\"twitter:card\" content=\"summary_large_image\" \/>\n<meta name=\"twitter:label1\" content=\"Est. reading time\" \/>\n\t<meta name=\"twitter:data1\" content=\"1 minute\" \/>\n<script type=\"application\/ld+json\" class=\"yoast-schema-graph\">{\"@context\":\"https:\/\/schema.org\",\"@graph\":[{\"@type\":\"WebPage\",\"@id\":\"https:\/\/www.miomiorun.com\/de\/produkt\/garmin-rohrstuetzen-bausatz\/\",\"url\":\"https:\/\/www.miomiorun.com\/de\/produkt\/garmin-rohrstuetzen-bausatz\/\",\"name\":\"Garmin Rohrst\u00fctzen-Bausatz - Garmin-Zubeh\u00f6r - MioMioRun\",\"isPartOf\":{\"@id\":\"https:\/\/www.miomiorun.com\/de\/#website\"},\"primaryImageOfPage\":{\"@id\":\"https:\/\/www.miomiorun.com\/de\/produkt\/garmin-rohrstuetzen-bausatz\/#primaryimage\"},\"image\":{\"@id\":\"https:\/\/www.miomiorun.com\/de\/produkt\/garmin-rohrstuetzen-bausatz\/#primaryimage\"},\"thumbnailUrl\":\"https:\/\/www.miomiorun.com\/app\/uploads\/2020\/09\/Garmin-Kit-supporto-per-tubolare.jpg\",\"datePublished\":\"2020-09-02T09:41:17+00:00\",\"dateModified\":\"2025-04-16T14:36:18+00:00\",\"description\":\"Verbinden Sie Ihr Garmin mit Ihrem Fahrrad, um Trainingsdaten zu sammeln. Ideal f\u00fcr einen einfachen \u00dcbergang vom Lauf- zum Radtraining.\",\"breadcrumb\":{\"@id\":\"https:\/\/www.miomiorun.com\/de\/produkt\/garmin-rohrstuetzen-bausatz\/#breadcrumb\"},\"inLanguage\":\"de-DE\",\"potentialAction\":[{\"@type\":\"ReadAction\",\"target\":[\"https:\/\/www.miomiorun.com\/de\/produkt\/garmin-rohrstuetzen-bausatz\/\"]}]},{\"@type\":\"ImageObject\",\"inLanguage\":\"de-DE\",\"@id\":\"https:\/\/www.miomiorun.com\/de\/produkt\/garmin-rohrstuetzen-bausatz\/#primaryimage\",\"url\":\"https:\/\/www.miomiorun.com\/app\/uploads\/2020\/09\/Garmin-Kit-supporto-per-tubolare.jpg\",\"contentUrl\":\"https:\/\/www.miomiorun.com\/app\/uploads\/2020\/09\/Garmin-Kit-supporto-per-tubolare.jpg\",\"width\":600,\"height\":600,\"caption\":\"Garmin-Kit-supporto-per-tubolare\"},{\"@type\":\"BreadcrumbList\",\"@id\":\"https:\/\/www.miomiorun.com\/de\/produkt\/garmin-rohrstuetzen-bausatz\/#breadcrumb\",\"itemListElement\":[{\"@type\":\"ListItem\",\"position\":1,\"name\":\"Home\",\"item\":\"https:\/\/www.miomiorun.com\/de\/\"},{\"@type\":\"ListItem\",\"position\":2,\"name\":\"Shop\",\"item\":\"https:\/\/www.miomiorun.com\/shop\/\"},{\"@type\":\"ListItem\",\"position\":3,\"name\":\"Rohrst\u00fctzen-Bausatz\"}]},{\"@type\":\"WebSite\",\"@id\":\"https:\/\/www.miomiorun.com\/de\/#website\",\"url\":\"https:\/\/www.miomiorun.com\/de\/\",\"name\":\"MioMioRun\",\"description\":\"100% Lauf- und Trailshop\",\"publisher\":{\"@id\":\"https:\/\/www.miomiorun.com\/de\/#organization\"},\"potentialAction\":[{\"@type\":\"SearchAction\",\"target\":{\"@type\":\"EntryPoint\",\"urlTemplate\":\"https:\/\/www.miomiorun.com\/de\/?s={search_term_string}\"},\"query-input\":{\"@type\":\"PropertyValueSpecification\",\"valueRequired\":true,\"valueName\":\"search_term_string\"}}],\"inLanguage\":\"de-DE\"},{\"@type\":\"Organization\",\"@id\":\"https:\/\/www.miomiorun.com\/de\/#organization\",\"name\":\"MioMio Run\",\"url\":\"https:\/\/www.miomiorun.com\/de\/\",\"logo\":{\"@type\":\"ImageObject\",\"inLanguage\":\"de-DE\",\"@id\":\"https:\/\/www.miomiorun.com\/de\/#\/schema\/logo\/image\/\",\"url\":\"https:\/\/www.miomiorun.com\/app\/uploads\/2019\/12\/logomio.png\",\"contentUrl\":\"https:\/\/www.miomiorun.com\/app\/uploads\/2019\/12\/logomio.png\",\"width\":115,\"height\":82,\"caption\":\"MioMio Run\"},\"image\":{\"@id\":\"https:\/\/www.miomiorun.com\/de\/#\/schema\/logo\/image\/\"},\"sameAs\":[\"https:\/\/www.facebook.com\/miomiorun\/\",\"https:\/\/www.instagram.com\/miomiorun\/\"]}]}<\/script>\n<!-- \/ Yoast SEO plugin. -->","yoast_head_json":{"title":"Garmin Rohrst\u00fctzen-Bausatz - Garmin-Zubeh\u00f6r - MioMioRun","description":"Verbinden Sie Ihr Garmin mit Ihrem Fahrrad, um Trainingsdaten zu sammeln. Ideal f\u00fcr einen einfachen \u00dcbergang vom Lauf- zum Radtraining.","robots":{"index":"index","follow":"follow","max-snippet":"max-snippet:-1","max-image-preview":"max-image-preview:large","max-video-preview":"max-video-preview:-1"},"canonical":"https:\/\/www.miomiorun.com\/de\/produkt\/garmin-rohrstuetzen-bausatz\/","og_locale":"de_DE","og_type":"article","og_title":"Garmin Rohrst\u00fctzen-Bausatz - Garmin-Zubeh\u00f6r - MioMioRun","og_description":"Verbinden Sie Ihr Garmin mit Ihrem Fahrrad, um Trainingsdaten zu sammeln. Ideal f\u00fcr einen einfachen \u00dcbergang vom Lauf- zum Radtraining.","og_url":"https:\/\/www.miomiorun.com\/de\/produkt\/garmin-rohrstuetzen-bausatz\/","og_site_name":"MioMioRun","article_publisher":"https:\/\/www.facebook.com\/miomiorun\/","article_modified_time":"2025-04-16T14:36:18+00:00","og_image":[{"width":600,"height":600,"url":"https:\/\/www.miomiorun.com\/app\/uploads\/2020\/09\/Garmin-Kit-supporto-per-tubolare.jpg","type":"image\/jpeg"}],"twitter_card":"summary_large_image","twitter_misc":{"Est. reading time":"1 minute"},"schema":{"@context":"https:\/\/schema.org","@graph":[{"@type":"WebPage","@id":"https:\/\/www.miomiorun.com\/de\/produkt\/garmin-rohrstuetzen-bausatz\/","url":"https:\/\/www.miomiorun.com\/de\/produkt\/garmin-rohrstuetzen-bausatz\/","name":"Garmin Rohrst\u00fctzen-Bausatz - Garmin-Zubeh\u00f6r - MioMioRun","isPartOf":{"@id":"https:\/\/www.miomiorun.com\/de\/#website"},"primaryImageOfPage":{"@id":"https:\/\/www.miomiorun.com\/de\/produkt\/garmin-rohrstuetzen-bausatz\/#primaryimage"},"image":{"@id":"https:\/\/www.miomiorun.com\/de\/produkt\/garmin-rohrstuetzen-bausatz\/#primaryimage"},"thumbnailUrl":"https:\/\/www.miomiorun.com\/app\/uploads\/2020\/09\/Garmin-Kit-supporto-per-tubolare.jpg","datePublished":"2020-09-02T09:41:17+00:00","dateModified":"2025-04-16T14:36:18+00:00","description":"Verbinden Sie Ihr Garmin mit Ihrem Fahrrad, um Trainingsdaten zu sammeln. Ideal f\u00fcr einen einfachen \u00dcbergang vom Lauf- zum Radtraining.","breadcrumb":{"@id":"https:\/\/www.miomiorun.com\/de\/produkt\/garmin-rohrstuetzen-bausatz\/#breadcrumb"},"inLanguage":"de-DE","potentialAction":[{"@type":"ReadAction","target":["https:\/\/www.miomiorun.com\/de\/produkt\/garmin-rohrstuetzen-bausatz\/"]}]},{"@type":"ImageObject","inLanguage":"de-DE","@id":"https:\/\/www.miomiorun.com\/de\/produkt\/garmin-rohrstuetzen-bausatz\/#primaryimage","url":"https:\/\/www.miomiorun.com\/app\/uploads\/2020\/09\/Garmin-Kit-supporto-per-tubolare.jpg","contentUrl":"https:\/\/www.miomiorun.com\/app\/uploads\/2020\/09\/Garmin-Kit-supporto-per-tubolare.jpg","width":600,"height":600,"caption":"Garmin-Kit-supporto-per-tubolare"},{"@type":"BreadcrumbList","@id":"https:\/\/www.miomiorun.com\/de\/produkt\/garmin-rohrstuetzen-bausatz\/#breadcrumb","itemListElement":[{"@type":"ListItem","position":1,"name":"Home","item":"https:\/\/www.miomiorun.com\/de\/"},{"@type":"ListItem","position":2,"name":"Shop","item":"https:\/\/www.miomiorun.com\/shop\/"},{"@type":"ListItem","position":3,"name":"Rohrst\u00fctzen-Bausatz"}]},{"@type":"WebSite","@id":"https:\/\/www.miomiorun.com\/de\/#website","url":"https:\/\/www.miomiorun.com\/de\/","name":"MioMioRun","description":"100% Lauf- und Trailshop","publisher":{"@id":"https:\/\/www.miomiorun.com\/de\/#organization"},"potentialAction":[{"@type":"SearchAction","target":{"@type":"EntryPoint","urlTemplate":"https:\/\/www.miomiorun.com\/de\/?s={search_term_string}"},"query-input":{"@type":"PropertyValueSpecification","valueRequired":true,"valueName":"search_term_string"}}],"inLanguage":"de-DE"},{"@type":"Organization","@id":"https:\/\/www.miomiorun.com\/de\/#organization","name":"MioMio Run","url":"https:\/\/www.miomiorun.com\/de\/","logo":{"@type":"ImageObject","inLanguage":"de-DE","@id":"https:\/\/www.miomiorun.com\/de\/#\/schema\/logo\/image\/","url":"https:\/\/www.miomiorun.com\/app\/uploads\/2019\/12\/logomio.png","contentUrl":"https:\/\/www.miomiorun.com\/app\/uploads\/2019\/12\/logomio.png","width":115,"height":82,"caption":"MioMio Run"},"image":{"@id":"https:\/\/www.miomiorun.com\/de\/#\/schema\/logo\/image\/"},"sameAs":["https:\/\/www.facebook.com\/miomiorun\/","https:\/\/www.instagram.com\/miomiorun\/"]}]}},"_links":{"self":[{"href":"https:\/\/www.miomiorun.com\/de\/wp-json\/wp\/v2\/product\/173887","targetHints":{"allow":["GET"]}}],"collection":[{"href":"https:\/\/www.miomiorun.com\/de\/wp-json\/wp\/v2\/product"}],"about":[{"href":"https:\/\/www.miomiorun.com\/de\/wp-json\/wp\/v2\/types\/product"}],"wp:featuredmedia":[{"embeddable":true,"href":"https:\/\/www.miomiorun.com\/de\/wp-json\/wp\/v2\/media\/52824"}],"wp:attachment":[{"href":"https:\/\/www.miomiorun.com\/de\/wp-json\/wp\/v2\/media?parent=173887"}],"wp:term":[{"taxonomy":"product_brand","embeddable":true,"href":"https:\/\/www.miomiorun.com\/de\/wp-json\/wp\/v2\/product_brand?post=173887"},{"taxonomy":"product_cat","embeddable":true,"href":"https:\/\/www.miomiorun.com\/de\/wp-json\/wp\/v2\/product_cat?post=173887"},{"taxonomy":"product_tag","embeddable":true,"href":"https:\/\/www.miomiorun.com\/de\/wp-json\/wp\/v2\/product_tag?post=173887"}],"curies":[{"name":"wp","href":"https:\/\/api.w.org\/{rel}","templated":true}]}}