{"id":173879,"date":"2020-11-04T11:33:24","date_gmt":"2020-11-04T10:33:24","guid":{"rendered":"https:\/\/miomiorun.com\/prodotto\/garmin-staffa-per-manubrio-tubolare\/"},"modified":"2025-03-06T16:01:45","modified_gmt":"2025-03-06T15:01:45","slug":"garmin-lenker-rohrbuegel","status":"publish","type":"product","link":"https:\/\/www.miomiorun.com\/de\/produkt\/garmin-lenker-rohrbuegel\/","title":{"rendered":"Lenker\/Rohrb\u00fcge"},"content":{"rendered":"<div class=\"top bottom\">\n<div class=\"top bottom\">Verwenden Sie das Ger\u00e4t f\u00fcr Outdoor-Aktivit\u00e4ten, die mit Fitnessaktivit\u00e4ten auf der Stra\u00dfe oder auf Wanderwegen kompatibel sind.<\/div>\n<div><\/div>\n<\/div>\n","protected":false},"excerpt":{"rendered":"<p>Verwenden Sie das Ger\u00e4t f\u00fcr Outdoor-Aktivit\u00e4ten, die mit Fitnessaktivit\u00e4ten auf der Stra\u00dfe oder auf Wanderwegen kompatibel sind.<\/p>\n","protected":false},"featured_media":53610,"template":"","meta":{"_acf_changed":false,"inline_featured_image":false},"product_brand":[],"product_cat":[3344,3345],"product_tag":[3346],"class_list":{"0":"post-173879","1":"product","2":"type-product","3":"status-publish","4":"has-post-thumbnail","6":"product_cat-garmin-de","7":"product_cat-zubehoer-de-2","8":"product_tag-garmin-de","9":"pa_marca-garmin-de","10":"pa_sesso-damen","11":"pa_sesso-herren","13":"first","14":"instock","15":"sale","16":"taxable","17":"shipping-taxable","18":"purchasable","19":"product-type-simple"},"acf":[],"yoast_head":"<!-- This site is optimized with the Yoast SEO plugin v26.8 - https:\/\/yoast.com\/product\/yoast-seo-wordpress\/ -->\n<title>Garmin Lenker\/Rohrb\u00fcge - Handheld-Zubeh\u00f6r - MioMioRun<\/title>\n<meta name=\"description\" content=\"Verwenden Sie das Ger\u00e4t f\u00fcr Outdoor-Aktivit\u00e4ten, die mit Fitnessaktivit\u00e4ten auf der Stra\u00dfe oder auf Wanderwegen kompatibel sind.\" \/>\n<meta name=\"robots\" content=\"index, follow, max-snippet:-1, max-image-preview:large, max-video-preview:-1\" \/>\n<link rel=\"canonical\" href=\"https:\/\/www.miomiorun.com\/de\/produkt\/garmin-lenker-rohrbuegel\/\" \/>\n<meta property=\"og:locale\" content=\"de_DE\" \/>\n<meta property=\"og:type\" content=\"article\" \/>\n<meta property=\"og:title\" content=\"Garmin Lenker\/Rohrb\u00fcge - Handheld-Zubeh\u00f6r - MioMioRun\" \/>\n<meta property=\"og:description\" content=\"Verwenden Sie das Ger\u00e4t f\u00fcr Outdoor-Aktivit\u00e4ten, die mit Fitnessaktivit\u00e4ten auf der Stra\u00dfe oder auf Wanderwegen kompatibel sind.\" \/>\n<meta property=\"og:url\" content=\"https:\/\/www.miomiorun.com\/de\/produkt\/garmin-lenker-rohrbuegel\/\" \/>\n<meta property=\"og:site_name\" content=\"MioMioRun\" \/>\n<meta property=\"article:publisher\" content=\"https:\/\/www.facebook.com\/miomiorun\/\" \/>\n<meta property=\"article:modified_time\" content=\"2025-03-06T15:01:45+00:00\" \/>\n<meta property=\"og:image\" content=\"https:\/\/www.miomiorun.com\/app\/uploads\/2020\/11\/garmin-staffa-per-manubrio-tubolare-010-11023-00.jpg\" \/>\n\t<meta property=\"og:image:width\" content=\"600\" \/>\n\t<meta property=\"og:image:height\" content=\"600\" \/>\n\t<meta property=\"og:image:type\" content=\"image\/jpeg\" \/>\n<meta name=\"twitter:card\" content=\"summary_large_image\" \/>\n<script type=\"application\/ld+json\" class=\"yoast-schema-graph\">{\"@context\":\"https:\/\/schema.org\",\"@graph\":[{\"@type\":\"WebPage\",\"@id\":\"https:\/\/www.miomiorun.com\/de\/produkt\/garmin-lenker-rohrbuegel\/\",\"url\":\"https:\/\/www.miomiorun.com\/de\/produkt\/garmin-lenker-rohrbuegel\/\",\"name\":\"Garmin Lenker\/Rohrb\u00fcge - Handheld-Zubeh\u00f6r - MioMioRun\",\"isPartOf\":{\"@id\":\"https:\/\/www.miomiorun.com\/de\/#website\"},\"primaryImageOfPage\":{\"@id\":\"https:\/\/www.miomiorun.com\/de\/produkt\/garmin-lenker-rohrbuegel\/#primaryimage\"},\"image\":{\"@id\":\"https:\/\/www.miomiorun.com\/de\/produkt\/garmin-lenker-rohrbuegel\/#primaryimage\"},\"thumbnailUrl\":\"https:\/\/www.miomiorun.com\/app\/uploads\/2020\/11\/garmin-staffa-per-manubrio-tubolare-010-11023-00.jpg\",\"datePublished\":\"2020-11-04T10:33:24+00:00\",\"dateModified\":\"2025-03-06T15:01:45+00:00\",\"description\":\"Verwenden Sie das Ger\u00e4t f\u00fcr Outdoor-Aktivit\u00e4ten, die mit Fitnessaktivit\u00e4ten auf der Stra\u00dfe oder auf Wanderwegen kompatibel sind.\",\"breadcrumb\":{\"@id\":\"https:\/\/www.miomiorun.com\/de\/produkt\/garmin-lenker-rohrbuegel\/#breadcrumb\"},\"inLanguage\":\"de-DE\",\"potentialAction\":[{\"@type\":\"ReadAction\",\"target\":[\"https:\/\/www.miomiorun.com\/de\/produkt\/garmin-lenker-rohrbuegel\/\"]}]},{\"@type\":\"ImageObject\",\"inLanguage\":\"de-DE\",\"@id\":\"https:\/\/www.miomiorun.com\/de\/produkt\/garmin-lenker-rohrbuegel\/#primaryimage\",\"url\":\"https:\/\/www.miomiorun.com\/app\/uploads\/2020\/11\/garmin-staffa-per-manubrio-tubolare-010-11023-00.jpg\",\"contentUrl\":\"https:\/\/www.miomiorun.com\/app\/uploads\/2020\/11\/garmin-staffa-per-manubrio-tubolare-010-11023-00.jpg\",\"width\":600,\"height\":600,\"caption\":\"garmin staffa per manubrio tubolare\"},{\"@type\":\"BreadcrumbList\",\"@id\":\"https:\/\/www.miomiorun.com\/de\/produkt\/garmin-lenker-rohrbuegel\/#breadcrumb\",\"itemListElement\":[{\"@type\":\"ListItem\",\"position\":1,\"name\":\"Home\",\"item\":\"https:\/\/www.miomiorun.com\/de\/\"},{\"@type\":\"ListItem\",\"position\":2,\"name\":\"Shop\",\"item\":\"https:\/\/www.miomiorun.com\/shop\/\"},{\"@type\":\"ListItem\",\"position\":3,\"name\":\"Lenker\/Rohrb\u00fcge\"}]},{\"@type\":\"WebSite\",\"@id\":\"https:\/\/www.miomiorun.com\/de\/#website\",\"url\":\"https:\/\/www.miomiorun.com\/de\/\",\"name\":\"MioMioRun\",\"description\":\"100% Lauf- und Trailshop\",\"publisher\":{\"@id\":\"https:\/\/www.miomiorun.com\/de\/#organization\"},\"potentialAction\":[{\"@type\":\"SearchAction\",\"target\":{\"@type\":\"EntryPoint\",\"urlTemplate\":\"https:\/\/www.miomiorun.com\/de\/?s={search_term_string}\"},\"query-input\":{\"@type\":\"PropertyValueSpecification\",\"valueRequired\":true,\"valueName\":\"search_term_string\"}}],\"inLanguage\":\"de-DE\"},{\"@type\":\"Organization\",\"@id\":\"https:\/\/www.miomiorun.com\/de\/#organization\",\"name\":\"MioMio Run\",\"url\":\"https:\/\/www.miomiorun.com\/de\/\",\"logo\":{\"@type\":\"ImageObject\",\"inLanguage\":\"de-DE\",\"@id\":\"https:\/\/www.miomiorun.com\/de\/#\/schema\/logo\/image\/\",\"url\":\"https:\/\/www.miomiorun.com\/app\/uploads\/2019\/12\/logomio.png\",\"contentUrl\":\"https:\/\/www.miomiorun.com\/app\/uploads\/2019\/12\/logomio.png\",\"width\":115,\"height\":82,\"caption\":\"MioMio Run\"},\"image\":{\"@id\":\"https:\/\/www.miomiorun.com\/de\/#\/schema\/logo\/image\/\"},\"sameAs\":[\"https:\/\/www.facebook.com\/miomiorun\/\",\"https:\/\/www.instagram.com\/miomiorun\/\"]}]}<\/script>\n<!-- \/ Yoast SEO plugin. -->","yoast_head_json":{"title":"Garmin Lenker\/Rohrb\u00fcge - Handheld-Zubeh\u00f6r - MioMioRun","description":"Verwenden Sie das Ger\u00e4t f\u00fcr Outdoor-Aktivit\u00e4ten, die mit Fitnessaktivit\u00e4ten auf der Stra\u00dfe oder auf Wanderwegen kompatibel sind.","robots":{"index":"index","follow":"follow","max-snippet":"max-snippet:-1","max-image-preview":"max-image-preview:large","max-video-preview":"max-video-preview:-1"},"canonical":"https:\/\/www.miomiorun.com\/de\/produkt\/garmin-lenker-rohrbuegel\/","og_locale":"de_DE","og_type":"article","og_title":"Garmin Lenker\/Rohrb\u00fcge - Handheld-Zubeh\u00f6r - MioMioRun","og_description":"Verwenden Sie das Ger\u00e4t f\u00fcr Outdoor-Aktivit\u00e4ten, die mit Fitnessaktivit\u00e4ten auf der Stra\u00dfe oder auf Wanderwegen kompatibel sind.","og_url":"https:\/\/www.miomiorun.com\/de\/produkt\/garmin-lenker-rohrbuegel\/","og_site_name":"MioMioRun","article_publisher":"https:\/\/www.facebook.com\/miomiorun\/","article_modified_time":"2025-03-06T15:01:45+00:00","og_image":[{"width":600,"height":600,"url":"https:\/\/www.miomiorun.com\/app\/uploads\/2020\/11\/garmin-staffa-per-manubrio-tubolare-010-11023-00.jpg","type":"image\/jpeg"}],"twitter_card":"summary_large_image","schema":{"@context":"https:\/\/schema.org","@graph":[{"@type":"WebPage","@id":"https:\/\/www.miomiorun.com\/de\/produkt\/garmin-lenker-rohrbuegel\/","url":"https:\/\/www.miomiorun.com\/de\/produkt\/garmin-lenker-rohrbuegel\/","name":"Garmin Lenker\/Rohrb\u00fcge - Handheld-Zubeh\u00f6r - MioMioRun","isPartOf":{"@id":"https:\/\/www.miomiorun.com\/de\/#website"},"primaryImageOfPage":{"@id":"https:\/\/www.miomiorun.com\/de\/produkt\/garmin-lenker-rohrbuegel\/#primaryimage"},"image":{"@id":"https:\/\/www.miomiorun.com\/de\/produkt\/garmin-lenker-rohrbuegel\/#primaryimage"},"thumbnailUrl":"https:\/\/www.miomiorun.com\/app\/uploads\/2020\/11\/garmin-staffa-per-manubrio-tubolare-010-11023-00.jpg","datePublished":"2020-11-04T10:33:24+00:00","dateModified":"2025-03-06T15:01:45+00:00","description":"Verwenden Sie das Ger\u00e4t f\u00fcr Outdoor-Aktivit\u00e4ten, die mit Fitnessaktivit\u00e4ten auf der Stra\u00dfe oder auf Wanderwegen kompatibel sind.","breadcrumb":{"@id":"https:\/\/www.miomiorun.com\/de\/produkt\/garmin-lenker-rohrbuegel\/#breadcrumb"},"inLanguage":"de-DE","potentialAction":[{"@type":"ReadAction","target":["https:\/\/www.miomiorun.com\/de\/produkt\/garmin-lenker-rohrbuegel\/"]}]},{"@type":"ImageObject","inLanguage":"de-DE","@id":"https:\/\/www.miomiorun.com\/de\/produkt\/garmin-lenker-rohrbuegel\/#primaryimage","url":"https:\/\/www.miomiorun.com\/app\/uploads\/2020\/11\/garmin-staffa-per-manubrio-tubolare-010-11023-00.jpg","contentUrl":"https:\/\/www.miomiorun.com\/app\/uploads\/2020\/11\/garmin-staffa-per-manubrio-tubolare-010-11023-00.jpg","width":600,"height":600,"caption":"garmin staffa per manubrio tubolare"},{"@type":"BreadcrumbList","@id":"https:\/\/www.miomiorun.com\/de\/produkt\/garmin-lenker-rohrbuegel\/#breadcrumb","itemListElement":[{"@type":"ListItem","position":1,"name":"Home","item":"https:\/\/www.miomiorun.com\/de\/"},{"@type":"ListItem","position":2,"name":"Shop","item":"https:\/\/www.miomiorun.com\/shop\/"},{"@type":"ListItem","position":3,"name":"Lenker\/Rohrb\u00fcge"}]},{"@type":"WebSite","@id":"https:\/\/www.miomiorun.com\/de\/#website","url":"https:\/\/www.miomiorun.com\/de\/","name":"MioMioRun","description":"100% Lauf- und Trailshop","publisher":{"@id":"https:\/\/www.miomiorun.com\/de\/#organization"},"potentialAction":[{"@type":"SearchAction","target":{"@type":"EntryPoint","urlTemplate":"https:\/\/www.miomiorun.com\/de\/?s={search_term_string}"},"query-input":{"@type":"PropertyValueSpecification","valueRequired":true,"valueName":"search_term_string"}}],"inLanguage":"de-DE"},{"@type":"Organization","@id":"https:\/\/www.miomiorun.com\/de\/#organization","name":"MioMio Run","url":"https:\/\/www.miomiorun.com\/de\/","logo":{"@type":"ImageObject","inLanguage":"de-DE","@id":"https:\/\/www.miomiorun.com\/de\/#\/schema\/logo\/image\/","url":"https:\/\/www.miomiorun.com\/app\/uploads\/2019\/12\/logomio.png","contentUrl":"https:\/\/www.miomiorun.com\/app\/uploads\/2019\/12\/logomio.png","width":115,"height":82,"caption":"MioMio Run"},"image":{"@id":"https:\/\/www.miomiorun.com\/de\/#\/schema\/logo\/image\/"},"sameAs":["https:\/\/www.facebook.com\/miomiorun\/","https:\/\/www.instagram.com\/miomiorun\/"]}]}},"_links":{"self":[{"href":"https:\/\/www.miomiorun.com\/de\/wp-json\/wp\/v2\/product\/173879","targetHints":{"allow":["GET"]}}],"collection":[{"href":"https:\/\/www.miomiorun.com\/de\/wp-json\/wp\/v2\/product"}],"about":[{"href":"https:\/\/www.miomiorun.com\/de\/wp-json\/wp\/v2\/types\/product"}],"wp:featuredmedia":[{"embeddable":true,"href":"https:\/\/www.miomiorun.com\/de\/wp-json\/wp\/v2\/media\/53610"}],"wp:attachment":[{"href":"https:\/\/www.miomiorun.com\/de\/wp-json\/wp\/v2\/media?parent=173879"}],"wp:term":[{"taxonomy":"product_brand","embeddable":true,"href":"https:\/\/www.miomiorun.com\/de\/wp-json\/wp\/v2\/product_brand?post=173879"},{"taxonomy":"product_cat","embeddable":true,"href":"https:\/\/www.miomiorun.com\/de\/wp-json\/wp\/v2\/product_cat?post=173879"},{"taxonomy":"product_tag","embeddable":true,"href":"https:\/\/www.miomiorun.com\/de\/wp-json\/wp\/v2\/product_tag?post=173879"}],"curies":[{"name":"wp","href":"https:\/\/api.w.org\/{rel}","templated":true}]}}