{"id":173869,"date":"2021-03-03T19:13:56","date_gmt":"2021-03-03T18:13:56","guid":{"rendered":"https:\/\/miomiorun.com\/prodotto\/garmin-cinturini-in-nylon-ultrafit-26-mm\/"},"modified":"2025-03-06T15:58:15","modified_gmt":"2025-03-06T14:58:15","slug":"garmin-ultrafit-nylon-riemen-26-mm","status":"publish","type":"product","link":"https:\/\/www.miomiorun.com\/de\/produkt\/garmin-ultrafit-nylon-riemen-26-mm\/","title":{"rendered":"UltraFit-Nylon-Riemen (26 mm)"},"content":{"rendered":"<div class=\"vc-row container\"><div class=\"vc-column\"><div class=\"vc-column-text\">\u00c4ndern und ersetzen Sie die Art und Weise, wie Sie Ihre Uhr an Ihrem Handgelenk befestigen, mit diesem ultraleichten 26-mm-Band. Das UltraFit-Nylonband ist leicht verstellbar, passt in die Stifte und wird mit einem Klettverschluss geschlossen. Es bietet unvergleichlichen Komfort, perfekt f\u00fcr Leistung und l\u00e4ngeren Gebrauch. UltraFit ist noch robuster dank der Elastizit\u00e4t des doppellagigen, antimikrobiellen Nylons, das die Feuchtigkeit ableitet.<\/div><\/div><\/div>\n","protected":false},"excerpt":{"rendered":"","protected":false},"featured_media":54460,"template":"","meta":{"_acf_changed":false,"inline_featured_image":false},"product_brand":[],"product_cat":[3344,3345],"product_tag":[3346],"class_list":{"0":"post-173869","1":"product","2":"type-product","3":"status-publish","4":"has-post-thumbnail","6":"product_cat-garmin-de","7":"product_cat-zubehoer-de-2","8":"product_tag-garmin-de","9":"pa_colore-cinturino-in-nylon-ultrafit-26-mm-black-de","10":"pa_colore-cinturino-nylon-ultrafit-26-flame-red-de","11":"pa_colore-cinturino-nylon-ultrafit-26-granite-blue-de","12":"pa_colore-cinturino-nylon-ultrafit-26mm-de","13":"pa_colore-cinturino-ultrafit-2-26-mm-gray-de","14":"pa_colore-ultrafit-nylon-26-mm-amp-yellow-de","15":"pa_colore-cinturino-nylon-26mm-grigio-de","16":"pa_marca-garmin-de","17":"pa_sesso-damen","18":"pa_sesso-herren","20":"first","21":"instock","22":"sale","23":"taxable","24":"shipping-taxable","25":"purchasable","26":"product-type-variable","27":"wvs-archive-product-wrapper"},"acf":[],"yoast_head":"<!-- This site is optimized with the Yoast SEO plugin v26.8 - https:\/\/yoast.com\/product\/yoast-seo-wordpress\/ -->\n<title>Garmin UltraFit-Nylon-Riemen (26 mm) - garmin zubeh\u00f6r - MioMioRun<\/title>\n<meta name=\"description\" content=\"Leicht verstellbarer Nylonriemen, der in die Stifte passt und mit Klettverschluss befestigt wird. Bietet un\u00fcbertroffenen Komfort\" \/>\n<meta name=\"robots\" content=\"index, follow, max-snippet:-1, max-image-preview:large, max-video-preview:-1\" \/>\n<link rel=\"canonical\" href=\"https:\/\/www.miomiorun.com\/de\/produkt\/garmin-ultrafit-nylon-riemen-26-mm\/\" \/>\n<meta property=\"og:locale\" content=\"de_DE\" \/>\n<meta property=\"og:type\" content=\"article\" \/>\n<meta property=\"og:title\" content=\"Garmin UltraFit-Nylon-Riemen (26 mm) - garmin zubeh\u00f6r - MioMioRun\" \/>\n<meta property=\"og:description\" content=\"Leicht verstellbarer Nylonriemen, der in die Stifte passt und mit Klettverschluss befestigt wird. Bietet un\u00fcbertroffenen Komfort\" \/>\n<meta property=\"og:url\" content=\"https:\/\/www.miomiorun.com\/de\/produkt\/garmin-ultrafit-nylon-riemen-26-mm\/\" \/>\n<meta property=\"og:site_name\" content=\"MioMioRun\" \/>\n<meta property=\"article:publisher\" content=\"https:\/\/www.facebook.com\/miomiorun\/\" \/>\n<meta property=\"article:modified_time\" content=\"2025-03-06T14:58:15+00:00\" \/>\n<meta property=\"og:image\" content=\"https:\/\/www.miomiorun.com\/app\/uploads\/2021\/03\/garmin-cinturino-nylon-010-13075-01.jpg\" \/>\n\t<meta property=\"og:image:width\" content=\"600\" \/>\n\t<meta property=\"og:image:height\" content=\"600\" \/>\n\t<meta property=\"og:image:type\" content=\"image\/jpeg\" \/>\n<meta name=\"twitter:card\" content=\"summary_large_image\" \/>\n<script type=\"application\/ld+json\" class=\"yoast-schema-graph\">{\"@context\":\"https:\/\/schema.org\",\"@graph\":[{\"@type\":\"WebPage\",\"@id\":\"https:\/\/www.miomiorun.com\/de\/produkt\/garmin-ultrafit-nylon-riemen-26-mm\/\",\"url\":\"https:\/\/www.miomiorun.com\/de\/produkt\/garmin-ultrafit-nylon-riemen-26-mm\/\",\"name\":\"Garmin UltraFit-Nylon-Riemen (26 mm) - garmin zubeh\u00f6r - MioMioRun\",\"isPartOf\":{\"@id\":\"https:\/\/www.miomiorun.com\/de\/#website\"},\"primaryImageOfPage\":{\"@id\":\"https:\/\/www.miomiorun.com\/de\/produkt\/garmin-ultrafit-nylon-riemen-26-mm\/#primaryimage\"},\"image\":{\"@id\":\"https:\/\/www.miomiorun.com\/de\/produkt\/garmin-ultrafit-nylon-riemen-26-mm\/#primaryimage\"},\"thumbnailUrl\":\"https:\/\/www.miomiorun.com\/app\/uploads\/2021\/03\/garmin-cinturino-nylon-010-13075-01.jpg\",\"datePublished\":\"2021-03-03T18:13:56+00:00\",\"dateModified\":\"2025-03-06T14:58:15+00:00\",\"description\":\"Leicht verstellbarer Nylonriemen, der in die Stifte passt und mit Klettverschluss befestigt wird. Bietet un\u00fcbertroffenen Komfort\",\"breadcrumb\":{\"@id\":\"https:\/\/www.miomiorun.com\/de\/produkt\/garmin-ultrafit-nylon-riemen-26-mm\/#breadcrumb\"},\"inLanguage\":\"de-DE\",\"potentialAction\":[{\"@type\":\"ReadAction\",\"target\":[\"https:\/\/www.miomiorun.com\/de\/produkt\/garmin-ultrafit-nylon-riemen-26-mm\/\"]}]},{\"@type\":\"ImageObject\",\"inLanguage\":\"de-DE\",\"@id\":\"https:\/\/www.miomiorun.com\/de\/produkt\/garmin-ultrafit-nylon-riemen-26-mm\/#primaryimage\",\"url\":\"https:\/\/www.miomiorun.com\/app\/uploads\/2021\/03\/garmin-cinturino-nylon-010-13075-01.jpg\",\"contentUrl\":\"https:\/\/www.miomiorun.com\/app\/uploads\/2021\/03\/garmin-cinturino-nylon-010-13075-01.jpg\",\"width\":600,\"height\":600,\"caption\":\"garmin cinturino nylon ultrafit\"},{\"@type\":\"BreadcrumbList\",\"@id\":\"https:\/\/www.miomiorun.com\/de\/produkt\/garmin-ultrafit-nylon-riemen-26-mm\/#breadcrumb\",\"itemListElement\":[{\"@type\":\"ListItem\",\"position\":1,\"name\":\"Home\",\"item\":\"https:\/\/www.miomiorun.com\/de\/\"},{\"@type\":\"ListItem\",\"position\":2,\"name\":\"Shop\",\"item\":\"https:\/\/www.miomiorun.com\/shop\/\"},{\"@type\":\"ListItem\",\"position\":3,\"name\":\"UltraFit-Nylon-Riemen (26 mm)\"}]},{\"@type\":\"WebSite\",\"@id\":\"https:\/\/www.miomiorun.com\/de\/#website\",\"url\":\"https:\/\/www.miomiorun.com\/de\/\",\"name\":\"MioMioRun\",\"description\":\"100% Lauf- und Trailshop\",\"publisher\":{\"@id\":\"https:\/\/www.miomiorun.com\/de\/#organization\"},\"potentialAction\":[{\"@type\":\"SearchAction\",\"target\":{\"@type\":\"EntryPoint\",\"urlTemplate\":\"https:\/\/www.miomiorun.com\/de\/?s={search_term_string}\"},\"query-input\":{\"@type\":\"PropertyValueSpecification\",\"valueRequired\":true,\"valueName\":\"search_term_string\"}}],\"inLanguage\":\"de-DE\"},{\"@type\":\"Organization\",\"@id\":\"https:\/\/www.miomiorun.com\/de\/#organization\",\"name\":\"MioMio Run\",\"url\":\"https:\/\/www.miomiorun.com\/de\/\",\"logo\":{\"@type\":\"ImageObject\",\"inLanguage\":\"de-DE\",\"@id\":\"https:\/\/www.miomiorun.com\/de\/#\/schema\/logo\/image\/\",\"url\":\"https:\/\/www.miomiorun.com\/app\/uploads\/2019\/12\/logomio.png\",\"contentUrl\":\"https:\/\/www.miomiorun.com\/app\/uploads\/2019\/12\/logomio.png\",\"width\":115,\"height\":82,\"caption\":\"MioMio Run\"},\"image\":{\"@id\":\"https:\/\/www.miomiorun.com\/de\/#\/schema\/logo\/image\/\"},\"sameAs\":[\"https:\/\/www.facebook.com\/miomiorun\/\",\"https:\/\/www.instagram.com\/miomiorun\/\"]}]}<\/script>\n<!-- \/ Yoast SEO plugin. -->","yoast_head_json":{"title":"Garmin UltraFit-Nylon-Riemen (26 mm) - garmin zubeh\u00f6r - MioMioRun","description":"Leicht verstellbarer Nylonriemen, der in die Stifte passt und mit Klettverschluss befestigt wird. Bietet un\u00fcbertroffenen Komfort","robots":{"index":"index","follow":"follow","max-snippet":"max-snippet:-1","max-image-preview":"max-image-preview:large","max-video-preview":"max-video-preview:-1"},"canonical":"https:\/\/www.miomiorun.com\/de\/produkt\/garmin-ultrafit-nylon-riemen-26-mm\/","og_locale":"de_DE","og_type":"article","og_title":"Garmin UltraFit-Nylon-Riemen (26 mm) - garmin zubeh\u00f6r - MioMioRun","og_description":"Leicht verstellbarer Nylonriemen, der in die Stifte passt und mit Klettverschluss befestigt wird. Bietet un\u00fcbertroffenen Komfort","og_url":"https:\/\/www.miomiorun.com\/de\/produkt\/garmin-ultrafit-nylon-riemen-26-mm\/","og_site_name":"MioMioRun","article_publisher":"https:\/\/www.facebook.com\/miomiorun\/","article_modified_time":"2025-03-06T14:58:15+00:00","og_image":[{"width":600,"height":600,"url":"https:\/\/www.miomiorun.com\/app\/uploads\/2021\/03\/garmin-cinturino-nylon-010-13075-01.jpg","type":"image\/jpeg"}],"twitter_card":"summary_large_image","schema":{"@context":"https:\/\/schema.org","@graph":[{"@type":"WebPage","@id":"https:\/\/www.miomiorun.com\/de\/produkt\/garmin-ultrafit-nylon-riemen-26-mm\/","url":"https:\/\/www.miomiorun.com\/de\/produkt\/garmin-ultrafit-nylon-riemen-26-mm\/","name":"Garmin UltraFit-Nylon-Riemen (26 mm) - garmin zubeh\u00f6r - MioMioRun","isPartOf":{"@id":"https:\/\/www.miomiorun.com\/de\/#website"},"primaryImageOfPage":{"@id":"https:\/\/www.miomiorun.com\/de\/produkt\/garmin-ultrafit-nylon-riemen-26-mm\/#primaryimage"},"image":{"@id":"https:\/\/www.miomiorun.com\/de\/produkt\/garmin-ultrafit-nylon-riemen-26-mm\/#primaryimage"},"thumbnailUrl":"https:\/\/www.miomiorun.com\/app\/uploads\/2021\/03\/garmin-cinturino-nylon-010-13075-01.jpg","datePublished":"2021-03-03T18:13:56+00:00","dateModified":"2025-03-06T14:58:15+00:00","description":"Leicht verstellbarer Nylonriemen, der in die Stifte passt und mit Klettverschluss befestigt wird. Bietet un\u00fcbertroffenen Komfort","breadcrumb":{"@id":"https:\/\/www.miomiorun.com\/de\/produkt\/garmin-ultrafit-nylon-riemen-26-mm\/#breadcrumb"},"inLanguage":"de-DE","potentialAction":[{"@type":"ReadAction","target":["https:\/\/www.miomiorun.com\/de\/produkt\/garmin-ultrafit-nylon-riemen-26-mm\/"]}]},{"@type":"ImageObject","inLanguage":"de-DE","@id":"https:\/\/www.miomiorun.com\/de\/produkt\/garmin-ultrafit-nylon-riemen-26-mm\/#primaryimage","url":"https:\/\/www.miomiorun.com\/app\/uploads\/2021\/03\/garmin-cinturino-nylon-010-13075-01.jpg","contentUrl":"https:\/\/www.miomiorun.com\/app\/uploads\/2021\/03\/garmin-cinturino-nylon-010-13075-01.jpg","width":600,"height":600,"caption":"garmin cinturino nylon ultrafit"},{"@type":"BreadcrumbList","@id":"https:\/\/www.miomiorun.com\/de\/produkt\/garmin-ultrafit-nylon-riemen-26-mm\/#breadcrumb","itemListElement":[{"@type":"ListItem","position":1,"name":"Home","item":"https:\/\/www.miomiorun.com\/de\/"},{"@type":"ListItem","position":2,"name":"Shop","item":"https:\/\/www.miomiorun.com\/shop\/"},{"@type":"ListItem","position":3,"name":"UltraFit-Nylon-Riemen (26 mm)"}]},{"@type":"WebSite","@id":"https:\/\/www.miomiorun.com\/de\/#website","url":"https:\/\/www.miomiorun.com\/de\/","name":"MioMioRun","description":"100% Lauf- und Trailshop","publisher":{"@id":"https:\/\/www.miomiorun.com\/de\/#organization"},"potentialAction":[{"@type":"SearchAction","target":{"@type":"EntryPoint","urlTemplate":"https:\/\/www.miomiorun.com\/de\/?s={search_term_string}"},"query-input":{"@type":"PropertyValueSpecification","valueRequired":true,"valueName":"search_term_string"}}],"inLanguage":"de-DE"},{"@type":"Organization","@id":"https:\/\/www.miomiorun.com\/de\/#organization","name":"MioMio Run","url":"https:\/\/www.miomiorun.com\/de\/","logo":{"@type":"ImageObject","inLanguage":"de-DE","@id":"https:\/\/www.miomiorun.com\/de\/#\/schema\/logo\/image\/","url":"https:\/\/www.miomiorun.com\/app\/uploads\/2019\/12\/logomio.png","contentUrl":"https:\/\/www.miomiorun.com\/app\/uploads\/2019\/12\/logomio.png","width":115,"height":82,"caption":"MioMio Run"},"image":{"@id":"https:\/\/www.miomiorun.com\/de\/#\/schema\/logo\/image\/"},"sameAs":["https:\/\/www.facebook.com\/miomiorun\/","https:\/\/www.instagram.com\/miomiorun\/"]}]}},"_links":{"self":[{"href":"https:\/\/www.miomiorun.com\/de\/wp-json\/wp\/v2\/product\/173869","targetHints":{"allow":["GET"]}}],"collection":[{"href":"https:\/\/www.miomiorun.com\/de\/wp-json\/wp\/v2\/product"}],"about":[{"href":"https:\/\/www.miomiorun.com\/de\/wp-json\/wp\/v2\/types\/product"}],"wp:featuredmedia":[{"embeddable":true,"href":"https:\/\/www.miomiorun.com\/de\/wp-json\/wp\/v2\/media\/54460"}],"wp:attachment":[{"href":"https:\/\/www.miomiorun.com\/de\/wp-json\/wp\/v2\/media?parent=173869"}],"wp:term":[{"taxonomy":"product_brand","embeddable":true,"href":"https:\/\/www.miomiorun.com\/de\/wp-json\/wp\/v2\/product_brand?post=173869"},{"taxonomy":"product_cat","embeddable":true,"href":"https:\/\/www.miomiorun.com\/de\/wp-json\/wp\/v2\/product_cat?post=173869"},{"taxonomy":"product_tag","embeddable":true,"href":"https:\/\/www.miomiorun.com\/de\/wp-json\/wp\/v2\/product_tag?post=173869"}],"curies":[{"name":"wp","href":"https:\/\/api.w.org\/{rel}","templated":true}]}}