{"id":173835,"date":"2022-02-10T17:23:15","date_gmt":"2022-02-10T16:23:15","guid":{"rendered":"https:\/\/miomiorun.com\/prodotto\/garmin-cinturini-a-rilascio-rapido22-mm\/"},"modified":"2025-03-06T15:56:47","modified_gmt":"2025-03-06T14:56:47","slug":"garmin-riemen-schnellspanner-22mm","status":"publish","type":"product","link":"https:\/\/www.miomiorun.com\/de\/produkt\/garmin-riemen-schnellspanner-22mm\/","title":{"rendered":"Schnellspanngurte (22 mm)"},"content":{"rendered":"<p>Genie\u00dfen Sie die Eleganz und Funktionalit\u00e4t dieser verstellbaren Schnellwechselarmb\u00e4nder f\u00fcr Ihre kompatible Garmin-Uhr. L\u00f6sen Sie die Armb\u00e4nder einfach durch Verschieben des Riegels und bringen Sie andere an, um Ihr Accessoire individuell zu gestalten.<\/p>\n","protected":false},"excerpt":{"rendered":"<p>Genie\u00dfen Sie die Eleganz und Funktionalit\u00e4t dieser verstellbaren Schnellwechselarmb\u00e4nder f\u00fcr Ihre kompatible Garmin-Uhr. L\u00f6sen Sie die Armb\u00e4nder einfach durch Verschieben des Riegels und bringen Sie andere an, um Ihr Accessoire individuell zu gestalten.<\/p>\n","protected":false},"featured_media":60573,"template":"","meta":{"_acf_changed":false,"inline_featured_image":false},"product_brand":[],"product_cat":[3344,3345],"product_tag":[3346],"class_list":{"0":"post-173835","1":"product","2":"type-product","3":"status-publish","4":"has-post-thumbnail","6":"product_cat-garmin-de","7":"product_cat-zubehoer-de-2","8":"product_tag-garmin-de","9":"pa_colore-cinturino-22mm-purple-quick-release-de","10":"pa_colore-quick-release-22-mm-aqua-black-de","11":"pa_colore-quick-release-22-mm-black-grey-de","12":"pa_colore-quick-release-22-mm-whitestone-powder-grey-de","13":"pa_colore-quickrelease-22-mm-black-de","14":"pa_colore-quickrelease-22-mm-white-de","15":"pa_colore-cinturino-quickrelease-22-mm-black-de","16":"pa_marca-garmin-de","17":"pa_sesso-damen","18":"pa_sesso-herren","20":"first","21":"instock","22":"sale","23":"taxable","24":"shipping-taxable","25":"purchasable","26":"product-type-variable","27":"wvs-archive-product-wrapper"},"acf":[],"yoast_head":"<!-- This site is optimized with the Yoast SEO plugin v26.8 - https:\/\/yoast.com\/product\/yoast-seo-wordpress\/ -->\n<title>Garmin Schnellspanngurte (22 mm) - garmin zubeh\u00f6r - MioMioRun<\/title>\n<meta name=\"description\" content=\"Genie\u00dfen Sie die Eleganz und Funktionalit\u00e4t dieser verstellbaren Armb\u00e4nder mit Schnellverschluss f\u00fcr Ihre kompatible Garmin-Uhr.\" \/>\n<meta name=\"robots\" content=\"index, follow, max-snippet:-1, max-image-preview:large, max-video-preview:-1\" \/>\n<link rel=\"canonical\" href=\"https:\/\/www.miomiorun.com\/de\/produkt\/garmin-riemen-schnellspanner-22mm\/\" \/>\n<meta property=\"og:locale\" content=\"de_DE\" \/>\n<meta property=\"og:type\" content=\"article\" \/>\n<meta property=\"og:title\" content=\"Garmin Schnellspanngurte (22 mm) - garmin zubeh\u00f6r - MioMioRun\" \/>\n<meta property=\"og:description\" content=\"Genie\u00dfen Sie die Eleganz und Funktionalit\u00e4t dieser verstellbaren Armb\u00e4nder mit Schnellverschluss f\u00fcr Ihre kompatible Garmin-Uhr.\" \/>\n<meta property=\"og:url\" content=\"https:\/\/www.miomiorun.com\/de\/produkt\/garmin-riemen-schnellspanner-22mm\/\" \/>\n<meta property=\"og:site_name\" content=\"MioMioRun\" \/>\n<meta property=\"article:publisher\" content=\"https:\/\/www.facebook.com\/miomiorun\/\" \/>\n<meta property=\"article:modified_time\" content=\"2025-03-06T14:56:47+00:00\" \/>\n<meta property=\"og:image\" content=\"https:\/\/www.miomiorun.com\/app\/uploads\/2022\/02\/garmin-quickrelease-22-mm-010-12932-21.jpg\" \/>\n\t<meta property=\"og:image:width\" content=\"600\" \/>\n\t<meta property=\"og:image:height\" content=\"600\" \/>\n\t<meta property=\"og:image:type\" content=\"image\/jpeg\" \/>\n<meta name=\"twitter:card\" content=\"summary_large_image\" \/>\n<script type=\"application\/ld+json\" class=\"yoast-schema-graph\">{\"@context\":\"https:\/\/schema.org\",\"@graph\":[{\"@type\":\"WebPage\",\"@id\":\"https:\/\/www.miomiorun.com\/de\/produkt\/garmin-riemen-schnellspanner-22mm\/\",\"url\":\"https:\/\/www.miomiorun.com\/de\/produkt\/garmin-riemen-schnellspanner-22mm\/\",\"name\":\"Garmin Schnellspanngurte (22 mm) - garmin zubeh\u00f6r - MioMioRun\",\"isPartOf\":{\"@id\":\"https:\/\/www.miomiorun.com\/de\/#website\"},\"primaryImageOfPage\":{\"@id\":\"https:\/\/www.miomiorun.com\/de\/produkt\/garmin-riemen-schnellspanner-22mm\/#primaryimage\"},\"image\":{\"@id\":\"https:\/\/www.miomiorun.com\/de\/produkt\/garmin-riemen-schnellspanner-22mm\/#primaryimage\"},\"thumbnailUrl\":\"https:\/\/www.miomiorun.com\/app\/uploads\/2022\/02\/garmin-quickrelease-22-mm-010-12932-21.jpg\",\"datePublished\":\"2022-02-10T16:23:15+00:00\",\"dateModified\":\"2025-03-06T14:56:47+00:00\",\"description\":\"Genie\u00dfen Sie die Eleganz und Funktionalit\u00e4t dieser verstellbaren Armb\u00e4nder mit Schnellverschluss f\u00fcr Ihre kompatible Garmin-Uhr.\",\"breadcrumb\":{\"@id\":\"https:\/\/www.miomiorun.com\/de\/produkt\/garmin-riemen-schnellspanner-22mm\/#breadcrumb\"},\"inLanguage\":\"de-DE\",\"potentialAction\":[{\"@type\":\"ReadAction\",\"target\":[\"https:\/\/www.miomiorun.com\/de\/produkt\/garmin-riemen-schnellspanner-22mm\/\"]}]},{\"@type\":\"ImageObject\",\"inLanguage\":\"de-DE\",\"@id\":\"https:\/\/www.miomiorun.com\/de\/produkt\/garmin-riemen-schnellspanner-22mm\/#primaryimage\",\"url\":\"https:\/\/www.miomiorun.com\/app\/uploads\/2022\/02\/garmin-quickrelease-22-mm-010-12932-21.jpg\",\"contentUrl\":\"https:\/\/www.miomiorun.com\/app\/uploads\/2022\/02\/garmin-quickrelease-22-mm-010-12932-21.jpg\",\"width\":600,\"height\":600,\"caption\":\"garmin-quickrelease-22-mm-010-12932-21\"},{\"@type\":\"BreadcrumbList\",\"@id\":\"https:\/\/www.miomiorun.com\/de\/produkt\/garmin-riemen-schnellspanner-22mm\/#breadcrumb\",\"itemListElement\":[{\"@type\":\"ListItem\",\"position\":1,\"name\":\"Home\",\"item\":\"https:\/\/www.miomiorun.com\/de\/\"},{\"@type\":\"ListItem\",\"position\":2,\"name\":\"Shop\",\"item\":\"https:\/\/www.miomiorun.com\/shop\/\"},{\"@type\":\"ListItem\",\"position\":3,\"name\":\"Schnellspanngurte (22 mm)\"}]},{\"@type\":\"WebSite\",\"@id\":\"https:\/\/www.miomiorun.com\/de\/#website\",\"url\":\"https:\/\/www.miomiorun.com\/de\/\",\"name\":\"MioMioRun\",\"description\":\"100% Lauf- und Trailshop\",\"publisher\":{\"@id\":\"https:\/\/www.miomiorun.com\/de\/#organization\"},\"potentialAction\":[{\"@type\":\"SearchAction\",\"target\":{\"@type\":\"EntryPoint\",\"urlTemplate\":\"https:\/\/www.miomiorun.com\/de\/?s={search_term_string}\"},\"query-input\":{\"@type\":\"PropertyValueSpecification\",\"valueRequired\":true,\"valueName\":\"search_term_string\"}}],\"inLanguage\":\"de-DE\"},{\"@type\":\"Organization\",\"@id\":\"https:\/\/www.miomiorun.com\/de\/#organization\",\"name\":\"MioMio Run\",\"url\":\"https:\/\/www.miomiorun.com\/de\/\",\"logo\":{\"@type\":\"ImageObject\",\"inLanguage\":\"de-DE\",\"@id\":\"https:\/\/www.miomiorun.com\/de\/#\/schema\/logo\/image\/\",\"url\":\"https:\/\/www.miomiorun.com\/app\/uploads\/2019\/12\/logomio.png\",\"contentUrl\":\"https:\/\/www.miomiorun.com\/app\/uploads\/2019\/12\/logomio.png\",\"width\":115,\"height\":82,\"caption\":\"MioMio Run\"},\"image\":{\"@id\":\"https:\/\/www.miomiorun.com\/de\/#\/schema\/logo\/image\/\"},\"sameAs\":[\"https:\/\/www.facebook.com\/miomiorun\/\",\"https:\/\/www.instagram.com\/miomiorun\/\"]}]}<\/script>\n<!-- \/ Yoast SEO plugin. -->","yoast_head_json":{"title":"Garmin Schnellspanngurte (22 mm) - garmin zubeh\u00f6r - MioMioRun","description":"Genie\u00dfen Sie die Eleganz und Funktionalit\u00e4t dieser verstellbaren Armb\u00e4nder mit Schnellverschluss f\u00fcr Ihre kompatible Garmin-Uhr.","robots":{"index":"index","follow":"follow","max-snippet":"max-snippet:-1","max-image-preview":"max-image-preview:large","max-video-preview":"max-video-preview:-1"},"canonical":"https:\/\/www.miomiorun.com\/de\/produkt\/garmin-riemen-schnellspanner-22mm\/","og_locale":"de_DE","og_type":"article","og_title":"Garmin Schnellspanngurte (22 mm) - garmin zubeh\u00f6r - MioMioRun","og_description":"Genie\u00dfen Sie die Eleganz und Funktionalit\u00e4t dieser verstellbaren Armb\u00e4nder mit Schnellverschluss f\u00fcr Ihre kompatible Garmin-Uhr.","og_url":"https:\/\/www.miomiorun.com\/de\/produkt\/garmin-riemen-schnellspanner-22mm\/","og_site_name":"MioMioRun","article_publisher":"https:\/\/www.facebook.com\/miomiorun\/","article_modified_time":"2025-03-06T14:56:47+00:00","og_image":[{"width":600,"height":600,"url":"https:\/\/www.miomiorun.com\/app\/uploads\/2022\/02\/garmin-quickrelease-22-mm-010-12932-21.jpg","type":"image\/jpeg"}],"twitter_card":"summary_large_image","schema":{"@context":"https:\/\/schema.org","@graph":[{"@type":"WebPage","@id":"https:\/\/www.miomiorun.com\/de\/produkt\/garmin-riemen-schnellspanner-22mm\/","url":"https:\/\/www.miomiorun.com\/de\/produkt\/garmin-riemen-schnellspanner-22mm\/","name":"Garmin Schnellspanngurte (22 mm) - garmin zubeh\u00f6r - MioMioRun","isPartOf":{"@id":"https:\/\/www.miomiorun.com\/de\/#website"},"primaryImageOfPage":{"@id":"https:\/\/www.miomiorun.com\/de\/produkt\/garmin-riemen-schnellspanner-22mm\/#primaryimage"},"image":{"@id":"https:\/\/www.miomiorun.com\/de\/produkt\/garmin-riemen-schnellspanner-22mm\/#primaryimage"},"thumbnailUrl":"https:\/\/www.miomiorun.com\/app\/uploads\/2022\/02\/garmin-quickrelease-22-mm-010-12932-21.jpg","datePublished":"2022-02-10T16:23:15+00:00","dateModified":"2025-03-06T14:56:47+00:00","description":"Genie\u00dfen Sie die Eleganz und Funktionalit\u00e4t dieser verstellbaren Armb\u00e4nder mit Schnellverschluss f\u00fcr Ihre kompatible Garmin-Uhr.","breadcrumb":{"@id":"https:\/\/www.miomiorun.com\/de\/produkt\/garmin-riemen-schnellspanner-22mm\/#breadcrumb"},"inLanguage":"de-DE","potentialAction":[{"@type":"ReadAction","target":["https:\/\/www.miomiorun.com\/de\/produkt\/garmin-riemen-schnellspanner-22mm\/"]}]},{"@type":"ImageObject","inLanguage":"de-DE","@id":"https:\/\/www.miomiorun.com\/de\/produkt\/garmin-riemen-schnellspanner-22mm\/#primaryimage","url":"https:\/\/www.miomiorun.com\/app\/uploads\/2022\/02\/garmin-quickrelease-22-mm-010-12932-21.jpg","contentUrl":"https:\/\/www.miomiorun.com\/app\/uploads\/2022\/02\/garmin-quickrelease-22-mm-010-12932-21.jpg","width":600,"height":600,"caption":"garmin-quickrelease-22-mm-010-12932-21"},{"@type":"BreadcrumbList","@id":"https:\/\/www.miomiorun.com\/de\/produkt\/garmin-riemen-schnellspanner-22mm\/#breadcrumb","itemListElement":[{"@type":"ListItem","position":1,"name":"Home","item":"https:\/\/www.miomiorun.com\/de\/"},{"@type":"ListItem","position":2,"name":"Shop","item":"https:\/\/www.miomiorun.com\/shop\/"},{"@type":"ListItem","position":3,"name":"Schnellspanngurte (22 mm)"}]},{"@type":"WebSite","@id":"https:\/\/www.miomiorun.com\/de\/#website","url":"https:\/\/www.miomiorun.com\/de\/","name":"MioMioRun","description":"100% Lauf- und Trailshop","publisher":{"@id":"https:\/\/www.miomiorun.com\/de\/#organization"},"potentialAction":[{"@type":"SearchAction","target":{"@type":"EntryPoint","urlTemplate":"https:\/\/www.miomiorun.com\/de\/?s={search_term_string}"},"query-input":{"@type":"PropertyValueSpecification","valueRequired":true,"valueName":"search_term_string"}}],"inLanguage":"de-DE"},{"@type":"Organization","@id":"https:\/\/www.miomiorun.com\/de\/#organization","name":"MioMio Run","url":"https:\/\/www.miomiorun.com\/de\/","logo":{"@type":"ImageObject","inLanguage":"de-DE","@id":"https:\/\/www.miomiorun.com\/de\/#\/schema\/logo\/image\/","url":"https:\/\/www.miomiorun.com\/app\/uploads\/2019\/12\/logomio.png","contentUrl":"https:\/\/www.miomiorun.com\/app\/uploads\/2019\/12\/logomio.png","width":115,"height":82,"caption":"MioMio Run"},"image":{"@id":"https:\/\/www.miomiorun.com\/de\/#\/schema\/logo\/image\/"},"sameAs":["https:\/\/www.facebook.com\/miomiorun\/","https:\/\/www.instagram.com\/miomiorun\/"]}]}},"_links":{"self":[{"href":"https:\/\/www.miomiorun.com\/de\/wp-json\/wp\/v2\/product\/173835","targetHints":{"allow":["GET"]}}],"collection":[{"href":"https:\/\/www.miomiorun.com\/de\/wp-json\/wp\/v2\/product"}],"about":[{"href":"https:\/\/www.miomiorun.com\/de\/wp-json\/wp\/v2\/types\/product"}],"wp:featuredmedia":[{"embeddable":true,"href":"https:\/\/www.miomiorun.com\/de\/wp-json\/wp\/v2\/media\/60573"}],"wp:attachment":[{"href":"https:\/\/www.miomiorun.com\/de\/wp-json\/wp\/v2\/media?parent=173835"}],"wp:term":[{"taxonomy":"product_brand","embeddable":true,"href":"https:\/\/www.miomiorun.com\/de\/wp-json\/wp\/v2\/product_brand?post=173835"},{"taxonomy":"product_cat","embeddable":true,"href":"https:\/\/www.miomiorun.com\/de\/wp-json\/wp\/v2\/product_cat?post=173835"},{"taxonomy":"product_tag","embeddable":true,"href":"https:\/\/www.miomiorun.com\/de\/wp-json\/wp\/v2\/product_tag?post=173835"}],"curies":[{"name":"wp","href":"https:\/\/api.w.org\/{rel}","templated":true}]}}